{"id":20144,"date":"2025-05-11T14:42:32","date_gmt":"2025-05-11T14:42:32","guid":{"rendered":"https:\/\/www.hydraulic-cylinders.net\/?post_type=product&#038;p=20144"},"modified":"2025-05-12T05:30:31","modified_gmt":"2025-05-12T05:30:31","slug":"power-pin-hydraulic-cylinders-for-crawler-crane","status":"publish","type":"product","link":"https:\/\/www.hydraulic-cylinders.net\/sl\/izdelek\/power-pin-hydraulic-cylinders-for-crawler-crane\/","title":{"rendered":"Hidravli\u010dni cilindri Power Pin za goseni\u010dni \u017eerjav"},"content":{"rendered":"<h1 style=\"text-align: center;\"><strong>Hidravli\u010dni cilindri Power Pin za goseni\u010dni \u017eerjav<\/strong><\/h1>\n<p><img loading=\"lazy\" decoding=\"async\" class=\"wp-image-20152 aligncenter\" src=\"https:\/\/www.hydraulic-cylinders.net\/wp-content\/uploads\/2025\/05\/pin-shaft-hydraulic-cylinders-for-crawler-crane-2-scaled.webp\" alt=\"\" width=\"500\" height=\"500\" \/><\/p>\n<p>Hidravli\u010dni cilindri z zati\u010dasto gredjo za goseni\u010dne \u017eerjave, ki jih ponosno izdeluje Ever-Power Huachang Hydraulic, predstavljajo vrhunec in\u017eenirske odli\u010dnosti kot robusten valj z zati\u010dasto gredjo, zasnovan posebej za stroge zahteve dvigovanja te\u017ekih bremen pri delovanju z goseni\u010dnimi \u017eerjavi. Ta hidravli\u010dni cilinder z zasnovo zati\u010daste gredi, ki je zdru\u017eljiv z vodilnimi modeli, zagotavlja neprimerljivo stabilnost in natan\u010dnost, zaradi \u010desar je idealen valj za goseni\u010dne \u017eerjave za gradbi\u0161\u010da, rudarske dejavnosti in velike industrijske projekte. Izdelan iz visoko trdnega legiranega jekla in naprednega protikorozijskega premaza, ta hidravli\u010dni cilinder za te\u017eka dela zagotavlja vzdr\u017eljivost in zanesljivost tudi v najte\u017ejih okoljih, kot so pra\u0161ni tereni, vla\u017ena obalna obmo\u010dja ali delovna mesta na visoki nadmorski vi\u0161ini. Ta hidravli\u010dni cilinder z zati\u010dasto gredjo za goseni\u010dne \u017eerjave vklju\u010duje edinstven mehanizem zati\u010daste gredi, ki optimizira porazdelitev obremenitve in pove\u010duje varnost med dvigovanjem, medtem ko njegove prilagodljive velikosti izvrtin (od 180 mm do 300 mm) in dol\u017eine hoda (od 1000 mm do 4000 mm) omogo\u010dajo prilagojeno delovanje za razli\u010dne operativne potrebe. Ta hidravli\u010dni cilinder z zati\u010dem za te\u017eka dela, ki ga podpira na\u0161 najsodobnej\u0161i proizvodni obrat in strogi standardi testiranja, je dokaz na\u0161e zavezanosti kakovosti in ponuja zanesljivo re\u0161itev za upravljavce, ki i\u0161\u010dejo cilinder goseni\u010dnih \u017eerjavov z mehanizmom zati\u010da za pove\u010danje u\u010dinkovitosti in zmanj\u0161anje izpadov.<\/p>\n<section id=\"specifications\">\n<h2><strong>Tehni\u010dne specifikacije:<\/strong><\/h2>\n<p><strong>Funkcija:<\/strong>\u00a0Nadzor gibanja okvirja roke<br \/>\n<strong>Premer valja:<\/strong>\u00a050 mm\u2013125 mm<br \/>\n<strong>Premer palice:<\/strong>\u00a025 mm\u201375 mm<br \/>\n<strong>Potovanje:<\/strong>\u00a0160 mm\u2013390 mm<br \/>\n<strong>Najve\u010dji tlak:<\/strong>\u00a025 MPa<br \/>\n<strong>Najve\u010dji potisk:<\/strong>\u00a0307 kN<\/p>\n<\/section>\n<section id=\"features\">\n<h2><strong>Klju\u010dne zna\u010dilnosti hidravli\u010dnih cilindrov z zati\u010dem za goseni\u010dni \u017eerjav:<\/strong><\/h2>\n<ul>\n<li><strong>Izbolj\u0161ana stabilnost zati\u010da:<\/strong>\u00a0Hidravli\u010dni cilindri z zati\u010dem za goseni\u010dni \u017eerjav imajo zasnovo cilindra z zati\u010dem, ki izbolj\u0161a porazdelitev obremenitve in zagotavlja stabilnost med dvigovanjem te\u017ekih bremen.<\/li>\n<li><strong>Odporna proti koroziji konstrukcija:<\/strong>\u00a0Ta hidravli\u010dni cilinder za te\u017eka dela, izdelan iz visoko trdnega legiranega jekla in ima protikorozijsko prevleko, je odporen na te\u017eka okolja, kot so pra\u0161na mesta in vla\u017eni pogoji.<\/li>\n<li><strong>Natan\u010dno ravnanje z obremenitvami:<\/strong>\u00a0Hidravli\u010dni cilinder z zasnovo z zati\u010dem omogo\u010da natan\u010den nadzor gibanja, zaradi \u010desar je zanesljiv cilinder goseni\u010dnih \u017eerjavov za zahtevna industrijska opravila.<\/li>\n<li><strong>Trajnost, ki zahteva minimalno vzdr\u017eevanje:<\/strong>\u00a0Z napredno tehnologijo tesnjenja ta hidravli\u010dni cilinder z zati\u010dem zmanj\u0161uje obrabo in s tem potrebe po vzdr\u017eevanju pri uporabi goseni\u010dnih \u017eerjavov.<\/li>\n<\/ul>\n<\/section>\n<section id=\"applications\">\n<h2><strong>Uporaba hidravli\u010dnih cilindrov z zati\u010dem za goseni\u010dni \u017eerjav:<\/strong><\/h2>\n<p><img loading=\"lazy\" decoding=\"async\" class=\"size-full wp-image-20167 aligncenter\" src=\"https:\/\/www.hydraulic-cylinders.net\/wp-content\/uploads\/2025\/05\/Power-Pin-Hydraulic-Cylinders-for-Crawler-Crane-application.webp\" alt=\"\" width=\"1643\" height=\"945\" srcset=\"https:\/\/www.hydraulic-cylinders.net\/wp-content\/uploads\/2025\/05\/Power-Pin-Hydraulic-Cylinders-for-Crawler-Crane-application.webp 1643w, https:\/\/www.hydraulic-cylinders.net\/wp-content\/uploads\/2025\/05\/Power-Pin-Hydraulic-Cylinders-for-Crawler-Crane-application-1280x736.webp 1280w, https:\/\/www.hydraulic-cylinders.net\/wp-content\/uploads\/2025\/05\/Power-Pin-Hydraulic-Cylinders-for-Crawler-Crane-application-980x564.webp 980w, https:\/\/www.hydraulic-cylinders.net\/wp-content\/uploads\/2025\/05\/Power-Pin-Hydraulic-Cylinders-for-Crawler-Crane-application-480x276.webp 480w\" sizes=\"(min-width: 0px) and (max-width: 480px) 480px, (min-width: 481px) and (max-width: 980px) 980px, (min-width: 981px) and (max-width: 1280px) 1280px, (min-width: 1281px) 1643px, 100vw\" \/><\/p>\n<ul>\n<li><strong>Gradbi\u0161\u010da:<\/strong>\u00a0Hidravli\u010dni cilinder z zati\u010dem za dvigovanje te\u017ekih bremen zagotavlja varno in stabilno dvigovanje jeklenih nosilcev in betonskih plo\u0161\u010d pri gradbenih projektih z uporabo cilindrov goseni\u010dnih \u017eerjavov.<\/li>\n<li><strong>Rudarske operacije:<\/strong>\u00a0Ta hidravli\u010dni cilinder z zasnovo gredi z zati\u010dem, zasnovan za rudarstvo, podpira u\u010dinkovito ravnanje z rudo in opremo na neravnem terenu.<\/li>\n<li><strong>Industrijsko dvigovanje te\u017ekih bremen:<\/strong>\u00a0Idealen za industrijska okolja, hidravli\u010dni cilinder z ro\u010dico za te\u017eka dela izbolj\u0161a zmogljivost v tovarnah in pri velikih projektih, ki zahtevajo natan\u010dno upravljanje \u017eerjava.<\/li>\n<\/ul>\n<\/section>\n<section id=\"explore-more\">\n<h2><strong>Razi\u0161\u010dite ve\u010d cilindrov za goseni\u010dne \u017eerjave:<\/strong><\/h2>\n<p>Ponujamo tudi vrsto drugih cilindrov za goseni\u010dne \u017eerjave, ki ustrezajo razli\u010dnim potrebam dvigovanja. Ne glede na to, ali potrebujete valj z zati\u010dem za dvigovanje te\u017ekih te\u017e ali zamenjavo cilindra za goseni\u010dni \u017eerjav, ima Ever-Power Huachang Hydraulic re\u0161itev. Oglejte si na\u0161o celotno ponudbo. <a href=\"https:\/\/www.hydraulic-cylinders.net\/sl\/mobile-crane-hydraulic-cylinders\/\">cilindri goseni\u010dnega \u017eerjava<\/a>.<\/p>\n<\/section>\n<h2 dir=\"auto\"><strong>Zakaj so hidravli\u010dni cilindri z zati\u010dem za goseni\u010dni \u017eerjav primerni za dvigovanje te\u017ekih te\u017e?<\/strong><\/h2>\n<p dir=\"auto\">Hidravli\u010dni cilindri z zati\u010dem za goseni\u010dni \u017eerjav so izjemno primerni za dvigovanje te\u017ekih bremen zaradi kombinacije naprednih in\u017eenirskih lastnosti in robustne izbire materialov, prilagojenih zahtevnim zahtevam delovanja goseni\u010dnih \u017eerjavov. V sredi\u0161\u010du svoje zasnove konfiguracija cilindra z zati\u010dem izbolj\u0161a porazdelitev obremenitve z zagotavljanjem stabilne vrti\u0161\u010dne to\u010dke, ki zmanj\u0161uje koncentracijo napetosti med dvigovanjem, s \u010dimer zagotavlja, da lahko hidravli\u010dni cilinder za goseni\u010dni \u017eerjav prenese znatne obremenitve \u2013 pogosto ve\u010d ton \u2013 brez ogro\u017eanja strukturne celovitosti. Ta hidravli\u010dni cilinder z zati\u010dem, z najve\u010djim delovnim tlakom 350 barov, kot je navedeno v tehni\u010dnih podrobnostih, zagotavlja potrebno silo za dvigovanje te\u017ekih materialov, kot so jekleni nosilci ali betonske plo\u0161\u010de pri gradbenih projektih, pa tudi rude in opreme pri rudarjenju.<\/p>\n<p dir=\"auto\">Uporaba visoko trdnega legiranega jekla v kombinaciji s protikorozijsko prevleko zagotavlja, da ta hidravli\u010dni cilinder za te\u017eke obremenitve prenese te\u017eke okoljske razmere, kot so pra\u0161na gradbi\u0161\u010da, vla\u017ena obalna obmo\u010dja ali industrijski projekti na visoki nadmorski vi\u0161ini, s \u010dimer ohranja dosledno delovanje in dolgo \u017eivljenjsko dobo. Poleg tega hidravli\u010dni cilinder z zasnovo gredi z zati\u010dem ponuja natan\u010den nadzor gibanja, kar zmanj\u0161uje tveganje za nihanje ali neporavnavo bremena med delovanjem \u017eerjava, kar je klju\u010dnega pomena za varnost in u\u010dinkovitost pri te\u017ekih dvigovalnih opravilih. Napredna tehnologija tesnjenja, integrirana v cilinder goseni\u010dnega \u017eerjava, zmanj\u0161uje notranje pu\u0161\u010danje in obrabo, kar pove\u010duje vzdr\u017eljivost in zmanj\u0161uje pogostost vzdr\u017eevanja, kar je klju\u010dni dejavnik za upravljavce, ki i\u0161\u010dejo zanesljiv cilinder goseni\u010dnega \u017eerjava z mehanizmom z zati\u010dem.<\/p>\n<p dir=\"auto\">Poleg tega prilagodljive velikosti izvrtin (od 180 mm do 300 mm) in dol\u017eine hoda (od 1000 mm do 4000 mm) omogo\u010dajo, da se hidravli\u010dni cilinder z ovinkovitim sornikom prilagodi specifi\u010dnim zahtevam dvigovanja, kar zagotavlja optimalno delovanje pri razli\u010dnih modelih goseni\u010dnih \u017eerjavov, kot sta Liebherr LR 1300 in Manitowoc 14000. Ta hidravli\u010dni cilinder z ovinkovitim sornikom za dvigovanje te\u017ekih bremen, ki ga podpirajo najsodobnej\u0161i proizvodni in strogi standardi testiranja podjetja Ever-Power Huachang Hydraulic, vklju\u010dno z ocenami u\u010dinkovitosti obremenitve in notranjega pu\u0161\u010danja, izstopa kot zanesljiva re\u0161itev za industrijsko uporabo, saj ponuja tako natan\u010dnost kot vzdr\u017eljivost za pove\u010danje operativne u\u010dinkovitosti in varnosti.<\/p>\n<section id=\"company-introduction\">\n<h2><strong>O podjetju Ever-Power Huachang Hydraulic:<\/strong><\/h2>\n<h2><img loading=\"lazy\" decoding=\"async\" class=\"alignnone size-full wp-image-16972\" src=\"https:\/\/www.hydraulic-cylinders.net\/wp-content\/uploads\/2025\/01\/hydraulic-cylinder-factory-1-scaled.webp\" alt=\"\" width=\"2016\" height=\"2560\" srcset=\"https:\/\/www.hydraulic-cylinders.net\/wp-content\/uploads\/2025\/01\/hydraulic-cylinder-factory-1-scaled.webp 2016w, https:\/\/www.hydraulic-cylinders.net\/wp-content\/uploads\/2025\/01\/hydraulic-cylinder-factory-1-1280x1625.webp 1280w, https:\/\/www.hydraulic-cylinders.net\/wp-content\/uploads\/2025\/01\/hydraulic-cylinder-factory-1-980x1244.webp 980w, https:\/\/www.hydraulic-cylinders.net\/wp-content\/uploads\/2025\/01\/hydraulic-cylinder-factory-1-480x610.webp 480w\" sizes=\"(min-width: 0px) and (max-width: 480px) 480px, (min-width: 481px) and (max-width: 980px) 980px, (min-width: 981px) and (max-width: 1280px) 1280px, (min-width: 1281px) 2016px, 100vw\" \/><\/h2>\n<p>Pona\u0161amo se z najsodobnej\u0161o neodvisno platformo za raziskave in razvoj, namenjeno monta\u017ei, ki zagotavlja vrhunske inovacije in kakovost v na\u0161ih proizvodnih procesih. Na\u0161a delavnica za proizvodnjo valjev za vili\u010darje ima \u0161tiri polavtomatske monta\u017ene linije za dvi\u017ene valje in popolnoma avtomatsko monta\u017eno linijo za nagibne valje, ki so skupaj zasnovane za proizvodnjo do milijona enot letno.<\/p>\n<p>Na\u0161a strojna delavnica ima stru\u017eilne centre za nagibne vodilne tirnice po meri, obdelovalne centre, visokohitrostne stroje za honanje, varilne robote in drugo bistveno opremo. Ta postavitev nam omogo\u010da obdelavo valjastih cevi z najve\u010djim notranjim premerom 400 mm in dol\u017eino do 6 metrov, kar \u0161e dodatno izbolj\u0161uje na\u0161e proizvodne zmogljivosti.<\/p>\n<p>Upravljamo popolnoma avtomatsko linijo za barvanje na vodni osnovi, posebej zasnovano za majhne in srednje velike jeklenke, z avtomatiziranimi roboti za nalaganje, razkladanje in brizganje. Ta najsodobnej\u0161i sistem se pona\u0161a s proizvodno zmogljivostjo 4000 enot na izmeno. Poleg tega imamo polavtomatsko linijo za barvanje velikih jeklenk, ki jo poganja veri\u017eni pogon, s projektno zmogljivostjo 60 zabojev na izmeno.<\/p>\n<h2><img loading=\"lazy\" decoding=\"async\" class=\"alignnone size-full wp-image-16973\" src=\"https:\/\/www.hydraulic-cylinders.net\/wp-content\/uploads\/2025\/01\/hydraulic-cylinder-factory-2-scaled.webp\" alt=\"\" width=\"2011\" height=\"2560\" srcset=\"https:\/\/www.hydraulic-cylinders.net\/wp-content\/uploads\/2025\/01\/hydraulic-cylinder-factory-2-scaled.webp 2011w, https:\/\/www.hydraulic-cylinders.net\/wp-content\/uploads\/2025\/01\/hydraulic-cylinder-factory-2-1280x1629.webp 1280w, https:\/\/www.hydraulic-cylinders.net\/wp-content\/uploads\/2025\/01\/hydraulic-cylinder-factory-2-980x1248.webp 980w, https:\/\/www.hydraulic-cylinders.net\/wp-content\/uploads\/2025\/01\/hydraulic-cylinder-factory-2-480x611.webp 480w\" sizes=\"(min-width: 0px) and (max-width: 480px) 480px, (min-width: 481px) and (max-width: 980px) 980px, (min-width: 981px) and (max-width: 1280px) 1280px, (min-width: 1281px) 2011px, 100vw\" \/><\/h2>\n<p>Da bi izbolj\u0161ali u\u010dinkovitost izdelkov in utrdili na\u0161o vodilno vlogo v industriji hidravli\u010dnih cilindrov, smo se povezali z ZJIMEE in ustanovili celovit laboratorij za merjenje u\u010dinkovitosti, namenjen hidravli\u010dnim cilindrom, ventilom in \u010drpalkam. Ta napredni laboratorij uporablja ra\u010dunalni\u0161ko podprto testiranje z elektrohidravli\u010dno tehnologijo, kar omogo\u010da vnaprej dolo\u010dene pogoje testiranja, ki izbolj\u0161ajo natan\u010dnost in vsestranskost sistema. Avtomatiziran postopek zbiranja podatkov uporablja senzorje za zbiranje izhodnih podatkov, kot so notranje pu\u0161\u010danje in izkoristek obremenitve, ki jih nato obdela ra\u010dunalnik in pretvori v standardne enote (ml\/min%).<\/p>\n<p>Hidravli\u010dni cilindri z zati\u010dem za goseni\u010dne \u017eerjave predstavljajo na\u0161o predanost kakovosti in zmogljivosti, zasnovani kot hidravli\u010dni cilindri za te\u017eka dela z goseni\u010dnimi \u017eerjavi, zlasti za modele Liebherr, Manitowoc in Kobelco. Na\u0161i izdelki, ki jim zaupajo veliki svetovni proizvajalci opreme, so si prislu\u017eili dober sloves zanesljivosti, podjetje Ever-Power Huachang Hydraulic pa je priznano kot vodilno podjetje v proizvodnji hidravli\u010dnih cilindrov.<\/p>\n<\/section>","protected":false},"excerpt":{"rendered":"<p>Power Pin Hydraulic Cylinders for Crawler Crane The Pin Shaft Hydraulic Cylinders for Crawler Crane, proudly crafted by Ever-Power Huachang Hydraulic, represent a pinnacle of engineering excellence as a robust pin shaft cylinder designed specifically for the rigorous demands of heavy lifting in crawler crane operations. Compatible with leading models , this hydraulic cylinder with [&hellip;]<\/p>","protected":false},"featured_media":20159,"comment_status":"open","ping_status":"closed","template":"","meta":{"_et_pb_use_builder":"","_et_pb_old_content":"","_et_gb_content_width":""},"product_brand":[],"product_cat":[1514],"product_tag":[],"class_list":{"0":"post-20144","1":"product","2":"type-product","3":"status-publish","4":"has-post-thumbnail","6":"product_cat-mobile-crane-hydraulic-cylinders","8":"first","9":"instock","10":"shipping-taxable","11":"product-type-simple"},"amp_enabled":true,"_links":{"self":[{"href":"https:\/\/www.hydraulic-cylinders.net\/sl\/wp-json\/wp\/v2\/product\/20144","targetHints":{"allow":["GET"]}}],"collection":[{"href":"https:\/\/www.hydraulic-cylinders.net\/sl\/wp-json\/wp\/v2\/product"}],"about":[{"href":"https:\/\/www.hydraulic-cylinders.net\/sl\/wp-json\/wp\/v2\/types\/product"}],"replies":[{"embeddable":true,"href":"https:\/\/www.hydraulic-cylinders.net\/sl\/wp-json\/wp\/v2\/comments?post=20144"}],"wp:featuredmedia":[{"embeddable":true,"href":"https:\/\/www.hydraulic-cylinders.net\/sl\/wp-json\/wp\/v2\/media\/20159"}],"wp:attachment":[{"href":"https:\/\/www.hydraulic-cylinders.net\/sl\/wp-json\/wp\/v2\/media?parent=20144"}],"wp:term":[{"taxonomy":"product_brand","embeddable":true,"href":"https:\/\/www.hydraulic-cylinders.net\/sl\/wp-json\/wp\/v2\/product_brand?post=20144"},{"taxonomy":"product_cat","embeddable":true,"href":"https:\/\/www.hydraulic-cylinders.net\/sl\/wp-json\/wp\/v2\/product_cat?post=20144"},{"taxonomy":"product_tag","embeddable":true,"href":"https:\/\/www.hydraulic-cylinders.net\/sl\/wp-json\/wp\/v2\/product_tag?post=20144"}],"curies":[{"name":"delovni list","href":"https:\/\/api.w.org\/{rel}","templated":true}]}}