{"id":20147,"date":"2025-05-11T15:08:25","date_gmt":"2025-05-11T15:08:25","guid":{"rendered":"https:\/\/www.hydraulic-cylinders.net\/?post_type=product&#038;p=20147"},"modified":"2025-05-12T05:30:55","modified_gmt":"2025-05-12T05:30:55","slug":"support-hydraulic-cylinders-for-crawler-crane-2","status":"publish","type":"product","link":"https:\/\/www.hydraulic-cylinders.net\/sl\/izdelek\/support-hydraulic-cylinders-for-crawler-crane-2\/","title":{"rendered":"Podporni hidravli\u010dni cilindri za goseni\u010dni \u017eerjav"},"content":{"rendered":"<h1 style=\"text-align: center;\"><strong>Podporni hidravli\u010dni cilindri za goseni\u010dni \u017eerjav<\/strong><\/h1>\n<p><img loading=\"lazy\" decoding=\"async\" class=\"wp-image-20155 aligncenter\" src=\"https:\/\/www.hydraulic-cylinders.net\/wp-content\/uploads\/2025\/05\/support-hydraulic-cylinders-for-crawler-crane.webp\" alt=\"\" width=\"500\" height=\"500\" srcset=\"https:\/\/www.hydraulic-cylinders.net\/wp-content\/uploads\/2025\/05\/support-hydraulic-cylinders-for-crawler-crane.webp 500w, https:\/\/www.hydraulic-cylinders.net\/wp-content\/uploads\/2025\/05\/support-hydraulic-cylinders-for-crawler-crane-480x480.webp 480w\" sizes=\"(min-width: 0px) and (max-width: 480px) 480px, (min-width: 481px) 500px, 100vw\" \/><\/p>\n<section id=\"introduction\">Podporni hidravli\u010dni cilindri za goseni\u010dni \u017eerjav, ki jih je strokovno izdelalo podjetje Ever-Power Huachang Hydraulic, so zasnovani tako, da zagotavljajo neprimerljivo stabilnost in podporo pri dvigovanju te\u017ekih bremen, zdru\u017eljivi pa so z modeli, kot so Liebherr LR 1300, Manitowoc 14000 in Kobelco CKE2500. Ta hidravli\u010dni cilinder za podporo goseni\u010dnemu \u017eerjavu izbolj\u0161a stabilnost \u0161asije \u017eerjava s pove\u010danjem razpona, kar zagotavlja varno in u\u010dinkovito dvigovanje v zahtevnih okoljih, kot so neravna gradbi\u0161\u010da, grobi rudarski tereni ali industrijski projekti na visoki nadmorski vi\u0161ini. Ta hidravli\u010dni cilinder za te\u017eke pogoje, izdelan iz visoko trdnega legiranega jekla in premaza, odpornega proti koroziji, prenese te\u017eke pogoje in hkrati zagotavlja zanesljivo delovanje. Z delovnim tlakom do 350 barov, prilagodljivimi velikostmi izvrtin (od 180 mm do 300 mm) in dol\u017einami hoda (od 1000 mm do 4000 mm) podporni cilinder za stabilnost goseni\u010dnega \u017eerjava izpolnjuje razli\u010dne operativne potrebe, zaradi \u010desar je nepogre\u0161ljiv cilinder za goseni\u010dni \u017eerjav za te\u017eke tovore v gradbeni\u0161tvu, rudarstvu in industrijskih aplikacijah. Ta podporni hidravli\u010dni cilinder, podprt z na\u0161imi naprednimi proizvodnimi in strogimi standardi testiranja, zagotavlja maksimalno delovanje in varnost.<\/section>\n<section id=\"specifications\">\n<h2><strong>Tehni\u010dne specifikacije:<\/strong><\/h2>\n<p><strong>Funkcija:<\/strong> Podporna funkcija<br \/>\n<strong>Premer valja:<\/strong> 100 mm\u2013300 mm<br \/>\n<strong>Premer palice:<\/strong> 80 mm\u2013220 mm<br \/>\n<strong>Potovanje:<\/strong> 700 mm\u2013800 mm<br \/>\n<strong>Najve\u010dji tlak:<\/strong> 31,5 MPa<br \/>\n<strong>Najve\u010dji potisk<\/strong>: 2226 kN<\/p>\n<\/section>\n<section id=\"features\">\n<h2><strong>Klju\u010dne zna\u010dilnosti podpornih hidravli\u010dnih cilindrov za goseni\u010dni \u017eerjav:<\/strong><\/h2>\n<ul>\n<li><strong>Izbolj\u0161ana stabilnost podvozja:<\/strong>\u00a0Podporni hidravli\u010dni cilindri za goseni\u010dni \u017eerjav imajo robustno zasnovo podpornega hidravli\u010dnega cilindra, ki pove\u010da razpon \u0161asije in zagotavlja stabilnost, podporni cilinder goseni\u010dnega \u017eerjava pa zagotavlja stabilnost med dvigovanjem te\u017ekih bremen.<\/li>\n<li><strong>Trpe\u017ena konstrukcija:<\/strong>\u00a0Ta hidravli\u010dni cilinder za te\u017eke obremenitve, izdelan iz visoko trdnega legiranega jekla in prevle\u010den proti koroziji, je odporen na zahtevna okolja in zagotavlja dolgotrajno delovanje pri uporabi goseni\u010dnih \u017eerjavov.<\/li>\n<li><strong>Zanesljiva podpora obremenitvi:<\/strong>\u00a0Ta hidravli\u010dni cilinder za podporo goseni\u010dnih \u017eerjavov, zasnovan za dvigovanje te\u017ekih bremen, zagotavlja varno dvigovanje, zaradi \u010desar je zanesljiv cilinder goseni\u010dnih \u017eerjavov za te\u017eka bremena pri zahtevnih nalogah.<\/li>\n<li><strong>Zasnova z nizkimi stro\u0161ki vzdr\u017eevanja:<\/strong>\u00a0Ta hidravli\u010dni cilinder za te\u017eka bremena, opremljen z napredno tehnologijo tesnjenja, zmanj\u0161uje obrabo, stro\u0161ke vzdr\u017eevanja in izpade pri delovanju goseni\u010dnih \u017eerjavov.<\/li>\n<\/ul>\n<\/section>\n<section id=\"applications\">\n<h2><strong>Uporaba podpornih hidravli\u010dnih cilindrov za goseni\u010dni \u017eerjav:<\/strong><\/h2>\n<p><img loading=\"lazy\" decoding=\"async\" class=\"size-full wp-image-20169 aligncenter\" src=\"https:\/\/www.hydraulic-cylinders.net\/wp-content\/uploads\/2025\/05\/support-hydraulic-cylinder-for-crawler-crane-application.webp\" alt=\"\" width=\"1631\" height=\"931\" srcset=\"https:\/\/www.hydraulic-cylinders.net\/wp-content\/uploads\/2025\/05\/support-hydraulic-cylinder-for-crawler-crane-application.webp 1631w, https:\/\/www.hydraulic-cylinders.net\/wp-content\/uploads\/2025\/05\/support-hydraulic-cylinder-for-crawler-crane-application-1280x731.webp 1280w, https:\/\/www.hydraulic-cylinders.net\/wp-content\/uploads\/2025\/05\/support-hydraulic-cylinder-for-crawler-crane-application-980x559.webp 980w, https:\/\/www.hydraulic-cylinders.net\/wp-content\/uploads\/2025\/05\/support-hydraulic-cylinder-for-crawler-crane-application-480x274.webp 480w\" sizes=\"(min-width: 0px) and (max-width: 480px) 480px, (min-width: 481px) and (max-width: 980px) 980px, (min-width: 981px) and (max-width: 1280px) 1280px, (min-width: 1281px) 1631px, 100vw\" \/><\/p>\n<ul>\n<li><strong>Gradbeni projekti:<\/strong>\u00a0Podporni hidravli\u010dni cilinder zagotavlja stabilno dvigovanje te\u017ekih materialov, kot so jekleni nosilci in betonske plo\u0161\u010de v gradbeni\u0161tvu, pri \u010demer ga za stabilnost podpira podporni cilinder goseni\u010dnega \u017eerjava.<\/li>\n<li><strong>Rudarske operacije:<\/strong>\u00a0Ta hidravli\u010dni cilinder za podporo goseni\u010dnih \u017eerjavov, zasnovan za rudarstvo, ohranja stabilnost pri ravnanju s te\u017ekimi bremeni, kot je ruda, kar \u0161e izbolj\u0161a cilinder goseni\u010dnih \u017eerjavov za te\u017eke tovore.<\/li>\n<li><strong>Industrijsko dvigovanje te\u017ekih bremen:<\/strong>\u00a0Idealen za industrijska okolja, hidravli\u010dni cilinder za te\u017eka bremena zagotavlja zanesljivo podporo obremenitve v tovarnah in velikih projektih, ki zahtevajo delovanje goseni\u010dnih \u017eerjavov.<\/li>\n<\/ul>\n<h2 dir=\"auto\"><strong>Kako podporni hidravli\u010dni cilindri za goseni\u010dni \u017eerjav izbolj\u0161ajo stabilnost \u017eerjava?<\/strong><\/h2>\n<p dir=\"auto\">Podporni hidravli\u010dni cilindri za goseni\u010dni \u017eerjav izbolj\u0161ujejo stabilnost \u017eerjava s kombinacijo inovativne zasnove in robustne konstrukcije, zaradi \u010desar so nepogre\u0161ljiv sestavni del za varno in u\u010dinkovito dvigovanje te\u017ekih bremen. Ti podporni hidravli\u010dni cilindri so posebej zasnovani za pove\u010danje razpona \u0161asije goseni\u010dnega \u017eerjava in u\u010dinkovito raz\u0161iritev podlage med dvigovanjem.<\/p>\n<p dir=\"auto\">Ta raz\u0161irjena povr\u0161ina, ki jo zagotavlja podporni valj goseni\u010dnega \u017eerjava za stabilnost, znatno zmanj\u0161a tveganje prevra\u010danja ali nagibanja, zlasti pri delovanju na neravnih terenih, mehkih tleh ali v pogojih mo\u010dnega vetra, ki se pogosto pojavljajo na gradbi\u0161\u010dih, rudnikih in industrijskih projektih. Ta hidravli\u010dni valj za te\u017eka dela, izdelan iz visoko trdnega legiranega jekla s premazom, odpornim proti koroziji, ohranja strukturno celovitost in zanesljivost v ekstremnih okoljskih obremenitvah, kot so pra\u0161na atmosfera ali vla\u017ena obalna obmo\u010dja, kar zagotavlja dosledno stabilnost pri dolgotrajni uporabi. Z najve\u010djim delovnim tlakom 350 barov in prilagodljivimi velikostmi izvrtin (od 180 mm do 300 mm) in dol\u017einami hoda (od 1000 mm do 4000 mm) se hidravli\u010dni valj za podporo goseni\u010dnega \u017eerjava prilagaja razli\u010dnim obremenitvam in terenskim izzivom, kar zagotavlja natan\u010den nadzor in izbolj\u0161ano nosilnost kot valj goseni\u010dnega \u017eerjava za te\u017eke tovore. Napredna tehnologija tesnjenja, integrirana v zasnovo, zmanj\u0161uje pu\u0161\u010danje in obrabo hidravli\u010dne teko\u010dine, prepre\u010duje obratovalne okvare, ki bi lahko ogrozile stabilnost, hkrati pa zmanj\u0161uje potrebe po vzdr\u017eevanju za zagotavljanje nemotenega delovanja.<\/p>\n<p dir=\"auto\">Ti cilindri so zdru\u017eljivi z vodilnimi modeli, kot so Liebherr LR 1300, Manitowoc 14000 in Kobelco CKE2500, in so bili v laboratoriju Ever-Power Huachang Hydraulic strogo preizku\u0161eni glede u\u010dinkovitosti obremenitve in notranjega pu\u0161\u010danja, v skladu z nacionalnimi varnostnimi standardi. Z enakomerno porazdelitvijo te\u017ee in vzdr\u017eevanjem varnih temeljev ta hidravli\u010dni cilinder za podporne nosilce ne le izbolj\u0161a stabilnost \u017eerjava, temve\u010d tudi za\u0161\u010diti upravljavce in opremo, zaradi \u010desar je zanesljiva re\u0161itev za zahtevne aplikacije goseni\u010dnih \u017eerjavov, kjer sta varnost in u\u010dinkovitost najpomembnej\u0161i.<\/p>\n<\/section>\n<section id=\"explore-more\">\n<h2><strong>Razi\u0161\u010dite ve\u010d cilindrov za goseni\u010dne \u017eerjave:<\/strong><\/h2>\n<p>Ponujamo tudi vrsto drugih cilindrov za goseni\u010dne \u017eerjave, ki ustrezajo razli\u010dnim potrebam dvigovanja. Ne glede na to, ali potrebujete hidravli\u010dni cilinder za podporo goseni\u010dnemu \u017eerjavu ali re\u0161itev za stabilnost za te\u017eka dela, ima Ever-Power Huachang Hydraulic re\u0161itev. Oglejte si na\u0161o celotno ponudbo. <a href=\"https:\/\/www.hydraulic-cylinders.net\/sl\/mobile-crane-hydraulic-cylinders\/\">cilindri goseni\u010dnega \u017eerjava<\/a>.<\/p>\n<\/section>\n<section id=\"company-introduction\">\n<h2><strong>O podjetju Ever-Power Huachang Hydraulic:<\/strong><\/h2>\n<h2><img loading=\"lazy\" decoding=\"async\" class=\"alignnone size-full wp-image-16972\" src=\"https:\/\/www.hydraulic-cylinders.net\/wp-content\/uploads\/2025\/01\/hydraulic-cylinder-factory-1-scaled.webp\" alt=\"\" width=\"2016\" height=\"2560\" srcset=\"https:\/\/www.hydraulic-cylinders.net\/wp-content\/uploads\/2025\/01\/hydraulic-cylinder-factory-1-scaled.webp 2016w, https:\/\/www.hydraulic-cylinders.net\/wp-content\/uploads\/2025\/01\/hydraulic-cylinder-factory-1-1280x1625.webp 1280w, https:\/\/www.hydraulic-cylinders.net\/wp-content\/uploads\/2025\/01\/hydraulic-cylinder-factory-1-980x1244.webp 980w, https:\/\/www.hydraulic-cylinders.net\/wp-content\/uploads\/2025\/01\/hydraulic-cylinder-factory-1-480x610.webp 480w\" sizes=\"(min-width: 0px) and (max-width: 480px) 480px, (min-width: 481px) and (max-width: 980px) 980px, (min-width: 981px) and (max-width: 1280px) 1280px, (min-width: 1281px) 2016px, 100vw\" \/><\/h2>\n<p>Pona\u0161amo se z najsodobnej\u0161o neodvisno platformo za raziskave in razvoj, namenjeno monta\u017ei, ki zagotavlja vrhunske inovacije in kakovost v na\u0161ih proizvodnih procesih. Na\u0161a delavnica za proizvodnjo valjev za vili\u010darje ima \u0161tiri polavtomatske monta\u017ene linije za dvi\u017ene valje in popolnoma avtomatsko monta\u017eno linijo za nagibne valje, ki so skupaj zasnovane za proizvodnjo do milijona enot letno.<\/p>\n<p>Upravljamo popolnoma avtomatsko linijo za barvanje na vodni osnovi, posebej zasnovano za majhne in srednje velike jeklenke, z avtomatiziranimi roboti za nalaganje, razkladanje in brizganje. Ta najsodobnej\u0161i sistem se pona\u0161a s proizvodno zmogljivostjo 4000 enot na izmeno. Poleg tega imamo polavtomatsko linijo za barvanje velikih jeklenk, ki jo poganja veri\u017eni pogon, s projektno zmogljivostjo 60 zabojev na izmeno.<\/p>\n<h2><img loading=\"lazy\" decoding=\"async\" class=\"alignnone size-full wp-image-16973\" src=\"https:\/\/www.hydraulic-cylinders.net\/wp-content\/uploads\/2025\/01\/hydraulic-cylinder-factory-2-scaled.webp\" alt=\"\" width=\"2011\" height=\"2560\" srcset=\"https:\/\/www.hydraulic-cylinders.net\/wp-content\/uploads\/2025\/01\/hydraulic-cylinder-factory-2-scaled.webp 2011w, https:\/\/www.hydraulic-cylinders.net\/wp-content\/uploads\/2025\/01\/hydraulic-cylinder-factory-2-1280x1629.webp 1280w, https:\/\/www.hydraulic-cylinders.net\/wp-content\/uploads\/2025\/01\/hydraulic-cylinder-factory-2-980x1248.webp 980w, https:\/\/www.hydraulic-cylinders.net\/wp-content\/uploads\/2025\/01\/hydraulic-cylinder-factory-2-480x611.webp 480w\" sizes=\"(min-width: 0px) and (max-width: 480px) 480px, (min-width: 481px) and (max-width: 980px) 980px, (min-width: 981px) and (max-width: 1280px) 1280px, (min-width: 1281px) 2011px, 100vw\" \/><\/h2>\n<p>Da bi izbolj\u0161ali u\u010dinkovitost izdelkov in utrdili na\u0161o vodilno vlogo v industriji hidravli\u010dnih cilindrov, smo se povezali z ZJIMEE in ustanovili celovit laboratorij za merjenje u\u010dinkovitosti, namenjen hidravli\u010dnim cilindrom, ventilom in \u010drpalkam. Ta napredni laboratorij uporablja ra\u010dunalni\u0161ko podprto testiranje z elektrohidravli\u010dno tehnologijo, kar omogo\u010da vnaprej dolo\u010dene pogoje testiranja, ki izbolj\u0161ajo natan\u010dnost in vsestranskost sistema. Avtomatiziran postopek zbiranja podatkov uporablja senzorje za zbiranje izhodnih podatkov, kot so notranje pu\u0161\u010danje in izkoristek obremenitve, ki jih nato obdela ra\u010dunalnik in pretvori v standardne enote (ml\/min%).<\/p>\n<p>Podporni hidravli\u010dni cilindri za goseni\u010dne \u017eerjave predstavljajo na\u0161o predanost kakovosti in zmogljivosti, zasnovani kot hidravli\u010dni cilindri za podporo goseni\u010dnih \u017eerjavov, zlasti za modele Liebherr, Manitowoc in Kobelco. Na\u0161i izdelki, ki jim zaupajo veliki svetovni proizvajalci opreme, so si prislu\u017eili dober sloves zanesljivosti, podjetje Ever-Power Huachang Hydraulic pa je priznano kot vodilno podjetje v proizvodnji hidravli\u010dnih cilindrov.<\/p>\n<\/section>","protected":false},"excerpt":{"rendered":"<p>Support Hydraulic Cylinders for Crawler Crane The Support Hydraulic Cylinders for Crawler Crane, expertly crafted by Ever-Power Huachang Hydraulic, are engineered to provide unparalleled stability and support for heavy lifting operations, compatible with models like Liebherr LR 1300, Manitowoc 14000, and Kobelco CKE2500. This hydraulic cylinder for crawler crane support enhances crane chassis stability by [&hellip;]<\/p>","protected":false},"featured_media":20163,"comment_status":"open","ping_status":"closed","template":"","meta":{"_et_pb_use_builder":"","_et_pb_old_content":"","_et_gb_content_width":""},"product_brand":[],"product_cat":[1514],"product_tag":[],"class_list":{"0":"post-20147","1":"product","2":"type-product","3":"status-publish","4":"has-post-thumbnail","6":"product_cat-mobile-crane-hydraulic-cylinders","8":"first","9":"instock","10":"shipping-taxable","11":"product-type-simple"},"amp_enabled":true,"_links":{"self":[{"href":"https:\/\/www.hydraulic-cylinders.net\/sl\/wp-json\/wp\/v2\/product\/20147","targetHints":{"allow":["GET"]}}],"collection":[{"href":"https:\/\/www.hydraulic-cylinders.net\/sl\/wp-json\/wp\/v2\/product"}],"about":[{"href":"https:\/\/www.hydraulic-cylinders.net\/sl\/wp-json\/wp\/v2\/types\/product"}],"replies":[{"embeddable":true,"href":"https:\/\/www.hydraulic-cylinders.net\/sl\/wp-json\/wp\/v2\/comments?post=20147"}],"wp:featuredmedia":[{"embeddable":true,"href":"https:\/\/www.hydraulic-cylinders.net\/sl\/wp-json\/wp\/v2\/media\/20163"}],"wp:attachment":[{"href":"https:\/\/www.hydraulic-cylinders.net\/sl\/wp-json\/wp\/v2\/media?parent=20147"}],"wp:term":[{"taxonomy":"product_brand","embeddable":true,"href":"https:\/\/www.hydraulic-cylinders.net\/sl\/wp-json\/wp\/v2\/product_brand?post=20147"},{"taxonomy":"product_cat","embeddable":true,"href":"https:\/\/www.hydraulic-cylinders.net\/sl\/wp-json\/wp\/v2\/product_cat?post=20147"},{"taxonomy":"product_tag","embeddable":true,"href":"https:\/\/www.hydraulic-cylinders.net\/sl\/wp-json\/wp\/v2\/product_tag?post=20147"}],"curies":[{"name":"delovni list","href":"https:\/\/api.w.org\/{rel}","templated":true}]}}