{"id":20148,"date":"2025-05-11T15:14:28","date_gmt":"2025-05-11T15:14:28","guid":{"rendered":"https:\/\/www.hydraulic-cylinders.net\/?post_type=product&#038;p=20148"},"modified":"2025-05-11T15:20:33","modified_gmt":"2025-05-11T15:20:33","slug":"lift-hydraulic-cylinders-for-crawler-crane","status":"publish","type":"product","link":"https:\/\/www.hydraulic-cylinders.net\/sl\/izdelek\/lift-hydraulic-cylinders-for-crawler-crane\/","title":{"rendered":"Dvigalni hidravli\u010dni cilindri za goseni\u010dni \u017eerjav"},"content":{"rendered":"<h1 style=\"text-align: center;\"><strong>Dvigalni hidravli\u010dni cilindri za goseni\u010dni \u017eerjav<\/strong><\/h1>\n<p><img loading=\"lazy\" decoding=\"async\" class=\"wp-image-20151 aligncenter\" src=\"https:\/\/www.hydraulic-cylinders.net\/wp-content\/uploads\/2025\/05\/lift-hydraulic-cylinders-for-crawler-crane.webp\" alt=\"\" width=\"500\" height=\"500\" srcset=\"https:\/\/www.hydraulic-cylinders.net\/wp-content\/uploads\/2025\/05\/lift-hydraulic-cylinders-for-crawler-crane.webp 500w, https:\/\/www.hydraulic-cylinders.net\/wp-content\/uploads\/2025\/05\/lift-hydraulic-cylinders-for-crawler-crane-480x480.webp 480w\" sizes=\"(min-width: 0px) and (max-width: 480px) 480px, (min-width: 481px) 500px, 100vw\" \/><\/p>\n<section id=\"introduction\">Hidravli\u010dni cilindri za dvigovanje goseni\u010dnih \u017eerjavov, ki jih je skrbno zasnovalo podjetje Ever-Power Huachang Hydraulic, so zasnovani za izjemno dvi\u017eno mo\u010d in natan\u010dnost pri delovanju goseni\u010dnih \u017eerjavov, zdru\u017eljivi pa so z modeli, kot so Liebherr LR 1300, Manitowoc 14000 in Kobelco CKE2500. Ta hidravli\u010dni cilinder za roko goseni\u010dnih \u017eerjavov zagotavlja nemoteno in nadzorovano dvigovanje te\u017ekih bremen, zaradi \u010desar je idealen dvi\u017eni cilinder za goseni\u010dne \u017eerjave za dvigovanje te\u017ekih bremen v zahtevnih okoljih, kot so gradbi\u0161\u010da, rudniki in industrijski projekti. Ta hidravli\u010dni cilinder za te\u017eka dela, izdelan iz visoko trdnega legiranega jekla in premaza, odpornega proti koroziji, prenese te\u017eke pogoje, kot so pra\u0161ni tereni ali vla\u017ena obalna obmo\u010dja, hkrati pa ohranja zanesljivo delovanje. Z najve\u010djim delovnim tlakom 350 barov, prilagodljivimi velikostmi izvrtin (od 180 mm do 300 mm) in dol\u017einami hoda (od 1000 mm do 4000 mm) cilinder za goseni\u010dne \u017eerjave za natan\u010dno dvigovanje izpolnjuje razli\u010dne operativne zahteve ter zagotavlja varnost in u\u010dinkovitost. Ta hidravli\u010dni cilinder za dvigovanje, ki ga podpirajo na\u0161i napredni proizvodni in strogi standardi testiranja, zagotavlja vzdr\u017eljivost in minimalen \u010das izpada.<\/section>\n<section id=\"specifications\">\n<h2><strong>Tehni\u010dne specifikacije:<\/strong><\/h2>\n<p><strong>Funkcija:<\/strong> Nadzorujte gibanje glavne roke<br \/>\n<strong>Premer valja:<\/strong> 280 mm -400 mm<br \/>\n<strong>Premer palice:<\/strong> 160 mm<br \/>\n<strong>Potovanje:<\/strong> 1800 mm\u20133000 mm<br \/>\n<strong>Najve\u010dji tlak:<\/strong> 31,5 MPa<br \/>\n<strong>Najve\u010dji potisk:<\/strong> 3958KN<\/p>\n<\/section>\n<section id=\"features\">\n<h2><strong>Klju\u010dne zna\u010dilnosti dvi\u017enih hidravli\u010dnih cilindrov za goseni\u010dni \u017eerjav:<\/strong><\/h2>\n<ul>\n<li><strong>Zmogljiva dvi\u017ena zmogljivost:<\/strong>\u00a0Hidravli\u010dni cilindri za dvigovanje goseni\u010dnih \u017eerjavov imajo robustno zasnovo hidravli\u010dnega cilindra, ki podpira te\u017eke obremenitve, zaradi \u010desar so zanesljivi dvi\u017eni cilindri za goseni\u010dne \u017eerjave za dvigovanje te\u017ekih bremen v zahtevnih operacijah.<\/li>\n<li><strong>Trpe\u017ena konstrukcija:<\/strong>\u00a0Ta hidravli\u010dni cilinder z visokimi obremenitvami, izdelan iz visoko trdnega legiranega jekla in prevleke, odporne proti koroziji, zagotavlja dolgotrajno delovanje v zahtevnih okoljih za uporabo pri goseni\u010dnih \u017eerjavih.<\/li>\n<li><strong>Natan\u010den nadzor obremenitve:<\/strong>\u00a0Hidravli\u010dni cilinder za roko goseni\u010dne \u017eerjavne naprave zagotavlja natan\u010den nadzor dvigovanja, kar pove\u010duje varnost in u\u010dinkovitost, saj je cilinder goseni\u010dne \u017eerjavne naprave primeren za natan\u010dno dvigovanje pri industrijskih opravilih.<\/li>\n<li><strong>Zasnova z nizkimi stro\u0161ki vzdr\u017eevanja:<\/strong>\u00a0Ta hidravli\u010dni cilinder za dvigovanje te\u017ekih delov, opremljen z napredno tehnologijo tesnjenja, zmanj\u0161uje obrabo, stro\u0161ke vzdr\u017eevanja in izpade pri delovanju goseni\u010dnih \u017eerjavov.<\/li>\n<\/ul>\n<\/section>\n<section id=\"applications\">\n<h2><strong>Uporaba dvi\u017enih hidravli\u010dnih cilindrov za goseni\u010dni \u017eerjav:<img loading=\"lazy\" decoding=\"async\" class=\"size-full wp-image-20169 aligncenter\" src=\"https:\/\/www.hydraulic-cylinders.net\/wp-content\/uploads\/2025\/05\/support-hydraulic-cylinder-for-crawler-crane-application.webp\" alt=\"\" width=\"1631\" height=\"931\" srcset=\"https:\/\/www.hydraulic-cylinders.net\/wp-content\/uploads\/2025\/05\/support-hydraulic-cylinder-for-crawler-crane-application.webp 1631w, https:\/\/www.hydraulic-cylinders.net\/wp-content\/uploads\/2025\/05\/support-hydraulic-cylinder-for-crawler-crane-application-1280x731.webp 1280w, https:\/\/www.hydraulic-cylinders.net\/wp-content\/uploads\/2025\/05\/support-hydraulic-cylinder-for-crawler-crane-application-980x559.webp 980w, https:\/\/www.hydraulic-cylinders.net\/wp-content\/uploads\/2025\/05\/support-hydraulic-cylinder-for-crawler-crane-application-480x274.webp 480w\" sizes=\"(min-width: 0px) and (max-width: 480px) 480px, (min-width: 481px) and (max-width: 980px) 980px, (min-width: 981px) and (max-width: 1280px) 1280px, (min-width: 1281px) 1631px, 100vw\" \/><\/strong><\/h2>\n<ul>\n<li><strong>Gradbeni projekti:<\/strong>\u00a0Dvi\u017eni hidravli\u010dni cilinder zagotavlja natan\u010dno dvigovanje te\u017ekih materialov, kot so jekleni nosilci in betonske plo\u0161\u010de v gradbeni\u0161tvu, pri \u010demer ga podpira dvi\u017eni cilinder goseni\u010dnega \u017eerjava za dvigovanje te\u017ekih bremen.<\/li>\n<li><strong>Rudarske operacije:<\/strong>\u00a0Ta hidravli\u010dni cilinder za roko goseni\u010dne \u017eerjave, zasnovan za rudarstvo, ohranja natan\u010dnost pri dvigovanju te\u017ekih bremen, kot je ruda, kar je izbolj\u0161ano s cilindrom goseni\u010dne \u017eerjave za natan\u010dno dvigovanje.<\/li>\n<li><strong>Industrijsko dvigovanje te\u017ekih bremen:<\/strong>\u00a0Hidravli\u010dni cilinder za dvigovanje te\u017ekih bremen je idealen za industrijska okolja in zagotavlja zanesljivo dvigovanje bremena v tovarnah in velikih projektih, ki zahtevajo delovanje goseni\u010dnih \u017eerjavov.<\/li>\n<\/ul>\n<\/section>\n<section id=\"explore-more\">\n<h2><strong>Razi\u0161\u010dite ve\u010d cilindrov za goseni\u010dne \u017eerjave:<\/strong><\/h2>\n<p>Ponujamo tudi vrsto drugih cilindrov za goseni\u010dne \u017eerjave, ki ustrezajo razli\u010dnim potrebam dvigovanja. Ne glede na to, ali potrebujete hidravli\u010dni cilinder za roko goseni\u010dne \u017eerjave ali re\u0161itev za natan\u010dno dvigovanje za te\u017eka dela, ima Ever-Power Huachang Hydraulic re\u0161itev. Oglejte si na\u0161o celotno ponudbo. <a href=\"https:\/\/www.hydraulic-cylinders.net\/sl\/mobile-crane-hydraulic-cylinders\/\">cilindri goseni\u010dnega \u017eerjava<\/a>.<\/p>\n<h2 dir=\"auto\"><strong>Kako dvi\u017eni hidravli\u010dni cilindri za goseni\u010dni \u017eerjav izbolj\u0161ajo u\u010dinkovitost dvigovanja?<\/strong><\/h2>\n<p dir=\"auto\">Hidravli\u010dni cilindri za dvigovanje goseni\u010dnih \u017eerjavov izbolj\u0161ujejo u\u010dinkovitost dvigovanja s kombinacijo naprednih oblikovnih zna\u010dilnosti in robustne in\u017eeniringa, prilagojenega za visokozmogljive dvi\u017ene operacije. Ti hidravli\u010dni cilindri za dvigovanje so zasnovani za natan\u010dno in mo\u010dno dvigovanje, kar omogo\u010da hidravli\u010dnemu cilindru za roko goseni\u010dnih \u017eerjavov, da obvladuje te\u017eke tovore \u2013 kot so jekleni nosilci, betonske plo\u0161\u010de ali rudarska ruda \u2013 z minimalno izgubo energije, kar je klju\u010dnega pomena za pove\u010danje produktivnosti v gradbeni\u0161tvu, rudarstvu in industrijskih okoljih.<\/p>\n<p dir=\"auto\">Dvi\u017eni cilinder za goseni\u010dni \u017eerjav za dvigovanje te\u017ekih bremen je izdelan iz visoko trdnega legiranega jekla s premazom, odpornim proti koroziji, kar zagotavlja vzdr\u017eljivost in dosledno delovanje tudi v zahtevnih okoljih, kot so pra\u0161ni tereni ali vla\u017ena obalna obmo\u010dja, s \u010dimer se zmanj\u0161a \u010das izpada zaradi vzdr\u017eevanja ali obrabe. Z najve\u010djim delovnim tlakom 350 barov in mo\u017enostmi prilagajanja, vklju\u010dno z velikostmi izvrtin (od 180 mm do 300 mm) in dol\u017einami hoda (od 1000 mm do 4000 mm), se ta hidravli\u010dni cilinder za te\u017eka dela prilagaja specifi\u010dnim zahtevam dvigovanja, optimizira uporabo sile in skraj\u0161a \u010dase cikla cilindra goseni\u010dne \u017eerjava za natan\u010dno dvigovanje. Integracija napredne tehnologije tesnjenja zmanj\u0161uje notranje pu\u0161\u010danje in trenje, kar dodatno pove\u010duje u\u010dinkovitost z ohranjanjem celovitosti hidravli\u010dne teko\u010dine in nemotenega delovanja v razli\u010dnih pogojih.<\/p>\n<p dir=\"auto\">Ti cilindri, ki so zdru\u017eljivi z modeli, kot so Liebherr LR 1300, Manitowoc 14000 in Kobelco CKE2500, so v laboratoriju Ever-Power Huachang Hydraulic strogo preizku\u0161eni glede u\u010dinkovitosti dvigovanja in notranjega pu\u0161\u010danja, kar zagotavlja vrhunsko obratovalno zmogljivost. Poleg tega natan\u010den nadzor hidravli\u010dnega cilindra za dvigovanje za te\u017eka bremena zmanj\u0161uje prekomerno raztezanje ali nihanje bremena, kar upravljavcem omogo\u010da hitrej\u0161e in varnej\u0161e dvigovanje, medtem ko njegova zasnova z nizkimi vzdr\u017eevalnimi potrebami \u2013 podprta s trpe\u017enimi materiali in tesnili \u2013 zagotavlja dolgo \u017eivljenjsko dobo in nemoten potek dela. Zaradi te sinergije mo\u010di, natan\u010dnosti in zanesljivosti so hidravli\u010dni cilindri za dvigovanje za goseni\u010dne \u017eerjave odli\u010dna izbira za pove\u010danje u\u010dinkovitosti dvigovanja v zahtevnih aplikacijah.<\/p>\n<\/section>\n<section id=\"company-introduction\">\n<h2><strong>O podjetju Ever-Power Huachang Hydraulic:<\/strong><\/h2>\n<h2><img loading=\"lazy\" decoding=\"async\" class=\"alignnone size-full wp-image-16972\" src=\"https:\/\/www.hydraulic-cylinders.net\/wp-content\/uploads\/2025\/01\/hydraulic-cylinder-factory-1-scaled.webp\" alt=\"\" width=\"2016\" height=\"2560\" srcset=\"https:\/\/www.hydraulic-cylinders.net\/wp-content\/uploads\/2025\/01\/hydraulic-cylinder-factory-1-scaled.webp 2016w, https:\/\/www.hydraulic-cylinders.net\/wp-content\/uploads\/2025\/01\/hydraulic-cylinder-factory-1-1280x1625.webp 1280w, https:\/\/www.hydraulic-cylinders.net\/wp-content\/uploads\/2025\/01\/hydraulic-cylinder-factory-1-980x1244.webp 980w, https:\/\/www.hydraulic-cylinders.net\/wp-content\/uploads\/2025\/01\/hydraulic-cylinder-factory-1-480x610.webp 480w\" sizes=\"(min-width: 0px) and (max-width: 480px) 480px, (min-width: 481px) and (max-width: 980px) 980px, (min-width: 981px) and (max-width: 1280px) 1280px, (min-width: 1281px) 2016px, 100vw\" \/><\/h2>\n<p>Pona\u0161amo se z najsodobnej\u0161o neodvisno platformo za raziskave in razvoj, namenjeno monta\u017ei, ki zagotavlja vrhunske inovacije in kakovost v na\u0161ih proizvodnih procesih. Na\u0161a delavnica za proizvodnjo valjev za vili\u010darje ima \u0161tiri polavtomatske monta\u017ene linije za dvi\u017ene valje in popolnoma avtomatsko monta\u017eno linijo za nagibne valje, ki so skupaj zasnovane za proizvodnjo do milijona enot letno.<\/p>\n<p>Poleg tega je na\u0161a specializirana delavnica za cilindre opremljena s polavtomatskimi sistemi za \u010di\u0161\u010denje in monta\u017eo, prilagojenimi razli\u010dnim specifikacijam, z letno proizvodno zmogljivostjo 200.000 kosov. Uporabljamo priznano CNC opremo, obdelovalne centre in specializirana orodja za visoko precizno obdelavo hidravli\u010dnih cilindrov. Na\u0161 obrat vklju\u010duje tudi napredne robotske varilne stroje, avtomatske sisteme za \u010di\u0161\u010denje in popolnoma avtomatizirane linije za monta\u017eo in barvanje cilindrov. Z ve\u010d kot 300 klju\u010dnimi kosi opreme v uporabi optimiziramo dodelitev virov in zagotavljamo u\u010dinkovito izrabo, pri \u010demer izpolnjujemo stroge standarde natan\u010dnosti in kakovosti.<\/p>\n<p>Na\u0161a strojna delavnica ima stru\u017eilne centre za nagibne vodilne tirnice po meri, obdelovalne centre, visokohitrostne stroje za honanje, varilne robote in drugo bistveno opremo. Ta postavitev nam omogo\u010da obdelavo valjastih cevi z najve\u010djim notranjim premerom 400 mm in dol\u017eino do 6 metrov, kar \u0161e dodatno izbolj\u0161uje na\u0161e proizvodne zmogljivosti.<\/p>\n<p>Upravljamo popolnoma avtomatsko linijo za barvanje na vodni osnovi, posebej zasnovano za majhne in srednje velike jeklenke, z avtomatiziranimi roboti za nalaganje, razkladanje in brizganje. Ta najsodobnej\u0161i sistem se pona\u0161a s proizvodno zmogljivostjo 4000 enot na izmeno. Poleg tega imamo polavtomatsko linijo za barvanje velikih jeklenk, ki jo poganja veri\u017eni pogon, s projektno zmogljivostjo 60 zabojev na izmeno.<\/p>\n<h2><img loading=\"lazy\" decoding=\"async\" class=\"alignnone size-full wp-image-16973\" src=\"https:\/\/www.hydraulic-cylinders.net\/wp-content\/uploads\/2025\/01\/hydraulic-cylinder-factory-2-scaled.webp\" alt=\"\" width=\"2011\" height=\"2560\" srcset=\"https:\/\/www.hydraulic-cylinders.net\/wp-content\/uploads\/2025\/01\/hydraulic-cylinder-factory-2-scaled.webp 2011w, https:\/\/www.hydraulic-cylinders.net\/wp-content\/uploads\/2025\/01\/hydraulic-cylinder-factory-2-1280x1629.webp 1280w, https:\/\/www.hydraulic-cylinders.net\/wp-content\/uploads\/2025\/01\/hydraulic-cylinder-factory-2-980x1248.webp 980w, https:\/\/www.hydraulic-cylinders.net\/wp-content\/uploads\/2025\/01\/hydraulic-cylinder-factory-2-480x611.webp 480w\" sizes=\"(min-width: 0px) and (max-width: 480px) 480px, (min-width: 481px) and (max-width: 980px) 980px, (min-width: 981px) and (max-width: 1280px) 1280px, (min-width: 1281px) 2011px, 100vw\" \/><\/h2>\n<p>Da bi izbolj\u0161ali u\u010dinkovitost izdelkov in utrdili na\u0161o vodilno vlogo v industriji hidravli\u010dnih cilindrov, smo se povezali z ZJIMEE in ustanovili celovit laboratorij za merjenje u\u010dinkovitosti, namenjen hidravli\u010dnim cilindrom, ventilom in \u010drpalkam. Ta napredni laboratorij uporablja ra\u010dunalni\u0161ko podprto testiranje z elektrohidravli\u010dno tehnologijo, kar omogo\u010da vnaprej dolo\u010dene pogoje testiranja, ki izbolj\u0161ajo natan\u010dnost in vsestranskost sistema. Avtomatiziran postopek zbiranja podatkov uporablja senzorje za zbiranje izhodnih podatkov, kot so notranje pu\u0161\u010danje in izkoristek obremenitve, ki jih nato obdela ra\u010dunalnik in pretvori v standardne enote (ml\/min%).<\/p>\n<p>Poleg tega za zagotovitev varnosti na\u0161ih hidravli\u010dnih sistemov izvajamo spremljanje stanja klju\u010dnih parametrov delovanja, vklju\u010dno s temperaturo olja, nivojem teko\u010dine in stanjem filtrirne naprave. Na\u0161e preskusno mesto za hidravli\u010dne cilindre lahko z natan\u010dnimi od\u010ditki oceni \u00bbu\u010dinkovitost obremenitve\u00ab in \u00bbnotranje pu\u0161\u010danje\u00ab. Opremljeno je tudi z merilnim instrumentom z ravnilom, ki ustreza nacionalnim standardom in zagotavlja skladnost z vsemi zahtevami glede presku\u0161anja hidravli\u010dnih cilindrov.<\/p>\n<p>Hidravli\u010dni cilindri za dvigovanje goseni\u010dnih \u017eerjavov predstavljajo na\u0161o predanost kakovosti in zmogljivosti, zasnovani kot hidravli\u010dni cilindri za dvigovanje roke goseni\u010dnih \u017eerjavov, zlasti za modele Liebherr, Manitowoc in Kobelco. Na\u0161i izdelki, ki jim zaupajo veliki svetovni proizvajalci opreme, so si prislu\u017eili dober sloves zanesljivosti, podjetje Ever-Power Huachang Hydraulic pa je priznano kot vodilno podjetje v proizvodnji hidravli\u010dnih cilindrov.<\/p>\n<\/section>","protected":false},"excerpt":{"rendered":"<p>Lift Hydraulic Cylinders for Crawler Crane The Lift Hydraulic Cylinders for Crawler Crane, meticulously designed by Ever-Power Huachang Hydraulic, are engineered to deliver exceptional lifting power and precision for crawler crane operations, compatible with models like Liebherr LR 1300, Manitowoc 14000, and Kobelco CKE2500. This hydraulic cylinder for crawler crane boom ensures seamless and controlled [&hellip;]<\/p>","protected":false},"featured_media":20158,"comment_status":"open","ping_status":"closed","template":"","meta":{"_et_pb_use_builder":"","_et_pb_old_content":"","_et_gb_content_width":""},"product_brand":[],"product_cat":[1514],"product_tag":[],"class_list":{"0":"post-20148","1":"product","2":"type-product","3":"status-publish","4":"has-post-thumbnail","6":"product_cat-mobile-crane-hydraulic-cylinders","8":"first","9":"instock","10":"shipping-taxable","11":"product-type-simple"},"amp_enabled":true,"_links":{"self":[{"href":"https:\/\/www.hydraulic-cylinders.net\/sl\/wp-json\/wp\/v2\/product\/20148","targetHints":{"allow":["GET"]}}],"collection":[{"href":"https:\/\/www.hydraulic-cylinders.net\/sl\/wp-json\/wp\/v2\/product"}],"about":[{"href":"https:\/\/www.hydraulic-cylinders.net\/sl\/wp-json\/wp\/v2\/types\/product"}],"replies":[{"embeddable":true,"href":"https:\/\/www.hydraulic-cylinders.net\/sl\/wp-json\/wp\/v2\/comments?post=20148"}],"wp:featuredmedia":[{"embeddable":true,"href":"https:\/\/www.hydraulic-cylinders.net\/sl\/wp-json\/wp\/v2\/media\/20158"}],"wp:attachment":[{"href":"https:\/\/www.hydraulic-cylinders.net\/sl\/wp-json\/wp\/v2\/media?parent=20148"}],"wp:term":[{"taxonomy":"product_brand","embeddable":true,"href":"https:\/\/www.hydraulic-cylinders.net\/sl\/wp-json\/wp\/v2\/product_brand?post=20148"},{"taxonomy":"product_cat","embeddable":true,"href":"https:\/\/www.hydraulic-cylinders.net\/sl\/wp-json\/wp\/v2\/product_cat?post=20148"},{"taxonomy":"product_tag","embeddable":true,"href":"https:\/\/www.hydraulic-cylinders.net\/sl\/wp-json\/wp\/v2\/product_tag?post=20148"}],"curies":[{"name":"delovni list","href":"https:\/\/api.w.org\/{rel}","templated":true}]}}