{"id":20179,"date":"2025-05-12T03:33:34","date_gmt":"2025-05-12T03:33:34","guid":{"rendered":"https:\/\/www.hydraulic-cylinders.net\/?post_type=product&#038;p=20179"},"modified":"2025-05-12T05:20:15","modified_gmt":"2025-05-12T05:20:15","slug":"counterweight-hydraulic-cylinders-for-car-crane","status":"publish","type":"product","link":"https:\/\/www.hydraulic-cylinders.net\/sl\/izdelek\/counterweight-hydraulic-cylinders-for-car-crane\/","title":{"rendered":"Hidravli\u010dni cilindri s protiute\u017ejo za avtomobilski \u017eerjav"},"content":{"rendered":"<h1 style=\"text-align: center;\"><strong>Hidravli\u010dni cilindri s protiute\u017ejo za avtomobilski \u017eerjav<\/strong><\/h1>\n<p><img loading=\"lazy\" decoding=\"async\" class=\"wp-image-20180 aligncenter\" src=\"https:\/\/www.hydraulic-cylinders.net\/wp-content\/uploads\/2025\/05\/counterweight-hydraulic-cylinder-for-car-crane-scaled.webp\" alt=\"Hidravli\u010dni cilinder protiute\u017ei za avtomobilski \u017eerjav\" width=\"500\" height=\"500\" \/><\/p>\n<section id=\"introduction\">Hidravli\u010dni cilindri za avtomobilski \u017eerjav s protiute\u017ejo, ki jih je izdelalo podjetje Ever-Power Huachang Hydraulic, so natan\u010dno izdelani uravnalni cilindri, ki zagotavljajo optimalno stabilnost in varnost med dvigovanjem te\u017ekih bremen. Ta hidravli\u010dni cilinder za avtomobilski \u017eerjav, zasnovan za brezhibno zdru\u017eljivost z vodilnimi modeli avtomobilskih \u017eerjavov, izbolj\u0161uje upravljanje bremen v mestni gradnji, logistiki in industrijskih okoljih. Kot hidravli\u010dni cilinder za te\u017eka dela prenese visok tlak do 320 barov, kar zagotavlja zanesljivo delovanje pri dvigovanju, hkrati pa zmanj\u0161uje tveganje prevra\u010danja. Ne glede na to, ali upravljate jeklene konstrukcije ali te\u017eke stroje, ta cilinder za avtomobilski \u017eerjav zagotavlja neprekosljivo vzdr\u017eljivost in nadzor pri delovanju z \u017eerjavom.<\/section>\n<section id=\"specifications\">\n<h2><strong>Tehni\u010dne specifikacije:<\/strong><\/h2>\n<p><strong>Funkcija:<\/strong> Nadzorujte delovanje protiute\u017ei<br \/>\n<strong>Premer valja:<\/strong> 160 mm\u2013180 mm<br \/>\n<strong>Premer palice:<\/strong> 90 mm\u2013150 mm<br \/>\n<strong>Potovanje:<\/strong> 180 mm\u2013400 mm<br \/>\n<strong>Najve\u010dji tlak:<\/strong> 25 MPa<br \/>\n<strong>Najve\u010dji potisk:<\/strong> 1540 kun<\/p>\n<\/section>\n<section id=\"features\">\n<h2><strong>Klju\u010dne zna\u010dilnosti hidravli\u010dnih cilindrov s protiute\u017ejo za avtomobilski \u017eerjav:<\/strong><\/h2>\n<ul>\n<li><strong>Vrhunska natan\u010dnost uravnote\u017eenja obremenitve:<\/strong> Hidravli\u010dni cilindri z protiute\u017ejo za avtomobilske \u017eerjave imajo napredno zasnovo uravnote\u017eitvenih cilindrov, ki zagotavlja enakomerno porazdelitev te\u017ee in izjemno stabilnost delovanja cilindrov avtomobilskih \u017eerjavov med dvigovanjem velikih koli\u010din v urbanih okoljih.<\/li>\n<li><strong>Visoko vzdr\u017eljiva konstrukcija:<\/strong>\u00a0Ta hidravli\u010dni cilinder za avtomobilski \u017eerjav, izdelan iz visoko nateznega jekla z antikorozijsko obdelavo, je odporen proti obrabi zaradi agresivnih elementov, kot sta vlaga in prah, zaradi \u010desar je zanesljiv in trpe\u017een protiute\u017eni valj za \u017eerjave v te\u017ekih pogojih.<\/li>\n<li><strong>Prilagodljivo za razli\u010dne potrebe:<\/strong>\u00a0Z nastavljivimi velikostmi izvrtin in dol\u017einami hoda je mogo\u010de ta valj avtomobilskega \u017eerjava za uravnote\u017eenje obremenitve prilagoditi specifi\u010dnim zahtevam dvigovanja, kar ponuja fleksibilnost za razli\u010dne modele \u017eerjavov in aplikacije, od gradbeni\u0161tva do logistike.<\/li>\n<li><strong>Optimizirano za delovanje pod visokim tlakom:<\/strong>\u00a0Ta hidravli\u010dni cilinder s protiute\u017ejo, zasnovan za u\u010dinkovito delovanje do 320 barov, zagotavlja konstantno mo\u010d z minimalno izgubo energije, kar zagotavlja nemoteno in varno dvigovanje ter hkrati zmanj\u0161uje obratovalne stro\u0161ke.<\/li>\n<li><strong>Nizko vzdr\u017eevanje in dolga \u017eivljenjska doba:<\/strong>\u00a0Z napredno tehnologijo tesnjenja in natan\u010dno obdelavo ta hidravli\u010dni cilinder za te\u017eka dela zmanj\u0161uje pu\u0161\u010danje in obrabo, kar zmanj\u0161uje potrebe po vzdr\u017eevanju in podalj\u0161uje \u017eivljenjsko dobo va\u0161ega avtomobilskega \u017eerjava, tudi pri pogosti uporabi.<\/li>\n<\/ul>\n<\/section>\n<section id=\"applications\">\n<h2><strong>Uporaba hidravli\u010dnih cilindrov s protiute\u017ejo za avtomobilski \u017eerjav:<\/strong><\/h2>\n<h2><strong><img loading=\"lazy\" decoding=\"async\" class=\"alignnone size-full wp-image-20183\" src=\"https:\/\/www.hydraulic-cylinders.net\/wp-content\/uploads\/2025\/05\/counterweight-hydraulic-cylinder-for-car-crane-application.webp\" alt=\"\" width=\"1080\" height=\"617\" srcset=\"https:\/\/www.hydraulic-cylinders.net\/wp-content\/uploads\/2025\/05\/counterweight-hydraulic-cylinder-for-car-crane-application.webp 1080w, https:\/\/www.hydraulic-cylinders.net\/wp-content\/uploads\/2025\/05\/counterweight-hydraulic-cylinder-for-car-crane-application-980x560.webp 980w, https:\/\/www.hydraulic-cylinders.net\/wp-content\/uploads\/2025\/05\/counterweight-hydraulic-cylinder-for-car-crane-application-480x274.webp 480w\" sizes=\"(min-width: 0px) and (max-width: 480px) 480px, (min-width: 481px) and (max-width: 980px) 980px, (min-width: 981px) 1080px, 100vw\" \/><\/strong><\/h2>\n<ul>\n<li><strong>Urbana gradnja za visoke stavbe:<\/strong> Hidravli\u010dni cilindri s protiute\u017ejo za avtomobilske \u017eerjave so idealni za gradbena dela v mestih, kot so monta\u017ea jeklenih okvirjev za visoke stavbe ali monta\u017ea monta\u017enih panelov. Ta uravnote\u017eevalni valj za delovanje avtomobilskih \u017eerjavov zagotavlja natan\u010dno upravljanje obremenitve v zaprtih prostorih, kar pove\u010duje varnost in zmanj\u0161uje tveganje prevra\u010danja med dvigovanjem te\u017ekih bremen.<\/li>\n<li><strong>Logistika in ravnanje s te\u017ekim tovorom:<\/strong>\u00a0V logisti\u010dnih operacijah ta hidravli\u010dni cilinder za stabilnost avtomobilskega \u017eerjava podpira varno in u\u010dinkovito premikanje te\u017ekega tovora, kot so ladijski zabojniki in velike palete, v skladi\u0161\u010dih ali pristani\u0161\u010dih. Cilinder avtomobilskega \u017eerjava za uravnote\u017eenje obremenitve izbolj\u0161a okretnost \u017eerjava in pove\u010da produktivnost v hitro spreminjajo\u010dih se okoljih.<\/li>\n<li><strong>Industrijska monta\u017ea v proizvodnih obratih:<\/strong>\u00a0Ta hidravli\u010dni cilinder s protiute\u017ejo je idealen za industrijska okolja, kot sta avtomobilska ali strojna proizvodnja, saj omogo\u010da natan\u010dno pozicioniranje te\u017ekih komponent, kot so stiskalnice za monta\u017eno linijo ali bloki motorjev. Kot mo\u010dan hidravli\u010dni cilinder s protiute\u017ejo za \u017eerjave zagotavlja stabilno in nadzorovano dvigovanje ter poenostavlja delovne procese v tovarni.<\/li>\n<\/ul>\n<\/section>\n<section id=\"explore-more\">\n<h2><strong>Razi\u0161\u010dite ve\u010d cilindrov za avtomobilske \u017eerjave:<\/strong><\/h2>\n<p>Ponujamo raznoliko paleto cilindrov za avtomobilske \u017eerjave, ki ustrezajo razli\u010dnim potrebam po dvigovanju. Ne glede na to, ali potrebujete hidravli\u010dni cilinder za stabilnost avtomobilskega \u017eerjava ali hidravli\u010dni cilinder za te\u017eka dela z ute\u017emi za \u017eerjave, vam Ever-Power Huachang Hydraulic ponuja re\u0161itve po meri. Odkrijte na\u0161o celotno kolekcijo. <a href=\"https:\/\/www.hydraulic-cylinders.net\/sl\/mobile-crane-hydraulic-cylinders\/\">cilindri avtomobilskega \u017eerjava<\/a>.<\/p>\n<\/section>\n<div class=\"container-hfX5E8 flow-markdown-body theme-samantha-yJEgBp\" dir=\"ltr\" data-testid=\"message_text_content\" data-show-indicator=\"false\">\n<h2 class=\"header-jfw95c auto-hide-last-sibling-br\"><strong>Katere so glavne prednosti uporabe hidravli\u010dnega cilindra s protiute\u017ejo v \u017eerjavu?<\/strong><\/h2>\n<div class=\"auto-hide-last-sibling-br paragraph-qzbcQC paragraph-element br-paragraph-space\">Uporaba hidravli\u010dnega cilindra s protiute\u017ejo v \u017eerjavu ponuja ve\u010d pomembnih prednosti:<\/div>\n<h3><strong>Izbolj\u0161ana stabilnost<\/strong>:<\/h3>\n<h3><img loading=\"lazy\" decoding=\"async\" class=\"aligncenter wp-image-20184 size-full\" src=\"https:\/\/www.hydraulic-cylinders.net\/wp-content\/uploads\/2025\/05\/counterweight-hydraulic-cylinder-for-car-crane-1-1.webp\" alt=\"\" width=\"580\" height=\"326\" srcset=\"https:\/\/www.hydraulic-cylinders.net\/wp-content\/uploads\/2025\/05\/counterweight-hydraulic-cylinder-for-car-crane-1-1.webp 580w, https:\/\/www.hydraulic-cylinders.net\/wp-content\/uploads\/2025\/05\/counterweight-hydraulic-cylinder-for-car-crane-1-1-480x270.webp 480w\" sizes=\"(min-width: 0px) and (max-width: 480px) 480px, (min-width: 481px) 580px, 100vw\" \/><\/h3>\n<p>Hidravli\u010dni cilinder protiute\u017ei pomaga uravnote\u017eiti obremenitev \u017eerjava. Z nastavitvijo polo\u017eaja in sile protiute\u017ei lahko ta prepre\u010di navor, ki ga ustvari dvignjeni tovor. To zmanj\u0161a tveganje prevrnitve \u017eerjava med dvigovanjem te\u017ekih bremen. Na primer, ko \u017eerjav dviguje veliko in te\u017eko monta\u017eno betonsko plo\u0161\u010do v visokem gradbenem projektu, je mogo\u010de hidravli\u010dni cilinder protiute\u017ei nastaviti, da \u017eerjav ostane stabilen.<\/p>\n<\/div>\n<div class=\"container-hfX5E8 flow-markdown-body theme-samantha-yJEgBp\" dir=\"ltr\" data-testid=\"message_text_content\" data-show-indicator=\"false\">\n<h3><strong>Natan\u010dno upravljanje obremenitve<\/strong>:<\/h3>\n<p>Omogo\u010da natan\u010den nadzor nad protiute\u017ejo, kar posledi\u010dno omogo\u010da natan\u010dnej\u0161e upravljanje obremenitve. Hidravli\u010dni cilinder je mogo\u010de prilagajati v realnem \u010dasu glede na te\u017eo in polo\u017eaj tovora. V logisti\u010dnih operacijah, kjer \u017eerjav premika ladijske kontejnerje razli\u010dnih te\u017e, je mogo\u010de hidravli\u010dni cilinder protiute\u017ei natan\u010dno nastaviti, da se zagotovi gladko in varno dvigovanje in polaganje kontejnerjev.<\/p>\n<\/div>\n<div>\n<div class=\"image-box-grid-DI7Zd9\" data-finished=\"true\" data-testid=\"message_image_content\">\n<div class=\"image-box-grid-item-hjZBGw\">\n<div class=\"relative w-fit inline-flex\">\n<div class=\"container-pveQEn\"><\/div>\n<\/div>\n<\/div>\n<\/div>\n<\/div>\n<div class=\"container-hfX5E8 flow-markdown-body theme-samantha-yJEgBp\" dir=\"ltr\" data-testid=\"message_text_content\" data-show-indicator=\"false\">\n<h3><strong>Izbolj\u0161ana okretnost<\/strong>:<\/h3>\n<h3><img loading=\"lazy\" decoding=\"async\" class=\"alignnone size-full wp-image-20185\" src=\"https:\/\/www.hydraulic-cylinders.net\/wp-content\/uploads\/2025\/05\/counterweight-hydraulic-cylinder-for-car-crane-2.webp\" alt=\"\" width=\"2048\" height=\"1152\" srcset=\"https:\/\/www.hydraulic-cylinders.net\/wp-content\/uploads\/2025\/05\/counterweight-hydraulic-cylinder-for-car-crane-2.webp 2048w, https:\/\/www.hydraulic-cylinders.net\/wp-content\/uploads\/2025\/05\/counterweight-hydraulic-cylinder-for-car-crane-2-1280x720.webp 1280w, https:\/\/www.hydraulic-cylinders.net\/wp-content\/uploads\/2025\/05\/counterweight-hydraulic-cylinder-for-car-crane-2-980x551.webp 980w, https:\/\/www.hydraulic-cylinders.net\/wp-content\/uploads\/2025\/05\/counterweight-hydraulic-cylinder-for-car-crane-2-480x270.webp 480w\" sizes=\"(min-width: 0px) and (max-width: 480px) 480px, (min-width: 481px) and (max-width: 980px) 980px, (min-width: 981px) and (max-width: 1280px) 1280px, (min-width: 1281px) 2048px, 100vw\" \/><\/h3>\n<p>V omejenih prostorih, kot so mestna gradbi\u0161\u010da ali proizvodni obrati, hidravli\u010dni cilinder s protiute\u017ejo izbolj\u0161a okretnost \u017eerjava. Protiute\u017e lahko hitro prilagodi razli\u010dnim delovnim pogojem in prostorom. Na primer, v avtomobilski tovarni, kjer se \u017eerjav uporablja za pozicioniranje blokov motorjev na monta\u017eni liniji, hidravli\u010dni cilinder s protiute\u017ejo omogo\u010da \u017eerjavu bolj prosto gibanje in delovanje v omejenem prostoru.<\/p>\n<\/div>\n<div class=\"container-hfX5E8 flow-markdown-body theme-samantha-yJEgBp\" dir=\"ltr\" data-testid=\"message_text_content\" data-show-indicator=\"false\">\n<h3><strong>Izbolj\u0161ana varnost<\/strong>:<\/h3>\n<p>Z zagotavljanjem stabilnosti in natan\u010dnega upravljanja obremenitve hidravli\u010dni cilinder s protiute\u017ejo znatno izbolj\u0161a varnost delovanja \u017eerjava. Zmanj\u0161uje verjetnost nesre\u010d, kot so padec tovora ali zru\u0161itev \u017eerjava, ter \u0161\u010diti tako upravljavce kot okolico. Ne glede na to, ali gre za gradbeni projekt z visokim tveganjem ali prometen logisti\u010dni center, je uporaba hidravli\u010dnega cilindra s protiute\u017ejo klju\u010dnega pomena za ohranjanje varnega delovnega okolja.<\/p>\n<\/div>\n<section id=\"company-introduction\">\n<h2><strong>O podjetju Ever-Power Huachang Hydraulic:<\/strong><\/h2>\n<h2><img loading=\"lazy\" decoding=\"async\" class=\"alignnone size-full wp-image-16972\" src=\"https:\/\/www.hydraulic-cylinders.net\/wp-content\/uploads\/2025\/01\/hydraulic-cylinder-factory-1-scaled.webp\" alt=\"\" width=\"2016\" height=\"2560\" srcset=\"https:\/\/www.hydraulic-cylinders.net\/wp-content\/uploads\/2025\/01\/hydraulic-cylinder-factory-1-scaled.webp 2016w, https:\/\/www.hydraulic-cylinders.net\/wp-content\/uploads\/2025\/01\/hydraulic-cylinder-factory-1-1280x1625.webp 1280w, https:\/\/www.hydraulic-cylinders.net\/wp-content\/uploads\/2025\/01\/hydraulic-cylinder-factory-1-980x1244.webp 980w, https:\/\/www.hydraulic-cylinders.net\/wp-content\/uploads\/2025\/01\/hydraulic-cylinder-factory-1-480x610.webp 480w\" sizes=\"(min-width: 0px) and (max-width: 480px) 480px, (min-width: 481px) and (max-width: 980px) 980px, (min-width: 981px) and (max-width: 1280px) 1280px, (min-width: 1281px) 2016px, 100vw\" \/><\/h2>\n<p dir=\"auto\">Ever-Power Huachang Hydraulic s svojim najsodobnej\u0161im raziskovalno-razvojnim centrom, kjer strokovni in\u017eenirji oblikujejo visokozmogljive re\u0161itve za industrijsko uporabo, vklju\u010dno z avtomobilskimi \u017eerjavi in \u200b\u200bte\u017eko opremo, poganja inovacije na podro\u010dju hidravli\u010dnih cilindrov.<\/p>\n<p dir=\"auto\">Na\u0161 napredni proizvodni obrat se pona\u0161a z avtomatizirano monta\u017eo in natan\u010dno obdelavo, s \u010dimer izdelujemo cilindre po meri s pametno tehnologijo, ki zagotavlja u\u010dinkovitost in upo\u0161tevanje strogih industrijskih standardov, ter podpira modele, kot sta Terex in Grove.<\/p>\n<h2><img loading=\"lazy\" decoding=\"async\" class=\"alignnone size-full wp-image-16973\" src=\"https:\/\/www.hydraulic-cylinders.net\/wp-content\/uploads\/2025\/01\/hydraulic-cylinder-factory-2-scaled.webp\" alt=\"\" width=\"2011\" height=\"2560\" srcset=\"https:\/\/www.hydraulic-cylinders.net\/wp-content\/uploads\/2025\/01\/hydraulic-cylinder-factory-2-scaled.webp 2011w, https:\/\/www.hydraulic-cylinders.net\/wp-content\/uploads\/2025\/01\/hydraulic-cylinder-factory-2-1280x1629.webp 1280w, https:\/\/www.hydraulic-cylinders.net\/wp-content\/uploads\/2025\/01\/hydraulic-cylinder-factory-2-980x1248.webp 980w, https:\/\/www.hydraulic-cylinders.net\/wp-content\/uploads\/2025\/01\/hydraulic-cylinder-factory-2-480x611.webp 480w\" sizes=\"(min-width: 0px) and (max-width: 480px) 480px, (min-width: 481px) and (max-width: 980px) 980px, (min-width: 981px) and (max-width: 1280px) 1280px, (min-width: 1281px) 2011px, 100vw\" \/><\/h2>\n<p>Kakovost ohranjamo z najsodobnej\u0161im testnim centrom, kjer potrjujemo delovanje z napredno diagnostiko in uporabljamo okolju prijazne premaze za ve\u010djo vzdr\u017eljivost. Kot vodilni ponudnik uporabljamo raziskave, ki jih poganja umetna inteligenca, za izdelavo zanesljivih hidravli\u010dnih cilindrov za te\u017eka dela, ki jim zaupajo po vsem svetu.<\/p>\n<\/section>","protected":false},"excerpt":{"rendered":"<p>Counterweight Hydraulic Cylinders for Car Crane The counterweight hydraulic cylinders for car crane, crafted by Ever-Power Huachang Hydraulic, are precision-engineered balance cylinders that ensure optimal stability and safety during heavy lifting operations. Designed for seamless compatibility with leading car crane models, this hydraulic cylinder for car crane enhances load management in urban construction, logistics, and [&hellip;]<\/p>","protected":false},"featured_media":20181,"comment_status":"open","ping_status":"closed","template":"","meta":{"_et_pb_use_builder":"","_et_pb_old_content":"","_et_gb_content_width":""},"product_brand":[],"product_cat":[1514],"product_tag":[],"class_list":{"0":"post-20179","1":"product","2":"type-product","3":"status-publish","4":"has-post-thumbnail","6":"product_cat-mobile-crane-hydraulic-cylinders","8":"first","9":"instock","10":"shipping-taxable","11":"product-type-simple"},"amp_enabled":true,"_links":{"self":[{"href":"https:\/\/www.hydraulic-cylinders.net\/sl\/wp-json\/wp\/v2\/product\/20179","targetHints":{"allow":["GET"]}}],"collection":[{"href":"https:\/\/www.hydraulic-cylinders.net\/sl\/wp-json\/wp\/v2\/product"}],"about":[{"href":"https:\/\/www.hydraulic-cylinders.net\/sl\/wp-json\/wp\/v2\/types\/product"}],"replies":[{"embeddable":true,"href":"https:\/\/www.hydraulic-cylinders.net\/sl\/wp-json\/wp\/v2\/comments?post=20179"}],"wp:featuredmedia":[{"embeddable":true,"href":"https:\/\/www.hydraulic-cylinders.net\/sl\/wp-json\/wp\/v2\/media\/20181"}],"wp:attachment":[{"href":"https:\/\/www.hydraulic-cylinders.net\/sl\/wp-json\/wp\/v2\/media?parent=20179"}],"wp:term":[{"taxonomy":"product_brand","embeddable":true,"href":"https:\/\/www.hydraulic-cylinders.net\/sl\/wp-json\/wp\/v2\/product_brand?post=20179"},{"taxonomy":"product_cat","embeddable":true,"href":"https:\/\/www.hydraulic-cylinders.net\/sl\/wp-json\/wp\/v2\/product_cat?post=20179"},{"taxonomy":"product_tag","embeddable":true,"href":"https:\/\/www.hydraulic-cylinders.net\/sl\/wp-json\/wp\/v2\/product_tag?post=20179"}],"curies":[{"name":"delovni list","href":"https:\/\/api.w.org\/{rel}","templated":true}]}}