{"id":20703,"date":"2025-05-27T06:21:36","date_gmt":"2025-05-27T06:21:36","guid":{"rendered":"https:\/\/www.hydraulic-cylinders.net\/product\/micro-digging-side-hydraulic-cylinders\/"},"modified":"2025-05-27T06:21:41","modified_gmt":"2025-05-27T06:21:41","slug":"micro-digging-side-hydraulic-cylinders","status":"publish","type":"product","link":"https:\/\/www.hydraulic-cylinders.net\/sl\/izdelek\/micro-digging-side-hydraulic-cylinders\/","title":{"rendered":"Stranski hidravli\u010dni cilindri za mikro kopanje"},"content":{"rendered":"<h1>Stranski hidravli\u010dni cilindri za mikro kopanje<\/h1>\n<h2>Pregled izdelka<\/h2>\n<p>Hidravli\u010dni valj Micro Digging Side je specializiran hidravli\u010dni aktuator, zasnovan za natan\u010den nadzor in zmogljivo delovanje v kompaktnih aplikacijah. Ti cilindri so bistvene komponente v razli\u010dnih strojih, ki upravljavcem omogo\u010dajo izvajanje nalog z izjemno natan\u010dnostjo in u\u010dinkovitostjo. Zasnovani so za zagotavljanje optimalne sile v omejenih prostorih in najdejo svoje mesto v gradbeni\u0161tvu, izkopavanjih in drugih te\u017ekih aplikacijah. Kompaktna zasnova omogo\u010da enostavno integracijo v razli\u010dne sisteme, kar zagotavlja, da lahko upravljavci dose\u017eejo vrhunsko delovanje brez \u017ertvovanja prostora ali mobilnosti.<\/p>\n<h2>Specifikacije izdelka<\/h2>\n<p>Sledijo klju\u010dne specifikacije stranskega hidravli\u010dnega cilindra Micro Digging:<\/p>\n<ul>\n<li>Premer valja: 50 mm<\/li>\n<li>Premer palice: 30 mm<\/li>\n<li>Hod: 430 mm<\/li>\n<li>Razdalja namestitve: 670 mm<\/li>\n<\/ul>\n<p>Te dimenzije so klju\u010dne za dolo\u010danje u\u010dinkovitosti valja in zdru\u017eljivosti z razli\u010dnimi stroji. Premer valja zagotavlja zadostno trdnost, premer palice pa vpliva na nosilnost. Razdalja gibanja je klju\u010dnega pomena za obseg gibanja, razdalja namestitve pa omogo\u010da pravilno monta\u017eo.<\/p>\n<h2>Klju\u010dne lastnosti<\/h2>\n<p>Na\u0161i stranski hidravli\u010dni cilindri za mikro kopanje so zasnovani z ve\u010d izjemnimi lastnostmi:<\/p>\n<ul>\n<li><strong>Vzdr\u017eljivost:<\/strong> Izdelano iz visokokakovostnih materialov, da prenese te\u017eke pogoje.<\/li>\n<li><strong>Kompaktna velikost:<\/strong> Idealno za aplikacije z omejenim prostorom.<\/li>\n<li><strong>Visoka u\u010dinkovitost:<\/strong> Zagotavlja mo\u010dno delovanje ob manj\u0161i porabi energije.<\/li>\n<li><strong>Prilagodljive mo\u017enosti:<\/strong> Specifikacije lahko prilagodimo specifi\u010dnim potrebam.<\/li>\n<li><strong>Zanesljivo tesnjenje:<\/strong> Zasnovan za prepre\u010devanje pu\u0161\u010danja in podalj\u0161anje \u017eivljenjske dobe.<\/li>\n<\/ul>\n<p>Ponosni smo na na\u0161o sposobnost izdelave teh hidravli\u010dnih cilindrov, ki zagotavljajo, da bodo v va\u0161i opremi popolnoma nadomestili obstoje\u010de modele.<\/p>\n<h2>Aplikacije<\/h2>\n<p>Stranski hidravli\u010dni cilinder Micro Digging je vsestranski in se lahko uporablja v razli\u010dnih aplikacijah:<\/p>\n<h3>1. Izkopna oprema<\/h3>\n<p>V izkopnih strojih ti cilindri zagotavljajo potrebno silo za kopanje in dvigovanje zemlje ali ru\u0161evin. Zaradi svoje kompaktne zasnove jih je mogo\u010de namestiti v tesne prostore, zaradi \u010desar so idealni za mini bagre. Natan\u010den nadzor, ki ga ponujajo ti hidravli\u010dni cilindri, zagotavlja, da lahko upravljavci gladko manevrirajo z opremo, kar zmanj\u0161uje tveganje po\u0161kodb okoli\u0161kih struktur. Ta u\u010dinkovitost pri izkopnih nalogah znatno pove\u010da produktivnost na gradbi\u0161\u010du.<\/p>\n<h3>2. Kmetijska mehanizacija<\/h3>\n<p>V kmetijstvu se ti hidravli\u010dni cilindri uporabljajo v opremi, kot so plugi in \u017eetveni stroji. Njihova sposobnost vzdr\u017eevanja konstantne sile zagotavlja enakomerno obdelavo in sajenje, kar je klju\u010dnega pomena za pridelek. Robustna konstrukcija teh cilindrov jim omogo\u010da u\u010dinkovito delovanje v razli\u010dnih vremenskih razmerah, kar prispeva k zanesljivosti kmetijskih operacij. Natan\u010dnost, ki jo ponujajo, kmetom omogo\u010da optimizacijo njihove mehanizacije za bolj\u0161e rezultate.<\/p>\n<h3>3. Ravnanje z materiali<\/h3>\n<p>V sistemih za ravnanje z materiali ti hidravli\u010dni cilindri olaj\u0161ajo premikanje te\u017ekih bremen. Pogosto so vgrajeni v vili\u010darje in transporterje, kjer zagotavljajo potrebna dvigovanja in spu\u0161\u010danja. Njihova u\u010dinkovitost pomaga zmanj\u0161ati obratovalne stro\u0161ke, saj za opravljanje enakih nalog potrebujejo manj energije v primerjavi z ve\u010djimi modeli. Zaradi tega so dragoceno sredstvo v skladi\u0161\u010dih in distribucijskih centrih.<\/p>\n<h2>Oblikovalski vidiki<\/h2>\n<p>Pri na\u010drtovanju hidravli\u010dnih cilindrov se upo\u0161teva ve\u010d klju\u010dnih dejavnikov:<\/p>\n<h3>Nosilnost<\/h3>\n<p>Razumevanje nosilnosti je klju\u010dnega pomena za hidravli\u010dne cilindre. Zasnova mora upo\u0161tevati najve\u010djo te\u017eo, ki jo lahko valj dvigne ali potisne. To vklju\u010duje izbiro ustreznih materialov in dimenzij, da se prepre\u010di okvara pod pritiskom. Poleg tega mora biti nosilnost usklajena z zahtevami stroja, da se zagotovi varnost in delovanje.<\/p>\n<h3>U\u010dinkovitost tesnjenja<\/h3>\n<p>Tesnjenje je v hidravli\u010dnih sistemih bistveno za prepre\u010devanje pu\u0161\u010danja in vzdr\u017eevanje tlaka. Izbira tesnilnih materialov in zasnov neposredno vpliva na dolgo \u017eivljenjsko dobo in zanesljivost hidravli\u010dnega cilindra. Za zagotavljanje u\u010dinkovitega tesnjenja ob hkratnem ohranjanju pro\u017enosti in vzdr\u017eljivosti se uporabljajo napredne re\u0161itve tesnjenja, kot sta poliuretan in nitrilna guma. Redni pregledi in zamenjave tesnil so potrebni za prepre\u010devanje te\u017eav z delovanjem.<\/p>\n<h3>Vzdr\u017eljivost<\/h3>\n<p>Vzdr\u017eljivost je temeljni vidik zasnove hidravli\u010dnih cilindrov. Te komponente morajo prenesti ekstremne pogoje, kot so temperaturna nihanja in izpostavljenost agresivnim kemikalijam. Uporaba visoko trdnih materialov in premazov, odpornih proti koroziji, lahko znatno podalj\u0161a \u017eivljenjsko dobo cilindrov. Redno vzdr\u017eevanje igra klju\u010dno vlogo pri ohranjanju njihove vzdr\u017eljivosti skozi \u010das.<\/p>\n<h3>Varnostne funkcije<\/h3>\n<p>Varnost je pri na\u010drtovanju hidravli\u010dnih sistemov najpomembnej\u0161a. Vklju\u010ditev funkcij, kot so tla\u010dni varnostni ventili in varnostni mehanizmi, zagotavlja, da sistem deluje znotraj varnih parametrov. Redni varnostni pregledi in upo\u0161tevanje industrijskih standardov so klju\u010dnega pomena za prepre\u010devanje nesre\u010d in zagotavljanje varnosti upravljavca med delovanjem.<\/p>\n<h3>Dostopnost vzdr\u017eevanja<\/h3>\n<p>Zasnova hidravli\u010dnih cilindrov z mislijo na vzdr\u017eevanje pomaga podalj\u0161ati njihovo \u017eivljenjsko dobo. Funkcije, kot so enostaven dostop za redne preglede in servisne to\u010dke za mazanje, lahko bistveno vplivajo na u\u010dinkovitost vzdr\u017eevanja. Dobro premi\u0161ljena zasnova zmanj\u0161a \u010das izpada in zagotavlja, da cilindri ostanejo v optimalnem delovnem stanju.<\/p>\n<h2>Tesnjenje in mazanje<\/h2>\n<p>U\u010dinkovito tesnjenje je klju\u010dnega pomena za delovanje hidravli\u010dnih cilindrov. Razli\u010dna tesnila, vklju\u010dno s tesnili bata in ojnice, igrajo pomembno vlogo pri vzdr\u017eevanju hidravli\u010dnega tlaka. Tesnila so pogosto izdelana iz trpe\u017enih materialov, kot sta poliuretan in nitrilna guma, ki so zasnovani tako, da prenesejo obrabo. Telo cilindra in navojni konci so natan\u010dno obdelani za pove\u010danje vzdr\u017eljivosti in odpornosti proti abraziji.<\/p>\n<p>Redno mazanje je \u0161e en klju\u010dni vidik vzdr\u017eevanja. Za nemoteno delovanje je bistveno zagotoviti zadostno koli\u010dino hidravli\u010dnega olja. Upravljavci bi morali vzpostaviti rutino za preverjanje nivoja olja in njegovo dolivanje po potrebi, saj pravilno mazanje zmanj\u0161a trenje med gibljivimi deli, kar vodi do bolj\u0161e u\u010dinkovitosti in dalj\u0161e \u017eivljenjske dobe hidravli\u010dnih komponent.<\/p>\n<h2>Preventivni vzdr\u017eevalni ukrepi<\/h2>\n<p>Redno vzdr\u017eevanje je bistvenega pomena za zagotovitev dolge \u017eivljenjske dobe in u\u010dinkovitosti hidravli\u010dnih cilindrov. Tukaj je nekaj preventivnih ukrepov:<\/p>\n<ul>\n<li><strong>Redni pregledi:<\/strong> Pogosto preverjanje znakov obrabe, pu\u0161\u010danja in drugih te\u017eav lahko pomaga prepoznati te\u017eave, preden se stopnjujejo.<\/li>\n<li><strong>Mazalni postopki:<\/strong> Z dolo\u010ditvijo urnika mazanja lahko prepre\u010dite nepotrebno obrabo gibljivih delov.<\/li>\n<li><strong>Zamenjava tesnila:<\/strong> Pravo\u010dasno spremljanje in zamenjava obrabljenih tesnil lahko prepre\u010dita pu\u0161\u010danje in ohranita tlak v sistemu.<\/li>\n<\/ul>\n<h2>Navodila za namestitev<\/h2>\n<p>Pravilna namestitev hidravli\u010dnih cilindrov je klju\u010dnega pomena za optimalno delovanje. Upo\u0161tevajte ta navodila:<\/p>\n<ol>\n<li><strong>Poravnajte valj:<\/strong> Prepri\u010dajte se, da je valj pravilno poravnan s pritrdilnimi to\u010dkami, da prepre\u010dite prekomerno obremenitev komponent.<\/li>\n<li><strong>Uporabite ustrezne monta\u017ene nosilce:<\/strong> Cilinder pritrdite z ustreznimi nosilci, da prepre\u010dite premikanje med delovanjem.<\/li>\n<li><strong>Preverite hidravli\u010dne priklju\u010dke:<\/strong> Prepri\u010dajte se, da so vse hidravli\u010dne cevi varno priklju\u010dene, da prepre\u010dite pu\u0161\u010danje.<\/li>\n<li><strong>Preizkusite sistem:<\/strong> Pred polnim delovanjem izvedite preizkus, da se prepri\u010date, da vse deluje pravilno.<\/li>\n<\/ol>\n<h2>Pogosta vzdr\u017eevalna opravila<\/h2>\n<p>Bistvena vzdr\u017eevalna opravila vklju\u010dujejo:<\/p>\n<h3>1. Redni pregledi<\/h3>\n<p>Redni pregledi pomagajo zgodaj prepoznati znake obrabe in morebitne te\u017eave. Ta proaktivni pristop lahko prepre\u010di draga popravila in izpade. Pregled tesnil, cevi in \u200b\u200bfitingov lahko zagotovi, da sistem ostane brez pu\u0161\u010danja in deluje nemoteno. Voditi je treba evidenco vzdr\u017eevanja, da se stanje spremlja skozi \u010das.<\/p>\n<h3>2. Ustrezno mazanje<\/h3>\n<p>Mazanje hidravli\u010dnih komponent v skladu z navodili proizvajalca je klju\u010dnega pomena za prepre\u010devanje obrabe in podalj\u0161anje \u017eivljenjske dobe. Uporaba prave vrste hidravli\u010dnega olja in zagotavljanje pravilne ravni lahko pomembno vplivata na delovanje in u\u010dinkovitost sistema. Redni pregledi in nastavitve bi morali biti del vzdr\u017eevalne rutine, da se zagotovi optimalno delovanje sistema.<\/p>\n<h3>3. Zamenjava tesnila<\/h3>\n<p>Zamenjava tesnil je klju\u010dnega pomena za ohranjanje hidravli\u010dne celovitosti. Znaki, da je treba tesnila zamenjati, vklju\u010dujejo vidna pu\u0161\u010danja ali nihanja tlaka. Redne menjave glede na uporabo lahko pomagajo ohranjati u\u010dinkovitost hidravli\u010dnega sistema in prepre\u010diti nepri\u010dakovane okvare.<\/p>\n<h2>Varnostni in okoljski vidiki<\/h2>\n<p>Varnostni ukrepi so pri delu s hidravli\u010dnimi sistemi najpomembnej\u0161i. Upravljavci morajo biti usposobljeni za prepoznavanje morebitnih nevarnosti, kot so pu\u0161\u010danje teko\u010dine in kopi\u010denje tlaka. Pri uporabi hidravli\u010dnih cilindrov je bistveno upo\u0161tevati varnostne protokole, vklju\u010dno z no\u0161enjem za\u0161\u010ditne opreme in upo\u0161tevanjem navodil za uporabo. Poleg tega je treba upo\u0161tevati ustrezne metode odstranjevanja hidravli\u010dnih teko\u010din, da se zagotovi minimalen vpliv na okolje.<\/p>\n<h2>Odpravljanje te\u017eav in pogoste te\u017eave<\/h2>\n<p>Razumevanje morebitnih te\u017eav s hidravli\u010dnimi cilindri lahko pomaga pri u\u010dinkovitem odpravljanju te\u017eav:<\/p>\n<ul>\n<li><strong>Pu\u0161\u010danje:<\/strong> Pogosto je vzrok obrabljena tesnila ali nepravilna monta\u017ea. Preverite tesnila in priklju\u010dke glede po\u0161kodb.<\/li>\n<li><strong>Padci tlaka:<\/strong> Lahko ka\u017ee na blokade v hidravli\u010dnih ceveh ali nizko raven teko\u010dine. Preverite morebitne blokade in po potrebi dolijte teko\u010dino.<\/li>\n<li><strong>Neodzivni valj:<\/strong> Lahko se pojavi zaradi zraka, ujetega v sistemu, ali nezadostnega tlaka teko\u010dine. Priporo\u010dljivo je odzra\u010devanje sistema in preverjanje nivoja teko\u010dine.<\/li>\n<\/ul>\n<h2>Nasveti za odpravljanje te\u017eav<\/h2>\n<p>\u010ce se pojavijo kakr\u0161ne koli te\u017eave, upo\u0161tevajte naslednje nasvete:<\/p>\n<ul>\n<li><strong>Redno spremljajte uspe\u0161nost:<\/strong> \u010ce spremljate delovanje cilindra, lahko te\u017eave odkrijete zgodaj.<\/li>\n<li><strong>Glejte smernice proizvajalca:<\/strong> Dokumentacija proizvajalca pogosto vsebuje korake za odpravljanje te\u017eav in re\u0161itve za dolo\u010dene te\u017eave.<\/li>\n<li><strong>Izvajajte preventivne ukrepe:<\/strong> Z vzpostavitvijo rutine za preglede in vzdr\u017eevanje lahko zmanj\u0161ate verjetnost te\u017eav.<\/li>\n<\/ul>\n<p><img decoding=\"async\" src=\"https:\/\/www.hydraulic-cylinders.net\/wp-content\/uploads\/2025\/05\/hydraulic-cylinder-all-2.webp\" alt=\"Slika hidravli\u010dnega cilindra\"><\/p>\n<h2>O na\u0161em podjetju<\/h2>\n<p>Kot vodilni proizvajalec hidravli\u010dnih cilindrov se pona\u0161amo s svojo celovito ponudbo izdelkov, ki ustreza tako doma\u010demu kot mednarodnemu trgu. Na\u0161a zavezanost kakovosti in inovacijam nas uvr\u0161\u010da med vodilne proizvajalce in veletrgovce hidravli\u010dnih cilindrov v panogi. Ponujamo:<\/p>\n<ul>\n<li><strong>Strokovno znanje:<\/strong> Na\u0161a ekipa je sestavljena iz izku\u0161enih strokovnjakov, ki so predani zagotavljanju vrhunskih izdelkov.<\/li>\n<li><strong>Mednarodni certifikati:<\/strong> Na\u0161i izdelki izpolnjujejo stroge mednarodne standarde, kar zagotavlja zanesljivost in varnost.<\/li>\n<li><strong>Re\u0161itve po meri:<\/strong> Nudimo prilagojene storitve, ki ustrezajo specifi\u010dnim zahtevam in zagotavljajo zadovoljstvo strank.<\/li>\n<li><strong>Napredna proizvodna oprema:<\/strong> Na\u0161i najsodobnej\u0161i proizvodni obrati zagotavljajo visokokakovostno proizvodnjo.<\/li>\n<li><strong>Celovita poprodajna podpora:<\/strong> Na\u0161im strankam nudimo robustno podporo in jim zagotavljamo pomo\u010d, kadar koli jo potrebujejo.<\/li>\n<\/ul>\n<p><img decoding=\"async\" src=\"https:\/\/www.hydraulic-cylinders.net\/wp-content\/uploads\/2025\/05\/xinxin-hydraulic-cylinder-factory-1.webp\" alt=\"Slika tovarne hidravli\u010dnih cilindrov\"><\/p>\n<p>Avtor: lyl<\/p>\n<p><img decoding=\"async\" src=\"https:\/\/hzpt.com\/wp-content\/uploads\/2024\/11\/songte-company-1.webp\" alt=\"Slika podjetja\"><\/p>","protected":false},"excerpt":{"rendered":"<p>Micro Digging Side Hydraulic Cylinders Product Overview The Micro Digging Side Hydraulic Cylinder is a specialized hydraulic actuator designed for precise control and powerful performance in compact applications. These cylinders are essential components in various machinery, enabling operators to execute tasks with remarkable accuracy and efficiency. Engineered to deliver optimal force in confined spaces, they [&hellip;]<\/p>","protected":false},"featured_media":20629,"comment_status":"open","ping_status":"closed","template":"","meta":{"_et_pb_use_builder":"","_et_pb_old_content":"","_et_gb_content_width":""},"product_brand":[],"product_cat":[1483,1557],"product_tag":[],"class_list":{"0":"post-20703","1":"product","2":"type-product","3":"status-publish","4":"has-post-thumbnail","6":"product_cat-construction-machinery-hydraulic-cylinders","7":"product_cat-micro-digging-side-hydraulic-cylinders","9":"first","10":"instock","11":"shipping-taxable","12":"product-type-simple"},"amp_enabled":true,"_links":{"self":[{"href":"https:\/\/www.hydraulic-cylinders.net\/sl\/wp-json\/wp\/v2\/product\/20703","targetHints":{"allow":["GET"]}}],"collection":[{"href":"https:\/\/www.hydraulic-cylinders.net\/sl\/wp-json\/wp\/v2\/product"}],"about":[{"href":"https:\/\/www.hydraulic-cylinders.net\/sl\/wp-json\/wp\/v2\/types\/product"}],"replies":[{"embeddable":true,"href":"https:\/\/www.hydraulic-cylinders.net\/sl\/wp-json\/wp\/v2\/comments?post=20703"}],"wp:featuredmedia":[{"embeddable":true,"href":"https:\/\/www.hydraulic-cylinders.net\/sl\/wp-json\/wp\/v2\/media\/20629"}],"wp:attachment":[{"href":"https:\/\/www.hydraulic-cylinders.net\/sl\/wp-json\/wp\/v2\/media?parent=20703"}],"wp:term":[{"taxonomy":"product_brand","embeddable":true,"href":"https:\/\/www.hydraulic-cylinders.net\/sl\/wp-json\/wp\/v2\/product_brand?post=20703"},{"taxonomy":"product_cat","embeddable":true,"href":"https:\/\/www.hydraulic-cylinders.net\/sl\/wp-json\/wp\/v2\/product_cat?post=20703"},{"taxonomy":"product_tag","embeddable":true,"href":"https:\/\/www.hydraulic-cylinders.net\/sl\/wp-json\/wp\/v2\/product_tag?post=20703"}],"curies":[{"name":"delovni list","href":"https:\/\/api.w.org\/{rel}","templated":true}]}}