{"id":20782,"date":"2025-05-28T06:32:23","date_gmt":"2025-05-28T06:32:23","guid":{"rendered":"https:\/\/www.hydraulic-cylinders.net\/?post_type=product&#038;p=20782"},"modified":"2025-05-28T06:39:15","modified_gmt":"2025-05-28T06:39:15","slug":"steering-cylinder-with-position-sensor","status":"publish","type":"product","link":"https:\/\/www.hydraulic-cylinders.net\/sl\/izdelek\/steering-cylinder-with-position-sensor\/","title":{"rendered":"Krmilni valj s senzorjem polo\u017eaja"},"content":{"rendered":"<h1 style=\"text-align: center;\"><strong>Krmilni valj s senzorjem polo\u017eaja<img loading=\"lazy\" decoding=\"async\" class=\"wp-image-20783 aligncenter\" src=\"https:\/\/www.hydraulic-cylinders.net\/wp-content\/uploads\/2025\/05\/sensor-steering-cylinder-1-1.webp\" alt=\"\" width=\"400\" height=\"400\" \/><\/strong><\/h1>\n<p>Na\u0161 krmilni valj s senzorjem polo\u017eaja je zasnovan za natan\u010dnost in vzdr\u017eljivost ter ponuja napreden nadzor za visokozmogljiva vozila. Ta hidravli\u010dni krmilni valj, opremljen z integriranim senzorjem polo\u017eaja, zagotavlja podatke o kotu krmiljenja v realnem \u010dasu, kar pove\u010duje varnost in zmogljivost pri zahtevnih aplikacijah. Ne glede na to, ali nadgrajujete kmetijsko opremo ali popravljate te\u017eko mehanizacijo, na\u0161 krmilni valj s senzorjem polo\u017eaja izpolnjuje najvi\u0161je industrijske standarde. Izdelan je iz visoko trdnih materialov in je odporen na okolja z visokim tlakom, zaradi \u010desar je idealen za traktorje, tovornjake in industrijska vozila. Na\u0161 nadomestni krmilni valj OEM s senzorjem zagotavlja brezhibno zdru\u017eljivost z vodilnimi blagovnimi znamkami vozil.<\/p>\n<h2><strong>Tehni\u010dne specifikacije volanskega cilindra s senzorjem polo\u017eaja:<\/strong><\/h2>\n<p><strong>Premer valja:<\/strong> 75 mm<\/p>\n<p><strong>Premer palice:<\/strong> 45 mm<\/p>\n<p><strong>Potovanje:<\/strong> 215 mm<\/p>\n<p><strong>Razdalja namestitve:<\/strong> 569 mm<\/p>\n<h1 style=\"text-align: center;\"><strong><img loading=\"lazy\" decoding=\"async\" class=\"wp-image-20784 aligncenter\" src=\"https:\/\/www.hydraulic-cylinders.net\/wp-content\/uploads\/2025\/05\/sensor-steering-cylinder-2-1.webp\" alt=\"\" width=\"400\" height=\"401\" \/><\/strong><\/h1>\n<p><strong>Premer valja:<\/strong> 80 mm<\/p>\n<p><strong>Premer palice:<\/strong> 580 mm<\/p>\n<p><strong>Potovanje:<\/strong> 126 mm<\/p>\n<p><strong>Razdalja namestitve:<\/strong> 690 mm<\/p>\n<h1 style=\"text-align: center;\"><strong><img loading=\"lazy\" decoding=\"async\" class=\"wp-image-20785 aligncenter\" src=\"https:\/\/www.hydraulic-cylinders.net\/wp-content\/uploads\/2025\/05\/sensor-steering-cylinder-3-1.webp\" alt=\"\" width=\"400\" height=\"400\" \/><\/strong><\/h1>\n<p><strong>Premer valja:<\/strong> 80 mm<\/p>\n<p><strong>Premer palice:<\/strong> 50 mm<\/p>\n<p><strong>Potovanje:<\/strong> 166 mm<\/p>\n<p><strong>Razdalja namestitve:<\/strong> 885 mm<\/p>\n<h1 style=\"text-align: center;\"><strong><img loading=\"lazy\" decoding=\"async\" class=\"wp-image-20786 alignnone\" src=\"https:\/\/www.hydraulic-cylinders.net\/wp-content\/uploads\/2025\/05\/sensor-steering-cylinder-4-1.webp\" alt=\"\" width=\"400\" height=\"400\" \/><\/strong><\/h1>\n<p><strong>Premer valja:<\/strong> 90 mm<\/p>\n<p><strong>Premer palice:<\/strong> 45 mm<\/p>\n<p><strong>Potovanje:<\/strong> 232 mm<\/p>\n<p><strong>Razdalja namestitve:<\/strong> 635 mm<\/p>\n<h2><strong>Klju\u010dne zna\u010dilnosti na\u0161ega volanskega cilindra s senzorjem polo\u017eaja:<\/strong><\/h2>\n<ul>\n<li><strong>Precizni krmilni valj za te\u017eke stroje<\/strong>Vgrajeni senzor polo\u017eaja zagotavlja natan\u010dne podatke o kotu krmiljenja za bolj\u0161i nadzor.<\/li>\n<li><strong>Vzdr\u017eljiv senzor polo\u017eaja volanskega cilindra za tovornjake<\/strong>Izdelano iz visoko trdnega jekla za odpornost proti ekstremnim pogojem.<\/li>\n<li><strong>Zamenjava volanskega cilindra OEM s senzorjem<\/strong>Zdru\u017eljivo z glavnimi znamkami vozil za enostavno namestitev.<\/li>\n<li><strong>Avtomobilski volanski valj s senzorjem polo\u017eaja<\/strong>Optimizira delovanje krmiljenja v osebnih in gospodarskih vozilih.<\/li>\n<li>Premaz, odporen proti koroziji, za dalj\u0161o \u017eivljenjsko dobo.<\/li>\n<li>Napredna senzorska tehnologija za povratne informacije v realnem \u010dasu, ki podpira sisteme ADAS in ESC.<\/li>\n<\/ul>\n<h2><strong>Uporaba krmilnih valjev s senzorji polo\u017eaja:<\/strong><\/h2>\n<p><img loading=\"lazy\" decoding=\"async\" class=\"alignnone size-full wp-image-20787\" src=\"https:\/\/www.hydraulic-cylinders.net\/wp-content\/uploads\/2025\/05\/steering-cylinders-with-position-sensors-application.webp\" alt=\"Uporaba krmilnih valjev s senzorji polo\u017eaja:\" width=\"1073\" height=\"501\" srcset=\"https:\/\/www.hydraulic-cylinders.net\/wp-content\/uploads\/2025\/05\/steering-cylinders-with-position-sensors-application.webp 1073w, https:\/\/www.hydraulic-cylinders.net\/wp-content\/uploads\/2025\/05\/steering-cylinders-with-position-sensors-application-980x458.webp 980w, https:\/\/www.hydraulic-cylinders.net\/wp-content\/uploads\/2025\/05\/steering-cylinders-with-position-sensors-application-480x224.webp 480w\" sizes=\"(min-width: 0px) and (max-width: 480px) 480px, (min-width: 481px) and (max-width: 980px) 980px, (min-width: 981px) 1073px, 100vw\" \/><\/p>\n<p>Na\u0161e\u00a0<strong>volanski cilindri s senzorji polo\u017eaja<\/strong>\u00a0so vsestranski in zagotavljajo zanesljivo delovanje v ve\u010d panogah:<\/p>\n<h3><strong>Kmetijstvo<\/strong><\/h3>\n<p>V kmetijskih okoljih, na\u0161i\u00a0<strong>hidravli\u010dni volanski valj za traktorje s senzorjem polo\u017eaja<\/strong>\u00a0zagotavlja natan\u010dno navigacijo za opremo, kot so traktorji in kombajni, kar izbolj\u0161uje u\u010dinkovitost na neravnem terenu.<\/p>\n<h3><strong>Gradbeni\u0161tvo<\/strong><\/h3>\n<p>Za gradnjo, na\u0161a\u00a0<strong>Precizni krmilni valj za te\u017eke stroje<\/strong>\u00a0zagotavlja robustno delovanje, varnost in nadzor v zahtevnih okoljih, kot so gradbi\u0161\u010da.<\/p>\n<h3><strong>Avtomobilska industrija<\/strong><\/h3>\n<p>Na\u0161e\u00a0<strong>avtomobilski volanski valj s senzorjem polo\u017eaja<\/strong>\u00a0je prilagojen za tovornjake in osebna vozila, saj izbolj\u0161uje natan\u010dnost krmiljenja in podpira napredne sisteme za pomo\u010d vozniku (ADAS).<\/p>\n<h2><strong>Re\u0161itve za vzdr\u017eevanje volanskih valjev s senzorji polo\u017eaja:<\/strong><\/h2>\n<p>Za dolgoro\u010dno delovanje volanskega cilindra s senzorjem polo\u017eaja upo\u0161tevajte te nasvete za vzdr\u017eevanje:<\/p>\n<ul>\n<li style=\"list-style-type: none;\">\n<ul>\n<li><strong>Redni pregledi<\/strong>: Za optimalno delovanje hidravli\u010dnega volanskega cilindra vsakih 6 mesecev preverite morebitne pu\u0161\u010danja, obrabo ali korozijo.<\/li>\n<li><strong>Kalibracija senzorja<\/strong>Po popravilih ali poravnavi ponovno umerite senzor polo\u017eaja z diagnosti\u010dnimi orodji, da zagotovite natan\u010dne podatke o krmiljenju.<\/li>\n<\/ul>\n<\/li>\n<\/ul>\n<p>[](https:\/\/www.johnbean.com\/us\/product-articles\/steering-angle-sensors\/)<\/p>\n<ul>\n<li><strong>Vzdr\u017eevanje teko\u010din<\/strong>: Hidravli\u010dno teko\u010dino zamenjajte v skladu z navodili proizvajalca, da prepre\u010dite kontaminacijo in zagotovite nemoteno delovanje cilindra krmilnega sistema z vgrajenim senzorjem.<\/li>\n<li><strong>\u010ci\u0161\u010denje<\/strong>: Valj in senzor naj bosta brez umazanije, da prepre\u010dite motnje v natan\u010dnosti senzorja.<\/li>\n<li><strong>Profesionalno servisiranje<\/strong>Za kompleksne te\u017eave se posvetujte s poobla\u0161\u010denim tehnikom, ki bo diagnosticiral in popravil senzor polo\u017eaja volanskega cilindra z uporabo OBD skenerjev ali specializiranega orodja.<\/li>\n<\/ul>\n<h2 dir=\"auto\"><strong>Kako senzor polo\u017eaja v volanskem valju s senzorjem polo\u017eaja izbolj\u0161a natan\u010dnost krmiljenja?<\/strong><\/h2>\n<p><img loading=\"lazy\" decoding=\"async\" class=\"alignnone size-full wp-image-20788\" src=\"https:\/\/www.hydraulic-cylinders.net\/wp-content\/uploads\/2025\/05\/steering-cylinder-with-position-sensor-advantage.png\" alt=\"Krmilni valj s senzorjem polo\u017eaja Prednost\" width=\"1079\" height=\"610\" srcset=\"https:\/\/www.hydraulic-cylinders.net\/wp-content\/uploads\/2025\/05\/steering-cylinder-with-position-sensor-advantage.png 1079w, https:\/\/www.hydraulic-cylinders.net\/wp-content\/uploads\/2025\/05\/steering-cylinder-with-position-sensor-advantage-980x554.png 980w, https:\/\/www.hydraulic-cylinders.net\/wp-content\/uploads\/2025\/05\/steering-cylinder-with-position-sensor-advantage-480x271.png 480w\" sizes=\"(min-width: 0px) and (max-width: 480px) 480px, (min-width: 481px) and (max-width: 980px) 980px, (min-width: 981px) 1079px, 100vw\" \/><\/p>\n<p dir=\"auto\">Senzor polo\u017eaja v volanskem valju s senzorjem polo\u017eaja znatno izbolj\u0161a natan\u010dnost krmiljenja, saj zagotavlja podatke o kotu krmiljenja in polo\u017eaju kolesa v realnem \u010dasu. Senzor polo\u017eaja (obi\u010dajno magnetni ali induktivni), ki je integriran v hidravli\u010dni volanski valj, spremlja gibanje bata znotraj valja in ga pretvarja v natan\u010dno povratno informacijo o kotu krmiljenja. Ti podatki se posredujejo elektronski krmilni enoti (ECU) vozila, kar omogo\u010da nemoteno prilagajanje krmilnega sistema za optimalno delovanje. Pri aplikacijah, kot so traktorji, tovornjaki in te\u017eka mehanizacija, to zagotavlja, da volanski valj zagotavlja natan\u010den in odziven nadzor, tudi v zahtevnih pogojih.<\/p>\n<p dir=\"auto\">V vozilih, opremljenih z avtomobilskim volanskim cilindrom s senzorjem polo\u017eaja, senzor podpira napredne sisteme za pomo\u010d vozniku (ADAS), kot sta pomo\u010d pri ohranjanju voznega pasu in nadzor stabilnosti, tako da zagotavlja natan\u010dne podatke o krmiljenju. Podobno se natan\u010dni volanski valj za te\u017eko mehanizacijo zana\u0161a na senzor, da ohranja natan\u010dnost med delovanjem pod visokim pritiskom, zmanj\u0161uje odna\u0161anje in izbolj\u0161uje manevriranje. Valj volanskega sistema z integriranim senzorjem prav tako pove\u010duje varnost z zaznavanjem nepravilnosti, kar zagotavlja dosledno delovanje v zahtevnih okoljih, kot sta kmetijstvo ali gradbeni\u0161tvo.<\/p>\n<h3 dir=\"auto\"><strong>Klju\u010dne prednosti za natan\u010dnost krmiljenja<\/strong><\/h3>\n<ul dir=\"auto\">\n<li><strong>Povratne informacije v realnem \u010dasu<\/strong>Senzor polo\u017eaja volanskega cilindra zagotavlja takoj\u0161nje podatke o kotu krmiljenja, kar omogo\u010da natan\u010dno poravnavo koles.<\/li>\n<li><strong>Izbolj\u0161an nadzor<\/strong>V hidravli\u010dnem krmilnem cilindru za traktorje s senzorjem polo\u017eaja senzor zagotavlja natan\u010dno navigacijo na neravnem terenu.<\/li>\n<li><strong>Zdru\u017eljivost z ADAS<\/strong>Avtomobilski volanski valj s senzorjem polo\u017eaja se integrira s sodobnimi sistemi vozil za izbolj\u0161ano odzivnost.<\/li>\n<li><strong>Vzdr\u017eljivost in natan\u010dnost<\/strong>Vzdr\u017eljiv krmilni valj s senzorjem polo\u017eaja za tovornjake ohranja natan\u010dnost tudi pod visokim tlakom.<\/li>\n<\/ul>\n<p dir=\"auto\">Z vklju\u010ditvijo senzorja polo\u017eaja volanski valj s senzorjem polo\u017eaja optimizira nadzor vozila, zaradi \u010desar je bistvena komponenta za panoge, ki potrebujejo valj krmilnega sistema z integriranim senzorjem. Za ve\u010d podrobnosti o na\u0161i zamenjavi volanskega cilindra OEM s senzorjem nas kontaktirajte \u0161e danes!<\/p>\n<h2><strong>Proizvodno obmo\u010dje hidravli\u010dnih cilindrov:<\/strong><\/h2>\n<h2><img loading=\"lazy\" decoding=\"async\" class=\"alignnone size-full wp-image-16972\" src=\"https:\/\/www.hydraulic-cylinders.net\/wp-content\/uploads\/2025\/01\/hydraulic-cylinder-factory-1-scaled.webp\" sizes=\"(min-width: 0px) and (max-width: 480px) 480px, (min-width: 481px) and (max-width: 980px) 980px, (min-width: 981px) and (max-width: 1280px) 1280px, (min-width: 1281px) 2016px, 100vw\" srcset=\"https:\/\/www.hydraulic-cylinders.net\/wp-content\/uploads\/2025\/01\/hydraulic-cylinder-factory-1-scaled.webp 2016w, https:\/\/www.hydraulic-cylinders.net\/wp-content\/uploads\/2025\/01\/hydraulic-cylinder-factory-1-1280x1625.webp 1280w, https:\/\/www.hydraulic-cylinders.net\/wp-content\/uploads\/2025\/01\/hydraulic-cylinder-factory-1-980x1244.webp 980w, https:\/\/www.hydraulic-cylinders.net\/wp-content\/uploads\/2025\/01\/hydraulic-cylinder-factory-1-480x610.webp 480w\" alt=\"\" width=\"2016\" height=\"2560\" \/><\/h2>\n<p>Kot vodilni dobavitelj hidravli\u010dnih cilindrov za krmiljenje se pona\u0161amo s prvovrstno neodvisno platformo za raziskave in razvoj, posve\u010deno inovacijam in kakovosti. Na\u0161a delavnica za proizvodnjo cilindrov za vili\u010darje ima \u0161tiri polavtomatske monta\u017ene linije za dvi\u017ene cilindre in popolnoma avtomatsko monta\u017eno linijo za nagibne cilindre z letno proizvodno zmogljivostjo <strong>milijon kosov<\/strong>.<\/p>\n<h3><strong>Specializirana delavnica za valje<\/strong><\/h3>\n<p>Na\u0161a specializirana delavnica za jeklenke je opremljena s polavtomatskimi sistemi za \u010di\u0161\u010denje in monta\u017eo, prilagojenimi razli\u010dnim specifikacijam, s \u010dimer dosegamo letno proizvodno zmogljivost <strong>200.000 kosov<\/strong>Uporabljamo vrhunsko CNC obdelovalno opremo, napredne obdelovalne centre in specializirana visoko precizna orodja za obdelavo. Na\u0161 obrat vklju\u010duje tudi robotske varilne stroje, avtomatske \u010distilne sisteme, monta\u017ene stroje in linije za proizvodnjo barv. Z ve\u010d kot <strong>300 kompletov klju\u010dne opreme<\/strong> Med delovanjem zagotavljamo optimizirano dodelitev virov in u\u010dinkovito izrabo.<\/p>\n<h3><strong>Zmogljivosti precizne obdelave<\/strong><\/h3>\n<p>Na\u0161a strojna delavnica je opremljena s centri za stru\u017eenje z nagibnimi vodili po meri, strojnimi centri, visokohitrostnimi stroji za honanje in varilnimi roboti. Ta postavitev nam omogo\u010da obdelavo valjastih cevi z najve\u010djim notranjim premerom <strong>400 mm<\/strong> in dol\u017eine do <strong>6 metrov<\/strong>Na\u0161a zavezanost natan\u010dnosti zagotavlja, da vsi izdelki izpolnjujejo najvi\u0161je standarde kakovosti.<\/p>\n<h2><img loading=\"lazy\" decoding=\"async\" class=\"alignnone size-full wp-image-16973\" src=\"https:\/\/www.hydraulic-cylinders.net\/wp-content\/uploads\/2025\/01\/hydraulic-cylinder-factory-2-scaled.webp\" sizes=\"(min-width: 0px) and (max-width: 480px) 480px, (min-width: 481px) and (max-width: 980px) 980px, (min-width: 981px) and (max-width: 1280px) 1280px, (min-width: 1281px) 2011px, 100vw\" srcset=\"https:\/\/www.hydraulic-cylinders.net\/wp-content\/uploads\/2025\/01\/hydraulic-cylinder-factory-2-scaled.webp 2011w, https:\/\/www.hydraulic-cylinders.net\/wp-content\/uploads\/2025\/01\/hydraulic-cylinder-factory-2-1280x1629.webp 1280w, https:\/\/www.hydraulic-cylinders.net\/wp-content\/uploads\/2025\/01\/hydraulic-cylinder-factory-2-980x1248.webp 980w, https:\/\/www.hydraulic-cylinders.net\/wp-content\/uploads\/2025\/01\/hydraulic-cylinder-factory-2-480x611.webp 480w\" alt=\"\" width=\"2011\" height=\"2560\" \/><\/h2>\n<p>&nbsp;<\/p>","protected":false},"excerpt":{"rendered":"<p>Steering Cylinder With Position Sensor Our\u00a0steering cylinder with position sensor\u00a0is engineered for precision and durability, offering advanced control for high-performance vehicles. Equipped with an integrated position sensor, this\u00a0hydraulic steering cylinder\u00a0provides real-time steering angle data, enhancing safety and performance in demanding applications. Whether you\u2019re upgrading agricultural equipment or repairing heavy machinery, our\u00a0position sensor steering cylinder\u00a0meets the [&hellip;]<\/p>","protected":false},"featured_media":20641,"comment_status":"open","ping_status":"closed","template":"","meta":{"_et_pb_use_builder":"","_et_pb_old_content":"","_et_gb_content_width":""},"product_brand":[],"product_cat":[1561],"product_tag":[],"class_list":{"0":"post-20782","1":"product","2":"type-product","3":"status-publish","4":"has-post-thumbnail","6":"product_cat-steering-hydraulic-cylinders","8":"first","9":"instock","10":"shipping-taxable","11":"product-type-simple"},"amp_enabled":true,"_links":{"self":[{"href":"https:\/\/www.hydraulic-cylinders.net\/sl\/wp-json\/wp\/v2\/product\/20782","targetHints":{"allow":["GET"]}}],"collection":[{"href":"https:\/\/www.hydraulic-cylinders.net\/sl\/wp-json\/wp\/v2\/product"}],"about":[{"href":"https:\/\/www.hydraulic-cylinders.net\/sl\/wp-json\/wp\/v2\/types\/product"}],"replies":[{"embeddable":true,"href":"https:\/\/www.hydraulic-cylinders.net\/sl\/wp-json\/wp\/v2\/comments?post=20782"}],"wp:featuredmedia":[{"embeddable":true,"href":"https:\/\/www.hydraulic-cylinders.net\/sl\/wp-json\/wp\/v2\/media\/20641"}],"wp:attachment":[{"href":"https:\/\/www.hydraulic-cylinders.net\/sl\/wp-json\/wp\/v2\/media?parent=20782"}],"wp:term":[{"taxonomy":"product_brand","embeddable":true,"href":"https:\/\/www.hydraulic-cylinders.net\/sl\/wp-json\/wp\/v2\/product_brand?post=20782"},{"taxonomy":"product_cat","embeddable":true,"href":"https:\/\/www.hydraulic-cylinders.net\/sl\/wp-json\/wp\/v2\/product_cat?post=20782"},{"taxonomy":"product_tag","embeddable":true,"href":"https:\/\/www.hydraulic-cylinders.net\/sl\/wp-json\/wp\/v2\/product_tag?post=20782"}],"curies":[{"name":"delovni list","href":"https:\/\/api.w.org\/{rel}","templated":true}]}}