{"id":652,"date":"2023-08-21T02:56:38","date_gmt":"2023-08-21T02:56:38","guid":{"rendered":"https:\/\/hydraulic-cylinders.net\/?post_type=product&#038;p=652"},"modified":"2025-04-11T01:45:01","modified_gmt":"2025-04-11T01:45:01","slug":"forklift-short-lifting-hydraulic-cylinder","status":"publish","type":"product","link":"https:\/\/www.hydraulic-cylinders.net\/sl\/izdelek\/forklift-short-lifting-hydraulic-cylinder\/","title":{"rendered":"Kratek hidravli\u010dni cilinder za dviganje vili\u010darja"},"content":{"rendered":"<h1 style=\"text-align: center;\"><strong>Kratek hidravli\u010dni cilinder za dviganje vili\u010darja<\/strong><\/h1>\n<p><img loading=\"lazy\" decoding=\"async\" class=\"aligncenter wp-image-653\" src=\"https:\/\/hydraulic-cylinders.net\/wp-content\/uploads\/2023\/08\/short-lifting-hydraulic-cylinder-product-2-300x300.webp\" alt=\"short-lifting-hydraulic-cylinder-product\" width=\"400\" height=\"400\" \/><\/p>\n<p>The <strong>Short Forklift Lift Cylinder<\/strong> is designed to tackle short lifting tasks effortlessly, delivering the power and precision needed to optimize your material handling operations.<\/p>\n<p>Featuring a robust design, this hydraulic cylinder can withstand heavy loads, frequent use, and challenging operating conditions. Built for durability, it ensures reliable performance while minimizing downtime related to maintenance or repairs.<\/p>\n<p>With exceptional resistance to wear, corrosion, and contamination, the <strong>Short Forklift Lift Cylinder<\/strong> maintains peak performance throughout its lifespan. Engineered to endure harsh elements, it effectively shields itself from moisture, debris, and other contaminants that could compromise its functionality.<\/p>\n<p>For those seeking a reliable lifting solution, this hydraulic cylinder is your ideal choice, ensuring efficiency and longevity in every operation.<\/p>\n<h2><strong>Forklift Short Lifting Hydraulic Cylinder Parameter:<\/strong><\/h2>\n<table>\n<tbody>\n<tr>\n<td><img loading=\"lazy\" decoding=\"async\" class=\"alignnone wp-image-654 size-full\" src=\"https:\/\/hydraulic-cylinders.net\/wp-content\/uploads\/2023\/08\/short-lifting-hydraulic-cylinder-product-1.png\" alt=\"\" width=\"457\" height=\"315\" srcset=\"https:\/\/www.hydraulic-cylinders.net\/wp-content\/uploads\/2023\/08\/short-lifting-hydraulic-cylinder-product-1.png 457w, https:\/\/www.hydraulic-cylinders.net\/wp-content\/uploads\/2023\/08\/short-lifting-hydraulic-cylinder-product-1-300x207.png 300w\" sizes=\"(max-width: 457px) 100vw, 457px\" \/><\/td>\n<td><img loading=\"lazy\" decoding=\"async\" class=\"alignnone wp-image-655 size-full\" src=\"https:\/\/hydraulic-cylinders.net\/wp-content\/uploads\/2023\/08\/short-lifting-hydraulic-cylinder-product-1-1.png\" alt=\"\" width=\"475\" height=\"137\" srcset=\"https:\/\/www.hydraulic-cylinders.net\/wp-content\/uploads\/2023\/08\/short-lifting-hydraulic-cylinder-product-1-1.png 475w, https:\/\/www.hydraulic-cylinders.net\/wp-content\/uploads\/2023\/08\/short-lifting-hydraulic-cylinder-product-1-1-300x87.png 300w\" sizes=\"(max-width: 475px) 100vw, 475px\" \/><\/td>\n<\/tr>\n<\/tbody>\n<\/table>\n<table style=\"height: 95px; width: 931px;\" border=\"1\" cellspacing=\"0\" cellpadding=\"0\">\n<tbody>\n<tr style=\"height: 47px;\">\n<td style=\"height: 47px; width: 124.137px;\">Ime cilindra<\/td>\n<td style=\"height: 47px; width: 182.712px;\">\u0161tevilka risbe<\/td>\n<td style=\"height: 47px; width: 74.2125px;\">premer izvrtine (D)<\/td>\n<td style=\"height: 47px; width: 63.6375px;\">premer palice (d)<\/td>\n<td style=\"height: 47px; width: 69.75px;\">hod (S)<\/td>\n<td style=\"height: 47px; width: 90.0875px;\">Razdalja namestitve (L)<\/td>\n<td style=\"height: 47px; width: 92.5625px;\">delovni tlak<\/td>\n<td style=\"height: 47px; width: 148.925px;\">Dimenzije vmesnika (M)<\/td>\n<td style=\"height: 47px; width: 68.975px;\">te\u017ea<\/td>\n<\/tr>\n<tr style=\"height: 48px;\">\n<td class=\"et3\" style=\"height: 48px; width: 124.137px;\" height=\"325\">Short lifting cylinder<\/td>\n<td style=\"width: 182.712px;\">RC25N480-800000-000A<\/td>\n<td style=\"width: 74.2125px;\">\u03a675<\/td>\n<td style=\"width: 63.6375px;\">\u03a660<\/td>\n<td style=\"width: 69.75px;\">800<\/td>\n<td style=\"width: 90.0875px;\">1065<\/td>\n<td style=\"width: 92.5625px;\">18.1MPa<\/td>\n<td style=\"width: 148.925px;\">M22*1.5<\/td>\n<td style=\"width: 68.975px;\">36kg<\/td>\n<\/tr>\n<tr>\n<td style=\"width: 124.137px;\">Short lifting cylinder<\/td>\n<td style=\"width: 182.712px;\">X35N480-800000-001A<\/td>\n<td style=\"width: 74.2125px;\">\u03a695<\/td>\n<td style=\"width: 63.6375px;\">\u03a680<\/td>\n<td style=\"width: 69.75px;\">800<\/td>\n<td style=\"width: 90.0875px;\">1065<\/td>\n<td style=\"width: 92.5625px;\">18.1MPa<\/td>\n<td style=\"width: 148.925px;\">M22*1.5<\/td>\n<td style=\"width: 68.975px;\">48.7kg<\/td>\n<\/tr>\n<\/tbody>\n<\/table>\n<table>\n<tbody>\n<tr>\n<td><img loading=\"lazy\" decoding=\"async\" class=\"alignnone wp-image-656 size-full\" src=\"https:\/\/hydraulic-cylinders.net\/wp-content\/uploads\/2023\/08\/short-lifting-hydraulic-cylinder-product-2-1.webp\" alt=\"\" width=\"451\" height=\"358\" srcset=\"https:\/\/www.hydraulic-cylinders.net\/wp-content\/uploads\/2023\/08\/short-lifting-hydraulic-cylinder-product-2-1.webp 451w, https:\/\/www.hydraulic-cylinders.net\/wp-content\/uploads\/2023\/08\/short-lifting-hydraulic-cylinder-product-2-1-300x238.webp 300w\" sizes=\"(max-width: 451px) 100vw, 451px\" \/><\/td>\n<td><img loading=\"lazy\" decoding=\"async\" class=\"alignnone wp-image-657 size-full\" src=\"https:\/\/hydraulic-cylinders.net\/wp-content\/uploads\/2023\/08\/short-lifting-hydraulic-cylinder-product-2-1-1.webp\" alt=\"\" width=\"475\" height=\"223\" srcset=\"https:\/\/www.hydraulic-cylinders.net\/wp-content\/uploads\/2023\/08\/short-lifting-hydraulic-cylinder-product-2-1-1.webp 475w, https:\/\/www.hydraulic-cylinders.net\/wp-content\/uploads\/2023\/08\/short-lifting-hydraulic-cylinder-product-2-1-1-300x141.webp 300w\" sizes=\"(max-width: 475px) 100vw, 475px\" \/><\/td>\n<\/tr>\n<\/tbody>\n<\/table>\n<table style=\"height: 101px; width: 938px;\" border=\"1\" cellspacing=\"0\" cellpadding=\"0\">\n<tbody>\n<tr style=\"height: 47px;\">\n<td style=\"height: 47px; width: 122px;\">Ime cilindra<\/td>\n<td style=\"height: 47px; width: 155px;\">\u0161tevilka risbe<\/td>\n<td style=\"height: 47px; width: 80px;\">premer izvrtine (D)<\/td>\n<td style=\"height: 47px; width: 79px;\">premer palice (d)<\/td>\n<td style=\"height: 47px; width: 65px;\">hod (S)<\/td>\n<td style=\"height: 47px; width: 104px;\">Razdalja namestitve (L)<\/td>\n<td style=\"height: 47px; width: 96px;\">delovni tlak<\/td>\n<td style=\"height: 47px; width: 177px;\">Dimenzije vmesnika (M)<\/td>\n<td style=\"height: 47px; width: 60px;\">te\u017ea<\/td>\n<\/tr>\n<tr style=\"height: 54px;\">\n<td class=\"et3\" style=\"height: 54px; width: 122px;\" height=\"325\">Short lifting cylinder<\/td>\n<td style=\"width: 155px;\" width=\"270\">N30N450-800000-002A<\/td>\n<td style=\"width: 80px;\" width=\"102\">\u03a685<\/td>\n<td style=\"width: 79px;\" width=\"99\">\u03a670<\/td>\n<td style=\"width: 65px;\" width=\"91\">777<\/td>\n<td style=\"width: 104px;\" width=\"136\">1015<\/td>\n<td style=\"width: 96px;\" width=\"138\">18.1MPa<\/td>\n<td style=\"width: 177px;\" width=\"294\">M22*1.5<\/td>\n<td style=\"width: 60px;\" width=\"78\">45.5kg<\/td>\n<\/tr>\n<tr>\n<td style=\"width: 122px;\">Short lifting cylinder<\/td>\n<td style=\"width: 155px;\">3U3H-800000-001A<\/td>\n<td style=\"width: 80px;\">\u03a685<\/td>\n<td style=\"width: 79px;\">\u03a670<\/td>\n<td style=\"width: 65px;\">777<\/td>\n<td style=\"width: 104px;\">1015<\/td>\n<td style=\"width: 96px;\">18.1MPa<\/td>\n<td style=\"width: 177px;\">M22*1.5<\/td>\n<td style=\"width: 60px;\">45.5kg<\/td>\n<\/tr>\n<tr>\n<td style=\"width: 122px;\">Short lifting cylinder<\/td>\n<td style=\"width: 155px;\">N35N450-800000-003A<\/td>\n<td style=\"width: 80px;\">\u03a695<\/td>\n<td style=\"width: 79px;\">\u03a680<\/td>\n<td style=\"width: 65px;\">775<\/td>\n<td style=\"width: 104px;\">1013<\/td>\n<td style=\"width: 96px;\">18.1MPa<\/td>\n<td style=\"width: 177px;\">M22*1.5<\/td>\n<td style=\"width: 60px;\">54kg<\/td>\n<\/tr>\n<\/tbody>\n<\/table>\n<h2><strong>Unlock Efficiency and Precision with the Hydraulic Cylinder:<\/strong><\/h2>\n<p>Experience the true power of hydraulic technology with the Hydraulic Cylinder. This remarkable device is designed to deliver precision and reliability in a wide range of applications. From industrial machinery to construction equipment, the Hydraulic Cylinder is the key to optimizing performance and achieving outstanding results. Discover how this powerful tool can revolutionize your operations.<\/p>\n<ul>\n<li><strong>Precizno in\u017eenirstvo<\/strong>: The Hydraulic Cylinder is meticulously engineered to provide precise control over movement and force. With its advanced design and high-quality construction, it ensures accurate and repeatable performance, allowing you to achieve the desired results with exceptional precision.<\/li>\n<li><strong>Enhanced Efficiency<\/strong>: Say goodbye to inefficiencies and uneven performance. The Hydraulic Cylinder optimizes the utilization of hydraulic power, maximizing efficiency and productivity. Experience smooth and controlled movements that reduce energy waste and enhance overall system performance.<\/li>\n<\/ul>\n<h2><strong>Zmogljivost in zmogljivost tovarne:<\/strong><\/h2>\n<h3><strong>(1) Sestavljanje<\/strong><\/h3>\n<p>Na\u0161 obrat se pona\u0161a z vrhunsko neodvisno platformo za raziskave in razvoj, namenjeno proizvodnji hidravli\u010dnih cilindrov. Upravljamo \u0161tiri polavtomatske monta\u017ene linije za dvi\u017ene cilindre in eno popolnoma avtomatsko monta\u017eno linijo za nagibne cilindre z impresivno letno proizvodno zmogljivostjo 1 milijona cilindrov.<img loading=\"lazy\" decoding=\"async\" class=\"aligncenter wp-image-626\" src=\"https:\/\/hydraulic-cylinders.net\/wp-content\/uploads\/2023\/08\/hydraulic-cylinder-product-1-300x158.webp\" alt=\"\" width=\"500\" height=\"263\" srcset=\"https:\/\/hydraulic-cylinders.net\/wp-content\/uploads\/2023\/08\/hydraulic-cylinder-product-1-300x158.webp 500w, https:\/\/hydraulic-cylinders.net\/wp-content\/uploads\/2023\/08\/hydraulic-cylinder-product-1-480x252.webp 480w\" sizes=\"(min-width: 0px) and (max-width: 480px) 480px, (min-width: 481px) 500px, 100vw\" \/><\/p>\n<p>V na\u0161i specializirani delavnici za jeklenke uporabljamo polavtomatski sistem za \u010di\u0161\u010denje in monta\u017eo, zasnovan za razli\u010dne specifikacije, ki lahko letno proizvede 200.000 jeklenk. Na\u0161a delavnica je opremljena z napredno CNC obdelovalno opremo, obdelovalnim centrom, visoko preciznimi orodji za obdelavo jeklenk, robotskimi varilnimi stroji, avtomatskimi \u010distilnimi sistemi in avtomatizirano linijo za monta\u017eo jeklenk. Poleg tega imamo popolnoma avtomatizirano proizvodno linijo za barvanje.<\/p>\n<p>Z ve\u010d kot 300 kosi kriti\u010dne opreme na\u0161a optimalna razporeditev virov zagotavlja, da izpolnjujemo stroge standarde natan\u010dnosti in kakovosti, ki jih zahtevajo na\u0161e stranke. Ta zavezanost u\u010dinkovitosti in natan\u010dnosti nas uvr\u0161\u010da med vodilne v industriji hidravli\u010dnih cilindrov.<\/p>\n<p><img loading=\"lazy\" decoding=\"async\" class=\"aligncenter wp-image-627\" src=\"https:\/\/hydraulic-cylinders.net\/wp-content\/uploads\/2023\/08\/hydraulic-cylinder-product-2-300x189.webp\" alt=\"\" width=\"500\" height=\"315\" srcset=\"https:\/\/hydraulic-cylinders.net\/wp-content\/uploads\/2023\/08\/hydraulic-cylinder-product-2-300x189.webp 500w, https:\/\/hydraulic-cylinders.net\/wp-content\/uploads\/2023\/08\/hydraulic-cylinder-product-2-480x302.webp 480w\" sizes=\"(min-width: 0px) and (max-width: 480px) 480px, (min-width: 481px) 500px, 100vw\" \/><\/p>\n<h3><strong>(2) Strojna obdelava<\/strong><\/h3>\n<p>Na\u0161a strojna delavnica je opremljena z najsodobnej\u0161o opremo, vklju\u010dno s prilagojenim centrom za stru\u017eenje nagnjenih tirnic, preciznim centrom za strojno obdelavo, visokohitrostnim strojem za honanje in naprednimi varilnimi roboti. Ta dovr\u0161ena postavitev nam omogo\u010da u\u010dinkovito obdelavo valjastih cevi z najve\u010djim notranjim premerom 400 mm in dol\u017eino do 6 metrov.<\/p>\n<p><img loading=\"lazy\" decoding=\"async\" class=\"wp-image-628 size-large aligncenter\" src=\"https:\/\/hydraulic-cylinders.net\/wp-content\/uploads\/2023\/08\/hydraulic-cylinder-product-3-1024x391.webp\" alt=\"\" width=\"1024\" height=\"391\" srcset=\"https:\/\/hydraulic-cylinders.net\/wp-content\/uploads\/2023\/08\/hydraulic-cylinder-product-3-980x374.webp 980w, https:\/\/hydraulic-cylinders.net\/wp-content\/uploads\/2023\/08\/hydraulic-cylinder-product-3-480x183.webp 480w\" sizes=\"(min-width: 0px) and (max-width: 480px) 480px, (min-width: 481px) and (max-width: 980px) 980px, (min-width: 981px) 1024px, 100vw\" \/><\/p>\n<p>Z na\u0161o najsodobnej\u0161o tehnologijo zagotavljamo visokokakovostno obdelavo, ki ustreza raznolikim potrebam proizvodnje hidravli\u010dnih cilindrov.<\/p>\n<h3><strong>(3) Varjenje<\/strong><\/h3>\n<p><img loading=\"lazy\" decoding=\"async\" class=\"wp-image-629 size-large aligncenter\" src=\"https:\/\/hydraulic-cylinders.net\/wp-content\/uploads\/2023\/08\/hydraulic-cylinder-product-4-1024x510.webp\" alt=\"\" width=\"1024\" height=\"510\" srcset=\"https:\/\/hydraulic-cylinders.net\/wp-content\/uploads\/2023\/08\/hydraulic-cylinder-product-4-980x488.webp 980w, https:\/\/hydraulic-cylinders.net\/wp-content\/uploads\/2023\/08\/hydraulic-cylinder-product-4-480x239.webp 480w\" sizes=\"(min-width: 0px) and (max-width: 480px) 480px, (min-width: 481px) and (max-width: 980px) 980px, (min-width: 981px) 1024px, 100vw\" \/><\/p>\n<h3><strong>(4) Barvanje in premazovanje<\/strong><\/h3>\n<p><img loading=\"lazy\" decoding=\"async\" class=\"wp-image-630 aligncenter\" src=\"https:\/\/hydraulic-cylinders.net\/wp-content\/uploads\/2023\/08\/hydraulic-cylinder-product-5-300x213.webp\" alt=\"\" width=\"500\" height=\"355\" \/><\/p>\n<p>Na\u0161 obrat ima napredne avtomatske linije za nana\u0161anje barv na vodni osnovi, posebej zasnovane za majhne in srednje velike jeklenke. Te linije uporabljajo robotsko tehnologijo za u\u010dinkovito nalaganje, razkladanje in brizganje, s \u010dimer dosegajo izjemno proizvodno zmogljivost 4000 kosov na izmeno.<\/p>\n<p><img loading=\"lazy\" decoding=\"async\" class=\"wp-image-631 aligncenter\" src=\"https:\/\/hydraulic-cylinders.net\/wp-content\/uploads\/2023\/08\/hydraulic-cylinder-product-6-300x225.webp\" alt=\"\" width=\"500\" height=\"375\" srcset=\"https:\/\/hydraulic-cylinders.net\/wp-content\/uploads\/2023\/08\/hydraulic-cylinder-product-6-300x225.webp 500w, https:\/\/hydraulic-cylinders.net\/wp-content\/uploads\/2023\/08\/hydraulic-cylinder-product-6-480x360.webp 480w\" sizes=\"(min-width: 0px) and (max-width: 480px) 480px, (min-width: 481px) 500px, 100vw\" \/><\/p>\n<p>Poleg tega upravljamo polavtomatsko linijo za proizvodnjo barv za velike valje, ki jo poganja robustna pogonska veriga, s projektirano zmogljivostjo 60 zabojev na izmeno. Ta kombinacija avtomatizacije in u\u010dinkovitosti zagotavlja visokokakovostne kon\u010dne obdelave vseh na\u0161ih hidravli\u010dnih valjev.<\/p>\n<h3><strong>(5) Testiranje<\/strong><\/h3>\n<p>Imamo prvovrstne in\u0161pekcijske prostore in testne postaje, s katerimi zagotavljamo, da delovanje jeklenke izpolnjuje zahteve.<\/p>\n<p><img loading=\"lazy\" decoding=\"async\" class=\"wp-image-632 aligncenter\" src=\"https:\/\/hydraulic-cylinders.net\/wp-content\/uploads\/2023\/08\/hydraulic-cylinder-product-8-300x200.webp\" alt=\"\" width=\"389\" height=\"260\" \/><\/p>\n<p>Smo priznani proizvajalec <a href=\"https:\/\/hzpt.com\/mobile-machinery-hydraulic-cylinder\/\" target=\"_blank\" rel=\"noopener\">hidravli\u010dni cilindri<\/a>, priznan kot eden najbolj\u0161ih v panogi. Na\u0161a obse\u017ena linija izdelkov vklju\u010duje \u0161iroko paleto hidravli\u010dnih cilindrov, prilagojenih razli\u010dnim aplikacijam. Poleg hidravli\u010dnih cilindrov ponujamo tudi visokokakovostne kmetijske menjalnike, s \u010dimer na\u0161im strankam zagotavljamo dostop do celovitih re\u0161itev za njihove potrebe po strojih.<\/p>\n<p>Z zavezanostjo k odli\u010dnosti smo uspe\u0161no izva\u017eali svoje izdelke strankam po vsem svetu in si prislu\u017eili dober sloves vrhunske kakovosti izdelkov in izjemne poprodajne storitve. Na\u0161a predanost zadovoljstvu strank nas je postavila med zaupanja vredne partnerje tako na doma\u010dem kot na mednarodnem trgu.<\/p>\n<h2><strong>Zakaj izbrati nas?<\/strong><\/h2>\n<p><img loading=\"lazy\" decoding=\"async\" class=\"size-full wp-image-7201 aligncenter\" src=\"https:\/\/www.hydraulic-cylinders.net\/wp-content\/uploads\/2024\/09\/mining-dump-steering-cylinder-hydraulics-on-trucks-8.webp\" alt=\"\" width=\"1110\" height=\"735\" srcset=\"https:\/\/www.hydraulic-cylinders.net\/wp-content\/uploads\/2024\/09\/mining-dump-steering-cylinder-hydraulics-on-trucks-8.webp 1110w, https:\/\/www.hydraulic-cylinders.net\/wp-content\/uploads\/2024\/09\/mining-dump-steering-cylinder-hydraulics-on-trucks-8-980x649.webp 980w, https:\/\/www.hydraulic-cylinders.net\/wp-content\/uploads\/2024\/09\/mining-dump-steering-cylinder-hydraulics-on-trucks-8-480x318.webp 480w\" sizes=\"(min-width: 0px) and (max-width: 480px) 480px, (min-width: 481px) and (max-width: 980px) 980px, (min-width: 981px) 1110px, 100vw\" \/><\/p>\n<p><strong>Strokovno znanje:<\/strong> Na\u0161a ekipa je sestavljena iz strokovnjakov iz industrije z bogatim znanjem in izku\u0161njami na podro\u010dju hidravli\u010dnih sistemov, kar zagotavlja vrhunske izdelke in storitve.<\/p>\n<p><strong>Mednarodni certifikati:<\/strong> Dr\u017eimo se strogih standardov kakovosti in imamo razli\u010dne mednarodne certifikate, kar dokazuje na\u0161o zavezanost zagotavljanju zanesljivih in varnih hidravli\u010dnih re\u0161itev.<\/p>\n<p><strong>Re\u0161itve po meri:<\/strong> Razumemo, da so potrebe vsake stranke edinstvene. Zato ponujamo hidravli\u010dne cilindre in menjalnike po meri, prilagojene specifi\u010dnim zahtevam.<\/p>\n<p><strong>Napredna proizvodna oprema:<\/strong> Na\u0161i najsodobnej\u0161i proizvodni obrati uporabljajo najnovej\u0161o tehnologijo in opremo, kar nam omogo\u010da u\u010dinkovito proizvodnjo visokokakovostnih izdelkov.<\/p>\n<p><strong>Celovita poprodajna podpora:<\/strong> Na\u0161a zavezanost strankam sega dlje od same prodaje. Zagotavljamo vam stalno podporo in vzdr\u017eevanje, da zagotovimo optimalno delovanje na\u0161ih izdelkov.<\/p>\n<p>Stranke z vsega sveta vabimo, da nas kontaktirajo za poslovna pogajanja, izmenjavo informacij in prilo\u017enosti za sodelovanje. Skupaj lahko dose\u017eemo ve\u010dji uspeh v hidravli\u010dni industriji!<\/p>","protected":false},"excerpt":{"rendered":"<p>Forklift Short Lifting Hydraulic Cylinder The Short Forklift Lift Cylinder is designed to tackle short lifting tasks effortlessly, delivering the power and precision needed to optimize your material handling operations. Featuring a robust design, this hydraulic cylinder can withstand heavy loads, frequent use, and challenging operating conditions. Built for durability, it ensures reliable performance while [&hellip;]<\/p>","protected":false},"featured_media":658,"comment_status":"open","ping_status":"closed","template":"","meta":{"_et_pb_use_builder":"","_et_pb_old_content":"","_et_gb_content_width":""},"product_brand":[],"product_cat":[1484,1549],"product_tag":[1380],"class_list":{"0":"post-652","1":"product","2":"type-product","3":"status-publish","4":"has-post-thumbnail","6":"product_cat-forklift-hydraulic-cylinders","7":"product_cat-single-acting-hydraulic-cylinder","8":"product_tag-hydraulic-cylinder","10":"first","11":"instock","12":"shipping-taxable","13":"product-type-simple"},"amp_enabled":true,"_links":{"self":[{"href":"https:\/\/www.hydraulic-cylinders.net\/sl\/wp-json\/wp\/v2\/product\/652","targetHints":{"allow":["GET"]}}],"collection":[{"href":"https:\/\/www.hydraulic-cylinders.net\/sl\/wp-json\/wp\/v2\/product"}],"about":[{"href":"https:\/\/www.hydraulic-cylinders.net\/sl\/wp-json\/wp\/v2\/types\/product"}],"replies":[{"embeddable":true,"href":"https:\/\/www.hydraulic-cylinders.net\/sl\/wp-json\/wp\/v2\/comments?post=652"}],"wp:featuredmedia":[{"embeddable":true,"href":"https:\/\/www.hydraulic-cylinders.net\/sl\/wp-json\/wp\/v2\/media\/658"}],"wp:attachment":[{"href":"https:\/\/www.hydraulic-cylinders.net\/sl\/wp-json\/wp\/v2\/media?parent=652"}],"wp:term":[{"taxonomy":"product_brand","embeddable":true,"href":"https:\/\/www.hydraulic-cylinders.net\/sl\/wp-json\/wp\/v2\/product_brand?post=652"},{"taxonomy":"product_cat","embeddable":true,"href":"https:\/\/www.hydraulic-cylinders.net\/sl\/wp-json\/wp\/v2\/product_cat?post=652"},{"taxonomy":"product_tag","embeddable":true,"href":"https:\/\/www.hydraulic-cylinders.net\/sl\/wp-json\/wp\/v2\/product_tag?post=652"}],"curies":[{"name":"delovni list","href":"https:\/\/api.w.org\/{rel}","templated":true}]}}