{"id":7690,"date":"2024-09-26T11:14:33","date_gmt":"2024-09-26T11:14:33","guid":{"rendered":"https:\/\/www.hydraulic-cylinders.net\/?post_type=product&#038;p=7690"},"modified":"2025-04-14T01:17:34","modified_gmt":"2025-04-14T01:17:34","slug":"mining-dump-lifting-cylinder-hydraulic-on-trucks","status":"publish","type":"product","link":"https:\/\/www.hydraulic-cylinders.net\/sl\/izdelek\/mining-dump-lifting-cylinder-hydraulic-on-trucks\/","title":{"rendered":"Hidravli\u010dni cilinder za dvigovanje rudarskih odlagali\u0161\u010d na tovornjakih"},"content":{"rendered":"<h1 style=\"text-align: center;\"><strong>Hidravli\u010dni cilinder za dvigovanje rudarskih odlagali\u0161\u010d na tovornjakih<\/strong><\/h1>\n<p><img loading=\"lazy\" decoding=\"async\" class=\"aligncenter wp-image-1608\" src=\"https:\/\/hydraulic-cylinders.net\/wp-content\/uploads\/2023\/10\/lifting-cylinder-1-300x300.webp\" alt=\"\" width=\"400\" height=\"400\" \/><\/p>\n<p>Dvi\u017eni cilinder rudarskega prekucnika je klju\u010dna komponenta, posebej zasnovana za ta vozila. Ta zmogljiv hidravli\u010dni cilinder je odgovoren za dvigovanje in spu\u0161\u010danje odlagalne povr\u0161ine tovornjaka, kar omogo\u010da u\u010dinkovito nakladanje in razkladanje materialov med rudarskimi operacijami.<\/p>\n<p>Dvi\u017eni cilinder za rudarske prekucnike, zasnovan za robustnost in visoko dvi\u017eno zmogljivost, igra klju\u010dno vlogo pri pove\u010danju u\u010dinkovitosti in produktivnosti rudarskih dejavnosti. Njegov natan\u010den nadzor omogo\u010da nemoteno ravnanje z materialom, kar zmanj\u0161uje \u010das izpada in pove\u010duje produktivnost.<\/p>\n<p>Da bi zagotovili dolgo \u017eivljenjsko dobo in zanesljivo delovanje tega hidravli\u010dnega cilindra, morajo upravljavci upo\u0161tevati ustrezna navodila za uporabo in se dr\u017eati priporo\u010denih vzdr\u017eevalnih praks. Odlo\u010dite se za ta visokozmogljiv dvi\u017eni cilinder, da izbolj\u0161ate zmogljivosti svojega rudarskega prekucnika in optimizirate rudarske operacije.<\/p>\n<h2><strong>Hidravli\u010dni cilinder za dvigovanje rudarskih odlagali\u0161\u010d na tovornjakih Parameter:<\/strong><\/h2>\n<table border=\"1\" cellspacing=\"0\" cellpadding=\"0\">\n<tbody>\n<tr>\n<td>Ime izdelka<\/td>\n<td>Hidravli\u010dni cilinder za dvigovanje rudarskih odlagali\u0161\u010d na tovornjakih<\/td>\n<\/tr>\n<tr>\n<td>Zna\u010dilnosti:<\/td>\n<td>Dvignite\/spustite keson za razkladanje tovora<\/td>\n<\/tr>\n<tr>\n<td>Premer izvrtine:<\/td>\n<td>120 mm\uff5e380 mm<\/td>\n<\/tr>\n<tr>\n<td>Premer palice:<\/td>\n<td>90 mm\uff5e350 mm<\/td>\n<\/tr>\n<tr>\n<td>Na splo\u0161no:<\/td>\n<td>Dvostopenjski ali tristopenjski valj<\/td>\n<\/tr>\n<tr>\n<td>Uporaba dvi\u017enih cilindrov:<\/td>\n<td>Rudarski prekucnik<\/td>\n<\/tr>\n<\/tbody>\n<\/table>\n<h2><strong>Klju\u010dne zna\u010dilnosti dvi\u017enega cilindra za rudarske prekucnike:<\/strong><\/h2>\n<h3><strong>Robustna in zanesljiva konstrukcija<\/strong><\/h3>\n<p>Dvi\u017eni valj za rudarske prekucnike je zasnovan za vzdr\u017eljivost, izdelan iz visokokakovostnih materialov in natan\u010dne in\u017eeniringa, da prenese te\u017eke pogoje rudarskih operacij. Ponuja izjemno trdnost in zanesljivost, kar mu omogo\u010da, da prenese te\u017eke obremenitve in zagotavlja dosledno delovanje tudi v te\u017ekih okoljih.<\/p>\n<h3><strong>Visoka dvi\u017ena zmogljivost<\/strong><\/h3>\n<p>Ta valj je zasnovan tako, da zagotavlja znatno dvi\u017eno zmogljivost, ki rudarskemu prekucniku omogo\u010da u\u010dinkovito upravljanje velikih koli\u010din materialov. Z impresivno dvi\u017eno mo\u010djo omogo\u010da hitro in zanesljivo odlaganje, kar zmanj\u0161uje \u010das izpada in pove\u010duje produktivnost na gradbi\u0161\u010du.<\/p>\n<h3><strong>Natan\u010den nadzor in gladko delovanje<\/strong><\/h3>\n<p>Dvi\u017eni cilinder rudarskega prekucnika omogo\u010da natan\u010den nadzor nad dvigovanjem in spu\u0161\u010danjem odlagali\u0161\u010da, kar zagotavlja gladko in natan\u010dno gibanje. Ta funkcija omogo\u010da upravljavcem, da natan\u010dno namestijo odlagali\u0161\u010de, kar poenostavi tako nakladanje kot razkladanje.<\/p>\n<h2><strong>Diagram identifikacije hidravli\u010dnega cilindra za dvigovanje rudarskih odlagali\u0161\u010d na tovornjakih:<\/strong><\/h2>\n<p><img loading=\"lazy\" decoding=\"async\" class=\"wp-image-7200 aligncenter\" src=\"https:\/\/www.hydraulic-cylinders.net\/wp-content\/uploads\/2024\/09\/mining-dump-steering-cylinder-hydraulics-on-trucks-7.webp\" alt=\"\" width=\"1200\" height=\"801\" srcset=\"https:\/\/www.hydraulic-cylinders.net\/wp-content\/uploads\/2024\/09\/mining-dump-steering-cylinder-hydraulics-on-trucks-7-980x654.webp 980w, https:\/\/www.hydraulic-cylinders.net\/wp-content\/uploads\/2024\/09\/mining-dump-steering-cylinder-hydraulics-on-trucks-7-480x320.webp 480w\" sizes=\"(min-width: 0px) and (max-width: 480px) 480px, (min-width: 481px) and (max-width: 980px) 980px, (min-width: 981px) 1200px, 100vw\" \/><\/p>\n<h2><strong>Kako namestiti hidravliko na tovornjak?<\/strong><\/h2>\n<h2><img loading=\"lazy\" decoding=\"async\" class=\"size-full wp-image-7691 aligncenter\" src=\"https:\/\/www.hydraulic-cylinders.net\/wp-content\/uploads\/2024\/09\/mining-dump-lifting-cylinder-hydraulic-on-trucks-2.webp\" alt=\"\" width=\"1600\" height=\"900\" srcset=\"https:\/\/www.hydraulic-cylinders.net\/wp-content\/uploads\/2024\/09\/mining-dump-lifting-cylinder-hydraulic-on-trucks-2.webp 1600w, https:\/\/www.hydraulic-cylinders.net\/wp-content\/uploads\/2024\/09\/mining-dump-lifting-cylinder-hydraulic-on-trucks-2-1280x720.webp 1280w, https:\/\/www.hydraulic-cylinders.net\/wp-content\/uploads\/2024\/09\/mining-dump-lifting-cylinder-hydraulic-on-trucks-2-980x551.webp 980w, https:\/\/www.hydraulic-cylinders.net\/wp-content\/uploads\/2024\/09\/mining-dump-lifting-cylinder-hydraulic-on-trucks-2-480x270.webp 480w\" sizes=\"(min-width: 0px) and (max-width: 480px) 480px, (min-width: 481px) and (max-width: 980px) 980px, (min-width: 981px) and (max-width: 1280px) 1280px, (min-width: 1281px) 1600px, 100vw\" \/><\/h2>\n<h3><strong>1. Zberite svoje materiale in orodja<\/strong><\/h3>\n<h4><strong>Hidravli\u010dne komponente:<\/strong><\/h4>\n<p>\u010crpalka: Srce va\u0161ega hidravli\u010dnega sistema.<br \/>\nCilinder: Pretvarja hidravli\u010dno energijo v mehansko silo.<br \/>\nCevi in \u200b\u200bpriklju\u010dki: Bistveni za prenos teko\u010dine in povezave.<br \/>\nRezervoar: Vsebuje hidravli\u010dno teko\u010dino.<\/p>\n<h4><strong>Orodja, ki jih boste potrebovali:<\/strong><\/h4>\n<p>Klju\u010di: Za privijanje spojev.<br \/>\nIzvija\u010di: Za pritrjevanje komponent.<br \/>\nIzvrtajte: \u010ce so potrebne dodatne pritrdilne luknje.<br \/>\n\u017daga: Za kakr\u0161ne koli prilagoditve ali modifikacije.<br \/>\nHidravli\u010dna teko\u010dina: \u017divljenjska sila va\u0161ega hidravli\u010dnega sistema.<\/p>\n<h3><strong>2. Na\u010drtujte namestitev<\/strong><\/h3>\n<p><strong>Pametno izberite lokacije:<\/strong> Dolo\u010dite in ozna\u010dite idealna mesta za monta\u017eo \u010drpalke, rezervoarja in cilindra, da zagotovite enostaven dostop in optimalno delovanje.<\/p>\n<p><strong>Pregled shem:<\/strong> Da bi se izognili morebitni zmedi med namestitvijo, preu\u010dite razporeditev sistema in diagrame povezav, specifi\u010dne za va\u0161e tovorno vozilo.<\/p>\n<h3><strong>3. Namestite hidravli\u010dno \u010drpalko<\/strong><\/h3>\n<h3><strong><img loading=\"lazy\" decoding=\"async\" class=\"alignnone wp-image-7197\" src=\"https:\/\/www.hydraulic-cylinders.net\/wp-content\/uploads\/2024\/09\/mining-dump-steering-cylinder-hydraulics-on-trucks-4.webp\" alt=\"\" width=\"500\" height=\"319\" \/><\/strong><\/h3>\n<p><strong>Varno namestite \u010drpalko: <\/strong>\u010crpalko pritrdite na okvir ali motor tovornjaka z ustreznimi nosilci in se prepri\u010dajte, da je stabilna in varna.<\/p>\n<p><strong>Poravnaj s kardansko gredjo:<\/strong> \u010ce je primerno, \u010drpalko priklju\u010dite na kardansko gred (PTO) za nemoten prenos mo\u010di iz motorja.<\/p>\n<h3><strong>4. Namestite hidravli\u010dni rezervoar<\/strong><\/h3>\n<h3><strong><img loading=\"lazy\" decoding=\"async\" class=\"alignnone size-full wp-image-7198\" src=\"https:\/\/www.hydraulic-cylinders.net\/wp-content\/uploads\/2024\/09\/mining-dump-steering-cylinder-hydraulics-on-trucks-5.webp\" alt=\"\" width=\"500\" height=\"304\" srcset=\"https:\/\/www.hydraulic-cylinders.net\/wp-content\/uploads\/2024\/09\/mining-dump-steering-cylinder-hydraulics-on-trucks-5.webp 500w, https:\/\/www.hydraulic-cylinders.net\/wp-content\/uploads\/2024\/09\/mining-dump-steering-cylinder-hydraulics-on-trucks-5-480x292.webp 480w\" sizes=\"(min-width: 0px) and (max-width: 480px) 480px, (min-width: 481px) 500px, 100vw\" \/><\/strong><\/h3>\n<p><strong>Strate\u0161ki polo\u017eaj:<\/strong>Rezervoar postavite blizu \u010drpalke za la\u017eji dostop med vzdr\u017eevanjem in preverjanjem teko\u010din.<\/p>\n<p><strong>Dobro zavarujte:<\/strong> Za trdno pritrditev rezervoarja na ogrodje tovornjaka uporabite trdne nosilce ali vijake, s \u010dimer prepre\u010dite premikanje med delovanjem.<\/p>\n<h3><strong>5. Namestite hidravli\u010dni cilinder<\/strong><\/h3>\n<p><strong>Namestitev cilindra:<\/strong> Hidravli\u010dni cilinder pritrdite na \u017eeleno mesto, na primer na odlagalno povr\u0161ino ali druga delovna obmo\u010dja.<\/p>\n<p><strong>Zagotovite stabilnost: <\/strong>Preverite, ali je tesno pritrjen na okvir ali posteljo, da prenese obremenitve delovanja brez premikanja.<\/p>\n<h3><strong>6. Napeljite hidravli\u010dne cevi<\/strong><\/h3>\n<p><strong>Priklju\u010dite cevi:<\/strong> Cevi iz \u010drpalke priklju\u010dite na valj in rezervoar ter pazite, da so speljane stran od gibljivih delov in virov toplote.<\/p>\n<p><strong>Uporabite ustrezne armature:<\/strong> Dvakrat preverite vse povezave, da se prepri\u010date, da so tesne in ne pu\u0161\u010dajo, po potrebi uporabite tesnilno maso za navoje.<\/p>\n<h3><strong>7. Priklju\u010dite regulacijske ventile<\/strong><\/h3>\n<p><strong>Priro\u010dna namestitev regulacijskih ventilov:<\/strong> Za la\u017eji dostop med vo\u017enjo namestite krmilne ventile v kabino ali blizu voznikovega sede\u017ea.<\/p>\n<p><strong>Priklju\u010ditev na hidravli\u010dne cevi:<\/strong> Ventile pritrdite na cevi, ki vodijo do valja, in tako zagotovite proste in neovirane poti za pretok teko\u010dine.<\/p>\n<h3><strong>8. Napolnite hidravli\u010dni sistem<\/strong><\/h3>\n<p><strong>Dodajte hidravli\u010dno teko\u010dino:<\/strong> Rezervoar previdno napolnite z ustrezno hidravli\u010dno teko\u010dino v skladu s specifikacijami proizvajalca.<\/p>\n<p><strong>Preverite pu\u0161\u010danje:<\/strong> Temeljito preglejte vse priklju\u010dke in spoje glede morebitnih znakov pu\u0161\u010danja in jih po potrebi privijte.<\/p>\n<h3><strong>9. Preizkusite sistem<\/strong><\/h3>\n<p><strong>Upravljanje s krmilnimi elementi:<\/strong> Vklopite hidravli\u010dni sistem, da preizkusite njegovo delovanje in zagotovite nemoteno delovanje brez te\u017eav.<\/p>\n<p><strong>Zmogljivost monitorja:<\/strong> Med delovanjem bodite pozorni na pu\u0161\u010danja in poslu\u0161ajte nenavadne zvoke. Po potrebi prilagodite delovanje za optimalno delovanje.<\/p>\n<h2><strong>10. Kon\u010dne prilagoditve<\/strong><\/h2>\n<p><strong>Zavarujte vse komponente:<\/strong> Preglejte vsako komponento, da se prepri\u010date, da je vse tesno in varno pritrjeno.<\/p>\n<p><strong>Naredite potrebne prilagoditve:<\/strong> Za bolj\u0161o zmogljivost natan\u010dno nastavite vse dele in tako zagotovite, da je va\u0161 hidravli\u010dni sistem pripravljen za delovanje.<\/p>\n<h2><strong>Kako preveriti hidravli\u010dno teko\u010dino na prekucniku?<\/strong><\/h2>\n<h3><strong>1. Varnost na prvem mestu<\/strong><\/h3>\n<p><strong>Parkiraj tovornjak s prekucnikom:<\/strong> Prepri\u010dajte se, da je vili\u010dar na ravni in stabilni povr\u0161ini.<br \/>\n<strong>Vklopite parkirno zavoro:<\/strong> Aktivirajte parkirno zavoro in ugasnite motor.<\/p>\n<p><img loading=\"lazy\" decoding=\"async\" class=\"aligncenter wp-image-7202\" src=\"https:\/\/www.hydraulic-cylinders.net\/wp-content\/uploads\/2024\/09\/mining-dump-steering-cylinder-hydraulics-on-trucks-9.webp\" alt=\"\" width=\"800\" height=\"370\" srcset=\"https:\/\/www.hydraulic-cylinders.net\/wp-content\/uploads\/2024\/09\/mining-dump-steering-cylinder-hydraulics-on-trucks-9.webp 800w, https:\/\/www.hydraulic-cylinders.net\/wp-content\/uploads\/2024\/09\/mining-dump-steering-cylinder-hydraulics-on-trucks-9-480x222.webp 480w\" sizes=\"(min-width: 0px) and (max-width: 480px) 480px, (min-width: 481px) 800px, 100vw\" \/><\/p>\n<h3><strong>2. Poi\u0161\u010dite hidravli\u010dni rezervoar<\/strong><\/h3>\n<p>Poi\u0161\u010dite rezervoar za hidravli\u010dno teko\u010dino, ki je obi\u010dajno ozna\u010den in se nahaja v bli\u017eini komponent hidravli\u010dnega sistema.<\/p>\n<h3><strong>3. Preverite nivo teko\u010dine<\/strong><\/h3>\n<p><strong>Uporaba merilne palice:<\/strong> \u010ce je merilna palica za olje, jo odstranite, obri\u0161ite s krpo in jo ponovno vstavite, da preverite nivo.<br \/>\n<strong>Uporaba kontrolnega stekla:<\/strong> \u010ce ima rezervoar kontrolno okence, preprosto opazujte nivo teko\u010dine neposredno.<\/p>\n<h3><strong>4. Preverite stanje teko\u010dine<\/strong><\/h3>\n<h3><strong><img loading=\"lazy\" decoding=\"async\" class=\"size-full wp-image-7204 aligncenter\" style=\"color: #666666; font-size: 14px; font-weight: 500;\" src=\"https:\/\/www.hydraulic-cylinders.net\/wp-content\/uploads\/2024\/09\/mining-dump-steering-cylinder-hydraulics-on-trucks-11.webp\" alt=\"\" width=\"640\" height=\"426\" srcset=\"https:\/\/www.hydraulic-cylinders.net\/wp-content\/uploads\/2024\/09\/mining-dump-steering-cylinder-hydraulics-on-trucks-11.webp 640w, https:\/\/www.hydraulic-cylinders.net\/wp-content\/uploads\/2024\/09\/mining-dump-steering-cylinder-hydraulics-on-trucks-11-480x320.webp 480w\" sizes=\"(min-width: 0px) and (max-width: 480px) 480px, (min-width: 481px) 640px, 100vw\" \/><\/strong><\/h3>\n<p>Ocenite barvo in bistrost teko\u010dine. Hidravli\u010dna teko\u010dina mora biti \u010dista in bistra. \u010ce je temna ali vsebuje umazanijo, jo je morda treba zamenjati.<\/p>\n<h3><strong>5. Po potrebi dodajte hidravli\u010dno teko\u010dino<\/strong><\/h3>\n<p>\u010ce je nivo teko\u010dine nizek, dolijte hidravli\u010dno teko\u010dino, ki jo priporo\u010da proizvajalec, dokler ne dose\u017ee ustreznega nivoja.<\/p>\n<h3><strong>6. Preverite pu\u0161\u010danje<\/strong><\/h3>\n<p>Preverite obmo\u010dje okoli rezervoarja in cevi glede morebitnih znakov pu\u0161\u010danja ali po\u0161kodb.<\/p>\n<h3><strong>7. Zaprite rezervoar<\/strong><\/h3>\n<p>\u010ce ste dodali teko\u010dino, se prepri\u010dajte, da je pokrov\u010dek rezervoarja varno name\u0161\u010den.<\/p>\n<h3><strong>8. Preizkusite sistem<\/strong><\/h3>\n<p>Za\u017eenite vili\u010dar in na kratko vklopite hidravli\u010dni sistem, da teko\u010dina zakro\u017ei. Nato ponovno preverite nivo teko\u010dine, da se prepri\u010date, da je na pravilni ravni.<\/p>\n<h2><strong>Zmogljivost in zmogljivost tovarne:<\/strong><\/h2>\n<h3><strong>(1) Sestavljanje<\/strong><\/h3>\n<p>Na\u0161 obrat se pona\u0161a z vrhunsko neodvisno platformo za raziskave in razvoj, namenjeno proizvodnji hidravli\u010dnih cilindrov. Upravljamo \u0161tiri polavtomatske monta\u017ene linije za dvi\u017ene cilindre in eno popolnoma avtomatsko monta\u017eno linijo za nagibne cilindre z impresivno letno proizvodno zmogljivostjo 1 milijona cilindrov.<img loading=\"lazy\" decoding=\"async\" class=\"aligncenter wp-image-626\" src=\"https:\/\/hydraulic-cylinders.net\/wp-content\/uploads\/2023\/08\/hydraulic-cylinder-product-1-300x158.webp\" alt=\"\" width=\"500\" height=\"263\" srcset=\"https:\/\/hydraulic-cylinders.net\/wp-content\/uploads\/2023\/08\/hydraulic-cylinder-product-1-300x158.webp 500w, https:\/\/hydraulic-cylinders.net\/wp-content\/uploads\/2023\/08\/hydraulic-cylinder-product-1-480x252.webp 480w\" sizes=\"(min-width: 0px) and (max-width: 480px) 480px, (min-width: 481px) 500px, 100vw\" \/><\/p>\n<p>V na\u0161i specializirani delavnici za jeklenke uporabljamo polavtomatski sistem za \u010di\u0161\u010denje in monta\u017eo, zasnovan za razli\u010dne specifikacije, ki lahko letno proizvede 200.000 jeklenk. Na\u0161a delavnica je opremljena z napredno CNC obdelovalno opremo, obdelovalnim centrom, visoko preciznimi orodji za obdelavo jeklenk, robotskimi varilnimi stroji, avtomatskimi \u010distilnimi sistemi in avtomatizirano linijo za monta\u017eo jeklenk. Poleg tega imamo popolnoma avtomatizirano proizvodno linijo za barvanje.<\/p>\n<p>Z ve\u010d kot 300 kosi kriti\u010dne opreme na\u0161a optimalna razporeditev virov zagotavlja, da izpolnjujemo stroge standarde natan\u010dnosti in kakovosti, ki jih zahtevajo na\u0161e stranke. Ta zavezanost u\u010dinkovitosti in natan\u010dnosti nas uvr\u0161\u010da med vodilne v industriji hidravli\u010dnih cilindrov.<\/p>\n<p><img loading=\"lazy\" decoding=\"async\" class=\"aligncenter wp-image-627\" src=\"https:\/\/hydraulic-cylinders.net\/wp-content\/uploads\/2023\/08\/hydraulic-cylinder-product-2-300x189.webp\" alt=\"\" width=\"500\" height=\"315\" srcset=\"https:\/\/hydraulic-cylinders.net\/wp-content\/uploads\/2023\/08\/hydraulic-cylinder-product-2-300x189.webp 500w, https:\/\/hydraulic-cylinders.net\/wp-content\/uploads\/2023\/08\/hydraulic-cylinder-product-2-480x302.webp 480w\" sizes=\"(min-width: 0px) and (max-width: 480px) 480px, (min-width: 481px) 500px, 100vw\" \/><\/p>\n<h3><strong>(2) Strojna obdelava<\/strong><\/h3>\n<p>Na\u0161a strojna delavnica je opremljena z najsodobnej\u0161o opremo, vklju\u010dno s prilagojenim centrom za stru\u017eenje nagnjenih tirnic, preciznim centrom za strojno obdelavo, visokohitrostnim strojem za honanje in naprednimi varilnimi roboti. Ta dovr\u0161ena postavitev nam omogo\u010da u\u010dinkovito obdelavo valjastih cevi z najve\u010djim notranjim premerom 400 mm in dol\u017eino do 6 metrov.<\/p>\n<p><img loading=\"lazy\" decoding=\"async\" class=\"wp-image-628 size-large aligncenter\" src=\"https:\/\/hydraulic-cylinders.net\/wp-content\/uploads\/2023\/08\/hydraulic-cylinder-product-3-1024x391.webp\" alt=\"\" width=\"1024\" height=\"391\" srcset=\"https:\/\/hydraulic-cylinders.net\/wp-content\/uploads\/2023\/08\/hydraulic-cylinder-product-3-980x374.webp 980w, https:\/\/hydraulic-cylinders.net\/wp-content\/uploads\/2023\/08\/hydraulic-cylinder-product-3-480x183.webp 480w\" sizes=\"(min-width: 0px) and (max-width: 480px) 480px, (min-width: 481px) and (max-width: 980px) 980px, (min-width: 981px) 1024px, 100vw\" \/><\/p>\n<p>Z na\u0161o najsodobnej\u0161o tehnologijo zagotavljamo visokokakovostno obdelavo, ki ustreza raznolikim potrebam proizvodnje hidravli\u010dnih cilindrov.<\/p>\n<h3><strong>(3) Varjenje<\/strong><\/h3>\n<p><img loading=\"lazy\" decoding=\"async\" class=\"wp-image-629 size-large aligncenter\" src=\"https:\/\/hydraulic-cylinders.net\/wp-content\/uploads\/2023\/08\/hydraulic-cylinder-product-4-1024x510.webp\" alt=\"\" width=\"1024\" height=\"510\" srcset=\"https:\/\/hydraulic-cylinders.net\/wp-content\/uploads\/2023\/08\/hydraulic-cylinder-product-4-980x488.webp 980w, https:\/\/hydraulic-cylinders.net\/wp-content\/uploads\/2023\/08\/hydraulic-cylinder-product-4-480x239.webp 480w\" sizes=\"(min-width: 0px) and (max-width: 480px) 480px, (min-width: 481px) and (max-width: 980px) 980px, (min-width: 981px) 1024px, 100vw\" \/><\/p>\n<h3><strong>(4) Barvanje in premazovanje<\/strong><\/h3>\n<p><img loading=\"lazy\" decoding=\"async\" class=\"wp-image-630 aligncenter\" src=\"https:\/\/hydraulic-cylinders.net\/wp-content\/uploads\/2023\/08\/hydraulic-cylinder-product-5-300x213.webp\" alt=\"\" width=\"500\" height=\"355\" \/><\/p>\n<p>Na\u0161 obrat ima napredne avtomatske linije za nana\u0161anje barv na vodni osnovi, posebej zasnovane za majhne in srednje velike jeklenke. Te linije uporabljajo robotsko tehnologijo za u\u010dinkovito nalaganje, razkladanje in brizganje, s \u010dimer dosegajo izjemno proizvodno zmogljivost 4000 kosov na izmeno.<\/p>\n<p><img loading=\"lazy\" decoding=\"async\" class=\"wp-image-631 aligncenter\" src=\"https:\/\/hydraulic-cylinders.net\/wp-content\/uploads\/2023\/08\/hydraulic-cylinder-product-6-300x225.webp\" alt=\"\" width=\"500\" height=\"375\" srcset=\"https:\/\/hydraulic-cylinders.net\/wp-content\/uploads\/2023\/08\/hydraulic-cylinder-product-6-300x225.webp 500w, https:\/\/hydraulic-cylinders.net\/wp-content\/uploads\/2023\/08\/hydraulic-cylinder-product-6-480x360.webp 480w\" sizes=\"(min-width: 0px) and (max-width: 480px) 480px, (min-width: 481px) 500px, 100vw\" \/><\/p>\n<p>Poleg tega upravljamo polavtomatsko linijo za proizvodnjo barv za velike valje, ki jo poganja robustna pogonska veriga, s projektirano zmogljivostjo 60 zabojev na izmeno. Ta kombinacija avtomatizacije in u\u010dinkovitosti zagotavlja visokokakovostne kon\u010dne obdelave vseh na\u0161ih hidravli\u010dnih valjev.<\/p>\n<h3><strong>(5) Testiranje<\/strong><\/h3>\n<p>Imamo prvovrstne in\u0161pekcijske prostore in testne postaje, s katerimi zagotavljamo, da delovanje jeklenke izpolnjuje zahteve.<\/p>\n<p><img loading=\"lazy\" decoding=\"async\" class=\"wp-image-632 aligncenter\" src=\"https:\/\/hydraulic-cylinders.net\/wp-content\/uploads\/2023\/08\/hydraulic-cylinder-product-8-300x200.webp\" alt=\"\" width=\"389\" height=\"260\" \/><\/p>\n<p>Smo priznani proizvajalec <a href=\"https:\/\/hzpt.com\/mobile-machinery-hydraulic-cylinder\/\" target=\"_blank\" rel=\"noopener\">hidravli\u010dni cilindri<\/a>, priznan kot eden najbolj\u0161ih v panogi. Na\u0161a obse\u017ena linija izdelkov vklju\u010duje \u0161iroko paleto hidravli\u010dnih cilindrov, prilagojenih razli\u010dnim aplikacijam. Poleg hidravli\u010dnih cilindrov ponujamo tudi visokokakovostne kmetijske menjalnike, s \u010dimer na\u0161im strankam zagotavljamo dostop do celovitih re\u0161itev za njihove potrebe po strojih.<\/p>\n<p>Z zavezanostjo k odli\u010dnosti smo uspe\u0161no izva\u017eali svoje izdelke strankam po vsem svetu in si prislu\u017eili dober sloves vrhunske kakovosti izdelkov in izjemne poprodajne storitve. Na\u0161a predanost zadovoljstvu strank nas je postavila med zaupanja vredne partnerje tako na doma\u010dem kot na mednarodnem trgu.<\/p>\n<h2><strong>Zakaj izbrati nas?<\/strong><\/h2>\n<p><img loading=\"lazy\" decoding=\"async\" class=\"size-full wp-image-7201 aligncenter\" src=\"https:\/\/www.hydraulic-cylinders.net\/wp-content\/uploads\/2024\/09\/mining-dump-steering-cylinder-hydraulics-on-trucks-8.webp\" alt=\"\" width=\"1110\" height=\"735\" srcset=\"https:\/\/www.hydraulic-cylinders.net\/wp-content\/uploads\/2024\/09\/mining-dump-steering-cylinder-hydraulics-on-trucks-8.webp 1110w, https:\/\/www.hydraulic-cylinders.net\/wp-content\/uploads\/2024\/09\/mining-dump-steering-cylinder-hydraulics-on-trucks-8-980x649.webp 980w, https:\/\/www.hydraulic-cylinders.net\/wp-content\/uploads\/2024\/09\/mining-dump-steering-cylinder-hydraulics-on-trucks-8-480x318.webp 480w\" sizes=\"(min-width: 0px) and (max-width: 480px) 480px, (min-width: 481px) and (max-width: 980px) 980px, (min-width: 981px) 1110px, 100vw\" \/><\/p>\n<p><strong>Strokovno znanje:<\/strong> Na\u0161a ekipa je sestavljena iz strokovnjakov iz industrije z bogatim znanjem in izku\u0161njami na podro\u010dju hidravli\u010dnih sistemov, kar zagotavlja vrhunske izdelke in storitve.<\/p>\n<p><strong>Mednarodni certifikati:<\/strong> Dr\u017eimo se strogih standardov kakovosti in imamo razli\u010dne mednarodne certifikate, kar dokazuje na\u0161o zavezanost zagotavljanju zanesljivih in varnih hidravli\u010dnih re\u0161itev.<\/p>\n<p><strong>Re\u0161itve po meri:<\/strong> Razumemo, da so potrebe vsake stranke edinstvene. Zato ponujamo hidravli\u010dne cilindre in menjalnike po meri, prilagojene specifi\u010dnim zahtevam.<\/p>\n<p><strong>Napredna proizvodna oprema:<\/strong> Na\u0161i najsodobnej\u0161i proizvodni obrati uporabljajo najnovej\u0161o tehnologijo in opremo, kar nam omogo\u010da u\u010dinkovito proizvodnjo visokokakovostnih izdelkov.<\/p>\n<p><strong>Celovita poprodajna podpora:<\/strong> Na\u0161a zavezanost strankam sega dlje od same prodaje. Zagotavljamo vam stalno podporo in vzdr\u017eevanje, da zagotovimo optimalno delovanje na\u0161ih izdelkov.<\/p>\n<p>Stranke z vsega sveta vabimo, da nas kontaktirajo za poslovna pogajanja, izmenjavo informacij in prilo\u017enosti za sodelovanje. Skupaj lahko dose\u017eemo ve\u010dji uspeh v hidravli\u010dni industriji!<\/p>","protected":false},"excerpt":{"rendered":"<p>Mining Dump Lifting Cylinder Hydraulic On Trucks The lifting cylinder of a mining dump truck is a vital component specifically engineered for these vehicles. This powerful hydraulic cylinder is responsible for raising and lowering the truck&#8217;s dump bed, facilitating efficient loading and unloading of materials during mining operations. Designed for robustness and high lifting capacity, [&hellip;]<\/p>","protected":false},"featured_media":7205,"comment_status":"open","ping_status":"closed","template":"","meta":{"_et_pb_use_builder":"","_et_pb_old_content":"","_et_gb_content_width":""},"product_brand":[],"product_cat":[1517,1532,1549,1376,1393],"product_tag":[],"class_list":{"0":"post-7690","1":"product","2":"type-product","3":"status-publish","4":"has-post-thumbnail","6":"product_cat-dump-truck-hydraulic-cylinders","7":"product_cat-mining-dump-truck-hydraulic-cylinders","8":"product_cat-single-acting-hydraulic-cylinder","9":"product_cat-hydraulic-cylinder","10":"product_cat-telescopic-hydraulic-cylinder","12":"first","13":"instock","14":"shipping-taxable","15":"product-type-simple"},"amp_enabled":true,"_links":{"self":[{"href":"https:\/\/www.hydraulic-cylinders.net\/sl\/wp-json\/wp\/v2\/product\/7690","targetHints":{"allow":["GET"]}}],"collection":[{"href":"https:\/\/www.hydraulic-cylinders.net\/sl\/wp-json\/wp\/v2\/product"}],"about":[{"href":"https:\/\/www.hydraulic-cylinders.net\/sl\/wp-json\/wp\/v2\/types\/product"}],"replies":[{"embeddable":true,"href":"https:\/\/www.hydraulic-cylinders.net\/sl\/wp-json\/wp\/v2\/comments?post=7690"}],"wp:featuredmedia":[{"embeddable":true,"href":"https:\/\/www.hydraulic-cylinders.net\/sl\/wp-json\/wp\/v2\/media\/7205"}],"wp:attachment":[{"href":"https:\/\/www.hydraulic-cylinders.net\/sl\/wp-json\/wp\/v2\/media?parent=7690"}],"wp:term":[{"taxonomy":"product_brand","embeddable":true,"href":"https:\/\/www.hydraulic-cylinders.net\/sl\/wp-json\/wp\/v2\/product_brand?post=7690"},{"taxonomy":"product_cat","embeddable":true,"href":"https:\/\/www.hydraulic-cylinders.net\/sl\/wp-json\/wp\/v2\/product_cat?post=7690"},{"taxonomy":"product_tag","embeddable":true,"href":"https:\/\/www.hydraulic-cylinders.net\/sl\/wp-json\/wp\/v2\/product_tag?post=7690"}],"curies":[{"name":"delovni list","href":"https:\/\/api.w.org\/{rel}","templated":true}]}}