{"id":773,"date":"2023-08-23T02:33:49","date_gmt":"2023-08-23T02:33:49","guid":{"rendered":"https:\/\/hydraulic-cylinders.net\/?post_type=product&#038;p=773"},"modified":"2025-03-27T01:12:58","modified_gmt":"2025-03-27T01:12:58","slug":"low-pressure-hydraulic-cylinder-intermediate-pin","status":"publish","type":"product","link":"https:\/\/www.hydraulic-cylinders.net\/sl\/izdelek\/low-pressure-hydraulic-cylinder-intermediate-pin\/","title":{"rendered":"Nizkotla\u010dni hidravli\u010dni cilinder Vmesni zati\u010d"},"content":{"rendered":"<h1 style=\"text-align: center;\"><strong>Nizkotla\u010dni hidravli\u010dni cilinder Vmesni zati\u010d<\/strong><\/h1>\n<p><img loading=\"lazy\" decoding=\"async\" class=\"aligncenter wp-image-774 size-full\" src=\"https:\/\/hydraulic-cylinders.net\/wp-content\/uploads\/2023\/08\/low-pressure-pull-rod-hydraulic-cylinder-middle-hinge-pin-1.webp\" alt=\"\" width=\"375\" height=\"175\" srcset=\"https:\/\/www.hydraulic-cylinders.net\/wp-content\/uploads\/2023\/08\/low-pressure-pull-rod-hydraulic-cylinder-middle-hinge-pin-1.webp 375w, https:\/\/www.hydraulic-cylinders.net\/wp-content\/uploads\/2023\/08\/low-pressure-pull-rod-hydraulic-cylinder-middle-hinge-pin-1-300x140.webp 300w\" sizes=\"(max-width: 375px) 100vw, 375px\" \/><\/p>\n<p>V nizkotla\u010dnem hidravli\u010dnem cilindru se vmesni zati\u010d nana\u0161a na \u017eebelj ali gred med batom in batnico. Povezovalni element prena\u0161a silo z bata na batnico, kar omogo\u010da linearno gibanje.<\/p>\n<p>Zasnova in konstrukcija nizkotla\u010dnega hidravli\u010dnega cilindra<\/p>\n<p>Vmesni zati\u010di so obi\u010dajno trdni kovinski zati\u010di ali gredi znotraj valja.<br \/>\nPovezuje oba dela med batom in ojnico.<br \/>\nVloga vmesnega zati\u010da je prenos tlaka teko\u010dine, ki ga ustvari bat, na batnico, s \u010dimer se dose\u017ee linearno gibanje, ki ga zahteva valj.<\/p>\n<h2><strong>Parameter vmesnega zati\u010da nizkotla\u010dnega hidravli\u010dnega cilindra:<\/strong><\/h2>\n<p><img loading=\"lazy\" decoding=\"async\" class=\"alignnone wp-image-775 size-full\" src=\"https:\/\/hydraulic-cylinders.net\/wp-content\/uploads\/2023\/08\/low-pressure-pull-rod-hydraulic-cylinder-intermediate-pin-2.webp\" alt=\"\" width=\"690\" height=\"315\" srcset=\"https:\/\/hydraulic-cylinders.net\/wp-content\/uploads\/2023\/08\/low-pressure-pull-rod-hydraulic-cylinder-intermediate-pin-2.webp 690w, https:\/\/hydraulic-cylinders.net\/wp-content\/uploads\/2023\/08\/low-pressure-pull-rod-hydraulic-cylinder-intermediate-pin-2-480x219.webp 480w\" sizes=\"(min-width: 0px) and (max-width: 480px) 480px, (min-width: 481px) 690px, 100vw\" \/><\/p>\n<h2><strong>Funkcija in delovanje <\/strong><strong>Nizkotla\u010dni hidravli\u010dni cilinder Vmesni zati\u010d<\/strong><strong>:<\/strong><\/h2>\n<ul>\n<li>Ko na bat deluje hidravli\u010dni tlak, ta s silo deluje na srednji zati\u010d, zaradi \u010desar se ta premakne.<\/li>\n<li>Gibanje vmesnega zati\u010da prena\u0161a silo na batnico, kar povzro\u010di raztezanje ali kr\u010denje hidravli\u010dnega cilindra.<\/li>\n<li>Vmesni zati\u010d zagotavlja, da se hidravli\u010dno ustvarjena sila u\u010dinkovito prenese na batnico, s \u010dimer se dose\u017ee \u017eeleno gibanje valja.<\/li>\n<\/ul>\n<h2><strong>Vzdr\u017eevanje in zamenjava vmesnega zati\u010da nizkotla\u010dnega hidravli\u010dnega cilindra<\/strong><strong>:<\/strong><\/h2>\n<ul>\n<li>Pri popravilu ali spreminjanju nizkotla\u010dnega hidravli\u010dnega cilindra je treba preveriti stanje srednjega zati\u010da.<\/li>\n<li>\u010ce so prisotni kakr\u0161ni koli znaki obrabe, po\u0161kodb ali prekomerne zra\u010dnosti, je treba zamenjati vmesni zati\u010d, da se zagotovi normalno delovanje valja.<\/li>\n<li>Pri zamenjavi srednjega zati\u010da je treba upo\u0161tevati smernice in specifikacije proizvajalca, da se zagotovi zdru\u017eljivost in optimalno delovanje.<\/li>\n<\/ul>\n<h2><strong>Kako izmeriti hidravli\u010dni valj?<\/strong><\/h2>\n<ol>\n<li><strong>Premer izvrtine<\/strong>:\n<ul>\n<li>Izmerite notranji premer cilindra. To se imenuje \"premer izvrtine\".<\/li>\n<li>Namestite \u010deljusti v cev valja in iztegnite \u010deljusti, dokler se ne dotaknejo notranjih sten.<\/li>\n<li>Upo\u0161tevajte meritev, prikazano na \u010deljustih.<\/li>\n<\/ul>\n<\/li>\n<li><strong>Premer palice<\/strong>:\n<ul>\n<li>Izmerite zunanji premer batnice. To se imenuje \"premer batnice\".<\/li>\n<li>Namestite \u010deljusti okoli batnice in nastavite \u010deljusti, dokler se rahlo ne oprimejo povr\u0161ine batnice.<\/li>\n<li>Upo\u0161tevajte meritev, prikazano na \u010deljustih.<\/li>\n<\/ul>\n<\/li>\n<li><strong>Dol\u017eina giba<\/strong>:\n<ul>\n<li>Dolo\u010dite dol\u017eino hoda, ki je najve\u010dja razdalja, ki jo lahko bat prepotuje znotraj valja.<\/li>\n<li>Batnico izvlecite v popolnoma iztegnjen polo\u017eaj in izmerite razdaljo od sprednje ploskve valja do konca batne palice.<\/li>\n<li>Upo\u0161tevajte meritev kot dol\u017eino giba.<\/li>\n<\/ul>\n<\/li>\n<li><strong>Monta\u017ene dimenzije<\/strong>:\n<ul>\n<li>Izmerite pritrdilne dimenzije, da dolo\u010dite, kako bo hidravli\u010dni cilinder pritrjen na opremo ali konstrukcijo.<\/li>\n<li>Izmerite razdaljo med pritrdilnimi luknjami ali nosilci na pritrdilni prirobnici valja.<\/li>\n<li>Izmerite premer luknje, \u010de je primerno.<\/li>\n<\/ul>\n<\/li>\n<li><strong>Celotna dol\u017eina<\/strong>:\n<ul>\n<li>Izmerite celotno dol\u017eino hidravli\u010dnega cilindra, ki vklju\u010duje dol\u017eino cilindra, batnice in vseh drugih \u0161trle\u010dih komponent.<\/li>\n<li>Na sprednjo ploskev valja namestite ravnilo in izmerite razdaljo od sprednje ploskve do najbolj oddaljene to\u010dke na nasprotnem koncu.<\/li>\n<\/ul>\n<\/li>\n<li><strong>Dodatne meritve<\/strong>:\n<ul>\n<li>Glede na posebne zahteve va\u0161e aplikacije boste morda morali izmeriti dodatne podrobnosti, kot so dol\u017eina bata, debelina kon\u010dnih pokrov\u010dkov ali dimenzije morebitnih odprtin ali fitingov.<\/li>\n<\/ul>\n<\/li>\n<\/ol>\n<h2><strong>Zmogljivost in zmogljivost tovarne:<\/strong><\/h2>\n<h3>(1) Sestavljanje<\/h3>\n<p>Imamo prvovrstno neodvisno platformo za raziskave in razvoj. Proizvodna delavnica za vili\u010darje ima \u0161tiri polavtomatske monta\u017ene linije za dvi\u017ene valje in eno avtomatsko monta\u017eno linijo za nagibne valje, z letno proizvodno zmogljivostjo 1 milijona kosov. Delavnica za posebne valje je opremljena z razli\u010dnimi specifikacijami polavtomatskega sistema za \u010di\u0161\u010denje in monta\u017eo, z letno proizvodno zmogljivostjo 200.000 kosov. Opremljena je z znano CNC obdelovalno opremo, obdelovalnim centrom, visoko precizno posebno opremo za obdelavo valjev, robotskim varilnim strojem, avtomatskim \u010distilnim strojem, avtomatskim strojem za monta\u017eo valjev in avtomatsko proizvodno linijo za barvanje. Obstoje\u010da klju\u010dna oprema obsega ve\u010d kot 300 kompletov. Optimalna razporeditev in u\u010dinkovita uporaba opremnih virov zagotavljata zahteve glede natan\u010dnosti izdelkov in izpolnjujeta visoke zahteve glede kakovosti izdelkov.<\/p>\n<p><img loading=\"lazy\" decoding=\"async\" class=\"alignnone wp-image-626\" src=\"https:\/\/hydraulic-cylinders.net\/wp-content\/uploads\/2023\/08\/hydraulic-cylinder-product-1-300x158.webp\" alt=\"\" width=\"495\" height=\"260\" srcset=\"https:\/\/hydraulic-cylinders.net\/wp-content\/uploads\/2023\/08\/hydraulic-cylinder-product-1-300x158.webp 495w, https:\/\/hydraulic-cylinders.net\/wp-content\/uploads\/2023\/08\/hydraulic-cylinder-product-1-480x252.webp 480w\" sizes=\"(min-width: 0px) and (max-width: 480px) 480px, (min-width: 481px) 495px, 100vw\" \/> <img loading=\"lazy\" decoding=\"async\" class=\"alignnone wp-image-627\" src=\"https:\/\/hydraulic-cylinders.net\/wp-content\/uploads\/2023\/08\/hydraulic-cylinder-product-2-300x189.webp\" alt=\"\" width=\"413\" height=\"260\" \/><\/p>\n<h3>(2) Strojna obdelava<\/h3>\n<p>Strojna delavnica je opremljena s prilagojenim centrom za stru\u017eenje nagnjenih tirnic, obdelovalnim centrom, visokohitrostnim strojem za honanje, varilnim robotom in drugo sorodno opremo, ki lahko obdeluje cilindri\u010dne cevi z najve\u010djim notranjim premerom 400 mm in najve\u010djo dol\u017eino 6 metrov.<\/p>\n<p><img loading=\"lazy\" decoding=\"async\" class=\"alignnone wp-image-628 size-large\" src=\"https:\/\/hydraulic-cylinders.net\/wp-content\/uploads\/2023\/08\/hydraulic-cylinder-product-3-1024x391.webp\" alt=\"\" width=\"1024\" height=\"391\" srcset=\"https:\/\/hydraulic-cylinders.net\/wp-content\/uploads\/2023\/08\/hydraulic-cylinder-product-3-980x374.webp 980w, https:\/\/hydraulic-cylinders.net\/wp-content\/uploads\/2023\/08\/hydraulic-cylinder-product-3-480x183.webp 480w\" sizes=\"(min-width: 0px) and (max-width: 480px) 480px, (min-width: 481px) and (max-width: 980px) 980px, (min-width: 981px) 1024px, 100vw\" \/><\/p>\n<h3>(3) Varjenje<\/h3>\n<p><img loading=\"lazy\" decoding=\"async\" class=\"alignnone wp-image-629 size-large\" src=\"https:\/\/hydraulic-cylinders.net\/wp-content\/uploads\/2023\/08\/hydraulic-cylinder-product-4-1024x510.webp\" alt=\"\" width=\"1024\" height=\"510\" srcset=\"https:\/\/hydraulic-cylinders.net\/wp-content\/uploads\/2023\/08\/hydraulic-cylinder-product-4-980x488.webp 980w, https:\/\/hydraulic-cylinders.net\/wp-content\/uploads\/2023\/08\/hydraulic-cylinder-product-4-480x239.webp 480w\" sizes=\"(min-width: 0px) and (max-width: 480px) 480px, (min-width: 481px) and (max-width: 980px) 980px, (min-width: 981px) 1024px, 100vw\" \/><\/p>\n<h3>(4) Barvanje in premazovanje<\/h3>\n<p>Z majhno in srednje veliko avtomatsko linijo za barvanje na vodni osnovi z valj\u010dki, za doseganje avtomatskega nakladanja in razkladanja robotov ter avtomatskega \u0161kropljenja, je projektna zmogljivost 4000 kosov na izmeno;<br \/>\nImamo tudi polavtomatsko linijo za proizvodnjo barv za velike jeklenke, ki jo poganja veriga, s projektno zmogljivostjo 60 zabojev na izmeno.<\/p>\n<p><img loading=\"lazy\" decoding=\"async\" class=\"alignnone wp-image-630\" src=\"https:\/\/hydraulic-cylinders.net\/wp-content\/uploads\/2023\/08\/hydraulic-cylinder-product-5-300x213.webp\" alt=\"\" width=\"366\" height=\"260\" \/> <img loading=\"lazy\" decoding=\"async\" class=\"alignnone wp-image-631\" src=\"https:\/\/hydraulic-cylinders.net\/wp-content\/uploads\/2023\/08\/hydraulic-cylinder-product-6-300x225.webp\" alt=\"\" width=\"347\" height=\"260\" \/><\/p>\n<h3>(5) Testiranje<\/h3>\n<p>Imamo prvovrstne in\u0161pekcijske prostore in testne postaje, s katerimi zagotavljamo, da delovanje jeklenke izpolnjuje zahteve.<\/p>\n<p><img loading=\"lazy\" decoding=\"async\" class=\"alignnone wp-image-632\" src=\"https:\/\/hydraulic-cylinders.net\/wp-content\/uploads\/2023\/08\/hydraulic-cylinder-product-8-300x200.webp\" alt=\"\" width=\"389\" height=\"260\" \/><\/p>\n<p>&nbsp;<\/p>\n<p>&nbsp;<\/p>\n<p>Smo eden najbolj\u0161ih proizvajalcev nizkotla\u010dnih hidravli\u010dnih cilindrov. Ponujamo vam \u0161iroko zalogo nizkotla\u010dnih hidravli\u010dnih cilindrov. Zagotavljamo tudi ustrezne <a href=\"https:\/\/hzpt.com\/agricultural-pto-gearbox\/\" target=\"_blank\" rel=\"noopener\">kmetijski menjalniki<\/a>Na\u0161e izdelke smo izvozili strankam po vsem svetu in si prislu\u017eili dober ugled zaradi vrhunske kakovosti izdelkov in poprodajnih storitev. Toplo vabimo stranke tako doma kot v tujini, da nas kontaktirajo za poslovne dogovore, izmenjavo informacij in ...\u00a0<a href=\"https:\/\/www.hydraulic-cylinders.net\/sl\/contact-us\/\">sodelujte z nami<\/a>!<\/p>\n<p>&nbsp;<\/p>","protected":false},"excerpt":{"rendered":"<p>Low-Pressure Hydraulic Cylinder Intermediate Pin In a low-pressure hydraulic cylinder, the intermediate pin refers to the nail or shaft between the piston and the piston rod. A connecting element transfers force from the piston to the rod, allowing for linear motion. Design and construction of the low-pressure hydraulic cylinder Intermediate pins are usually solid metal [&hellip;]<\/p>","protected":false},"featured_media":776,"comment_status":"open","ping_status":"closed","template":"","meta":{"_et_pb_use_builder":"","_et_pb_old_content":"","_et_gb_content_width":""},"product_brand":[],"product_cat":[1376,1388],"product_tag":[1380],"class_list":{"0":"post-773","1":"product","2":"type-product","3":"status-publish","4":"has-post-thumbnail","6":"product_cat-hydraulic-cylinder","7":"product_cat-low-pressure-hydraulic-cylinder","8":"product_tag-hydraulic-cylinder","10":"first","11":"instock","12":"shipping-taxable","13":"product-type-simple"},"amp_enabled":true,"_links":{"self":[{"href":"https:\/\/www.hydraulic-cylinders.net\/sl\/wp-json\/wp\/v2\/product\/773","targetHints":{"allow":["GET"]}}],"collection":[{"href":"https:\/\/www.hydraulic-cylinders.net\/sl\/wp-json\/wp\/v2\/product"}],"about":[{"href":"https:\/\/www.hydraulic-cylinders.net\/sl\/wp-json\/wp\/v2\/types\/product"}],"replies":[{"embeddable":true,"href":"https:\/\/www.hydraulic-cylinders.net\/sl\/wp-json\/wp\/v2\/comments?post=773"}],"wp:featuredmedia":[{"embeddable":true,"href":"https:\/\/www.hydraulic-cylinders.net\/sl\/wp-json\/wp\/v2\/media\/776"}],"wp:attachment":[{"href":"https:\/\/www.hydraulic-cylinders.net\/sl\/wp-json\/wp\/v2\/media?parent=773"}],"wp:term":[{"taxonomy":"product_brand","embeddable":true,"href":"https:\/\/www.hydraulic-cylinders.net\/sl\/wp-json\/wp\/v2\/product_brand?post=773"},{"taxonomy":"product_cat","embeddable":true,"href":"https:\/\/www.hydraulic-cylinders.net\/sl\/wp-json\/wp\/v2\/product_cat?post=773"},{"taxonomy":"product_tag","embeddable":true,"href":"https:\/\/www.hydraulic-cylinders.net\/sl\/wp-json\/wp\/v2\/product_tag?post=773"}],"curies":[{"name":"delovni list","href":"https:\/\/api.w.org\/{rel}","templated":true}]}}