{"id":782,"date":"2023-08-23T03:36:50","date_gmt":"2023-08-23T03:36:50","guid":{"rendered":"https:\/\/hydraulic-cylinders.net\/?post_type=product&#038;p=782"},"modified":"2025-04-16T02:23:02","modified_gmt":"2025-04-16T02:23:02","slug":"machine-tool-low-pressure-hydraulic-cylinder","status":"publish","type":"product","link":"https:\/\/www.hydraulic-cylinders.net\/sl\/izdelek\/machine-tool-low-pressure-hydraulic-cylinder\/","title":{"rendered":"Nizkotla\u010dni hidravli\u010dni cilinder za strojna orodja"},"content":{"rendered":"<h1 style=\"text-align: center;\"><strong>Nizkotla\u010dni hidravli\u010dni cilinder za strojna orodja<\/strong><\/h1>\n<p><img loading=\"lazy\" decoding=\"async\" class=\"aligncenter wp-image-785 size-full\" src=\"https:\/\/hydraulic-cylinders.net\/wp-content\/uploads\/2023\/08\/low-pressure-hydraulic-cylinder-2.webp\" alt=\"\" width=\"300\" height=\"300\" srcset=\"https:\/\/www.hydraulic-cylinders.net\/wp-content\/uploads\/2023\/08\/low-pressure-hydraulic-cylinder-2.webp 300w, https:\/\/www.hydraulic-cylinders.net\/wp-content\/uploads\/2023\/08\/low-pressure-hydraulic-cylinder-2-100x100.webp 100w, https:\/\/www.hydraulic-cylinders.net\/wp-content\/uploads\/2023\/08\/low-pressure-hydraulic-cylinder-2-150x150.webp 150w\" sizes=\"(max-width: 300px) 100vw, 300px\" \/><\/p>\n<p>Low-pressure hydraulic cylinder is the company&#8217;s advantage in products, manufacturing experience, mature technology, cost-effectiveness, and can replace the hydraulic cylinder.<\/p>\n<p>V kombinaciji s povpra\u0161evanjem na trgu razvrstite parametre nizkotla\u010dnega hidravli\u010dnega cilindra v industriji strojnega orodja, kot je hidravli\u010dni cilinder tra\u010dne \u017eage.<\/p>\n<p>Stranke lahko naro\u010dajo glede na naslednje parametre, udobje in hiter \u010das dostave.<\/p>\n<p>Nizki stro\u0161ki: Nizkotla\u010dni hidravli\u010dni cilindri so obi\u010dajno cenej\u0161i od drugih cilindrov.<br \/>\nPreprosta zasnova: Zasnova in izdelava nizkotla\u010dnih hidravli\u010dnih cilindrov je relativno preprosta.<br \/>\nEnostavno vzdr\u017eevanje: Nizkotla\u010dni hidravli\u010dni cilindri so relativno enostavni za vzdr\u017eevanje.<\/p>\n<h2><strong>Parameter nizkotla\u010dnega hidravli\u010dnega cilindra:<\/strong><\/h2>\n<h3>(1) Sprednja prirobnica nizkotla\u010dnega hidravli\u010dnega cilindra:<\/h3>\n<h3><img loading=\"lazy\" decoding=\"async\" class=\"alignnone wp-image-786 size-full\" src=\"https:\/\/hydraulic-cylinders.net\/wp-content\/uploads\/2023\/08\/low-pressure-pull-rod-hydraulic-cylinder-front-flange-2-2.webp\" alt=\"\" width=\"690\" height=\"397\" srcset=\"https:\/\/hydraulic-cylinders.net\/wp-content\/uploads\/2023\/08\/low-pressure-pull-rod-hydraulic-cylinder-front-flange-2-2.webp 690w, https:\/\/hydraulic-cylinders.net\/wp-content\/uploads\/2023\/08\/low-pressure-pull-rod-hydraulic-cylinder-front-flange-2-2-480x276.webp 480w\" sizes=\"(min-width: 0px) and (max-width: 480px) 480px, (min-width: 481px) 690px, 100vw\" \/><\/h3>\n<h3>(2) Zadnja prirobnica nizkotla\u010dnega hidravli\u010dnega cilindra:<\/h3>\n<h3><img loading=\"lazy\" decoding=\"async\" class=\"alignnone wp-image-787\" src=\"https:\/\/hydraulic-cylinders.net\/wp-content\/uploads\/2023\/08\/low-pressure-pull-rod-hydraulic-cylinder-back-flange-2-2-1024x556.webp\" alt=\"\" width=\"800\" height=\"434\" \/><\/h3>\n<h3>(3) Sprednji zati\u010d nizkotla\u010dnega hidravli\u010dnega cilindra:<\/h3>\n<p><img loading=\"lazy\" decoding=\"async\" class=\"alignnone wp-image-788 size-full\" src=\"https:\/\/hydraulic-cylinders.net\/wp-content\/uploads\/2023\/08\/low-pressure-pull-rod-hydraulic-cylinder-front-hinge-pin-2-1.webp\" alt=\"\" width=\"660\" height=\"289\" srcset=\"https:\/\/hydraulic-cylinders.net\/wp-content\/uploads\/2023\/08\/low-pressure-pull-rod-hydraulic-cylinder-front-hinge-pin-2-1.webp 660w, https:\/\/hydraulic-cylinders.net\/wp-content\/uploads\/2023\/08\/low-pressure-pull-rod-hydraulic-cylinder-front-hinge-pin-2-1-480x210.webp 480w\" sizes=\"(min-width: 0px) and (max-width: 480px) 480px, (min-width: 481px) 660px, 100vw\" \/><\/p>\n<h3>(4) Vmesni zati\u010d nizkotla\u010dnega hidravli\u010dnega cilindra:<\/h3>\n<p><img loading=\"lazy\" decoding=\"async\" class=\"alignnone wp-image-789 size-full\" src=\"https:\/\/hydraulic-cylinders.net\/wp-content\/uploads\/2023\/08\/low-pressure-pull-rod-hydraulic-cylinder-intermediate-pin-2-1.webp\" alt=\"\" width=\"690\" height=\"315\" srcset=\"https:\/\/hydraulic-cylinders.net\/wp-content\/uploads\/2023\/08\/low-pressure-pull-rod-hydraulic-cylinder-intermediate-pin-2-1.webp 690w, https:\/\/hydraulic-cylinders.net\/wp-content\/uploads\/2023\/08\/low-pressure-pull-rod-hydraulic-cylinder-intermediate-pin-2-1-480x219.webp 480w\" sizes=\"(min-width: 0px) and (max-width: 480px) 480px, (min-width: 481px) 690px, 100vw\" \/><\/p>\n<h3>(5) Zadnji zati\u010d nizkotla\u010dnega hidravli\u010dnega cilindra:<\/h3>\n<p><img loading=\"lazy\" decoding=\"async\" class=\"alignnone wp-image-790 size-full\" src=\"https:\/\/hydraulic-cylinders.net\/wp-content\/uploads\/2023\/08\/low-pressure-pull-rod-hydraulic-cylinder-rear-pin-hole-2-1.webp\" alt=\"\" width=\"690\" height=\"333\" srcset=\"https:\/\/hydraulic-cylinders.net\/wp-content\/uploads\/2023\/08\/low-pressure-pull-rod-hydraulic-cylinder-rear-pin-hole-2-1.webp 690w, https:\/\/hydraulic-cylinders.net\/wp-content\/uploads\/2023\/08\/low-pressure-pull-rod-hydraulic-cylinder-rear-pin-hole-2-1-480x232.webp 480w\" sizes=\"(min-width: 0px) and (max-width: 480px) 480px, (min-width: 481px) 690px, 100vw\" \/><\/p>\n<h3>(6) Parameter podno\u017eja nizkotla\u010dnega hidravli\u010dnega cilindra:<\/h3>\n<p><img loading=\"lazy\" decoding=\"async\" class=\"alignnone wp-image-791 size-full\" src=\"https:\/\/hydraulic-cylinders.net\/wp-content\/uploads\/2023\/08\/low-pressure-pull-rod-hydraulic-cylinder-footstand-2-1.webp\" alt=\"\" width=\"703\" height=\"314\" srcset=\"https:\/\/hydraulic-cylinders.net\/wp-content\/uploads\/2023\/08\/low-pressure-pull-rod-hydraulic-cylinder-footstand-2-1.webp 703w, https:\/\/hydraulic-cylinders.net\/wp-content\/uploads\/2023\/08\/low-pressure-pull-rod-hydraulic-cylinder-footstand-2-1-480x214.webp 480w\" sizes=\"(min-width: 0px) and (max-width: 480px) 480px, (min-width: 481px) 703px, 100vw\" \/><\/p>\n<h2><strong>Tehni\u010dni parameter <\/strong><strong>Nizkotla\u010dni hidravli\u010dni cilinder:<\/strong><\/h2>\n<p>Na\u010din namestitve je mogo\u010de izbrati med naslednjimi mo\u017enostmi<br \/>\n1) Velikost navoja batnice: notranji ali zunanji navoj, velikost in dol\u017eina navoja<br \/>\n2) polo\u017eaj oljne odprtine;<br \/>\n3) The &#8220;total length&#8221; in the parameter table, that is, the length of the cylinder when the stroke is 0, such as the stroke is 100mm, the total length of the cylinder = the &#8220;total length&#8221; value +100<\/p>\n<h2><strong>Podro\u010dje uporabe <\/strong><strong>Nizkotla\u010dni hidravli\u010dni cilinder:<\/strong><\/h2>\n<p>1) Uporaba tla\u010dnega obmo\u010dja je pod 5 MPA;<br \/>\n2) Sprednji pokrov, zadnji pokrov in bat so ulitki, valj je iz jekla \u0161t. 20, batnica pa iz kromiranega jekla \u0161t. 45;<br \/>\n3) Na privzeti valj vpliva predvsem potisk; \u010de je to predvsem posledica napetosti, mora stranka podati posebna navodila;<br \/>\n4) Notranji premer te serije izdelkov je 63~125 mm, najve\u010dji potisk pa 4,8 tone;<br \/>\n5) Privzeto ni medpomnilnika; \u010ce je potrebno medpomnjenje, stranka potrebuje posebna navodila.<\/p>\n<p><img loading=\"lazy\" decoding=\"async\" class=\"size-full wp-image-316728 aligncenter\" src=\"https:\/\/hzpt.com\/wp-content\/uploads\/2023\/08\/low-pressure-hydraulic-cylinder-1.webp\" alt=\"\" width=\"540\" height=\"1015\" \/><\/p>\n<h2><strong>Kako izmeriti hidravli\u010dni cilinder?<\/strong><\/h2>\n<p>To measure a hydraulic cylinder, you&#8217;ll need a few basic tools such as a tape measure or ruler, a caliper, and possibly a depth gauge. Here&#8217;s a step-by-step guide on how to measure a hydraulic cylinder:<\/p>\n<ol>\n<li><strong>Podalj\u0161ana dol\u017eina<\/strong>:\n<ul>\n<li>Prepri\u010dajte se, da je hidravli\u010dni cilinder popolnoma iztegnjen.<\/li>\n<li>Izmerite razdaljo od sredi\u0161\u010da monta\u017ene luknje na enem koncu valja do sredi\u0161\u010da monta\u017ene luknje na drugem koncu. Ta meritev predstavlja podalj\u0161ano dol\u017eino ali celotno dol\u017eino valja.<\/li>\n<\/ul>\n<\/li>\n<li><strong>Zlo\u017eena dol\u017eina<\/strong>:\n<ul>\n<li>Hidravli\u010dni valj popolnoma umaknite.<\/li>\n<li>Izmerite razdaljo od sredi\u0161\u010da monta\u017ene luknje na enem koncu valja do sredi\u0161\u010da monta\u017ene luknje na drugem koncu. Ta meritev predstavlja dol\u017eino valja v zlo\u017eenem stanju.<\/li>\n<\/ul>\n<\/li>\n<li><strong>Premer izvrtine<\/strong>:\n<ul>\n<li>Izmerite notranji premer cilindra, ki se imenuje premer izvrtine. To se obi\u010dajno naredi s pomi\u010dno merilo.<\/li>\n<li>Namestite \u010deljusti zavornega \u010deljusti v cev valja in izmerite razdaljo med notranjima povr\u0161inama sten cevi valja.<\/li>\n<\/ul>\n<\/li>\n<li><strong>Premer palice<\/strong>:\n<ul>\n<li>Izmerite premer batnice. To se obi\u010dajno naredi s pomi\u010dno merilno napravo.<\/li>\n<li>Namestite \u010deljusti zavornega \u010deljusti okoli batnice in izmerite razdaljo med zunanjima povr\u0161inama batnice.<\/li>\n<\/ul>\n<\/li>\n<li><strong>Dol\u017eina giba<\/strong>:\n<ul>\n<li>Dol\u017eina hoda se nana\u0161a na razdaljo, ki jo lahko batnica premakne med popolnoma iztegnjenim in popolnoma uvle\u010denim polo\u017eajem.<\/li>\n<li>Od meritve dol\u017eine v zlo\u017eenem stanju od\u0161tejte dol\u017eino v iztegnjenem stanju, da dobite dol\u017eino hoda.<\/li>\n<\/ul>\n<\/li>\n<li><strong>Dimenzije tesnil in le\u017eajev<\/strong>:\n<ul>\n<li>Po potrebi izmerite dimenzije morebitnih tesnil ali le\u017eajev, ki so del hidravli\u010dnega cilindra. To lahko vklju\u010duje zunanji premer, notranji premer in meritve debeline.<\/li>\n<\/ul>\n<\/li>\n<\/ol>\n<h2><strong>Zmogljivost in zmogljivost tovarne:<\/strong><\/h2>\n<h3>(1) Sestavljanje<\/h3>\n<p>Imamo prvovrstno neodvisno platformo za raziskave in razvoj. Proizvodna delavnica za vili\u010darje ima \u0161tiri polavtomatske monta\u017ene linije za dvi\u017ene valje in eno avtomatsko monta\u017eno linijo za nagibne valje, z letno proizvodno zmogljivostjo 1 milijona kosov. Delavnica za posebne valje je opremljena z razli\u010dnimi specifikacijami polavtomatskega sistema za \u010di\u0161\u010denje in monta\u017eo, z letno proizvodno zmogljivostjo 200.000 kosov. Opremljena je z znano CNC obdelovalno opremo, obdelovalnim centrom, visoko precizno posebno opremo za obdelavo valjev, robotskim varilnim strojem, avtomatskim \u010distilnim strojem, avtomatskim strojem za monta\u017eo valjev in avtomatsko proizvodno linijo za barvanje. Obstoje\u010da klju\u010dna oprema obsega ve\u010d kot 300 kompletov. Optimalna razporeditev in u\u010dinkovita uporaba opremnih virov zagotavljata zahteve glede natan\u010dnosti izdelkov in izpolnjujeta visoke zahteve glede kakovosti izdelkov.<\/p>\n<p><img loading=\"lazy\" decoding=\"async\" class=\"alignnone wp-image-626\" src=\"https:\/\/hydraulic-cylinders.net\/wp-content\/uploads\/2023\/08\/hydraulic-cylinder-product-1-300x158.webp\" alt=\"\" width=\"495\" height=\"260\" srcset=\"https:\/\/hydraulic-cylinders.net\/wp-content\/uploads\/2023\/08\/hydraulic-cylinder-product-1-300x158.webp 495w, https:\/\/hydraulic-cylinders.net\/wp-content\/uploads\/2023\/08\/hydraulic-cylinder-product-1-480x252.webp 480w\" sizes=\"(min-width: 0px) and (max-width: 480px) 480px, (min-width: 481px) 495px, 100vw\" \/> <img loading=\"lazy\" decoding=\"async\" class=\"alignnone wp-image-627\" src=\"https:\/\/hydraulic-cylinders.net\/wp-content\/uploads\/2023\/08\/hydraulic-cylinder-product-2-300x189.webp\" alt=\"\" width=\"413\" height=\"260\" \/><\/p>\n<h3>(2) Strojna obdelava<\/h3>\n<p>Strojna delavnica je opremljena s prilagojenim centrom za stru\u017eenje nagnjenih tirnic, obdelovalnim centrom, visokohitrostnim strojem za honanje, varilnim robotom in drugo sorodno opremo, ki lahko obdeluje cilindri\u010dne cevi z najve\u010djim notranjim premerom 400 mm in najve\u010djo dol\u017eino 6 metrov.<\/p>\n<p><img loading=\"lazy\" decoding=\"async\" class=\"alignnone wp-image-628 size-large\" src=\"https:\/\/hydraulic-cylinders.net\/wp-content\/uploads\/2023\/08\/hydraulic-cylinder-product-3-1024x391.webp\" alt=\"\" width=\"1024\" height=\"391\" srcset=\"https:\/\/hydraulic-cylinders.net\/wp-content\/uploads\/2023\/08\/hydraulic-cylinder-product-3-980x374.webp 980w, https:\/\/hydraulic-cylinders.net\/wp-content\/uploads\/2023\/08\/hydraulic-cylinder-product-3-480x183.webp 480w\" sizes=\"(min-width: 0px) and (max-width: 480px) 480px, (min-width: 481px) and (max-width: 980px) 980px, (min-width: 981px) 1024px, 100vw\" \/><\/p>\n<h3>(3) Varjenje<\/h3>\n<p><img loading=\"lazy\" decoding=\"async\" class=\"alignnone wp-image-629 size-large\" src=\"https:\/\/hydraulic-cylinders.net\/wp-content\/uploads\/2023\/08\/hydraulic-cylinder-product-4-1024x510.webp\" alt=\"\" width=\"1024\" height=\"510\" srcset=\"https:\/\/hydraulic-cylinders.net\/wp-content\/uploads\/2023\/08\/hydraulic-cylinder-product-4-980x488.webp 980w, https:\/\/hydraulic-cylinders.net\/wp-content\/uploads\/2023\/08\/hydraulic-cylinder-product-4-480x239.webp 480w\" sizes=\"(min-width: 0px) and (max-width: 480px) 480px, (min-width: 481px) and (max-width: 980px) 980px, (min-width: 981px) 1024px, 100vw\" \/><\/p>\n<h3>(4) Barvanje in premazovanje<\/h3>\n<p>Z majhnimi in srednje velikimi cilindri\u010dnimi avtomatskimi linijami za barvanje na vodni osnovi, za doseganje avtomatskega nakladanja in razkladanja robotov ter avtomatskega brizganja, je projektna zmogljivost 4000 kosov na izmeno;<br \/>\nImamo tudi polavtomatsko linijo za proizvodnjo barv za velike jeklenke, ki jo poganja veriga, s projektno zmogljivostjo 60 zabojev na izmeno.<\/p>\n<p><img loading=\"lazy\" decoding=\"async\" class=\"alignnone wp-image-630\" src=\"https:\/\/hydraulic-cylinders.net\/wp-content\/uploads\/2023\/08\/hydraulic-cylinder-product-5-300x213.webp\" alt=\"\" width=\"408\" height=\"290\" \/> <img loading=\"lazy\" decoding=\"async\" class=\"alignnone wp-image-631\" src=\"https:\/\/hydraulic-cylinders.net\/wp-content\/uploads\/2023\/08\/hydraulic-cylinder-product-6-300x225.webp\" alt=\"\" width=\"387\" height=\"290\" \/><\/p>\n<h3>(5) Testiranje<\/h3>\n<p>Imamo prvovrstne in\u0161pekcijske prostore in testne postaje, s katerimi zagotavljamo, da delovanje jeklenke izpolnjuje zahteve.<\/p>\n<p><img loading=\"lazy\" decoding=\"async\" class=\"alignnone wp-image-632\" src=\"https:\/\/hydraulic-cylinders.net\/wp-content\/uploads\/2023\/08\/hydraulic-cylinder-product-8-300x200.webp\" alt=\"\" width=\"389\" height=\"260\" \/><\/p>\n<p>&nbsp;<\/p>\n<p>&nbsp;<\/p>\n<p>Smo eden najbolj\u0161ih proizvajalcev nizkotla\u010dnih hidravli\u010dnih cilindrov. Ponujamo vam \u0161iroko zalogo nizkotla\u010dnih hidravli\u010dnih cilindrov. Zagotavljamo tudi ustrezne <a href=\"https:\/\/hzpt.com\/agricultural-pto-gearbox\/\" target=\"_blank\" rel=\"noopener\">kmetijski menjalniki<\/a>Na\u0161e izdelke smo izvozili strankam po vsem svetu in si prislu\u017eili dober ugled zaradi vrhunske kakovosti izdelkov in poprodajnih storitev. Toplo vabimo stranke tako doma kot v tujini, da nas kontaktirajo za poslovne dogovore, izmenjavo informacij in ...\u00a0<a href=\"https:\/\/www.hydraulic-cylinders.net\/sl\/contact-us\/\">sodelujte z nami<\/a>!<\/p>\n<p>&nbsp;<\/p>\n<h2><\/h2>","protected":false},"excerpt":{"rendered":"<p>Machine Tool Low-Pressure Hydraulic Cylinder Low-pressure hydraulic cylinder is the company&#8217;s advantage in products, manufacturing experience, mature technology, cost-effectiveness, and can replace the hydraulic cylinder. Combined with the market demand, sort out the machine tool industry low-pressure hydraulic cylinder parameters, such as band saw machine hydraulic cylinder. Customers can order according to the following parameters, [&hellip;]<\/p>","protected":false},"featured_media":792,"comment_status":"open","ping_status":"closed","template":"","meta":{"_et_pb_use_builder":"","_et_pb_old_content":"","_et_gb_content_width":""},"product_brand":[],"product_cat":[1550,1525,1509,1376,1388],"product_tag":[],"class_list":{"0":"post-782","1":"product","2":"type-product","3":"status-publish","4":"has-post-thumbnail","6":"product_cat-double-acting-hydraulic-cylinder","7":"product_cat-machine-tool-hydraulic-cylinders","8":"product_cat-tie-rod-hydraulic-cylinder","9":"product_cat-hydraulic-cylinder","10":"product_cat-low-pressure-hydraulic-cylinder","12":"first","13":"instock","14":"shipping-taxable","15":"product-type-simple"},"amp_enabled":true,"_links":{"self":[{"href":"https:\/\/www.hydraulic-cylinders.net\/sl\/wp-json\/wp\/v2\/product\/782","targetHints":{"allow":["GET"]}}],"collection":[{"href":"https:\/\/www.hydraulic-cylinders.net\/sl\/wp-json\/wp\/v2\/product"}],"about":[{"href":"https:\/\/www.hydraulic-cylinders.net\/sl\/wp-json\/wp\/v2\/types\/product"}],"replies":[{"embeddable":true,"href":"https:\/\/www.hydraulic-cylinders.net\/sl\/wp-json\/wp\/v2\/comments?post=782"}],"wp:featuredmedia":[{"embeddable":true,"href":"https:\/\/www.hydraulic-cylinders.net\/sl\/wp-json\/wp\/v2\/media\/792"}],"wp:attachment":[{"href":"https:\/\/www.hydraulic-cylinders.net\/sl\/wp-json\/wp\/v2\/media?parent=782"}],"wp:term":[{"taxonomy":"product_brand","embeddable":true,"href":"https:\/\/www.hydraulic-cylinders.net\/sl\/wp-json\/wp\/v2\/product_brand?post=782"},{"taxonomy":"product_cat","embeddable":true,"href":"https:\/\/www.hydraulic-cylinders.net\/sl\/wp-json\/wp\/v2\/product_cat?post=782"},{"taxonomy":"product_tag","embeddable":true,"href":"https:\/\/www.hydraulic-cylinders.net\/sl\/wp-json\/wp\/v2\/product_tag?post=782"}],"curies":[{"name":"delovni list","href":"https:\/\/api.w.org\/{rel}","templated":true}]}}