{"id":827,"date":"2023-08-30T04:00:09","date_gmt":"2023-08-30T04:00:09","guid":{"rendered":"https:\/\/hydraulic-cylinders.net\/?post_type=product&#038;p=827"},"modified":"2025-04-16T02:22:47","modified_gmt":"2025-04-16T02:22:47","slug":"ca-monoaural-type-light-rod-hydraulic-cylinder","status":"publish","type":"product","link":"https:\/\/www.hydraulic-cylinders.net\/sl\/izdelek\/ca-monoaural-type-light-rod-hydraulic-cylinder\/","title":{"rendered":"CA Monoaural Type Light Rod hidravli\u010dni cilinder"},"content":{"rendered":"<h1 style=\"text-align: center;\"><strong>CA Monoaural Type Light Rod hidravli\u010dni cilinder<\/strong><\/h1>\n<p>Monoauralni hidravli\u010dni cilinder za svetlobne palice tipa CA je napreden hidravli\u010dni cilinder, zasnovan za optimizacijo natan\u010dnosti in u\u010dinkovitosti za razli\u010dne industrijske aplikacije. Z monofoni\u010dno zasnovo in konstrukcijo svetlobnega droga ta cilinder ponuja vrhunsko zmogljivost, zanesljivost in enostavno uporabo.<\/p>\n<p>Glavne zna\u010dilnosti in prednosti hidravli\u010dnega cilindra z lahkimi palicami:<\/p>\n<p><strong>Monofoni\u010dna oblika<\/strong>Hidravli\u010dni cilinder z lahko palico ima monofoni\u010dno zasnovo z eno samo palico, ki se razteza na enem koncu. Ta zasnova zagotavlja kompaktno in poenostavljeno namestitev, zaradi \u010desar je primeren za aplikacije z omejenim prostorom.<\/p>\n<p><strong>Struktura svetlobne palice<\/strong>Struktura lahke palice je izdelana iz lahkega aluminija ali kompozitnih materialov. To zmanj\u0161a skupno te\u017eo, omogo\u010da hitrej\u0161e delovanje, zmanj\u0161a porabo energije in pove\u010da u\u010dinkovitost.<\/p>\n<p><strong>Izbolj\u0161ana natan\u010dnost<\/strong>Hidravli\u010dni cilinder z enozvo\u010dno svetlobno palico tipa CA zagotavlja natan\u010den linearni nadzor gibanja. Zagotavlja natan\u010dno pozicioniranje in gladko gibanje, zaradi \u010desar je idealen za aplikacije, ki zahtevajo visoko natan\u010dnost, kot so robotika, avtomatizacijski sistemi in pakirni stroji.<\/p>\n<p><strong>Kompakten in prostorsko prihranen<\/strong>Zaradi kompaktne velikosti je valj idealen za vgradnjo tam, kjer je prostora malo. Zaradi majhnega odtisa je integracija v stroje in sisteme enostavna, ne da bi pri tem ogrozili delovanje.<\/p>\n<p><img loading=\"lazy\" decoding=\"async\" class=\"wp-image-828 size-full aligncenter\" src=\"https:\/\/hydraulic-cylinders.net\/wp-content\/uploads\/2023\/08\/ca-monoaural-type-light-pull-rod-hydraulic-cylinder-1.webp\" alt=\"\" width=\"790\" height=\"200\" srcset=\"https:\/\/hydraulic-cylinders.net\/wp-content\/uploads\/2023\/08\/ca-monoaural-type-light-pull-rod-hydraulic-cylinder-1.webp 790w, https:\/\/hydraulic-cylinders.net\/wp-content\/uploads\/2023\/08\/ca-monoaural-type-light-pull-rod-hydraulic-cylinder-1-480x122.webp 480w\" sizes=\"(min-width: 0px) and (max-width: 480px) 480px, (min-width: 481px) 790px, 100vw\" \/><\/p>\n<h2><strong>Parameter hidravli\u010dnega cilindra z monoauralno svetlobno palico tipa CA:<\/strong><\/h2>\n<p><img loading=\"lazy\" decoding=\"async\" class=\"alignnone wp-image-829 size-full\" src=\"https:\/\/hydraulic-cylinders.net\/wp-content\/uploads\/2023\/08\/ca-monoaural-type-light-pull-rod-hydraulic-cylinder-2.webp\" alt=\"\" width=\"790\" height=\"456\" srcset=\"https:\/\/hydraulic-cylinders.net\/wp-content\/uploads\/2023\/08\/ca-monoaural-type-light-pull-rod-hydraulic-cylinder-2.webp 790w, https:\/\/hydraulic-cylinders.net\/wp-content\/uploads\/2023\/08\/ca-monoaural-type-light-pull-rod-hydraulic-cylinder-2-480x277.webp 480w\" sizes=\"(min-width: 0px) and (max-width: 480px) 480px, (min-width: 481px) 790px, 100vw\" \/><\/p>\n<h2><strong>\u00a0CA Monoaural Type Light Rod hidravli\u010dni cilinder <\/strong><strong>Na\u010din uporabe<\/strong><strong>:<\/strong><\/h2>\n<p><strong>Namestitev<\/strong>: Jeklenko varno namestite z ustreznimi pritrdilnimi elementi, da zagotovite stabilnost in pravilno poravnavo.<\/p>\n<p><strong>Hidravli\u010dna povezava<\/strong>Hidravli\u010dno cev priklju\u010dite na dolo\u010deno odprtino na cilindru. Prepri\u010dajte se, da so spoji tesni, da prepre\u010dite pu\u0161\u010danje.<\/p>\n<p><strong>Napajalnik<\/strong>Priklju\u010dite jeklenko na zanesljiv hidravli\u010dni vir energije, kot je \u010drpalka ali pogonska enota.<\/p>\n<p><strong>Preizkusi in prilagodi<\/strong>Pred uporabo temeljito preverite vse priklju\u010dke in zagotovite njihovo varnost \u2013 preizkusite gibanje cilindra tako, da za\u017eenete hidravli\u010dni sistem in preverite gladko, linearno gibanje.<\/p>\n<h2><strong>Kako razstaviti hidravli\u010dni cilinder?<\/strong><\/h2>\n<p>Razstavljanje hidravli\u010dnega cilindra zahteva previdno ravnanje in upo\u0161tevanje ustreznih postopkov razstavljanja. Tukaj je splo\u0161en vodnik za razstavljanje hidravli\u010dnega cilindra:<\/p>\n<ol>\n<li><strong>Varnostni ukrepi<\/strong>:\n<ul>\n<li>Prepri\u010dajte se, da je hidravli\u010dni sistem brez tlaka in da v valju ni preostalega tlaka. Sledite ustreznim postopkom zaklepanja\/ozna\u010devanja, da prepre\u010dite nenamerno aktiviranje sistema.<\/li>\n<li>Nosite ustrezno osebno za\u0161\u010ditno opremo (OZO), kot so rokavice in za\u0161\u010ditna o\u010dala, da se za\u0161\u010ditite pred hidravli\u010dno teko\u010dino in morebitnimi nevarnostmi.<\/li>\n<\/ul>\n<\/li>\n<li><strong>Odstranitev cilindra<\/strong>:\n<ul>\n<li>Odklopite hidravli\u010dne cevi, priklju\u010dene na valj, in se prepri\u010dajte, da je preostala teko\u010dina ustrezno zadr\u017eana.<\/li>\n<li>Odstranite vse pritrdilne elemente ali nosilce, da sprostite valj, \u010de je valj name\u0161\u010den ali pritrjen na druge komponente.<\/li>\n<li>Previdno dvignite in odstranite jeklenko z njenega mesta namestitve, pri \u010demer pazite, da ne po\u0161kodujete ali napnete priklju\u010denih cevi ali priklju\u010dkov.<\/li>\n<\/ul>\n<\/li>\n<li><strong>In\u0161pekcijski pregled in dokumentacija<\/strong>:\n<ul>\n<li>Temeljito preglejte zunanjost jeklenke glede morebitnih znakov po\u0161kodb, pu\u0161\u010danja ali prekomerne obrabe. Vsa opa\u017eanja ali te\u017eave dokumentirajte za poznej\u0161o uporabo.<\/li>\n<li>Pred demonta\u017eo si zapomnite orientacijo valja ter polo\u017eaj tesnil, le\u017eajev in drugih komponent. To vam bo pomagalo pri ponovni monta\u017ei.<\/li>\n<\/ul>\n<\/li>\n<li><strong>Razstavljanje cilindra<\/strong>:\n<ul>\n<li>Na vsakem koncu valja poi\u0161\u010dite kon\u010dne pokrov\u010dke ali zadr\u017eevalne obro\u010de. Ti sestavni deli dr\u017eijo skupaj cev valja in bat.<\/li>\n<li>Z ustreznim orodjem previdno odstranite kon\u010dne pokrov\u010dke ali zadr\u017eevalne obro\u010de, pri \u010demer ne po\u0161kodujte povr\u0161in ali komponent.<\/li>\n<li>Ko odstranite kon\u010dne pokrov\u010dke ali zadr\u017eevalne obro\u010de, se morata cev valja in bat lahko prosto lo\u010diti.<\/li>\n<\/ul>\n<\/li>\n<li><strong>Odstranitev komponente<\/strong>:\n<ul>\n<li>Odstranite bat iz cilindra in bodite pozorni na morebitna tesnila, le\u017eaje ali druge komponente, ki so morda pritrjene nanj.<\/li>\n<li>Preverite in dokumentirajte stanje vseh odstranjenih komponent, pri \u010demer preverite obrabo, po\u0161kodbe ali znake pu\u0161\u010danja. Po potrebi zamenjajte vse obrabljene ali po\u0161kodovane dele.<\/li>\n<\/ul>\n<\/li>\n<li><strong>\u010ci\u0161\u010denje in shranjevanje komponent<\/strong>:\n<ul>\n<li>Vse razstavljene komponente temeljito o\u010distite z ustreznim \u010distilnim sredstvom, da odstranite umazanijo, ostanke ali hidravli\u010dno teko\u010dino.<\/li>\n<li>Komponente shranjujte \u010diste in organizirane ter jih za\u0161\u010ditite pred onesna\u017eenjem in po\u0161kodbami.<\/li>\n<\/ul>\n<\/li>\n<\/ol>\n<h2><strong>Zmogljivost in zmogljivost tovarne:<\/strong><\/h2>\n<h3>(1) Sestavljanje<\/h3>\n<p>Imamo prvovrstno neodvisno platformo za raziskave in razvoj. Delavnica za proizvodnjo hidravli\u010dnih cilindrov ima \u0161tiri polavtomatske monta\u017ene linije za dvi\u017ene cilindre in eno avtomatsko monta\u017eno linijo za nagibne cilindre z letno proizvodno zmogljivostjo 1 milijona kosov. Delavnica za posebne cilindre je opremljena z razli\u010dnimi specifikacijami polavtomatskega sistema za \u010di\u0161\u010denje in monta\u017eo z letno proizvodno zmogljivostjo 200.000 kosov ter znano CNC obdelovalno opremo, obdelovalnim centrom, visoko precizno posebno opremo za obdelavo cilindrov, robotskim varilnim strojem, avtomatskim \u010distilnim strojem, avtomatskim strojem za monta\u017eo cilindrov in avtomatsko proizvodno linijo za barvanje. Obstoje\u010da kriti\u010dna oprema obsega ve\u010d kot 300 kompletov (kompletov). Optimalna razporeditev in u\u010dinkovita uporaba opremnih virov zagotavljata zahteve glede natan\u010dnosti izdelkov in izpolnjujeta visoke zahteve glede kakovosti izdelkov.<\/p>\n<p><img loading=\"lazy\" decoding=\"async\" class=\"alignnone wp-image-626\" src=\"https:\/\/hydraulic-cylinders.net\/wp-content\/uploads\/2023\/08\/hydraulic-cylinder-product-1-300x158.webp\" alt=\"\" width=\"495\" height=\"260\" srcset=\"https:\/\/hydraulic-cylinders.net\/wp-content\/uploads\/2023\/08\/hydraulic-cylinder-product-1-300x158.webp 495w, https:\/\/hydraulic-cylinders.net\/wp-content\/uploads\/2023\/08\/hydraulic-cylinder-product-1-480x252.webp 480w\" sizes=\"(min-width: 0px) and (max-width: 480px) 480px, (min-width: 481px) 495px, 100vw\" \/> <img loading=\"lazy\" decoding=\"async\" class=\"alignnone wp-image-627\" src=\"https:\/\/hydraulic-cylinders.net\/wp-content\/uploads\/2023\/08\/hydraulic-cylinder-product-2-300x189.webp\" alt=\"\" width=\"413\" height=\"260\" \/><\/p>\n<h3>(2) Strojna obdelava<\/h3>\n<p>Strojna delavnica je opremljena s prilagojenim centrom za stru\u017eenje nagnjenih tirnic, obdelovalnim centrom, visokohitrostnim strojem za honanje, varilnim robotom in drugo sorodno opremo, ki lahko obdeluje cilindri\u010dne cevi z najve\u010djim notranjim premerom 400 mm in najve\u010djo dol\u017eino 6 metrov.<\/p>\n<p><img loading=\"lazy\" decoding=\"async\" class=\"alignnone wp-image-628 size-large\" src=\"https:\/\/hydraulic-cylinders.net\/wp-content\/uploads\/2023\/08\/hydraulic-cylinder-product-3-1024x391.webp\" alt=\"\" width=\"1024\" height=\"391\" srcset=\"https:\/\/hydraulic-cylinders.net\/wp-content\/uploads\/2023\/08\/hydraulic-cylinder-product-3-980x374.webp 980w, https:\/\/hydraulic-cylinders.net\/wp-content\/uploads\/2023\/08\/hydraulic-cylinder-product-3-480x183.webp 480w\" sizes=\"(min-width: 0px) and (max-width: 480px) 480px, (min-width: 481px) and (max-width: 980px) 980px, (min-width: 981px) 1024px, 100vw\" \/><\/p>\n<h3>(3) Varjenje<\/h3>\n<p><img loading=\"lazy\" decoding=\"async\" class=\"alignnone wp-image-629 size-large\" src=\"https:\/\/hydraulic-cylinders.net\/wp-content\/uploads\/2023\/08\/hydraulic-cylinder-product-4-1024x510.webp\" alt=\"\" width=\"1024\" height=\"510\" srcset=\"https:\/\/hydraulic-cylinders.net\/wp-content\/uploads\/2023\/08\/hydraulic-cylinder-product-4-980x488.webp 980w, https:\/\/hydraulic-cylinders.net\/wp-content\/uploads\/2023\/08\/hydraulic-cylinder-product-4-480x239.webp 480w\" sizes=\"(min-width: 0px) and (max-width: 480px) 480px, (min-width: 481px) and (max-width: 980px) 980px, (min-width: 981px) 1024px, 100vw\" \/><\/p>\n<h3>(4) Barvanje in premazovanje<\/h3>\n<p>Z majhnimi in srednje velikimi cilindri\u010dnimi avtomatskimi linijami za barvanje na vodni osnovi, za doseganje avtomatskega nakladanja in razkladanja robotov ter avtomatskega brizganja, je projektna zmogljivost 4000 kosov na izmeno;<br \/>\nImamo tudi polavtomatsko linijo za proizvodnjo barv za velike jeklenke, ki jo poganja veriga, s projektno zmogljivostjo 60 zabojev na izmeno.<\/p>\n<p><img loading=\"lazy\" decoding=\"async\" class=\"alignnone wp-image-630\" src=\"https:\/\/hydraulic-cylinders.net\/wp-content\/uploads\/2023\/08\/hydraulic-cylinder-product-5-300x213.webp\" alt=\"\" width=\"366\" height=\"260\" \/> <img loading=\"lazy\" decoding=\"async\" class=\"alignnone wp-image-631\" src=\"https:\/\/hydraulic-cylinders.net\/wp-content\/uploads\/2023\/08\/hydraulic-cylinder-product-6-300x225.webp\" alt=\"\" width=\"347\" height=\"260\" \/><\/p>\n<h3>(5) Testiranje<\/h3>\n<p>Imamo prvovrstne in\u0161pekcijske prostore in testne postaje, s katerimi zagotavljamo, da delovanje jeklenke izpolnjuje zahteve.<\/p>\n<p><img loading=\"lazy\" decoding=\"async\" class=\"alignnone wp-image-632\" src=\"https:\/\/hydraulic-cylinders.net\/wp-content\/uploads\/2023\/08\/hydraulic-cylinder-product-8-300x200.webp\" alt=\"\" width=\"389\" height=\"260\" \/><\/p>\n<p>&nbsp;<\/p>\n<p>&nbsp;<\/p>\n<p>Smo eden najbolj\u0161ih proizvajalcev hidravli\u010dnih cilindrov z lahkimi palicami. Ponujamo vam \u0161iroko zalogo hidravli\u010dnih cilindrov z lahkimi palicami. Ponujamo tudi ustrezne <a href=\"https:\/\/hzpt.com\/agricultural-pto-gearbox\/\" target=\"_blank\" rel=\"noopener\">kmetijski menjalniki<\/a>Na\u0161e izdelke smo izvozili strankam po vsem svetu in si prislu\u017eili dober ugled zaradi vrhunske kakovosti izdelkov in poprodajnih storitev. Toplo vabimo stranke tako doma kot v tujini, da nas kontaktirajo za poslovne dogovore, izmenjavo informacij in ...\u00a0<a href=\"https:\/\/www.hydraulic-cylinders.net\/sl\/contact-us\/\">sodelujte z nami<\/a>!<\/p>\n<p>&nbsp;<\/p>\n<h2><\/h2>\n<h2><\/h2>","protected":false},"excerpt":{"rendered":"<p>CA Monoaural Type Light Rod Hydraulic Cylinder The CA monoaural type light rod hydraulic cylinder is an advanced hydraulic cylinder designed to optimize accuracy and efficiency for a variety of industrial applications. With its monophonic design and light pole construction, this cylinder offers superior performance, reliability, and ease of use. The Main Features And Advantages [&hellip;]<\/p>","protected":false},"featured_media":884,"comment_status":"open","ping_status":"closed","template":"","meta":{"_et_pb_use_builder":"","_et_pb_old_content":"","_et_gb_content_width":""},"product_brand":[],"product_cat":[1550,1525,1509,1376,1387],"product_tag":[1380],"class_list":{"0":"post-827","1":"product","2":"type-product","3":"status-publish","4":"has-post-thumbnail","6":"product_cat-double-acting-hydraulic-cylinder","7":"product_cat-machine-tool-hydraulic-cylinders","8":"product_cat-tie-rod-hydraulic-cylinder","9":"product_cat-hydraulic-cylinder","10":"product_cat-light-rod-hydraulic-cylinder","11":"product_tag-hydraulic-cylinder","13":"first","14":"instock","15":"shipping-taxable","16":"product-type-simple"},"amp_enabled":true,"_links":{"self":[{"href":"https:\/\/www.hydraulic-cylinders.net\/sl\/wp-json\/wp\/v2\/product\/827","targetHints":{"allow":["GET"]}}],"collection":[{"href":"https:\/\/www.hydraulic-cylinders.net\/sl\/wp-json\/wp\/v2\/product"}],"about":[{"href":"https:\/\/www.hydraulic-cylinders.net\/sl\/wp-json\/wp\/v2\/types\/product"}],"replies":[{"embeddable":true,"href":"https:\/\/www.hydraulic-cylinders.net\/sl\/wp-json\/wp\/v2\/comments?post=827"}],"wp:featuredmedia":[{"embeddable":true,"href":"https:\/\/www.hydraulic-cylinders.net\/sl\/wp-json\/wp\/v2\/media\/884"}],"wp:attachment":[{"href":"https:\/\/www.hydraulic-cylinders.net\/sl\/wp-json\/wp\/v2\/media?parent=827"}],"wp:term":[{"taxonomy":"product_brand","embeddable":true,"href":"https:\/\/www.hydraulic-cylinders.net\/sl\/wp-json\/wp\/v2\/product_brand?post=827"},{"taxonomy":"product_cat","embeddable":true,"href":"https:\/\/www.hydraulic-cylinders.net\/sl\/wp-json\/wp\/v2\/product_cat?post=827"},{"taxonomy":"product_tag","embeddable":true,"href":"https:\/\/www.hydraulic-cylinders.net\/sl\/wp-json\/wp\/v2\/product_tag?post=827"}],"curies":[{"name":"delovni list","href":"https:\/\/api.w.org\/{rel}","templated":true}]}}