{"id":922,"date":"2023-09-04T02:45:33","date_gmt":"2023-09-04T02:45:33","guid":{"rendered":"https:\/\/hydraulic-cylinders.net\/?post_type=product&#038;p=922"},"modified":"2023-09-19T01:26:12","modified_gmt":"2023-09-19T01:26:12","slug":"ca-monaural-type-heavy-rod-hydraulic-cylinder","status":"publish","type":"product","link":"https:\/\/www.hydraulic-cylinders.net\/sl\/izdelek\/ca-monaural-type-heavy-rod-hydraulic-cylinder\/","title":{"rendered":"CA Monauralni tip te\u017ekega hidravli\u010dnega cilindra"},"content":{"rendered":"<h1 style=\"text-align: center;\"><strong>CA Monauralni tip te\u017ekega hidravli\u010dnega cilindra<\/strong><\/h1>\n<p>Monoavralni hidravli\u010dni cilindri s te\u017ekimi palicami tipa CA so visokozmogljivi hidravli\u010dni element, zasnovan za izpolnjevanje strogih zahtev te\u017ekih industrijskih aplikacij. S svojo robustno konstrukcijo, impresivno izhodno silo in zanesljivim delovanjem ponujajo izjemno mo\u010d in vzdr\u017eljivost. Ne glede na to, ali dvigujete, potiskate ali vle\u010dete, monoavralni hidravli\u010dni cilindri s te\u017ekimi palicami tipa CA zagotavljajo vrhunsko zmogljivost za optimizacijo industrijskih operacij.<\/p>\n<p>Bistvene zna\u010dilnosti hidravli\u010dnega cilindra s te\u017ekimi palicami:<\/p>\n<p><strong>Robustna konstrukcija:<\/strong> Ta hidravli\u010dni cilinder je izdelan iz visokokakovostnih materialov, kar zagotavlja trdnost in dolgo \u017eivljenjsko dobo. Robustna konstrukcija mu omogo\u010da, da prenese velike obremenitve, visoke tlake in zahtevne delovne pogoje, zaradi \u010desar je primeren za zahtevna industrijska opravila.<\/p>\n<p><strong>Visoka izhodna sila:<\/strong>\u00a0 Monoavralni hidravli\u010dni cilinder s te\u017eko palico tipa CA zagotavlja veliko izhodno silo, zaradi \u010desar je idealen za aplikacije, ki zahtevajo znatno mo\u010d. Njegov velik premer bata in zmogljivost visokega tlaka zagotavljata vrhunsko trdnost in enostavno obvladovanje te\u017ekih nalog.<\/p>\n<p><strong>Mono zasnova:<\/strong> Ta hidravli\u010dni cilinder ima monoavrsko zasnovo, ki zagotavlja preprostost in enostavno namestitev. Monavralna konfiguracija poenostavlja postopek monta\u017ee in zmanj\u0161uje kompleksnost integracije hidravli\u010dnega sistema, kar ponuja udobje in prihranek \u010dasa.<\/p>\n<p><strong>Natan\u010den nadzor:<\/strong>\u00a0 Monoavralni hidravli\u010dni cilinder s te\u017eko palico tipa CA uporablja natan\u010dno obdelane komponente in visokokakovostna tesnila za zagotavljanje natan\u010dnega in zanesljivega delovanja. Natan\u010dno nadzoruje gibanje in pozicioniranje bremen za u\u010dinkovito in ustrezno obdelavo.<\/p>\n<p><img loading=\"lazy\" decoding=\"async\" class=\"aligncenter wp-image-926 size-full\" src=\"https:\/\/hydraulic-cylinders.net\/wp-content\/uploads\/2023\/09\/binaural-type-heavy-rod-hydraulic-cylinder-2.webp\" alt=\"\" width=\"790\" height=\"200\" srcset=\"https:\/\/hydraulic-cylinders.net\/wp-content\/uploads\/2023\/09\/binaural-type-heavy-rod-hydraulic-cylinder-2.webp 790w, https:\/\/hydraulic-cylinders.net\/wp-content\/uploads\/2023\/09\/binaural-type-heavy-rod-hydraulic-cylinder-2-480x122.webp 480w\" sizes=\"(min-width: 0px) and (max-width: 480px) 480px, (min-width: 481px) 790px, 100vw\" \/><\/p>\n<h2><strong>Parameter hidravli\u010dnega cilindra s te\u017ekim drogom tipa CA Monaural:<\/strong><\/h2>\n<p><img loading=\"lazy\" decoding=\"async\" class=\"alignnone wp-image-925 size-full\" src=\"https:\/\/hydraulic-cylinders.net\/wp-content\/uploads\/2023\/09\/binaural-type-heavy-rod-hydraulic-cylinder-1.webp\" alt=\"\" width=\"790\" height=\"561\" srcset=\"https:\/\/hydraulic-cylinders.net\/wp-content\/uploads\/2023\/09\/binaural-type-heavy-rod-hydraulic-cylinder-1.webp 790w, https:\/\/hydraulic-cylinders.net\/wp-content\/uploads\/2023\/09\/binaural-type-heavy-rod-hydraulic-cylinder-1-480x341.webp 480w\" sizes=\"(min-width: 0px) and (max-width: 480px) 480px, (min-width: 481px) 790px, 100vw\" \/><\/p>\n<h2><strong>CA Monauralni tip te\u017ekega hidravli\u010dnega cilindra <\/strong><strong>Na\u010din uporabe<\/strong><strong>:<\/strong><\/h2>\n<p><strong>Monta\u017ea:<\/strong>\u00a0 Najprej varno namestite hidravli\u010dni cilinder CA z enim u\u0161esom in te\u017eko palico z uporabo ustreznega nosilca ali vpenjala. Med namestitvijo zagotovite pravilno poravnavo in stabilnost, da prepre\u010dite neporavnanost ali obremenitev cilindra.<\/p>\n<p><strong>Integracija hidravli\u010dnega sistema:<\/strong>\u00a0 Follow the manufacturer&#8217;s instructions and guidelines to connect hydraulic lines to cylinder ports. The cylinder is integrated into the hydraulic system by connecting it to a suitable pump or power unit. Ensure cylinder specifications and operating requirements are met.<\/p>\n<p><strong>Nadzor in delovanje:<\/strong> Krmilni ventil v hidravli\u010dnem sistemu se uporablja za regulacijo pretoka hidravli\u010dnega olja v in iz valja. Prilagodite nastavitve krmiljenja glede na \u017eeleno linearno gibanje in izhodno silo. Preizkusite gibanje valja, da preverite njegovo delovanje in odzivnost.<\/p>\n<h2><strong>CA Monauralni tip te\u017ekega hidravli\u010dnega cilindra <\/strong><strong>Vzdr\u017eevanje<\/strong><strong>:<\/strong><\/h2>\n<p>Redno vzdr\u017eevanje je klju\u010dnega pomena za zagotovitev optimalne zmogljivosti in dolge \u017eivljenjske dobe hidravli\u010dnega cilindra s te\u017eko palico tipa CA Monaural. Upo\u0161tevajte ta navodila za vzdr\u017eevanje:<\/p>\n<p><strong>Redni pregled:<\/strong>\u00a0 Izvajajte rutinske preglede, da odkrijete znake obrabe, po\u0161kodb ali pu\u0161\u010danja. Preverite morebitne nepravilnosti na blokih valjev, batnicah, tesnilih in drugih komponentah. Morebitne te\u017eave odpravite takoj, da prepre\u010dite nadaljnje po\u0161kodbe ali neu\u010dinkovitost delovanja.<\/p>\n<p><strong>Mazanje:<\/strong>\u00a0 Na gibljive dele valja, vklju\u010dno z veznimi palicami in tesnili, nanesite priporo\u010deno mazivo. Redno mazanje zmanj\u0161a trenje, zmanj\u0161a obrabo in zagotavlja nemoteno delovanje. Uporabite ustrezno vrsto maziva v skladu z navodili proizvajalca glede intervalov mazanja.<\/p>\n<p><strong>Zamenjava tesnila:<\/strong>\u00a0 \u010ce ugotovite, da so tesnila po\u0161kodovana ali pu\u0161\u010dajo, jih zamenjajte z originalnimi deli, ki jih je odobril proizvajalec. Po\u0161kodovana ali obrabljena tesnila lahko vplivajo na delovanje valja in povzro\u010dijo pu\u0161\u010danje hidravli\u010dnega olja.<\/p>\n<p><strong>\u010ci\u0161\u010denje:<\/strong>\u00a0 O\u010distite valje tako, da odstranite umazanijo, ostanke in druge ne\u010disto\u010de. Pred ponovno sestavljanjem uporabite neabrazivno \u010distilo in se prepri\u010dajte, da so vsi deli suhi. Redno \u010di\u0161\u010denje zagotavlja optimalno delovanje in prepre\u010duje prezgodnjo obrabo ali po\u0161kodbe.<\/p>\n<h2><strong>Kako preveriti, ali hidravli\u010dni cilinder pu\u0161\u010da od znotraj?<\/strong><\/h2>\n<p>\u010ce \u017eelite preveriti, ali hidravli\u010dni valj pu\u0161\u010da od znotraj, lahko storite naslednje:<\/p>\n<ol>\n<li><strong>Vizualni pregled:<\/strong> Za\u010dnite z vizualnim pregledom zunanjosti hidravli\u010dnega cilindra. Poi\u0161\u010dite morebitne znake olja ali hidravli\u010dne teko\u010dine okoli ohi\u0161ja cilindra, batnice ali tesnil. Zunanja pu\u0161\u010danja lahko ka\u017eejo tudi na notranje pu\u0161\u010danje.<\/li>\n<li><strong>Delovanje cilindra:<\/strong> Hidravli\u010dni valj upravljajte v polnem obsegu gibanja. Bodite pozorni na morebitne nenavadne zvoke, vibracije ali sunkovite gibe, ki lahko ka\u017eejo na notranje pu\u0161\u010danje. \u010ce valj deluje gladko in brez nenavadnega vedenja, to ne izklju\u010duje nujno notranjega pu\u0161\u010danja, vendar ka\u017ee na to, da je te\u017eava morda manj resna.<\/li>\n<li><strong>Preizkus zunanjega pu\u0161\u010danja:<\/strong> Wipe the cylinder clean and then visually inspect it for any fresh oil or hydraulic fluid after a period of inactivity. If you notice new oil or juice on the cylinder&#8217;s exterior, it could indicate internal leakage.<\/li>\n<li><strong>Preskus padca tlaka:<\/strong> Izvedite preizkus padca tlaka, da preverite morebitno notranje pu\u0161\u010danje. Sledite tem korakom: a. Prepri\u010dajte se, da je hidravli\u010dni sistem brez tlaka in da je valj v varnem polo\u017eaju. b. Odklopite hidravli\u010dne cevi z valja in previdno zaprite ali zama\u0161ite odprtine, da prepre\u010dite izgubljanje teko\u010dine. c. Z ro\u010dno \u010drpalko ali drugim hidravli\u010dnim virom energije vzpostavite tlak na ustrezni odprtini valja.\n<p>d. Spremljajte manometer. \u010ce tlak v kratkem \u010dasu znatno pade, to ka\u017ee na notranje pu\u0161\u010danje v jeklenki.<\/p>\n<p>e. Po potrebi ponovite preskus na obeh straneh dvostranskega cilindra.<\/li>\n<li><strong>Preskus podalj\u0161evanja palice:<\/strong> Delno ali v celoti izvlecite palico valja in nato preglejte izpostavljeni del palice glede morebitnih znakov hidravli\u010dne teko\u010dine. \u010ce na palici opazite olje ali sok, lahko to ka\u017ee na notranje pu\u0161\u010danje mimo tesnil palice.<\/li>\n<li><strong>Demonta\u017ea cilindra:<\/strong> \u010ce sumite na notranje pu\u0161\u010danje, vendar ga niste odkrili s prej\u0161njimi koraki, boste morda morali razstaviti valj za podroben pregled. Razstavljanje valja vam omogo\u010da, da pregledate bat, tesnila in druge notranje komponente glede znakov obrabe, po\u0161kodb ali kontaminacije.<\/li>\n<\/ol>\n<h2><strong>Zmogljivost in zmogljivost tovarne:<\/strong><\/h2>\n<h3>(1) Sestavljanje<\/h3>\n<p>Imamo prvovrstno neodvisno platformo za raziskave in razvoj. Delavnica za proizvodnjo hidravli\u010dnih cilindrov ima \u0161tiri polavtomatske monta\u017ene linije za dvi\u017ene cilindre in eno avtomatsko monta\u017eno linijo za nagibne cilindre z letno proizvodno zmogljivostjo 1 milijona kosov. Delavnica za posebne cilindre je opremljena z razli\u010dnimi specifikacijami polavtomatskega sistema za \u010di\u0161\u010denje in monta\u017eo z letno proizvodno zmogljivostjo 200.000 kosov ter znano CNC obdelovalno opremo, obdelovalnim centrom, visoko precizno posebno opremo za obdelavo cilindrov, robotskim varilnim strojem, avtomatskim \u010distilnim strojem, avtomatskim strojem za monta\u017eo cilindrov in avtomatsko proizvodno linijo za barvanje. Obstoje\u010da kriti\u010dna oprema obsega ve\u010d kot 300 kompletov (kompletov). Optimalna razporeditev in u\u010dinkovita uporaba opremnih virov zagotavljata zahteve glede natan\u010dnosti izdelkov in izpolnjujeta visoke zahteve glede kakovosti izdelkov.<\/p>\n<p><img loading=\"lazy\" decoding=\"async\" class=\"alignnone wp-image-626\" src=\"https:\/\/hydraulic-cylinders.net\/wp-content\/uploads\/2023\/08\/hydraulic-cylinder-product-1-300x158.webp\" alt=\"\" width=\"495\" height=\"260\" srcset=\"https:\/\/hydraulic-cylinders.net\/wp-content\/uploads\/2023\/08\/hydraulic-cylinder-product-1-300x158.webp 495w, https:\/\/hydraulic-cylinders.net\/wp-content\/uploads\/2023\/08\/hydraulic-cylinder-product-1-480x252.webp 480w\" sizes=\"(min-width: 0px) and (max-width: 480px) 480px, (min-width: 481px) 495px, 100vw\" \/> <img loading=\"lazy\" decoding=\"async\" class=\"alignnone wp-image-627\" src=\"https:\/\/hydraulic-cylinders.net\/wp-content\/uploads\/2023\/08\/hydraulic-cylinder-product-2-300x189.webp\" alt=\"\" width=\"413\" height=\"260\" \/><\/p>\n<h3>(2) Strojna obdelava<\/h3>\n<p>Strojna delavnica je opremljena s prilagojenim centrom za stru\u017eenje nagnjenih tirnic, obdelovalnim centrom, visokohitrostnim strojem za honanje, varilnim robotom in drugo sorodno opremo, ki lahko obdeluje cilindri\u010dne cevi z najve\u010djim notranjim premerom 400 mm in najve\u010djo dol\u017eino 6 metrov.<\/p>\n<p><img loading=\"lazy\" decoding=\"async\" class=\"alignnone wp-image-628 size-large\" src=\"https:\/\/hydraulic-cylinders.net\/wp-content\/uploads\/2023\/08\/hydraulic-cylinder-product-3-1024x391.webp\" alt=\"\" width=\"1024\" height=\"391\" srcset=\"https:\/\/hydraulic-cylinders.net\/wp-content\/uploads\/2023\/08\/hydraulic-cylinder-product-3-980x374.webp 980w, https:\/\/hydraulic-cylinders.net\/wp-content\/uploads\/2023\/08\/hydraulic-cylinder-product-3-480x183.webp 480w\" sizes=\"(min-width: 0px) and (max-width: 480px) 480px, (min-width: 481px) and (max-width: 980px) 980px, (min-width: 981px) 1024px, 100vw\" \/><\/p>\n<h3>(3) Varjenje<\/h3>\n<p><img loading=\"lazy\" decoding=\"async\" class=\"alignnone wp-image-629 size-large\" src=\"https:\/\/hydraulic-cylinders.net\/wp-content\/uploads\/2023\/08\/hydraulic-cylinder-product-4-1024x510.webp\" alt=\"\" width=\"1024\" height=\"510\" srcset=\"https:\/\/hydraulic-cylinders.net\/wp-content\/uploads\/2023\/08\/hydraulic-cylinder-product-4-980x488.webp 980w, https:\/\/hydraulic-cylinders.net\/wp-content\/uploads\/2023\/08\/hydraulic-cylinder-product-4-480x239.webp 480w\" sizes=\"(min-width: 0px) and (max-width: 480px) 480px, (min-width: 481px) and (max-width: 980px) 980px, (min-width: 981px) 1024px, 100vw\" \/><\/p>\n<h3>(4) Barvanje in premazovanje<\/h3>\n<p>Z majhnimi in srednje velikimi cilindri\u010dnimi avtomatskimi linijami za barvanje na vodni osnovi, za doseganje avtomatskega nakladanja in razkladanja robotov ter avtomatskega brizganja, je projektna zmogljivost 4000 kosov na izmeno;<br \/>\nImamo tudi polavtomatsko linijo za proizvodnjo barv za velike jeklenke, ki jo poganja veriga, s projektno zmogljivostjo 60 zabojev na izmeno.<\/p>\n<p><img loading=\"lazy\" decoding=\"async\" class=\"alignnone wp-image-630\" src=\"https:\/\/hydraulic-cylinders.net\/wp-content\/uploads\/2023\/08\/hydraulic-cylinder-product-5-300x213.webp\" alt=\"\" width=\"366\" height=\"260\" \/> <img loading=\"lazy\" decoding=\"async\" class=\"alignnone wp-image-631\" src=\"https:\/\/hydraulic-cylinders.net\/wp-content\/uploads\/2023\/08\/hydraulic-cylinder-product-6-300x225.webp\" alt=\"\" width=\"347\" height=\"260\" \/><\/p>\n<h3>(5) Testiranje<\/h3>\n<p>Imamo prvovrstne in\u0161pekcijske prostore in testne postaje, s katerimi zagotavljamo, da delovanje jeklenke izpolnjuje zahteve.<\/p>\n<p><img loading=\"lazy\" decoding=\"async\" class=\"alignnone wp-image-632\" src=\"https:\/\/hydraulic-cylinders.net\/wp-content\/uploads\/2023\/08\/hydraulic-cylinder-product-8-300x200.webp\" alt=\"\" width=\"389\" height=\"260\" \/><\/p>\n<p>&nbsp;<\/p>\n<p>&nbsp;<\/p>\n<p>Smo eden najbolj\u0161ih proizvajalcev hidravli\u010dnih cilindrov s te\u017ekimi palicami. Ponujamo vam \u0161iroko zalogo hidravli\u010dnih cilindrov s te\u017ekimi palicami. Ponujamo tudi ustrezne <a href=\"https:\/\/hzpt.com\/agricultural-pto-gearbox\/\" target=\"_blank\" rel=\"noopener\">kmetijski menjalniki<\/a>Na\u0161e izdelke smo izvozili strankam po vsem svetu in si prislu\u017eili dober ugled zaradi vrhunske kakovosti izdelkov in poprodajnih storitev. Toplo vabimo stranke tako doma kot v tujini, da nas kontaktirajo za poslovne dogovore, izmenjavo informacij in ...\u00a0<a href=\"https:\/\/www.hydraulic-cylinders.net\/sl\/contact-us\/\">sodelujte z nami<\/a>!<\/p>\n<p>&nbsp;<\/p>\n<h2><\/h2>","protected":false},"excerpt":{"rendered":"<p>CA Monaural Type Heavy Rod Hydraulic Cylinder The CA monaural type heavy rod hydraulic cylinder is a high-performance hydraulic element designed to meet the stringent requirements of heavy-duty industrial applications. With its rugged construction, impressive force output, and reliable operation, this hydraulic cylinder offers exceptional power and durability. Whether lifting, pushing, or pulling, CA monaural [&hellip;]<\/p>","protected":false},"featured_media":927,"comment_status":"open","ping_status":"closed","template":"","meta":{"_et_pb_use_builder":"","_et_pb_old_content":"","_et_gb_content_width":""},"product_brand":[],"product_cat":[1376,1385],"product_tag":[1380],"class_list":{"0":"post-922","1":"product","2":"type-product","3":"status-publish","4":"has-post-thumbnail","6":"product_cat-hydraulic-cylinder","7":"product_cat-heavy-rod-hydraulic-cylinder","8":"product_tag-hydraulic-cylinder","10":"first","11":"instock","12":"shipping-taxable","13":"product-type-simple"},"amp_enabled":true,"_links":{"self":[{"href":"https:\/\/www.hydraulic-cylinders.net\/sl\/wp-json\/wp\/v2\/product\/922","targetHints":{"allow":["GET"]}}],"collection":[{"href":"https:\/\/www.hydraulic-cylinders.net\/sl\/wp-json\/wp\/v2\/product"}],"about":[{"href":"https:\/\/www.hydraulic-cylinders.net\/sl\/wp-json\/wp\/v2\/types\/product"}],"replies":[{"embeddable":true,"href":"https:\/\/www.hydraulic-cylinders.net\/sl\/wp-json\/wp\/v2\/comments?post=922"}],"wp:featuredmedia":[{"embeddable":true,"href":"https:\/\/www.hydraulic-cylinders.net\/sl\/wp-json\/wp\/v2\/media\/927"}],"wp:attachment":[{"href":"https:\/\/www.hydraulic-cylinders.net\/sl\/wp-json\/wp\/v2\/media?parent=922"}],"wp:term":[{"taxonomy":"product_brand","embeddable":true,"href":"https:\/\/www.hydraulic-cylinders.net\/sl\/wp-json\/wp\/v2\/product_brand?post=922"},{"taxonomy":"product_cat","embeddable":true,"href":"https:\/\/www.hydraulic-cylinders.net\/sl\/wp-json\/wp\/v2\/product_cat?post=922"},{"taxonomy":"product_tag","embeddable":true,"href":"https:\/\/www.hydraulic-cylinders.net\/sl\/wp-json\/wp\/v2\/product_tag?post=922"}],"curies":[{"name":"delovni list","href":"https:\/\/api.w.org\/{rel}","templated":true}]}}