{"id":948,"date":"2023-09-04T06:47:46","date_gmt":"2023-09-04T06:47:46","guid":{"rendered":"https:\/\/hydraulic-cylinders.net\/?post_type=product&#038;p=948"},"modified":"2023-09-19T01:23:54","modified_gmt":"2023-09-19T01:23:54","slug":"fa-double-shaft-front-flange-type-heavy-rod-hydraulic-cylinder","status":"publish","type":"product","link":"https:\/\/www.hydraulic-cylinders.net\/sl\/izdelek\/fa-double-shaft-front-flange-type-heavy-rod-hydraulic-cylinder\/","title":{"rendered":"FA Dvojna gred sprednja prirobnica tipa Heavy Rod hidravli\u010dni cilinder"},"content":{"rendered":"<h1 style=\"text-align: center;\"><strong>FA Dvojna gred sprednja prirobnica tipa Heavy Rod hidravli\u010dni cilinder<\/strong><\/h1>\n<p>Hidravli\u010dni cilinder FA z dvojno gredjo in sprednjo prirobnico za te\u017eko palico je robusten, visokozmogljiv hidravli\u010dni element, zasnovan za hitro obvladovanje zahtevnih industrijskih aplikacij. S svojo trpe\u017eno konstrukcijo, dvojno gredjo in konfiguracijo sprednje prirobnice ta hidravli\u010dni cilinder ponuja izjemno mo\u010d, natan\u010dnost in zanesljivost. Ne glede na to, ali morate dvigovati, potiskati ali vle\u010di te\u017eke tovore, hidravli\u010dni cilinder FA z dvojno gredjo in sprednjo prirobnico za te\u017eko palico deluje v zahtevnih pogojih, zaradi \u010desar je nepogre\u0161ljivo orodje v vsaki panogi.<\/p>\n<p>Bistvene zna\u010dilnosti hidravli\u010dnega cilindra s te\u017ekimi palicami:<\/p>\n<p><strong>Robustna konstrukcija: <\/strong>Ta hidravli\u010dni cilinder lahko prenese ekstremne pogoje zaradi svoje robustne konstrukcije iz visokokakovostnih materialov. Njegova robustna zasnova zagotavlja dolgo \u017eivljenjsko dobo, zanesljivost in odpornost proti obrabi, kar mu omogo\u010da, da prenese velike obremenitve, visoke tlake in zahtevna delovna okolja.<\/p>\n<p><strong>Zasnova z dvojno gredjo:<\/strong>\u00a0 Dvoosna konfiguracija cilindra zagotavlja izbolj\u0161ano stabilnost, nadzorovano gibanje in natan\u010dno pozicioniranje. Na obeh koncih cilindra sta gredi, ki omogo\u010data so\u010dasno potiskanje in vle\u010denje, zaradi \u010desar je idealen za aplikacije, ki zahtevajo dvosmerne sile.<\/p>\n<p><strong>Konfiguracija sprednje prirobnice:<\/strong> Zasnova sprednje prirobnice hidravli\u010dnega cilindra FA z dvojno gredjo in sprednjo prirobnico ter te\u017eko palico omogo\u010da preprosto in priro\u010dno namestitev. Prirobnice je mogo\u010de pritrditi neposredno na opremo ali stroje, kar poenostavi namestitev in zagotovi pravilno poravnavo.<\/p>\n<p><img loading=\"lazy\" decoding=\"async\" class=\"size-medium wp-image-952 aligncenter\" src=\"https:\/\/hydraulic-cylinders.net\/wp-content\/uploads\/2023\/09\/fa-double-shaft-front-flange-type-heavy-rod-hydraulic-cylinder-2-1-300x300.webp\" alt=\"\" width=\"300\" height=\"300\" srcset=\"https:\/\/www.hydraulic-cylinders.net\/wp-content\/uploads\/2023\/09\/fa-double-shaft-front-flange-type-heavy-rod-hydraulic-cylinder-2-1-300x300.webp 300w, https:\/\/www.hydraulic-cylinders.net\/wp-content\/uploads\/2023\/09\/fa-double-shaft-front-flange-type-heavy-rod-hydraulic-cylinder-2-1-100x100.webp 100w, https:\/\/www.hydraulic-cylinders.net\/wp-content\/uploads\/2023\/09\/fa-double-shaft-front-flange-type-heavy-rod-hydraulic-cylinder-2-1-150x150.webp 150w, https:\/\/www.hydraulic-cylinders.net\/wp-content\/uploads\/2023\/09\/fa-double-shaft-front-flange-type-heavy-rod-hydraulic-cylinder-2-1-12x12.webp 12w, https:\/\/www.hydraulic-cylinders.net\/wp-content\/uploads\/2023\/09\/fa-double-shaft-front-flange-type-heavy-rod-hydraulic-cylinder-2-1.webp 302w\" sizes=\"(max-width: 300px) 100vw, 300px\" \/><\/p>\n<h2><strong>Parameter hidravli\u010dnega cilindra s te\u017ekim drogom in sprednjo prirobnico FA z dvojno gredjo:<\/strong><\/h2>\n<p><img loading=\"lazy\" decoding=\"async\" class=\"alignnone wp-image-950 size-full\" src=\"https:\/\/hydraulic-cylinders.net\/wp-content\/uploads\/2023\/09\/fa-double-shaft-front-flange-type-heavy-rod-hydraulic-cylinder-1.webp\" alt=\"\" width=\"790\" height=\"568\" srcset=\"https:\/\/hydraulic-cylinders.net\/wp-content\/uploads\/2023\/09\/fa-double-shaft-front-flange-type-heavy-rod-hydraulic-cylinder-1.webp 790w, https:\/\/hydraulic-cylinders.net\/wp-content\/uploads\/2023\/09\/fa-double-shaft-front-flange-type-heavy-rod-hydraulic-cylinder-1-480x345.webp 480w\" sizes=\"(min-width: 0px) and (max-width: 480px) 480px, (min-width: 481px) 790px, 100vw\" \/><\/p>\n<h2><strong>FA Dvojna gred sprednja prirobnica tipa Heavy Rod hidravli\u010dni cilinder <\/strong><strong>Na\u010din uporabe<\/strong><strong>:<\/strong><\/h2>\n<p><strong>Monta\u017ea:<\/strong>\u00a0 Najprej varno namestite hidravli\u010dni cilinder FA s te\u017eko palico in dvojno gredjo s sprednjo prirobnico z uporabo ustreznega nosilca ali vpenjala. Med namestitvijo zagotovite pravilno poravnavo in stabilnost, da prepre\u010dite neporavnanost cilindra ali prekomerno obremenitev.<\/p>\n<p><strong>Integracija hidravli\u010dnega sistema:<\/strong>\u00a0 Hidravli\u010dno cev priklju\u010dite na valj v skladu z navodili in smernicami proizvajalca. Valj se v hidravli\u010dni sistem vklju\u010di s priklju\u010ditvijo na ustrezno \u010drpalko ali pogonsko enoto. Zagotovite, da so izpolnjene specifikacije in obratovalne zahteve valja.<\/p>\n<p><strong>Nadzor in delovanje:<\/strong>\u00a0 Krmilni ventil v hidravli\u010dnem sistemu uravnava pretok hidravli\u010dnega olja v valj in iz njega. Prilagodite nastavitve krmiljenja, da dose\u017eete \u017eeleno linearno gibanje in izhodno silo. Preizkusite gibanje valja, da preverite njegovo delovanje in odzivnost.<\/p>\n<h2><strong>FA Dvojna gred sprednja prirobnica tipa Heavy Rod hidravli\u010dni cilinder <\/strong><strong>Vzdr\u017eevanje<\/strong><strong>:<\/strong><\/h2>\n<p>Redno vzdr\u017eevanje je bistvenega pomena za zagotovitev optimalne zmogljivosti in dolge \u017eivljenjske dobe hidravli\u010dnega cilindra FA s te\u017eko palico in dvojno gredjo s sprednjo prirobnico. Upo\u0161tevajte ta navodila za vzdr\u017eevanje:<\/p>\n<p><strong>Redni pregled:<\/strong>\u00a0 Izvajajte rutinske preglede, da odkrijete znake obrabe, po\u0161kodb ali pu\u0161\u010danja. Preverite bloke valjev, gredi, tesnila in druge komponente glede nepravilnosti. Morebitne te\u017eave odpravite takoj, da prepre\u010dite nadaljnje po\u0161kodbe ali neu\u010dinkovitost delovanja.<\/p>\n<p><strong>Mazanje:<\/strong> Na gibljive dele valja, vklju\u010dno z gredmi in tesnili, nanesite priporo\u010deno mazivo. Redno mazanje zmanj\u0161a trenje, zmanj\u0161a obrabo in zagotavlja nemoteno delovanje. Upo\u0161tevajte navodila proizvajalca glede intervalov mazanja in uporabljajte ustrezno vrsto maziva.<\/p>\n<p><strong>Zamenjava tesnila:<\/strong>\u00a0 \u010ce ugotovite, da so tesnila po\u0161kodovana ali pu\u0161\u010dajo, jih zamenjajte z originalnimi deli, ki jih je odobril proizvajalec. Po\u0161kodovana ali obrabljena tesnila lahko vplivajo na delovanje valja in povzro\u010dijo pu\u0161\u010danje hidravli\u010dnega olja.<\/p>\n<p><strong>\u010ci\u0161\u010denje:<\/strong>\u00a0 O\u010distite valje tako, da odstranite umazanijo, ostanke in druge ne\u010disto\u010de. Pred ponovno sestavljanjem uporabite neabrazivno \u010distilo in se prepri\u010dajte, da so vsi deli popolnoma suhi. Redno \u010di\u0161\u010denje zagotavlja optimalno delovanje in prepre\u010duje prezgodnjo obrabo ali po\u0161kodbe.<\/p>\n<h2><strong>Kako odstraniti hidravli\u010dni cilinder s stola\uff1f<\/strong><\/h2>\n<p>\u010ce \u017eelite odstraniti hidravli\u010dni cilinder s stola, sledite spodnjim korakom:<\/p>\n<ol>\n<li><strong>Varnostni ukrepi:<\/strong> Preden za\u010dnete, se prepri\u010dajte, da je stol na stabilni povr\u0161ini in se ne bo prevrnil. Nosite ustrezno osebno za\u0161\u010ditno opremo (OZO), kot so rokavice in za\u0161\u010ditna o\u010dala.<\/li>\n<li><strong>Spustite stol:<\/strong> \u010ce ima stol funkcijo nastavljive vi\u0161ine, ga spustite v najni\u017eji polo\u017eaj. Ta korak bo olaj\u0161al dostop do hidravli\u010dnega cilindra in njegovo odstranitev.<\/li>\n<li><strong>Poi\u0161\u010dite pritrdilno to\u010dko cilindra:<\/strong> Preglejte stol, da ugotovite, kje je pritrjen hidravli\u010dni cilinder. To je lahko na dnu stola ali pod sede\u017eem.<\/li>\n<li><strong>Odstranite zadr\u017eevalno sponko:<\/strong> Mnogi stoli uporabljajo pritrdilno sponko ali obro\u010d za pritrditev hidravli\u010dnega cilindra. Poi\u0161\u010dite pritrdilno sponko in jo odstranite z ravnim izvija\u010dem ali kle\u0161\u010dami. Bodite previdni, saj lahko sponka pri sprostitvi sko\u010di ven.<\/li>\n<li><strong>Lo\u010dite valj od podno\u017eja stola:<\/strong> Ko odstranite pritrdilno sponko, lahko hidravli\u010dni valj snamete z podno\u017eja stola. Trdno primite sede\u017e stola in ga dvignite navzgor, medtem ko z ne\u017eno silo lo\u010dite valj od tal. Morda boste morali valj rahlo premakniti ali zasukati, da ga zrahljate.<\/li>\n<li><strong>Pregled in \u010di\u0161\u010denje:<\/strong> Po odstranitvi hidravli\u010dnega cilindra ga preglejte glede morebitnih znakov po\u0161kodb, pu\u0161\u010danja ali obrabe. Preverite pritrdilne to\u010dke na cilindru in stolu glede morebitnih ostankov, umazanije ali rje. Ta mesta o\u010distite z blagim \u010distilom ali krpo, navla\u017eeno z vodo.<\/li>\n<li><strong>Ponovna namestitev ali zamenjava:<\/strong> \u010ce nameravate hidravli\u010dni valj ponovno uporabiti, se prepri\u010dajte, da je v dobrem delovnem stanju in brez napak. Na pritrdilne to\u010dke nanesite majhno koli\u010dino maziva, da omogo\u010dite nemoteno gibanje. Za ponovno namestitev valja v stol izvedite korake v obratnem vrstnem redu. \u010ce je valj po\u0161kodovan ali ne deluje pravilno, ga je priporo\u010dljivo zamenjati z novim ustrezne velikosti in specifikacij.<\/li>\n<\/ol>\n<h2><strong>Zmogljivost in zmogljivost tovarne:<\/strong><\/h2>\n<h3>(1) Sestavljanje<\/h3>\n<p>Imamo prvovrstno neodvisno platformo za raziskave in razvoj. Delavnica za proizvodnjo hidravli\u010dnih cilindrov ima \u0161tiri polavtomatske monta\u017ene linije za dvi\u017ene cilindre in eno avtomatsko monta\u017eno linijo za nagibne cilindre z letno proizvodno zmogljivostjo 1 milijona kosov. Delavnica za posebne cilindre je opremljena z razli\u010dnimi specifikacijami polavtomatskega sistema za \u010di\u0161\u010denje in monta\u017eo z letno proizvodno zmogljivostjo 200.000 kosov ter znano CNC obdelovalno opremo, obdelovalnim centrom, visoko precizno posebno opremo za obdelavo cilindrov, robotskim varilnim strojem, avtomatskim \u010distilnim strojem, avtomatskim strojem za monta\u017eo cilindrov in avtomatsko proizvodno linijo za barvanje. Obstoje\u010da kriti\u010dna oprema obsega ve\u010d kot 300 kompletov (kompletov). Optimalna razporeditev in u\u010dinkovita uporaba opremnih virov zagotavljata zahteve glede natan\u010dnosti izdelkov in izpolnjujeta visoke zahteve glede kakovosti izdelkov.<\/p>\n<p><img loading=\"lazy\" decoding=\"async\" class=\"alignnone wp-image-626\" src=\"https:\/\/hydraulic-cylinders.net\/wp-content\/uploads\/2023\/08\/hydraulic-cylinder-product-1-300x158.webp\" alt=\"\" width=\"495\" height=\"260\" srcset=\"https:\/\/hydraulic-cylinders.net\/wp-content\/uploads\/2023\/08\/hydraulic-cylinder-product-1-300x158.webp 495w, https:\/\/hydraulic-cylinders.net\/wp-content\/uploads\/2023\/08\/hydraulic-cylinder-product-1-480x252.webp 480w\" sizes=\"(min-width: 0px) and (max-width: 480px) 480px, (min-width: 481px) 495px, 100vw\" \/> <img loading=\"lazy\" decoding=\"async\" class=\"alignnone wp-image-627\" src=\"https:\/\/hydraulic-cylinders.net\/wp-content\/uploads\/2023\/08\/hydraulic-cylinder-product-2-300x189.webp\" alt=\"\" width=\"413\" height=\"260\" \/><\/p>\n<h3>(2) Strojna obdelava<\/h3>\n<p>Strojna delavnica je opremljena s prilagojenim centrom za stru\u017eenje nagnjenih tirnic, obdelovalnim centrom, visokohitrostnim strojem za honanje, varilnim robotom in drugo sorodno opremo, ki lahko obdeluje cilindri\u010dne cevi z najve\u010djim notranjim premerom 400 mm in najve\u010djo dol\u017eino 6 metrov.<\/p>\n<p><img loading=\"lazy\" decoding=\"async\" class=\"alignnone wp-image-628 size-large\" src=\"https:\/\/hydraulic-cylinders.net\/wp-content\/uploads\/2023\/08\/hydraulic-cylinder-product-3-1024x391.webp\" alt=\"\" width=\"1024\" height=\"391\" srcset=\"https:\/\/hydraulic-cylinders.net\/wp-content\/uploads\/2023\/08\/hydraulic-cylinder-product-3-980x374.webp 980w, https:\/\/hydraulic-cylinders.net\/wp-content\/uploads\/2023\/08\/hydraulic-cylinder-product-3-480x183.webp 480w\" sizes=\"(min-width: 0px) and (max-width: 480px) 480px, (min-width: 481px) and (max-width: 980px) 980px, (min-width: 981px) 1024px, 100vw\" \/><\/p>\n<h3>(3) Varjenje<\/h3>\n<p><img loading=\"lazy\" decoding=\"async\" class=\"alignnone wp-image-629 size-large\" src=\"https:\/\/hydraulic-cylinders.net\/wp-content\/uploads\/2023\/08\/hydraulic-cylinder-product-4-1024x510.webp\" alt=\"\" width=\"1024\" height=\"510\" srcset=\"https:\/\/hydraulic-cylinders.net\/wp-content\/uploads\/2023\/08\/hydraulic-cylinder-product-4-980x488.webp 980w, https:\/\/hydraulic-cylinders.net\/wp-content\/uploads\/2023\/08\/hydraulic-cylinder-product-4-480x239.webp 480w\" sizes=\"(min-width: 0px) and (max-width: 480px) 480px, (min-width: 481px) and (max-width: 980px) 980px, (min-width: 981px) 1024px, 100vw\" \/><\/p>\n<h3>(4) Barvanje in premazovanje<\/h3>\n<p>Z majhnimi in srednje velikimi cilindri\u010dnimi avtomatskimi linijami za barvanje na vodni osnovi, za doseganje avtomatskega nakladanja in razkladanja robotov ter avtomatskega brizganja, je projektna zmogljivost 4000 kosov na izmeno;<br \/>\nImamo tudi polavtomatsko linijo za proizvodnjo barv za velike jeklenke, ki jo poganja veriga, s projektno zmogljivostjo 60 zabojev na izmeno.<\/p>\n<p><img loading=\"lazy\" decoding=\"async\" class=\"alignnone wp-image-630\" src=\"https:\/\/hydraulic-cylinders.net\/wp-content\/uploads\/2023\/08\/hydraulic-cylinder-product-5-300x213.webp\" alt=\"\" width=\"366\" height=\"260\" \/> <img loading=\"lazy\" decoding=\"async\" class=\"alignnone wp-image-631\" src=\"https:\/\/hydraulic-cylinders.net\/wp-content\/uploads\/2023\/08\/hydraulic-cylinder-product-6-300x225.webp\" alt=\"\" width=\"347\" height=\"260\" \/><\/p>\n<h3>(5) Testiranje<\/h3>\n<p>Imamo prvovrstne in\u0161pekcijske prostore in testne postaje, s katerimi zagotavljamo, da delovanje jeklenke izpolnjuje zahteve.<\/p>\n<p><img loading=\"lazy\" decoding=\"async\" class=\"alignnone wp-image-632\" src=\"https:\/\/hydraulic-cylinders.net\/wp-content\/uploads\/2023\/08\/hydraulic-cylinder-product-8-300x200.webp\" alt=\"\" width=\"389\" height=\"260\" \/><\/p>\n<p>&nbsp;<\/p>\n<p>&nbsp;<\/p>\n<p>Smo eden najbolj\u0161ih proizvajalcev hidravli\u010dnih cilindrov s te\u017ekimi palicami. Ponujamo vam \u0161iroko zalogo hidravli\u010dnih cilindrov s te\u017ekimi palicami. Ponujamo tudi ustrezne <a href=\"https:\/\/hzpt.com\/agricultural-pto-gearbox\/\" target=\"_blank\" rel=\"noopener\">kmetijski menjalniki<\/a>Na\u0161e izdelke smo izvozili strankam po vsem svetu in si prislu\u017eili dober ugled zaradi vrhunske kakovosti izdelkov in poprodajnih storitev. Toplo vabimo stranke tako doma kot v tujini, da nas kontaktirajo za poslovne dogovore, izmenjavo informacij in ...\u00a0<a href=\"https:\/\/www.hydraulic-cylinders.net\/sl\/contact-us\/\">sodelujte z nami<\/a>!<\/p>\n<p>&nbsp;<\/p>\n<h2><\/h2>\n<h2><\/h2>","protected":false},"excerpt":{"rendered":"<p>FA Double Shaft Front Flange Type Heavy Rod Hydraulic Cylinder The FA double shaft front flange type heavy rod hydraulic cylinder is a rugged, high-performance hydraulic element designed to handle demanding industrial applications quickly. With its durable construction, dual shaft design, and front flange configuration, this hydraulic cylinder offers exceptional power, accuracy, and reliability. Whether [&hellip;]<\/p>","protected":false},"featured_media":951,"comment_status":"open","ping_status":"closed","template":"","meta":{"_et_pb_use_builder":"","_et_pb_old_content":"","_et_gb_content_width":""},"product_brand":[],"product_cat":[1376,1385],"product_tag":[1380],"class_list":{"0":"post-948","1":"product","2":"type-product","3":"status-publish","4":"has-post-thumbnail","6":"product_cat-hydraulic-cylinder","7":"product_cat-heavy-rod-hydraulic-cylinder","8":"product_tag-hydraulic-cylinder","10":"first","11":"instock","12":"shipping-taxable","13":"product-type-simple"},"amp_enabled":true,"_links":{"self":[{"href":"https:\/\/www.hydraulic-cylinders.net\/sl\/wp-json\/wp\/v2\/product\/948","targetHints":{"allow":["GET"]}}],"collection":[{"href":"https:\/\/www.hydraulic-cylinders.net\/sl\/wp-json\/wp\/v2\/product"}],"about":[{"href":"https:\/\/www.hydraulic-cylinders.net\/sl\/wp-json\/wp\/v2\/types\/product"}],"replies":[{"embeddable":true,"href":"https:\/\/www.hydraulic-cylinders.net\/sl\/wp-json\/wp\/v2\/comments?post=948"}],"wp:featuredmedia":[{"embeddable":true,"href":"https:\/\/www.hydraulic-cylinders.net\/sl\/wp-json\/wp\/v2\/media\/951"}],"wp:attachment":[{"href":"https:\/\/www.hydraulic-cylinders.net\/sl\/wp-json\/wp\/v2\/media?parent=948"}],"wp:term":[{"taxonomy":"product_brand","embeddable":true,"href":"https:\/\/www.hydraulic-cylinders.net\/sl\/wp-json\/wp\/v2\/product_brand?post=948"},{"taxonomy":"product_cat","embeddable":true,"href":"https:\/\/www.hydraulic-cylinders.net\/sl\/wp-json\/wp\/v2\/product_cat?post=948"},{"taxonomy":"product_tag","embeddable":true,"href":"https:\/\/www.hydraulic-cylinders.net\/sl\/wp-json\/wp\/v2\/product_tag?post=948"}],"curies":[{"name":"delovni list","href":"https:\/\/api.w.org\/{rel}","templated":true}]}}