{"id":1012,"date":"2023-09-07T02:00:53","date_gmt":"2023-09-07T02:00:53","guid":{"rendered":"https:\/\/hydraulic-cylinders.net\/?post_type=product&#038;p=1012"},"modified":"2023-09-19T01:36:49","modified_gmt":"2023-09-19T01:36:49","slug":"rear-cover-trunnion-four-rod-hydraulic-cylinder","status":"publish","type":"product","link":"https:\/\/www.hydraulic-cylinders.net\/sv\/produkt\/rear-cover-trunnion-four-rod-hydraulic-cylinder\/","title":{"rendered":"Bakre k\u00e5pa St\u00f6dben Fyra st\u00e4nger Hydraulcylinder"},"content":{"rendered":"<h1 style=\"text-align: center;\"><strong>Bakre k\u00e5pa St\u00f6dben Fyra st\u00e4nger Hydraulcylinder<\/strong><\/h1>\n<p><img loading=\"lazy\" decoding=\"async\" class=\"size-full wp-image-1013 aligncenter\" src=\"https:\/\/hydraulic-cylinders.net\/wp-content\/uploads\/2023\/09\/rear-cover-trunnion-four-rod-hydraulic-cylinder-1-1.webp\" alt=\"\" width=\"231\" height=\"231\" srcset=\"https:\/\/www.hydraulic-cylinders.net\/wp-content\/uploads\/2023\/09\/rear-cover-trunnion-four-rod-hydraulic-cylinder-1-1.webp 231w, https:\/\/www.hydraulic-cylinders.net\/wp-content\/uploads\/2023\/09\/rear-cover-trunnion-four-rod-hydraulic-cylinder-1-1-100x100.webp 100w, https:\/\/www.hydraulic-cylinders.net\/wp-content\/uploads\/2023\/09\/rear-cover-trunnion-four-rod-hydraulic-cylinder-1-1-150x150.webp 150w, https:\/\/www.hydraulic-cylinders.net\/wp-content\/uploads\/2023\/09\/rear-cover-trunnion-four-rod-hydraulic-cylinder-1-1-12x12.webp 12w\" sizes=\"(max-width: 231px) 100vw, 231px\" \/><\/p>\n<p>Den bakre k\u00e5pans fyrst\u00e5ngs hydraulcylinder \u00e4r en banbrytande komponent utformad f\u00f6r att ge exceptionell kraft, exakt kontroll och o\u00f6vertr\u00e4ffad prestanda i olika industriella applikationer. Med sin innovativa bakre k\u00e5pans tappkonstruktion och fyrst\u00e5ngskonfiguration erbjuder denna fyrst\u00e5ngs hydraulcylinder f\u00f6rb\u00e4ttrad stabilitet, h\u00e5llbarhet och lastb\u00e4rande kapacitet, vilket g\u00f6r den till en oumb\u00e4rlig tillg\u00e5ng i kr\u00e4vande hydraulsystem.<\/p>\n<p>Viktiga egenskaper hos en hydraulcylinder med fyra st\u00e4nger:<\/p>\n<p><strong>Bakre lockets dragkrokdesign:<\/strong><\/p>\n<ol>\n<li style=\"list-style-type: none;\">\n<ul>\n<li>Den bakre k\u00e5pans dragst\u00e5ngsdesign ger en s\u00e4ker och effektiv installationsl\u00f6sning som garanterar tillf\u00f6rlitlig drift \u00e4ven under tunga belastningar och extrema f\u00f6rh\u00e5llanden.<\/li>\n<li>Det f\u00f6renklar installationen och kan enkelt integreras i olika hydrauliska system eller utrustning.<\/li>\n<\/ul>\n<\/li>\n<\/ol>\n<p><strong>Fyra st\u00e5ngskonfiguration:<\/strong><\/p>\n<ol>\n<li style=\"list-style-type: none;\">\n<ul>\n<li>Fyrst\u00e5ngskonfigurationen f\u00f6rb\u00e4ttrar b\u00e4rf\u00f6rm\u00e5gan hos den fyrst\u00e5ngiga hydraulcylindern och s\u00e4kerst\u00e4ller optimal stabilitet och exakt positionering.<\/li>\n<li>Det g\u00f6r att den fyrst\u00e5ngshydraulcylindern effektivt motst\u00e5r sidobelastningar, vilket ger exceptionellt motst\u00e5nd mot vridning och sidokrafter.<\/li>\n<\/ul>\n<\/li>\n<\/ol>\n<p><strong>H\u00f6g effekt:<\/strong><\/p>\n<ol>\n<li style=\"list-style-type: none;\">\n<ul>\n<li>Denna fyrstavs hydraulcylinder har en imponerande effekt, vilket g\u00f6r att den enkelt kan hantera tunga laster.<\/li>\n<li>Den ger \u00f6verl\u00e4gsen kraft och dragkraft, vilket g\u00f6r den l\u00e4mplig f\u00f6r applikationer som kr\u00e4ver mycket styrka och lyftkapacitet.<\/li>\n<\/ul>\n<\/li>\n<\/ol>\n<p><strong>Exakt kontroll:<\/strong><\/p>\n<ul>\n<li style=\"list-style-type: none;\">\n<ul>\n<li>Den bakre k\u00e5pans fyrst\u00e5ngs hydraulcylinder ger exakt linj\u00e4r r\u00f6relsekontroll f\u00f6r att s\u00e4kerst\u00e4lla korrekt positionering och smidig drift.<\/li>\n<li>Den ger utm\u00e4rkt slagkontroll, vilket g\u00f6r det m\u00f6jligt f\u00f6r operat\u00f6rer att uppn\u00e5 den hastighet och precision som kr\u00e4vs f\u00f6r specifika uppgifter.<\/li>\n<\/ul>\n<\/li>\n<\/ul>\n<h2><strong>Bakre lockets dragst\u00e5ng med fyra st\u00e4ngers hydraulcylinder Parameter:<\/strong><\/h2>\n<p><img loading=\"lazy\" decoding=\"async\" class=\"alignnone wp-image-1010 size-full\" src=\"https:\/\/hydraulic-cylinders.net\/wp-content\/uploads\/2023\/09\/rear-cover-rectangular-flange-four-rod-hydraulic-cylinder-2.webp\" alt=\"\" width=\"655\" height=\"197\" srcset=\"https:\/\/hydraulic-cylinders.net\/wp-content\/uploads\/2023\/09\/rear-cover-rectangular-flange-four-rod-hydraulic-cylinder-2.webp 655w, https:\/\/hydraulic-cylinders.net\/wp-content\/uploads\/2023\/09\/rear-cover-rectangular-flange-four-rod-hydraulic-cylinder-2-480x144.webp 480w\" sizes=\"(min-width: 0px) and (max-width: 480px) 480px, (min-width: 481px) 655px, 100vw\" \/><\/p>\n<p><img loading=\"lazy\" decoding=\"async\" class=\"alignnone wp-image-1033 size-full\" src=\"https:\/\/hydraulic-cylinders.net\/wp-content\/uploads\/2023\/09\/d-db-dd-four-rod-hydraulic-cylinder.webp\" alt=\"\" width=\"655\" height=\"249\" srcset=\"https:\/\/hydraulic-cylinders.net\/wp-content\/uploads\/2023\/09\/d-db-dd-four-rod-hydraulic-cylinder.webp 655w, https:\/\/hydraulic-cylinders.net\/wp-content\/uploads\/2023\/09\/d-db-dd-four-rod-hydraulic-cylinder-480x182.webp 480w\" sizes=\"(min-width: 0px) and (max-width: 480px) 480px, (min-width: 481px) 655px, 100vw\" \/><\/p>\n<h2><strong>Bakre k\u00e5pa St\u00f6dben Fyra st\u00e4nger Hydraulcylinder <\/strong><strong>Anv\u00e4ndningsmetod<\/strong><strong>:<\/strong><\/h2>\n<p><strong>Montering och installation:<\/strong><\/p>\n<ol>\n<li style=\"list-style-type: none;\">\n<ul>\n<li>Ta h\u00e4nsyn till belastningskrav och utrymmesbegr\u00e4nsningar f\u00f6r att best\u00e4mma l\u00e4mplig installationsplats f\u00f6r hydraulcylindern i systemet eller utrustningen.<\/li>\n<li>Se till att monteringsytan \u00e4r ren, j\u00e4mn och kan b\u00e4ra cylinderns vikt.<\/li>\n<li>Placera de bakre k\u00e5pans axeltappar i j\u00e4mnh\u00f6jd med monteringsytan och f\u00e4st dem med rekommenderade bultar eller f\u00e4stelement.<\/li>\n<\/ul>\n<\/li>\n<\/ol>\n<p><strong>Hydrauliska anslutningar:<\/strong><\/p>\n<ol>\n<li style=\"list-style-type: none;\">\n<ul>\n<li>Anslut den fyrstavsiga hydraulcylinderns matningsledning till cylinderporten f\u00f6r att s\u00e4kerst\u00e4lla korrekt t\u00e4tning och f\u00f6rhindra l\u00e4ckage.<\/li>\n<li>F\u00f6lj tillverkarens rekommendationer f\u00f6r typ av hydraulolja och fyll systemet till rekommenderad niv\u00e5.<\/li>\n<\/ul>\n<\/li>\n<\/ol>\n<p><strong>Drift:<\/strong><\/p>\n<ul>\n<li style=\"list-style-type: none;\">\n<ul>\n<li>Aktivera hydraulsystemet och styr cylinderns r\u00f6relse med hj\u00e4lp av en hydraulisk styrventil eller annan l\u00e4mplig styrmekanism.<\/li>\n<li>Justera fl\u00f6des- och tryckinst\u00e4llningarna f\u00f6r att uppn\u00e5 \u00f6nskad hastighet och kraftutg\u00e5ng.<\/li>\n<li>\u00d6vervaka regelbundet cylinderns funktion f\u00f6r tecken p\u00e5 onormalt beteende, s\u00e5som l\u00e4ckor, \u00f6verhettning eller ovanliga ljud.<\/li>\n<\/ul>\n<\/li>\n<\/ul>\n<h2><strong>Underh\u00e5ll av bakre k\u00e5pans fyrst\u00e5ngs hydraulcylinder<\/strong><strong>:<\/strong><\/h2>\n<ol>\n<li><strong>Regelbunden inspektion:<\/strong>\n<ul>\n<li>Utf\u00f6r rutinm\u00e4ssiga visuella inspektioner f\u00f6r att kontrollera om det finns tecken p\u00e5 slitage, l\u00e4ckage eller skador.<\/li>\n<li>Inspektera st\u00e5ngens yta, t\u00e4tningar och monteringsanslutningar f\u00f6r eventuella avvikelser och \u00e5tg\u00e4rda eventuella problem omedelbart.<\/li>\n<\/ul>\n<\/li>\n<li><strong>Sm\u00f6rjning:<\/strong>\n<ul>\n<li>F\u00f6lj tillverkarens riktlinjer f\u00f6r sm\u00f6rjintervall och anv\u00e4nd ett rekommenderat sm\u00f6rjmedel f\u00f6r att s\u00e4kerst\u00e4lla problemfri drift.<\/li>\n<li>Sm\u00f6rj kolvst\u00e5ngen, t\u00e4tningarna och andra r\u00f6rliga delar f\u00f6r att minimera friktion och f\u00f6rl\u00e4nga cylinderns livsl\u00e4ngd.<\/li>\n<\/ul>\n<\/li>\n<li><strong>Byte av t\u00e4tning:<\/strong>\n<ul>\n<li>Med tiden kan t\u00e4tningarna slitas ut och beh\u00f6va bytas ut. Om l\u00e4ckage uppt\u00e4cks, ta f\u00f6rsiktigt bort de gamla t\u00e4tningarna och montera nya enligt tillverkarens specifikationer.<\/li>\n<\/ul>\n<\/li>\n<\/ol>\n<h2><strong>Hur renoverar man en hydraulcylinder?<\/strong><\/h2>\n<p>Att renovera en hydraulcylinder inneb\u00e4r att demontera cylindern, inspektera dess komponenter, byta ut slitna eller skadade delar och montera den igen f\u00f6r att \u00e5terst\u00e4lla dess funktionalitet. H\u00e4r \u00e4r en allm\u00e4n steg-f\u00f6r-steg-guide om hur man renoverar en hydraulcylinder:<\/p>\n<ol>\n<li><strong>Samla n\u00f6dv\u00e4ndiga verktyg och utrustning:<\/strong>\n<ul>\n<li>Innan du p\u00e5b\u00f6rjar renoveringsprocessen, samla ihop de verktyg som beh\u00f6vs, s\u00e5som skiftnycklar, t\u00e4nger, en gummiklubba, en cylinderbryne, nya t\u00e4tningar och O-ringar, ett t\u00e4tningsmonteringsverktyg och en reparationssats f\u00f6r hydraulcylindern.<\/li>\n<\/ul>\n<\/li>\n<li><strong>S\u00e4kerhets\u00e5tg\u00e4rder:<\/strong>\n<ul>\n<li>Se till att hydraulsystemet \u00e4r tryckl\u00f6st och att cylindern \u00e4r bortkopplad fr\u00e5n alla str\u00f6mk\u00e4llor.<\/li>\n<li>Anv\u00e4nd l\u00e4mplig skyddsutrustning (PPE), s\u00e5som handskar och skyddsglas\u00f6gon, f\u00f6r att skydda dig sj\u00e4lv under ombyggnaden.<\/li>\n<\/ul>\n<\/li>\n<li><strong>Cylinderdemontering:<\/strong>\n<ul>\n<li>Ta bort hydraulcylindern fr\u00e5n utrustningen eller systemet.<\/li>\n<li>Demontera cylindern f\u00f6rsiktigt, b\u00f6rja med att ta bort \u00e4ndk\u00e5porna eller l\u00e5sringarna.<\/li>\n<li>Sl\u00e4pp ut trycket i cylindern genom att dra tillbaka st\u00e5ngen helt.<\/li>\n<li>Observera ordningen p\u00e5 de borttagna komponenterna f\u00f6r korrekt \u00e5termontering.<\/li>\n<\/ul>\n<\/li>\n<li><strong>Komponentinspektion:<\/strong>\n<ul>\n<li>Inspektera alla cylinderkomponenter, inklusive st\u00e5ng, kolv, t\u00e4tningar och lager, f\u00f6r tecken p\u00e5 slitage, skador eller korrosion.<\/li>\n<li>M\u00e4t m\u00e5tten p\u00e5 kritiska komponenter, s\u00e5som st\u00e5ngen och h\u00e5ldiametern, f\u00f6r att s\u00e4kerst\u00e4lla att de ligger inom specifikationerna.<\/li>\n<li>Var noga med att kontrollera skicket p\u00e5 t\u00e4tningar och O-ringar, eftersom de \u00e4r v\u00e4lk\u00e4nda k\u00e4llor till problem med hydraulcylindrar.<\/li>\n<\/ul>\n<\/li>\n<li><strong>Utbyte av slitna eller skadade delar:<\/strong>\n<ul>\n<li>Byt ut alla t\u00e4tningar, O-ringar eller andra skadade komponenter som identifierats under inspektionen.<\/li>\n<li>S\u00e4kerst\u00e4ll att reservdelarna \u00e4r kompatibla med cylindermodellen och uppfyller de n\u00f6dv\u00e4ndiga specifikationerna.<\/li>\n<li>Sm\u00f6rj de nya t\u00e4tningarna eller O-ringarna med hydraulolja f\u00f6re montering.<\/li>\n<\/ul>\n<\/li>\n<li><strong>\u00c5termontering av cylinder:<\/strong>\n<ul>\n<li>Reng\u00f6r alla demonterade komponenter noggrant f\u00f6r att avl\u00e4gsna smuts och skr\u00e4p.<\/li>\n<li>Applicera ett tunt lager hydraulolja p\u00e5 komponenterna under \u00e5termonteringen f\u00f6r att ge sm\u00f6rjning.<\/li>\n<li>F\u00f6lj tillverkarens instruktioner eller reparationsmanual f\u00f6r att s\u00e4kerst\u00e4lla korrekt \u00e5termontering av f\u00e4stelement och \u00e5tdragningsmoment.<\/li>\n<\/ul>\n<\/li>\n<li><strong>Testning och installation:<\/strong>\n<ul>\n<li>N\u00e4r cylindern \u00e4r monterad igen, testa dess funktion genom att applicera hydrauliskt tryck.<\/li>\n<li>Kontrollera om det finns l\u00e4ckor, onormala ljud eller oregelbundna r\u00f6relser under testningen.<\/li>\n<li>Om cylindern fungerar smidigt utan problem kan den installeras om i utrustningen eller systemet.<\/li>\n<\/ul>\n<\/li>\n<\/ol>\n<h2><strong>Fabrikens kapacitet och kapacitet:<\/strong><\/h2>\n<h3>(1) Montering<\/h3>\n<p>Vi har en f\u00f6rstklassig oberoende forsknings- och utvecklingsplattform. Verkstaden f\u00f6r tillverkning av hydraulcylindrar har fyra halvautomatiska monteringslinjer f\u00f6r lyftcylindrar och en automatisk monteringslinje f\u00f6r tiltcylindrar, med en planerad \u00e5rlig produktionskapacitet p\u00e5 1 miljon enheter. Specialcylinderverkstaden \u00e4r utrustad med olika specifikationer f\u00f6r ett halvautomatiskt reng\u00f6ringsmonteringssystem med en planerad \u00e5rlig produktionskapacitet p\u00e5 200 000 och utrustad med k\u00e4nd CNC-bearbetningsutrustning, ett fleroperationscenter, en specialutrustning f\u00f6r h\u00f6gprecisionscylindrar, en robotsvetsmaskin, en automatisk reng\u00f6ringsmaskin, en automatisk cylindermonteringsmaskin och en automatisk produktionslinje f\u00f6r m\u00e5lning. Befintlig kritisk utrustning p\u00e5 mer \u00e4n 300 set (set). Optimal allokering och effektiv anv\u00e4ndning av utrustningsresurser s\u00e4kerst\u00e4ller produkternas noggrannhetskrav och uppfyller produkternas h\u00f6ga kvalitetsbehov.<\/p>\n<p><img loading=\"lazy\" decoding=\"async\" class=\"alignnone wp-image-626\" src=\"https:\/\/hydraulic-cylinders.net\/wp-content\/uploads\/2023\/08\/hydraulic-cylinder-product-1-300x158.webp\" alt=\"\" width=\"495\" height=\"260\" srcset=\"https:\/\/hydraulic-cylinders.net\/wp-content\/uploads\/2023\/08\/hydraulic-cylinder-product-1-300x158.webp 495w, https:\/\/hydraulic-cylinders.net\/wp-content\/uploads\/2023\/08\/hydraulic-cylinder-product-1-480x252.webp 480w\" sizes=\"(min-width: 0px) and (max-width: 480px) 480px, (min-width: 481px) 495px, 100vw\" \/> <img loading=\"lazy\" decoding=\"async\" class=\"alignnone wp-image-627\" src=\"https:\/\/hydraulic-cylinders.net\/wp-content\/uploads\/2023\/08\/hydraulic-cylinder-product-2-300x189.webp\" alt=\"\" width=\"413\" height=\"260\" \/><\/p>\n<h3>(2) Maskinbearbetning<\/h3>\n<p>Bearbetningsverkstaden \u00e4r utrustad med en specialanpassad svarvcentral f\u00f6r lutande r\u00e4ls, bearbetningscenter, h\u00f6ghastighetsh\u00f6nsmaskin, svetsrobot och annan relaterad utrustning, som kan hantera bearbetning av cylinderr\u00f6r med en maximal innerdiameter p\u00e5 400 mm och en maximal l\u00e4ngd p\u00e5 6 meter.<\/p>\n<p><img loading=\"lazy\" decoding=\"async\" class=\"alignnone wp-image-628 size-large\" src=\"https:\/\/hydraulic-cylinders.net\/wp-content\/uploads\/2023\/08\/hydraulic-cylinder-product-3-1024x391.webp\" alt=\"\" width=\"1024\" height=\"391\" srcset=\"https:\/\/hydraulic-cylinders.net\/wp-content\/uploads\/2023\/08\/hydraulic-cylinder-product-3-980x374.webp 980w, https:\/\/hydraulic-cylinders.net\/wp-content\/uploads\/2023\/08\/hydraulic-cylinder-product-3-480x183.webp 480w\" sizes=\"(min-width: 0px) and (max-width: 480px) 480px, (min-width: 481px) and (max-width: 980px) 980px, (min-width: 981px) 1024px, 100vw\" \/><\/p>\n<h3>(3) Svetsning<\/h3>\n<p><img loading=\"lazy\" decoding=\"async\" class=\"alignnone wp-image-629 size-large\" src=\"https:\/\/hydraulic-cylinders.net\/wp-content\/uploads\/2023\/08\/hydraulic-cylinder-product-4-1024x510.webp\" alt=\"\" width=\"1024\" height=\"510\" srcset=\"https:\/\/hydraulic-cylinders.net\/wp-content\/uploads\/2023\/08\/hydraulic-cylinder-product-4-980x488.webp 980w, https:\/\/hydraulic-cylinders.net\/wp-content\/uploads\/2023\/08\/hydraulic-cylinder-product-4-480x239.webp 480w\" sizes=\"(min-width: 0px) and (max-width: 480px) 480px, (min-width: 481px) and (max-width: 980px) 980px, (min-width: 981px) 1024px, 100vw\" \/><\/p>\n<h3>(4) M\u00e5lning och ytbehandling<\/h3>\n<p>Med sm\u00e5 och medelstora cylindriska automatiska vattenbaserade f\u00e4rgbel\u00e4ggningslinjer, f\u00f6r att uppn\u00e5 automatisk robotlastning och lossning samt automatisk sprutning, \u00e4r den designade kapaciteten 4000 stycken per skift;<br \/>\nVi har \u00e4ven en halvautomatisk f\u00e4rgproduktionslinje f\u00f6r stora cylindrar som drivs av en sl\u00e4pkedja, med en designkapacitet p\u00e5 60 l\u00e5dor per skift.<\/p>\n<p><img loading=\"lazy\" decoding=\"async\" class=\"alignnone wp-image-630\" src=\"https:\/\/hydraulic-cylinders.net\/wp-content\/uploads\/2023\/08\/hydraulic-cylinder-product-5-300x213.webp\" alt=\"\" width=\"366\" height=\"260\" \/> <img loading=\"lazy\" decoding=\"async\" class=\"alignnone wp-image-631\" src=\"https:\/\/hydraulic-cylinders.net\/wp-content\/uploads\/2023\/08\/hydraulic-cylinder-product-6-300x225.webp\" alt=\"\" width=\"347\" height=\"260\" \/><\/p>\n<h3>(5) Testning<\/h3>\n<p>Vi har f\u00f6rstklassiga inspektionsanl\u00e4ggningar och testb\u00e4ddar f\u00f6r att s\u00e4kerst\u00e4lla att cylinderns prestanda uppfyller kraven.<\/p>\n<p><img loading=\"lazy\" decoding=\"async\" class=\"alignnone wp-image-632\" src=\"https:\/\/hydraulic-cylinders.net\/wp-content\/uploads\/2023\/08\/hydraulic-cylinder-product-8-300x200.webp\" alt=\"\" width=\"389\" height=\"260\" \/><\/p>\n<p>&nbsp;<\/p>\n<p>&nbsp;<\/p>\n<p>Vi \u00e4r en av de b\u00e4sta tillverkarna av l\u00e4tta fyrstavscylindrar f\u00f6r hydraulik. Vi kan erbjuda ett komplett lager av l\u00e4tta fyrstavscylindrar f\u00f6r hydraulik. Vi tillhandah\u00e5ller \u00e4ven motsvarande <a href=\"https:\/\/hzpt.com\/agricultural-pto-gearbox\/\" target=\"_blank\" rel=\"noopener\">jordbruksv\u00e4xell\u00e5dor<\/a>Vi har exporterat v\u00e5ra produkter till kunder \u00f6ver hela v\u00e4rlden och f\u00e5tt ett gott rykte tack vare v\u00e5r \u00f6verl\u00e4gsna produktkvalitet och kundservice. Vi v\u00e4lkomnar varmt kunder b\u00e5de hemma och utomlands att kontakta oss f\u00f6r att f\u00f6rhandla aff\u00e4rer, utbyta information och\u00a0<a href=\"https:\/\/www.hydraulic-cylinders.net\/sv\/contact-us\/\">samarbeta med oss<\/a>!<\/p>\n<h2><\/h2>\n<h2><\/h2>\n<h2><\/h2>","protected":false},"excerpt":{"rendered":"<p>Rear Cover Trunnion Four Rod Hydraulic Cylinder The rear cover trunnion four rod hydraulic cylinder is a cutting-edge component designed to provide exceptional power, precise control, and unmatched performance in various industrial applications. With its innovative rear cover trunnion design and four rod configuration, this four rod hydraulic cylinder offers enhanced stability, durability, and load-bearing [&hellip;]<\/p>","protected":false},"featured_media":1039,"comment_status":"open","ping_status":"closed","template":"","meta":{"_et_pb_use_builder":"","_et_pb_old_content":"","_et_gb_content_width":""},"product_brand":[],"product_cat":[1376,1386],"product_tag":[1380],"class_list":{"0":"post-1012","1":"product","2":"type-product","3":"status-publish","4":"has-post-thumbnail","6":"product_cat-hydraulic-cylinder","7":"product_cat-four-rod-hydraulic-cylinder","8":"product_tag-hydraulic-cylinder","10":"first","11":"instock","12":"shipping-taxable","13":"product-type-simple"},"amp_enabled":true,"_links":{"self":[{"href":"https:\/\/www.hydraulic-cylinders.net\/sv\/wp-json\/wp\/v2\/product\/1012","targetHints":{"allow":["GET"]}}],"collection":[{"href":"https:\/\/www.hydraulic-cylinders.net\/sv\/wp-json\/wp\/v2\/product"}],"about":[{"href":"https:\/\/www.hydraulic-cylinders.net\/sv\/wp-json\/wp\/v2\/types\/product"}],"replies":[{"embeddable":true,"href":"https:\/\/www.hydraulic-cylinders.net\/sv\/wp-json\/wp\/v2\/comments?post=1012"}],"wp:featuredmedia":[{"embeddable":true,"href":"https:\/\/www.hydraulic-cylinders.net\/sv\/wp-json\/wp\/v2\/media\/1039"}],"wp:attachment":[{"href":"https:\/\/www.hydraulic-cylinders.net\/sv\/wp-json\/wp\/v2\/media?parent=1012"}],"wp:term":[{"taxonomy":"product_brand","embeddable":true,"href":"https:\/\/www.hydraulic-cylinders.net\/sv\/wp-json\/wp\/v2\/product_brand?post=1012"},{"taxonomy":"product_cat","embeddable":true,"href":"https:\/\/www.hydraulic-cylinders.net\/sv\/wp-json\/wp\/v2\/product_cat?post=1012"},{"taxonomy":"product_tag","embeddable":true,"href":"https:\/\/www.hydraulic-cylinders.net\/sv\/wp-json\/wp\/v2\/product_tag?post=1012"}],"curies":[{"name":"wp","href":"https:\/\/api.w.org\/{rel}","templated":true}]}}