{"id":1019,"date":"2023-09-07T03:16:54","date_gmt":"2023-09-07T03:16:54","guid":{"rendered":"https:\/\/hydraulic-cylinders.net\/?post_type=product&#038;p=1019"},"modified":"2023-09-19T01:36:32","modified_gmt":"2023-09-19T01:36:32","slug":"double-pistion-rod-hydraulic-cylinder","status":"publish","type":"product","link":"https:\/\/www.hydraulic-cylinders.net\/sv\/produkt\/double-pistion-rod-hydraulic-cylinder\/","title":{"rendered":"Hydraulcylinder med dubbel kolvst\u00e5ng"},"content":{"rendered":"<h1 style=\"text-align: center;\"><strong>Hydraulcylinder med dubbel kolvst\u00e5ng<\/strong><\/h1>\n<p><img loading=\"lazy\" decoding=\"async\" class=\"size-full wp-image-1022 aligncenter\" src=\"https:\/\/hydraulic-cylinders.net\/wp-content\/uploads\/2023\/09\/double-piston-rod-hydraulic-cylinder-1-1.webp\" alt=\"\" width=\"281\" height=\"281\" srcset=\"https:\/\/www.hydraulic-cylinders.net\/wp-content\/uploads\/2023\/09\/double-piston-rod-hydraulic-cylinder-1-1.webp 281w, https:\/\/www.hydraulic-cylinders.net\/wp-content\/uploads\/2023\/09\/double-piston-rod-hydraulic-cylinder-1-1-100x100.webp 100w, https:\/\/www.hydraulic-cylinders.net\/wp-content\/uploads\/2023\/09\/double-piston-rod-hydraulic-cylinder-1-1-150x150.webp 150w, https:\/\/www.hydraulic-cylinders.net\/wp-content\/uploads\/2023\/09\/double-piston-rod-hydraulic-cylinder-1-1-12x12.webp 12w\" sizes=\"(max-width: 281px) 100vw, 281px\" \/><\/p>\n<p>Den hydrauliska cylindern med dubbel kolvst\u00e5ng \u00e4r ett banbrytande hydrauliskt element utformat f\u00f6r att ge \u00f6verl\u00e4gsen kraft, stabilitet och m\u00e5ngsidighet f\u00f6r en m\u00e4ngd olika industriella till\u00e4mpningar. Med sin unika konfiguration med dubbel kolvst\u00e5ng erbjuder denna hydraulcylinder f\u00f6rb\u00e4ttrad lastb\u00e4rande kapacitet, exakt kontroll och tillf\u00f6rlitlig prestanda, vilket g\u00f6r den till en oumb\u00e4rlig tillg\u00e5ng i kr\u00e4vande hydraulsystem.<\/p>\n<p>Viktiga egenskaper hos en hydraulcylinder med fyra st\u00e4nger:<\/p>\n<p><strong>Dubbel kolvst\u00e5ngskonfiguration:<\/strong><\/p>\n<ol>\n<li style=\"list-style-type: none;\">\n<ul>\n<li>Den dubbla kolvst\u00e5ngskonfigurationen g\u00f6r att hydraulcylindern skiljer sig fr\u00e5n den traditionella designen, med h\u00f6gre stabilitet, lastkapacitet och sidolastmotst\u00e5nd.<\/li>\n<li>Den ger en symmetrisk kraftf\u00f6rdelning, vilket s\u00e4kerst\u00e4ller en balanserad och exakt r\u00f6relse under drift.<\/li>\n<\/ul>\n<\/li>\n<\/ol>\n<p><strong>H\u00f6g effekt:<\/strong><\/p>\n<ol>\n<li style=\"list-style-type: none;\">\n<ul>\n<li>Denna hydraulcylinder har en imponerande effekt, vilket g\u00f6r den l\u00e4mplig f\u00f6r applikationer som kr\u00e4ver mycket kraft och lyftkapacitet.<\/li>\n<li>Den ger en speciell dragkraft som g\u00f6r att den enkelt kan hantera tunga laster.<\/li>\n<\/ul>\n<\/li>\n<\/ol>\n<p><strong>Exakt kontroll och positionering:<\/strong><\/p>\n<ol>\n<li style=\"list-style-type: none;\">\n<ul>\n<li>Hydraulcylindrar med dubbla kolvst\u00e4nger ger exakt kontroll \u00f6ver linj\u00e4r r\u00f6relse, vilket s\u00e4kerst\u00e4ller korrekt positionering och smidig drift.<\/li>\n<li>Den ger utm\u00e4rkt slagkontroll, vilket g\u00f6r det m\u00f6jligt f\u00f6r operat\u00f6rer att uppn\u00e5 den hastighet och precision som kr\u00e4vs f\u00f6r specifika uppgifter.<\/li>\n<\/ul>\n<\/li>\n<\/ol>\n<p><strong>M\u00e5ngsidig till\u00e4mpning:<\/strong><\/p>\n<ul>\n<li style=\"list-style-type: none;\">\n<ul>\n<li>Dess robusta konstruktion och m\u00e5ngsidiga design g\u00f6r denna hydraulcylinder l\u00e4mplig f\u00f6r olika industrier och till\u00e4mpningar.<\/li>\n<li>Den kan anv\u00e4ndas i tunga maskiner, byggutrustning, materialhanteringssystem, jordbruksmaskiner etc.<\/li>\n<\/ul>\n<\/li>\n<\/ul>\n<h2><strong>Hydraulcylinder med dubbel kolvst\u00e5ng Parameter:<\/strong><\/h2>\n<p><img loading=\"lazy\" decoding=\"async\" class=\"alignnone wp-image-1023 size-full\" src=\"https:\/\/hydraulic-cylinders.net\/wp-content\/uploads\/2023\/09\/double-piston-rod-hydraulic-cylinder-2.webp\" alt=\"\" width=\"654\" height=\"388\" srcset=\"https:\/\/hydraulic-cylinders.net\/wp-content\/uploads\/2023\/09\/double-piston-rod-hydraulic-cylinder-2.webp 654w, https:\/\/hydraulic-cylinders.net\/wp-content\/uploads\/2023\/09\/double-piston-rod-hydraulic-cylinder-2-480x285.webp 480w\" sizes=\"(min-width: 0px) and (max-width: 480px) 480px, (min-width: 481px) 654px, 100vw\" \/><\/p>\n<h2><strong>Hydraulcylinder med dubbel kolvst\u00e5ng <\/strong><strong>Anv\u00e4ndningsmetod<\/strong><strong>:<\/strong><\/h2>\n<p><strong>Montering och installation:<\/strong><\/p>\n<ol>\n<li style=\"list-style-type: none;\">\n<ul>\n<li>Ta h\u00e4nsyn till belastningskrav och utrymmesbegr\u00e4nsningar f\u00f6r att best\u00e4mma l\u00e4mplig installationsplats f\u00f6r hydraulcylindern i systemet eller utrustningen.<\/li>\n<li>Se till att monteringsytan \u00e4r ren, j\u00e4mn och kan b\u00e4ra cylinderns vikt.<\/li>\n<li>F\u00e4st cylindrarna med rekommenderade bultar eller f\u00e4stelement i enlighet med tillverkarens anvisningar.<\/li>\n<\/ul>\n<\/li>\n<\/ol>\n<p><strong>Hydrauliska anslutningar:<\/strong><\/p>\n<ol>\n<li style=\"list-style-type: none;\">\n<ul>\n<li>Anslut hydraulledningen till cylinderporten och se till att den \u00e4r ordentligt t\u00e4tad f\u00f6r att f\u00f6rhindra l\u00e4ckage.<\/li>\n<li>F\u00f6lj tillverkarens rekommendationer f\u00f6r typ av hydraulolja och fyll systemet till rekommenderad niv\u00e5.<\/li>\n<\/ul>\n<\/li>\n<\/ol>\n<p><strong>Drift:<\/strong><\/p>\n<ul>\n<li style=\"list-style-type: none;\">\n<ul>\n<li>Aktivera hydraulsystemet och styr cylinderns r\u00f6relse med hj\u00e4lp av en hydraulisk styrventil eller annan l\u00e4mplig styrmekanism.<\/li>\n<li>Justera fl\u00f6des- och tryckinst\u00e4llningarna f\u00f6r att uppn\u00e5 \u00f6nskad hastighet och kraftutg\u00e5ng.<\/li>\n<li>\u00d6vervaka regelbundet cylinderns drift f\u00f6r att uppt\u00e4cka onormalt beteende, s\u00e5som l\u00e4ckage, \u00f6verhettning eller ovanliga ljud.<\/li>\n<\/ul>\n<\/li>\n<\/ul>\n<h2><strong>Hydraulcylinder med dubbel kolvst\u00e5ng <\/strong><strong>Underh\u00e5ll<\/strong><strong>:<\/strong><\/h2>\n<p><strong>Regelbunden inspektion:<\/strong><\/p>\n<ol>\n<li style=\"list-style-type: none;\">\n<ul>\n<li>Utf\u00f6r rutinm\u00e4ssiga visuella inspektioner f\u00f6r att kontrollera om det finns tecken p\u00e5 slitage, l\u00e4ckage eller skador.<\/li>\n<li>Kontrollera kolvst\u00e5ngen, t\u00e4tningarna och monteringsanslutningarna f\u00f6r att se om det finns n\u00e5gra avvikelser och \u00e5tg\u00e4rda eventuella problem omedelbart.<\/li>\n<\/ul>\n<\/li>\n<\/ol>\n<p><strong>Sm\u00f6rjning:<\/strong><\/p>\n<ol>\n<li style=\"list-style-type: none;\">\n<ul>\n<li>F\u00f6lj tillverkarens riktlinjer f\u00f6r sm\u00f6rjintervall och anv\u00e4nd det rekommenderade sm\u00f6rjmedlet f\u00f6r att s\u00e4kerst\u00e4lla problemfri drift.<\/li>\n<li>Sm\u00f6rj kolvst\u00e4nger, t\u00e4tningar och andra r\u00f6rliga delar f\u00f6r att minimera friktion och f\u00f6rl\u00e4nga cylinderns livsl\u00e4ngd.<\/li>\n<\/ul>\n<\/li>\n<\/ol>\n<p><strong>Byte av t\u00e4tning:<\/strong><\/p>\n<ul>\n<li style=\"list-style-type: none;\">\n<ul>\n<li>Med tiden kan t\u00e4tningar slitas ut och beh\u00f6va bytas ut. Om en l\u00e4cka uppt\u00e4cks, ta f\u00f6rsiktigt bort den gamla t\u00e4tningen och montera den nya t\u00e4tningen enligt tillverkarens specifikationer.<\/li>\n<\/ul>\n<\/li>\n<\/ul>\n<h2><strong>Hydraulcylinder med fyra kolvst\u00e4nger av TB-typ <\/strong><strong>Underh\u00e5ll<\/strong><strong>:<\/strong><\/h2>\n<ol>\n<li><strong>Regelbunden inspektion:<\/strong><\/li>\n<\/ol>\n<ul>\n<li>Kontrollera cylindern regelbundet f\u00f6r l\u00e4ckage, skador eller kraftigt slitage.<\/li>\n<li>Kontrollera skicket p\u00e5 t\u00e4tningar, st\u00e4nger och monteringskomponenter och byt ut alla slitna eller skadade delar.<\/li>\n<\/ul>\n<ol start=\"2\">\n<li><strong>Sm\u00f6rjning:<\/strong><\/li>\n<\/ol>\n<ul>\n<li>F\u00f6lj tillverkarens rekommendationer f\u00f6r sm\u00f6rjintervall och anv\u00e4nd hydraulolja eller fett av h\u00f6g kvalitet som \u00e4r l\u00e4mpligt f\u00f6r cylinderns specifikationer.<\/li>\n<li>Applicera sm\u00f6rjmedel p\u00e5 st\u00e5ngen, t\u00e4tningarna och andra r\u00f6rliga delar f\u00f6r att minimera friktion och s\u00e4kerst\u00e4lla smidig drift.<\/li>\n<\/ul>\n<ol start=\"3\">\n<li><strong>Reng\u00f6ring:<\/strong><\/li>\n<\/ol>\n<ul>\n<li>H\u00e5ll cylindern och dess omgivningar rena och fria fr\u00e5n skr\u00e4p, damm eller f\u00f6roreningar som p\u00e5verkar dess prestanda.<\/li>\n<li>Anv\u00e4nd ett milt reng\u00f6ringsmedel och en mjuk trasa f\u00f6r att torka av cylinderns utsida.<\/li>\n<\/ul>\n<h2><strong>Fabrikens kapacitet och kapacitet:<\/strong><\/h2>\n<h3>(1) Montering<\/h3>\n<p>Vi har en f\u00f6rstklassig oberoende forsknings- och utvecklingsplattform. Verkstaden f\u00f6r tillverkning av hydraulcylindrar har fyra halvautomatiska monteringslinjer f\u00f6r lyftcylindrar och en automatisk monteringslinje f\u00f6r tiltcylindrar, med en planerad \u00e5rlig produktionskapacitet p\u00e5 1 miljon enheter. Specialcylinderverkstaden \u00e4r utrustad med olika specifikationer f\u00f6r ett halvautomatiskt reng\u00f6ringsmonteringssystem med en planerad \u00e5rlig produktionskapacitet p\u00e5 200 000 och utrustad med k\u00e4nd CNC-bearbetningsutrustning, ett fleroperationscenter, en specialutrustning f\u00f6r h\u00f6gprecisionscylindrar, en robotsvetsmaskin, en automatisk reng\u00f6ringsmaskin, en automatisk cylindermonteringsmaskin och en automatisk produktionslinje f\u00f6r m\u00e5lning. Befintlig kritisk utrustning p\u00e5 mer \u00e4n 300 set (set). Optimal allokering och effektiv anv\u00e4ndning av utrustningsresurser s\u00e4kerst\u00e4ller produkternas noggrannhetskrav och uppfyller produkternas h\u00f6ga kvalitetsbehov.<\/p>\n<p><img loading=\"lazy\" decoding=\"async\" class=\"alignnone wp-image-626\" src=\"https:\/\/hydraulic-cylinders.net\/wp-content\/uploads\/2023\/08\/hydraulic-cylinder-product-1-300x158.webp\" alt=\"\" width=\"495\" height=\"260\" srcset=\"https:\/\/hydraulic-cylinders.net\/wp-content\/uploads\/2023\/08\/hydraulic-cylinder-product-1-300x158.webp 495w, https:\/\/hydraulic-cylinders.net\/wp-content\/uploads\/2023\/08\/hydraulic-cylinder-product-1-480x252.webp 480w\" sizes=\"(min-width: 0px) and (max-width: 480px) 480px, (min-width: 481px) 495px, 100vw\" \/> <img loading=\"lazy\" decoding=\"async\" class=\"alignnone wp-image-627\" src=\"https:\/\/hydraulic-cylinders.net\/wp-content\/uploads\/2023\/08\/hydraulic-cylinder-product-2-300x189.webp\" alt=\"\" width=\"413\" height=\"260\" \/><\/p>\n<h3>(2) Maskinbearbetning<\/h3>\n<p>Bearbetningsverkstaden \u00e4r utrustad med en specialanpassad svarvcentral f\u00f6r lutande r\u00e4ls, bearbetningscenter, h\u00f6ghastighetsh\u00f6nsmaskin, svetsrobot och annan relaterad utrustning, som kan hantera bearbetning av cylinderr\u00f6r med en maximal innerdiameter p\u00e5 400 mm och en maximal l\u00e4ngd p\u00e5 6 meter.<\/p>\n<p><img loading=\"lazy\" decoding=\"async\" class=\"alignnone wp-image-628 size-large\" src=\"https:\/\/hydraulic-cylinders.net\/wp-content\/uploads\/2023\/08\/hydraulic-cylinder-product-3-1024x391.webp\" alt=\"\" width=\"1024\" height=\"391\" srcset=\"https:\/\/hydraulic-cylinders.net\/wp-content\/uploads\/2023\/08\/hydraulic-cylinder-product-3-980x374.webp 980w, https:\/\/hydraulic-cylinders.net\/wp-content\/uploads\/2023\/08\/hydraulic-cylinder-product-3-480x183.webp 480w\" sizes=\"(min-width: 0px) and (max-width: 480px) 480px, (min-width: 481px) and (max-width: 980px) 980px, (min-width: 981px) 1024px, 100vw\" \/><\/p>\n<h3>(3) Svetsning<\/h3>\n<p><img loading=\"lazy\" decoding=\"async\" class=\"alignnone wp-image-629 size-large\" src=\"https:\/\/hydraulic-cylinders.net\/wp-content\/uploads\/2023\/08\/hydraulic-cylinder-product-4-1024x510.webp\" alt=\"\" width=\"1024\" height=\"510\" srcset=\"https:\/\/hydraulic-cylinders.net\/wp-content\/uploads\/2023\/08\/hydraulic-cylinder-product-4-980x488.webp 980w, https:\/\/hydraulic-cylinders.net\/wp-content\/uploads\/2023\/08\/hydraulic-cylinder-product-4-480x239.webp 480w\" sizes=\"(min-width: 0px) and (max-width: 480px) 480px, (min-width: 481px) and (max-width: 980px) 980px, (min-width: 981px) 1024px, 100vw\" \/><\/p>\n<h3>(4) M\u00e5lning och ytbehandling<\/h3>\n<p>Med sm\u00e5 och medelstora cylindriska automatiska vattenbaserade f\u00e4rgbel\u00e4ggningslinjer, f\u00f6r att uppn\u00e5 automatisk robotlastning och lossning samt automatisk sprutning, \u00e4r den designade kapaciteten 4000 stycken per skift;<br \/>\nVi har \u00e4ven en halvautomatisk f\u00e4rgproduktionslinje f\u00f6r stora cylindrar som drivs av en sl\u00e4pkedja, med en designkapacitet p\u00e5 60 l\u00e5dor per skift.<\/p>\n<p><img loading=\"lazy\" decoding=\"async\" class=\"alignnone wp-image-630\" src=\"https:\/\/hydraulic-cylinders.net\/wp-content\/uploads\/2023\/08\/hydraulic-cylinder-product-5-300x213.webp\" alt=\"\" width=\"366\" height=\"260\" \/> <img loading=\"lazy\" decoding=\"async\" class=\"alignnone wp-image-631\" src=\"https:\/\/hydraulic-cylinders.net\/wp-content\/uploads\/2023\/08\/hydraulic-cylinder-product-6-300x225.webp\" alt=\"\" width=\"347\" height=\"260\" \/><\/p>\n<h3>(5) Testning<\/h3>\n<p>Vi har f\u00f6rstklassiga inspektionsanl\u00e4ggningar och testb\u00e4ddar f\u00f6r att s\u00e4kerst\u00e4lla att cylinderns prestanda uppfyller kraven.<\/p>\n<p><img loading=\"lazy\" decoding=\"async\" class=\"alignnone wp-image-632\" src=\"https:\/\/hydraulic-cylinders.net\/wp-content\/uploads\/2023\/08\/hydraulic-cylinder-product-8-300x200.webp\" alt=\"\" width=\"389\" height=\"260\" \/><\/p>\n<p>&nbsp;<\/p>\n<p>&nbsp;<\/p>\n<p>Vi \u00e4r en av de b\u00e4sta tillverkarna av l\u00e4tta fyrstavscylindrar f\u00f6r hydraulik. Vi kan erbjuda ett komplett lager av l\u00e4tta fyrstavscylindrar f\u00f6r hydraulik. Vi tillhandah\u00e5ller \u00e4ven motsvarande <a href=\"https:\/\/hzpt.com\/agricultural-pto-gearbox\/\" target=\"_blank\" rel=\"noopener\">jordbruksv\u00e4xell\u00e5dor<\/a>Vi har exporterat v\u00e5ra produkter till kunder \u00f6ver hela v\u00e4rlden och f\u00e5tt ett gott rykte tack vare v\u00e5r \u00f6verl\u00e4gsna produktkvalitet och kundservice. Vi v\u00e4lkomnar varmt kunder b\u00e5de hemma och utomlands att kontakta oss f\u00f6r att f\u00f6rhandla aff\u00e4rer, utbyta information och\u00a0<a href=\"https:\/\/www.hydraulic-cylinders.net\/sv\/contact-us\/\">samarbeta med oss<\/a>!<\/p>\n<h2><\/h2>\n<h2><\/h2>","protected":false},"excerpt":{"rendered":"<p>Double Piston Rod Hydraulic Cylinder The double piston rod hydraulic cylinder is a cutting-edge hydraulic element designed to provide superior power, stability, and versatility for a wide range of industrial applications. With its unique dual piston rod configuration, this hydraulic cylinder offers enhanced load-carrying capacity, precise control, and reliable performance, making it an indispensable asset [&hellip;]<\/p>","protected":false},"featured_media":1024,"comment_status":"open","ping_status":"closed","template":"","meta":{"_et_pb_use_builder":"","_et_pb_old_content":"","_et_gb_content_width":""},"product_brand":[],"product_cat":[1376,1386],"product_tag":[1380],"class_list":{"0":"post-1019","1":"product","2":"type-product","3":"status-publish","4":"has-post-thumbnail","6":"product_cat-hydraulic-cylinder","7":"product_cat-four-rod-hydraulic-cylinder","8":"product_tag-hydraulic-cylinder","10":"first","11":"instock","12":"shipping-taxable","13":"product-type-simple"},"amp_enabled":true,"_links":{"self":[{"href":"https:\/\/www.hydraulic-cylinders.net\/sv\/wp-json\/wp\/v2\/product\/1019","targetHints":{"allow":["GET"]}}],"collection":[{"href":"https:\/\/www.hydraulic-cylinders.net\/sv\/wp-json\/wp\/v2\/product"}],"about":[{"href":"https:\/\/www.hydraulic-cylinders.net\/sv\/wp-json\/wp\/v2\/types\/product"}],"replies":[{"embeddable":true,"href":"https:\/\/www.hydraulic-cylinders.net\/sv\/wp-json\/wp\/v2\/comments?post=1019"}],"wp:featuredmedia":[{"embeddable":true,"href":"https:\/\/www.hydraulic-cylinders.net\/sv\/wp-json\/wp\/v2\/media\/1024"}],"wp:attachment":[{"href":"https:\/\/www.hydraulic-cylinders.net\/sv\/wp-json\/wp\/v2\/media?parent=1019"}],"wp:term":[{"taxonomy":"product_brand","embeddable":true,"href":"https:\/\/www.hydraulic-cylinders.net\/sv\/wp-json\/wp\/v2\/product_brand?post=1019"},{"taxonomy":"product_cat","embeddable":true,"href":"https:\/\/www.hydraulic-cylinders.net\/sv\/wp-json\/wp\/v2\/product_cat?post=1019"},{"taxonomy":"product_tag","embeddable":true,"href":"https:\/\/www.hydraulic-cylinders.net\/sv\/wp-json\/wp\/v2\/product_tag?post=1019"}],"curies":[{"name":"wp","href":"https:\/\/api.w.org\/{rel}","templated":true}]}}