{"id":1141,"date":"2023-09-12T02:01:38","date_gmt":"2023-09-12T02:01:38","guid":{"rendered":"https:\/\/hydraulic-cylinders.net\/?post_type=product&#038;p=1141"},"modified":"2023-09-19T02:17:50","modified_gmt":"2023-09-19T02:17:50","slug":"hsg-engineering-hydraulic-cylinder","status":"publish","type":"product","link":"https:\/\/www.hydraulic-cylinders.net\/sv\/produkt\/hsg-engineering-hydraulic-cylinder\/","title":{"rendered":"HSG Engineering hydraulcylinder"},"content":{"rendered":"<h1 style=\"text-align: center;\"><strong>HSG Engineering hydraulcylinder<\/strong><\/h1>\n<p>HSG-seriens hydraulcylinder f\u00f6r tekniska \u00e4ndam\u00e5l \u00e4r en dubbelverkande hydraulcylinder med kolvst\u00e5ng. Installationss\u00e4ttet anv\u00e4nder \u00f6rh\u00e4ngestyp. Beroende p\u00e5 anslutningen mellan cylinderhuvudet och cylinderblocket finns det tre typer av utv\u00e4ndig g\u00e4nganslutning, inv\u00e4ndig kortanslutning och fl\u00e4nsanslutning. Tekniska hydraulcylinder anv\u00e4nds huvudsakligen inom bygg, lyft, gruvdrift och andra hydrauliska system.<\/p>\n<p>Funktioner f\u00f6r montering av \u00f6rh\u00e4ngen fram och bak:<\/p>\n<p>Installationen av den bakre enkla lyftringen \u00e4r l\u00e4mplig f\u00f6r att \u00e4nddelen ska r\u00f6ra sig l\u00e4ngs samma r\u00f6rliga plankurva under kolvst\u00e5ngens arbetsprocess. Kolvst\u00e5ngens b\u00e5da sidor \u00f6verstiger inte 3\u00b0, vilket i sj\u00e4lva verket uppfyller planbanans villkor eller strukturella designkrav f\u00f6r installationsf\u00f6rh\u00e5llandena f\u00f6r den enda lyftringen. Vid denna tidpunkt kan de bakre och kolvst\u00e5ngs\u00e4ndarnas sf\u00e4riska lager installeras, men uppm\u00e4rksamhet b\u00f6r \u00e4gnas \u00e5t den tryckbelastning som till\u00e5ts vid installationen av de sf\u00e4riska lagren.<\/p>\n<p><img loading=\"lazy\" decoding=\"async\" class=\"aligncenter wp-image-1142\" src=\"https:\/\/hydraulic-cylinders.net\/wp-content\/uploads\/2023\/09\/hsg-hydraulic-cylinder-1-1-300x300.webp\" alt=\"\" width=\"400\" height=\"400\" srcset=\"https:\/\/www.hydraulic-cylinders.net\/wp-content\/uploads\/2023\/09\/hsg-hydraulic-cylinder-1-1-300x300.webp 300w, https:\/\/www.hydraulic-cylinders.net\/wp-content\/uploads\/2023\/09\/hsg-hydraulic-cylinder-1-1-100x100.webp 100w, https:\/\/www.hydraulic-cylinders.net\/wp-content\/uploads\/2023\/09\/hsg-hydraulic-cylinder-1-1-150x150.webp 150w, https:\/\/www.hydraulic-cylinders.net\/wp-content\/uploads\/2023\/09\/hsg-hydraulic-cylinder-1-1-12x12.webp 12w, https:\/\/www.hydraulic-cylinders.net\/wp-content\/uploads\/2023\/09\/hsg-hydraulic-cylinder-1-1.webp 369w\" sizes=\"(max-width: 400px) 100vw, 400px\" \/><\/p>\n<h2><strong>HSG Engineering hydraulcylinder <\/strong><strong>Till\u00e4mpningsomr\u00e5de<\/strong><strong>:<\/strong><\/h2>\n<p>Anv\u00e4nds fr\u00e4mst inom bygg, tunga lyft, gruvdrift och andra hydrauliska system i hydraulcylindern f\u00f6r tekniska \u00e4ndam\u00e5l, men inte begr\u00e4nsat till ovanst\u00e5ende aspekter \u2013 tryckklass 16 MPa.<br \/>\nN\u00e4r cylinderns kraft \u00e4r relativt stor (t.ex. 20 ton) och slagl\u00e4ngden \u00e4r ganska l\u00e5ng (t.ex. 2 meter), \u00e4r dragst\u00e5ngscylindern ol\u00e4mplig att anv\u00e4nda p\u00e5 grund av skruvens kraftbegr\u00e4nsning, och den tekniska cylindern kan anv\u00e4ndas ist\u00e4llet.<br \/>\nP\u00e5 grund av det enorma trycket och tillverkningsprocessen hos den tekniska hydraulcylindern \u00e4r dess material- och bearbetningskostnader h\u00f6gre \u00e4n f\u00f6r dragst\u00e5ngscylindern.<\/p>\n<h2><strong>HSG Engineering hydraulcylinderparameter<\/strong><strong>:<img loading=\"lazy\" decoding=\"async\" class=\"alignnone wp-image-1144 size-large\" src=\"https:\/\/hydraulic-cylinders.net\/wp-content\/uploads\/2023\/09\/hsg-engineering-hydraulic-cylinder-parameter-1-4-1024x739.webp\" alt=\"\" width=\"1024\" height=\"739\" srcset=\"https:\/\/hydraulic-cylinders.net\/wp-content\/uploads\/2023\/09\/hsg-engineering-hydraulic-cylinder-parameter-1-4-980x707.webp 980w, https:\/\/hydraulic-cylinders.net\/wp-content\/uploads\/2023\/09\/hsg-engineering-hydraulic-cylinder-parameter-1-4-480x347.webp 480w\" sizes=\"(min-width: 0px) and (max-width: 480px) 480px, (min-width: 481px) and (max-width: 980px) 980px, (min-width: 981px) 1024px, 100vw\" \/> <img loading=\"lazy\" decoding=\"async\" class=\"alignnone wp-image-1145 size-large\" src=\"https:\/\/hydraulic-cylinders.net\/wp-content\/uploads\/2023\/09\/hsg-engineering-hydraulic-cylinder-parameter-2-1-908x1024.webp\" alt=\"\" width=\"908\" height=\"1024\" \/> <img loading=\"lazy\" decoding=\"async\" class=\"alignnone wp-image-1146 size-large\" src=\"https:\/\/hydraulic-cylinders.net\/wp-content\/uploads\/2023\/09\/hsg-engineering-hydraulic-cylinder-parameter-3-1-845x1024.webp\" alt=\"\" width=\"845\" height=\"1024\" \/> <img loading=\"lazy\" decoding=\"async\" class=\"alignnone wp-image-1147 size-large\" src=\"https:\/\/hydraulic-cylinders.net\/wp-content\/uploads\/2023\/09\/hsg-engineering-hydraulic-cylinder-parameter-4-1-707x1024.webp\" alt=\"\" width=\"707\" height=\"1024\" \/> <img loading=\"lazy\" decoding=\"async\" class=\"alignnone wp-image-1148 size-large\" src=\"https:\/\/hydraulic-cylinders.net\/wp-content\/uploads\/2023\/09\/hsg-engineering-hydraulic-cylinder-parameter-5-1-801x1024.webp\" alt=\"\" width=\"801\" height=\"1024\" \/> <img loading=\"lazy\" decoding=\"async\" class=\"alignnone wp-image-1149 size-large\" src=\"https:\/\/hydraulic-cylinders.net\/wp-content\/uploads\/2023\/09\/hsg-engineering-hydraulic-cylinder-parameter-6-1-628x1024.webp\" alt=\"\" width=\"628\" height=\"1024\" \/> <img loading=\"lazy\" decoding=\"async\" class=\"alignnone wp-image-1150 size-large\" src=\"https:\/\/hydraulic-cylinders.net\/wp-content\/uploads\/2023\/09\/hsg-engineering-hydraulic-cylinder-parameter-7-1-844x1024.webp\" alt=\"\" width=\"844\" height=\"1024\" \/> <img loading=\"lazy\" decoding=\"async\" class=\"alignnone size-medium wp-image-1151\" src=\"https:\/\/hydraulic-cylinders.net\/wp-content\/uploads\/2023\/09\/hsg-engineering-hydraulic-cylinder-parameter-8-1-181x300.webp\" alt=\"\" width=\"181\" height=\"300\" \/> <img loading=\"lazy\" decoding=\"async\" class=\"alignnone size-medium wp-image-1152\" src=\"https:\/\/hydraulic-cylinders.net\/wp-content\/uploads\/2023\/09\/hsg-engineering-hydraulic-cylinder-parameter-9-1-249x300.webp\" alt=\"\" width=\"249\" height=\"300\" \/><\/strong><\/h2>\n<h2><strong>Modellval av <\/strong><strong>HSG Engineering hydraulcylinder<\/strong><strong>:<\/strong><\/h2>\n<p>HG-L-01-D\/DX100-E2501<br \/>\nHG-Dubbelverkande hydraulcylinder<br \/>\nL-cylinderhuvudets anslutningsl\u00e4ge: L= g\u00e4ngtyp (cylinderdiameter 080)<br \/>\n01- Design nr.<br \/>\nD\/d cylinderdiameter mm\/ kolvst\u00e5ng mm<br \/>\n100- hydraulcylinderslag<br \/>\nE-trycksgrad: E=16MPa G=21MPa<br \/>\n2-cylindrigt topplock, cylinderanslutning:<br \/>\n1= cylinderhuvud\u00f6rh\u00e4nge med bussning; 2= cylinderhuvud\u00f6rh\u00e4nge med ledlager; 3= g\u00e5ngj\u00e4rnsaxel (f\u00f6r cylinderdiameter &gt;\u03a680 kortkilanslutning); 4= \u00e4ndfl\u00e4ns (f\u00f6r cylinderdiameter &gt;\u03a680 kortkilanslutning) 5= mittfl\u00e4ns (f\u00f6r cylinderdiameter &gt;\u03a680 kortkilanslutning)<br \/>\n5- kolvst\u00e5ngs\u00e4ndens anslutning:<br \/>\n1= utv\u00e4ndig g\u00e4nga, l\u00e4nkhuvud; 2= inv\u00e4ndig g\u00e4nga, l\u00e4nkhuvud (cylinderdiameter &gt;\u03a663); 3= utv\u00e4ndig g\u00e4nga, l\u00e4nkhuvud med bussning; 4= inv\u00e4ndig g\u00e4nga, l\u00e4nkhuvud med bussning (cylinderdiameter &gt;\u03a663); 5= utv\u00e4ndig g\u00e4nga, l\u00e4nkhuvud med ledlager; 6= inv\u00e4ndig g\u00e4nga, l\u00e4nkhuvud med ledlager (cylinderdiameter &gt;\u03a663); 7= integrerad kolvst\u00e5ngs\u00f6ring med bussning (endast f\u00f6r cylinderdiameter =\u03a640, diameter 50); 8= integrerad kolvst\u00e5ngs\u00f6ring med ledlager (endast f\u00f6r cylinderdiameter = 40, med 50)<br \/>\n0- buffertdel:<br \/>\n0= ingen buffert; 1= buffert i b\u00e5da \u00e4ndar; 2= cylinderhuvud med buffert; 3= kolvst\u00e5ngshuvud med buffert 1- oljeportens anslutningsl\u00e4ge: 1= metrisk inv\u00e4ndig g\u00e4nga; 2= engelsk inv\u00e4ndig g\u00e4nga<br \/>\nL1 - anslutningss\u00e4tt f\u00f6r kolvst\u00e5ngs\u00e4nden: L1 = utv\u00e4ndig g\u00e4nga i kolvst\u00e5ngs\u00e4nden; L2 = inv\u00e4ndig g\u00e4nga i kolvst\u00e5ngs\u00e4nden<br \/>\n0- arbetsmedium: 0= olja, hydraulolja; W= H\u00f6g vattenbas (emulsion). Obs: De som \u00e4r markerade med A i modellbeskrivningen behandlas som icke-standard.<\/p>\n<h2><strong>HSG Engineering hydraulcylinder <\/strong><strong>Teknisk parameter:<\/strong><\/h2>\n<p>Du kan anv\u00e4nda f\u00f6ljande modellbeteckning f\u00f6r att v\u00e4lja \u00f6nskad produkt. Modellexempel: HG-L-50\/40 *100-2501<\/p>\n<p><img loading=\"lazy\" decoding=\"async\" class=\"alignnone size-large wp-image-320903\" src=\"https:\/\/hzpt.com\/wp-content\/uploads\/2023\/09\/hsg-hydraulic-cylinder-2-467x1024.webp\" alt=\"\" width=\"467\" height=\"1024\" \/><\/p>\n<p>Grundparametrar f\u00f6r hydraulcylindrar i HSG-serien, inklusive cylinderdiameter, st\u00e5ngdiameter och maximal slagl\u00e4ngd.<\/p>\n<p>1, hastighetsf\u00f6rh\u00e5llandet \u00e4r f\u00f6rh\u00e5llandet mellan den effektiva arean av kolvh\u00e5ligheten och den l\u00e4mpliga storleken p\u00e5 kolvst\u00e5ngsh\u00e5ligheten.<br \/>\n2, den maximala slagl\u00e4ngden \u00e4r i princip: n\u00e4r hastighetsf\u00f6rh\u00e5llandet = 1,33, S = 8D; N\u00e4r f\u00f6rh\u00e5llandet = 1,45, S = 10D; N\u00e4r balansen \u00e4r lika med 2, \u00e4r S likv\u00e4rdig med 12D<\/p>\n<h2><strong>Hur hittar man t\u00e4tningssats f\u00f6r hydraulcylinder?<\/strong><\/h2>\n<p>Att hitta r\u00e4tt t\u00e4tningssats f\u00f6r en hydraulcylinder \u00e4r avg\u00f6rande f\u00f6r att s\u00e4kerst\u00e4lla korrekt passform, funktionalitet och prestanda. H\u00e4r \u00e4r n\u00e5gra steg som hj\u00e4lper dig att hitta r\u00e4tt t\u00e4tningssats:<\/p>\n<ol>\n<li><strong>Identifiera cylindertillverkaren och modellen:<\/strong>\n<ul>\n<li>Ta reda p\u00e5 tillverkaren av hydraulcylindern. Denna information \u00e4r ofta st\u00e4mplad eller graverad p\u00e5 cylinderhuset.<\/li>\n<li>Om m\u00f6jligt, anteckna modellnumret eller andra identifierande markeringar p\u00e5 cylindern.<\/li>\n<\/ul>\n<\/li>\n<li><strong>Specifikationer f\u00f6r Gather-cylindern:<\/strong>\n<ul>\n<li>M\u00e4t cylinderns dimensioner, inklusive borrdiameter, st\u00e5ngdiameter och slagl\u00e4ngd.<\/li>\n<li>Notera eventuella specifika funktioner eller konfigurationer som \u00e4r unika f\u00f6r cylindern, s\u00e5som fl\u00e4nsar, portar eller monteringsstilar.<\/li>\n<\/ul>\n<\/li>\n<li><strong>Unders\u00f6k tillverkarens resurser:<\/strong>\n<ul>\n<li>Bes\u00f6k tillverkarens webbplats eller kontakta kundsupport f\u00f6r att fr\u00e5ga om tillg\u00e4ngliga t\u00e4tningssatser f\u00f6r din specifika cylindermodell.<\/li>\n<li>F\u00f6rse tillverkaren med cylinderspecifikationerna och all identifierande information som du har samlat in.<\/li>\n<\/ul>\n<\/li>\n<li><strong>Utforska leverant\u00f6rer av hydrauliska t\u00e4tningar online:<\/strong>\n<ul>\n<li>S\u00f6k efter v\u00e4lrenommerade leverant\u00f6rer eller distribut\u00f6rer av hydrauliska t\u00e4tningar online.<\/li>\n<li>Anv\u00e4nd s\u00f6kfilter eller navigeringsmenyer p\u00e5 deras webbplatser f\u00f6r att begr\u00e4nsa urvalet baserat p\u00e5 cylinderspecifikationer eller tillverkare.<\/li>\n<\/ul>\n<\/li>\n<li><strong>Anv\u00e4nd verktyg f\u00f6r korsreferens f\u00f6r t\u00e4tningssatsen:<\/strong>\n<ul>\n<li>Vissa leverant\u00f6rer av t\u00e4tningssatser erbjuder korsreferensverktyg eller databaser som hj\u00e4lper till att matcha cylindermodeller med kompatibla t\u00e4tningssatser.<\/li>\n<li>Ange cylindertillverkaren, modellen eller andra specifikationer i korsreferensverktyget f\u00f6r att hitta l\u00e4mpliga t\u00e4tningssatser.<\/li>\n<\/ul>\n<\/li>\n<li><strong>Se underh\u00e5llsmanualerna f\u00f6r hydraulsystemet:<\/strong>\n<ul>\n<li>Kontrollera om utrustningen eller maskinen som anv\u00e4nder hydraulcylindern har en underh\u00e5llsmanual.<\/li>\n<li>Manualen kan inneh\u00e5lla information om rekommenderade t\u00e4tningssatser eller artikelnummer.<\/li>\n<\/ul>\n<\/li>\n<li><strong>S\u00f6k hj\u00e4lp fr\u00e5n hydrauliska experter:<\/strong>\n<ul>\n<li>Kontakta specialister p\u00e5 hydraulsystem, underh\u00e5llspersonal eller ingenj\u00f6rer med expertis inom hydraulsystem.<\/li>\n<li>De kan v\u00e4gleda och rekommendera att hitta r\u00e4tt t\u00e4tningssats f\u00f6r din hydraulcylinder.<\/li>\n<\/ul>\n<\/li>\n<li><strong>\u00d6verv\u00e4g anpassade t\u00e4tningssatser:<\/strong>\n<ul>\n<li>Om du inte hittar en t\u00e4tningssats som \u00e4r specifikt utformad f\u00f6r din cylindermodell, \u00f6verv\u00e4g att kontakta en tillverkare eller leverant\u00f6r som erbjuder specialanpassade t\u00e4tningssatser.<\/li>\n<li>Tillhandah\u00e5ll noggranna m\u00e5tt och cylinderspecifikationer f\u00f6r ett t\u00e4tningspaket skr\u00e4ddarsytt efter dina behov.<\/li>\n<\/ul>\n<\/li>\n<li><strong>K\u00f6p och montera t\u00e4tningssatsen:<\/strong>\n<ul>\n<li>N\u00e4r du har identifierat l\u00e4mplig t\u00e4tningssats, g\u00f6r en best\u00e4llning hos leverant\u00f6ren eller tillverkaren.<\/li>\n<li>F\u00f6lj installationsanvisningarna med t\u00e4tningssatsen noggrant f\u00f6r att s\u00e4kerst\u00e4lla korrekt installation och optimal prestanda.<\/li>\n<\/ul>\n<\/li>\n<\/ol>\n<h2><strong>Fabrikens kapacitet och kapacitet:<\/strong><\/h2>\n<h3>(1) Montering<\/h3>\n<p>Vi har en f\u00f6rstklassig oberoende forsknings- och utvecklingsplattform. Verkstaden f\u00f6r tillverkning av hydraulcylindrar har fyra halvautomatiska monteringslinjer f\u00f6r lyftcylindrar och en automatisk monteringslinje f\u00f6r tiltcylindrar, med en planerad \u00e5rlig produktionskapacitet p\u00e5 1 miljon enheter. Specialcylinderverkstaden \u00e4r utrustad med olika specifikationer f\u00f6r ett halvautomatiskt reng\u00f6ringsmonteringssystem med en planerad \u00e5rlig produktionskapacitet p\u00e5 200 000 och utrustad med k\u00e4nd CNC-bearbetningsutrustning, ett fleroperationscenter, en specialutrustning f\u00f6r h\u00f6gprecisionscylindrar, en robotsvetsmaskin, en automatisk reng\u00f6ringsmaskin, en automatisk cylindermonteringsmaskin och en automatisk produktionslinje f\u00f6r m\u00e5lning. Befintlig kritisk utrustning p\u00e5 mer \u00e4n 300 set (set). Optimal allokering och effektiv anv\u00e4ndning av utrustningsresurser s\u00e4kerst\u00e4ller produkternas noggrannhetskrav och uppfyller produkternas h\u00f6ga kvalitetsbehov.<\/p>\n<p><img loading=\"lazy\" decoding=\"async\" class=\"alignnone wp-image-626\" src=\"https:\/\/hydraulic-cylinders.net\/wp-content\/uploads\/2023\/08\/hydraulic-cylinder-product-1-300x158.webp\" alt=\"\" width=\"495\" height=\"260\" srcset=\"https:\/\/hydraulic-cylinders.net\/wp-content\/uploads\/2023\/08\/hydraulic-cylinder-product-1-300x158.webp 495w, https:\/\/hydraulic-cylinders.net\/wp-content\/uploads\/2023\/08\/hydraulic-cylinder-product-1-480x252.webp 480w\" sizes=\"(min-width: 0px) and (max-width: 480px) 480px, (min-width: 481px) 495px, 100vw\" \/> <img loading=\"lazy\" decoding=\"async\" class=\"alignnone wp-image-627\" src=\"https:\/\/hydraulic-cylinders.net\/wp-content\/uploads\/2023\/08\/hydraulic-cylinder-product-2-300x189.webp\" alt=\"\" width=\"413\" height=\"260\" \/><\/p>\n<h3>(2) Maskinbearbetning<\/h3>\n<p>Bearbetningsverkstaden \u00e4r utrustad med en specialanpassad svarvcentral f\u00f6r lutande r\u00e4ls, bearbetningscenter, h\u00f6ghastighetsh\u00f6nsmaskin, svetsrobot och annan relaterad utrustning, som kan hantera bearbetning av cylinderr\u00f6r med en maximal innerdiameter p\u00e5 400 mm och en maximal l\u00e4ngd p\u00e5 6 meter.<\/p>\n<p><img loading=\"lazy\" decoding=\"async\" class=\"alignnone wp-image-628 size-large\" src=\"https:\/\/hydraulic-cylinders.net\/wp-content\/uploads\/2023\/08\/hydraulic-cylinder-product-3-1024x391.webp\" alt=\"\" width=\"1024\" height=\"391\" srcset=\"https:\/\/hydraulic-cylinders.net\/wp-content\/uploads\/2023\/08\/hydraulic-cylinder-product-3-980x374.webp 980w, https:\/\/hydraulic-cylinders.net\/wp-content\/uploads\/2023\/08\/hydraulic-cylinder-product-3-480x183.webp 480w\" sizes=\"(min-width: 0px) and (max-width: 480px) 480px, (min-width: 481px) and (max-width: 980px) 980px, (min-width: 981px) 1024px, 100vw\" \/><\/p>\n<h3>(3) Svetsning<\/h3>\n<p><img loading=\"lazy\" decoding=\"async\" class=\"alignnone wp-image-629 size-large\" src=\"https:\/\/hydraulic-cylinders.net\/wp-content\/uploads\/2023\/08\/hydraulic-cylinder-product-4-1024x510.webp\" alt=\"\" width=\"1024\" height=\"510\" srcset=\"https:\/\/hydraulic-cylinders.net\/wp-content\/uploads\/2023\/08\/hydraulic-cylinder-product-4-980x488.webp 980w, https:\/\/hydraulic-cylinders.net\/wp-content\/uploads\/2023\/08\/hydraulic-cylinder-product-4-480x239.webp 480w\" sizes=\"(min-width: 0px) and (max-width: 480px) 480px, (min-width: 481px) and (max-width: 980px) 980px, (min-width: 981px) 1024px, 100vw\" \/><\/p>\n<h3>(4) M\u00e5lning och ytbehandling<\/h3>\n<p>Med sm\u00e5 och medelstora cylindriska automatiska vattenbaserade f\u00e4rgbel\u00e4ggningslinjer, f\u00f6r att uppn\u00e5 automatisk robotlastning och lossning samt automatisk sprutning, \u00e4r den designade kapaciteten 4000 stycken per skift;<br \/>\nVi har \u00e4ven en halvautomatisk f\u00e4rgproduktionslinje f\u00f6r stora cylindrar som drivs av en sl\u00e4pkedja, med en designkapacitet p\u00e5 60 l\u00e5dor per skift.<\/p>\n<p><img loading=\"lazy\" decoding=\"async\" class=\"alignnone wp-image-630\" src=\"https:\/\/hydraulic-cylinders.net\/wp-content\/uploads\/2023\/08\/hydraulic-cylinder-product-5-300x213.webp\" alt=\"\" width=\"366\" height=\"260\" \/> <img loading=\"lazy\" decoding=\"async\" class=\"alignnone wp-image-631\" src=\"https:\/\/hydraulic-cylinders.net\/wp-content\/uploads\/2023\/08\/hydraulic-cylinder-product-6-300x225.webp\" alt=\"\" width=\"347\" height=\"260\" \/><\/p>\n<h3>(5) Testning<\/h3>\n<p>Vi har f\u00f6rstklassiga inspektionsanl\u00e4ggningar och testb\u00e4ddar f\u00f6r att s\u00e4kerst\u00e4lla att cylinderns prestanda uppfyller kraven.<\/p>\n<p><img loading=\"lazy\" decoding=\"async\" class=\"alignnone wp-image-632\" src=\"https:\/\/hydraulic-cylinders.net\/wp-content\/uploads\/2023\/08\/hydraulic-cylinder-product-8-300x200.webp\" alt=\"\" width=\"389\" height=\"260\" \/><\/p>\n<p>&nbsp;<\/p>\n<p>&nbsp;<\/p>\n<p>Vi \u00e4r en av de b\u00e4sta tillverkarna av hydraulcylindrar f\u00f6r tekniska konstruktioner. Vi kan erbjuda ett komplett lager av hydraulcylindrar f\u00f6r tekniska konstruktioner. Vi tillhandah\u00e5ller \u00e4ven motsvarande <a href=\"https:\/\/hzpt.com\/agricultural-pto-gearbox\/\" target=\"_blank\" rel=\"noopener\">jordbruksv\u00e4xell\u00e5dor<\/a>Vi har exporterat v\u00e5ra produkter till kunder \u00f6ver hela v\u00e4rlden och f\u00e5tt ett gott rykte tack vare v\u00e5r \u00f6verl\u00e4gsna produktkvalitet och kundservice. Vi v\u00e4lkomnar kunder b\u00e5de hemma och utomlands att kontakta oss f\u00f6r att f\u00f6rhandla aff\u00e4rer, utbyta information och <a href=\"https:\/\/www.hydraulic-cylinders.net\/sv\/contact-us\/\">samarbeta med oss<\/a>!<\/p>\n<h2><\/h2>\n<h2><\/h2>","protected":false},"excerpt":{"rendered":"<p>HSG Engineering Hydraulic Cylinder HSG series engineering hydraulic cylinder is a double-acting piston rod hydraulic cylinder. Installation mode adopts earring type. According to the connection between the cylinder head and the cylinder block, there are three kinds of external thread connection, internal card critical connection, and flange connection. Engineering hydraulic cylinder is mainly used in [&hellip;]<\/p>","protected":false},"featured_media":1143,"comment_status":"open","ping_status":"closed","template":"","meta":{"_et_pb_use_builder":"","_et_pb_old_content":"","_et_gb_content_width":""},"product_brand":[],"product_cat":[1376],"product_tag":[1380],"class_list":{"0":"post-1141","1":"product","2":"type-product","3":"status-publish","4":"has-post-thumbnail","6":"product_cat-hydraulic-cylinder","7":"product_tag-hydraulic-cylinder","9":"first","10":"instock","11":"shipping-taxable","12":"product-type-simple"},"amp_enabled":true,"_links":{"self":[{"href":"https:\/\/www.hydraulic-cylinders.net\/sv\/wp-json\/wp\/v2\/product\/1141","targetHints":{"allow":["GET"]}}],"collection":[{"href":"https:\/\/www.hydraulic-cylinders.net\/sv\/wp-json\/wp\/v2\/product"}],"about":[{"href":"https:\/\/www.hydraulic-cylinders.net\/sv\/wp-json\/wp\/v2\/types\/product"}],"replies":[{"embeddable":true,"href":"https:\/\/www.hydraulic-cylinders.net\/sv\/wp-json\/wp\/v2\/comments?post=1141"}],"wp:featuredmedia":[{"embeddable":true,"href":"https:\/\/www.hydraulic-cylinders.net\/sv\/wp-json\/wp\/v2\/media\/1143"}],"wp:attachment":[{"href":"https:\/\/www.hydraulic-cylinders.net\/sv\/wp-json\/wp\/v2\/media?parent=1141"}],"wp:term":[{"taxonomy":"product_brand","embeddable":true,"href":"https:\/\/www.hydraulic-cylinders.net\/sv\/wp-json\/wp\/v2\/product_brand?post=1141"},{"taxonomy":"product_cat","embeddable":true,"href":"https:\/\/www.hydraulic-cylinders.net\/sv\/wp-json\/wp\/v2\/product_cat?post=1141"},{"taxonomy":"product_tag","embeddable":true,"href":"https:\/\/www.hydraulic-cylinders.net\/sv\/wp-json\/wp\/v2\/product_tag?post=1141"}],"curies":[{"name":"wp","href":"https:\/\/api.w.org\/{rel}","templated":true}]}}