{"id":1213,"date":"2023-09-13T07:59:01","date_gmt":"2023-09-13T07:59:01","guid":{"rendered":"https:\/\/hydraulic-cylinders.net\/?post_type=product&#038;p=1213"},"modified":"2025-04-11T05:06:52","modified_gmt":"2025-04-11T05:06:52","slug":"y-hg1-noraml-metallurgical-hydraulic-cylinder","status":"publish","type":"product","link":"https:\/\/www.hydraulic-cylinders.net\/sv\/produkt\/y-hg1-noraml-metallurgical-hydraulic-cylinder\/","title":{"rendered":"Y-HG1 Noraml metallurgisk hydraulcylinder"},"content":{"rendered":"<h1 style=\"text-align: center;\"><strong>Y-HG1 Noraml metallurgisk hydraulcylinder<\/strong><\/h1>\n<p>Den metallurgiska hydraulcylindern Y-HG1 \u00e4r en toppmodern hydraulkomponent som \u00e4r speciellt utformad f\u00f6r att m\u00f6ta de kr\u00e4vande kraven inom metallurgiska applikationer. Med sina avancerade funktioner, robusta konstruktion och exceptionella prestanda erbjuder den metallurgiska hydraulcylindern Y-HG1 exakt kontroll, h\u00e5llbarhet och tillf\u00f6rlitlighet i de kr\u00e4vande milj\u00f6erna i st\u00e5lverk, gjuterier och andra metallurgiska processer. Oavsett om det g\u00e4ller tunga lyft, pressning eller positionering s\u00e4tter Y-HG1-cylindern nya standarder inom hydraulteknik, vilket g\u00f6r den till det perfekta valet f\u00f6r metallurgisk industri.<\/p>\n<p>Y-HG1-serien av hydraulcylinder f\u00f6r metallurgisk utrustning anv\u00e4nds f\u00f6r dubbelverkande kolvcylinder, cylinderdiametern ligger vanligtvis i intervallet 40 ~ 320 mm, arbetstrycket &lt;= 16 MPa, det mekaniska hydraulsystemet kan anv\u00e4ndas f\u00f6r att lossa emulsion och andra arbetsmedier, installation av fl\u00e4nsar, \u00f6rh\u00e4ngen, stift, avtryckare (bas) och olika typer.<\/p>\n<p>H\u00f6gprecisions CNC-honningsmaskin, automatisk svetsmaskin, vertikal, horisontell fleroperationsmaskin, gantry-fl\u00e4nsningsmaskin, CNC-svarv och annan bearbetningsutrustning, produktkvaliteten \u00e4r stabil och garanterad.<\/p>\n<p><img loading=\"lazy\" decoding=\"async\" class=\"aligncenter wp-image-1214\" src=\"https:\/\/hydraulic-cylinders.net\/wp-content\/uploads\/2023\/09\/y-hg-1-noraml-metallurgical-hydraulic-cylinder-3-300x300.webp\" alt=\"\" width=\"400\" height=\"400\" \/><\/p>\n<h2><strong>Y-HG1 Noraml metallurgisk hydraulcylinder Parameter:<img loading=\"lazy\" decoding=\"async\" class=\"alignnone wp-image-1215 size-large\" src=\"https:\/\/hydraulic-cylinders.net\/wp-content\/uploads\/2023\/09\/y-hg-1-noraml-metallurgical-hydraulic-cylinder-1-1024x307.webp\" alt=\"\" width=\"1024\" height=\"307\" srcset=\"https:\/\/hydraulic-cylinders.net\/wp-content\/uploads\/2023\/09\/y-hg-1-noraml-metallurgical-hydraulic-cylinder-1-980x293.webp 980w, https:\/\/hydraulic-cylinders.net\/wp-content\/uploads\/2023\/09\/y-hg-1-noraml-metallurgical-hydraulic-cylinder-1-480x144.webp 480w\" sizes=\"(min-width: 0px) and (max-width: 480px) 480px, (min-width: 481px) and (max-width: 980px) 980px, (min-width: 981px) 1024px, 100vw\" \/> <img loading=\"lazy\" decoding=\"async\" class=\"alignnone wp-image-1216 size-large\" src=\"https:\/\/hydraulic-cylinders.net\/wp-content\/uploads\/2023\/09\/y-hg-1-noraml-metallurgical-hydraulic-cylinder-2-1024x553.webp\" alt=\"\" width=\"1024\" height=\"553\" srcset=\"https:\/\/hydraulic-cylinders.net\/wp-content\/uploads\/2023\/09\/y-hg-1-noraml-metallurgical-hydraulic-cylinder-2-980x530.webp 980w, https:\/\/hydraulic-cylinders.net\/wp-content\/uploads\/2023\/09\/y-hg-1-noraml-metallurgical-hydraulic-cylinder-2-480x259.webp 480w\" sizes=\"(min-width: 0px) and (max-width: 480px) 480px, (min-width: 481px) and (max-width: 980px) 980px, (min-width: 981px) 1024px, 100vw\" \/><\/strong><\/h2>\n<h2><strong>Y-HG1 Noraml metallurgisk hydraulcylinder <\/strong><strong>Anv\u00e4ndningsmetod<\/strong><strong>:<\/strong><\/h2>\n<ol>\n<li><strong>Montering och installation:<\/strong>\n<ul>\n<li>Best\u00e4m l\u00e4mplig plats f\u00f6r installation av Y-HG1-cylindrar baserat p\u00e5 de specifika kraven f\u00f6r din metallurgiska utrustning.<\/li>\n<li>Se till att monteringsytan \u00e4r ren, j\u00e4mn och kan b\u00e4ra cylinderns vikt och belastning.<\/li>\n<\/ul>\n<\/li>\n<li><strong>Anslutning till hydraulsystemet:<\/strong>\n<ul>\n<li>Anslut den metallurgiska hydraulcylindern Y-HG1 till hydraulsystemet med en kompatibel hydraulslang eller ett hydraulr\u00f6r.<\/li>\n<li>S\u00e4kerst\u00e4ll korrekt uppriktning och s\u00e4kra anslutningar f\u00f6r att f\u00f6rhindra l\u00e4ckage och s\u00e4kerst\u00e4lla optimal prestanda.<\/li>\n<\/ul>\n<\/li>\n<li><strong>Systemintegration och kalibrering:<\/strong>\n<ul>\n<li>Integrera Y-HG1 metallurgiska hydraulcylindrar i metallurgisk utrustning eller system enligt tillverkarens riktlinjer.<\/li>\n<li>Kalibrera systemet f\u00f6r att uppn\u00e5 de erforderliga driftsparametrarna och s\u00e4kerst\u00e4lla exakt kontroll av cylinderr\u00f6relser.<\/li>\n<\/ul>\n<\/li>\n<li><strong>Anv\u00e4ndning av cylindern:<\/strong>\n<ul>\n<li>Aktivera hydraulsystemet f\u00f6r att applicera tryck och initiera r\u00f6relsen hos Y-HG1-cylindern.<\/li>\n<li>Det hydrauliska styrsystemet styr exakt cylinderns utskjutning, sammandragning och positionering f\u00f6r effektiv metallurgisk verksamhet.<\/li>\n<\/ul>\n<\/li>\n<\/ol>\n<h2><strong>Y-HG1 Noraml metallurgisk hydraulcylinder <\/strong><strong>Egenskaper<\/strong><strong>:<\/strong><\/h2>\n<ul>\n<li><strong>Robust konstruktion:<\/strong> Y-HG1-cylindern \u00e4r byggd med h\u00f6gkvalitativa material, vilket s\u00e4kerst\u00e4ller h\u00e5llbarhet och livsl\u00e4ngd i den kr\u00e4vande metallurgiska milj\u00f6n.<\/li>\n<li><strong>Exakt kontroll:<\/strong>\u00a0 Den metallurgiska hydraulcylindern ger \u00f6verl\u00e4gsen kontroll och positioneringsnoggrannhet, vilket g\u00f6r att operat\u00f6rerna kan uppn\u00e5 exakt r\u00f6relse f\u00f6r optimala metallurgiska processer.<\/li>\n<li><strong>H\u00f6g lastkapacitet:<\/strong>\u00a0 Y-HG1 metallurgiska hydraulcylindrar \u00e4r konstruerade f\u00f6r att hantera tunga laster som \u00e4r standard i metallurgiska applikationer, och ger tillf\u00f6rlitliga lyft- och pressningsfunktioner.<\/li>\n<li><strong>Korrosionsbest\u00e4ndighet:<\/strong>\u00a0 Cylinderns korrosionsbest\u00e4ndiga bel\u00e4ggning skyddar den mot starka kemikalier och de extrema temperaturer som ofta f\u00f6rekommer i metallurgiska milj\u00f6er.<\/li>\n<li><strong>M\u00e5ngsidiga monteringsalternativ:<\/strong> Y-HG1-cylindrar finns i olika monteringsalternativ och kan enkelt integreras i flera metallurgiska utrustningar och system.<\/li>\n<\/ul>\n<h2><strong>Hur fungerar en env\u00e4gs hydraulcylinder?<\/strong><\/h2>\n<p>En enkelverkande hydraulcylinder anv\u00e4nder ett hydraulsystem f\u00f6r att generera linj\u00e4r r\u00f6relse i en riktning. Den best\u00e5r av en cylindercylinder, kolv, kolvst\u00e5ng och hydraulv\u00e4tska. S\u00e5 h\u00e4r fungerar det:<\/p>\n<ol>\n<li><strong>Hydraulv\u00e4tsketillf\u00f6rsel:<\/strong>\n<ul>\n<li>Det hydrauliska systemet tillf\u00f6r trycksatt v\u00e4tska, vanligtvis olja, till cylindern via en hydraulpump eller kraftk\u00e4lla.<\/li>\n<\/ul>\n<\/li>\n<li><strong>Cylinderf\u00f6rl\u00e4ngning:<\/strong>\n<ul>\n<li>N\u00e4r hydraulv\u00e4tska tillf\u00f6rs cylindern kommer den in i cylindercylindern genom en inloppsport.<\/li>\n<li>Den trycksatta v\u00e4tskan trycker mot kolven, vilket f\u00e5r den att r\u00f6ra sig i \u00f6nskad riktning (vanligtvis f\u00f6rl\u00e4nger kolvst\u00e5ngen).<\/li>\n<li>N\u00e4r v\u00e4tsketrycket \u00f6kar \u00f6vervinner det motst\u00e5ndet eller belastningen p\u00e5 kolven, vilket resulterar i att kolvst\u00e5ngen f\u00f6rl\u00e4ngs.<\/li>\n<\/ul>\n<\/li>\n<li><strong>T\u00e4tningsmekanism:<\/strong>\n<ul>\n<li>Cylinderr\u00f6ret \u00e4r t\u00e4tat f\u00f6r att f\u00f6rhindra v\u00e4tskel\u00e4ckage. Det finns vanligtvis t\u00e4tningar runt kolven och kolvst\u00e5ngen, s\u00e5som O-ringar eller l\u00e4ppt\u00e4tningar.<\/li>\n<li>Dessa t\u00e4tningar s\u00e4kerst\u00e4ller att den trycksatta v\u00e4tskan endast verkar p\u00e5 ena sidan av kolven, vilket skapar en tryckobalans som driver kolven i \u00f6nskad riktning.<\/li>\n<\/ul>\n<\/li>\n<li><strong>Returslag:<\/strong>\n<ul>\n<li>Efter f\u00f6rl\u00e4ngningsslaget sl\u00e4pps eller ventileras hydraulv\u00e4tskan fr\u00e5n cylindern.<\/li>\n<li>Det hydrauliska systemet kan anv\u00e4nda gravitation, en fj\u00e4der eller en yttre kraft f\u00f6r att dra tillbaka kolven och kolvst\u00e5ngen till sina ursprungliga l\u00e4gen.<\/li>\n<li>Under returslaget str\u00f6mmar hydraulv\u00e4tskan ut ur cylindern genom en utloppsport.<\/li>\n<\/ul>\n<\/li>\n<li><strong>Lastst\u00f6d:<\/strong>\n<ul>\n<li>Kolvst\u00e5ngen p\u00e5 den hydrauliska cylindern \u00e4r ofta ansluten till en last eller mekanism som kr\u00e4ver linj\u00e4r r\u00f6relse eller kraft.<\/li>\n<li>N\u00e4r kolven f\u00f6rl\u00e4ngs eller dras tillbaka ger den den n\u00f6dv\u00e4ndiga kraften f\u00f6r att flytta eller st\u00f6dja lasten.<\/li>\n<\/ul>\n<\/li>\n<li><strong>Styrning och ventiler:<\/strong>\n<ul>\n<li>F\u00f6r att styra ut- och indragningen av den env\u00e4gshydrauliska cylindern inneh\u00e5ller hydraulsystemet ventiler, s\u00e5som backventiler eller riktningsventiler.<\/li>\n<li>Dessa ventiler reglerar fl\u00f6det av hydraulv\u00e4tska, s\u00e5 att den kan komma in i och ut ur cylindern i \u00f6nskad riktning.<\/li>\n<\/ul>\n<\/li>\n<li><strong>Applikationsspecifikationer:<\/strong>\n<ul>\n<li>Env\u00e4gshydraulcylindrar anv\u00e4nds ofta i applikationer d\u00e4r kraft eller r\u00f6relse kr\u00e4vs i endast en riktning, s\u00e5som lyftning, tryckning eller kl\u00e4mning.<\/li>\n<li>De finns ofta i hydrauliska domkrafter, hydraulpressar, dumprar och diverse annan industriell och mobil utrustning.<\/li>\n<\/ul>\n<\/li>\n<\/ol>\n<h2><strong>Fabrikens kapacitet och kapacitet:<\/strong><\/h2>\n<h3>(1) Montering<\/h3>\n<p>Vi har en f\u00f6rstklassig oberoende forsknings- och utvecklingsplattform. Verkstaden f\u00f6r tillverkning av hydraulcylindrar har fyra halvautomatiska monteringslinjer f\u00f6r lyftcylindrar och en automatisk monteringslinje f\u00f6r tiltcylindrar, med en planerad \u00e5rlig produktionskapacitet p\u00e5 1 miljon enheter. Specialcylinderverkstaden \u00e4r utrustad med olika specifikationer f\u00f6r ett halvautomatiskt reng\u00f6ringsmonteringssystem med en planerad \u00e5rlig produktionskapacitet p\u00e5 200 000 och utrustad med k\u00e4nd CNC-bearbetningsutrustning, ett fleroperationscenter, en specialutrustning f\u00f6r h\u00f6gprecisionscylindrar, en robotsvetsmaskin, en automatisk reng\u00f6ringsmaskin, en automatisk cylindermonteringsmaskin och en automatisk produktionslinje f\u00f6r m\u00e5lning. Befintlig kritisk utrustning p\u00e5 mer \u00e4n 300 set (set). Optimal allokering och effektiv anv\u00e4ndning av utrustningsresurser s\u00e4kerst\u00e4ller produkternas noggrannhetskrav och uppfyller produkternas h\u00f6ga kvalitetsbehov.<\/p>\n<p><img loading=\"lazy\" decoding=\"async\" class=\"alignnone wp-image-626\" src=\"https:\/\/hydraulic-cylinders.net\/wp-content\/uploads\/2023\/08\/hydraulic-cylinder-product-1-300x158.webp\" alt=\"\" width=\"495\" height=\"260\" srcset=\"https:\/\/hydraulic-cylinders.net\/wp-content\/uploads\/2023\/08\/hydraulic-cylinder-product-1-300x158.webp 495w, https:\/\/hydraulic-cylinders.net\/wp-content\/uploads\/2023\/08\/hydraulic-cylinder-product-1-480x252.webp 480w\" sizes=\"(min-width: 0px) and (max-width: 480px) 480px, (min-width: 481px) 495px, 100vw\" \/> <img loading=\"lazy\" decoding=\"async\" class=\"alignnone wp-image-627\" src=\"https:\/\/hydraulic-cylinders.net\/wp-content\/uploads\/2023\/08\/hydraulic-cylinder-product-2-300x189.webp\" alt=\"\" width=\"413\" height=\"260\" \/><\/p>\n<h3>(2) Maskinbearbetning<\/h3>\n<p>Bearbetningsverkstaden \u00e4r utrustad med en specialanpassad svarvcentral f\u00f6r lutande r\u00e4ls, bearbetningscenter, h\u00f6ghastighetsh\u00f6nsmaskin, svetsrobot och annan relaterad utrustning, som kan hantera bearbetning av cylinderr\u00f6r med en maximal innerdiameter p\u00e5 400 mm och en maximal l\u00e4ngd p\u00e5 6 meter.<\/p>\n<p><img loading=\"lazy\" decoding=\"async\" class=\"alignnone wp-image-628 size-large\" src=\"https:\/\/hydraulic-cylinders.net\/wp-content\/uploads\/2023\/08\/hydraulic-cylinder-product-3-1024x391.webp\" alt=\"\" width=\"1024\" height=\"391\" srcset=\"https:\/\/hydraulic-cylinders.net\/wp-content\/uploads\/2023\/08\/hydraulic-cylinder-product-3-980x374.webp 980w, https:\/\/hydraulic-cylinders.net\/wp-content\/uploads\/2023\/08\/hydraulic-cylinder-product-3-480x183.webp 480w\" sizes=\"(min-width: 0px) and (max-width: 480px) 480px, (min-width: 481px) and (max-width: 980px) 980px, (min-width: 981px) 1024px, 100vw\" \/><\/p>\n<h3>(3) Svetsning<\/h3>\n<p><img loading=\"lazy\" decoding=\"async\" class=\"alignnone wp-image-629 size-large\" src=\"https:\/\/hydraulic-cylinders.net\/wp-content\/uploads\/2023\/08\/hydraulic-cylinder-product-4-1024x510.webp\" alt=\"\" width=\"1024\" height=\"510\" srcset=\"https:\/\/hydraulic-cylinders.net\/wp-content\/uploads\/2023\/08\/hydraulic-cylinder-product-4-980x488.webp 980w, https:\/\/hydraulic-cylinders.net\/wp-content\/uploads\/2023\/08\/hydraulic-cylinder-product-4-480x239.webp 480w\" sizes=\"(min-width: 0px) and (max-width: 480px) 480px, (min-width: 481px) and (max-width: 980px) 980px, (min-width: 981px) 1024px, 100vw\" \/><\/p>\n<h3>(4) M\u00e5lning och ytbehandling<\/h3>\n<p>Med sm\u00e5 och medelstora cylindriska automatiska vattenbaserade f\u00e4rgbel\u00e4ggningslinjer, f\u00f6r att uppn\u00e5 automatisk robotlastning och lossning samt automatisk sprutning, \u00e4r den designade kapaciteten 4000 stycken per skift;<br \/>\nVi har \u00e4ven en halvautomatisk f\u00e4rgproduktionslinje f\u00f6r stora cylindrar som drivs av en sl\u00e4pkedja, med en designkapacitet p\u00e5 60 l\u00e5dor per skift.<\/p>\n<p><img loading=\"lazy\" decoding=\"async\" class=\"alignnone wp-image-630\" src=\"https:\/\/hydraulic-cylinders.net\/wp-content\/uploads\/2023\/08\/hydraulic-cylinder-product-5-300x213.webp\" alt=\"\" width=\"366\" height=\"260\" \/> <img loading=\"lazy\" decoding=\"async\" class=\"alignnone wp-image-631\" src=\"https:\/\/hydraulic-cylinders.net\/wp-content\/uploads\/2023\/08\/hydraulic-cylinder-product-6-300x225.webp\" alt=\"\" width=\"347\" height=\"260\" \/><\/p>\n<h3>(5) Testning<\/h3>\n<p>Vi har f\u00f6rstklassiga inspektionsanl\u00e4ggningar och testb\u00e4ddar f\u00f6r att s\u00e4kerst\u00e4lla att cylinderns prestanda uppfyller kraven.<\/p>\n<p><img loading=\"lazy\" decoding=\"async\" class=\"alignnone wp-image-632\" src=\"https:\/\/hydraulic-cylinders.net\/wp-content\/uploads\/2023\/08\/hydraulic-cylinder-product-8-300x200.webp\" alt=\"\" width=\"389\" height=\"260\" \/><\/p>\n<p>&nbsp;<\/p>\n<p>&nbsp;<\/p>\n<p>Vi \u00e4r en av de b\u00e4sta tillverkarna av metallurgiska hydraulcylindrar. Vi kan erbjuda ett komplett lager av metallurgiska hydraulcylindrar. Vi tillhandah\u00e5ller \u00e4ven motsvarande <a href=\"https:\/\/hzpt.com\/agricultural-pto-gearbox\/\" target=\"_blank\" rel=\"noopener\">jordbruksv\u00e4xell\u00e5dor<\/a>Vi har exporterat v\u00e5ra produkter till kunder \u00f6ver hela v\u00e4rlden och f\u00e5tt ett gott rykte tack vare v\u00e5r \u00f6verl\u00e4gsna produktkvalitet och kundservice. Vi v\u00e4lkomnar kunder b\u00e5de hemma och utomlands att kontakta oss f\u00f6r att f\u00f6rhandla aff\u00e4rer, utbyta information och <a href=\"https:\/\/www.hydraulic-cylinders.net\/sv\/contact-us\/\">samarbeta med oss<\/a>!<\/p>\n<h2><\/h2>\n<h2><\/h2>","protected":false},"excerpt":{"rendered":"<p>Y-HG1 Noraml Metallurgical Hydraulic Cylinder The Y-HG1 metallurgical hydraulic cylinder is a state-of-the-art hydraulic component specifically designed to meet the demanding requirements of metallurgical applications. With its advanced features, robust construction, and exceptional performance, the Y-HG1 metallurgical hydraulic cylinder offers precise control, durability, and reliability in the rigorous environments of steel mills, foundries, and other [&hellip;]<\/p>","protected":false},"featured_media":1217,"comment_status":"open","ping_status":"closed","template":"","meta":{"_et_pb_use_builder":"","_et_pb_old_content":"","_et_gb_content_width":""},"product_brand":[],"product_cat":[1376,1550,1524],"product_tag":[1380],"class_list":{"0":"post-1213","1":"product","2":"type-product","3":"status-publish","4":"has-post-thumbnail","6":"product_cat-hydraulic-cylinder","7":"product_cat-double-acting-hydraulic-cylinder","8":"product_cat-steel-mill-hydraulic-cylinders","9":"product_tag-hydraulic-cylinder","11":"first","12":"instock","13":"shipping-taxable","14":"product-type-simple"},"amp_enabled":true,"_links":{"self":[{"href":"https:\/\/www.hydraulic-cylinders.net\/sv\/wp-json\/wp\/v2\/product\/1213","targetHints":{"allow":["GET"]}}],"collection":[{"href":"https:\/\/www.hydraulic-cylinders.net\/sv\/wp-json\/wp\/v2\/product"}],"about":[{"href":"https:\/\/www.hydraulic-cylinders.net\/sv\/wp-json\/wp\/v2\/types\/product"}],"replies":[{"embeddable":true,"href":"https:\/\/www.hydraulic-cylinders.net\/sv\/wp-json\/wp\/v2\/comments?post=1213"}],"wp:featuredmedia":[{"embeddable":true,"href":"https:\/\/www.hydraulic-cylinders.net\/sv\/wp-json\/wp\/v2\/media\/1217"}],"wp:attachment":[{"href":"https:\/\/www.hydraulic-cylinders.net\/sv\/wp-json\/wp\/v2\/media?parent=1213"}],"wp:term":[{"taxonomy":"product_brand","embeddable":true,"href":"https:\/\/www.hydraulic-cylinders.net\/sv\/wp-json\/wp\/v2\/product_brand?post=1213"},{"taxonomy":"product_cat","embeddable":true,"href":"https:\/\/www.hydraulic-cylinders.net\/sv\/wp-json\/wp\/v2\/product_cat?post=1213"},{"taxonomy":"product_tag","embeddable":true,"href":"https:\/\/www.hydraulic-cylinders.net\/sv\/wp-json\/wp\/v2\/product_tag?post=1213"}],"curies":[{"name":"wp","href":"https:\/\/api.w.org\/{rel}","templated":true}]}}