{"id":1266,"date":"2023-09-15T07:54:55","date_gmt":"2023-09-15T07:54:55","guid":{"rendered":"https:\/\/hydraulic-cylinders.net\/?post_type=product&#038;p=1266"},"modified":"2025-04-11T05:25:56","modified_gmt":"2025-04-11T05:25:56","slug":"cx-series-homotaxial-compact-hydraulic-cylinder","status":"publish","type":"product","link":"https:\/\/www.hydraulic-cylinders.net\/sv\/produkt\/cx-series-homotaxial-compact-hydraulic-cylinder\/","title":{"rendered":"CX-serien homotaxial kompakt hydraulcylinder"},"content":{"rendered":"<h1 style=\"text-align: center;\"><strong>CX-serien homotaxial kompakt hydraulcylinder<\/strong><\/h1>\n<p>CX-seriens homotaxiala kompakta hydraulcylinder \u00e4r en banbrytande hydraulisk komponent utformad f\u00f6r att ge effektiv och p\u00e5litlig kraft\u00f6verf\u00f6ring i en m\u00e4ngd olika industriella applikationer. Med sin kompakta design, \u00f6verl\u00e4gsna prestanda och h\u00e5llbarhet erbjuder denna hydraulcylinder exakt kontroll och m\u00e5ngsidighet. Oavsett om den anv\u00e4nds inom tillverkning, materialhantering eller konstruktion \u00e4r CX-seriens homotaxiala kompakta hydraulcylinder konstruerad f\u00f6r att optimera hydrauliska operationer och \u00f6ka produktiviteten.<\/p>\n<p>CX-seriens kompaktcylindrar anv\u00e4nds f\u00f6r fastsp\u00e4nning av cylindrar. Installationen \u00e4r liten. V\u00e5r fabrik har avancerad hydraulisk utrustning, inklusive en vertikal horisontell fleroperationsmaskin och medelstora och stora hydraulcylindrar. Produktionstekniken f\u00f6r tunna cylindrar \u00e4r utm\u00e4rkt.<\/p>\n<p><img loading=\"lazy\" decoding=\"async\" class=\"size-full wp-image-1267 aligncenter\" src=\"https:\/\/hydraulic-cylinders.net\/wp-content\/uploads\/2023\/09\/cx-compact-hydraulic-cylinder-6.webp\" alt=\"\" width=\"245\" height=\"245\" srcset=\"https:\/\/www.hydraulic-cylinders.net\/wp-content\/uploads\/2023\/09\/cx-compact-hydraulic-cylinder-6.webp 245w, https:\/\/www.hydraulic-cylinders.net\/wp-content\/uploads\/2023\/09\/cx-compact-hydraulic-cylinder-6-100x100.webp 100w, https:\/\/www.hydraulic-cylinders.net\/wp-content\/uploads\/2023\/09\/cx-compact-hydraulic-cylinder-6-150x150.webp 150w, https:\/\/www.hydraulic-cylinders.net\/wp-content\/uploads\/2023\/09\/cx-compact-hydraulic-cylinder-6-12x12.webp 12w\" sizes=\"(max-width: 245px) 100vw, 245px\" \/><\/p>\n<h2><strong>CX-serien homotaxial kompakt hydraulcylinder Modellbeskrivning:<img loading=\"lazy\" decoding=\"async\" class=\"alignnone wp-image-1269 size-full\" src=\"https:\/\/hydraulic-cylinders.net\/wp-content\/uploads\/2023\/09\/cx-compact-hydraulic-cylinder-2.webp\" alt=\"\" width=\"730\" height=\"119\" srcset=\"https:\/\/hydraulic-cylinders.net\/wp-content\/uploads\/2023\/09\/cx-compact-hydraulic-cylinder-2.webp 730w, https:\/\/hydraulic-cylinders.net\/wp-content\/uploads\/2023\/09\/cx-compact-hydraulic-cylinder-2-480x78.webp 480w\" sizes=\"(min-width: 0px) and (max-width: 480px) 480px, (min-width: 481px) 730px, 100vw\" \/>\u00a0<\/strong><\/h2>\n<h2><strong>CX-serien homotaxial kompakt hydraulcylinder <\/strong><strong>Drag<\/strong>:<\/h2>\n<h2><strong><img loading=\"lazy\" decoding=\"async\" class=\"alignnone wp-image-1270 size-full\" src=\"https:\/\/hydraulic-cylinders.net\/wp-content\/uploads\/2023\/09\/cx-compact-hydraulic-cylinder-3.webp\" alt=\"\" width=\"730\" height=\"87\" srcset=\"https:\/\/hydraulic-cylinders.net\/wp-content\/uploads\/2023\/09\/cx-compact-hydraulic-cylinder-3.webp 730w, https:\/\/hydraulic-cylinders.net\/wp-content\/uploads\/2023\/09\/cx-compact-hydraulic-cylinder-3-480x57.webp 480w\" sizes=\"(min-width: 0px) and (max-width: 480px) 480px, (min-width: 481px) 730px, 100vw\" \/>\u00a0<\/strong><\/h2>\n<h2><strong>CX-serien homotaxial kompakt hydraulcylinder Parameter:<\/strong><\/h2>\n<h2><strong><img loading=\"lazy\" decoding=\"async\" class=\"alignnone wp-image-1271 size-full\" src=\"https:\/\/hydraulic-cylinders.net\/wp-content\/uploads\/2023\/09\/cx-compact-hydraulic-cylinder-4.webp\" alt=\"\" width=\"730\" height=\"878\" srcset=\"https:\/\/hydraulic-cylinders.net\/wp-content\/uploads\/2023\/09\/cx-compact-hydraulic-cylinder-4.webp 730w, https:\/\/hydraulic-cylinders.net\/wp-content\/uploads\/2023\/09\/cx-compact-hydraulic-cylinder-4-480x577.webp 480w\" sizes=\"(min-width: 0px) and (max-width: 480px) 480px, (min-width: 481px) 730px, 100vw\" \/><\/strong><\/h2>\n<h2><strong>CX-serien homotaxial kompakt hydraulcylinder <\/strong><strong>Viktiga funktioner och f\u00f6rdelar<\/strong><strong>:<\/strong><\/h2>\n<ol>\n<li><strong>Kompakt design:<\/strong>\n<ul>\n<li>CX-seriens koaxiala kompakta hydraulcylindrar \u00e4r konstruerade f\u00f6r att ta upp minimalt utrymme, vilket g\u00f6r dem idealiska f\u00f6r applikationer d\u00e4r installationsytorna \u00e4r begr\u00e4nsade.<\/li>\n<li>Dess kompakta storlek m\u00f6jligg\u00f6r s\u00f6ml\u00f6s integration i en m\u00e4ngd olika utrustningar och mekaniska milj\u00f6er.<\/li>\n<\/ul>\n<\/li>\n<li><strong>Exakt kontroll:<\/strong>\n<ul>\n<li>Denna hydraulcylinder ger \u00f6verl\u00e4gsen r\u00f6relse- och positioneringskontroll, vilket m\u00f6jligg\u00f6r noggrann och effektiv drift.<\/li>\n<li>Den exakta styrmekanismen s\u00e4kerst\u00e4ller smidig och kontrollerbar r\u00f6relse och f\u00f6rb\u00e4ttrar den totala produktionseffektiviteten.<\/li>\n<\/ul>\n<\/li>\n<li><strong>H\u00f6g prestanda:<\/strong>\n<ul>\n<li>CX-seriens koaxiala kompakta hydraulcylinderdesign ger h\u00f6gpresterande kraft\u00f6verf\u00f6ringskapacitet.<\/li>\n<li>Den klarar tunga belastningar och kr\u00e4vande industriella applikationer, vilket s\u00e4kerst\u00e4ller p\u00e5litlig och konsekvent prestanda.<\/li>\n<\/ul>\n<\/li>\n<li><strong>M\u00e5ngsidiga till\u00e4mpningar:<\/strong>\n<ul>\n<li>CX-serien av koaxiella kompakta hydraulcylindrar \u00e4r konstruerade f\u00f6r m\u00e5ngsidiga applikationer inom tillverkning, materialhantering, bygg och andra industrier.<\/li>\n<li>Den kan anv\u00e4ndas i olika utrustningar s\u00e5som pressar, komprimatorer, lastare etc.<\/li>\n<\/ul>\n<\/li>\n<\/ol>\n<h2><strong>CX-serien homotaxial kompakt hydraulcylinder <\/strong><strong>Anv\u00e4ndningsmetod<\/strong><strong>:<\/strong><\/h2>\n<ol>\n<li><strong>Montering och installation:<\/strong>\n<ul>\n<li>Best\u00e4m l\u00e4mplig installationsplats f\u00f6r CX-seriens koaxiala kompakta hydraulcylindrar baserat p\u00e5 de specifika kraven f\u00f6r din utrustning eller maskin.<\/li>\n<li>Se till att monteringsytan \u00e4r fast och j\u00e4mn och s\u00e4kert kan b\u00e4ra cylinderns vikt och belastning.<\/li>\n<\/ul>\n<\/li>\n<li><strong>Anslutning av hydraulsystem:<\/strong>\n<ul>\n<li>Anslut hydraulcylindern till hydraulsystemet med en kompatibel hydraulslang eller ett l\u00e4mpligt r\u00f6r.<\/li>\n<li>Korrekt uppriktning och t\u00e4ta anslutningar f\u00f6rhindrar l\u00e4ckage och s\u00e4kerst\u00e4ller optimal prestanda.<\/li>\n<\/ul>\n<\/li>\n<li><strong>Anv\u00e4ndning av cylindern:<\/strong>\n<ul>\n<li>Starta hydraulsystemet och starta r\u00f6relsen hos CX-seriens koaxiala kompakta hydraulcylinder.<\/li>\n<li>Det hydrauliska styrsystemet anv\u00e4nds f\u00f6r att exakt styra cylinderns utskjutning, indragning och positionering f\u00f6r att uppn\u00e5 effektiv drift.<\/li>\n<\/ul>\n<\/li>\n<\/ol>\n<h2><strong>Hur tar man bort en hydraulcylinder fr\u00e5n en frontlastare?<\/strong><\/h2>\n<p>Att ta bort en hydraulcylinder fr\u00e5n en frontlastare kr\u00e4ver noggrann f\u00f6rberedelse och f\u00f6rsiktighet. H\u00e4r \u00e4r en steg-f\u00f6r-steg-guide som hj\u00e4lper dig genom processen:<\/p>\n<ol>\n<li><strong>S\u00e4kerst\u00e4ll s\u00e4kerhet:<\/strong>\n<ul>\n<li>Innan arbetet p\u00e5b\u00f6rjas, parkera frontlastaren p\u00e5 en plan, stabil yta.<\/li>\n<li>Dra i parkeringsbromsen och st\u00e4ng av motorn f\u00f6r att f\u00f6rhindra oavsiktlig r\u00f6relse.<\/li>\n<\/ul>\n<\/li>\n<li><strong>Identifiera cylindern:<\/strong>\n<ul>\n<li>Lokalisera den hydraulcylinder som beh\u00f6ver tas bort. Beroende p\u00e5 lastarens konstruktion kan det finnas flera cylindrar.<\/li>\n<\/ul>\n<\/li>\n<li><strong>Avlasta hydraultrycket:<\/strong>\n<ul>\n<li>F\u00f6r att undvika pl\u00f6tslig tryckavlastning, avlasta det hydrauliska trycket i systemet. Detta steg \u00e4r avg\u00f6rande f\u00f6r s\u00e4kerheten.<\/li>\n<li>Starta lastarens motor och man\u00f6vrera hydraulreglagen f\u00f6r att flytta cylinderns kolv helt i en riktning.<\/li>\n<li>St\u00e4ng av motorn och sl\u00e4pp ut resttrycket genom att man\u00f6vrera reglagen igen.<\/li>\n<\/ul>\n<\/li>\n<li><strong>Koppla bort hydrauliska ledningar:<\/strong>\n<ul>\n<li>Lokalisera de hydrauliska ledningarna som \u00e4r anslutna till cylindern. Det finns vanligtvis en matarledning och en returledning.<\/li>\n<li>Placera ett dr\u00e4neringsk\u00e4rl under cylindern f\u00f6r att f\u00e5nga upp eventuell hydraulv\u00e4tska som l\u00e4cker vid fr\u00e5nkoppling.<\/li>\n<li>Koppla f\u00f6rsiktigt bort hydraulledningarna fr\u00e5n cylindern med l\u00e4mpliga skiftnycklar eller kopplingar. Var beredd p\u00e5 v\u00e4tskespill.<\/li>\n<\/ul>\n<\/li>\n<li><strong>St\u00f6d cylindern:<\/strong>\n<ul>\n<li>Eftersom hydraulcylindrar kan vara tunga \u00e4r det viktigt att ge st\u00f6d innan de tas bort.<\/li>\n<li>Anv\u00e4nd en domkraft, block eller annan stabil st\u00f6dstruktur f\u00f6r att s\u00e4kert h\u00e5lla cylinderns vikt.<\/li>\n<\/ul>\n<\/li>\n<li><strong>Ta bort monteringsbultarna:<\/strong>\n<ul>\n<li>Identifiera monteringspunkterna d\u00e4r cylindern \u00e4r f\u00e4st vid lastarens ram eller andra komponenter.<\/li>\n<li>Anv\u00e4nd l\u00e4mpliga verktyg, s\u00e5som skiftnycklar eller hylsor, f\u00f6r att ta bort monteringsbultarna eller stiften som h\u00e5ller fast cylindern.<\/li>\n<li>H\u00e5ll koll p\u00e5 bultarna och all tillh\u00f6rande h\u00e5rdvara f\u00f6r ominstallation.<\/li>\n<\/ul>\n<\/li>\n<li><strong>Ta f\u00f6rsiktigt bort cylindern:<\/strong>\n<ul>\n<li>Med hydraulledningarna fr\u00e5nkopplade och monteringsbultarna borttagna, skjut eller lyft cylindern l\u00e5ngsamt och f\u00f6rsiktigt ur sitt monteringsl\u00e4ge.<\/li>\n<li>Var uppm\u00e4rksam p\u00e5 cylinderns vikt och storlek f\u00f6r att f\u00f6rhindra olyckor eller skador vid borttagning.<\/li>\n<\/ul>\n<\/li>\n<li><strong>Inspektera och f\u00f6rvara:<\/strong>\n<ul>\n<li>N\u00e4r cylindern har tagits bort, inspektera den f\u00f6r tecken p\u00e5 skador, l\u00e4ckor eller kraftigt slitage. Denna bed\u00f6mning hj\u00e4lper till att avg\u00f6ra om cylindern beh\u00f6ver repareras eller bytas ut.<\/li>\n<li>Reng\u00f6r cylindern och f\u00f6rvara den p\u00e5 en ren och torr plats f\u00f6r att f\u00f6rhindra kontaminering eller ytterligare skador.<\/li>\n<\/ul>\n<\/li>\n<\/ol>\n<h2><strong>Kinas tillverkare av hydraulcylindrar:<\/strong><\/h2>\n<p>HZPT \u00e4r ett f\u00f6retag inom forskning och utveckling samt tillverkning av kompakta hydraulcylindrar. Det har en ledande position inom Kinas marknadssegment f\u00f6r hydraulcylindrar. \u00c5r 2020 l\u00e5g den inhemska marknadsandelen p\u00e5 cirka 29%. Vi producerar kompakta hydraulcylindrar f\u00f6r industriella fordon, kompakta hydraulcylindrar f\u00f6r arbetsfordon, hydraulcylindrar f\u00f6r jordbruksmaskiner och hydraulcylindrar f\u00f6r sanitetsmaskiner.<\/p>\n<p>Vi har en f\u00f6rstklassig oberoende FoU-plattform f\u00f6r montering. Den kompakta tillverkningsverkstaden f\u00f6r hydraulcylindrar har fyra halvautomatiska monteringslinjer f\u00f6r lyftcylindrar och en helautomatisk monteringslinje f\u00f6r tippcylindrar, med en planerad \u00e5rlig produktionskapacitet p\u00e5 1 miljon enheter. Specialcylinderverkstaden \u00e4r utrustad med halvautomatiska reng\u00f6rings- och monteringssystem med olika specifikationer, med en planerad \u00e5rlig produktionskapacitet p\u00e5 200 000 enheter. Den har k\u00e4nd CNC-bearbetningsutrustning, fleroperationscentra, specialutrustning f\u00f6r h\u00f6gprecisionsbearbetning av cylindrar, robotsvetsmaskiner, automatiska reng\u00f6ringsmaskiner, automatiska cylindermonteringsmaskiner och automatiska f\u00e4rgproduktionslinjer. Vi har mer \u00e4n 300 upps\u00e4ttningar kritisk utrustning i drift. Optimerad allokering och effektiv anv\u00e4ndning av utrustningsresurser s\u00e4kerst\u00e4ller produkternas precisionskrav och uppfyller produkternas h\u00f6ga kvalitetskrav.<\/p>\n<table>\n<tbody>\n<tr>\n<td><img loading=\"lazy\" decoding=\"async\" class=\"size-large wp-image-315926 aligncenter\" src=\"https:\/\/hzpt.com\/wp-content\/uploads\/2023\/08\/China-Hydraulic-Cylinder-Manufacturers-1-1024x768.webp\" sizes=\"(min-width: 0px) and (max-width: 480px) 480px, (min-width: 481px) and (max-width: 980px) 980px, (min-width: 981px) 1024px, 100vw\" srcset=\"https:\/\/hzpt.com\/wp-content\/uploads\/2023\/08\/China-Hydraulic-Cylinder-Manufacturers-1-1024x768.webp 1024w, https:\/\/hzpt.com\/wp-content\/uploads\/2023\/08\/China-Hydraulic-Cylinder-Manufacturers-1-980x735.webp 980w, https:\/\/hzpt.com\/wp-content\/uploads\/2023\/08\/China-Hydraulic-Cylinder-Manufacturers-1-480x360.webp 480w\" alt=\"Kinas tillverkare av hydraulcylindrar\" width=\"1024\" height=\"768\" \/><\/td>\n<td><img loading=\"lazy\" decoding=\"async\" class=\"size-large wp-image-315927 aligncenter\" src=\"https:\/\/hzpt.com\/wp-content\/uploads\/2023\/08\/China-Hydraulic-Cylinder-Manufacturers-2-1024x768.webp\" sizes=\"(min-width: 0px) and (max-width: 480px) 480px, (min-width: 481px) and (max-width: 980px) 980px, (min-width: 981px) 1024px, 100vw\" srcset=\"https:\/\/hzpt.com\/wp-content\/uploads\/2023\/08\/China-Hydraulic-Cylinder-Manufacturers-2-1024x768.webp 1024w, https:\/\/hzpt.com\/wp-content\/uploads\/2023\/08\/China-Hydraulic-Cylinder-Manufacturers-2-980x735.webp 980w, https:\/\/hzpt.com\/wp-content\/uploads\/2023\/08\/China-Hydraulic-Cylinder-Manufacturers-2-480x360.webp 480w\" alt=\"Kinas tillverkare av hydraulcylindrar\" width=\"1024\" height=\"768\" \/><\/td>\n<\/tr>\n<\/tbody>\n<\/table>\n<p>&nbsp;<\/p>\n<p>&nbsp;<\/p>","protected":false},"excerpt":{"rendered":"<p>CX Series Homotaxial Compact Hydraulic Cylinder The CX series homotaxial compact hydraulic cylinder is a cutting-edge hydraulic component designed to provide efficient and reliable power transmission in a wide range of industrial applications. With its compact design, superior performance, and durability, this hydraulic cylinder offers precise control and versatility. Whether used in manufacturing, material handling, [&hellip;]<\/p>","protected":false},"featured_media":1268,"comment_status":"open","ping_status":"closed","template":"","meta":{"_et_pb_use_builder":"","_et_pb_old_content":"","_et_gb_content_width":""},"product_brand":[],"product_cat":[1526,1550,1376],"product_tag":[1380],"class_list":{"0":"post-1266","1":"product","2":"type-product","3":"status-publish","4":"has-post-thumbnail","6":"product_cat-assembly-line-hydraulic-cylinders","7":"product_cat-double-acting-hydraulic-cylinder","8":"product_cat-hydraulic-cylinder","9":"product_tag-hydraulic-cylinder","11":"first","12":"instock","13":"shipping-taxable","14":"product-type-simple"},"amp_enabled":true,"_links":{"self":[{"href":"https:\/\/www.hydraulic-cylinders.net\/sv\/wp-json\/wp\/v2\/product\/1266","targetHints":{"allow":["GET"]}}],"collection":[{"href":"https:\/\/www.hydraulic-cylinders.net\/sv\/wp-json\/wp\/v2\/product"}],"about":[{"href":"https:\/\/www.hydraulic-cylinders.net\/sv\/wp-json\/wp\/v2\/types\/product"}],"replies":[{"embeddable":true,"href":"https:\/\/www.hydraulic-cylinders.net\/sv\/wp-json\/wp\/v2\/comments?post=1266"}],"wp:featuredmedia":[{"embeddable":true,"href":"https:\/\/www.hydraulic-cylinders.net\/sv\/wp-json\/wp\/v2\/media\/1268"}],"wp:attachment":[{"href":"https:\/\/www.hydraulic-cylinders.net\/sv\/wp-json\/wp\/v2\/media?parent=1266"}],"wp:term":[{"taxonomy":"product_brand","embeddable":true,"href":"https:\/\/www.hydraulic-cylinders.net\/sv\/wp-json\/wp\/v2\/product_brand?post=1266"},{"taxonomy":"product_cat","embeddable":true,"href":"https:\/\/www.hydraulic-cylinders.net\/sv\/wp-json\/wp\/v2\/product_cat?post=1266"},{"taxonomy":"product_tag","embeddable":true,"href":"https:\/\/www.hydraulic-cylinders.net\/sv\/wp-json\/wp\/v2\/product_tag?post=1266"}],"curies":[{"name":"wp","href":"https:\/\/api.w.org\/{rel}","templated":true}]}}