{"id":1420,"date":"2023-09-18T08:30:35","date_gmt":"2023-09-18T08:30:35","guid":{"rendered":"https:\/\/hydraulic-cylinders.net\/?post_type=product&#038;p=1420"},"modified":"2025-04-11T02:57:08","modified_gmt":"2025-04-11T02:57:08","slug":"32-mdc-series-compact-mold-cylinder","status":"publish","type":"product","link":"https:\/\/www.hydraulic-cylinders.net\/sv\/produkt\/32-mdc-series-compact-mold-cylinder\/","title":{"rendered":"32 MDC-serien kompakt formcylinder"},"content":{"rendered":"<h1 style=\"text-align: center;\"><strong>32 MDC-serien kompakt formcylinder<\/strong><\/h1>\n<p>Den kompakta formcylindern i 32 MDC-serien \u00e4r en effektiv och m\u00e5ngsidig hydraulcylinder som \u00e4r speciellt utformad f\u00f6r formgjutningsapplikationer. Med sin kompakta design, \u00f6verl\u00e4gsna prestanda och h\u00e5llbara konstruktion ger denna cylinder tillf\u00f6rlitlig och exakt drift i olika industriella milj\u00f6er. Oavsett om den anv\u00e4nds i formsprutningsmaskiner, pressgjutningsutrustning eller andra formgjutningsrelaterade applikationer, levererar den kompakta formcylindern 32 MDC exceptionell funktionalitet och produktivitet.<\/p>\n<p>\u00b7 MDC \u00e4r en kompakt hydraulcylinder (cx) med en elbox och kolvst\u00e5ng f\u00f6r att noggrant styra formens neutronposition.<br \/>\n\u00b7 Hydraulcylinder l\u00e4mplig f\u00f6r anv\u00e4ndning i plastgjutningar.<\/p>\n<p><img loading=\"lazy\" decoding=\"async\" class=\"wp-image-323230 aligncenter\" src=\"https:\/\/hzpt.com\/wp-content\/uploads\/2023\/09\/mdc-compact-hydraulic-cylinder-7.webp\" alt=\"\" width=\"400\" height=\"400\" \/><\/p>\n<h2><strong>Beskrivning av kompakt formcylindermodell:<\/strong><\/h2>\n<p><img loading=\"lazy\" decoding=\"async\" class=\"alignnone size-full wp-image-323234\" src=\"https:\/\/hzpt.com\/wp-content\/uploads\/2023\/09\/mdc-compact-hydraulic-cylinder-2.webp\" alt=\"\" width=\"966\" height=\"882\" \/><\/p>\n<h2><strong>Kompakt formcylinders egenskaper:<\/strong><\/h2>\n<p><img loading=\"lazy\" decoding=\"async\" class=\"alignnone size-full wp-image-323236\" src=\"https:\/\/hzpt.com\/wp-content\/uploads\/2023\/09\/mdc-compact-hydraulic-cylinder-3-1.webp\" alt=\"\" width=\"899\" height=\"262\" \/><\/p>\n<h2><strong>Diagram \u00f6ver kompakt formcylinderstruktur:<\/strong><\/h2>\n<p><img loading=\"lazy\" decoding=\"async\" class=\"alignnone size-full wp-image-323250\" src=\"https:\/\/hzpt.com\/wp-content\/uploads\/2023\/09\/mdc-compact-hydraulic-cylinder-4-1.webp\" alt=\"\" width=\"737\" height=\"808\" \/><\/p>\n<h2><strong>Storleksdiagram f\u00f6r kolvst\u00e5ngsanslutning:<\/strong><\/h2>\n<p><img loading=\"lazy\" decoding=\"async\" class=\"alignnone size-large wp-image-323239\" src=\"https:\/\/hzpt.com\/wp-content\/uploads\/2023\/09\/mdc-compact-hydraulic-cylinder-5-787x1024.webp\" alt=\"\" width=\"787\" height=\"1024\" \/><\/p>\n<h2><strong>Elboxens sp\u00e4nnes position, oljeportens position och distributionsuttagets position:<\/strong><\/h2>\n<p><img loading=\"lazy\" decoding=\"async\" class=\"alignnone size-large wp-image-323241\" src=\"https:\/\/hzpt.com\/wp-content\/uploads\/2023\/09\/mdc-compact-hydraulic-cylinder-6-616x1024.webp\" alt=\"\" width=\"616\" height=\"1024\" \/><\/p>\n<h2><strong>32 MDC-seriens kompakta formcylinderparameter:<\/strong><\/h2>\n<p><img loading=\"lazy\" decoding=\"async\" class=\"alignnone size-large wp-image-323240\" src=\"https:\/\/hzpt.com\/wp-content\/uploads\/2023\/09\/mdc-compact-hydraulic-cylinder-7-1-903x1024.webp\" alt=\"\" width=\"903\" height=\"1024\" \/><\/p>\n<h2><strong>Viktiga funktioner och f\u00f6rdelar med 32 MDC-seriens kompakta formcylinder:<\/strong><\/h2>\n<ol>\n<li><strong>Kompakt design:<\/strong>\n<ul>\n<li>De 32 kompakta formcylindrarna i MDC-serien har en kompakt design som enkelt kan integreras i tr\u00e5nga utrymmen och formapplikationer med begr\u00e4nsat utrymme.<\/li>\n<li>Dess platsbesparande design s\u00e4kerst\u00e4ller optimal anv\u00e4ndning av tillg\u00e4nglig arbetsyta samtidigt som h\u00f6g prestanda bibeh\u00e5lls.<\/li>\n<\/ul>\n<\/li>\n<li><strong>H\u00f6g precision och noggrannhet:<\/strong>\n<ul>\n<li>Cylindern \u00e4r konstruerad f\u00f6r att ge exakt och noggrann r\u00f6relse, vilket s\u00e4kerst\u00e4ller konsekventa och repeterbara resultat i formdriften.<\/li>\n<li>Det ger utm\u00e4rkt kontroll \u00f6ver formens \u00f6ppnings-, st\u00e4ngnings- och kl\u00e4mningsfunktioner, vilket m\u00f6jligg\u00f6r h\u00f6gkvalitativ produktion.<\/li>\n<\/ul>\n<\/li>\n<li><strong>Robust konstruktion:<\/strong>\n<ul>\n<li>De 32 kompakta formcylindrarna i MDC-serien \u00e4r tillverkade av h\u00f6gkvalitativa material och komponenter f\u00f6r att klara kr\u00e4vande driftsf\u00f6rh\u00e5llanden.<\/li>\n<li>Den har utm\u00e4rkt h\u00e5llbarhet, slitstyrka och f\u00f6rl\u00e4ngd livsl\u00e4ngd, vilket minimerar stillest\u00e5ndstid och underh\u00e5llskostnader.<\/li>\n<\/ul>\n<\/li>\n<li><strong>Snabb svarstid:<\/strong>\n<ul>\n<li>Med sitt effektiva hydraulsystem och optimerade design ger cylindern snabba svarstider och minskar cykeltiderna f\u00f6r formoperationer.<\/li>\n<li>Snabb respons kan f\u00f6rb\u00e4ttra produktiviteten och \u00f6ka produktionen.<\/li>\n<\/ul>\n<\/li>\n<\/ol>\n<h2><strong>Hur man demonterar en hydraulcylinder?<\/strong><\/h2>\n<p>F\u00f6r att demontera en hydraulcylinder, f\u00f6lj dessa allm\u00e4nna steg:<\/p>\n<ol>\n<li><strong>S\u00e4kerhets\u00e5tg\u00e4rder:<\/strong>\n<ul>\n<li>Innan du b\u00f6rjar, se till att hydraulsystemet \u00e4r tryckl\u00f6st och att str\u00f6mk\u00e4llan \u00e4r fr\u00e5nkopplad.<\/li>\n<li>Anv\u00e4nd l\u00e4mplig personlig skyddsutrustning, s\u00e5som handskar och skyddsglas\u00f6gon, f\u00f6r att skydda dig mot potentiella faror.<\/li>\n<\/ul>\n<\/li>\n<li><strong>Positionering och st\u00f6d:<\/strong>\n<ul>\n<li>Placera hydraulcylindern p\u00e5 en stabil arbetsyta och se till att den har tillr\u00e4ckligt st\u00f6d f\u00f6r att f\u00f6rhindra oavsiktlig r\u00f6relse eller skador.<\/li>\n<\/ul>\n<\/li>\n<li><strong>Ta bort externa komponenter:<\/strong>\n<ul>\n<li>Koppla bort alla externa komponenter som \u00e4r anslutna till cylindern, s\u00e5som slangar, kopplingar eller monteringsf\u00e4sten.<\/li>\n<li>Anv\u00e4nd l\u00e4mpliga verktyg, s\u00e5som skiftnycklar eller t\u00e4nger, f\u00f6r att f\u00f6rsiktigt lossa och ta bort dessa komponenter.<\/li>\n<\/ul>\n<\/li>\n<li><strong>T\u00f6m hydraulv\u00e4tskan:<\/strong>\n<ul>\n<li>Lokalisera avtappningspluggen eller ventilen p\u00e5 cylindern och ta bort den s\u00e5 att hydraulv\u00e4tskan kan rinna ut i en l\u00e4mplig beh\u00e5llare.<\/li>\n<li>Placera cylindern p\u00e5 ett s\u00e4tt som underl\u00e4ttar fullst\u00e4ndig dr\u00e4nering.<\/li>\n<\/ul>\n<\/li>\n<li><strong>Demontera \u00e4ndk\u00e5porna:<\/strong>\n<ul>\n<li>Identifiera \u00e4ndk\u00e5porna p\u00e5 hydraulcylindern. De sitter vanligtvis i varje \u00e4nde av cylinderr\u00f6ret.<\/li>\n<li>Ta bort bultar, skruvar eller f\u00e4stelement och f\u00e4st \u00e4ndk\u00e5porna med l\u00e4mpliga verktyg.<\/li>\n<li>Knacka f\u00f6rsiktigt p\u00e5 \u00e4ndk\u00e5porna med en gummiklubba f\u00f6r att bryta eventuell f\u00f6rsegling eller lim.<\/li>\n<\/ul>\n<\/li>\n<li><strong>Separata cylinderkomponenter:<\/strong>\n<ul>\n<li>Med \u00e4ndk\u00e5porna borttagna, skjut f\u00f6rsiktigt ut kolven och kolvst\u00e5ngen ur cylindercylindern.<\/li>\n<li>Var uppm\u00e4rksam p\u00e5 eventuella t\u00e4tningar, lager eller bussningar och ta bort dem vid behov.<\/li>\n<li>Observera komponenternas ordning och orientering f\u00f6r enklare \u00e5termontering.<\/li>\n<\/ul>\n<\/li>\n<li><strong>Inspektera och reng\u00f6r komponenter:<\/strong>\n<ul>\n<li>Inspektera varje demonterad komponent f\u00f6r tecken p\u00e5 slitage, skador eller kontaminering.<\/li>\n<li>Reng\u00f6r alla komponenter med ett l\u00e4mpligt l\u00f6sningsmedel eller reng\u00f6ringsmedel f\u00f6r att avl\u00e4gsna smuts, skr\u00e4p eller gammalt sm\u00f6rjmedel.<\/li>\n<li>Anv\u00e4nd en mjuk trasa eller borste f\u00f6r att f\u00f6rsiktigt reng\u00f6ra ytorna utan att orsaka skador.<\/li>\n<\/ul>\n<\/li>\n<li><strong>Byt ut eller reparera komponenter:<\/strong>\n<ul>\n<li>Om n\u00e5gra komponenter uppvisar betydande slitage eller skador, \u00f6verv\u00e4g att byta ut dem mot nya.<\/li>\n<li>Reparera eller renovera komponenter, till exempel byta t\u00e4tningar eller renovera kolvst\u00e5ngen.<\/li>\n<\/ul>\n<\/li>\n<li><strong>\u00c5termontering:<\/strong>\n<ul>\n<li>F\u00f6lj demonteringsordningen i omv\u00e4nd ordning f\u00f6r att montera tillbaka hydraulcylindern och s\u00e4kerst\u00e4ll att komponenterna \u00e4r korrekt uppriktade och orienterade.<\/li>\n<li>Sm\u00f6rj l\u00e4mpliga delar med rekommenderad hydraulv\u00e4tska eller sm\u00f6rjmedel vid \u00e5termontering.<\/li>\n<li>Dra \u00e5t alla f\u00e4stelement enligt tillverkarens specifikationer, anv\u00e4nd en momentnyckel om det beh\u00f6vs.<\/li>\n<\/ul>\n<\/li>\n<li><strong>Testning och inspektion:<\/strong><\/li>\n<\/ol>\n<ul>\n<li>N\u00e4r den \u00e4r monterad igen, g\u00f6r en noggrann inspektion f\u00f6r att s\u00e4kerst\u00e4lla att alla komponenter \u00e4r korrekt justerade och s\u00e4krade.<\/li>\n<li>Testa hydraulcylindern p\u00e5 ett kontrollerat s\u00e4tt f\u00f6r att verifiera dess funktion och kontrollera om det finns n\u00e5gra l\u00e4ckor eller onormal drift.<\/li>\n<\/ul>\n<h2><strong>Fabrikens kapacitet och kapacitet:<\/strong><\/h2>\n<h3>(1) Montering<\/h3>\n<p>Vi har en f\u00f6rstklassig oberoende forsknings- och utvecklingsplattform. Verkstaden f\u00f6r tillverkning av hydraulcylindrar har fyra halvautomatiska monteringslinjer f\u00f6r lyftcylindrar och en automatisk monteringslinje f\u00f6r tiltcylindrar, med en planerad \u00e5rlig produktionskapacitet p\u00e5 1 miljon enheter. Specialcylinderverkstaden \u00e4r utrustad med olika specifikationer f\u00f6r ett halvautomatiskt reng\u00f6ringsmonteringssystem med en planerad \u00e5rlig produktionskapacitet p\u00e5 200 000 och utrustad med k\u00e4nd CNC-bearbetningsutrustning, ett fleroperationscenter, en specialutrustning f\u00f6r h\u00f6gprecisionscylindrar, en robotsvetsmaskin, en automatisk reng\u00f6ringsmaskin, en automatisk cylindermonteringsmaskin och en automatisk produktionslinje f\u00f6r m\u00e5lning. Befintlig kritisk utrustning p\u00e5 mer \u00e4n 300 set (set). Optimal allokering och effektiv anv\u00e4ndning av utrustningsresurser s\u00e4kerst\u00e4ller produkternas noggrannhetskrav och uppfyller produkternas h\u00f6ga kvalitetsbehov.<\/p>\n<p><img loading=\"lazy\" decoding=\"async\" class=\"alignnone wp-image-626\" src=\"https:\/\/hydraulic-cylinders.net\/wp-content\/uploads\/2023\/08\/hydraulic-cylinder-product-1-300x158.webp\" alt=\"\" width=\"495\" height=\"260\" srcset=\"https:\/\/hydraulic-cylinders.net\/wp-content\/uploads\/2023\/08\/hydraulic-cylinder-product-1-300x158.webp 495w, https:\/\/hydraulic-cylinders.net\/wp-content\/uploads\/2023\/08\/hydraulic-cylinder-product-1-480x252.webp 480w\" sizes=\"(min-width: 0px) and (max-width: 480px) 480px, (min-width: 481px) 495px, 100vw\" \/> <img loading=\"lazy\" decoding=\"async\" class=\"alignnone wp-image-627\" src=\"https:\/\/hydraulic-cylinders.net\/wp-content\/uploads\/2023\/08\/hydraulic-cylinder-product-2-300x189.webp\" alt=\"\" width=\"413\" height=\"260\" \/><\/p>\n<h3>(2) Maskinbearbetning<\/h3>\n<p>Bearbetningsverkstaden \u00e4r utrustad med en specialanpassad svarvcentral f\u00f6r lutande r\u00e4ls, bearbetningscenter, h\u00f6ghastighetsh\u00f6nsmaskin, svetsrobot och annan relaterad utrustning, som kan hantera bearbetning av cylinderr\u00f6r med en maximal innerdiameter p\u00e5 400 mm och en maximal l\u00e4ngd p\u00e5 6 meter.<\/p>\n<p><img loading=\"lazy\" decoding=\"async\" class=\"alignnone wp-image-628 size-large\" src=\"https:\/\/hydraulic-cylinders.net\/wp-content\/uploads\/2023\/08\/hydraulic-cylinder-product-3-1024x391.webp\" alt=\"\" width=\"1024\" height=\"391\" srcset=\"https:\/\/hydraulic-cylinders.net\/wp-content\/uploads\/2023\/08\/hydraulic-cylinder-product-3-980x374.webp 980w, https:\/\/hydraulic-cylinders.net\/wp-content\/uploads\/2023\/08\/hydraulic-cylinder-product-3-480x183.webp 480w\" sizes=\"(min-width: 0px) and (max-width: 480px) 480px, (min-width: 481px) and (max-width: 980px) 980px, (min-width: 981px) 1024px, 100vw\" \/><\/p>\n<h3>(3) Svetsning<\/h3>\n<p><img loading=\"lazy\" decoding=\"async\" class=\"alignnone wp-image-629 size-large\" src=\"https:\/\/hydraulic-cylinders.net\/wp-content\/uploads\/2023\/08\/hydraulic-cylinder-product-4-1024x510.webp\" alt=\"\" width=\"1024\" height=\"510\" srcset=\"https:\/\/hydraulic-cylinders.net\/wp-content\/uploads\/2023\/08\/hydraulic-cylinder-product-4-980x488.webp 980w, https:\/\/hydraulic-cylinders.net\/wp-content\/uploads\/2023\/08\/hydraulic-cylinder-product-4-480x239.webp 480w\" sizes=\"(min-width: 0px) and (max-width: 480px) 480px, (min-width: 481px) and (max-width: 980px) 980px, (min-width: 981px) 1024px, 100vw\" \/><\/p>\n<h3>(4) M\u00e5lning och ytbehandling<\/h3>\n<p>Med sm\u00e5 och medelstora cylindriska automatiska vattenbaserade f\u00e4rgbel\u00e4ggningslinjer, f\u00f6r att uppn\u00e5 automatisk robotlastning och lossning samt automatisk sprutning, \u00e4r den designade kapaciteten 4000 stycken per skift;<br \/>\nVi har \u00e4ven en halvautomatisk f\u00e4rgproduktionslinje f\u00f6r stora cylindrar som drivs av en sl\u00e4pkedja, med en designkapacitet p\u00e5 60 l\u00e5dor per skift.<\/p>\n<p><img loading=\"lazy\" decoding=\"async\" class=\"alignnone wp-image-630\" src=\"https:\/\/hydraulic-cylinders.net\/wp-content\/uploads\/2023\/08\/hydraulic-cylinder-product-5-300x213.webp\" alt=\"\" width=\"366\" height=\"260\" \/> <img loading=\"lazy\" decoding=\"async\" class=\"alignnone wp-image-631\" src=\"https:\/\/hydraulic-cylinders.net\/wp-content\/uploads\/2023\/08\/hydraulic-cylinder-product-6-300x225.webp\" alt=\"\" width=\"347\" height=\"260\" \/><\/p>\n<h3>(5) Testning<\/h3>\n<p>Vi har f\u00f6rstklassiga inspektionsanl\u00e4ggningar och testb\u00e4ddar f\u00f6r att s\u00e4kerst\u00e4lla att cylinderns prestanda uppfyller kraven.<\/p>\n<p><img loading=\"lazy\" decoding=\"async\" class=\"alignnone wp-image-632\" src=\"https:\/\/hydraulic-cylinders.net\/wp-content\/uploads\/2023\/08\/hydraulic-cylinder-product-8-300x200.webp\" alt=\"\" width=\"389\" height=\"260\" \/><\/p>\n<p>&nbsp;<\/p>\n<p>&nbsp;<\/p>\n<p>Vi \u00e4r en av de b\u00e4sta tillverkarna av kompakta hydraulcylindrar. Vi kan erbjuda ett komplett lager av kompakta hydraulcylindrar. Vi tillhandah\u00e5ller \u00e4ven motsvarande <a href=\"https:\/\/hzpt.com\/agricultural-pto-gearbox\/\" target=\"_blank\" rel=\"noopener\">jordbruksv\u00e4xell\u00e5dor<\/a>Vi har exporterat v\u00e5ra produkter till kunder \u00f6ver hela v\u00e4rlden och f\u00e5tt ett gott rykte tack vare v\u00e5r \u00f6verl\u00e4gsna produktkvalitet och kundservice. Vi v\u00e4lkomnar kunder b\u00e5de hemma och utomlands att kontakta oss f\u00f6r att f\u00f6rhandla aff\u00e4rer, utbyta information och <a href=\"https:\/\/www.hydraulic-cylinders.net\/sv\/contact-us\/\">samarbeta med oss<\/a>!<\/p>\n<h2><\/h2>","protected":false},"excerpt":{"rendered":"<p>32 MDC Series Compact Mold Cylinder The 32 MDC Series compact mold cylinder is an efficient and versatile hydraulic cylinder designed specifically for die applications. With its compact design, superior performance, and durable construction, this cylinder provides reliable and precise operation in various industrial environments. Whether used in injection molding machines, die-casting equipment, or other [&hellip;]<\/p>","protected":false},"featured_media":1421,"comment_status":"open","ping_status":"closed","template":"","meta":{"_et_pb_use_builder":"","_et_pb_old_content":"","_et_gb_content_width":""},"product_brand":[],"product_cat":[1523,1549,1376],"product_tag":[1380],"class_list":{"0":"post-1420","1":"product","2":"type-product","3":"status-publish","4":"has-post-thumbnail","6":"product_cat-injection-molding-hydraulic-cylinders","7":"product_cat-single-acting-hydraulic-cylinder","8":"product_cat-hydraulic-cylinder","9":"product_tag-hydraulic-cylinder","11":"first","12":"instock","13":"shipping-taxable","14":"product-type-simple"},"amp_enabled":true,"_links":{"self":[{"href":"https:\/\/www.hydraulic-cylinders.net\/sv\/wp-json\/wp\/v2\/product\/1420","targetHints":{"allow":["GET"]}}],"collection":[{"href":"https:\/\/www.hydraulic-cylinders.net\/sv\/wp-json\/wp\/v2\/product"}],"about":[{"href":"https:\/\/www.hydraulic-cylinders.net\/sv\/wp-json\/wp\/v2\/types\/product"}],"replies":[{"embeddable":true,"href":"https:\/\/www.hydraulic-cylinders.net\/sv\/wp-json\/wp\/v2\/comments?post=1420"}],"wp:featuredmedia":[{"embeddable":true,"href":"https:\/\/www.hydraulic-cylinders.net\/sv\/wp-json\/wp\/v2\/media\/1421"}],"wp:attachment":[{"href":"https:\/\/www.hydraulic-cylinders.net\/sv\/wp-json\/wp\/v2\/media?parent=1420"}],"wp:term":[{"taxonomy":"product_brand","embeddable":true,"href":"https:\/\/www.hydraulic-cylinders.net\/sv\/wp-json\/wp\/v2\/product_brand?post=1420"},{"taxonomy":"product_cat","embeddable":true,"href":"https:\/\/www.hydraulic-cylinders.net\/sv\/wp-json\/wp\/v2\/product_cat?post=1420"},{"taxonomy":"product_tag","embeddable":true,"href":"https:\/\/www.hydraulic-cylinders.net\/sv\/wp-json\/wp\/v2\/product_tag?post=1420"}],"curies":[{"name":"wp","href":"https:\/\/api.w.org\/{rel}","templated":true}]}}