{"id":1423,"date":"2023-09-18T08:52:05","date_gmt":"2023-09-18T08:52:05","guid":{"rendered":"https:\/\/hydraulic-cylinders.net\/?post_type=product&#038;p=1423"},"modified":"2025-04-11T03:49:48","modified_gmt":"2025-04-11T03:49:48","slug":"50-100-double-acting-double-axis-mdc-series-compact-mold-cylinder","status":"publish","type":"product","link":"https:\/\/www.hydraulic-cylinders.net\/sv\/produkt\/50-100-double-acting-double-axis-mdc-series-compact-mold-cylinder\/","title":{"rendered":"50-100 Dubbelverkande kompaktformcylinder med dubbel axel i MDC-serien"},"content":{"rendered":"<h1 style=\"text-align: center;\"><strong>50-100 Dubbelverkande kompaktformcylinder med dubbel axel i MDC-serien<\/strong><\/h1>\n<p>Den dubbelverkande, dubbelaxliga kompakta formcylindern i MDC-serien \u00e4r en innovativ hydraulcylinder som \u00e4r s\u00e4rskilt utformad f\u00f6r formsprutningstill\u00e4mpningar. Med sina avancerade funktioner, tillf\u00f6rlitliga prestanda och kompakta design erbjuder denna cylinder \u00f6verl\u00e4gsen funktionalitet och effektivitet i olika industriella milj\u00f6er. Oavsett om den anv\u00e4nds i formsprutningsmaskiner, pressgjutningsutrustning eller andra formsprutningsrelaterade till\u00e4mpningar, ger de dubbelverkande tv\u00e5axliga kompakta formcylindrarna i MDC-serien exakt kontroll och optimal produktivitet.<\/p>\n<p>\u00b7 MDC \u00e4r en kompakt hydraulcylinder (cx) med en elbox och kolvst\u00e5ng f\u00f6r att noggrant styra formens neutronposition.<br \/>\n\u00b7 Hydraulcylinder l\u00e4mplig f\u00f6r anv\u00e4ndning i plastgjutningar.<\/p>\n<p><img loading=\"lazy\" decoding=\"async\" class=\"aligncenter wp-image-323260\" src=\"https:\/\/hzpt.com\/wp-content\/uploads\/2023\/09\/mdc-compact-hydraulic-cylinder-9.webp\" alt=\"dubbelverkande enaxlig kompakt formcylinder\" width=\"400\" height=\"400\" \/><\/p>\n<h2><strong>Beskrivning av kompakt formcylindermodell:<\/strong><\/h2>\n<p><img loading=\"lazy\" decoding=\"async\" class=\"alignnone size-full wp-image-323234\" src=\"https:\/\/hzpt.com\/wp-content\/uploads\/2023\/09\/mdc-compact-hydraulic-cylinder-2.webp\" alt=\"\" width=\"966\" height=\"882\" \/><\/p>\n<h2><strong>Kompakt formcylinders egenskaper:<\/strong><\/h2>\n<p><img loading=\"lazy\" decoding=\"async\" class=\"alignnone size-full wp-image-323236\" src=\"https:\/\/hzpt.com\/wp-content\/uploads\/2023\/09\/mdc-compact-hydraulic-cylinder-3-1.webp\" alt=\"\" width=\"899\" height=\"262\" \/><\/p>\n<h2><strong>Diagram \u00f6ver kompakt formcylinderstruktur:<\/strong><\/h2>\n<p><img loading=\"lazy\" decoding=\"async\" class=\"alignnone size-full wp-image-323250\" src=\"https:\/\/hzpt.com\/wp-content\/uploads\/2023\/09\/mdc-compact-hydraulic-cylinder-4-1.webp\" alt=\"\" width=\"737\" height=\"808\" \/><\/p>\n<h2><strong>Storleksdiagram f\u00f6r kolvst\u00e5ngsanslutning:<\/strong><\/h2>\n<p><img loading=\"lazy\" decoding=\"async\" class=\"alignnone size-large wp-image-323239\" src=\"https:\/\/hzpt.com\/wp-content\/uploads\/2023\/09\/mdc-compact-hydraulic-cylinder-5-787x1024.webp\" alt=\"\" width=\"787\" height=\"1024\" \/><\/p>\n<h2><strong>Elboxens sp\u00e4nnes position, oljeportens position och distributionsuttagets position:<\/strong><\/h2>\n<p><img loading=\"lazy\" decoding=\"async\" class=\"alignnone size-large wp-image-323241\" src=\"https:\/\/hzpt.com\/wp-content\/uploads\/2023\/09\/mdc-compact-hydraulic-cylinder-6-616x1024.webp\" alt=\"\" width=\"616\" height=\"1024\" \/><\/p>\n<h2><strong>50-100 50-100 Dubbelverkande dubbelaxlad MDC-serie kompakt formcylinder Parameter:<\/strong><\/h2>\n<p><img loading=\"lazy\" decoding=\"async\" class=\"alignnone size-large wp-image-323272\" src=\"https:\/\/hzpt.com\/wp-content\/uploads\/2023\/09\/mdc-compact-hydraulic-cylinder-10-1-886x1024.webp\" alt=\"\" width=\"886\" height=\"1024\" \/><\/p>\n<h2><strong>50-100 Dubbelverkande kompaktformcylinder med dubbel axel i MDC-serien <\/strong><strong>Anv\u00e4ndningsmetod<\/strong><strong>:<\/strong><\/h2>\n<ol>\n<li><strong>Dubbelverkande design:<\/strong>\n<ul>\n<li>De dubbelverkande, dubbelaxliga MDC-seriens kompaktcylindrar arbetar i b\u00e5da riktningarna, vilket m\u00f6jligg\u00f6r dubbelriktad r\u00f6relse.<\/li>\n<li>Denna design kan effektivt och noggrant styra formens \u00f6ppnings- och st\u00e4ngningsfunktion och f\u00f6rb\u00e4ttra operationens flexibilitet.<\/li>\n<\/ul>\n<\/li>\n<li><strong>Dubbelaxelkonfiguration:<\/strong>\n<ul>\n<li>Cylindern \u00e4r konstruerad f\u00f6r biaxiell r\u00f6relse, vilket ger rak r\u00f6relse i tv\u00e5 vertikala riktningar.<\/li>\n<li>Dubbelaxlad konfiguration m\u00f6jligg\u00f6r komplexa gjutforms\u00e5tg\u00e4rder, s\u00e5som utst\u00f6tning av delar eller k\u00e4rnr\u00f6relse, vilket \u00f6kar formens m\u00e5ngsidighet.<\/li>\n<\/ul>\n<\/li>\n<li><strong>Kompakt och platsbesparande:<\/strong>\n<ul>\n<li>Den kompakta designen hos MDC-seriens slutna formcylindrar optimerar utrymmesutnyttjandet i formsystemet med begr\u00e4nsat fritt utrymme.<\/li>\n<li>Dess platsbesparande struktur kan enkelt integreras i tr\u00e5nga utrymmen, vilket s\u00e4kerst\u00e4ller effektiv anv\u00e4ndning av tillg\u00e4nglig arbetsyta.<\/li>\n<\/ul>\n<\/li>\n<li><strong>H\u00f6g precision och stabilitet:<\/strong>\n<ul>\n<li>Cylindern ger exakt och stabil r\u00f6relse, vilket s\u00e4kerst\u00e4ller noggrann kontroll av formens r\u00f6relse under tillverkningsprocessen.<\/li>\n<li>Det ger konsekventa och repeterbara resultat som i slut\u00e4ndan bidrar till h\u00f6gkvalitativ produktion och minskat avfall.<\/li>\n<\/ul>\n<\/li>\n<\/ol>\n<h2><strong>Hur tar man bort en hydraulcylinder fr\u00e5n en frontlastare?<\/strong><\/h2>\n<p>Att ta bort en hydraulcylinder fr\u00e5n en frontlastare kr\u00e4ver noggranna f\u00f6rberedelser och utf\u00f6rande. H\u00e4r \u00e4r en steg-f\u00f6r-steg-guide som hj\u00e4lper dig genom processen:<\/p>\n<ol>\n<li><strong>S\u00e4kerhet f\u00f6rst:<\/strong>\n<ul>\n<li>Innan arbetet p\u00e5b\u00f6rjas, se till att frontlastaren \u00e4r parkerad p\u00e5 en j\u00e4mn yta och att motorn \u00e4r avst\u00e4ngd.<\/li>\n<li>Dra i parkeringsbromsen och placera hjulklossar bakom bakhjulen f\u00f6r att f\u00f6rhindra oavsiktlig r\u00f6relse.<\/li>\n<li>Anv\u00e4nd l\u00e4mplig personlig skyddsutrustning (PPE), inklusive handskar och skyddsglas\u00f6gon.<\/li>\n<\/ul>\n<\/li>\n<li><strong>Identifiera cylindern:<\/strong>\n<ul>\n<li>Lokalisera den hydraulcylinder du t\u00e4nker ta bort. Den kommer att vara ansluten till lastarens hydraulsystem och f\u00e4st vid specifika monteringspunkter.<\/li>\n<\/ul>\n<\/li>\n<li><strong>Avlasta hydraultrycket:<\/strong>\n<ul>\n<li>F\u00f6r att undvika pl\u00f6tsliga r\u00f6relser eller potentiell skada, avlasta det hydrauliska trycket i systemet innan cylindern kopplas bort.<\/li>\n<li>Starta motorn och man\u00f6vrera lastarens hydrauliska reglage f\u00f6r att flytta skopan eller redskapet till ett helt utf\u00e4llt eller upph\u00f6jt l\u00e4ge.<\/li>\n<li>St\u00e4ng av motorn och sl\u00e4pp ut eventuellt kvarvarande tryck genom att man\u00f6vrera hydraulreglagen n\u00e5gra g\u00e5nger.<\/li>\n<\/ul>\n<\/li>\n<li><strong>Koppla bort hydrauliska anslutningar:<\/strong>\n<ul>\n<li>Lokalisera de hydraulslangar eller ledningar som \u00e4r anslutna till cylindern. Dessa \u00e4r vanligtvis s\u00e4krade med kopplingar, bultar eller snabbkopplingar.<\/li>\n<li>Lossa och koppla f\u00f6rsiktigt bort hydraulanslutningarna, anv\u00e4nd l\u00e4mpliga verktyg efter behov.<\/li>\n<li>Var beredd p\u00e5 att hydraulv\u00e4tska kan l\u00e4cka, s\u00e5 ha en uppsamlingsbeh\u00e5llare eller absorberande material till hands f\u00f6r att minimera spill.<\/li>\n<\/ul>\n<\/li>\n<li><strong>Ta bort monteringsdetaljer:<\/strong>\n<ul>\n<li>Identifiera monteringspunkterna d\u00e4r cylindern \u00e4r f\u00e4st vid lastarens struktur. Dessa kan inkludera stift, bultar eller f\u00e4sten.<\/li>\n<li>Ta bort alla f\u00e4ststift eller bultar som h\u00e5ller fast cylindern vid lastaren med hj\u00e4lp av l\u00e4mpliga verktyg.<\/li>\n<li>H\u00e5ll koll p\u00e5 h\u00e5rdvaran n\u00e4r du tar bort den, och se till att den inte tappas bort eller tappas bort.<\/li>\n<\/ul>\n<\/li>\n<li><strong>Lossa cylindern:<\/strong>\n<ul>\n<li>N\u00e4r de hydrauliska anslutningarna och monteringsdetaljerna har tagits bort borde cylindern nu kunna lossas fritt.<\/li>\n<li>Skjut eller man\u00f6vrera cylindern f\u00f6rsiktigt ur sitt monteringsl\u00e4ge utan att skada omgivande komponenter eller hydraulledningar.<\/li>\n<li>Anv\u00e4nd lyftutrustning eller hj\u00e4lpmedel f\u00f6r att hantera och ta bort cylindern fr\u00e5n lastaren p\u00e5 ett s\u00e4kert s\u00e4tt.<\/li>\n<\/ul>\n<\/li>\n<li><strong>Korrekt f\u00f6rvaring och underh\u00e5ll:<\/strong>\n<ul>\n<li>N\u00e4r cylindern har tagits bort, kontrollera den f\u00f6r tecken p\u00e5 skador eller slitage. Byt ut slitna t\u00e4tningar eller komponenter vid behov.<\/li>\n<li>F\u00f6rvara hydraulcylindern p\u00e5 en ren och torr plats, skyddad fr\u00e5n damm, fukt och extrema temperaturer.<\/li>\n<li>Om cylindern beh\u00f6ver ytterligare service, l\u00e4s tillverkarens anvisningar eller s\u00f6k professionell hj\u00e4lp.<\/li>\n<\/ul>\n<\/li>\n<\/ol>\n<h2><strong>Fabrikens kapacitet och kapacitet:<\/strong><\/h2>\n<h3>(1) Montering<\/h3>\n<p>Vi har en f\u00f6rstklassig oberoende forsknings- och utvecklingsplattform. Verkstaden f\u00f6r tillverkning av hydraulcylindrar har fyra halvautomatiska monteringslinjer f\u00f6r lyftcylindrar och en automatisk monteringslinje f\u00f6r tiltcylindrar, med en planerad \u00e5rlig produktionskapacitet p\u00e5 1 miljon enheter. Specialcylinderverkstaden \u00e4r utrustad med olika specifikationer f\u00f6r ett halvautomatiskt reng\u00f6ringsmonteringssystem med en planerad \u00e5rlig produktionskapacitet p\u00e5 200 000 och utrustad med k\u00e4nd CNC-bearbetningsutrustning, ett fleroperationscenter, en specialutrustning f\u00f6r h\u00f6gprecisionscylindrar, en robotsvetsmaskin, en automatisk reng\u00f6ringsmaskin, en automatisk cylindermonteringsmaskin och en automatisk produktionslinje f\u00f6r m\u00e5lning. Befintlig kritisk utrustning p\u00e5 mer \u00e4n 300 set (set). Optimal allokering och effektiv anv\u00e4ndning av utrustningsresurser s\u00e4kerst\u00e4ller produkternas noggrannhetskrav och uppfyller produkternas h\u00f6ga kvalitetsbehov.<\/p>\n<p><img loading=\"lazy\" decoding=\"async\" class=\"alignnone wp-image-626\" src=\"https:\/\/hydraulic-cylinders.net\/wp-content\/uploads\/2023\/08\/hydraulic-cylinder-product-1-300x158.webp\" alt=\"\" width=\"495\" height=\"260\" srcset=\"https:\/\/hydraulic-cylinders.net\/wp-content\/uploads\/2023\/08\/hydraulic-cylinder-product-1-300x158.webp 495w, https:\/\/hydraulic-cylinders.net\/wp-content\/uploads\/2023\/08\/hydraulic-cylinder-product-1-480x252.webp 480w\" sizes=\"(min-width: 0px) and (max-width: 480px) 480px, (min-width: 481px) 495px, 100vw\" \/> <img loading=\"lazy\" decoding=\"async\" class=\"alignnone wp-image-627\" src=\"https:\/\/hydraulic-cylinders.net\/wp-content\/uploads\/2023\/08\/hydraulic-cylinder-product-2-300x189.webp\" alt=\"\" width=\"413\" height=\"260\" \/><\/p>\n<h3>(2) Maskinbearbetning<\/h3>\n<p>Bearbetningsverkstaden \u00e4r utrustad med en specialanpassad svarvcentral f\u00f6r lutande r\u00e4ls, bearbetningscenter, h\u00f6ghastighetsh\u00f6nsmaskin, svetsrobot och annan relaterad utrustning, som kan hantera bearbetning av cylinderr\u00f6r med en maximal innerdiameter p\u00e5 400 mm och en maximal l\u00e4ngd p\u00e5 6 meter.<\/p>\n<p><img loading=\"lazy\" decoding=\"async\" class=\"alignnone wp-image-628 size-large\" src=\"https:\/\/hydraulic-cylinders.net\/wp-content\/uploads\/2023\/08\/hydraulic-cylinder-product-3-1024x391.webp\" alt=\"\" width=\"1024\" height=\"391\" srcset=\"https:\/\/hydraulic-cylinders.net\/wp-content\/uploads\/2023\/08\/hydraulic-cylinder-product-3-980x374.webp 980w, https:\/\/hydraulic-cylinders.net\/wp-content\/uploads\/2023\/08\/hydraulic-cylinder-product-3-480x183.webp 480w\" sizes=\"(min-width: 0px) and (max-width: 480px) 480px, (min-width: 481px) and (max-width: 980px) 980px, (min-width: 981px) 1024px, 100vw\" \/><\/p>\n<h3>(3) Svetsning<\/h3>\n<p><img loading=\"lazy\" decoding=\"async\" class=\"alignnone wp-image-629 size-large\" src=\"https:\/\/hydraulic-cylinders.net\/wp-content\/uploads\/2023\/08\/hydraulic-cylinder-product-4-1024x510.webp\" alt=\"\" width=\"1024\" height=\"510\" srcset=\"https:\/\/hydraulic-cylinders.net\/wp-content\/uploads\/2023\/08\/hydraulic-cylinder-product-4-980x488.webp 980w, https:\/\/hydraulic-cylinders.net\/wp-content\/uploads\/2023\/08\/hydraulic-cylinder-product-4-480x239.webp 480w\" sizes=\"(min-width: 0px) and (max-width: 480px) 480px, (min-width: 481px) and (max-width: 980px) 980px, (min-width: 981px) 1024px, 100vw\" \/><\/p>\n<h3>(4) M\u00e5lning och ytbehandling<\/h3>\n<p>Med sm\u00e5 och medelstora cylindriska automatiska vattenbaserade f\u00e4rgbel\u00e4ggningslinjer, f\u00f6r att uppn\u00e5 automatisk robotlastning och lossning samt automatisk sprutning, \u00e4r den designade kapaciteten 4000 stycken per skift;<br \/>\nVi har \u00e4ven en halvautomatisk f\u00e4rgproduktionslinje f\u00f6r stora cylindrar som drivs av en sl\u00e4pkedja, med en designkapacitet p\u00e5 60 l\u00e5dor per skift.<\/p>\n<p><img loading=\"lazy\" decoding=\"async\" class=\"alignnone wp-image-630\" src=\"https:\/\/hydraulic-cylinders.net\/wp-content\/uploads\/2023\/08\/hydraulic-cylinder-product-5-300x213.webp\" alt=\"\" width=\"366\" height=\"260\" \/> <img loading=\"lazy\" decoding=\"async\" class=\"alignnone wp-image-631\" src=\"https:\/\/hydraulic-cylinders.net\/wp-content\/uploads\/2023\/08\/hydraulic-cylinder-product-6-300x225.webp\" alt=\"\" width=\"347\" height=\"260\" \/><\/p>\n<h3>(5) Testning<\/h3>\n<p>Vi har f\u00f6rstklassiga inspektionsanl\u00e4ggningar och testb\u00e4ddar f\u00f6r att s\u00e4kerst\u00e4lla att cylinderns prestanda uppfyller kraven.<\/p>\n<p><img loading=\"lazy\" decoding=\"async\" class=\"alignnone wp-image-632\" src=\"https:\/\/hydraulic-cylinders.net\/wp-content\/uploads\/2023\/08\/hydraulic-cylinder-product-8-300x200.webp\" alt=\"\" width=\"389\" height=\"260\" \/><\/p>\n<p>&nbsp;<\/p>\n<p>&nbsp;<\/p>\n<p>Vi \u00e4r en av de b\u00e4sta tillverkarna av kompakta hydraulcylindrar. Vi kan erbjuda ett komplett lager av kompakta hydraulcylindrar. Vi tillhandah\u00e5ller \u00e4ven motsvarande <a href=\"https:\/\/hzpt.com\/agricultural-pto-gearbox\/\" target=\"_blank\" rel=\"noopener\">jordbruksv\u00e4xell\u00e5dor<\/a>Vi har exporterat v\u00e5ra produkter till kunder \u00f6ver hela v\u00e4rlden och f\u00e5tt ett gott rykte tack vare v\u00e5r \u00f6verl\u00e4gsna produktkvalitet och kundservice. Vi v\u00e4lkomnar kunder b\u00e5de hemma och utomlands att kontakta oss f\u00f6r att f\u00f6rhandla aff\u00e4rer, utbyta information och <a href=\"https:\/\/www.hydraulic-cylinders.net\/sv\/contact-us\/\">samarbeta med oss<\/a>!<\/p>\n<h2><\/h2>\n<h1 style=\"text-align: center;\"><\/h1>","protected":false},"excerpt":{"rendered":"<p>50-100 Double Acting Double Axis MDC Series Compact Mold Cylinder The double-acting, double-axis MDC Series compact mold cylinder is an innovative hydraulic cylinder explicitly designed for die applications. With its advanced features, reliable performance, and compact design, this cylinder offers superior functionality and efficiency in various industrial environments. Whether used in injection molding machines, die-casting [&hellip;]<\/p>","protected":false},"featured_media":1425,"comment_status":"open","ping_status":"closed","template":"","meta":{"_et_pb_use_builder":"","_et_pb_old_content":"","_et_gb_content_width":""},"product_brand":[],"product_cat":[1550,1523,1376],"product_tag":[1380],"class_list":{"0":"post-1423","1":"product","2":"type-product","3":"status-publish","4":"has-post-thumbnail","6":"product_cat-double-acting-hydraulic-cylinder","7":"product_cat-injection-molding-hydraulic-cylinders","8":"product_cat-hydraulic-cylinder","9":"product_tag-hydraulic-cylinder","11":"first","12":"instock","13":"shipping-taxable","14":"product-type-simple"},"amp_enabled":true,"_links":{"self":[{"href":"https:\/\/www.hydraulic-cylinders.net\/sv\/wp-json\/wp\/v2\/product\/1423","targetHints":{"allow":["GET"]}}],"collection":[{"href":"https:\/\/www.hydraulic-cylinders.net\/sv\/wp-json\/wp\/v2\/product"}],"about":[{"href":"https:\/\/www.hydraulic-cylinders.net\/sv\/wp-json\/wp\/v2\/types\/product"}],"replies":[{"embeddable":true,"href":"https:\/\/www.hydraulic-cylinders.net\/sv\/wp-json\/wp\/v2\/comments?post=1423"}],"wp:featuredmedia":[{"embeddable":true,"href":"https:\/\/www.hydraulic-cylinders.net\/sv\/wp-json\/wp\/v2\/media\/1425"}],"wp:attachment":[{"href":"https:\/\/www.hydraulic-cylinders.net\/sv\/wp-json\/wp\/v2\/media?parent=1423"}],"wp:term":[{"taxonomy":"product_brand","embeddable":true,"href":"https:\/\/www.hydraulic-cylinders.net\/sv\/wp-json\/wp\/v2\/product_brand?post=1423"},{"taxonomy":"product_cat","embeddable":true,"href":"https:\/\/www.hydraulic-cylinders.net\/sv\/wp-json\/wp\/v2\/product_cat?post=1423"},{"taxonomy":"product_tag","embeddable":true,"href":"https:\/\/www.hydraulic-cylinders.net\/sv\/wp-json\/wp\/v2\/product_tag?post=1423"}],"curies":[{"name":"wp","href":"https:\/\/api.w.org\/{rel}","templated":true}]}}