{"id":1426,"date":"2023-09-18T08:57:49","date_gmt":"2023-09-18T08:57:49","guid":{"rendered":"https:\/\/hydraulic-cylinders.net\/?post_type=product&#038;p=1426"},"modified":"2025-04-11T03:49:46","modified_gmt":"2025-04-11T03:49:46","slug":"50-100-double-acting-single-axis-mdc-series-compact-mold-cylinder","status":"publish","type":"product","link":"https:\/\/www.hydraulic-cylinders.net\/sv\/produkt\/50-100-double-acting-single-axis-mdc-series-compact-mold-cylinder\/","title":{"rendered":"50-100 Dubbelverkande enaxlig MDC-serie kompakt formcylinder"},"content":{"rendered":"<h1 style=\"text-align: center;\"><strong>50-100 Dubbelverkande enaxlig MDC-serie kompakt formcylinder<\/strong><\/h1>\n<p>Den dubbelverkande enaxlade kompakta formcylindern i MDC-serien \u00e4r en avancerad hydraulcylinder som \u00e4r speciellt utformad f\u00f6r formsprutningstill\u00e4mpningar. Med sina innovativa funktioner, tillf\u00f6rlitliga prestanda och kompakta design erbjuder denna cylinder \u00f6verl\u00e4gsen funktionalitet och effektivitet i en m\u00e4ngd olika industriella milj\u00f6er. Oavsett om den anv\u00e4nds i formsprutningsmaskiner, pressgjutningsutrustning eller andra formsprutningsrelaterade till\u00e4mpningar, ger de dubbelverkande enaxlade kompakta formcylindrarna i MDC-serien exakt kontroll och optimal produktivitet.<\/p>\n<p>\u00b7 MDC \u00e4r en kompakt hydraulcylinder (cx) med en elbox och kolvst\u00e5ng f\u00f6r att noggrant styra formens neutronposition.<br \/>\n\u00b7 Hydraulcylinder l\u00e4mplig f\u00f6r anv\u00e4ndning i plastgjutningar.<\/p>\n<p><img loading=\"lazy\" decoding=\"async\" class=\"aligncenter wp-image-323260\" src=\"https:\/\/hzpt.com\/wp-content\/uploads\/2023\/09\/mdc-compact-hydraulic-cylinder-9.webp\" alt=\"dubbelverkande enaxlig kompakt formcylinder\" width=\"400\" height=\"400\" \/><\/p>\n<h2><strong>Beskrivning av kompakt formcylindermodell:<\/strong><\/h2>\n<p><img loading=\"lazy\" decoding=\"async\" class=\"alignnone size-full wp-image-323234\" src=\"https:\/\/hzpt.com\/wp-content\/uploads\/2023\/09\/mdc-compact-hydraulic-cylinder-2.webp\" alt=\"\" width=\"966\" height=\"882\" \/><\/p>\n<h2><strong>Kompakt formcylinders egenskaper:<\/strong><\/h2>\n<p><img loading=\"lazy\" decoding=\"async\" class=\"alignnone size-full wp-image-323236\" src=\"https:\/\/hzpt.com\/wp-content\/uploads\/2023\/09\/mdc-compact-hydraulic-cylinder-3-1.webp\" alt=\"\" width=\"899\" height=\"262\" \/><\/p>\n<h2><strong>Diagram \u00f6ver kompakt formcylinderstruktur:<\/strong><\/h2>\n<p><img loading=\"lazy\" decoding=\"async\" class=\"alignnone size-full wp-image-323250\" src=\"https:\/\/hzpt.com\/wp-content\/uploads\/2023\/09\/mdc-compact-hydraulic-cylinder-4-1.webp\" alt=\"\" width=\"737\" height=\"808\" \/><\/p>\n<h2><strong>Storleksdiagram f\u00f6r kolvst\u00e5ngsanslutning:<\/strong><\/h2>\n<p><img loading=\"lazy\" decoding=\"async\" class=\"alignnone size-large wp-image-323239\" src=\"https:\/\/hzpt.com\/wp-content\/uploads\/2023\/09\/mdc-compact-hydraulic-cylinder-5-787x1024.webp\" alt=\"\" width=\"787\" height=\"1024\" \/><\/p>\n<h2><strong>Elboxens sp\u00e4nnes position, oljeportens position och distributionsuttagets position:<\/strong><\/h2>\n<p><img loading=\"lazy\" decoding=\"async\" class=\"alignnone size-large wp-image-323241\" src=\"https:\/\/hzpt.com\/wp-content\/uploads\/2023\/09\/mdc-compact-hydraulic-cylinder-6-616x1024.webp\" alt=\"\" width=\"616\" height=\"1024\" \/><\/p>\n<h2><strong>50-100 Dubbelverkande Enkelaxlig MDC-serie Kompakt Formcylinder Parameter:<\/strong><\/h2>\n<p><img loading=\"lazy\" decoding=\"async\" class=\"alignnone size-large wp-image-323264\" src=\"https:\/\/hzpt.com\/wp-content\/uploads\/2023\/09\/mdc-compact-hydraulic-cylinder-9-1-1-857x1024.webp\" alt=\"\" width=\"857\" height=\"1024\" \/><\/p>\n<h2><strong>50-100 Dubbelverkande enaxlig MDC-serie kompakt formcylinder <\/strong><strong>Viktiga egenskaper och f\u00f6rdelar<\/strong><strong>:<\/strong><\/h2>\n<ol>\n<li><strong>Dubbelverkande design:<\/strong>\n<ul>\n<li>De dubbelverkande, achaxlade kompaktcylindrarna i MDC-serien arbetar i b\u00e5da riktningarna, vilket m\u00f6jligg\u00f6r tv\u00e5v\u00e4gsr\u00f6relse.<\/li>\n<li>Denna design kan effektivt och noggrant styra formens \u00f6ppnings- och st\u00e4ngningsfunktion och f\u00f6rb\u00e4ttra operationens flexibilitet.<\/li>\n<\/ul>\n<\/li>\n<li><strong>Konfiguration med en axel:<\/strong>\n<ul>\n<li>Denna cylinder \u00e4r konstruerad f\u00f6r enaxlig r\u00f6relse, vilket ger en rak r\u00f6relse i en enda riktning.<\/li>\n<li>Den enaxliga konfigurationen f\u00f6renklar installation och drift, vilket g\u00f6r den l\u00e4mplig f\u00f6r olika verktygstill\u00e4mpningar.<\/li>\n<\/ul>\n<\/li>\n<li><strong>Kompakt och platsbesparande:<\/strong>\n<ul>\n<li>MDC-seriens kompakta formcylindrars kompakta design optimerar formsystemets utrymmesutnyttjande med begr\u00e4nsat fritt utrymme.<\/li>\n<li>Dess platsbesparande struktur kan enkelt integreras i tr\u00e5nga utrymmen, vilket s\u00e4kerst\u00e4ller effektiv anv\u00e4ndning av tillg\u00e4nglig arbetsyta.<\/li>\n<\/ul>\n<\/li>\n<li><strong>H\u00f6g precision och stabilitet:<\/strong>\n<ul>\n<li>Cylindern ger exakt och stabil r\u00f6relse, vilket s\u00e4kerst\u00e4ller noggrann kontroll av formens r\u00f6relse under tillverkningen.<\/li>\n<li>Det ger konsekventa och repeterbara resultat som i slut\u00e4ndan bidrar till h\u00f6gkvalitativ produktion och minskat avfall.<\/li>\n<\/ul>\n<\/li>\n<\/ol>\n<h2><strong>Hur sv\u00e5rt \u00e4r det att renovera en hydraulcylinder?<\/strong><\/h2>\n<p>Att renovera en hydraulcylinder kan vara en komplex uppgift som kr\u00e4ver mekanisk kunskap, erfarenhet och r\u00e4tt verktyg. Sv\u00e5righetsgraden i processen kan variera beroende p\u00e5 cylinderns specifika design och skick. H\u00e4r \u00e4r n\u00e5gra faktorer att beakta:<\/p>\n<ol>\n<li><strong>Expertis och erfarenhet:<\/strong><br \/>\nAtt renovera en hydraulcylinder kr\u00e4ver god f\u00f6rst\u00e5else f\u00f6r dess komponenter, funktionalitet och montering. Processen kan vara mer hanterbar om du har erfarenhet av att arbeta med hydrauliska system eller tidigare har renoverat hydraulcylindrar. Men om du \u00e4r nyb\u00f6rjare p\u00e5 hydrauliska system rekommenderas det att s\u00f6ka professionell hj\u00e4lp eller v\u00e4gledning.<\/li>\n<li><strong>Cylinderdesign:<\/strong><br \/>\nKomplexiteten i att renovera en hydraulcylinder kan bero p\u00e5 dess design. Vissa cylindrar har en enklare konstruktion med f\u00e4rre interna komponenter, vilket g\u00f6r dem relativt enklare att renovera. Mer avancerade tekniker, s\u00e5som de med flera steg eller integrerade funktioner, kan dock vara mer komplicerade och utmanande att demontera, t\u00e4ta och montera korrekt.<\/li>\n<li><strong>Cylinderns skick:<\/strong><br \/>\nHydraulcylinderns allm\u00e4nna skick p\u00e5verkar ocks\u00e5 renoveringsprocessen. Om cylindern har allvarliga skador, omfattande slitage eller korrosion kan den kr\u00e4va ytterligare reparationer eller utbyte av delar, vilket kan g\u00f6ra renoveringen mer komplex. Att bed\u00f6ma cylinderns skick i f\u00f6rv\u00e4g hj\u00e4lper till att avg\u00f6ra vilken arbetsniv\u00e5 som beh\u00f6vs.<\/li>\n<li><strong>Verktyg och utrustning:<\/strong><br \/>\nAtt renovera en hydraulcylinder kr\u00e4ver ofta specialverktyg och utrustning. Dessa inkluderar hydraulpressar, verktyg f\u00f6r t\u00e4tningsinstallation, l\u00e5sringst\u00e4nger och momentnycklar. Att ha n\u00f6dv\u00e4ndiga verktyg och veta hur man anv\u00e4nder dem korrekt \u00e4r avg\u00f6rande f\u00f6r en lyckad renovering.<\/li>\n<li><strong>Byte och montering av t\u00e4tning:<\/strong><br \/>\nEtt av de viktigaste stegen vid ombyggnad av en hydraulcylinder \u00e4r att byta ut t\u00e4tningarna. Att s\u00e4kerst\u00e4lla korrekt val och installation av t\u00e4tningar \u00e4r avg\u00f6rande f\u00f6r korrekt funktion och f\u00f6r att f\u00f6rhindra l\u00e4ckage. Det kr\u00e4ver precision och noggrannhet. Dessutom \u00e4r det avg\u00f6rande att montera cylinderkomponenterna i r\u00e4tt ordning och uppriktning f\u00f6r optimal prestanda.<\/li>\n<li><strong>Testning och verifiering:<\/strong><br \/>\nEfter ombyggnad av hydraulcylindern \u00e4r det viktigt att utf\u00f6ra noggranna tester f\u00f6r att s\u00e4kerst\u00e4lla att den fungerar som avsett. Detta kan inneb\u00e4ra trycktestning, kontroll av l\u00e4ckor och verifiering av cylinderns r\u00f6relseomf\u00e5ng och prestanda. Korrekt testning hj\u00e4lper till att identifiera problem och s\u00e4kerst\u00e4ller att cylindern \u00e4r s\u00e4ker och tillf\u00f6rlitlig.<\/li>\n<\/ol>\n<h2><strong>Fabrikens kapacitet och kapacitet:<\/strong><\/h2>\n<h3>(1) Montering<\/h3>\n<p>Vi har en f\u00f6rstklassig oberoende forsknings- och utvecklingsplattform. Verkstaden f\u00f6r tillverkning av hydraulcylindrar har fyra halvautomatiska monteringslinjer f\u00f6r lyftcylindrar och en automatisk monteringslinje f\u00f6r tiltcylindrar, med en planerad \u00e5rlig produktionskapacitet p\u00e5 1 miljon enheter. Specialcylinderverkstaden \u00e4r utrustad med olika specifikationer f\u00f6r ett halvautomatiskt reng\u00f6ringsmonteringssystem med en planerad \u00e5rlig produktionskapacitet p\u00e5 200 000 och utrustad med k\u00e4nd CNC-bearbetningsutrustning, ett fleroperationscenter, en specialutrustning f\u00f6r h\u00f6gprecisionscylindrar, en robotsvetsmaskin, en automatisk reng\u00f6ringsmaskin, en automatisk cylindermonteringsmaskin och en automatisk produktionslinje f\u00f6r m\u00e5lning. Befintlig kritisk utrustning p\u00e5 mer \u00e4n 300 set (set). Optimal allokering och effektiv anv\u00e4ndning av utrustningsresurser s\u00e4kerst\u00e4ller produkternas noggrannhetskrav och uppfyller produkternas h\u00f6ga kvalitetsbehov.<\/p>\n<p><img loading=\"lazy\" decoding=\"async\" class=\"alignnone wp-image-626\" src=\"https:\/\/hydraulic-cylinders.net\/wp-content\/uploads\/2023\/08\/hydraulic-cylinder-product-1-300x158.webp\" alt=\"\" width=\"495\" height=\"260\" srcset=\"https:\/\/hydraulic-cylinders.net\/wp-content\/uploads\/2023\/08\/hydraulic-cylinder-product-1-300x158.webp 495w, https:\/\/hydraulic-cylinders.net\/wp-content\/uploads\/2023\/08\/hydraulic-cylinder-product-1-480x252.webp 480w\" sizes=\"(min-width: 0px) and (max-width: 480px) 480px, (min-width: 481px) 495px, 100vw\" \/> <img loading=\"lazy\" decoding=\"async\" class=\"alignnone wp-image-627\" src=\"https:\/\/hydraulic-cylinders.net\/wp-content\/uploads\/2023\/08\/hydraulic-cylinder-product-2-300x189.webp\" alt=\"\" width=\"413\" height=\"260\" \/><\/p>\n<h3>(2) Maskinbearbetning<\/h3>\n<p>Bearbetningsverkstaden \u00e4r utrustad med en specialanpassad svarvcentral f\u00f6r lutande r\u00e4ls, bearbetningscenter, h\u00f6ghastighetsh\u00f6nsmaskin, svetsrobot och annan relaterad utrustning, som kan hantera bearbetning av cylinderr\u00f6r med en maximal innerdiameter p\u00e5 400 mm och en maximal l\u00e4ngd p\u00e5 6 meter.<\/p>\n<p><img loading=\"lazy\" decoding=\"async\" class=\"alignnone wp-image-628 size-large\" src=\"https:\/\/hydraulic-cylinders.net\/wp-content\/uploads\/2023\/08\/hydraulic-cylinder-product-3-1024x391.webp\" alt=\"\" width=\"1024\" height=\"391\" srcset=\"https:\/\/hydraulic-cylinders.net\/wp-content\/uploads\/2023\/08\/hydraulic-cylinder-product-3-980x374.webp 980w, https:\/\/hydraulic-cylinders.net\/wp-content\/uploads\/2023\/08\/hydraulic-cylinder-product-3-480x183.webp 480w\" sizes=\"(min-width: 0px) and (max-width: 480px) 480px, (min-width: 481px) and (max-width: 980px) 980px, (min-width: 981px) 1024px, 100vw\" \/><\/p>\n<h3>(3) Svetsning<\/h3>\n<p><img loading=\"lazy\" decoding=\"async\" class=\"alignnone wp-image-629 size-large\" src=\"https:\/\/hydraulic-cylinders.net\/wp-content\/uploads\/2023\/08\/hydraulic-cylinder-product-4-1024x510.webp\" alt=\"\" width=\"1024\" height=\"510\" srcset=\"https:\/\/hydraulic-cylinders.net\/wp-content\/uploads\/2023\/08\/hydraulic-cylinder-product-4-980x488.webp 980w, https:\/\/hydraulic-cylinders.net\/wp-content\/uploads\/2023\/08\/hydraulic-cylinder-product-4-480x239.webp 480w\" sizes=\"(min-width: 0px) and (max-width: 480px) 480px, (min-width: 481px) and (max-width: 980px) 980px, (min-width: 981px) 1024px, 100vw\" \/><\/p>\n<h3>(4) M\u00e5lning och ytbehandling<\/h3>\n<p>Med sm\u00e5 och medelstora cylindriska automatiska vattenbaserade f\u00e4rgbel\u00e4ggningslinjer, f\u00f6r att uppn\u00e5 automatisk robotlastning och lossning samt automatisk sprutning, \u00e4r den designade kapaciteten 4000 stycken per skift;<br \/>\nVi har \u00e4ven en halvautomatisk f\u00e4rgproduktionslinje f\u00f6r stora cylindrar som drivs av en sl\u00e4pkedja, med en designkapacitet p\u00e5 60 l\u00e5dor per skift.<\/p>\n<p><img loading=\"lazy\" decoding=\"async\" class=\"alignnone wp-image-630\" src=\"https:\/\/hydraulic-cylinders.net\/wp-content\/uploads\/2023\/08\/hydraulic-cylinder-product-5-300x213.webp\" alt=\"\" width=\"366\" height=\"260\" \/> <img loading=\"lazy\" decoding=\"async\" class=\"alignnone wp-image-631\" src=\"https:\/\/hydraulic-cylinders.net\/wp-content\/uploads\/2023\/08\/hydraulic-cylinder-product-6-300x225.webp\" alt=\"\" width=\"347\" height=\"260\" \/><\/p>\n<h3>(5) Testning<\/h3>\n<p>Vi har f\u00f6rstklassiga inspektionsanl\u00e4ggningar och testb\u00e4ddar f\u00f6r att s\u00e4kerst\u00e4lla att cylinderns prestanda uppfyller kraven.<\/p>\n<p><img loading=\"lazy\" decoding=\"async\" class=\"alignnone wp-image-632\" src=\"https:\/\/hydraulic-cylinders.net\/wp-content\/uploads\/2023\/08\/hydraulic-cylinder-product-8-300x200.webp\" alt=\"\" width=\"389\" height=\"260\" \/><\/p>\n<p>&nbsp;<\/p>\n<p>&nbsp;<\/p>\n<p>Vi \u00e4r en av de b\u00e4sta tillverkarna av kompakta hydraulcylindrar. Vi kan erbjuda ett komplett lager av kompakta hydraulcylindrar. Vi tillhandah\u00e5ller \u00e4ven motsvarande <a href=\"https:\/\/hzpt.com\/agricultural-pto-gearbox\/\" target=\"_blank\" rel=\"noopener\">jordbruksv\u00e4xell\u00e5dor<\/a>Vi har exporterat v\u00e5ra produkter till kunder \u00f6ver hela v\u00e4rlden och f\u00e5tt ett gott rykte tack vare v\u00e5r \u00f6verl\u00e4gsna produktkvalitet och kundservice. Vi v\u00e4lkomnar kunder b\u00e5de hemma och utomlands att kontakta oss f\u00f6r att f\u00f6rhandla aff\u00e4rer, utbyta information och <a href=\"https:\/\/www.hydraulic-cylinders.net\/sv\/contact-us\/\">samarbeta med oss<\/a>!<\/p>\n<h2><\/h2>\n<h1 style=\"text-align: center;\"><\/h1>","protected":false},"excerpt":{"rendered":"<p>50-100 Double Acting Single Axis MDC Series Compact Mold Cylinder The double acting single axis MDC Series compact mold cylinder is an advanced hydraulic cylinder designed specifically for die applications. With its innovative features, reliable performance and compact design, this cylinder offers superior functionality and efficiency in a variety of industrial environments. Whether used in [&hellip;]<\/p>","protected":false},"featured_media":1427,"comment_status":"open","ping_status":"closed","template":"","meta":{"_et_pb_use_builder":"","_et_pb_old_content":"","_et_gb_content_width":""},"product_brand":[],"product_cat":[1550,1523,1376],"product_tag":[1380],"class_list":{"0":"post-1426","1":"product","2":"type-product","3":"status-publish","4":"has-post-thumbnail","6":"product_cat-double-acting-hydraulic-cylinder","7":"product_cat-injection-molding-hydraulic-cylinders","8":"product_cat-hydraulic-cylinder","9":"product_tag-hydraulic-cylinder","11":"first","12":"instock","13":"shipping-taxable","14":"product-type-simple"},"amp_enabled":true,"_links":{"self":[{"href":"https:\/\/www.hydraulic-cylinders.net\/sv\/wp-json\/wp\/v2\/product\/1426","targetHints":{"allow":["GET"]}}],"collection":[{"href":"https:\/\/www.hydraulic-cylinders.net\/sv\/wp-json\/wp\/v2\/product"}],"about":[{"href":"https:\/\/www.hydraulic-cylinders.net\/sv\/wp-json\/wp\/v2\/types\/product"}],"replies":[{"embeddable":true,"href":"https:\/\/www.hydraulic-cylinders.net\/sv\/wp-json\/wp\/v2\/comments?post=1426"}],"wp:featuredmedia":[{"embeddable":true,"href":"https:\/\/www.hydraulic-cylinders.net\/sv\/wp-json\/wp\/v2\/media\/1427"}],"wp:attachment":[{"href":"https:\/\/www.hydraulic-cylinders.net\/sv\/wp-json\/wp\/v2\/media?parent=1426"}],"wp:term":[{"taxonomy":"product_brand","embeddable":true,"href":"https:\/\/www.hydraulic-cylinders.net\/sv\/wp-json\/wp\/v2\/product_brand?post=1426"},{"taxonomy":"product_cat","embeddable":true,"href":"https:\/\/www.hydraulic-cylinders.net\/sv\/wp-json\/wp\/v2\/product_cat?post=1426"},{"taxonomy":"product_tag","embeddable":true,"href":"https:\/\/www.hydraulic-cylinders.net\/sv\/wp-json\/wp\/v2\/product_tag?post=1426"}],"curies":[{"name":"wp","href":"https:\/\/api.w.org\/{rel}","templated":true}]}}