{"id":1479,"date":"2023-09-26T06:16:33","date_gmt":"2023-09-26T06:16:33","guid":{"rendered":"https:\/\/hydraulic-cylinders.net\/?post_type=product&#038;p=1479"},"modified":"2025-04-11T03:41:35","modified_gmt":"2025-04-11T03:41:35","slug":"small-excavator-bucket-cylinder","status":"publish","type":"product","link":"https:\/\/www.hydraulic-cylinders.net\/sv\/produkt\/small-excavator-bucket-cylinder\/","title":{"rendered":"Liten gr\u00e4vmaskins skopa cylinder"},"content":{"rendered":"<h1 style=\"text-align: center;\"><strong>Liten gr\u00e4vmaskins skopa cylinder<\/strong><\/h1>\n<p><img loading=\"lazy\" decoding=\"async\" class=\"aligncenter wp-image-1480\" src=\"https:\/\/hydraulic-cylinders.net\/wp-content\/uploads\/2023\/09\/bucket-cylinder-1-300x300.webp\" alt=\"\" width=\"400\" height=\"400\" \/><\/p>\n<p>Skopscylindern f\u00f6r sm\u00e5 gr\u00e4vmaskiner \u00e4r en h\u00f6gpresterande hydraulisk komponent som \u00e4r utformad f\u00f6r att optimera sm\u00e5 gr\u00e4vmaskiners gr\u00e4v- och lyftkapacitet. Med sin kompakta storlek och robusta konstruktion erbjuder denna cylinder exceptionell styrka, precision och h\u00e5llbarhet.<\/p>\n<p>Den lilla gr\u00e4vmaskinscylindern \u00e4r en robust och p\u00e5litlig hydraulisk komponent som f\u00f6rb\u00e4ttrar effektiviteten och m\u00e5ngsidigheten hos sm\u00e5 gr\u00e4vmaskiner. Med sin kompakta design, h\u00f6ga lyftkapacitet och exakta kontroll g\u00f6r denna cylinder det m\u00f6jligt f\u00f6r operat\u00f6rer att snabbt och exakt hantera olika gr\u00e4vuppgifter. Genom att f\u00f6lja de rekommenderade anv\u00e4ndningsmetoderna och underh\u00e5llspraxisen kan operat\u00f6rerna s\u00e4kerst\u00e4lla optimal prestanda och livsl\u00e4ngd f\u00f6r den lilla gr\u00e4vmaskinscylindern, vilket resulterar i \u00f6kad produktivitet och framg\u00e5ngsrikt slutf\u00f6rande av bygg- och gr\u00e4vprojekt. Investera i denna exceptionella hydraulcylinder f\u00f6r att h\u00f6ja din lilla gr\u00e4vmaskins kapacitet och uppn\u00e5 \u00f6verl\u00e4gsna resultat i dina gr\u00e4v- och lyftoperationer.<\/p>\n<p>Viktiga egenskaper f\u00f6r skopa f\u00f6r liten gr\u00e4vmaskin:<\/p>\n<ol>\n<li>Kompakt design och l\u00e4tt konstruktion<\/li>\n<\/ol>\n<ul>\n<li>Skopscylindern f\u00f6r sm\u00e5 gr\u00e4vmaskiner \u00e4r speciellt konstruerad f\u00f6r sm\u00e5 gr\u00e4vmaskiner, vilket s\u00e4kerst\u00e4ller perfekt passform och optimal prestanda.<\/li>\n<li>Dess kompakta design och l\u00e4tta konstruktion minimerar gr\u00e4vmaskinens totala vikt, vilket f\u00f6rb\u00e4ttrar man\u00f6vrerbarheten och br\u00e4nsleeffektiviteten.<\/li>\n<\/ul>\n<ol start=\"2\">\n<li>H\u00f6g lyftkapacitet och gr\u00e4vkraft<\/li>\n<\/ol>\n<ul>\n<li>Trots sin lilla storlek levererar cylindern imponerande lyftkapacitet och gr\u00e4vkraft, vilket m\u00f6jligg\u00f6r effektiv gr\u00e4vning och materialhantering.<\/li>\n<li>Det g\u00f6r att gr\u00e4vmaskinen kan hantera en m\u00e4ngd olika uppgifter, fr\u00e5n att gr\u00e4va diken till att r\u00f6ja skr\u00e4p, snabbt och exakt.<\/li>\n<\/ul>\n<ol start=\"3\">\n<li>Smidig drift och exakt kontroll<\/li>\n<\/ol>\n<ul>\n<li>Cylinderns avancerade hydraulsystem s\u00e4kerst\u00e4ller smidig och exakt drift, vilket m\u00f6jligg\u00f6r exakt skoppositionering f\u00f6r effektiv gr\u00e4vning och lastning.<\/li>\n<li>Den erbjuder utm\u00e4rkt kontroll \u00f6ver gr\u00e4vmaskinens r\u00f6relser, vilket g\u00f6r att f\u00f6rarna kan arbeta i tr\u00e5nga utrymmen och uppn\u00e5 optimala resultat.<\/li>\n<\/ul>\n<ol start=\"4\">\n<li>Robust konstruktion och h\u00e5llbarhet<\/li>\n<\/ol>\n<ul>\n<li>Den lilla gr\u00e4vmaskinscylindern \u00e4r byggd med h\u00f6gkvalitativa material och rigor\u00f6sa tillverkningsstandarder och uppvisar exceptionell styrka och h\u00e5llbarhet.<\/li>\n<li>Den klarar kr\u00e4vande arbetsf\u00f6rh\u00e5llanden, inklusive tung gr\u00e4vning och frekvent anv\u00e4ndning, vilket s\u00e4kerst\u00e4ller p\u00e5litlig prestanda under en l\u00e4ngre livsl\u00e4ngd.<\/li>\n<\/ul>\n<h2><strong>Parameter f\u00f6r liten gr\u00e4vmaskins skopa:<\/strong><\/h2>\n<table border=\"1\" cellspacing=\"0\" cellpadding=\"0\">\n<tbody>\n<tr>\n<td>Produktnamn<\/td>\n<td>Liten gr\u00e4vmaskins skopa cylinder<\/td>\n<\/tr>\n<tr>\n<td>Drag:<\/td>\n<td>Kontrollera hinkens handling<\/td>\n<\/tr>\n<tr>\n<td>Borrdiameter:<\/td>\n<td>50 mm\uff5e105 mm<\/td>\n<\/tr>\n<tr>\n<td>St\u00e5ngdiameter:<\/td>\n<td>25 mm\uff5e70 mm<br \/>\nSlagl\u00e4ngd\u22641000 mm<\/td>\n<\/tr>\n<tr>\n<td>Tryckkraft:<\/td>\n<td>Maximalt 255 kN<\/td>\n<\/tr>\n<tr>\n<td>Borrdiameter:<\/td>\n<td>105 mm\/tryck 29,4 MPa<\/td>\n<\/tr>\n<\/tbody>\n<\/table>\n<h2><strong>Identifieringsdiagram f\u00f6r skopa f\u00f6r liten gr\u00e4vmaskin:<\/strong><\/h2>\n<p><img loading=\"lazy\" decoding=\"async\" class=\"alignnone wp-image-1481 size-full\" src=\"https:\/\/hydraulic-cylinders.net\/wp-content\/uploads\/2023\/09\/bucket-cylinder-construction.webp\" alt=\"\" width=\"1481\" height=\"988\" srcset=\"https:\/\/hydraulic-cylinders.net\/wp-content\/uploads\/2023\/09\/bucket-cylinder-construction.webp 1481w, https:\/\/hydraulic-cylinders.net\/wp-content\/uploads\/2023\/09\/bucket-cylinder-construction-1280x854.webp 1280w, https:\/\/hydraulic-cylinders.net\/wp-content\/uploads\/2023\/09\/bucket-cylinder-construction-980x654.webp 980w, https:\/\/hydraulic-cylinders.net\/wp-content\/uploads\/2023\/09\/bucket-cylinder-construction-480x320.webp 480w\" sizes=\"(min-width: 0px) and (max-width: 480px) 480px, (min-width: 481px) and (max-width: 980px) 980px, (min-width: 981px) and (max-width: 1280px) 1280px, (min-width: 1281px) 1481px, 100vw\" \/><\/p>\n<h2><strong>Underh\u00e5ll av liten gr\u00e4vmaskins skopa cylinder:<\/strong><\/h2>\n<ol>\n<li><strong>Regelbundna inspektioner<\/strong><\/li>\n<\/ol>\n<ul>\n<li>Utf\u00f6r visuella inspektioner av den lilla gr\u00e4vmaskinens skopcylinder f\u00f6re varje drift f\u00f6r att identifiera eventuella tecken p\u00e5 l\u00e4ckor, skador eller slitage.<\/li>\n<li>Kontrollera hydrauliska anslutningar, t\u00e4tningar och monteringspunkter f\u00f6r \u00e5tdragning och integritet.<\/li>\n<li>Inspektera cylinderst\u00e5ngen och cylinderhuset f\u00f6r tecken p\u00e5 korrosion eller repor.<\/li>\n<\/ul>\n<ol start=\"2\">\n<li><strong>Sm\u00f6rjning och reng\u00f6ring<\/strong><\/li>\n<\/ol>\n<ul>\n<li>F\u00f6lj tillverkarens rekommendationer f\u00f6r sm\u00f6rjintervall och procedurer.<\/li>\n<li>Applicera l\u00e4mpliga sm\u00f6rjmedel p\u00e5 cylinderst\u00e5ngen och t\u00e4tningarna f\u00f6r att minimera friktion och s\u00e4kerst\u00e4lla smidig drift.<\/li>\n<li>Reng\u00f6r cylindern och omgivande komponenter regelbundet f\u00f6r att avl\u00e4gsna smuts, skr\u00e4p och f\u00f6roreningar som p\u00e5verkar prestandan.<\/li>\n<\/ul>\n<ol start=\"3\">\n<li><strong>V\u00e4tske\u00f6vervakning<\/strong><\/li>\n<\/ol>\n<ul>\n<li>Kontrollera regelbundet hydraulv\u00e4tskeniv\u00e5n i gr\u00e4vmaskinens hydraulsystem.<\/li>\n<li>Bibeh\u00e5ll r\u00e4tt v\u00e4tskeniv\u00e5 och kvalitet enligt tillverkarens specifikationer.<\/li>\n<li>\u00d6vervaka hydraulsystemet f\u00f6r eventuella tecken p\u00e5 v\u00e4tskef\u00f6rorening eller nedbrytning och \u00e5tg\u00e4rda dem omedelbart.<\/li>\n<\/ul>\n<ol start=\"4\">\n<li><strong>Professionell service<\/strong><\/li>\n<\/ol>\n<ul>\n<li>Schemal\u00e4gg regelbundet underh\u00e5ll och service med kvalificerade tekniker.<\/li>\n<li>S\u00f6k professionell hj\u00e4lp f\u00f6r eventuella reparationer, utbyten eller fels\u00f6kningsbehov av den lilla gr\u00e4vmaskinens skopcylinder.<\/li>\n<li>F\u00f6lj det rekommenderade underh\u00e5llsschemat f\u00f6r att maximera cylinderns prestanda och livsl\u00e4ngd.<\/li>\n<\/ul>\n<h2><strong>Vilken storlek p\u00e5 cylindern f\u00f6r gr\u00e4vmaskinens tumme?<\/strong><\/h2>\n<p>Storleken p\u00e5 cylindern f\u00f6r en gr\u00e4vmaskins tumme kan variera beroende p\u00e5 gr\u00e4vmaskinens specifika krav och den avsedda anv\u00e4ndningen av tumf\u00e4stet. L\u00e4mplig cylinderstorlek best\u00e4ms vanligtvis genom att beakta faktorer som gr\u00e4vmaskinens driftsvikt, tummens \u00f6nskade lyftkapacitet och kompatibilitet med gr\u00e4vmaskinens hydraulsystem.<\/p>\n<p>F\u00f6r att best\u00e4mma l\u00e4mplig cylinderstorlek f\u00f6r en gr\u00e4vmaskins tumme rekommenderas det att konsultera tillverkaren eller leverant\u00f6ren av tumf\u00e4stet. De kan ge v\u00e4gledning baserat p\u00e5 gr\u00e4vmaskinens specifikationer och tummens avsedda anv\u00e4ndning.<\/p>\n<p>Det \u00e4r v\u00e4rt att notera att gr\u00e4vmaskinens tummar finns i olika storlekar och konfigurationer f\u00f6r att passa olika gr\u00e4vmaskinsmodeller och storlekar. Tumf\u00e4stet best\u00e5r vanligtvis av en central struktur eller ram som monteras p\u00e5 gr\u00e4vmaskinens bom och en hydraulcylinder som ger grip- eller kl\u00e4mfunktionen. Cylinderstorleken b\u00f6r v\u00e4ljas f\u00f6r att s\u00e4kerst\u00e4lla kompatibilitet med tumf\u00e4stet och f\u00f6r att ge den gripkraft som kr\u00e4vs f\u00f6r de avsedda uppgifterna.<\/p>\n<p>N\u00e4r man \u00f6verv\u00e4ger cylinderstorleken f\u00f6r en gr\u00e4vmaskins tumme \u00e4r det viktigt att hitta en balans mellan att ha tillr\u00e4cklig lyftkapacitet och att s\u00e4kerst\u00e4lla att gr\u00e4vmaskinens hydraulsystem kan st\u00f6dja tummens funktion p\u00e5 ett adekvat s\u00e4tt. \u00d6verdimensionering av cylindern kan belasta gr\u00e4vmaskinens hydraulsystem alltf\u00f6r mycket, medan underdimensionering kan resultera i begr\u00e4nsad lyftkapacitet och minskad prestanda.<\/p>\n<p>Sammanfattningsvis b\u00f6r storleken p\u00e5 cylindern f\u00f6r en gr\u00e4vmaskins tumme best\u00e4mmas baserat p\u00e5 faktorer som gr\u00e4vmaskinens driftsvikt, \u00f6nskad lyftkapacitet och kompatibilitet med tumf\u00e4stet och hydraulsystemet. Det rekommenderas att r\u00e5dfr\u00e5ga tillverkaren eller leverant\u00f6ren av tumf\u00e4stet f\u00f6r att s\u00e4kerst\u00e4lla korrekt dimensionering och optimal prestanda.<\/p>\n<h2><strong>Fabrikens kapacitet och kapacitet:<\/strong><\/h2>\n<h3>(1) Montering<\/h3>\n<p>Vi har en f\u00f6rstklassig oberoende forsknings- och utvecklingsplattform. Verkstaden f\u00f6r tillverkning av hydraulcylindrar har fyra halvautomatiska monteringslinjer f\u00f6r lyftcylindrar och en automatisk monteringslinje f\u00f6r tiltcylindrar, med en planerad \u00e5rlig produktionskapacitet p\u00e5 1 miljon enheter. Specialcylinderverkstaden \u00e4r utrustad med olika specifikationer f\u00f6r ett halvautomatiskt reng\u00f6ringsmonteringssystem med en planerad \u00e5rlig produktionskapacitet p\u00e5 200 000 och utrustad med k\u00e4nd CNC-bearbetningsutrustning, ett fleroperationscenter, en specialutrustning f\u00f6r h\u00f6gprecisionscylindrar, en robotsvetsmaskin, en automatisk reng\u00f6ringsmaskin, en automatisk cylindermonteringsmaskin och en automatisk produktionslinje f\u00f6r m\u00e5lning. Befintlig kritisk utrustning p\u00e5 mer \u00e4n 300 set (set). Optimal allokering och effektiv anv\u00e4ndning av utrustningsresurser s\u00e4kerst\u00e4ller produkternas noggrannhetskrav och uppfyller produkternas h\u00f6ga kvalitetsbehov.<\/p>\n<p><img loading=\"lazy\" decoding=\"async\" class=\"alignnone wp-image-626\" src=\"https:\/\/hydraulic-cylinders.net\/wp-content\/uploads\/2023\/08\/hydraulic-cylinder-product-1-300x158.webp\" alt=\"\" width=\"495\" height=\"260\" srcset=\"https:\/\/hydraulic-cylinders.net\/wp-content\/uploads\/2023\/08\/hydraulic-cylinder-product-1-300x158.webp 495w, https:\/\/hydraulic-cylinders.net\/wp-content\/uploads\/2023\/08\/hydraulic-cylinder-product-1-480x252.webp 480w\" sizes=\"(min-width: 0px) and (max-width: 480px) 480px, (min-width: 481px) 495px, 100vw\" \/> <img loading=\"lazy\" decoding=\"async\" class=\"alignnone wp-image-627\" src=\"https:\/\/hydraulic-cylinders.net\/wp-content\/uploads\/2023\/08\/hydraulic-cylinder-product-2-300x189.webp\" alt=\"\" width=\"413\" height=\"260\" \/><\/p>\n<h3>(2) Maskinbearbetning<\/h3>\n<p>Bearbetningsverkstaden \u00e4r utrustad med en specialanpassad svarvcentral f\u00f6r lutande r\u00e4ls, bearbetningscenter, h\u00f6ghastighetsh\u00f6nsmaskin, svetsrobot och annan relaterad utrustning, som kan hantera bearbetning av cylinderr\u00f6r med en maximal innerdiameter p\u00e5 400 mm och en maximal l\u00e4ngd p\u00e5 6 meter.<\/p>\n<p><img loading=\"lazy\" decoding=\"async\" class=\"alignnone wp-image-628 size-large\" src=\"https:\/\/hydraulic-cylinders.net\/wp-content\/uploads\/2023\/08\/hydraulic-cylinder-product-3-1024x391.webp\" alt=\"\" width=\"1024\" height=\"391\" srcset=\"https:\/\/hydraulic-cylinders.net\/wp-content\/uploads\/2023\/08\/hydraulic-cylinder-product-3-980x374.webp 980w, https:\/\/hydraulic-cylinders.net\/wp-content\/uploads\/2023\/08\/hydraulic-cylinder-product-3-480x183.webp 480w\" sizes=\"(min-width: 0px) and (max-width: 480px) 480px, (min-width: 481px) and (max-width: 980px) 980px, (min-width: 981px) 1024px, 100vw\" \/><\/p>\n<h3>(3) Svetsning<\/h3>\n<p><img loading=\"lazy\" decoding=\"async\" class=\"alignnone wp-image-629 size-large\" src=\"https:\/\/hydraulic-cylinders.net\/wp-content\/uploads\/2023\/08\/hydraulic-cylinder-product-4-1024x510.webp\" alt=\"\" width=\"1024\" height=\"510\" srcset=\"https:\/\/hydraulic-cylinders.net\/wp-content\/uploads\/2023\/08\/hydraulic-cylinder-product-4-980x488.webp 980w, https:\/\/hydraulic-cylinders.net\/wp-content\/uploads\/2023\/08\/hydraulic-cylinder-product-4-480x239.webp 480w\" sizes=\"(min-width: 0px) and (max-width: 480px) 480px, (min-width: 481px) and (max-width: 980px) 980px, (min-width: 981px) 1024px, 100vw\" \/><\/p>\n<h3>(4) M\u00e5lning och ytbehandling<\/h3>\n<p>Med sm\u00e5 och medelstora cylindriska automatiska vattenbaserade f\u00e4rgbel\u00e4ggningslinjer, f\u00f6r att uppn\u00e5 automatisk robotlastning och lossning samt automatisk sprutning, \u00e4r den designade kapaciteten 4000 stycken per skift;<br \/>\nVi har \u00e4ven en halvautomatisk f\u00e4rgproduktionslinje f\u00f6r stora cylindrar som drivs av en sl\u00e4pkedja, med en designkapacitet p\u00e5 60 l\u00e5dor per skift.<\/p>\n<p><img loading=\"lazy\" decoding=\"async\" class=\"alignnone wp-image-630\" src=\"https:\/\/hydraulic-cylinders.net\/wp-content\/uploads\/2023\/08\/hydraulic-cylinder-product-5-300x213.webp\" alt=\"\" width=\"366\" height=\"260\" \/> <img loading=\"lazy\" decoding=\"async\" class=\"alignnone wp-image-631\" src=\"https:\/\/hydraulic-cylinders.net\/wp-content\/uploads\/2023\/08\/hydraulic-cylinder-product-6-300x225.webp\" alt=\"\" width=\"347\" height=\"260\" \/><\/p>\n<h3>(5) Testning<\/h3>\n<p>Vi har f\u00f6rstklassiga inspektionsanl\u00e4ggningar och testb\u00e4ddar f\u00f6r att s\u00e4kerst\u00e4lla att cylinderns prestanda uppfyller kraven.<\/p>\n<p><img loading=\"lazy\" decoding=\"async\" class=\"alignnone wp-image-632\" src=\"https:\/\/hydraulic-cylinders.net\/wp-content\/uploads\/2023\/08\/hydraulic-cylinder-product-8-300x200.webp\" alt=\"\" width=\"389\" height=\"260\" \/><\/p>\n<p>&nbsp;<\/p>\n<p>&nbsp;<\/p>\n<p>Vi \u00e4r en av de b\u00e4sta tillverkarna av hydraulcylindrar. Vi kan erbjuda ett helt\u00e4ckande utbud av hydraulcylindrar. Vi tillhandah\u00e5ller \u00e4ven motsvarande <a href=\"https:\/\/hzpt.com\/agricultural-pto-gearbox\/\" target=\"_blank\" rel=\"noopener\">jordbruksv\u00e4xell\u00e5dor<\/a>Vi har exporterat v\u00e5ra produkter till kunder \u00f6ver hela v\u00e4rlden och f\u00e5tt ett gott rykte tack vare v\u00e5r \u00f6verl\u00e4gsna produktkvalitet och kundservice. Vi v\u00e4lkomnar kunder b\u00e5de hemma och utomlands att kontakta oss f\u00f6r att f\u00f6rhandla aff\u00e4rer, utbyta information och <a href=\"https:\/\/www.hydraulic-cylinders.net\/sv\/contact-us\/\">samarbeta med oss<\/a>!<\/p>","protected":false},"excerpt":{"rendered":"<p>Small Excavator Bucket Cylinder The small excavator bucket cylinder is a high-performance hydraulic component designed to optimize small excavators&#8217; digging and lifting capabilities. With its compact size and robust construction, this cylinder offers exceptional strength, precision, and durability. The small excavator bucket cylinder is a robust and reliable hydraulic component that enhances the efficiency and [&hellip;]<\/p>","protected":false},"featured_media":1482,"comment_status":"open","ping_status":"closed","template":"","meta":{"_et_pb_use_builder":"","_et_pb_old_content":"","_et_gb_content_width":""},"product_brand":[],"product_cat":[1550,1503,1376],"product_tag":[1380],"class_list":{"0":"post-1479","1":"product","2":"type-product","3":"status-publish","4":"has-post-thumbnail","6":"product_cat-double-acting-hydraulic-cylinder","7":"product_cat-excavator-hydraulic-cylinders","8":"product_cat-hydraulic-cylinder","9":"product_tag-hydraulic-cylinder","11":"first","12":"instock","13":"shipping-taxable","14":"product-type-simple"},"amp_enabled":true,"_links":{"self":[{"href":"https:\/\/www.hydraulic-cylinders.net\/sv\/wp-json\/wp\/v2\/product\/1479","targetHints":{"allow":["GET"]}}],"collection":[{"href":"https:\/\/www.hydraulic-cylinders.net\/sv\/wp-json\/wp\/v2\/product"}],"about":[{"href":"https:\/\/www.hydraulic-cylinders.net\/sv\/wp-json\/wp\/v2\/types\/product"}],"replies":[{"embeddable":true,"href":"https:\/\/www.hydraulic-cylinders.net\/sv\/wp-json\/wp\/v2\/comments?post=1479"}],"wp:featuredmedia":[{"embeddable":true,"href":"https:\/\/www.hydraulic-cylinders.net\/sv\/wp-json\/wp\/v2\/media\/1482"}],"wp:attachment":[{"href":"https:\/\/www.hydraulic-cylinders.net\/sv\/wp-json\/wp\/v2\/media?parent=1479"}],"wp:term":[{"taxonomy":"product_brand","embeddable":true,"href":"https:\/\/www.hydraulic-cylinders.net\/sv\/wp-json\/wp\/v2\/product_brand?post=1479"},{"taxonomy":"product_cat","embeddable":true,"href":"https:\/\/www.hydraulic-cylinders.net\/sv\/wp-json\/wp\/v2\/product_cat?post=1479"},{"taxonomy":"product_tag","embeddable":true,"href":"https:\/\/www.hydraulic-cylinders.net\/sv\/wp-json\/wp\/v2\/product_tag?post=1479"}],"curies":[{"name":"wp","href":"https:\/\/api.w.org\/{rel}","templated":true}]}}