{"id":1495,"date":"2023-09-26T08:04:05","date_gmt":"2023-09-26T08:04:05","guid":{"rendered":"https:\/\/hydraulic-cylinders.net\/?post_type=product&#038;p=1495"},"modified":"2025-04-11T03:41:22","modified_gmt":"2025-04-11T03:41:22","slug":"small-excavator-rotary-actuator","status":"publish","type":"product","link":"https:\/\/www.hydraulic-cylinders.net\/sv\/produkt\/small-excavator-rotary-actuator\/","title":{"rendered":"Roterande st\u00e4lldon f\u00f6r liten gr\u00e4vmaskin"},"content":{"rendered":"<h1 style=\"text-align: center;\"><strong>Roterande st\u00e4lldon f\u00f6r liten gr\u00e4vmaskin<\/strong><\/h1>\n<p><img loading=\"lazy\" decoding=\"async\" class=\"aligncenter wp-image-1497\" src=\"https:\/\/hydraulic-cylinders.net\/wp-content\/uploads\/2023\/09\/rotary-actuator-1-1-300x300.webp\" alt=\"\" width=\"400\" height=\"400\" \/><\/p>\n<p>Det roterande st\u00e4lldonet f\u00f6r sm\u00e5 gr\u00e4vmaskiner \u00e4r en kraftfull hydraulisk komponent som \u00e4r utformad f\u00f6r att f\u00f6rb\u00e4ttra m\u00e5ngsidigheten och prestandan hos sm\u00e5 gr\u00e4vmaskiner. Detta st\u00e4lldon \u00e4r noggrant konstruerat f\u00f6r att ge exakt rotation och kontroll, vilket m\u00f6jligg\u00f6r effektiv drift vid olika bygg- och gr\u00e4vuppgifter.<\/p>\n<p>Det roterande st\u00e4lldonet f\u00f6r sm\u00e5 gr\u00e4vmaskiner \u00e4r en viktig hydraulisk komponent som f\u00f6rb\u00e4ttrar m\u00e5ngsidigheten och prestandan hos sm\u00e5 gr\u00e4vmaskiner. Med sin kompakta design, exakta rotation och kontroll, m\u00e5ngsidiga redskapskompatibilitet och smidiga drift, ger detta st\u00e4lldon f\u00f6rare m\u00f6jlighet att effektivt hantera olika bygg- och gr\u00e4vuppgifter. Genom att f\u00f6lja de rekommenderade anv\u00e4ndningsmetoderna och underh\u00e5llspraxisen kan f\u00f6rare s\u00e4kerst\u00e4lla optimal prestanda och livsl\u00e4ngd f\u00f6r det roterande st\u00e4lldonet f\u00f6r sm\u00e5 gr\u00e4vmaskiner, vilket resulterar i \u00f6kad produktivitet och framg\u00e5ngsrikt slutf\u00f6rande av projekt. Investera i detta exceptionella hydrauliska st\u00e4lldon f\u00f6r att h\u00f6ja kapaciteten hos din lilla gr\u00e4vmaskin och uppn\u00e5 \u00f6verl\u00e4gsna resultat i dina bygg- och gr\u00e4varbeten.<\/p>\n<p>Viktiga egenskaper f\u00f6r roterande st\u00e4lldon f\u00f6r liten gr\u00e4vmaskin:<\/p>\n<ol>\n<li>Kompakt design och robust konstruktion<\/li>\n<\/ol>\n<ul>\n<li>Den lilla gr\u00e4vmaskinens roterande st\u00e4lldon har en kompakt design, vilket g\u00f6r den idealisk f\u00f6r sm\u00e5 gr\u00e4vmaskiner utan att kompromissa med kraft och prestanda.<\/li>\n<li>Tillverkad av h\u00f6gkvalitativa material och robust konstruktion, garanterar detta st\u00e4lldon h\u00e5llbarhet och l\u00e5ng livsl\u00e4ngd, \u00e4ven under kr\u00e4vande arbetsf\u00f6rh\u00e5llanden.<\/li>\n<\/ul>\n<ol start=\"2\">\n<li>Exakt rotation och kontroll<\/li>\n<\/ol>\n<ul>\n<li>Detta st\u00e4lldon ger exakt rotation och kontroll, vilket g\u00f6r det m\u00f6jligt f\u00f6r f\u00f6rare att enkelt placera och man\u00f6vrera redskap som skopor, skruvborrar och gripar.<\/li>\n<li>Det m\u00f6jligg\u00f6r noggrann och effektiv drift, \u00f6kar produktiviteten och minskar den tid som kr\u00e4vs f\u00f6r att slutf\u00f6ra gr\u00e4varbeten.<\/li>\n<\/ul>\n<ol start=\"3\">\n<li>M\u00e5ngsidig redskapskompatibilitet<\/li>\n<\/ol>\n<ul>\n<li>Den lilla gr\u00e4vmaskinens roterande st\u00e4lldon \u00e4r kompatibelt med olika redskap, vilket g\u00f6r det l\u00e4mpligt f\u00f6r flera till\u00e4mpningar.<\/li>\n<li>Den kan anv\u00e4ndas med skopor f\u00f6r gr\u00e4vning, gripar f\u00f6r materialhantering och borrar f\u00f6r borrning, vilket ger m\u00e5ngsidighet och flexibilitet p\u00e5 arbetsplatsen.<\/li>\n<\/ul>\n<ol start=\"4\">\n<li>Smidig och effektiv drift<\/li>\n<\/ol>\n<ul>\n<li>Utrustad med avancerad hydraulisk teknik s\u00e4kerst\u00e4ller detta st\u00e4lldon smidig och effektiv drift.<\/li>\n<li>Den ger utm\u00e4rkt respons, vilket g\u00f6r att f\u00f6rarna kan utf\u00f6ra exakta r\u00f6relser med l\u00e4tthet och kontroll.<\/li>\n<\/ul>\n<h2><strong>Parameter f\u00f6r roterande st\u00e4lldon f\u00f6r liten gr\u00e4vmaskin:<\/strong><\/h2>\n<table border=\"1\" cellspacing=\"0\" cellpadding=\"0\">\n<tbody>\n<tr>\n<td>Produktnamn<\/td>\n<td>Liten gr\u00e4vmaskins stickcylinder<\/td>\n<\/tr>\n<tr>\n<td>Drag:<\/td>\n<td>Kontrollera underarmens r\u00f6relse<\/td>\n<\/tr>\n<tr>\n<td>Borrdiameter:<\/td>\n<td>50 mm\uff5e115 mm<\/td>\n<\/tr>\n<tr>\n<td>St\u00e5ngdiameter:<\/td>\n<td>25 mm\uff5e70 mm<br \/>\nSlagl\u00e4ngd \u22641000 mm<\/td>\n<\/tr>\n<tr>\n<td>Tryckkraft:<\/td>\n<td>Maximalt 305 kN<\/td>\n<\/tr>\n<tr>\n<td>Borrdiameter:<\/td>\n<td>115 mm\/tryck 29,4 MPa)<\/td>\n<\/tr>\n<\/tbody>\n<\/table>\n<h2><strong>Identifieringsdiagram f\u00f6r roterande st\u00e4lldon f\u00f6r liten gr\u00e4vmaskin:<\/strong><\/h2>\n<p><img loading=\"lazy\" decoding=\"async\" class=\"alignnone wp-image-1490 size-full\" src=\"https:\/\/hydraulic-cylinders.net\/wp-content\/uploads\/2023\/09\/stick-cylinder-construction.webp\" alt=\"\" width=\"1481\" height=\"988\" srcset=\"https:\/\/hydraulic-cylinders.net\/wp-content\/uploads\/2023\/09\/stick-cylinder-construction.webp 1481w, https:\/\/hydraulic-cylinders.net\/wp-content\/uploads\/2023\/09\/stick-cylinder-construction-1280x854.webp 1280w, https:\/\/hydraulic-cylinders.net\/wp-content\/uploads\/2023\/09\/stick-cylinder-construction-980x654.webp 980w, https:\/\/hydraulic-cylinders.net\/wp-content\/uploads\/2023\/09\/stick-cylinder-construction-480x320.webp 480w\" sizes=\"(min-width: 0px) and (max-width: 480px) 480px, (min-width: 481px) and (max-width: 980px) 980px, (min-width: 981px) and (max-width: 1280px) 1280px, (min-width: 1281px) 1481px, 100vw\" \/><\/p>\n<h2><strong>Anv\u00e4ndningsmetod f\u00f6r roterande st\u00e4lldon f\u00f6r liten gr\u00e4vmaskin:<\/strong><\/h2>\n<ol>\n<li>Installation och integration<\/li>\n<\/ol>\n<ul>\n<li>B\u00f6rja med att l\u00e4sa tillverkarens instruktioner f\u00f6r korrekt installation av det roterande st\u00e4lldonet f\u00f6r liten gr\u00e4vmaskin.<\/li>\n<li>S\u00e4kerst\u00e4ll kompatibilitet och f\u00e4st st\u00e4lldonet ordentligt vid gr\u00e4vmaskinens f\u00e4stpunkt.<\/li>\n<li>F\u00f6lj de rekommenderade \u00e5tdragningsmomentspecifikationerna och anv\u00e4nd l\u00e4mplig monteringsdetaljer f\u00f6r en s\u00e4ker och tillf\u00f6rlitlig anslutning.<\/li>\n<\/ul>\n<ol start=\"2\">\n<li>Operativa \u00f6verv\u00e4ganden<\/li>\n<\/ol>\n<ul>\n<li>Bekanta dig med den lilla gr\u00e4vmaskinens reglage och funktion, inklusive det roterande st\u00e4lldonet.<\/li>\n<li>\u00d6va p\u00e5 att anv\u00e4nda gr\u00e4vmaskinen och st\u00e4lldonet i en kontrollerad milj\u00f6 innan du p\u00e5b\u00f6rjar faktiska uppgifter.<\/li>\n<li>F\u00f6lj s\u00e4kerhetsf\u00f6reskrifterna och anv\u00e4nd gr\u00e4vmaskinens lastgr\u00e4nser f\u00f6r att f\u00f6rhindra olyckor och skador p\u00e5 utrustningen.<\/li>\n<\/ul>\n<ol start=\"3\">\n<li>Anv\u00e4ndning och kontroll av bilagor<\/li>\n<\/ol>\n<ul>\n<li>F\u00e4st \u00f6nskat verktyg eller tillbeh\u00f6r till den lilla gr\u00e4vmaskinens roterande st\u00e4lldon, s\u00e5som en skopa, grip eller skruv.<\/li>\n<li>Anv\u00e4nd st\u00e4lldonets exakta kontroll f\u00f6r att positionera och manipulera redskapet efter behov f\u00f6r den aktuella uppgiften.<\/li>\n<li>Justera rotationshastigheten och -riktningen enligt de specifika kraven f\u00f6r gr\u00e4vnings- eller byggprojektet.<\/li>\n<\/ul>\n<h2><strong>Vilken storlek p\u00e5 cylindern f\u00f6r gr\u00e4vmaskinens tumme?<\/strong><\/h2>\n<p>Storleken p\u00e5 cylindern f\u00f6r en gr\u00e4vmaskins tumme kan variera beroende p\u00e5 gr\u00e4vmaskinens specifika krav och den avsedda anv\u00e4ndningen av tumf\u00e4stet. L\u00e4mplig cylinderstorlek best\u00e4ms vanligtvis genom att beakta faktorer som gr\u00e4vmaskinens driftsvikt, tummens \u00f6nskade lyftkapacitet och kompatibilitet med gr\u00e4vmaskinens hydraulsystem.<\/p>\n<p>F\u00f6r att best\u00e4mma l\u00e4mplig cylinderstorlek f\u00f6r en gr\u00e4vmaskins tumme rekommenderas det att konsultera tillverkaren eller leverant\u00f6ren av tumf\u00e4stet. De kan ge v\u00e4gledning baserat p\u00e5 gr\u00e4vmaskinens specifikationer och tummens avsedda anv\u00e4ndning.<\/p>\n<p>Det \u00e4r v\u00e4rt att notera att gr\u00e4vmaskinens tummar finns i olika storlekar och konfigurationer f\u00f6r att passa olika gr\u00e4vmaskinsmodeller och storlekar. Tumf\u00e4stet best\u00e5r vanligtvis av en central struktur eller ram som monteras p\u00e5 gr\u00e4vmaskinens bom och en hydraulcylinder som ger grip- eller kl\u00e4mfunktionen. Cylinderstorleken b\u00f6r v\u00e4ljas f\u00f6r att s\u00e4kerst\u00e4lla kompatibilitet med tumf\u00e4stet och f\u00f6r att ge den gripkraft som kr\u00e4vs f\u00f6r de avsedda uppgifterna.<\/p>\n<p>N\u00e4r man \u00f6verv\u00e4ger cylinderstorleken f\u00f6r en gr\u00e4vmaskins tumme \u00e4r det viktigt att hitta en balans mellan att ha tillr\u00e4cklig lyftkapacitet och att s\u00e4kerst\u00e4lla att gr\u00e4vmaskinens hydraulsystem kan st\u00f6dja tummens funktion p\u00e5 ett adekvat s\u00e4tt. \u00d6verdimensionering av cylindern kan belasta gr\u00e4vmaskinens hydraulsystem alltf\u00f6r mycket, medan underdimensionering kan resultera i begr\u00e4nsad lyftkapacitet och minskad prestanda.<\/p>\n<p>Sammanfattningsvis b\u00f6r storleken p\u00e5 cylindern f\u00f6r en gr\u00e4vmaskins tumme best\u00e4mmas baserat p\u00e5 faktorer som gr\u00e4vmaskinens driftsvikt, \u00f6nskad lyftkapacitet och kompatibilitet med tumf\u00e4stet och hydraulsystemet. Det rekommenderas att r\u00e5dfr\u00e5ga tillverkaren eller leverant\u00f6ren av tumf\u00e4stet f\u00f6r att s\u00e4kerst\u00e4lla korrekt dimensionering och optimal prestanda.<\/p>\n<h2><strong>Fabrikens kapacitet och kapacitet:<\/strong><\/h2>\n<h3>(1) Montering<\/h3>\n<p>Vi har en f\u00f6rstklassig oberoende forsknings- och utvecklingsplattform. Verkstaden f\u00f6r tillverkning av hydraulcylindrar har fyra halvautomatiska monteringslinjer f\u00f6r lyftcylindrar och en automatisk monteringslinje f\u00f6r tiltcylindrar, med en planerad \u00e5rlig produktionskapacitet p\u00e5 1 miljon enheter. Specialcylinderverkstaden \u00e4r utrustad med olika specifikationer f\u00f6r ett halvautomatiskt reng\u00f6ringsmonteringssystem med en planerad \u00e5rlig produktionskapacitet p\u00e5 200 000 och utrustad med k\u00e4nd CNC-bearbetningsutrustning, ett fleroperationscenter, en specialutrustning f\u00f6r h\u00f6gprecisionscylindrar, en robotsvetsmaskin, en automatisk reng\u00f6ringsmaskin, en automatisk cylindermonteringsmaskin och en automatisk produktionslinje f\u00f6r m\u00e5lning. Befintlig kritisk utrustning p\u00e5 mer \u00e4n 300 set (set). Optimal allokering och effektiv anv\u00e4ndning av utrustningsresurser s\u00e4kerst\u00e4ller produkternas noggrannhetskrav och uppfyller produkternas h\u00f6ga kvalitetsbehov.<\/p>\n<p><img loading=\"lazy\" decoding=\"async\" class=\"alignnone wp-image-626\" src=\"https:\/\/hydraulic-cylinders.net\/wp-content\/uploads\/2023\/08\/hydraulic-cylinder-product-1-300x158.webp\" alt=\"\" width=\"495\" height=\"260\" srcset=\"https:\/\/hydraulic-cylinders.net\/wp-content\/uploads\/2023\/08\/hydraulic-cylinder-product-1-300x158.webp 495w, https:\/\/hydraulic-cylinders.net\/wp-content\/uploads\/2023\/08\/hydraulic-cylinder-product-1-480x252.webp 480w\" sizes=\"(min-width: 0px) and (max-width: 480px) 480px, (min-width: 481px) 495px, 100vw\" \/> <img loading=\"lazy\" decoding=\"async\" class=\"alignnone wp-image-627\" src=\"https:\/\/hydraulic-cylinders.net\/wp-content\/uploads\/2023\/08\/hydraulic-cylinder-product-2-300x189.webp\" alt=\"\" width=\"413\" height=\"260\" \/><\/p>\n<h3>(2) Maskinbearbetning<\/h3>\n<p>Bearbetningsverkstaden \u00e4r utrustad med en specialanpassad svarvcentral f\u00f6r lutande r\u00e4ls, bearbetningscenter, h\u00f6ghastighetsh\u00f6nsmaskin, svetsrobot och annan relaterad utrustning, som kan hantera bearbetning av cylinderr\u00f6r med en maximal innerdiameter p\u00e5 400 mm och en maximal l\u00e4ngd p\u00e5 6 meter.<\/p>\n<p><img loading=\"lazy\" decoding=\"async\" class=\"alignnone wp-image-628 size-large\" src=\"https:\/\/hydraulic-cylinders.net\/wp-content\/uploads\/2023\/08\/hydraulic-cylinder-product-3-1024x391.webp\" alt=\"\" width=\"1024\" height=\"391\" srcset=\"https:\/\/hydraulic-cylinders.net\/wp-content\/uploads\/2023\/08\/hydraulic-cylinder-product-3-980x374.webp 980w, https:\/\/hydraulic-cylinders.net\/wp-content\/uploads\/2023\/08\/hydraulic-cylinder-product-3-480x183.webp 480w\" sizes=\"(min-width: 0px) and (max-width: 480px) 480px, (min-width: 481px) and (max-width: 980px) 980px, (min-width: 981px) 1024px, 100vw\" \/><\/p>\n<h3>(3) Svetsning<\/h3>\n<p><img loading=\"lazy\" decoding=\"async\" class=\"alignnone wp-image-629 size-large\" src=\"https:\/\/hydraulic-cylinders.net\/wp-content\/uploads\/2023\/08\/hydraulic-cylinder-product-4-1024x510.webp\" alt=\"\" width=\"1024\" height=\"510\" srcset=\"https:\/\/hydraulic-cylinders.net\/wp-content\/uploads\/2023\/08\/hydraulic-cylinder-product-4-980x488.webp 980w, https:\/\/hydraulic-cylinders.net\/wp-content\/uploads\/2023\/08\/hydraulic-cylinder-product-4-480x239.webp 480w\" sizes=\"(min-width: 0px) and (max-width: 480px) 480px, (min-width: 481px) and (max-width: 980px) 980px, (min-width: 981px) 1024px, 100vw\" \/><\/p>\n<h3>(4) M\u00e5lning och ytbehandling<\/h3>\n<p>Med sm\u00e5 och medelstora cylindriska automatiska vattenbaserade f\u00e4rgbel\u00e4ggningslinjer, f\u00f6r att uppn\u00e5 automatisk robotlastning och lossning samt automatisk sprutning, \u00e4r den designade kapaciteten 4000 stycken per skift;<br \/>\nVi har \u00e4ven en halvautomatisk f\u00e4rgproduktionslinje f\u00f6r stora cylindrar som drivs av en sl\u00e4pkedja, med en designkapacitet p\u00e5 60 l\u00e5dor per skift.<\/p>\n<p><img loading=\"lazy\" decoding=\"async\" class=\"alignnone wp-image-630\" src=\"https:\/\/hydraulic-cylinders.net\/wp-content\/uploads\/2023\/08\/hydraulic-cylinder-product-5-300x213.webp\" alt=\"\" width=\"366\" height=\"260\" \/> <img loading=\"lazy\" decoding=\"async\" class=\"alignnone wp-image-631\" src=\"https:\/\/hydraulic-cylinders.net\/wp-content\/uploads\/2023\/08\/hydraulic-cylinder-product-6-300x225.webp\" alt=\"\" width=\"347\" height=\"260\" \/><\/p>\n<h3>(5) Testning<\/h3>\n<p>Vi har f\u00f6rstklassiga inspektionsanl\u00e4ggningar och testb\u00e4ddar f\u00f6r att s\u00e4kerst\u00e4lla att cylinderns prestanda uppfyller kraven.<\/p>\n<p><img loading=\"lazy\" decoding=\"async\" class=\"alignnone wp-image-632\" src=\"https:\/\/hydraulic-cylinders.net\/wp-content\/uploads\/2023\/08\/hydraulic-cylinder-product-8-300x200.webp\" alt=\"\" width=\"389\" height=\"260\" \/><\/p>\n<p>&nbsp;<\/p>\n<p>&nbsp;<\/p>\n<p>Vi \u00e4r en av de b\u00e4sta tillverkarna av hydraulcylindrar. Vi kan erbjuda ett helt\u00e4ckande utbud av hydraulcylindrar. Vi tillhandah\u00e5ller \u00e4ven motsvarande <a href=\"https:\/\/hzpt.com\/agricultural-pto-gearbox\/\" target=\"_blank\" rel=\"noopener\">jordbruksv\u00e4xell\u00e5dor<\/a>Vi har exporterat v\u00e5ra produkter till kunder \u00f6ver hela v\u00e4rlden och f\u00e5tt ett gott rykte tack vare v\u00e5r \u00f6verl\u00e4gsna produktkvalitet och kundservice. Vi v\u00e4lkomnar kunder b\u00e5de hemma och utomlands att kontakta oss f\u00f6r att f\u00f6rhandla aff\u00e4rer, utbyta information och <a href=\"https:\/\/www.hydraulic-cylinders.net\/sv\/contact-us\/\">samarbeta med oss<\/a>!<\/p>","protected":false},"excerpt":{"rendered":"<p>Small Excavator Rotary Actuator The small excavator rotary actuator is a powerful hydraulic component designed to enhance the versatility and performance of small excavators. This actuator is precisely engineered to provide precise rotation and control, enabling efficient operation in various construction and excavation tasks. The small excavator rotary actuator is a crucial hydraulic component that [&hellip;]<\/p>","protected":false},"featured_media":1496,"comment_status":"open","ping_status":"closed","template":"","meta":{"_et_pb_use_builder":"","_et_pb_old_content":"","_et_gb_content_width":""},"product_brand":[],"product_cat":[1550,1503,1376],"product_tag":[1380],"class_list":{"0":"post-1495","1":"product","2":"type-product","3":"status-publish","4":"has-post-thumbnail","6":"product_cat-double-acting-hydraulic-cylinder","7":"product_cat-excavator-hydraulic-cylinders","8":"product_cat-hydraulic-cylinder","9":"product_tag-hydraulic-cylinder","11":"first","12":"instock","13":"shipping-taxable","14":"product-type-simple"},"amp_enabled":true,"_links":{"self":[{"href":"https:\/\/www.hydraulic-cylinders.net\/sv\/wp-json\/wp\/v2\/product\/1495","targetHints":{"allow":["GET"]}}],"collection":[{"href":"https:\/\/www.hydraulic-cylinders.net\/sv\/wp-json\/wp\/v2\/product"}],"about":[{"href":"https:\/\/www.hydraulic-cylinders.net\/sv\/wp-json\/wp\/v2\/types\/product"}],"replies":[{"embeddable":true,"href":"https:\/\/www.hydraulic-cylinders.net\/sv\/wp-json\/wp\/v2\/comments?post=1495"}],"wp:featuredmedia":[{"embeddable":true,"href":"https:\/\/www.hydraulic-cylinders.net\/sv\/wp-json\/wp\/v2\/media\/1496"}],"wp:attachment":[{"href":"https:\/\/www.hydraulic-cylinders.net\/sv\/wp-json\/wp\/v2\/media?parent=1495"}],"wp:term":[{"taxonomy":"product_brand","embeddable":true,"href":"https:\/\/www.hydraulic-cylinders.net\/sv\/wp-json\/wp\/v2\/product_brand?post=1495"},{"taxonomy":"product_cat","embeddable":true,"href":"https:\/\/www.hydraulic-cylinders.net\/sv\/wp-json\/wp\/v2\/product_cat?post=1495"},{"taxonomy":"product_tag","embeddable":true,"href":"https:\/\/www.hydraulic-cylinders.net\/sv\/wp-json\/wp\/v2\/product_tag?post=1495"}],"curies":[{"name":"wp","href":"https:\/\/api.w.org\/{rel}","templated":true}]}}