{"id":15118,"date":"2025-01-19T14:07:43","date_gmt":"2025-01-19T14:07:43","guid":{"rendered":"https:\/\/www.hydraulic-cylinders.net\/product\/bucket-cylinder-for-komatsu-small-excavator-pc40\/"},"modified":"2025-01-19T14:07:45","modified_gmt":"2025-01-19T14:07:45","slug":"bucket-cylinder-for-komatsu-small-excavator-pc40","status":"publish","type":"product","link":"https:\/\/www.hydraulic-cylinders.net\/sv\/produkt\/bucket-cylinder-for-komatsu-small-excavator-pc40\/","title":{"rendered":"Skopscylinder f\u00f6r Komatsu liten gr\u00e4vmaskin PC40"},"content":{"rendered":"<h2>Introduktion<\/h2>\n<h3>Vad \u00e4r skopcylindern f\u00f6r Komatsu liten gr\u00e4vmaskin PC40?<\/h3>\n<p>Bucket Cylinder for Komatsu Small Excavator PC40 is a specially designed hydraulic cylinder used for controlling the movement of buckets in heavy machinery such as excavators, backhoe excavators, and front-end loaders. Its main function is to enable the bucket to lift, lower, and tilt, thus facilitating various material handling tasks. In the hydraulic system, the bucket cylinder achieves precise control of the bucket&#8217;s movement through changes in hydraulic oil pressure, enabling operators to efficiently handle heavy loads and adapt to complex working environments and diverse operational requirements.<\/p>\n<p><img decoding=\"async\" src=\"https:\/\/www.hydraulic-cylinders.net\/wp-content\/uploads\/2025\/01\/songte-company-2.webp\" alt=\"Skopscylinder f\u00f6r Komatsu liten gr\u00e4vmaskin PC40\"><\/p>\n<h2>Drag<\/h2>\n<ul>\n<li><strong>H\u00f6g styrka och h\u00e5llbarhet:<\/strong> Den \u00e4r vanligtvis tillverkad av h\u00f6gh\u00e5llfast st\u00e5l eller aluminium och t\u00e5l h\u00f6gt tryck och tunga belastningar, vilket g\u00f6r den l\u00e4mplig f\u00f6r tuffa arbetsmilj\u00f6er. Dess design tar h\u00e4nsyn till slitstyrka och korrosionsbest\u00e4ndighet, vilket f\u00f6rl\u00e4nger dess livsl\u00e4ngd.<\/li>\n<li><strong>Effektiv hydraulisk drift:<\/strong> Smidig teleskopisk r\u00f6relse uppn\u00e5s genom att utnyttja hydrauloljetrycket, vilket m\u00f6jligg\u00f6r snabb respons p\u00e5 styrkommandon, ger kraftfull drag- och tryckkraft och \u00e4r l\u00e4mplig f\u00f6r hantering av tunga laster och komplexa driftsuppgifter.<\/li>\n<li><strong>Olika typer:<\/strong> Enkelverkande (hydrauliska cylindrar anv\u00e4nds endast i en riktning) eller dubbelverkande (hydrauliska cylindrar anv\u00e4nds i b\u00e5da riktningarna) kan v\u00e4ljas efter driftskrav. Vissa modeller \u00e4r teleskopiska, vilket m\u00f6jligg\u00f6r st\u00f6rre utdrag utan att \u00f6ka de yttre m\u00e5tten, l\u00e4mpliga f\u00f6r applikationer med begr\u00e4nsat utrymme.<\/li>\n<li><strong>Anpassad produktion:<\/strong> Vi kan producera denna produkt, som perfekt kan ers\u00e4tta dessa hydraulcylindrar.<\/li>\n<\/ul>\n<p><img decoding=\"async\" src=\"https:\/\/www.hydraulic-cylinders.net\/wp-content\/uploads\/2025\/01\/songte-cylinder-head-with-all-kinds-excavator-models.webp\" alt=\"Skopscylinder f\u00f6r Komatsu liten gr\u00e4vmaskin PC40\"><\/p>\n<h2>Ans\u00f6kan<\/h2>\n<p>Skopcylinder f\u00f6r Komatsu liten gr\u00e4vmaskin PC40 anv\u00e4nds ofta inom olika industrier som byggutrustning, jordbruksmaskiner, gr\u00e4vmaskiner och lastare. <\/p>\n<h3>Byggutrustning:<\/h3>\n<ul>\n<li>I gr\u00e4vmaskiner \u00e4r det viktigt f\u00f6r gr\u00e4vning, lastning och flytt av jord eller skr\u00e4p.<\/li>\n<li> I gr\u00e4vmaskiner med gr\u00e4vaggregat hj\u00e4lper skopcylindern till vid b\u00e5de gr\u00e4vning och lyftning.<\/li>\n<li> I frontlastare hj\u00e4lper den till att lyfta och tilta gods effektivt.<\/li>\n<\/ul>\n<h3>Jordbruksmaskiner:<\/h3>\n<p>Den anv\u00e4nds f\u00f6r frontlastare, skopning, lyftning och transport av jord, h\u00f6 och andra material.<\/p>\n<h3>Gr\u00e4vmaskiner:<\/h3>\n<p>Skopans cylinder m\u00f6jligg\u00f6r gr\u00e4vningen genom att l\u00e5ta skopan tr\u00e4nga ner i jorden. <\/p>\n<p><img decoding=\"async\" src=\"https:\/\/www.hydraulic-cylinders.net\/wp-content\/uploads\/2025\/01\/songte-bushings-with-all-kinds-of-excavator-models.webp\" alt=\"Skopscylinder f\u00f6r Komatsu liten gr\u00e4vmaskin PC40\"><\/p>\n<h2>Design\u00f6verv\u00e4ganden och urvalsstandarder<\/h2>\n<ul>\n<li><strong>B\u00e4rkraft:<\/strong> Skopcylindern m\u00e5ste t\u00e5la h\u00f6ga tryckbelastningar.<\/li>\n<li><strong>T\u00e4tning:<\/strong> Olika t\u00e4tningar, s\u00e5som kolvt\u00e4tningar och kolvst\u00e5ngst\u00e4tningar, b\u00f6r vara tillverkade av slitstarka material som polyuretan och nitrilgummi f\u00f6r att s\u00e4kerst\u00e4lla t\u00e4tningsprestanda.<\/li>\n<li><strong>Varaktighet:<\/strong> The cylinder&#8217;s body and threaded end surface should be finely processed to improve wear resistance.<\/li>\n<li><strong>S\u00e4kerhet:<\/strong> The design should take into account the safety of the cylinder&#8217;s operation.<\/li>\n<li><strong>Underh\u00e5ll:<\/strong> Cylindern ska vara l\u00e4tt att reparera och underh\u00e5lla.<\/li>\n<\/ul>\n<p><img decoding=\"async\" src=\"https:\/\/www.hydraulic-cylinders.net\/wp-content\/uploads\/2025\/01\/songte-oil-pipes-and-spare-parts.webp\" alt=\"Skopscylinder f\u00f6r Komatsu liten gr\u00e4vmaskin PC40\"><\/p>\n<h2>T\u00e4tning och sm\u00f6rjning<\/h2>\n<p>Olika t\u00e4tningskomponenter som kolvt\u00e4tningar och st\u00e5ngt\u00e4tningar b\u00f6r vara tillverkade av slitstarka material som polyuretan och nitrilgummi f\u00f6r att s\u00e4kerst\u00e4lla effektiv t\u00e4tning. Cylinderhuset och den g\u00e4ngade \u00e4ndytan b\u00f6r vara finbearbetade f\u00f6r att f\u00f6rb\u00e4ttra slitstyrkan. Regelbunden tillsats av l\u00e4mplig hydraulolja f\u00f6r sm\u00f6rjning \u00e4r n\u00f6dv\u00e4ndig.<\/p>\n<p><img decoding=\"async\" src=\"https:\/\/www.hydraulic-cylinders.net\/wp-content\/uploads\/2025\/01\/songte-chushion-collar.webp\" alt=\"Skopscylinder f\u00f6r Komatsu liten gr\u00e4vmaskin PC40\"><\/p>\n<h2>Underh\u00e5ll och reparation<\/h2>\n<p>Regular inspection, appropriate lubrication, seal replacement, and calibration checks are common maintenance tasks. Proper installation, lubrication, and adjustment are vital, and proper alignment guidance should be provided during installation. Suitable installation brackets should be recommended to fix the cylinder, and check, repair, and replacement procedures should be provided to extend the cylinder&#8217;s service life.<\/p>\n<h2>S\u00e4kerhetsaspekter och milj\u00f6faktorer<\/h2>\n<p>Det \u00e4r viktigt att f\u00f6lja s\u00e4kerhets\u00e5tg\u00e4rder vid anv\u00e4ndning av skopcylindrar f\u00f6r att skydda mot potentiella risker. Milj\u00f6f\u00f6reskrifter b\u00f6r f\u00f6ljas vid hantering av hydraulolja och andra material.<\/p>\n<h2>Feldiagnos och vanliga problem<\/h2>\n<p>Vanliga problem med skopcylindrar inkluderar v\u00e4tskel\u00e4ckage, otillr\u00e4cklig kraft och onormalt ljud. Feldiagnos b\u00f6r baseras p\u00e5 en noggrann inspektion av cylindern och omgivande komponenter. Korrekt underh\u00e5ll och snabb reparation \u00e4r n\u00f6dv\u00e4ndigt f\u00f6r att f\u00f6rhindra att s\u00e5dana problem uppst\u00e5r.<\/p>\n<h2>F\u00f6retagsintroduktion<\/h2>\n<p>Vi \u00e4r en tillverkare av hydraulcylindrar f\u00f6r reservdelar och erbjuder ett komplett sortiment av produkter. Vi \u00e4r en av de ledande tillverkarna och grossistdistribut\u00f6rerna av hydraulcylindrar p\u00e5 den inhemska och internationella marknaden. Vi str\u00e4var efter utm\u00e4rkt kvalitet och f\u00f6rlitar oss p\u00e5 industrialiserade produktionsstrategier i fint tillverkade verkst\u00e4der, st\u00e4ndigt f\u00f6rb\u00e4ttrar tillverkningsplattformen, finslipar produktionslinjen och har en stark produktionskapacitet. Vi str\u00e4var efter att m\u00f6ta kundernas krav med h\u00f6g effektivitet, h\u00f6g precision och h\u00f6gkvalitativa principer.<\/p>\n<p><img decoding=\"async\" src=\"https:\/\/hzpt.com\/wp-content\/uploads\/2024\/11\/songte-company-1.webp\" alt=\"Skopscylinder f\u00f6r Komatsu liten gr\u00e4vmaskin PC40\"><\/p>\n<h2>Professionalism och internationell certifiering<\/h2>\n<p>V\u00e5rt f\u00f6retag \u00e4r fast beslutet att s\u00e4kerst\u00e4lla att alla anst\u00e4llda har de kvalifikationer och f\u00e4rdigheter som kr\u00e4vs f\u00f6r att tillhandah\u00e5lla professionella tj\u00e4nster till v\u00e5ra kunder. Vi har erh\u00e5llit relevanta internationella certifieringar, s\u00e5som ISO och CE, f\u00f6r att s\u00e4kerst\u00e4lla att v\u00e5ra produkter uppfyller internationella kvalitetsstandarder.<\/p>\n<h2>Anpassade tj\u00e4nster och produktionsutrustning<\/h2>\n<p>We offer customized services to provide tailored hydraulic cylinder solutions according to each customer&#8217;s unique needs. We have advanced production equipment such as CNC machines and professional testing systems to ensure that each product is qualified and reliable.<\/p>\n<h2>Eftermarknadsservice<\/h2>\n<p>V\u00e5rt f\u00f6retag erbjuder ett komplett utbud av eftermarknadstj\u00e4nster, inklusive reparation, utbyte och ombyggnad av de produkter vi erbjuder. Vi str\u00e4var efter att f\u00f6rse v\u00e5ra kunder med h\u00f6gkvalitativa tekniska l\u00f6sningar och tj\u00e4nster f\u00f6r att s\u00e4kerst\u00e4lla att de f\u00e5r b\u00e4sta m\u00f6jliga valuta f\u00f6r sin investering.<\/p>\n<p>F\u00f6rfattare: lyl<\/p>","protected":false},"excerpt":{"rendered":"<p>Introduction What is Bucket Cylinder for Komatsu Small Excavator PC40? Bucket Cylinder for Komatsu Small Excavator PC40 is a specially designed hydraulic cylinder used for controlling the movement of buckets in heavy machinery such as excavators, backhoe excavators, and front-end loaders. Its main function is to enable the bucket to lift, lower, and tilt, thus [&hellip;]<\/p>","protected":false},"featured_media":14788,"comment_status":"open","ping_status":"closed","template":"","meta":{"_et_pb_use_builder":"","_et_pb_old_content":"","_et_gb_content_width":""},"product_brand":[],"product_cat":[1494],"product_tag":[1495,1496],"class_list":{"0":"post-15118","1":"product","2":"type-product","3":"status-publish","4":"has-post-thumbnail","6":"product_cat-bucket-cylinders","7":"product_tag-bucket-cylinders","8":"product_tag-hydraulic-cylinders","10":"first","11":"instock","12":"shipping-taxable","13":"product-type-simple"},"amp_enabled":true,"_links":{"self":[{"href":"https:\/\/www.hydraulic-cylinders.net\/sv\/wp-json\/wp\/v2\/product\/15118","targetHints":{"allow":["GET"]}}],"collection":[{"href":"https:\/\/www.hydraulic-cylinders.net\/sv\/wp-json\/wp\/v2\/product"}],"about":[{"href":"https:\/\/www.hydraulic-cylinders.net\/sv\/wp-json\/wp\/v2\/types\/product"}],"replies":[{"embeddable":true,"href":"https:\/\/www.hydraulic-cylinders.net\/sv\/wp-json\/wp\/v2\/comments?post=15118"}],"wp:featuredmedia":[{"embeddable":true,"href":"https:\/\/www.hydraulic-cylinders.net\/sv\/wp-json\/wp\/v2\/media\/14788"}],"wp:attachment":[{"href":"https:\/\/www.hydraulic-cylinders.net\/sv\/wp-json\/wp\/v2\/media?parent=15118"}],"wp:term":[{"taxonomy":"product_brand","embeddable":true,"href":"https:\/\/www.hydraulic-cylinders.net\/sv\/wp-json\/wp\/v2\/product_brand?post=15118"},{"taxonomy":"product_cat","embeddable":true,"href":"https:\/\/www.hydraulic-cylinders.net\/sv\/wp-json\/wp\/v2\/product_cat?post=15118"},{"taxonomy":"product_tag","embeddable":true,"href":"https:\/\/www.hydraulic-cylinders.net\/sv\/wp-json\/wp\/v2\/product_tag?post=15118"}],"curies":[{"name":"wp","href":"https:\/\/api.w.org\/{rel}","templated":true}]}}