{"id":15122,"date":"2025-01-19T14:08:00","date_gmt":"2025-01-19T14:08:00","guid":{"rendered":"https:\/\/www.hydraulic-cylinders.net\/product\/bucket-cylinder-for-komatsu-small-excavator-pc30-8\/"},"modified":"2025-01-19T14:08:03","modified_gmt":"2025-01-19T14:08:03","slug":"bucket-cylinder-for-komatsu-small-excavator-pc30-8","status":"publish","type":"product","link":"https:\/\/www.hydraulic-cylinders.net\/sv\/produkt\/bucket-cylinder-for-komatsu-small-excavator-pc30-8\/","title":{"rendered":"Skopscylinder f\u00f6r Komatsu liten gr\u00e4vmaskin PC30-8"},"content":{"rendered":"<h1>Skopscylinder f\u00f6r Komatsu liten gr\u00e4vmaskin PC30-8<\/h1>\n<h2>Introduktion<\/h2>\n<p>Skopcylindern f\u00f6r Komatsus lilla gr\u00e4vmaskin PC30-8 \u00e4r en specialdesignad hydraulcylinder som anv\u00e4nds f\u00f6r att styra skopans r\u00f6relse i tunga maskiner som gr\u00e4vmaskiner, gr\u00e4vlastare och frontlastare. Dess huvudsakliga funktion \u00e4r att g\u00f6ra det m\u00f6jligt att lyfta, s\u00e4nka och luta skopan, vilket g\u00f6r den bekv\u00e4m f\u00f6r olika materialhanteringsuppgifter. I hydraulsystemet uppn\u00e5r skopcylindern exakt kontroll \u00f6ver skopan genom tryckf\u00f6r\u00e4ndringar i hydrauloljan, vilket g\u00f6r det m\u00f6jligt f\u00f6r operat\u00f6rer att effektivt hantera tunga laster och anpassa sig till komplexa arbetsmilj\u00f6er och olika driftsbehov.<\/p>\n<p><img decoding=\"async\" src=\"https:\/\/www.hydraulic-cylinders.net\/wp-content\/uploads\/2025\/01\/songte-company-2.webp\" alt=\"Produktbild\"><\/p>\n<h2>Drag<\/h2>\n<ul>\n<li>H\u00f6g h\u00e5llfasthet och h\u00e5llbarhet: Vanligtvis tillverkad av h\u00f6gh\u00e5llfast st\u00e5l eller aluminium, t\u00e5l h\u00f6gt tryck och tunga belastningar, anpassar sig till tuffa arbetsmilj\u00f6er och \u00e4r konstruerad med h\u00e4nsyn till slitstyrka och korrosionsbest\u00e4ndighet f\u00f6r att f\u00f6rl\u00e4nga dess livsl\u00e4ngd.<\/li>\n<li>Effektiv hydraulisk drift: Utnyttjar hydrauloljans tryck f\u00f6r att uppn\u00e5 smidiga ut- och indragningsr\u00f6relser, kan snabbt reagera p\u00e5 kontrollkommandon, ger kraftfulla tryck- och dragkrafter, l\u00e4mplig f\u00f6r hantering av tunga laster och komplexa driftsuppgifter.<\/li>\n<li>Olika typer: Finns som enkelverkande (hydrauliska cylindrar anv\u00e4nds endast i en riktning) eller dubbelverkande (hydrauliska cylindrar anv\u00e4nds i b\u00e5da riktningarna), vilket m\u00f6jligg\u00f6r olika driftskrav. Vissa modeller \u00e4r teleskopiska, vilket m\u00f6jligg\u00f6r st\u00f6rre utdrag utan att \u00f6ka de yttre m\u00e5tten, l\u00e4mpliga f\u00f6r applikationer med begr\u00e4nsat utrymme.<\/li>\n<li>Perfekt ers\u00e4ttning: V\u00e5ra produkter kan perfekt ers\u00e4tta dessa hydraulcylindrar.<\/li>\n<\/ul>\n<p><img decoding=\"async\" src=\"https:\/\/www.hydraulic-cylinders.net\/wp-content\/uploads\/2025\/01\/songte-cylinder-head-with-all-kinds-excavator-models.webp\" alt=\"Produktbild\"><\/p>\n<h2>Applikationer<\/h2>\n<ul>\n<li>Byggutrustning: De finns i gr\u00e4vmaskiner och \u00e4r avg\u00f6rande f\u00f6r att gr\u00e4va, lasta och flytta jord eller skr\u00e4p. I gr\u00e4vlastare hj\u00e4lper skopcylindern till med b\u00e5de gr\u00e4vning och lyftning.<\/li>\n<li>Jordbruksmaskiner: Anv\u00e4nds i frontlastare f\u00f6r att \u00f6sa, lyfta och transportera jord, h\u00f6 och andra material.<\/li>\n<li>Gr\u00e4vmaskiner: Skopans cylinder m\u00f6jligg\u00f6r gr\u00e4vning genom att l\u00e5ta skopan tr\u00e4nga ner i jorden.<\/li>\n<li>Lastare: Frontlastare hj\u00e4lper till att lyfta och dumpa gods effektivt.<\/li>\n<\/ul>\n<h2>Design\u00f6verv\u00e4ganden och urvalskriterier<\/h2>\n<ul>\n<li>Bearing Capacity: Discuss the keyword&#8217;s ability to bear heavy loads.<\/li>\n<li>T\u00e4tning: Diskutera vikten av korrekt t\u00e4tning och anv\u00e4ndningen av olika t\u00e4tningskomponenter s\u00e5som kolvt\u00e4tningar och kolvst\u00e5ngst\u00e4tningar tillverkade av slitstarka material.<\/li>\n<li>H\u00e5llbarhet: Diskutera cylinderns h\u00e5llbarhet och ytbehandlingen av cylinderhuset och de g\u00e4ngade \u00e4ndarna f\u00f6r att f\u00f6rb\u00e4ttra slitstyrkan.<\/li>\n<li>S\u00e4kerhet: Diskutera s\u00e4kerhetsfunktionerna och \u00f6verv\u00e4gandena vid cylinderns konstruktion.<\/li>\n<li>Underh\u00e5llbarhet: Diskutera hur enkelt underh\u00e5llet \u00e4r och tillg\u00e5ngen p\u00e5 reservdelar till cylindern.<\/li>\n<\/ul>\n<p><img decoding=\"async\" src=\"https:\/\/www.hydraulic-cylinders.net\/wp-content\/uploads\/2025\/01\/songte-oil-pipes-and-spare-parts.webp\" alt=\"Produktbild\"><\/p>\n<h2>T\u00e4tning och sm\u00f6rjning<\/h2>\n<p>Skopscylindern anv\u00e4nder olika t\u00e4tningskomponenter, s\u00e5som kolvt\u00e4tningar och kolvst\u00e5ngst\u00e4tningar, tillverkade av slitstarka material. Cylinderhuset och de g\u00e4ngade \u00e4ndarna genomg\u00e5r en noggrann ytbehandling f\u00f6r att f\u00f6rb\u00e4ttra slitstyrkan. Regelbunden sm\u00f6rjning med l\u00e4mplig m\u00e4ngd hydraulolja kr\u00e4vs f\u00f6r att s\u00e4kerst\u00e4lla smidig drift och f\u00f6rl\u00e4nga cylinderns livsl\u00e4ngd.<\/p>\n<h2>Regelbunden inspektion och f\u00f6rebyggande underh\u00e5ll<\/h2>\n<ul>\n<li>Kontrollera regelbundet cylinderns skick, inklusive t\u00e4tningar, st\u00e4nger och monteringspunkter.<\/li>\n<li>S\u00e4kerst\u00e4ll korrekt sm\u00f6rjning av alla r\u00f6rliga delar.<\/li>\n<li>Byt ut slitna eller skadade t\u00e4tningar omedelbart.<\/li>\n<li>Utf\u00f6r kalibreringskontroller f\u00f6r att bibeh\u00e5lla optimal prestanda.<\/li>\n<\/ul>\n<h2>Korrekt installationsguide<\/h2>\n<p>1. Rikta in cylindern korrekt under installationen.<\/p>\n<p>2. Anv\u00e4nd l\u00e4mpliga monteringsf\u00e4sten f\u00f6r att s\u00e4kra cylindern.<\/p>\n<p>3. F\u00f6lj rekommenderade procedurer f\u00f6r inspektion, reparation och utbyte.<\/p>\n<p>4. Ge tips f\u00f6r att \u00f6ka cylinderns livsl\u00e4ngd.<\/p>\n<p><img decoding=\"async\" src=\"https:\/\/www.hydraulic-cylinders.net\/wp-content\/uploads\/2025\/01\/songte-chushion-collar.webp\" alt=\"Produktbild\"><\/p>\n<h2>S\u00e4kerhetsaspekter och milj\u00f6faktorer<\/h2>\n<p>Diskutera vikten av s\u00e4kerhets\u00e5tg\u00e4rder n\u00e4r du anv\u00e4nder nyckelordet och hur det bidrar till en s\u00e4ker arbetsmilj\u00f6.<\/p>\n<h2>Fels\u00f6kning och vanliga problem<\/h2>\n<p>Diskutera vanliga problem och ge fels\u00f6kningstips och l\u00f6sningar f\u00f6r att effektivt diagnostisera och l\u00f6sa problem. F\u00f6resl\u00e5 \u00e4ven f\u00f6rebyggande \u00e5tg\u00e4rder f\u00f6r att minimera potentiella problem.<\/p>\n<p><img decoding=\"async\" src=\"https:\/\/www.hydraulic-cylinders.net\/wp-content\/uploads\/2025\/01\/songte-bushings-with-all-kinds-of-excavator-models.webp\" alt=\"Produktbild\"><\/p>\n<h2>Om v\u00e5rt f\u00f6retag<\/h2>\n<p>Vi \u00e4r en tillverkare av hydraulcylindrar f\u00f6r reservdelar och erbjuder ett brett utbud av produkter. Vi har blivit en av de ledande tillverkarna och grossistdistribut\u00f6rerna av hydraulcylindrar p\u00e5 den inhemska och internationella marknaden. Vi f\u00f6ljer principerna om utm\u00e4rkt kvalitet och f\u00f6rlitar oss p\u00e5 industrialiserade produktionsstrategier i v\u00e5r f\u00f6rfinade tillverkningsverkstad. Med fokus p\u00e5 tekniska talanger, avancerad digital tillverkningsutrustning och professionella testsystem f\u00f6rb\u00e4ttrar vi kontinuerligt v\u00e5r tillverkningsplattform och v\u00e5ra produktionsv\u00e4gar av h\u00f6g produktkvalitet. Vi har en stark innovationsf\u00f6rm\u00e5ga som s\u00e4kerst\u00e4ller h\u00f6g effektivitet, precision och kvalitet f\u00f6r att m\u00f6ta v\u00e5ra kunders olika behov.<\/p>\n<p><img decoding=\"async\" src=\"https:\/\/www.hydraulic-cylinders.net\/wp-content\/uploads\/2025\/01\/songte-company-3.webp\" alt=\"Produktbild\"><\/p>\n<p>Vi \u00e4r stolta \u00f6ver v\u00e5r professionalism, internationella certifieringar, kundanpassade tj\u00e4nster, produktionsutrustning och eftermarknadsservice, bland annat.<\/p>\n<p>F\u00f6rfattare: lyl.<\/p>","protected":false},"excerpt":{"rendered":"<p>Bucket Cylinder For Komatsu Small Excavator PC30-8 Introduction The Bucket Cylinder for Komatsu Small Excavator PC30-8 is a specially designed hydraulic cylinder used to control the movement of the bucket in heavy machinery such as excavators, backhoe loaders, and front-end loaders. Its main function is to enable the bucket to lift, lower, and tilt, making [&hellip;]<\/p>","protected":false},"featured_media":14782,"comment_status":"open","ping_status":"closed","template":"","meta":{"_et_pb_use_builder":"","_et_pb_old_content":"","_et_gb_content_width":""},"product_brand":[],"product_cat":[1494],"product_tag":[1495,1496],"class_list":{"0":"post-15122","1":"product","2":"type-product","3":"status-publish","4":"has-post-thumbnail","6":"product_cat-bucket-cylinders","7":"product_tag-bucket-cylinders","8":"product_tag-hydraulic-cylinders","10":"first","11":"instock","12":"shipping-taxable","13":"product-type-simple"},"amp_enabled":true,"_links":{"self":[{"href":"https:\/\/www.hydraulic-cylinders.net\/sv\/wp-json\/wp\/v2\/product\/15122","targetHints":{"allow":["GET"]}}],"collection":[{"href":"https:\/\/www.hydraulic-cylinders.net\/sv\/wp-json\/wp\/v2\/product"}],"about":[{"href":"https:\/\/www.hydraulic-cylinders.net\/sv\/wp-json\/wp\/v2\/types\/product"}],"replies":[{"embeddable":true,"href":"https:\/\/www.hydraulic-cylinders.net\/sv\/wp-json\/wp\/v2\/comments?post=15122"}],"wp:featuredmedia":[{"embeddable":true,"href":"https:\/\/www.hydraulic-cylinders.net\/sv\/wp-json\/wp\/v2\/media\/14782"}],"wp:attachment":[{"href":"https:\/\/www.hydraulic-cylinders.net\/sv\/wp-json\/wp\/v2\/media?parent=15122"}],"wp:term":[{"taxonomy":"product_brand","embeddable":true,"href":"https:\/\/www.hydraulic-cylinders.net\/sv\/wp-json\/wp\/v2\/product_brand?post=15122"},{"taxonomy":"product_cat","embeddable":true,"href":"https:\/\/www.hydraulic-cylinders.net\/sv\/wp-json\/wp\/v2\/product_cat?post=15122"},{"taxonomy":"product_tag","embeddable":true,"href":"https:\/\/www.hydraulic-cylinders.net\/sv\/wp-json\/wp\/v2\/product_tag?post=15122"}],"curies":[{"name":"wp","href":"https:\/\/api.w.org\/{rel}","templated":true}]}}