{"id":15132,"date":"2025-01-19T14:08:45","date_gmt":"2025-01-19T14:08:45","guid":{"rendered":"https:\/\/www.hydraulic-cylinders.net\/product\/bucket-cylinder-for-komatsu-middle-excavator-pc150-5\/"},"modified":"2025-01-19T14:08:47","modified_gmt":"2025-01-19T14:08:47","slug":"bucket-cylinder-for-komatsu-middle-excavator-pc150-5","status":"publish","type":"product","link":"https:\/\/www.hydraulic-cylinders.net\/sv\/produkt\/bucket-cylinder-for-komatsu-middle-excavator-pc150-5\/","title":{"rendered":"Skopscylinder f\u00f6r Komatsu mellangr\u00e4vmaskin PC150-5"},"content":{"rendered":"<h1>Skopscylinder f\u00f6r Komatsu mellangr\u00e4vmaskin PC150-5<\/h1>\n<h2>Introduktion<\/h2>\n<p>Skopcylindern till Komatsu Middle Excavator PC150-5 \u00e4r en hydraulcylinder som \u00e4r speciellt konstruerad f\u00f6r att styra skopans r\u00f6relse i tunga maskiner som gr\u00e4vmaskiner, gr\u00e4vmaskiner och frontlastare. Dess huvudsakliga funktion \u00e4r att g\u00f6ra det m\u00f6jligt f\u00f6r skopan att lyfta, s\u00e4nka och luta, vilket g\u00f6r det enklare att hantera olika materialhanteringsuppgifter. I hydraulsystemet uppn\u00e5r skopcylindern exakt kontroll \u00f6ver skopans r\u00f6relse genom f\u00f6r\u00e4ndringar i hydrauloljetrycket, vilket g\u00f6r att f\u00f6raren effektivt kan hantera tunga f\u00f6rem\u00e5l och anpassa sig till komplexa arbetsmilj\u00f6er och olika arbetskrav.<\/p>\n<p><img decoding=\"async\" src=\"https:\/\/www.hydraulic-cylinders.net\/wp-content\/uploads\/2025\/01\/songte-company-2.webp\"><\/p>\n<h2>Drag<\/h2>\n<ul>\n<li>H\u00f6g h\u00e5llfasthet och h\u00e5llbarhet: vanligtvis tillverkad av h\u00f6gh\u00e5llfast st\u00e5l eller aluminium, t\u00e5l h\u00f6gt tryck och tunga belastningar, anpassad till tuffa arbetsmilj\u00f6er och konstruerad f\u00f6r att ta h\u00e4nsyn till slitage- och korrosionsbest\u00e4ndighet f\u00f6r att f\u00f6rl\u00e4nga livsl\u00e4ngden.<\/li>\n<li>Effektiv hydraulisk drift: smidig ut- och sammandragningsr\u00f6relse uppn\u00e5s med hj\u00e4lp av hydrauloljetryck, kan snabbt reagera p\u00e5 kontrollkommandon, ger kraftfull tryck- och dragkraft, l\u00e4mplig f\u00f6r hantering av tunga f\u00f6rem\u00e5l och komplexa arbetsuppgifter.<\/li>\n<li>Olika typer: enkelverkande (hydrauliska anv\u00e4nds endast i en riktning) eller dubbelverkande (hydrauliska anv\u00e4nds i b\u00e5da riktningarna) cylindrar kan v\u00e4ljas efter behov f\u00f6r att m\u00f6ta olika driftsbehov, och vissa modeller \u00e4r teleskopiska, vilket m\u00f6jligg\u00f6r st\u00f6rre utbyggnad utan att \u00f6ka de yttersta m\u00e5tten, l\u00e4mpliga f\u00f6r applikationer med begr\u00e4nsat utrymme.<\/li>\n<li>Utbytbara: v\u00e5ra produkter kan perfekt ers\u00e4tta dessa hydraulcylindrar.<\/li>\n<li>Anpassningsbar: vi kan tillverka skopcylindern enligt kundens krav.<\/li>\n<\/ul>\n<p><img decoding=\"async\" src=\"https:\/\/www.hydraulic-cylinders.net\/wp-content\/uploads\/2025\/01\/songte-cylinder-head-with-all-kinds-excavator-models.webp\"><\/p>\n<h2>Applikationer<\/h2>\n<p>Skopscylindern har ett brett anv\u00e4ndningsomr\u00e5de inom olika branscher, inklusive:<\/p>\n<ul>\n<li>Entreprenadmaskiner: gr\u00e4vmaskiner, traktorgr\u00e4vare och frontlastare f\u00f6rlitar sig p\u00e5 skopcylindern f\u00f6r att gr\u00e4va, lasta och flytta jord eller skr\u00e4p.<\/li>\n<li>Jordbruksmaskiner: anv\u00e4nds i frontlastare f\u00f6r att \u00f6sa, lyfta och transportera jord, h\u00f6 och andra material.<\/li>\n<li>Gr\u00e4vmaskiner: skopcylindrar m\u00f6jligg\u00f6r gr\u00e4vning genom att skopan kan tr\u00e4nga ner i jorden.<\/li>\n<li>Lastare: i frontlastare hj\u00e4lper de till med att lyfta och tilta last effektivt.<\/li>\n<\/ul>\n<h2>Design\u00f6verv\u00e4ganden och urvalskriterier<\/h2>\n<p>Hinkcylinderns designaspekter inkluderar dess b\u00e4rf\u00f6rm\u00e5ga, t\u00e4tning, h\u00e5llbarhet, s\u00e4kerhet och underh\u00e5llbarhet. Viktiga designaspekter \u00e4r:<\/p>\n<ul>\n<li>B\u00e4rf\u00f6rm\u00e5ga: cylindern m\u00e5ste klara h\u00f6ga belastningar utan deformation eller brott.<\/li>\n<li>T\u00e4tning: olika t\u00e4tningskomponenter, s\u00e5som kolvt\u00e4tningar och kolvst\u00e5ngst\u00e4tningar, anv\u00e4nds f\u00f6r att f\u00f6rhindra oljel\u00e4ckage och uppr\u00e4tth\u00e5lla systemtrycket.<\/li>\n<li>H\u00e5llbarhet: cylindern m\u00e5ste t\u00e5la tuffa arbetsmilj\u00f6er och motst\u00e5 slitage och korrosion.<\/li>\n<li>S\u00e4kerhet: \u00e5tg\u00e4rder som anv\u00e4ndning av s\u00e4kerhetsventiler och \u00f6verbelastningsskydd \u00e4r n\u00f6dv\u00e4ndiga f\u00f6r att s\u00e4kerst\u00e4lla s\u00e4ker drift.<\/li>\n<li>Underh\u00e5llbarhet: cylindern m\u00e5ste vara l\u00e4tt att demontera, reng\u00f6ra, inspektera och montera ihop igen f\u00f6r att underl\u00e4tta underh\u00e5ll och reparation.<\/li>\n<\/ul>\n<p><img decoding=\"async\" src=\"https:\/\/www.hydraulic-cylinders.net\/wp-content\/uploads\/2025\/01\/songte-oil-pipes-and-spare-parts.webp\"><\/p>\n<h2>T\u00e4tning och sm\u00f6rjning<\/h2>\n<p>Skopscylindern anv\u00e4nder olika typer av t\u00e4tningar, s\u00e5som kolvt\u00e4tningar och kolvst\u00e5ngst\u00e4tningar, tillverkade av slitstarka material som polyuretan och nitrilgummi, f\u00f6r att f\u00f6rhindra oljel\u00e4ckage. Cylinderns cylinderhus och g\u00e4ngade \u00e4ndyta \u00e4r finbearbetade f\u00f6r att f\u00f6rb\u00e4ttra slitstyrkan. Det \u00e4r n\u00f6dv\u00e4ndigt att regelbundet tills\u00e4tta en l\u00e4mplig m\u00e4ngd hydraulolja f\u00f6r sm\u00f6rjning.<\/p>\n<h2>Underh\u00e5ll och reparation<\/h2>\n<p>Regelbunden inspektion och f\u00f6rebyggande underh\u00e5ll \u00e4r n\u00f6dv\u00e4ndigt f\u00f6r att s\u00e4kerst\u00e4lla skopcylinderns l\u00e5ngsiktiga tillf\u00f6rlitliga drift. Vanliga underh\u00e5llsuppgifter inkluderar:<\/p>\n<ul>\n<li>Regelbunden inspektion: kontrollera cylinderns skick, s\u00e5som sprickor, slitage, deformation och l\u00e4ckor.<\/li>\n<li>Korrekt sm\u00f6rjning: anv\u00e4nd l\u00e4mpligt sm\u00f6rjmedel och fett och se till att de tills\u00e4tts regelbundet.<\/li>\n<li>Byte av t\u00e4tningar: byt ut t\u00e4tningarna omedelbart om de visar tecken p\u00e5 slitage eller skador.<\/li>\n<li>Kalibreringskontroll: kontrollera cylinderns tryck och justera det vid behov.<\/li>\n<\/ul>\n<p><img decoding=\"async\" src=\"https:\/\/www.hydraulic-cylinders.net\/wp-content\/uploads\/2025\/01\/songte-chushion-collar.webp\"><\/p>\n<h2>S\u00e4kerhets- och milj\u00f6h\u00e4nsyn<\/h2>\n<p>N\u00e4r man anv\u00e4nder skopcylindern \u00e4r det viktigt att f\u00f6lja s\u00e4kerhets\u00e5tg\u00e4rder f\u00f6r att f\u00f6rhindra olyckor, s\u00e5som att anv\u00e4nda skyddsutrustning och korrekt montering av cylindern. Milj\u00f6h\u00e4nsyn inkluderar att s\u00e4kerst\u00e4lla att hydrauloljan som anv\u00e4nds i cylindern kasseras p\u00e5 r\u00e4tt s\u00e4tt f\u00f6r att undvika att f\u00f6rorena milj\u00f6n.<\/p>\n<h2>Feldiagnos och f\u00f6rebyggande<\/h2>\n<p>Vanliga fel p\u00e5 skopcylindern inkluderar oljel\u00e4ckage, skador p\u00e5 kolv och st\u00e5ng samt onormala ljud. F\u00f6r att f\u00f6rhindra dessa fel \u00e4r regelbunden inspektion och underh\u00e5ll n\u00f6dv\u00e4ndig, och snabb reparation av eventuella fel \u00e4r avg\u00f6rande.<\/p>\n<p><img decoding=\"async\" src=\"https:\/\/www.hydraulic-cylinders.net\/wp-content\/uploads\/2025\/01\/songte-bushings-with-all-kinds-of-excavator-models.webp\"><\/p>\n<h2>Om v\u00e5rt f\u00f6retag<\/h2>\n<p>Vi \u00e4r en tillverkare av hydraulcylindrar som kan ers\u00e4tta andra hydraulcylindrar. V\u00e5rt f\u00f6retag erbjuder ett brett utbud av produkter och har blivit en av de ledande tillverkarna och grossistdistribut\u00f6rerna av hydraulcylindrar p\u00e5 den inhemska och internationella marknaden. Vi f\u00f6ljer principen om utm\u00e4rkt kvalitet och f\u00f6rlitar oss p\u00e5 industrialiserade produktionsledningsstrategier i fina tillverkningsverkst\u00e4der. Vi f\u00f6rb\u00e4ttrar kontinuerligt tillverkningsplattformen, f\u00f6rb\u00e4ttrar produktkvaliteten i produktionslinjen och har starka produktionskapaciteter f\u00f6r att m\u00f6ta v\u00e5ra kunders olika behov med h\u00f6g effektivitet, h\u00f6g precision och h\u00f6g kvalitet.<\/p>\n<ul>\n<li>Professionalism: Vi har ett team av erfarna ingenj\u00f6rer och tekniker f\u00f6r att tillhandah\u00e5lla professionella tj\u00e4nster och support till v\u00e5ra kunder.<\/li>\n<li>Internationella certifieringar: V\u00e5ra produkter har godk\u00e4nts enligt ISO9001, CE och SGS och \u00e4r erk\u00e4nda av kunder \u00f6ver hela v\u00e4rlden.<\/li>\n<li>Anpassningstj\u00e4nst: Vi kan anpassa v\u00e5ra produkter efter v\u00e5ra kunders specifika behov.<\/li>\n<li>Produktionsutrustning: Vi anv\u00e4nder avancerad produktionsutrustning, s\u00e5som CNC-maskiner och robotar, f\u00f6r att s\u00e4kerst\u00e4lla h\u00f6g kvalitet och effektivitet.<\/li>\n<li>Eftermarknadsservice: Vi erbjuder omfattande eftermarknadsservice, inklusive underh\u00e5ll, reparation och utbyte av delar, f\u00f6r att s\u00e4kerst\u00e4lla kundn\u00f6jdhet.<\/li>\n<\/ul>\n<p>F\u00f6rfattare: lyl<\/p>","protected":false},"excerpt":{"rendered":"<p>Bucket Cylinder For Komatsu Middle Excavator PC150-5 Introduction The bucket cylinder for Komatsu Middle Excavator PC150-5 is a hydraulic cylinder specially designed to control the movement of the bucket in heavy machinery such as excavators, backhoes, and front loaders. Its main function is to enable the bucket to lift, lower, and tilt, making it easier [&hellip;]<\/p>","protected":false},"featured_media":14789,"comment_status":"open","ping_status":"closed","template":"","meta":{"_et_pb_use_builder":"","_et_pb_old_content":"","_et_gb_content_width":""},"product_brand":[],"product_cat":[1494],"product_tag":[1495,1496],"class_list":{"0":"post-15132","1":"product","2":"type-product","3":"status-publish","4":"has-post-thumbnail","6":"product_cat-bucket-cylinders","7":"product_tag-bucket-cylinders","8":"product_tag-hydraulic-cylinders","10":"first","11":"instock","12":"shipping-taxable","13":"product-type-simple"},"amp_enabled":true,"_links":{"self":[{"href":"https:\/\/www.hydraulic-cylinders.net\/sv\/wp-json\/wp\/v2\/product\/15132","targetHints":{"allow":["GET"]}}],"collection":[{"href":"https:\/\/www.hydraulic-cylinders.net\/sv\/wp-json\/wp\/v2\/product"}],"about":[{"href":"https:\/\/www.hydraulic-cylinders.net\/sv\/wp-json\/wp\/v2\/types\/product"}],"replies":[{"embeddable":true,"href":"https:\/\/www.hydraulic-cylinders.net\/sv\/wp-json\/wp\/v2\/comments?post=15132"}],"wp:featuredmedia":[{"embeddable":true,"href":"https:\/\/www.hydraulic-cylinders.net\/sv\/wp-json\/wp\/v2\/media\/14789"}],"wp:attachment":[{"href":"https:\/\/www.hydraulic-cylinders.net\/sv\/wp-json\/wp\/v2\/media?parent=15132"}],"wp:term":[{"taxonomy":"product_brand","embeddable":true,"href":"https:\/\/www.hydraulic-cylinders.net\/sv\/wp-json\/wp\/v2\/product_brand?post=15132"},{"taxonomy":"product_cat","embeddable":true,"href":"https:\/\/www.hydraulic-cylinders.net\/sv\/wp-json\/wp\/v2\/product_cat?post=15132"},{"taxonomy":"product_tag","embeddable":true,"href":"https:\/\/www.hydraulic-cylinders.net\/sv\/wp-json\/wp\/v2\/product_tag?post=15132"}],"curies":[{"name":"wp","href":"https:\/\/api.w.org\/{rel}","templated":true}]}}