{"id":15140,"date":"2025-01-19T14:09:19","date_gmt":"2025-01-19T14:09:19","guid":{"rendered":"https:\/\/www.hydraulic-cylinders.net\/product\/bucket-cylinder-for-komatsu-middle-excavator-pc220-5-6-7-8-8mo\/"},"modified":"2025-01-19T14:09:21","modified_gmt":"2025-01-19T14:09:21","slug":"bucket-cylinder-for-komatsu-middle-excavator-pc220-5-6-7-8-8mo","status":"publish","type":"product","link":"https:\/\/www.hydraulic-cylinders.net\/sv\/produkt\/bucket-cylinder-for-komatsu-middle-excavator-pc220-5-6-7-8-8mo\/","title":{"rendered":"Skopscylinder f\u00f6r Komatsu mellangr\u00e4vmaskin PC220-5-6-7-8-8MO"},"content":{"rendered":"<h1>Skopscylinder f\u00f6r Komatsu mellangr\u00e4vmaskin PC220-5-6-7-8-8MO<\/h1>\n<h2>Introduktion<\/h2>\n<h3>Definition av skopcylinder<\/h3>\n<p>\nEn skopcylinder \u00e4r en typ av specialdesignad hydraulcylinder som huvudsakligen anv\u00e4nds f\u00f6r att styra skopans r\u00f6relse i tunga maskiner som gr\u00e4vmaskiner, gr\u00e4vmaskiner och frontlastare. Dess huvudsakliga funktion \u00e4r att l\u00e5ta skopan lyftas, s\u00e4nkas och lutas, vilket g\u00f6r det enklare att hantera olika materialhanteringsuppgifter. I hydraulsystemet uppn\u00e5r skopcylindern exakt kontroll \u00f6ver skopan genom tryckf\u00f6r\u00e4ndringar i hydrauloljan, vilket g\u00f6r det m\u00f6jligt f\u00f6r operat\u00f6rer att hantera tunga f\u00f6rem\u00e5l effektivt och anpassa sig till komplexa arbetsmilj\u00f6er och varierande driftskrav.\n<\/p>\n<p><img decoding=\"async\" src=\"https:\/\/www.hydraulic-cylinders.net\/wp-content\/uploads\/2025\/01\/songte-company-2.webp\" alt=\"Bild av skopcylinder\"><\/p>\n<h3>Funktioner hos skopcylindern<\/h3>\n<ul>\n<li>H\u00f6g h\u00e5llfasthet och h\u00e5llbarhet: Vanligtvis tillverkad av h\u00f6gh\u00e5llfast st\u00e5l eller aluminium, t\u00e5l den h\u00f6gt tryck och tunga belastningar, anpassar sig till tuffa arbetsmilj\u00f6er och \u00e4r konstruerad med slitstyrka och korrosionsbest\u00e4ndighet i \u00e5tanke f\u00f6r att f\u00f6rl\u00e4nga livsl\u00e4ngden.<\/li>\n<li>Effektiv hydraulisk drift: Smidig teleskopr\u00f6relse uppn\u00e5s genom att anv\u00e4nda hydrauloljetryck, vilket kan reagera snabbt p\u00e5 styrkommandon, ge kraftfulla tryck- och dragkrafter och \u00e4r l\u00e4mpligt f\u00f6r hantering av tunga f\u00f6rem\u00e5l och komplexa driftsuppgifter.<\/li>\n<li>Olika typer: Enkelverkande hydraulcylindrar (med hydraulik endast i en riktning) eller dubbelverkande hydraulcylindrar (med hydraulik i tv\u00e5 riktningar) kan v\u00e4ljas efter behov, och vissa modeller \u00e4r teleskopiska, vilket m\u00f6jligg\u00f6r st\u00f6rre utbyggnad utan att \u00f6ka de ytterm\u00e5tten, vilket g\u00f6r dem l\u00e4mpliga f\u00f6r applikationer med begr\u00e4nsat utrymme.<\/li>\n<li>Utbytbara: V\u00e5ra produkter kan perfekt ers\u00e4tta dessa hydraulcylindrar.<\/li>\n<\/ul>\n<p><img decoding=\"async\" src=\"https:\/\/www.hydraulic-cylinders.net\/wp-content\/uploads\/2025\/01\/songte-cylinder-head-with-all-kinds-excavator-models.webp\" alt=\"Bild f\u00f6r utbyte av skopcylinder\"><\/p>\n<h3>Till\u00e4mpning av hinkcylinder<\/h3>\n<p>\nSkopcylindrar \u00e4r viktiga f\u00f6r entreprenadmaskiner som gr\u00e4vmaskiner, traktorgr\u00e4vare, frontlastare och jordbruksmaskiner. I gr\u00e4vmaskiner hj\u00e4lper skopcylindrar till vid gr\u00e4vning och lyftning. I frontlastare hj\u00e4lper de till att lyfta och luta last effektivt.\n<\/p>\n<h4>Byggutrustning<\/h4>\n<ul>\n<li>Gr\u00e4vmaskiner: Skopans cylinder g\u00f6r att skopan kan sk\u00e4ra genom jorden f\u00f6r att utf\u00f6ra gr\u00e4vning.<\/li>\n<li>Gr\u00e4vmaskiner: Skopcylindern hj\u00e4lper till vid gr\u00e4vning och lyftning.<\/li>\n<li>Frontlastare: I frontlastare hj\u00e4lper de till att lyfta och luta last effektivt.<\/li>\n<\/ul>\n<h4>Jordbruksmaskiner<\/h4>\n<ul>\n<li>Frontlastare: Anv\u00e4nds f\u00f6r lastning, lyftning och transport av jord, h\u00f6 och andra material.<\/li>\n<\/ul>\n<p><img decoding=\"async\" src=\"https:\/\/www.hydraulic-cylinders.net\/wp-content\/uploads\/2025\/01\/songte-bushings-with-all-kinds-of-excavator-models.webp\" alt=\"Bild av skopcylinderapplikation\"><\/p>\n<h2>Design\u00f6verv\u00e4ganden och urvalsstandarder<\/h2>\n<h3>Design\u00f6verv\u00e4ganden<\/h3>\n<p>\nSkopcylindern \u00e4r konstruerad f\u00f6r att hantera tunga laster och arbeta i tuffa milj\u00f6er, s\u00e5 \u00f6verv\u00e4ganden g\u00e4llande dess b\u00e4rf\u00f6rm\u00e5ga, t\u00e4tning, h\u00e5llbarhet, s\u00e4kerhet och underh\u00e5llbarhet \u00e4r avg\u00f6rande.\n<\/p>\n<h4>B\u00e4righet<\/h4>\n<p>\nSkopcylindern \u00e4r tillverkad av h\u00f6gh\u00e5llfasta material f\u00f6r att motst\u00e5 h\u00f6gt tryck och tunga belastningar, vilket g\u00f6r den l\u00e4mplig f\u00f6r kr\u00e4vande applikationer.\n<\/p>\n<h4>T\u00e4tning<\/h4>\n<p>\nCylindern \u00e4r utrustad med olika t\u00e4tningskomponenter s\u00e5som kolvt\u00e4tningar och st\u00e5ngt\u00e4tningar, vilka vanligtvis \u00e4r tillverkade av slitstarka material som polyuretan och nitrilgummi f\u00f6r att s\u00e4kerst\u00e4lla l\u00e5ngsiktig t\u00e4tningsprestanda.\n<\/p>\n<h4>Varaktighet<\/h4>\n<p>\nCylinderhuset och den g\u00e4ngade \u00e4ndytan \u00e4r fint bearbetade f\u00f6r att \u00f6ka slitstyrkan, och kolvst\u00e5ngen \u00e4r belagd med krom f\u00f6r att f\u00f6rb\u00e4ttra rept\u00e5ligheten och f\u00f6rl\u00e4nga livsl\u00e4ngden.\n<\/p>\n<h4>S\u00e4kerhet<\/h4>\n<p>\nSkopcylindern \u00e4r konstruerad med s\u00e4kerhet i \u00e5tanke, till exempel genom att installera en d\u00e4mpande krage f\u00f6r att absorbera st\u00f6tar n\u00e4r cylindern \u00e4r helt utf\u00e4lld eller indragen, och genom att tillhandah\u00e5lla n\u00f6dstoppsventiler f\u00f6r att f\u00f6rhindra olyckor under arbetet.\n<\/p>\n<h4>Underh\u00e5llbarhet<\/h4>\n<p>\nSkopcylindern \u00e4r konstruerad med enkelt underh\u00e5ll i \u00e5tanke, s\u00e5som att ge \u00e5tkomst till de inre delarna och anv\u00e4nda utbytbara t\u00e4tningskomponenter f\u00f6r att minska underh\u00e5llskostnaderna.\n<\/p>\n<p><img decoding=\"async\" src=\"https:\/\/www.hydraulic-cylinders.net\/wp-content\/uploads\/2025\/01\/songte-oil-pipes-and-spare-parts.webp\" alt=\"Bild av skopcylinderdesign\"><\/p>\n<h3>Urvalsstandarder<\/h3>\n<p>\nSkopscylindern b\u00f6r v\u00e4ljas baserat p\u00e5 de specifika kraven f\u00f6r till\u00e4mpningen, s\u00e5som b\u00e4rkapacitet, driftstryck, driftstemperatur och installationsm\u00e5tt. Det \u00e4r ocks\u00e5 viktigt att v\u00e4lja l\u00e4mplig typ av hydraulcylinder, s\u00e5som enkelverkande eller dubbelverkande, i enlighet med till\u00e4mpningens krav.\n<\/p>\n<h2>Sm\u00f6rjning och t\u00e4tning<\/h2>\n<p>\nSkopscylindern kr\u00e4ver regelbundet underh\u00e5ll f\u00f6r att s\u00e4kerst\u00e4lla dess l\u00e5ngsiktiga prestanda och tillf\u00f6rlitlighet. Korrekt sm\u00f6rjning och t\u00e4tning \u00e4r avg\u00f6rande f\u00f6r att bibeh\u00e5lla cylinderns smidiga drift och f\u00f6rhindra l\u00e4ckage eller skador p\u00e5 t\u00e4tningskomponenterna.\n<\/p>\n<h3>Sm\u00f6rjning<\/h3>\n<p>\nSkopscylindern kr\u00e4ver regelbunden sm\u00f6rjning med hydraulolja f\u00f6r att bibeh\u00e5lla en smidig drift. Det \u00e4r n\u00f6dv\u00e4ndigt att anv\u00e4nda r\u00e4tt typ av hydraulolja och att fylla p\u00e5 den regelbundet f\u00f6r att s\u00e4kerst\u00e4lla att cylindern alltid \u00e4r tillr\u00e4ckligt smord.\n<\/p>\n<h3>T\u00e4tning<\/h3>\n<p>\nSkopscylindern har olika t\u00e4tningskomponenter, s\u00e5som kolvt\u00e4tningar och kolvst\u00e5ngst\u00e4tningar, som \u00e4r ben\u00e4gna att skadas och slitas med tiden. Det \u00e4r n\u00f6dv\u00e4ndigt att byta ut dessa delar regelbundet f\u00f6r att f\u00f6rhindra l\u00e4ckage och s\u00e4kerst\u00e4lla l\u00e5ngsiktig t\u00e4tningsprestanda.\n<\/p>\n<p><img decoding=\"async\" src=\"https:\/\/www.hydraulic-cylinders.net\/wp-content\/uploads\/2025\/01\/songte-chushion-collar.webp\" alt=\"Bild av sm\u00f6rjning och t\u00e4tning av skopcylinder\"><\/p>\n<h2>Underh\u00e5ll och reparation<\/h2>\n<p>\nSkopscylindern kr\u00e4ver regelbundet underh\u00e5ll och reparation f\u00f6r att s\u00e4kerst\u00e4lla dess l\u00e5ngsiktiga prestanda och tillf\u00f6rlitlighet. Regelbunden inspektion, l\u00e4mplig sm\u00f6rjning och utbyte av slitna eller skadade delar \u00e4r n\u00f6dv\u00e4ndiga f\u00f6r att f\u00f6rhindra problem och f\u00f6rl\u00e4nga cylinderns livsl\u00e4ngd.\n<\/p>\n<h3>Regelbunden inspektion<\/h3>\n<p>\nRegelbunden inspektion av skopcylindern \u00e4r n\u00f6dv\u00e4ndig f\u00f6r att identifiera eventuella problem eller slitna delar och f\u00f6rhindra potentiella problem. Det \u00e4r viktigt att kontrollera om det finns l\u00e4ckor, bucklor eller repor som kan p\u00e5verka cylinderns prestanda.\n<\/p>\n<h3>Sm\u00f6rjning och justering<\/h3>\n<p>\nRegelbunden sm\u00f6rjning och justering av skopcylindern \u00e4r n\u00f6dv\u00e4ndig f\u00f6r att bibeh\u00e5lla dess smidiga drift. Det \u00e4r n\u00f6dv\u00e4ndigt att regelbundet tills\u00e4tta l\u00e4mpligt sm\u00f6rjmedel och justera cylinderns position f\u00f6r att s\u00e4kerst\u00e4lla att den alltid \u00e4r korrekt inriktad.\n<\/p>\n<h3>Kalibrering och utbyte<\/h3>\n<p>\nKalibrering och utbyte av slitna eller skadade delar av skopcylindern \u00e4r n\u00f6dv\u00e4ndigt f\u00f6r att bibeh\u00e5lla dess l\u00e5ngsiktiga prestanda och tillf\u00f6rlitlighet. Det \u00e4r viktigt att byta ut de slitna eller skadade delarna omedelbart f\u00f6r att f\u00f6rhindra ytterligare skador och s\u00e4kerst\u00e4lla att cylindern fungerar smidigt.\n<\/p>\n<p><img decoding=\"async\" src=\"https:\/\/hzpt.com\/wp-content\/uploads\/2024\/11\/songte-company-1.webp\" alt=\"Bild f\u00f6r underh\u00e5ll och reparation av skopcylinder\"><\/p>\n<h2>S\u00e4kerhetsaspekter och milj\u00f6faktorer<\/h2>\n<p>\nS\u00e4kerhetsaspekter \u00e4r avg\u00f6rande vid arbete med hydraulcylindrar. Det \u00e4r viktigt att f\u00f6lja l\u00e4mpliga s\u00e4kerhetsrutiner, s\u00e5som att b\u00e4ra skyddsutrustning och s\u00e4kerst\u00e4lla att installationen \u00e4r korrekt och s\u00e4ker. Milj\u00f6faktorer som temperatur och fuktighet kan ocks\u00e5 p\u00e5verka cylinderns prestanda, s\u00e5 det \u00e4r n\u00f6dv\u00e4ndigt att beakta dessa faktorer n\u00e4r man v\u00e4ljer cylinder och utformar till\u00e4mpningen.\n<\/p>\n<h2>Fels\u00f6kning och vanliga problem<\/h2>\n<p>\nSkopscylindern kan st\u00f6ta p\u00e5 olika problem under drift, s\u00e5som l\u00e4ckor, d\u00e5lig prestanda eller skador p\u00e5 t\u00e4tningskomponenterna. Det \u00e4r n\u00f6dv\u00e4ndigt att diagnostisera dessa problem och vidta l\u00e4mpliga \u00e5tg\u00e4rder f\u00f6r att reparera eller byta ut de skadade delarna och f\u00f6rhindra ytterligare skador.\n<\/p>\n<h3>Fels\u00f6kningstips<\/h3>\n<ul>\n<li>Identifiera orsaken till problemet.<\/li>\n<li>Kontrollera cylindern f\u00f6r eventuella l\u00e4ckor eller skador.<\/li>\n<li>Kontrollera hydraulsystemet f\u00f6r andra problem.<\/li>\n<li>Byt ut alla slitna eller skadade delar.<\/li>\n<\/ul>\n<h3>F\u00f6rebyggande \u00e5tg\u00e4rder<\/h3>\n<p>\nF\u00f6r att f\u00f6rhindra problem med skopcylindern \u00e4r det n\u00f6dv\u00e4ndigt att f\u00f6lja korrekta underh\u00e5llsprocedurer, s\u00e5som regelbunden inspektion, korrekt sm\u00f6rjning och utbyte av slitna eller skadade delar. Det \u00e4r ocks\u00e5 n\u00f6dv\u00e4ndigt att s\u00e4kerst\u00e4lla att installationen \u00e4r korrekt och s\u00e4ker och att cylindern \u00e4r konstruerad f\u00f6r den specifika till\u00e4mpningen och milj\u00f6n.\n<\/p>\n<p><img decoding=\"async\" src=\"https:\/\/www.hydraulic-cylinders.net\/wp-content\/uploads\/2025\/01\/songte-bushings-with-all-kinds-of-excavator-models.webp\" alt=\"Fels\u00f6kningsbild f\u00f6r skopcylinder\"><\/p>\n<h2>Om v\u00e5rt f\u00f6retag<\/h2>\n<p>\nVi \u00e4r en ledande tillverkare och grossistdistribut\u00f6r av hydraulcylindrar p\u00e5 den inhemska och internationella marknaden, med ett komplett produktsortiment. Vi f\u00f6ljer principen om utm\u00e4rkt kvalitet och f\u00f6rlitar oss p\u00e5 den industriella produktionsledningsstrategin hos fintillverkningsverkst\u00e4der. V\u00e5rt f\u00f6retag f\u00f6rb\u00e4ttrar kontinuerligt verkstadens tillverkningsplattform genom att anv\u00e4nda tekniska talanger, digital avancerad tillverkningsutrustning och professionella testsystem, vilket full\u00e4ndar produktionslinjens produktkvalitet och har stark kreativitet f\u00f6r att m\u00f6ta olika kunders behov med h\u00f6g effektivitet, h\u00f6g precision och h\u00f6g kvalitet.\n<\/p>\n<h3>Professionalism<\/h3>\n<p>\nVi har ett team av h\u00f6gkvalificerade yrkesm\u00e4n som \u00e4r engagerade i att f\u00f6rse kunderna med de b\u00e4sta produkterna och tj\u00e4nsterna. V\u00e5rt f\u00f6retag har stor erfarenhet av design, produktion och f\u00f6rs\u00e4ljning av hydraulcylindrar, och vi kan erbjuda kunderna skr\u00e4ddarsydda l\u00f6sningar f\u00f6r att m\u00f6ta deras specifika behov.\n<\/p>\n<h3>Internationell certifiering<\/h3>\n<p>\nV\u00e5rt f\u00f6retag har erh\u00e5llit olika internationella certifieringar s\u00e5som ISO9001 och CE, vilket visar v\u00e5rt engagemang f\u00f6r kvalitet och kundn\u00f6jdhet.\n<\/p>\n<h3>Anpassningstj\u00e4nster<\/h3>\n<p>\nVi erbjuder anpassningstj\u00e4nster f\u00f6r att m\u00f6ta v\u00e5ra kunders specifika behov, s\u00e5som anpassade storlekar, former och material, samt anpassad m\u00e4rkning och f\u00f6rpackning.\n<\/p>\n<h3>Produktionsutrustning<\/h3>\n<p>\nV\u00e5rt f\u00f6retag har avancerad produktionsutrustning, s\u00e5som CNC-svarvar och fr\u00e4smaskiner, borrmaskiner och slipmaskiner, vilket ger oss m\u00f6jlighet att producera h\u00f6gkvalitativa hydraulcylindrar effektivt och noggrant.\n<\/p>\n<h3>Eftermarknadstj\u00e4nster<\/h3>\n<p>\nVi erbjuder omfattande eftermarknadstj\u00e4nster s\u00e5som underh\u00e5ll, reparation och utbyte av delar f\u00f6r att s\u00e4kerst\u00e4lla v\u00e5ra produkters l\u00e5ngsiktiga prestanda och tillf\u00f6rlitlighet. Vi erbjuder \u00e4ven teknisk support och utbildning f\u00f6r att hj\u00e4lpa v\u00e5ra kunder att l\u00f6sa eventuella problem de st\u00f6ter p\u00e5.\n<\/p>\n<p><img decoding=\"async\" src=\"https:\/\/www.hydraulic-cylinders.net\/wp-content\/uploads\/2025\/01\/songte-company-3.webp\" alt=\"Bild av f\u00f6retagets hinkcylinder\"><\/p>\n<p>\nF\u00f6rfattare: lyl.<\/p>","protected":false},"excerpt":{"rendered":"<p>Bucket Cylinder For Komatsu Middle Excavator PC220-5-6-7-8-8MO Introduction Definition of Bucket Cylinder A bucket cylinder is a type of specially designed hydraulic cylinder used mainly to control the movement of the bucket in heavy machinery such as excavators, backhoes and front-end loaders. Its main function is to allow the bucket to lift, lower and tilt, [&hellip;]<\/p>","protected":false},"featured_media":14776,"comment_status":"open","ping_status":"closed","template":"","meta":{"_et_pb_use_builder":"","_et_pb_old_content":"","_et_gb_content_width":""},"product_brand":[],"product_cat":[1494],"product_tag":[1495,1496],"class_list":{"0":"post-15140","1":"product","2":"type-product","3":"status-publish","4":"has-post-thumbnail","6":"product_cat-bucket-cylinders","7":"product_tag-bucket-cylinders","8":"product_tag-hydraulic-cylinders","10":"first","11":"instock","12":"shipping-taxable","13":"product-type-simple"},"amp_enabled":true,"_links":{"self":[{"href":"https:\/\/www.hydraulic-cylinders.net\/sv\/wp-json\/wp\/v2\/product\/15140","targetHints":{"allow":["GET"]}}],"collection":[{"href":"https:\/\/www.hydraulic-cylinders.net\/sv\/wp-json\/wp\/v2\/product"}],"about":[{"href":"https:\/\/www.hydraulic-cylinders.net\/sv\/wp-json\/wp\/v2\/types\/product"}],"replies":[{"embeddable":true,"href":"https:\/\/www.hydraulic-cylinders.net\/sv\/wp-json\/wp\/v2\/comments?post=15140"}],"wp:featuredmedia":[{"embeddable":true,"href":"https:\/\/www.hydraulic-cylinders.net\/sv\/wp-json\/wp\/v2\/media\/14776"}],"wp:attachment":[{"href":"https:\/\/www.hydraulic-cylinders.net\/sv\/wp-json\/wp\/v2\/media?parent=15140"}],"wp:term":[{"taxonomy":"product_brand","embeddable":true,"href":"https:\/\/www.hydraulic-cylinders.net\/sv\/wp-json\/wp\/v2\/product_brand?post=15140"},{"taxonomy":"product_cat","embeddable":true,"href":"https:\/\/www.hydraulic-cylinders.net\/sv\/wp-json\/wp\/v2\/product_cat?post=15140"},{"taxonomy":"product_tag","embeddable":true,"href":"https:\/\/www.hydraulic-cylinders.net\/sv\/wp-json\/wp\/v2\/product_tag?post=15140"}],"curies":[{"name":"wp","href":"https:\/\/api.w.org\/{rel}","templated":true}]}}