{"id":15145,"date":"2025-01-19T14:09:45","date_gmt":"2025-01-19T14:09:45","guid":{"rendered":"https:\/\/www.hydraulic-cylinders.net\/product\/bucket-cylinder-for-komatsu-large-excavator-pc850-8\/"},"modified":"2025-01-19T14:09:47","modified_gmt":"2025-01-19T14:09:47","slug":"bucket-cylinder-for-komatsu-large-excavator-pc850-8","status":"publish","type":"product","link":"https:\/\/www.hydraulic-cylinders.net\/sv\/produkt\/bucket-cylinder-for-komatsu-large-excavator-pc850-8\/","title":{"rendered":"Skopscylinder f\u00f6r Komatsu stor gr\u00e4vmaskin PC850-8"},"content":{"rendered":"<h2>Introduktion<\/h2>\n<h3>Skopscylinder f\u00f6r Komatsu stor gr\u00e4vmaskin PC850-8<\/h3>\n<p>En skopcylinder \u00e4r en specialdesignad hydraulcylinder som anv\u00e4nds f\u00f6r att styra r\u00f6relsen hos skopor i tunga maskiner som gr\u00e4vmaskiner, gr\u00e4vlastare och frontlastare. Dess huvudsakliga funktion \u00e4r att g\u00f6ra det m\u00f6jligt f\u00f6r skopan att lyfta, s\u00e4nka och luta f\u00f6r olika materialhanteringsuppgifter. I hydraulsystemet styr skopcylindern skopans r\u00f6relse exakt, vilket g\u00f6r det m\u00f6jligt f\u00f6r f\u00f6rare att hantera tunga laster effektivt och anpassa sig till komplexa arbetsmilj\u00f6er och olika arbetskrav.<\/p>\n<p><img decoding=\"async\" src=\"https:\/\/www.hydraulic-cylinders.net\/wp-content\/uploads\/2025\/01\/songte-company-2.webp\" alt=\"Bild av skopcylinder\"\/><\/p>\n<h2>Drag<\/h2>\n<ul>\n<li>\n<h3>H\u00f6g styrka och h\u00e5llbarhet<\/h3>\n<p>Skopcylindern \u00e4r vanligtvis tillverkad av h\u00f6gh\u00e5llfast st\u00e5l eller aluminium, kapabel att motst\u00e5 h\u00f6gt tryck och tunga belastningar, och konstruerad med h\u00e4nsyn till slitstyrka och korrosionsbest\u00e4ndighet f\u00f6r att f\u00f6rl\u00e4nga livsl\u00e4ngden.<\/p>\n<\/li>\n<li>\n<h3>Effektiv hydraulisk drift<\/h3>\n<p>Skopcylindern anv\u00e4nder hydrauloljans tryck f\u00f6r att uppn\u00e5 smidig ut- och ink\u00f6rning, snabb respons p\u00e5 kontrollkommandon och kraftfull tryck- och dragkraft, l\u00e4mplig f\u00f6r hantering av tunga laster och komplexa operationer.<\/p>\n<\/li>\n<li>\n<h3>Olika typer<\/h3>\n<p>Skopcylindern kan v\u00e4ljas som enkelverkande (med hydraulik endast i en riktning) eller dubbelverkande (med hydraulik i tv\u00e5 riktningar) cylinder beroende p\u00e5 behov, och vissa modeller \u00e4r teleskopiska, vilket m\u00f6jligg\u00f6r st\u00f6rre utbyggnad utan att \u00f6ka de yttersta m\u00e5tten, l\u00e4mpliga f\u00f6r applikationer med begr\u00e4nsat utrymme.<\/p>\n<\/li>\n<li>\n<h3>Utbytbar med liknande produkter<\/h3>\n<p>V\u00e5r skopcylinder kan perfekt ers\u00e4tta liknande hydraulcylindrar, vilket ger en kostnadseffektiv l\u00f6sning f\u00f6r kunderna.<\/p>\n<\/li>\n<li>\n<h3>Anpassningsbar<\/h3>\n<p>Vi kan anpassa skopcylindern enligt specifika krav.<\/p>\n<\/li>\n<\/ul>\n<p><img decoding=\"async\" src=\"https:\/\/www.hydraulic-cylinders.net\/wp-content\/uploads\/2025\/01\/songte-cylinder-head-with-all-kinds-excavator-models.webp\" alt=\"Bild av skopcylinder\"\/><\/p>\n<h2>Applikationer<\/h2>\n<p>Skopscylindern anv\u00e4nds ofta i olika tunga maskiner, s\u00e5som:<\/p>\n<ul>\n<li>\n<h3>Gr\u00e4vmaskiner<\/h3>\n<p>Skopans cylinder g\u00f6r att skopan kan tr\u00e4nga ner i jorden vid gr\u00e4vning.<\/p>\n<\/li>\n<li>\n<h3>Gr\u00e4vlastare<\/h3>\n<p>Skopcylindern hj\u00e4lper till med b\u00e5de gr\u00e4vning och lyftning.<\/p>\n<\/li>\n<li>\n<h3>Frontlastare<\/h3>\n<p>Skopcylindern bidrar till att lyfta och lossa material effektivt.<\/p>\n<\/li>\n<\/ul>\n<h2>Design\u00f6verv\u00e4ganden och urvalskriterier<\/h2>\n<ul>\n<li>\n<h3>B\u00e4rkraft<\/h3>\n<p>Skopcylindern m\u00e5ste ha tillr\u00e4cklig b\u00e4rf\u00f6rm\u00e5ga f\u00f6r att motst\u00e5 tunga belastningar och h\u00f6gt tryck.<\/p>\n<\/li>\n<li>\n<h3>T\u00e4tning<\/h3>\n<p>Skopscylindern kr\u00e4ver olika t\u00e4tningar f\u00f6r att f\u00f6rhindra l\u00e4ckage och s\u00e4kerst\u00e4lla tillf\u00f6rlitlig drift. Det \u00e4r b\u00e4ttre att v\u00e4lja t\u00e4tningar tillverkade av slitstarka material som polyuretan och nitrilgummi.<\/p>\n<\/li>\n<li>\n<h3>Varaktighet<\/h3>\n<p>Skopscylindern b\u00f6r konstrueras med h\u00e4nsyn till slitstyrka och korrosionsbest\u00e4ndighet f\u00f6r att s\u00e4kerst\u00e4lla l\u00e5ng livsl\u00e4ngd. Cylinderhuset och de g\u00e4ngade \u00e4ndarna b\u00f6r genomg\u00e5 finbearbetning f\u00f6r att f\u00f6rb\u00e4ttra slitstyrkan.<\/p>\n<\/li>\n<li>\n<h3>S\u00e4kerhet<\/h3>\n<p>Skopscylindern m\u00e5ste uppfylla s\u00e4kerhetsstandarder och installeras och anv\u00e4ndas korrekt f\u00f6r att undvika olyckor.<\/p>\n<\/li>\n<li>\n<h3>Underh\u00e5ll<\/h3>\n<p>Skopscylindern ska vara l\u00e4tt att underh\u00e5lla och reparera, och regelbunden inspektion och sm\u00f6rjning \u00e4r n\u00f6dv\u00e4ndig f\u00f6r l\u00e5ngsiktig effektiv drift.<\/p>\n<\/li>\n<\/ul>\n<p><img decoding=\"async\" src=\"https:\/\/www.hydraulic-cylinders.net\/wp-content\/uploads\/2025\/01\/songte-oil-pipes-and-spare-parts.webp\" alt=\"Bild av skopcylinder\"\/><\/p>\n<h2>Underh\u00e5ll och reparation<\/h2>\n<p>Regelbundet underh\u00e5ll och reparationer \u00e4r avg\u00f6rande f\u00f6r att s\u00e4kerst\u00e4lla effektiv och s\u00e4ker drift av skopcylindern. Typiska underh\u00e5llsuppgifter inkluderar:<\/p>\n<ul>\n<li>\n<h3>Regelbunden inspektion<\/h3>\n<p>Inspektera skopcylindern regelbundet f\u00f6r att uppt\u00e4cka slitage och skador och f\u00f6rhindra potentiella problem.<\/p>\n<\/li>\n<li>\n<h3>Sm\u00f6rjning<\/h3>\n<p>Sm\u00f6rj skopcylindern med l\u00e4mplig hydraulolja regelbundet och f\u00f6rhindra slitage och l\u00e4ckage.<\/p>\n<\/li>\n<li>\n<h3>Byte av t\u00e4tning<\/h3>\n<p>Byt ut t\u00e4tningarna regelbundet f\u00f6r att s\u00e4kerst\u00e4lla tillf\u00f6rlitlig drift och f\u00f6rhindra l\u00e4ckage.<\/p>\n<\/li>\n<li>\n<h3>Kontroll av justering<\/h3>\n<p>Rikta in skopcylindern korrekt under installationen f\u00f6r att undvika olyckor och s\u00e4kerst\u00e4lla effektiv drift.<\/p>\n<\/li>\n<li>\n<h3>Ombyggnadstj\u00e4nst<\/h3>\n<p>Erbjud renoveringsservice f\u00f6r slitna eller skadade skopcylindrar f\u00f6r att f\u00f6rl\u00e4nga deras livsl\u00e4ngd och spara p\u00e5 utbyteskostnaderna.<\/p>\n<\/li>\n<\/ul>\n<p><img decoding=\"async\" src=\"https:\/\/www.hydraulic-cylinders.net\/wp-content\/uploads\/2025\/01\/songte-chushion-collar.webp\" alt=\"Bild av skopcylinder\"\/><\/p>\n<h2>S\u00e4kerhetsaspekter och milj\u00f6faktorer<\/h2>\n<p>When using the bucket cylinder, safety measures such as wearing protective equipment, using appropriate lifting devices, and avoiding overload should be taken to prevent accidents. Environmental factors such as temperature, humidity, and corrosive substances should also be considered to ensure the bucket cylinder&#8217;s reliable operation and long service life.<\/p>\n<p><img decoding=\"async\" src=\"https:\/\/hzpt.com\/wp-content\/uploads\/2024\/11\/songte-company-1.webp\" alt=\"Bild av skopcylinder\"\/><\/p>\n<h2>Vanliga problem och fels\u00f6kning<\/h2>\n<p>Vanliga problem med skopcylindern inkluderar l\u00e4ckage, slitage och skador. Fels\u00f6kningstips och l\u00f6sningar som att kontrollera t\u00e4tningar, byta ut skadade delar och renovera kan hj\u00e4lpa till att diagnostisera och l\u00f6sa problem effektivt, och f\u00f6rebyggande \u00e5tg\u00e4rder som regelbunden inspektion och sm\u00f6rjning kan minska potentiella problem.<\/p>\n<p><img decoding=\"async\" src=\"https:\/\/www.hydraulic-cylinders.net\/wp-content\/uploads\/2025\/01\/songte-bushings-with-all-kinds-of-excavator-models.webp\" alt=\"Bild av skopcylinder\"\/><\/p>\n<h2>Om oss<\/h2>\n<p>Vi \u00e4r en tillverkare av hydraulcylindrar och erbjuder ett brett utbud av produkter. Vi \u00e4r en av de ledande tillverkarna och grossistdistribut\u00f6rerna av hydraulcylindrar p\u00e5 inhemska och internationella marknader. Vi f\u00f6ljer principen om utm\u00e4rkt kvalitet och f\u00f6rlitar oss p\u00e5 industrialiserade produktionsledningsstrategier i fina tillverkningsverkst\u00e4der. Vi f\u00f6rb\u00e4ttrar st\u00e4ndigt tillverkningsplattformen i v\u00e5ra verkst\u00e4der genom att anv\u00e4nda tekniska talanger, digital avancerad tillverkningsutrustning och professionella testsystem, f\u00f6r att finslipa produktionslinjens produktkvalitet och ha en stark kreativ f\u00f6rm\u00e5ga att m\u00f6ta kundernas olika behov med h\u00f6g effektivitet, h\u00f6g precision och h\u00f6g kvalitet.<\/p>\n<p>Vi \u00e4r dedikerade till att tillhandah\u00e5lla professionella, internationellt certifierade, kundanpassade och h\u00f6gkvalitativa produkter och tj\u00e4nster, inklusive:<\/p>\n<ul>\n<li>\n<h3>Professionalism<\/h3>\n<p>Vi har ett team av erfarna och skickliga yrkesm\u00e4n som kan ge professionell r\u00e5dgivning och teknisk support.<\/p>\n<\/li>\n<li>\n<h3>Internationell certifiering<\/h3>\n<p>V\u00e5ra produkter har klarat internationella certifieringar som ISO9001:2015, CE och RoHS, vilket garanterar deras kvalitet och s\u00e4kerhet.<\/p>\n<\/li>\n<li>\n<h3>Anpassning<\/h3>\n<p>Vi kan anpassa hydraulcylindrar enligt specifika krav.<\/p>\n<\/li>\n<li>\n<h3>Avancerad produktionsutrustning<\/h3>\n<p>Vi har avancerad produktionsutrustning som CNC-maskiner, svarvar och slipmaskiner, vilket s\u00e4kerst\u00e4ller noggrannhet och effektivitet i tillverkningen.<\/p>\n<\/li>\n<li>\n<h3>Eftermarknadsservice<\/h3>\n<p>Vi erbjuder omfattande eftermarknadstj\u00e4nster s\u00e5som underh\u00e5ll, reparation och utbyte, vilket s\u00e4kerst\u00e4ller smidig och effektiv drift av hydraulcylindrar.<\/p>\n<\/li>\n<\/ul>\n<p><img decoding=\"async\" src=\"https:\/\/www.hydraulic-cylinders.net\/wp-content\/uploads\/2025\/01\/songte-company-3.webp\" alt=\"Bild av skopcylinder\"\/><\/p>\n<p>F\u00f6rfattare: lyl<\/p>","protected":false},"excerpt":{"rendered":"<p>Introduction Bucket Cylinder For Komatsu Large Excavator PC850-8 A bucket cylinder is a specially designed hydraulic cylinder used to control the movement of buckets in heavy machinery such as excavators, backhoe loaders, and front-end loaders. Its main function is to enable the bucket to lift, lower, and tilt for various material handling tasks. In the [&hellip;]<\/p>","protected":false},"featured_media":14762,"comment_status":"open","ping_status":"closed","template":"","meta":{"_et_pb_use_builder":"","_et_pb_old_content":"","_et_gb_content_width":""},"product_brand":[],"product_cat":[1494],"product_tag":[1495,1496],"class_list":{"0":"post-15145","1":"product","2":"type-product","3":"status-publish","4":"has-post-thumbnail","6":"product_cat-bucket-cylinders","7":"product_tag-bucket-cylinders","8":"product_tag-hydraulic-cylinders","10":"first","11":"instock","12":"shipping-taxable","13":"product-type-simple"},"amp_enabled":true,"_links":{"self":[{"href":"https:\/\/www.hydraulic-cylinders.net\/sv\/wp-json\/wp\/v2\/product\/15145","targetHints":{"allow":["GET"]}}],"collection":[{"href":"https:\/\/www.hydraulic-cylinders.net\/sv\/wp-json\/wp\/v2\/product"}],"about":[{"href":"https:\/\/www.hydraulic-cylinders.net\/sv\/wp-json\/wp\/v2\/types\/product"}],"replies":[{"embeddable":true,"href":"https:\/\/www.hydraulic-cylinders.net\/sv\/wp-json\/wp\/v2\/comments?post=15145"}],"wp:featuredmedia":[{"embeddable":true,"href":"https:\/\/www.hydraulic-cylinders.net\/sv\/wp-json\/wp\/v2\/media\/14762"}],"wp:attachment":[{"href":"https:\/\/www.hydraulic-cylinders.net\/sv\/wp-json\/wp\/v2\/media?parent=15145"}],"wp:term":[{"taxonomy":"product_brand","embeddable":true,"href":"https:\/\/www.hydraulic-cylinders.net\/sv\/wp-json\/wp\/v2\/product_brand?post=15145"},{"taxonomy":"product_cat","embeddable":true,"href":"https:\/\/www.hydraulic-cylinders.net\/sv\/wp-json\/wp\/v2\/product_cat?post=15145"},{"taxonomy":"product_tag","embeddable":true,"href":"https:\/\/www.hydraulic-cylinders.net\/sv\/wp-json\/wp\/v2\/product_tag?post=15145"}],"curies":[{"name":"wp","href":"https:\/\/api.w.org\/{rel}","templated":true}]}}