{"id":15147,"date":"2025-01-19T14:09:54","date_gmt":"2025-01-19T14:09:54","guid":{"rendered":"https:\/\/www.hydraulic-cylinders.net\/product\/bucket-cylinder-for-komatsu-large-excavator-pc360-8mo\/"},"modified":"2025-01-19T14:09:56","modified_gmt":"2025-01-19T14:09:56","slug":"bucket-cylinder-for-komatsu-large-excavator-pc360-8mo","status":"publish","type":"product","link":"https:\/\/www.hydraulic-cylinders.net\/sv\/produkt\/bucket-cylinder-for-komatsu-large-excavator-pc360-8mo\/","title":{"rendered":"Skopscylinder f\u00f6r Komatsu stor gr\u00e4vmaskin PC360-8MO"},"content":{"rendered":"<h1>Skopscylinder f\u00f6r Komatsu stor gr\u00e4vmaskin PC360-8MO<\/h1>\n<h2>Introduktion<\/h2>\n<h3>Definiera skopcylinder<\/h3>\n<p>En skopcylinder \u00e4r en specialdesignad hydraulcylinder som anv\u00e4nds f\u00f6r att styra skopans r\u00f6relse i tunga maskiner som gr\u00e4vmaskiner, gr\u00e4vmaskiner och frontlastare. Dess huvudsakliga funktion \u00e4r att g\u00f6ra det m\u00f6jligt f\u00f6r skopan att lyfta, s\u00e4nka och luta, vilket g\u00f6r det enklare att hantera olika materialhanteringsuppgifter. I hydraulsystemet uppn\u00e5r skopcylindern exakt kontroll \u00f6ver skopan genom f\u00f6r\u00e4ndringar i hydrauloljetrycket, vilket g\u00f6r det m\u00f6jligt f\u00f6r f\u00f6rare att hantera tunga laster effektivt, anpassa sig till komplexa arbetsmilj\u00f6er och olika driftskrav.<\/p>\n<p><img decoding=\"async\" src=\"https:\/\/www.hydraulic-cylinders.net\/wp-content\/uploads\/2025\/01\/songte-company-2.webp\" alt=\"Bild av skopcylinder\"><\/p>\n<h3>Funktioner hos skopcylindern<\/h3>\n<ul>\n<li>H\u00f6g h\u00e5llfasthet och h\u00e5llbarhet: Vanligtvis tillverkad av h\u00f6gh\u00e5llfast st\u00e5l eller aluminium, t\u00e5l den h\u00f6gt tryck och tunga belastningar, anpassar sig till tuffa arbetsmilj\u00f6er och tar h\u00e4nsyn till slitstyrka och korrosionsbest\u00e4ndighet i designen f\u00f6r att f\u00f6rl\u00e4nga livsl\u00e4ngden.<\/li>\n<li>Effektiv hydraulisk drift: J\u00e4mn f\u00f6rl\u00e4ngning och sammandragning uppn\u00e5s genom att utnyttja hydrauloljetrycket, vilket ger kraftfull tryck- och dragkraft och \u00e4r l\u00e4mplig f\u00f6r hantering av tunga laster och komplexa arbetsuppgifter.<\/li>\n<li>Olika typer: Enkelverkande (hydrauliska i endast en riktning) eller dubbelverkande (hydrauliska i b\u00e5da riktningarna) cylindrar kan v\u00e4ljas efter behov f\u00f6r att m\u00f6ta olika driftskrav. Vissa modeller \u00e4r teleskopiska, vilket m\u00f6jligg\u00f6r st\u00f6rre utdrag utan att \u00f6ka de yttersta m\u00e5tten, l\u00e4mpliga f\u00f6r applikationer med begr\u00e4nsat utrymme.<\/li>\n<li>Utbytbara till olika modeller: V\u00e5ra produkter kan perfekt ers\u00e4tta dessa hydraulcylindrar.<\/li>\n<\/ul>\n<p><img decoding=\"async\" src=\"https:\/\/www.hydraulic-cylinders.net\/wp-content\/uploads\/2025\/01\/songte-cylinder-head-with-all-kinds-excavator-models.webp\" alt=\"Bild f\u00f6r utbyte av skopcylinder\"><\/p>\n<h3>Till\u00e4mpning av hinkcylinder<\/h3>\n<p>Skopscylindrar anv\u00e4nds ofta i olika typer av maskiner, s\u00e5som:<\/p>\n<ul>\n<li>Byggmaskiner: I gr\u00e4vmaskiner \u00e4r de avg\u00f6rande f\u00f6r att gr\u00e4va, lasta och flytta jord eller skr\u00e4p. I gr\u00e4vlastare hj\u00e4lper de till med b\u00e5de gr\u00e4vning och lyftning.<\/li>\n<li>Jordbruksmaskiner: Anv\u00e4nds f\u00f6r frontlastare, f\u00f6r att plocka upp, lyfta och transportera jord, h\u00f6 och andra material.<\/li>\n<li>Gr\u00e4vmaskiner: Skopans cylinder m\u00f6jligg\u00f6r gr\u00e4vning genom att l\u00e5ta skopan tr\u00e4nga ner i jorden.<\/li>\n<li>Lastare: I frontlastare hj\u00e4lper de till att lyfta och luta last effektivt.<\/li>\n<\/ul>\n<h3>Design\u00f6verv\u00e4ganden f\u00f6r skopcylinder<\/h3>\n<p>Vid konstruktion av en skopcylinder \u00e4r f\u00f6ljande faktorer viktiga:<\/p>\n<h4>Lastkapacitet<\/h4>\n<p>Cylinderkonstruktionen m\u00e5ste ta h\u00e4nsyn till den m\u00e4ngd belastning som cylindern kan hantera utan deformation eller fel.<\/p>\n<h4>T\u00e4tning<\/h4>\n<p>Tillr\u00e4cklig t\u00e4tning \u00e4r avg\u00f6rande f\u00f6r att f\u00f6rhindra att hydrauloljan l\u00e4cker och f\u00f6r att s\u00e4kerst\u00e4lla att cylindern fungerar effektivt.<\/p>\n<h4>Varaktighet<\/h4>\n<p>Cylindermaterialet m\u00e5ste kunna motst\u00e5 den tuffa driftsmilj\u00f6n och motst\u00e5 slitage och korrosion.<\/p>\n<h4>S\u00e4kerhet<\/h4>\n<p>Skopscylindrar m\u00e5ste konstrueras med s\u00e4kerhet i \u00e5tanke, med h\u00e4nsyn till alla potentiella faror och s\u00e4kerst\u00e4llande av att cylindern inte g\u00e5r s\u00f6nder under drift.<\/p>\n<h4>Underh\u00e5llbarhet<\/h4>\n<p>Cylindern b\u00f6r vara konstruerad f\u00f6r att m\u00f6jligg\u00f6ra enkel reparation och underh\u00e5ll f\u00f6r att s\u00e4kerst\u00e4lla optimal prestanda och livsl\u00e4ngd.<\/p>\n<p><img decoding=\"async\" src=\"https:\/\/www.hydraulic-cylinders.net\/wp-content\/uploads\/2025\/01\/songte-oil-pipes-and-spare-parts.webp\" alt=\"Bild av skopcylinderdesign\"><\/p>\n<h3>T\u00e4tning och sm\u00f6rjning av skopcylinder<\/h3>\n<p>Skopscylindern kr\u00e4ver olika t\u00e4tningskomponenter, s\u00e5som kolvt\u00e4tningar och kolvst\u00e5ngst\u00e4tningar, tillverkade av slitstarka material som polyuretan och nitrilgummi f\u00f6r att s\u00e4kerst\u00e4lla effektiv t\u00e4tning. Cylinderhuset och den g\u00e4ngade \u00e4ndytan genomg\u00e5r finbearbetning f\u00f6r att f\u00f6rb\u00e4ttra slitstyrkan. Regelbunden sm\u00f6rjning med hydraulolja \u00e4r n\u00f6dv\u00e4ndig f\u00f6r att s\u00e4kerst\u00e4lla optimal prestanda och livsl\u00e4ngd.<\/p>\n<h3>F\u00f6rebyggande underh\u00e5ll och fels\u00f6kning av skopcylinder<\/h3>\n<ul>\n<li>Regelbundna inspektioner: Inspektera cylindern regelbundet f\u00f6r att uppt\u00e4cka och \u00e5tg\u00e4rda potentiella problem innan de blir allvarliga.<\/li>\n<li>Korrekt sm\u00f6rjning: Tillr\u00e4cklig sm\u00f6rjning \u00e4r avg\u00f6rande f\u00f6r att cylindern ska fungera effektivt och minska slitage.<\/li>\n<li>Byte av t\u00e4tningar: Slitna t\u00e4tningar kan orsaka l\u00e4ckage och minska cylinderns effektivitet; att byta ut dem kan bidra till att bibeh\u00e5lla optimal prestanda.<\/li>\n<\/ul>\n<p>Det \u00e4r viktigt att installera skopcylindern korrekt och justera den noggrant. Det rekommenderas att anv\u00e4nda l\u00e4mpliga monteringsf\u00e4sten f\u00f6r att s\u00e4kra cylindern. Regelbunden inspektion, reparation och utbyte \u00e4r avg\u00f6rande f\u00f6r att f\u00f6rl\u00e4nga skopcylinderns livsl\u00e4ngd.<\/p>\n<p><img decoding=\"async\" src=\"https:\/\/www.hydraulic-cylinders.net\/wp-content\/uploads\/2025\/01\/songte-chushion-collar.webp\" alt=\"Bild f\u00f6r underh\u00e5ll av skopcylinder\"><\/p>\n<h3>S\u00e4kerhetsaspekter och milj\u00f6faktorer<\/h3>\n<p>Vid anv\u00e4ndning av skopcylindrar \u00e4r det viktigt att beakta s\u00e4kerhets\u00e5tg\u00e4rder f\u00f6r att s\u00e4kerst\u00e4lla att cylindern fungerar effektivt och undvika f\u00f6rlust eller skada. Korrekt kassering av anv\u00e4nda hydraulcylindrar b\u00f6r \u00f6verv\u00e4gas f\u00f6r att f\u00f6rhindra milj\u00f6f\u00f6roreningar och garantera s\u00e4kerheten.<\/p>\n<h3>Diagnostik och fels\u00f6kning av skopcylinder<\/h3>\n<p>Det vanligaste problemet med skopcylindrar \u00e4r skador p\u00e5 t\u00e4tningarna, vilket kan orsaka l\u00e4ckage och minska cylinderns effektivitet. Regelbunden inspektion, ett korrekt underh\u00e5llsschema och snabbt byte av skadade delar kan f\u00f6rhindra detta problem.<\/p>\n<p><img decoding=\"async\" src=\"https:\/\/www.hydraulic-cylinders.net\/wp-content\/uploads\/2025\/01\/songte-bushings-with-all-kinds-of-excavator-models.webp\" alt=\"Fels\u00f6kningsbild f\u00f6r skopcylinder\"><\/p>\n<h2>Om oss<\/h2>\n<p>Vi \u00e4r en tillverkare av hydraulcylindrar f\u00f6r ers\u00e4ttning med ett komplett produktsortiment och har blivit en av de ledande tillverkarna och grossisterna av hydraulcylindrar p\u00e5 den inhemska och internationella marknaden. Vi f\u00f6ljer strategin f\u00f6r industriell produktionsledning baserad p\u00e5 utm\u00e4rkt kvalitet och f\u00f6rlitar oss p\u00e5 till\u00e4mpningen av tekniska talanger, digital avancerad tillverkningsutrustning och professionella testsystem f\u00f6r att kontinuerligt f\u00f6rb\u00e4ttra verkstadens produktionslinje, f\u00f6rb\u00e4ttra produktionslinjens produktkvalitet och ha en stark kreativ f\u00f6rm\u00e5ga att m\u00f6ta kundernas olika behov med principerna om h\u00f6g effektivitet, h\u00f6g precision och h\u00f6g kvalitet.<\/p>\n<p><img decoding=\"async\" src=\"https:\/\/hzpt.com\/wp-content\/uploads\/2024\/11\/songte-company-1.webp\" alt=\"Om oss Bild\"><\/p>\n<h3>V\u00e5ra specialiteter<\/h3>\n<ul>\n<li>Professionalism: Vi har ett team av experter som \u00e4r kunniga om hydraulcylindrar och kan erbjuda skr\u00e4ddarsydda l\u00f6sningar f\u00f6r olika kunder.<\/li>\n<li>Internationella certifieringar: V\u00e5ra produkter \u00e4r internationellt certifierade, vilket s\u00e4kerst\u00e4ller att de uppfyller branschstandarder och f\u00f6reskrifter.<\/li>\n<li>Anpassningstj\u00e4nster: Vi erbjuder kundanpassade hydraulcylindrar enligt kundernas behov och s\u00e4kerst\u00e4ller att cylindern uppfyller deras specifika krav.<\/li>\n<li>Produktionsutrustning: Vi har avancerad produktionsutrustning och teknik f\u00f6r att s\u00e4kerst\u00e4lla produkternas kvalitet och effektivitet.<\/li>\n<li>Eftermarknadsservice: Vi erbjuder en komplett eftermarknadsservice, inklusive reservdelar och renoveringstj\u00e4nster, f\u00f6r att s\u00e4kerst\u00e4lla v\u00e5ra produkters l\u00e5nga livsl\u00e4ngd.<\/li>\n<\/ul>\n<p><img decoding=\"async\" src=\"https:\/\/www.hydraulic-cylinders.net\/wp-content\/uploads\/2025\/01\/songte-company-3.webp\" alt=\"V\u00e5r f\u00f6retagsbild\"><\/p>\n<p><em>F\u00f6rfattare: lyl<\/em><\/p>","protected":false},"excerpt":{"rendered":"<p>Bucket Cylinder for Komatsu Large Excavator PC360-8MO Introduction Defining Bucket Cylinder A bucket cylinder is a specially designed hydraulic cylinder used to control the movement of the bucket in heavy machinery such as excavators, backhoe excavators, and front-end loaders. Its main function is to enable the bucket to lift, lower, and tilt, making it easier [&hellip;]<\/p>","protected":false},"featured_media":14789,"comment_status":"open","ping_status":"closed","template":"","meta":{"_et_pb_use_builder":"","_et_pb_old_content":"","_et_gb_content_width":""},"product_brand":[],"product_cat":[1494],"product_tag":[1495,1496],"class_list":{"0":"post-15147","1":"product","2":"type-product","3":"status-publish","4":"has-post-thumbnail","6":"product_cat-bucket-cylinders","7":"product_tag-bucket-cylinders","8":"product_tag-hydraulic-cylinders","10":"first","11":"instock","12":"shipping-taxable","13":"product-type-simple"},"amp_enabled":true,"_links":{"self":[{"href":"https:\/\/www.hydraulic-cylinders.net\/sv\/wp-json\/wp\/v2\/product\/15147","targetHints":{"allow":["GET"]}}],"collection":[{"href":"https:\/\/www.hydraulic-cylinders.net\/sv\/wp-json\/wp\/v2\/product"}],"about":[{"href":"https:\/\/www.hydraulic-cylinders.net\/sv\/wp-json\/wp\/v2\/types\/product"}],"replies":[{"embeddable":true,"href":"https:\/\/www.hydraulic-cylinders.net\/sv\/wp-json\/wp\/v2\/comments?post=15147"}],"wp:featuredmedia":[{"embeddable":true,"href":"https:\/\/www.hydraulic-cylinders.net\/sv\/wp-json\/wp\/v2\/media\/14789"}],"wp:attachment":[{"href":"https:\/\/www.hydraulic-cylinders.net\/sv\/wp-json\/wp\/v2\/media?parent=15147"}],"wp:term":[{"taxonomy":"product_brand","embeddable":true,"href":"https:\/\/www.hydraulic-cylinders.net\/sv\/wp-json\/wp\/v2\/product_brand?post=15147"},{"taxonomy":"product_cat","embeddable":true,"href":"https:\/\/www.hydraulic-cylinders.net\/sv\/wp-json\/wp\/v2\/product_cat?post=15147"},{"taxonomy":"product_tag","embeddable":true,"href":"https:\/\/www.hydraulic-cylinders.net\/sv\/wp-json\/wp\/v2\/product_tag?post=15147"}],"curies":[{"name":"wp","href":"https:\/\/api.w.org\/{rel}","templated":true}]}}