{"id":15151,"date":"2025-01-19T14:10:12","date_gmt":"2025-01-19T14:10:12","guid":{"rendered":"https:\/\/www.hydraulic-cylinders.net\/product\/bucket-cylinder-for-komatsu-large-excavator-pc400-3-5-6-7-8\/"},"modified":"2025-01-19T14:10:14","modified_gmt":"2025-01-19T14:10:14","slug":"bucket-cylinder-for-komatsu-large-excavator-pc400-3-5-6-7-8","status":"publish","type":"product","link":"https:\/\/www.hydraulic-cylinders.net\/sv\/produkt\/bucket-cylinder-for-komatsu-large-excavator-pc400-3-5-6-7-8\/","title":{"rendered":"Skopscylinder f\u00f6r Komatsu stor gr\u00e4vmaskin PC400-3-5-6-7-8"},"content":{"rendered":"<h1>Skopscylinder f\u00f6r Komatsu stor gr\u00e4vmaskin PC400-3-5-6-7-8<\/h1>\n<h2>Introduktion<\/h2>\n<p>En skopcylinder \u00e4r en specialdesignad hydraulcylinder som anv\u00e4nds f\u00f6r att styra r\u00f6relsen hos skopor i tunga maskiner som gr\u00e4vmaskiner, traktorgr\u00e4vmaskiner och frontlastare. Dess huvudsakliga funktion \u00e4r att g\u00f6ra det m\u00f6jligt f\u00f6r skopan att lyfta, s\u00e4nka och luta, vilket g\u00f6r det enklare att hantera olika materialhanteringsuppgifter. I hydraulsystemet uppn\u00e5r skopcylindern exakt kontroll \u00f6ver skopan genom tryckf\u00f6r\u00e4ndringar i hydrauloljan, vilket g\u00f6r det m\u00f6jligt f\u00f6r operat\u00f6rer att effektivt hantera tunga f\u00f6rem\u00e5l och anpassa sig till komplexa arbetsmilj\u00f6er och olika driftsbehov.<\/p>\n<p><img decoding=\"async\" src=\"https:\/\/www.hydraulic-cylinders.net\/wp-content\/uploads\/2025\/01\/songte-company-2.webp\" alt=\"Bild av skopcylinder\"><\/p>\n<h2>Drag<\/h2>\n<ul>\n<li>H\u00f6g h\u00e5llfasthet och h\u00e5llbarhet: Den \u00e4r vanligtvis tillverkad av h\u00f6gh\u00e5llfast st\u00e5l eller aluminium, t\u00e5l h\u00f6gt tryck och tunga belastningar, anpassar sig till tuffa arbetsmilj\u00f6er och \u00e4r konstruerad med h\u00e4nsyn till slitstyrka och korrosionsbest\u00e4ndighet f\u00f6r att f\u00f6rl\u00e4nga dess livsl\u00e4ngd.<\/li>\n<li>Effektiv hydraulisk drift: Smidiga utskjutnings- och sammandragningsr\u00f6relser uppn\u00e5s genom att utnyttja hydrauloljans tryck, vilket m\u00f6jligg\u00f6r snabb respons p\u00e5 styrkommandon, ger kraftfulla tryck- och dragkrafter och \u00e4r l\u00e4mpliga f\u00f6r hantering av tunga f\u00f6rem\u00e5l och komplexa driftsuppgifter.<\/li>\n<li>Flera typer: Enkelverkande (hydrauliska cylindrar anv\u00e4nds endast i en riktning) eller dubbelverkande (hydrauliska cylindrar anv\u00e4nds i b\u00e5da riktningarna) cylindrar kan v\u00e4ljas efter operativa behov. Vissa modeller \u00e4r teleskopiska, vilket m\u00f6jligg\u00f6r st\u00f6rre utdrag utan att \u00f6ka de yttre m\u00e5tten, l\u00e4mpliga f\u00f6r applikationer med begr\u00e4nsat utrymme.<\/li>\n<li>Enkelt utbyte: V\u00e5r produkt kan perfekt ers\u00e4tta dessa hydraulcylindrar.<\/li>\n<\/ul>\n<p><img decoding=\"async\" src=\"https:\/\/www.hydraulic-cylinders.net\/wp-content\/uploads\/2025\/01\/songte-cylinder-head-with-all-kinds-excavator-models.webp\" alt=\"Bild av skopcylinder\"><\/p>\n<h2>Ans\u00f6kan<\/h2>\n<p>Skopscylindrar anv\u00e4nds ofta inom olika industrier som byggutrustning, jordbruksmaskiner, gr\u00e4vmaskiner och lastare. N\u00e5gra av deras till\u00e4mpningar \u00e4r:<\/p>\n<ul>\n<li>Byggmaskiner: I gr\u00e4vmaskiner \u00e4r de avg\u00f6rande f\u00f6r att gr\u00e4va, lasta och flytta jord eller skr\u00e4p. I gr\u00e4vmaskiner med gr\u00e4vaggregat hj\u00e4lper skopcylindrar till vid b\u00e5de gr\u00e4vning och lyftning. F\u00f6r frontlastare hj\u00e4lper de till vid lyftning och tiltning f\u00f6r effektiv materialhantering.<\/li>\n<li>Jordbruksmaskiner: Anv\u00e4nds i frontlastare f\u00f6r att \u00f6sa, lyfta och transportera jord, h\u00f6 och andra material.<\/li>\n<li>Gr\u00e4vmaskiner: Skopcylindrar m\u00f6jligg\u00f6r gr\u00e4vning genom att l\u00e5ta skopan tr\u00e4nga ner i jorden.<\/li>\n<li>Lastare: I frontlastare hj\u00e4lper de till att lyfta och dumpa last effektivt.<\/li>\n<\/ul>\n<h2>Design\u00f6verv\u00e4ganden och urvalsstandarder<\/h2>\n<p>Vid konstruktion av skopcylindrar \u00e4r flera \u00f6verv\u00e4ganden och urvalsstandarder viktiga:<\/p>\n<ul>\n<li>B\u00e4rf\u00f6rm\u00e5ga: Den ska kunna motst\u00e5 den maximala belastning den \u00e4r avsedd att b\u00e4ra.<\/li>\n<li>T\u00e4tning: Olika t\u00e4tningskomponenter s\u00e5som kolvt\u00e4tningar, kolvst\u00e5ngst\u00e4tningar etc. b\u00f6r anv\u00e4ndas. Polyuretan och nitrilgummi \u00e4r slitstarka material.<\/li>\n<li>H\u00e5llbarhet: Cylinderhuset och de g\u00e4ngade \u00e4ndytorna b\u00f6r finbearbetas f\u00f6r att f\u00f6rb\u00e4ttra slitstyrkan.<\/li>\n<li>S\u00e4kerhet: S\u00e4kerhetsaspekter, s\u00e5som explosionss\u00e4ker design, b\u00f6r beaktas.<\/li>\n<li>Underh\u00e5ll: Enkelt underh\u00e5ll och reparation, s\u00e5som enkel \u00e5tkomst till komponenter, enkelt byte etc.<\/li>\n<\/ul>\n<p><img decoding=\"async\" src=\"https:\/\/www.hydraulic-cylinders.net\/wp-content\/uploads\/2025\/01\/songte-oil-pipes-and-spare-parts.webp\" alt=\"Bild av skopcylinder\"><\/p>\n<h2>T\u00e4tning och sm\u00f6rjning<\/h2>\n<p>Olika typer av t\u00e4tningskomponenter b\u00f6r anv\u00e4ndas i skopcylindrar f\u00f6r att s\u00e4kerst\u00e4lla luftt\u00e4thet och f\u00f6rb\u00e4ttra h\u00e5llbarheten. Polytetrafluoreten (PTFE) och polyuretan \u00e4r tv\u00e5 popul\u00e4ra material f\u00f6r t\u00e4tningsringar. Regelbunden sm\u00f6rjning med l\u00e4mplig hydraulolja kr\u00e4vs ocks\u00e5 f\u00f6r att s\u00e4kerst\u00e4lla korrekt funktion.<\/p>\n<h2>Underh\u00e5ll och reparation<\/h2>\n<p>Regelbundet underh\u00e5ll och f\u00f6rebyggande \u00e5tg\u00e4rder kan f\u00f6rl\u00e4nga livsl\u00e4ngden f\u00f6r skopcylindrar. N\u00e5gra \u00e5tg\u00e4rder inkluderar:<\/p>\n<ul>\n<li>Regelbunden inspektion<\/li>\n<li>Tillr\u00e4cklig sm\u00f6rjning<\/li>\n<li>Byte av t\u00e4tning<\/li>\n<li>Kalibreringskontroll<\/li>\n<\/ul>\n<p>Under installationen \u00e4r det viktigt att rikta in cylindern korrekt och anv\u00e4nda l\u00e4mpliga monteringsf\u00e4sten f\u00f6r att s\u00e4kra den. Det \u00e4r ocks\u00e5 viktigt att f\u00f6lja rekommenderade inspektions-, reparations- och utbytesprocedurer f\u00f6r att s\u00e4kerst\u00e4lla optimal prestanda.<\/p>\n<p><img decoding=\"async\" src=\"https:\/\/www.hydraulic-cylinders.net\/wp-content\/uploads\/2025\/01\/songte-chushion-collar.webp\" alt=\"Bild av skopcylinder\"><\/p>\n<h2>S\u00e4kerhetsaspekter och milj\u00f6faktorer<\/h2>\n<p>Skopscylindrar b\u00f6r hanteras varsamt. S\u00e4kerhetsf\u00f6reskrifter b\u00f6r f\u00f6ljas f\u00f6r att undvika olyckor. Milj\u00f6faktorer b\u00f6r ocks\u00e5 beaktas, s\u00e5som exponering f\u00f6r extrema temperaturer, fuktighet eller korrosiva material.<\/p>\n<h2>Fels\u00f6kning och vanliga problem<\/h2>\n<p>N\u00e5gra av de vanliga problemen som man st\u00e5r inf\u00f6r med skopcylindrar inkluderar:<\/p>\n<ul>\n<li>L\u00e4ckage fr\u00e5n cylindern<\/li>\n<li>L\u00e5ngsam drift eller ryckig r\u00f6relse<\/li>\n<li>Cylinderdrift<\/li>\n<li>Cylinderfel vid ut- eller indragning<\/li>\n<\/ul>\n<p>Korrekt diagnos och fels\u00f6kning av dessa problem kan uppn\u00e5s genom regelbunden inspektion, snabba \u00e5tg\u00e4rder mot identifierade problem och genom att f\u00f6lja rekommenderade underh\u00e5lls- och reparationsprocedurer.<\/p>\n<p><img decoding=\"async\" src=\"https:\/\/www.hydraulic-cylinders.net\/wp-content\/uploads\/2025\/01\/songte-bushings-with-all-kinds-of-excavator-models.webp\" alt=\"Bild av skopcylinder\"><\/p>\n<h2>Om v\u00e5rt f\u00f6retag<\/h2>\n<p>Vi \u00e4r en tillverkare av hydraulcylindrar f\u00f6r reservdelar med ett komplett produktsortiment. Vi har blivit en av de ledande tillverkarna och grossistdistribut\u00f6rerna av hydraulcylindrar p\u00e5 den inhemska och internationella marknaden. Vi f\u00f6ljer principen om utm\u00e4rkt kvalitet och f\u00f6rlitar oss p\u00e5 den industriella produktionsledningsstrategin fr\u00e5n fintillverkningsverkst\u00e4der. Vi f\u00f6rb\u00e4ttrar kontinuerligt verkst\u00e4dernas tillverkningsplattform, finslipar produktionsv\u00e4gen f\u00f6r produktkvalitet och har en stark kreativ f\u00f6rm\u00e5ga f\u00f6r att m\u00f6ta kundernas olika behov med h\u00f6g effektivitet, h\u00f6g precision och h\u00f6g kvalitet. <\/p>\n<p>Vi erbjuder kundanpassade tj\u00e4nster, internationell certifiering och h\u00f6gkvalitativ produktionsutrustning. V\u00e5r eftermarknadsservice \u00e4r oklanderlig och erbjuder reservdelsbyte och reparationer f\u00f6r att f\u00f6rl\u00e4nga livsl\u00e4ngden p\u00e5 hydraulcylindrar. <\/p>\n<p><img decoding=\"async\" src=\"https:\/\/hzpt.com\/wp-content\/uploads\/2024\/11\/songte-company-1.webp\" alt=\"Bild av skopcylinder\"><\/p>\n<p>F\u00f6rfattare: lyl<\/p>","protected":false},"excerpt":{"rendered":"<p>Bucket Cylinder For Komatsu Large Excavator PC400-3-5-6-7-8 Introduction A bucket cylinder is a specially designed hydraulic cylinder used to control the movement of buckets in heavy machinery such as excavators, backhoe excavators, and front-end loaders. Its main function is to enable the bucket to lift, lower, and tilt, making it easier to handle various material [&hellip;]<\/p>","protected":false},"featured_media":14784,"comment_status":"open","ping_status":"closed","template":"","meta":{"_et_pb_use_builder":"","_et_pb_old_content":"","_et_gb_content_width":""},"product_brand":[],"product_cat":[1494],"product_tag":[1495,1496],"class_list":{"0":"post-15151","1":"product","2":"type-product","3":"status-publish","4":"has-post-thumbnail","6":"product_cat-bucket-cylinders","7":"product_tag-bucket-cylinders","8":"product_tag-hydraulic-cylinders","10":"first","11":"instock","12":"shipping-taxable","13":"product-type-simple"},"amp_enabled":true,"_links":{"self":[{"href":"https:\/\/www.hydraulic-cylinders.net\/sv\/wp-json\/wp\/v2\/product\/15151","targetHints":{"allow":["GET"]}}],"collection":[{"href":"https:\/\/www.hydraulic-cylinders.net\/sv\/wp-json\/wp\/v2\/product"}],"about":[{"href":"https:\/\/www.hydraulic-cylinders.net\/sv\/wp-json\/wp\/v2\/types\/product"}],"replies":[{"embeddable":true,"href":"https:\/\/www.hydraulic-cylinders.net\/sv\/wp-json\/wp\/v2\/comments?post=15151"}],"wp:featuredmedia":[{"embeddable":true,"href":"https:\/\/www.hydraulic-cylinders.net\/sv\/wp-json\/wp\/v2\/media\/14784"}],"wp:attachment":[{"href":"https:\/\/www.hydraulic-cylinders.net\/sv\/wp-json\/wp\/v2\/media?parent=15151"}],"wp:term":[{"taxonomy":"product_brand","embeddable":true,"href":"https:\/\/www.hydraulic-cylinders.net\/sv\/wp-json\/wp\/v2\/product_brand?post=15151"},{"taxonomy":"product_cat","embeddable":true,"href":"https:\/\/www.hydraulic-cylinders.net\/sv\/wp-json\/wp\/v2\/product_cat?post=15151"},{"taxonomy":"product_tag","embeddable":true,"href":"https:\/\/www.hydraulic-cylinders.net\/sv\/wp-json\/wp\/v2\/product_tag?post=15151"}],"curies":[{"name":"wp","href":"https:\/\/api.w.org\/{rel}","templated":true}]}}