{"id":15154,"date":"2025-01-19T14:10:24","date_gmt":"2025-01-19T14:10:24","guid":{"rendered":"https:\/\/www.hydraulic-cylinders.net\/product\/bucket-cylinder-for-komatsu-wheel-excavator-pw100s\/"},"modified":"2025-01-19T14:10:26","modified_gmt":"2025-01-19T14:10:26","slug":"bucket-cylinder-for-komatsu-wheel-excavator-pw100s","status":"publish","type":"product","link":"https:\/\/www.hydraulic-cylinders.net\/sv\/produkt\/bucket-cylinder-for-komatsu-wheel-excavator-pw100s\/","title":{"rendered":"Skopscylinder f\u00f6r Komatsu-hjulgr\u00e4vmaskin PW100S"},"content":{"rendered":"<p><!DOCTYPE html><br \/>\n<html><br \/>\n<head><br \/>\n<title>Skopscylinder f\u00f6r Komatsu-hjulgr\u00e4vmaskin PW100S<\/title><br \/>\n<\/head><br \/>\n<body><\/p>\n<h1>Skopscylinder f\u00f6r Komatsu-hjulgr\u00e4vmaskin PW100S<\/h1>\n<h2>Introduktion<\/h2>\n<p>En skopcylinder f\u00f6r Komatsus hjulgr\u00e4vmaskiner, n\u00e4rmare best\u00e4mt modellen PW100S, \u00e4r en specialdesignad hydraulcylinder som anv\u00e4nds f\u00f6r att styra skopans r\u00f6relse i tunga maskiner som gr\u00e4vmaskiner, traktorgr\u00e4vmaskiner och frontlastare. Dess huvudsakliga funktion \u00e4r att g\u00f6ra det m\u00f6jligt att lyfta, s\u00e4nka och luta skopan, vilket g\u00f6r det enklare f\u00f6r olika materialhanteringsuppgifter. I hydraulsystemet uppn\u00e5r skopcylindern exakt kontroll \u00f6ver skopan genom att utnyttja tryckf\u00f6r\u00e4ndringarna i hydrauloljan, vilket g\u00f6r det m\u00f6jligt f\u00f6r operat\u00f6rer att effektivt hantera tunga laster och anpassa sig till komplexa arbetsmilj\u00f6er och olika arbetskrav.<\/p>\n<p><img decoding=\"async\" src=\"https:\/\/www.hydraulic-cylinders.net\/wp-content\/uploads\/2025\/01\/songte-company-2.webp\" alt=\"Bild av skopcylinder\"><\/p>\n<h2>Drag<\/h2>\n<ul>\n<li><strong>H\u00f6g styrka och h\u00e5llbarhet:<\/strong> Den \u00e4r vanligtvis tillverkad av h\u00f6gh\u00e5llfast st\u00e5l eller aluminium och t\u00e5l h\u00f6gt tryck och tunga belastningar, vilket g\u00f6r den anpassad till tuffa arbetsmilj\u00f6er. Konstruktionen tar h\u00e4nsyn till slitstyrka och korrosionsbest\u00e4ndighet, vilket f\u00f6rl\u00e4nger dess livsl\u00e4ngd.<\/li>\n<li><strong>Effektiv hydraulisk drift:<\/strong> Genom att utnyttja hydrauloljans tryck uppn\u00e5r den smidiga ut- och indragningsr\u00f6relser, svarar snabbt p\u00e5 kontrollkommandon och ger kraftfulla tryck- och dragkrafter, l\u00e4mplig f\u00f6r hantering av tunga laster och komplexa arbetsuppgifter.<\/li>\n<li><strong>Olika typer:<\/strong> Skopcylindern kan v\u00e4ljas som enkelverkande (hydraulisk anv\u00e4nds endast i en riktning) eller dubbelverkande (hydraulisk anv\u00e4nds i b\u00e5da riktningarna) cylindrar enligt kraven, f\u00f6r att m\u00f6ta olika driftsbehov. Vissa modeller \u00e4r teleskopiska, vilket m\u00f6jligg\u00f6r st\u00f6rre utdrag utan att \u00f6ka de yttersta m\u00e5tten, vilket g\u00f6r dem l\u00e4mpliga f\u00f6r applikationer med begr\u00e4nsat utrymme.<\/li>\n<li><strong>Ers\u00e4ttning f\u00f6r hydraulcylindrar:<\/strong> V\u00e5ra produkter kan perfekt ers\u00e4tta dessa hydraulcylindrar.<\/li>\n<\/ul>\n<p><img decoding=\"async\" src=\"https:\/\/www.hydraulic-cylinders.net\/wp-content\/uploads\/2025\/01\/songte-cylinder-head-with-all-kinds-excavator-models.webp\" alt=\"Produktbytesbild\"><\/p>\n<h2>Applikationer<\/h2>\n<p>Skopcylindern till Komatsu-hjulgr\u00e4vmaskinen PW100S anv\u00e4nds i olika till\u00e4mpningar:<\/p>\n<ul>\n<li><strong>Byggutrustning:<\/strong> Den spelar en avg\u00f6rande roll i gr\u00e4vmaskiner f\u00f6r att gr\u00e4va, lasta och flytta jord eller skr\u00e4p. I gr\u00e4vmaskiner med gr\u00e4vaggregat hj\u00e4lper skopcylindern till med b\u00e5de gr\u00e4vning och lyftning.<\/li>\n<li><strong>Jordbruksmaskiner:<\/strong> Den anv\u00e4nds i frontlastare f\u00f6r att \u00f6sa, lyfta och transportera jord, h\u00f6 och andra material.<\/li>\n<li><strong>Gr\u00e4vmaskiner:<\/strong> Skopans cylinder m\u00f6jligg\u00f6r gr\u00e4vning genom att l\u00e5ta skopan tr\u00e4nga ner i jorden.<\/li>\n<li><strong>Lastare:<\/strong> I frontlastare hj\u00e4lper de till att lyfta och lossa gods effektivt.<\/li>\n<\/ul>\n<h2>Design\u00f6verv\u00e4ganden och urvalskriterier<\/h2>\n<p>Vid konstruktionen av skopcylindern beaktas viktiga faktorer som b\u00e4rf\u00f6rm\u00e5ga, t\u00e4tning, h\u00e5llbarhet, s\u00e4kerhet och underh\u00e5llbarhet:<\/p>\n<p><img decoding=\"async\" src=\"https:\/\/www.hydraulic-cylinders.net\/wp-content\/uploads\/2025\/01\/songte-oil-pipes-and-spare-parts.webp\" alt=\"Design\u00f6verv\u00e4ganden Bild\"><\/p>\n<h2>T\u00e4tning och sm\u00f6rjning<\/h2>\n<p>Skopscylindern anv\u00e4nder olika t\u00e4tningskomponenter s\u00e5som kolvt\u00e4tningar och kolvst\u00e5ngst\u00e4tningar tillverkade av slitstarka material som polyuretan och nitrilgummi. Cylinderhuset och de g\u00e4ngade \u00e4ndarna genomg\u00e5r finbearbetning f\u00f6r att f\u00f6rb\u00e4ttra slitstyrkan. Regelbunden sm\u00f6rjning med en l\u00e4mplig m\u00e4ngd hydraulolja \u00e4r n\u00f6dv\u00e4ndig.<\/p>\n<h2>Inspektion och f\u00f6rebyggande underh\u00e5ll<\/h2>\n<p>F\u00f6r att s\u00e4kerst\u00e4lla optimal prestanda och livsl\u00e4ngd b\u00f6r regelbundna inspektioner och f\u00f6rebyggande underh\u00e5lls\u00e5tg\u00e4rder vidtas:<\/p>\n<h2>Produktinstallationsguide<\/h2>\n<p>Korrekt installation \u00e4r avg\u00f6rande f\u00f6r skopcylinderns prestanda. H\u00e4r \u00e4r riktlinjerna:<\/p>\n<h2>Underh\u00e5llsuppgifter<\/h2>\n<p>Vanliga underh\u00e5llsuppgifter inkluderar regelbundna inspektioner, korrekt sm\u00f6rjning, byte av t\u00e4tningar och kalibreringskontroller:<\/p>\n<p><img decoding=\"async\" src=\"https:\/\/www.hydraulic-cylinders.net\/wp-content\/uploads\/2025\/01\/songte-chushion-collar.webp\" alt=\"Bild f\u00f6r underh\u00e5llsuppgifter\"><\/p>\n<h2>S\u00e4kerhetsaspekter och milj\u00f6faktorer<\/h2>\n<p>N\u00e4r skopcylindern anv\u00e4nds \u00e4r s\u00e4kerhets\u00e5tg\u00e4rder av yttersta vikt:<\/p>\n<h2>Feldiagnos och vanliga problem<\/h2>\n<p>H\u00e4r \u00e4r n\u00e5gra vanliga fel och deras potentiella l\u00f6sningar:<\/p>\n<p><img decoding=\"async\" src=\"https:\/\/www.hydraulic-cylinders.net\/wp-content\/uploads\/2025\/01\/songte-bushings-with-all-kinds-of-excavator-models.webp\" alt=\"Feldiagnosbild\"><\/p>\n<h2>Slutsats<\/h2>\n<p>V\u00e5rt f\u00f6retag \u00e4r en ledande tillverkare och grossistdistribut\u00f6r av hydraulcylindrar p\u00e5 den inhemska och internationella marknaden. Vi erbjuder ett brett utbud av produkter och str\u00e4var efter h\u00f6gsta kvalitet genom att anv\u00e4nda avancerade tillverkningsanl\u00e4ggningar, professionella inspektionssystem och en h\u00f6gkvalificerad arbetsstyrka. Vi erbjuder kundanpassade tj\u00e4nster, s\u00e4kerst\u00e4ller internationella certifieringar och erbjuder omfattande eftermarknadssupport.<\/p>\n<p><img decoding=\"async\" src=\"https:\/\/www.hydraulic-cylinders.net\/wp-content\/uploads\/2025\/01\/songte-company-3.webp\" alt=\"F\u00f6retags\u00f6versiktsbild\"><\/p>\n<p>F\u00f6rfattare: lyl<\/p>\n<p><\/body><br \/>\n<\/html><\/p>","protected":false},"excerpt":{"rendered":"<p>Bucket Cylinder For Komatsu Wheel Excavator PW100S Bucket Cylinder For Komatsu Wheel Excavator PW100S Introduction A bucket cylinder for Komatsu wheel excavators, specifically the PW100S model, is a specially designed hydraulic cylinder used to control the movement of the bucket in heavy machinery such as excavators, backhoe excavators, and front loaders. Its main function is [&hellip;]<\/p>","protected":false},"featured_media":14778,"comment_status":"open","ping_status":"closed","template":"","meta":{"_et_pb_use_builder":"","_et_pb_old_content":"","_et_gb_content_width":""},"product_brand":[],"product_cat":[1494],"product_tag":[1495,1496],"class_list":{"0":"post-15154","1":"product","2":"type-product","3":"status-publish","4":"has-post-thumbnail","6":"product_cat-bucket-cylinders","7":"product_tag-bucket-cylinders","8":"product_tag-hydraulic-cylinders","10":"first","11":"instock","12":"shipping-taxable","13":"product-type-simple"},"amp_enabled":true,"_links":{"self":[{"href":"https:\/\/www.hydraulic-cylinders.net\/sv\/wp-json\/wp\/v2\/product\/15154","targetHints":{"allow":["GET"]}}],"collection":[{"href":"https:\/\/www.hydraulic-cylinders.net\/sv\/wp-json\/wp\/v2\/product"}],"about":[{"href":"https:\/\/www.hydraulic-cylinders.net\/sv\/wp-json\/wp\/v2\/types\/product"}],"replies":[{"embeddable":true,"href":"https:\/\/www.hydraulic-cylinders.net\/sv\/wp-json\/wp\/v2\/comments?post=15154"}],"wp:featuredmedia":[{"embeddable":true,"href":"https:\/\/www.hydraulic-cylinders.net\/sv\/wp-json\/wp\/v2\/media\/14778"}],"wp:attachment":[{"href":"https:\/\/www.hydraulic-cylinders.net\/sv\/wp-json\/wp\/v2\/media?parent=15154"}],"wp:term":[{"taxonomy":"product_brand","embeddable":true,"href":"https:\/\/www.hydraulic-cylinders.net\/sv\/wp-json\/wp\/v2\/product_brand?post=15154"},{"taxonomy":"product_cat","embeddable":true,"href":"https:\/\/www.hydraulic-cylinders.net\/sv\/wp-json\/wp\/v2\/product_cat?post=15154"},{"taxonomy":"product_tag","embeddable":true,"href":"https:\/\/www.hydraulic-cylinders.net\/sv\/wp-json\/wp\/v2\/product_tag?post=15154"}],"curies":[{"name":"wp","href":"https:\/\/api.w.org\/{rel}","templated":true}]}}