{"id":15159,"date":"2025-01-19T14:10:49","date_gmt":"2025-01-19T14:10:49","guid":{"rendered":"https:\/\/www.hydraulic-cylinders.net\/product\/bucket-cylinder-for-komatsu-wheel-excavator-pw130es-6\/"},"modified":"2025-01-19T14:10:51","modified_gmt":"2025-01-19T14:10:51","slug":"bucket-cylinder-for-komatsu-wheel-excavator-pw130es-6","status":"publish","type":"product","link":"https:\/\/www.hydraulic-cylinders.net\/sv\/produkt\/bucket-cylinder-for-komatsu-wheel-excavator-pw130es-6\/","title":{"rendered":"Skopscylinder f\u00f6r Komatsu-hjulgr\u00e4vmaskin PW130ES-6"},"content":{"rendered":"<p><!DOCTYPE html><br \/>\n<html><\/p>\n<p><head><br \/>\n    <title>Skopscylinder f\u00f6r Komatsu-hjulgr\u00e4vmaskin PW130ES-6<\/title><br \/>\n<\/head><\/p>\n<p><body><\/p>\n<h1>Skopscylinder f\u00f6r Komatsu-hjulgr\u00e4vmaskin PW130ES-6<\/h1>\n<h2>Definition av skopcylinder<\/h2>\n<p>En skopcylinder \u00e4r en specialdesignad hydraulcylinder som anv\u00e4nds f\u00f6r att styra skopans r\u00f6relse i tunga maskiner som gr\u00e4vmaskiner, gr\u00e4vmaskiner och hjullastare. Dess huvudsakliga funktion \u00e4r att g\u00f6ra det m\u00f6jligt f\u00f6r skopan att utf\u00f6ra lyft-, s\u00e4nk- och tiltningsr\u00f6relser, vilket g\u00f6r det enklare att hantera olika materialhanteringsuppgifter. I hydraulsystemet uppn\u00e5r skopcylindern exakt kontroll \u00f6ver skopan genom att utnyttja tryckf\u00f6r\u00e4ndringarna i hydrauloljan, vilket g\u00f6r det m\u00f6jligt f\u00f6r operat\u00f6rer att effektivt hantera tunga laster och anpassa sig till komplexa arbetsmilj\u00f6er och olika driftskrav.<\/p>\n<p>    <img decoding=\"async\" src=\"https:\/\/www.hydraulic-cylinders.net\/wp-content\/uploads\/2025\/01\/songte-company-2.webp\"><\/p>\n<h2>Funktioner hos skopcylindern<\/h2>\n<ul>\n<li>H\u00f6g h\u00e5llfasthet och h\u00e5llbarhet: Vanligtvis tillverkad av h\u00f6gh\u00e5llfast st\u00e5l eller aluminium, t\u00e5l h\u00f6gt tryck och tunga belastningar, anpassar sig till tuffa arbetsmilj\u00f6er och \u00e4r konstruerad med h\u00e4nsyn till slitstyrka och korrosionsbest\u00e4ndighet f\u00f6r att f\u00f6rl\u00e4nga dess livsl\u00e4ngd.<\/li>\n<li>Effektiv hydraulisk drift: Utnyttjar hydrauloljans tryck f\u00f6r att uppn\u00e5 smidiga ut- och indragningsr\u00f6relser, kan reagera snabbt p\u00e5 kontrollkommandon, ger kraftfulla tryck- och dragkrafter, l\u00e4mplig f\u00f6r hantering av tunga laster och komplexa driftsuppgifter.<\/li>\n<li>Olika typer: Man kan v\u00e4lja mellan enkelverkande (hydrauliska cylindrar anv\u00e4nds endast i en riktning) eller dubbelverkande (hydrauliska cylindrar anv\u00e4nds i b\u00e5da riktningarna) beroende p\u00e5 specifika driftskrav. Vissa modeller \u00e4r teleskopiska, vilket m\u00f6jligg\u00f6r st\u00f6rre utdrag utan att \u00f6ka de yttre m\u00e5tten, l\u00e4mpliga f\u00f6r utrymmesbegr\u00e4nsade till\u00e4mpningar.<\/li>\n<\/ul>\n<p>    <img decoding=\"async\" src=\"https:\/\/www.hydraulic-cylinders.net\/wp-content\/uploads\/2025\/01\/songte-cylinder-head-with-all-kinds-excavator-models.webp\"><\/p>\n<h2>Till\u00e4mpningar av hinkcylinder<\/h2>\n<p>Skopscylindrar anv\u00e4nds i olika typer av utrustning:<\/p>\n<ul>\n<li>Byggutrustning: De finns i gr\u00e4vmaskiner och \u00e4r avg\u00f6rande f\u00f6r att gr\u00e4va, lasta och flytta jord eller skr\u00e4p. I gr\u00e4vlastare hj\u00e4lper skopcylindrar till b\u00e5de gr\u00e4vning och lyftning.<\/li>\n<li>Jordbruksmaskiner: Anv\u00e4nds i frontlastare f\u00f6r att \u00f6sa, lyfta och transportera jord, h\u00f6 och andra material.<\/li>\n<li>Gr\u00e4vmaskiner: Skopscylindrar m\u00f6jligg\u00f6r gr\u00e4vning genom att l\u00e5ta skopan tr\u00e4nga ner i jorden.<\/li>\n<li>Hjullastare: I hjullastare hj\u00e4lper de till med lyftning och tiltning f\u00f6r effektiv dumpning av gods.<\/li>\n<\/ul>\n<h2>Design\u00f6verv\u00e4ganden och urvalskriterier<\/h2>\n<p>Vid konstruktion och val av skopcylindrar m\u00e5ste flera faktorer beaktas:<\/p>\n<ul>\n<li>B\u00e4rf\u00f6rm\u00e5ga: Cylindern ska kunna motst\u00e5 den f\u00f6rv\u00e4ntade belastningen utan att g\u00e5 s\u00f6nder.<\/li>\n<li>T\u00e4tning: Olika t\u00e4tningselement, s\u00e5som kolvt\u00e4tningar och kolvst\u00e5ngst\u00e4tningar av slitstarka material som polyuretan eller nitrilgummi, b\u00f6r anv\u00e4ndas f\u00f6r att s\u00e4kerst\u00e4lla korrekt t\u00e4tning och f\u00f6rhindra l\u00e4ckage.<\/li>\n<li>H\u00e5llbarhet: Cylinderhuset och g\u00e4ngade \u00e4ndar b\u00f6r genomg\u00e5 en finbehandling f\u00f6r att f\u00f6rb\u00e4ttra slitstyrkan.<\/li>\n<li>S\u00e4kerhet: S\u00e4kerhetsfunktioner som tryckavlastningsventiler b\u00f6r inf\u00f6rlivas f\u00f6r att f\u00f6rhindra \u00f6verbelastning och s\u00e4kerst\u00e4lla s\u00e4ker drift.<\/li>\n<li>Underh\u00e5llbarhet: Enkel \u00e5tkomst f\u00f6r underh\u00e5ll och reparation b\u00f6r beaktas, vilket m\u00f6jligg\u00f6r effektiv service och minimerar stillest\u00e5ndstid.<\/li>\n<\/ul>\n<p>    <img decoding=\"async\" src=\"https:\/\/www.hydraulic-cylinders.net\/wp-content\/uploads\/2025\/01\/songte-oil-pipes-and-spare-parts.webp\"><\/p>\n<h2>T\u00e4tning och sm\u00f6rjning<\/h2>\n<p>Skopscylindrar anv\u00e4nder olika t\u00e4tningar, s\u00e5som kolvt\u00e4tningar och kolvst\u00e5ngst\u00e4tningar, tillverkade av slitstarka material som polyuretan eller nitrilgummi. Cylinderhuset och de g\u00e4ngade \u00e4ndarna \u00e4r fint bearbetade f\u00f6r att f\u00f6rb\u00e4ttra slitstyrkan. Regelbunden sm\u00f6rjning med l\u00e4mplig m\u00e4ngd hydraulolja \u00e4r n\u00f6dv\u00e4ndig f\u00f6r att s\u00e4kerst\u00e4lla smidig drift och f\u00f6rl\u00e4nga cylinderns livsl\u00e4ngd.<\/p>\n<h2>Underh\u00e5ll och f\u00f6rebyggande \u00e5tg\u00e4rder<\/h2>\n<p>Regelbunden inspektion och f\u00f6rebyggande underh\u00e5ll \u00e4r avg\u00f6rande f\u00f6r optimal prestanda och livsl\u00e4ngd hos skopcylindrar. N\u00e5gra \u00e5tg\u00e4rder att \u00f6verv\u00e4ga inkluderar:<\/p>\n<ul>\n<li>Regelbunden inspektion av cylindern f\u00f6r tecken p\u00e5 skador eller slitage.<\/li>\n<li>Korrekt sm\u00f6rjning f\u00f6r att s\u00e4kerst\u00e4lla smidig drift och f\u00f6rhindra friktionsrelaterade problem.<\/li>\n<li>Regelbundet byte av t\u00e4tningar f\u00f6r att bibeh\u00e5lla korrekt t\u00e4tning och f\u00f6rhindra l\u00e4ckage.<\/li>\n<li>Kalibreringskontroller f\u00f6r att s\u00e4kerst\u00e4lla korrekt cylinderfunktion.<\/li>\n<\/ul>\n<p>    <img decoding=\"async\" src=\"https:\/\/www.hydraulic-cylinders.net\/wp-content\/uploads\/2025\/01\/songte-chushion-collar.webp\"><\/p>\n<h2>S\u00e4kerhetsaspekter och milj\u00f6faktorer<\/h2>\n<p>Vid anv\u00e4ndning av skopcylindrar \u00e4r det avg\u00f6rande att prioritera s\u00e4kerhets\u00e5tg\u00e4rder f\u00f6r att f\u00f6rhindra olyckor och s\u00e4kerst\u00e4lla operat\u00f6rernas och omgivande personals v\u00e4lbefinnande. \u00d6verv\u00e4ganden b\u00f6r g\u00f6ras g\u00e4llande s\u00e4kra driftsprocedurer, korrekt utbildning och efterlevnad av s\u00e4kerhetsriktlinjer som fastst\u00e4llts av tillsynsmyndigheter.<\/p>\n<h2>Feldiagnos och vanliga problem<\/h2>\n<p>Vid systemfel \u00e4r det viktigt att diagnostisera och \u00e5tg\u00e4rda problemet omedelbart. N\u00e5gra vanliga problem som kan uppst\u00e5 inkluderar:<\/p>\n<ul>\n<li>L\u00e4ckage: Kontrollera om det finns skadade t\u00e4tningar eller l\u00f6sa anslutningar och byt ut eller dra \u00e5t dem d\u00e4refter.<\/li>\n<li>L\u00e5ngsam eller inkonsekvent r\u00f6relse: Kontrollera hydraulsystemet f\u00f6r eventuella blockeringar eller otillr\u00e4ckliga v\u00e4tskeniv\u00e5er och \u00e5tg\u00e4rda problemet genom att rensa hinder eller fylla p\u00e5 v\u00e4tska.<\/li>\n<li>F\u00f6r mycket buller eller vibrationer: Unders\u00f6k m\u00f6jliga orsaker s\u00e5som feljustering, slitna komponenter eller otillr\u00e4cklig sm\u00f6rjning och vidta l\u00e4mpliga korrigerande \u00e5tg\u00e4rder.<\/li>\n<\/ul>\n<p>    <img decoding=\"async\" src=\"https:\/\/www.hydraulic-cylinders.net\/wp-content\/uploads\/2025\/01\/songte-bushings-with-all-kinds-of-excavator-models.webp\"><\/p>\n<h2>Underh\u00e5llsuppgifter<\/h2>\n<p>Vanliga underh\u00e5llsuppgifter f\u00f6r skopcylindrar inkluderar:<\/p>\n<ul>\n<li>Regelbunden inspektion f\u00f6r att identifiera eventuella problem eller slitage.<\/li>\n<li>L\u00e4mplig sm\u00f6rjning f\u00f6r att s\u00e4kerst\u00e4lla smidig drift och minimera friktion.<\/li>\n<li>Byte av t\u00e4tning f\u00f6r att bibeh\u00e5lla korrekt t\u00e4tning och f\u00f6rhindra l\u00e4ckage.<\/li>\n<li>Kalibreringskontroller f\u00f6r att s\u00e4kerst\u00e4lla korrekt drift.<\/li>\n<\/ul>\n<h2>Vikten av korrekt installation<\/h2>\n<p>Korrekt installation av skopcylindrar \u00e4r avg\u00f6rande f\u00f6r deras optimala prestanda och livsl\u00e4ngd. Det \u00e4r viktigt att justera cylindern korrekt under installationsprocessen. Anv\u00e4ndning av l\u00e4mpliga installationsf\u00e4sten f\u00f6r att s\u00e4kra cylindern rekommenderas. Artikeln ger rekommenderade procedurer f\u00f6r inspektion, reparation och utbyte, samt tips f\u00f6r att \u00f6ka skopcylinderns livsl\u00e4ngd.<\/p>\n<p>    <img decoding=\"async\" src=\"https:\/\/www.hydraulic-cylinders.net\/wp-content\/uploads\/2025\/01\/songte-company-1.webp\"><\/p>\n<h2>F\u00f6retagsintroduktion<\/h2>\n<p>Vi \u00e4r en tillverkare av hydrauliska reservcylindrar och en av de ledande tillverkarna och grossistdistribut\u00f6rerna p\u00e5 den inhemska och internationella marknaden. V\u00e5rt produktsortiment \u00e4r omfattande och vi f\u00f6ljer principerna om utm\u00e4rkt kvalitet och effektiv produktionshantering. Med hj\u00e4lp av avancerad tillverkningsutrustning, professionella testsystem och utnyttjande av teknisk talang f\u00f6rb\u00e4ttrar vi kontinuerligt v\u00e5r tillverkningsplattform och produktkvalitet f\u00f6r att m\u00f6ta olika kunders behov.<\/p>\n<h3>V\u00e5ra f\u00f6retags h\u00f6jdpunkter:<\/h3>\n<ul>\n<li>Professionalism: Vi prioriterar expertis inom hydraulcylindrar och s\u00e4kerst\u00e4ller produkter och tj\u00e4nster av h\u00f6gsta kvalitet.<\/li>\n<li>Internationella certifieringar: V\u00e5ra produkter uppfyller internationella standarder och genomg\u00e5r rigor\u00f6sa kvalitetskontroller.<\/li>\n<li>Anpassningstj\u00e4nster: Vi erbjuder skr\u00e4ddarsydda l\u00f6sningar f\u00f6r att m\u00f6ta specifika kundkrav.<\/li>\n<li>Toppmodern produktionsutrustning: Vi anv\u00e4nder avancerad tillverkningsutrustning f\u00f6r att s\u00e4kerst\u00e4lla effektivitet och precision.<\/li>","protected":false},"excerpt":{"rendered":"<p>Bucket Cylinder For Komatsu Wheel Excavator PW130ES-6 Bucket Cylinder For Komatsu Wheel Excavator PW130ES-6 Definition of Bucket Cylinder A bucket cylinder is a specially designed hydraulic cylinder used to control the movement of the bucket in heavy machinery such as excavators, backhoe excavators, and wheel loaders. Its main function is to enable the bucket to [&hellip;]<\/p>","protected":false},"featured_media":14765,"comment_status":"open","ping_status":"closed","template":"","meta":{"_et_pb_use_builder":"","_et_pb_old_content":"","_et_gb_content_width":""},"product_brand":[],"product_cat":[1494],"product_tag":[1495,1496],"class_list":{"0":"post-15159","1":"product","2":"type-product","3":"status-publish","4":"has-post-thumbnail","6":"product_cat-bucket-cylinders","7":"product_tag-bucket-cylinders","8":"product_tag-hydraulic-cylinders","10":"first","11":"instock","12":"shipping-taxable","13":"product-type-simple"},"amp_enabled":true,"_links":{"self":[{"href":"https:\/\/www.hydraulic-cylinders.net\/sv\/wp-json\/wp\/v2\/product\/15159","targetHints":{"allow":["GET"]}}],"collection":[{"href":"https:\/\/www.hydraulic-cylinders.net\/sv\/wp-json\/wp\/v2\/product"}],"about":[{"href":"https:\/\/www.hydraulic-cylinders.net\/sv\/wp-json\/wp\/v2\/types\/product"}],"replies":[{"embeddable":true,"href":"https:\/\/www.hydraulic-cylinders.net\/sv\/wp-json\/wp\/v2\/comments?post=15159"}],"wp:featuredmedia":[{"embeddable":true,"href":"https:\/\/www.hydraulic-cylinders.net\/sv\/wp-json\/wp\/v2\/media\/14765"}],"wp:attachment":[{"href":"https:\/\/www.hydraulic-cylinders.net\/sv\/wp-json\/wp\/v2\/media?parent=15159"}],"wp:term":[{"taxonomy":"product_brand","embeddable":true,"href":"https:\/\/www.hydraulic-cylinders.net\/sv\/wp-json\/wp\/v2\/product_brand?post=15159"},{"taxonomy":"product_cat","embeddable":true,"href":"https:\/\/www.hydraulic-cylinders.net\/sv\/wp-json\/wp\/v2\/product_cat?post=15159"},{"taxonomy":"product_tag","embeddable":true,"href":"https:\/\/www.hydraulic-cylinders.net\/sv\/wp-json\/wp\/v2\/product_tag?post=15159"}],"curies":[{"name":"wp","href":"https:\/\/api.w.org\/{rel}","templated":true}]}}