{"id":15162,"date":"2025-01-19T14:11:01","date_gmt":"2025-01-19T14:11:01","guid":{"rendered":"https:\/\/www.hydraulic-cylinders.net\/product\/bucket-cylinder-for-hitachi-wheel-excavator-zx140w-3\/"},"modified":"2025-01-19T14:11:03","modified_gmt":"2025-01-19T14:11:03","slug":"bucket-cylinder-for-hitachi-wheel-excavator-zx140w-3","status":"publish","type":"product","link":"https:\/\/www.hydraulic-cylinders.net\/sv\/produkt\/bucket-cylinder-for-hitachi-wheel-excavator-zx140w-3\/","title":{"rendered":"Skopscylinder f\u00f6r Hitachi hjulgr\u00e4vmaskin ZX140W-3"},"content":{"rendered":"<h1>Skopscylinder f\u00f6r Hitachi hjulgr\u00e4vmaskin ZX140W-3<\/h1>\n<h2>Introduktion<\/h2>\n<p>Skopcylindern f\u00f6r Hitachi hjulgr\u00e4vmaskin ZX140W-3 \u00e4r en specialdesignad hydraulcylinder som fr\u00e4mst anv\u00e4nds f\u00f6r att styra skopans r\u00f6relse i tunga maskiner som gr\u00e4vmaskiner, gr\u00e4vmaskiner och frontlastare. Dess huvudsakliga funktion \u00e4r att l\u00e5ta skopan lyftas, s\u00e4nkas och lutas, vilket g\u00f6r det enklare att hantera olika materialhanteringsuppgifter. I hydraulsystemet uppn\u00e5r skopcylindern exakt kontroll \u00f6ver skopans r\u00f6relse genom f\u00f6r\u00e4ndringar i hydrauloljetrycket, vilket g\u00f6r det m\u00f6jligt f\u00f6r f\u00f6rare att effektivt hantera tunga laster och anpassa sig till komplexa arbetsmilj\u00f6er och olika driftskrav.<\/p>\n<p><img decoding=\"async\" src=\"https:\/\/www.hydraulic-cylinders.net\/wp-content\/uploads\/2025\/01\/songte-company-2.webp\"><\/p>\n<h2>Drag<\/h2>\n<ul>\n<li>H\u00f6g h\u00e5llfasthet och h\u00e5llbarhet: Vanligtvis tillverkad av h\u00f6gh\u00e5llfast st\u00e5l eller aluminium, t\u00e5l h\u00f6gt tryck och tunga belastningar, och \u00e4r konstruerad med slitstyrka och korrosionsbest\u00e4ndighet f\u00f6r att f\u00f6rl\u00e4nga dess livsl\u00e4ngd.<\/li>\n<li>Effektiv hydraulisk drift: Anv\u00e4nder hydrauloljetryck f\u00f6r att uppn\u00e5 j\u00e4mn ut- och indragningsr\u00f6relse, kan reagera snabbt p\u00e5 kontrollkommandon, ger stark tryck- och dragkraft, l\u00e4mplig f\u00f6r hantering av tunga laster och komplexa driftsuppgifter.<\/li>\n<li>Olika typer: Kan v\u00e4lja enkelverkande (hydrauliska cylindrar anv\u00e4nds endast i en riktning) eller dubbelverkande (hydrauliska cylindrar anv\u00e4nds i b\u00e5da riktningarna) beroende p\u00e5 behov f\u00f6r att m\u00f6ta olika driftsbehov. Vissa modeller \u00e4r teleskopiska, vilket m\u00f6jligg\u00f6r st\u00f6rre utdrag utan att \u00f6ka de yttersta m\u00e5tten, l\u00e4mpliga f\u00f6r applikationer med begr\u00e4nsat utrymme.<\/li>\n<li>Anpassningsbar: V\u00e5r produkt kan perfekt ers\u00e4tta dessa hydraulcylindrar.<\/li>\n<\/ul>\n<p><img decoding=\"async\" src=\"https:\/\/www.hydraulic-cylinders.net\/wp-content\/uploads\/2025\/01\/songte-cylinder-head-with-all-kinds-excavator-models.webp\"><\/p>\n<h2>Applikationer<\/h2>\n<p>Skopscylindern anv\u00e4nds ofta inom olika branscher, inklusive:<\/p>\n<ul>\n<li>Byggmaskiner: I gr\u00e4vmaskiner \u00e4r de viktiga f\u00f6r att gr\u00e4va, lasta och flytta jord eller skr\u00e4p. I gr\u00e4vmaskiner bidrar skopcylindern till b\u00e5de gr\u00e4vning och lyftning. <\/li>\n<li>Jordbruksmaskiner: Anv\u00e4nds f\u00f6r frontlastare f\u00f6r att skopa, lyfta och transportera jord, h\u00f6 och andra material. <\/li>\n<li>Gr\u00e4vmaskiner: Skopans cylinder g\u00f6r att skopan kan tr\u00e4nga ner i jorden f\u00f6r att uppn\u00e5 gr\u00e4vr\u00f6relse. <\/li>\n<li>Lastare: Hos frontlastare bidrar de till att lyfta och tilta gods effektivt.<\/li>\n<\/ul>\n<h2>Design\u00f6verv\u00e4ganden och urvalskriterier<\/h2>\n<p>Ur ett designperspektiv m\u00e5ste skopcylindern ha f\u00f6ljande:<\/p>\n<ul>\n<li>B\u00e4rf\u00f6rm\u00e5ga: Den ska kunna motst\u00e5 applikationens maximala belastning.<\/li>\n<li>T\u00e4tning: Olika t\u00e4tningar anv\u00e4nds, s\u00e5som kolvt\u00e4tningar, kolvst\u00e5ngst\u00e4tningar med mera. T\u00e4tningarna \u00e4r tillverkade av slitstarka material som polyuretan och nitrilgummi f\u00f6r att s\u00e4kerst\u00e4lla l\u00e5ng livsl\u00e4ngd och f\u00f6rhindra l\u00e4ckage.<\/li>\n<li>H\u00e5llbarhet: Cylinderns hus och g\u00e4ngade \u00e4ndyta \u00e4r noggrant bearbetade f\u00f6r att \u00f6ka slitstyrkan.<\/li>\n<li>S\u00e4kerhet: Utrustningens hydraulsystem m\u00e5ste ha s\u00e4kerhetsfunktioner f\u00f6r att f\u00f6rhindra olyckor orsakade av fel p\u00e5 hydraulcylindern.<\/li>\n<li>Underh\u00e5llbarhet: Cylinderns design ska m\u00f6jligg\u00f6ra enkelt underh\u00e5ll och reparation utan att hela systemet beh\u00f6ver demonteras.<\/li>\n<\/ul>\n<p><img decoding=\"async\" src=\"https:\/\/www.hydraulic-cylinders.net\/wp-content\/uploads\/2025\/01\/songte-oil-pipes-and-spare-parts.webp\"><\/p>\n<h2>T\u00e4tning och sm\u00f6rjning<\/h2>\n<p>Skopscylindern anv\u00e4nder olika t\u00e4tningskomponenter, s\u00e5som kolvt\u00e4tningar, kolvst\u00e5ngst\u00e4tningar och andra, tillverkade av slitstarka material som polyuretan och nitrilgummi f\u00f6r att minska l\u00e4ckage och s\u00e4kerst\u00e4lla l\u00e5ng livsl\u00e4ngd. Cylinderns hus och g\u00e4ngade \u00e4ndyta \u00e4r noggrant bearbetade f\u00f6r att \u00f6ka slitstyrkan. Regelbunden sm\u00f6rjning med hydraulolja \u00e4r n\u00f6dv\u00e4ndig f\u00f6r att s\u00e4kerst\u00e4lla att cylindern fungerar korrekt.<\/p>\n<h2>Inspektion och f\u00f6rebyggande underh\u00e5ll<\/h2>\n<p>Regelbunden inspektion och f\u00f6rebyggande underh\u00e5ll \u00e4r n\u00f6dv\u00e4ndigt f\u00f6r att f\u00f6rl\u00e4nga skopcylinderns livsl\u00e4ngd. Underh\u00e5llsuppgifter b\u00f6r omfatta:<\/p>\n<ul>\n<li>Regelbunden inspektion av cylinderns t\u00e4tningar och kopplingar f\u00f6r att s\u00e4kerst\u00e4lla att det inte finns n\u00e5gra l\u00e4ckor.<\/li>\n<li>Korrekt sm\u00f6rjning av cylindern enligt tillverkarens rekommendationer.<\/li>\n<li>Regelbundet byte av t\u00e4tningar vid behov.<\/li>\n<li>Kalibreringskontroller f\u00f6r att s\u00e4kerst\u00e4lla korrekt funktion.<\/li>\n<\/ul>\n<p><img decoding=\"async\" src=\"https:\/\/www.hydraulic-cylinders.net\/wp-content\/uploads\/2025\/01\/songte-chushion-collar.webp\"><\/p>\n<h2>S\u00e4kerhets- och milj\u00f6h\u00e4nsyn<\/h2>\n<p>Det \u00e4r viktigt att vidta s\u00e4kerhets\u00e5tg\u00e4rder n\u00e4r skopcylindern anv\u00e4nds, s\u00e5som att s\u00e4kerst\u00e4lla att alla s\u00e4kerhetsfunktioner \u00e4r p\u00e5 plats och att operat\u00f6rerna \u00e4r utbildade i dess korrekta anv\u00e4ndning. L\u00e4mpliga milj\u00f6f\u00f6reskrifter b\u00f6r ocks\u00e5 f\u00f6ljas vid hantering av hydraulolja.<\/p>\n<h2>Fels\u00f6kning och vanliga problem<\/h2>\n<p>Vanliga problem som kan uppst\u00e5 med skopcylindern inkluderar oljel\u00e4ckor, f\u00f6roreningar av hydraulv\u00e4tska och skador p\u00e5 cylinderns t\u00e4tningar. Fels\u00f6kning b\u00f6r b\u00f6rja med att identifiera problemets k\u00e4lla och sedan utforska m\u00f6jliga l\u00f6sningar. Regelbundet f\u00f6rebyggande underh\u00e5ll kan avsev\u00e4rt minska sannolikheten f\u00f6r problem.<\/p>\n<p><img decoding=\"async\" src=\"https:\/\/www.hydraulic-cylinders.net\/wp-content\/uploads\/2025\/01\/songte-bushings-with-all-kinds-of-excavator-models.webp\"><\/p>\n<h2>Om f\u00f6retaget<\/h2>\n<p>Vi \u00e4r en tillverkare av hydraulcylindrar f\u00f6r reservdelar och erbjuder ett komplett produktsortiment. Vi \u00e4r en av de ledande tillverkarna och grossistdistribut\u00f6rerna av hydraulcylindrar p\u00e5 den inhemska och internationella marknaden. Vi f\u00f6ljer principen om utm\u00e4rkt kvalitet, f\u00f6rlitar oss p\u00e5 den industriella produktionsledningsstrategin hos sofistikerade tillverkningsverkst\u00e4der, och f\u00f6rb\u00e4ttrar kontinuerligt verkstadens tillverkningsplattform, f\u00f6rb\u00e4ttrar produktkvaliteten i produktionslinjen och har en stark kreativ f\u00f6rm\u00e5ga att m\u00f6ta kundernas olika behov. <\/p>\n<p>V\u00e5rt f\u00f6retag har specialiserad personal, internationella certifieringar, kundanpassade tj\u00e4nster, avancerad produktionsutrustning och perfekt eftermarknadsservice.<\/p>\n<p><img decoding=\"async\" src=\"https:\/\/hzpt.com\/wp-content\/uploads\/2024\/11\/songte-company-1.webp\"><\/p>\n<p>F\u00f6rfattare: lyl.<\/p>","protected":false},"excerpt":{"rendered":"<p>Bucket Cylinder For Hitachi Wheel Excavator ZX140W-3 Introduction The Bucket Cylinder for Hitachi Wheel Excavator ZX140W-3 is a specially designed hydraulic cylinder primarily used to control the movement of the bucket in heavy machinery such as excavators, backhoes, and front loaders. Its main function is to allow the bucket to lift, lower, and tilt, making [&hellip;]<\/p>","protected":false},"featured_media":14789,"comment_status":"open","ping_status":"closed","template":"","meta":{"_et_pb_use_builder":"","_et_pb_old_content":"","_et_gb_content_width":""},"product_brand":[],"product_cat":[1494],"product_tag":[1495,1496],"class_list":{"0":"post-15162","1":"product","2":"type-product","3":"status-publish","4":"has-post-thumbnail","6":"product_cat-bucket-cylinders","7":"product_tag-bucket-cylinders","8":"product_tag-hydraulic-cylinders","10":"first","11":"instock","12":"shipping-taxable","13":"product-type-simple"},"amp_enabled":true,"_links":{"self":[{"href":"https:\/\/www.hydraulic-cylinders.net\/sv\/wp-json\/wp\/v2\/product\/15162","targetHints":{"allow":["GET"]}}],"collection":[{"href":"https:\/\/www.hydraulic-cylinders.net\/sv\/wp-json\/wp\/v2\/product"}],"about":[{"href":"https:\/\/www.hydraulic-cylinders.net\/sv\/wp-json\/wp\/v2\/types\/product"}],"replies":[{"embeddable":true,"href":"https:\/\/www.hydraulic-cylinders.net\/sv\/wp-json\/wp\/v2\/comments?post=15162"}],"wp:featuredmedia":[{"embeddable":true,"href":"https:\/\/www.hydraulic-cylinders.net\/sv\/wp-json\/wp\/v2\/media\/14789"}],"wp:attachment":[{"href":"https:\/\/www.hydraulic-cylinders.net\/sv\/wp-json\/wp\/v2\/media?parent=15162"}],"wp:term":[{"taxonomy":"product_brand","embeddable":true,"href":"https:\/\/www.hydraulic-cylinders.net\/sv\/wp-json\/wp\/v2\/product_brand?post=15162"},{"taxonomy":"product_cat","embeddable":true,"href":"https:\/\/www.hydraulic-cylinders.net\/sv\/wp-json\/wp\/v2\/product_cat?post=15162"},{"taxonomy":"product_tag","embeddable":true,"href":"https:\/\/www.hydraulic-cylinders.net\/sv\/wp-json\/wp\/v2\/product_tag?post=15162"}],"curies":[{"name":"wp","href":"https:\/\/api.w.org\/{rel}","templated":true}]}}