{"id":15169,"date":"2025-01-19T14:11:30","date_gmt":"2025-01-19T14:11:30","guid":{"rendered":"https:\/\/www.hydraulic-cylinders.net\/product\/bucket-cylinder-for-sumitomo-small-excavator-sh130-5\/"},"modified":"2025-01-19T14:11:32","modified_gmt":"2025-01-19T14:11:32","slug":"bucket-cylinder-for-sumitomo-small-excavator-sh130-5","status":"publish","type":"product","link":"https:\/\/www.hydraulic-cylinders.net\/sv\/produkt\/bucket-cylinder-for-sumitomo-small-excavator-sh130-5\/","title":{"rendered":"Skopscylinder f\u00f6r Sumitomo liten gr\u00e4vmaskin SH130-5"},"content":{"rendered":"<h1>Skopscylinder f\u00f6r Sumitomo liten gr\u00e4vmaskin SH130-5<\/h1>\n<h2>Introduktion<\/h2>\n<p>En skopcylinder \u00e4r en specialdesignad hydraulcylinder som fr\u00e4mst anv\u00e4nds f\u00f6r att styra r\u00f6relsen hos skopor i tunga maskiner som gr\u00e4vmaskiner, gr\u00e4vmaskiner och frontlastare. Dess huvudsakliga funktion \u00e4r att l\u00e5ta skopan lyftas, s\u00e4nkas och lutas, vilket g\u00f6r det enklare att hantera olika materialhanteringsuppgifter. I hydraulsystemet styr skopcylindern skopans exakta r\u00f6relser med tryckf\u00f6r\u00e4ndringar i hydrauloljan, vilket g\u00f6r det m\u00f6jligt f\u00f6r operat\u00f6rer att effektivt hantera tunga laster och anpassa sig till komplexa arbetsmilj\u00f6er och olika driftskrav.<\/p>\n<p><img decoding=\"async\" src=\"https:\/\/www.hydraulic-cylinders.net\/wp-content\/uploads\/2025\/01\/songte-company-2.webp\" alt=\"Bild av skopcylinder\"><\/p>\n<h2>Drag<\/h2>\n<ul>\n<li>H\u00f6g h\u00e5llfasthet och h\u00e5llbarhet: Vanligtvis tillverkad av h\u00f6gh\u00e5llfast st\u00e5l eller aluminium, t\u00e5l den h\u00f6gt tryck och tunga belastningar och anpassar sig till tuffa arbetsmilj\u00f6er. Designen tar h\u00e4nsyn till slitstyrka och korrosionsbest\u00e4ndighet, vilket f\u00f6rl\u00e4nger livsl\u00e4ngden.<\/li>\n<li>Effektiv hydraulisk drift: Anv\u00e4nder hydrauloljetryck f\u00f6r att uppn\u00e5 smidig teleskopr\u00f6relse, reagerar snabbt p\u00e5 kontrollkommandon, ger kraftfull tryck- och dragkraft och \u00e4r l\u00e4mplig f\u00f6r hantering av tunga laster och komplexa arbetsuppgifter.<\/li>\n<li>Flera typer: Man kan v\u00e4lja enkelverkande (hydrauliska cylindrar anv\u00e4nds endast i en riktning) eller dubbelverkande (hydrauliska cylindrar anv\u00e4nds i b\u00e5da riktningarna) beroende p\u00e5 behov f\u00f6r att m\u00f6ta olika driftskrav. Vissa modeller \u00e4r teleskopiska, vilket m\u00f6jligg\u00f6r st\u00f6rre utdrag utan att \u00f6ka de yttre m\u00e5tten, l\u00e4mpliga f\u00f6r utrymmesbegr\u00e4nsade till\u00e4mpningar.<\/li>\n<li>Tillg\u00e4nglig f\u00f6r produktion: V\u00e5r produkt kan perfekt ers\u00e4tta hydraulcylindern. <\/li>\n<\/ul>\n<p><img decoding=\"async\" src=\"https:\/\/www.hydraulic-cylinders.net\/wp-content\/uploads\/2025\/01\/songte-cylinder-head-with-all-kinds-excavator-models.webp\" alt=\"Produktbild\"><\/p>\n<h2>Applikationer<\/h2>\n<h3>Byggutrustning<\/h3>\n<p>I gr\u00e4vmaskiner \u00e4r de avg\u00f6rande f\u00f6r att gr\u00e4va, lasta och flytta jord eller skr\u00e4p. I gr\u00e4vlastare hj\u00e4lper skopcylindrar till med b\u00e5de gr\u00e4vning och lyftning. <\/p>\n<h3>Jordbruksmaskiner<\/h3>\n<p>Anv\u00e4nds f\u00f6r frontlastare, f\u00f6r uppsamling, lyftning och transport av jord, h\u00f6 och andra material. <\/p>\n<h3>Gr\u00e4vmaskiner<\/h3>\n<p>Skopans cylinder g\u00f6r att skopan kan tr\u00e4nga ner i jorden f\u00f6r att uppn\u00e5 gr\u00e4vningseffekten. <\/p>\n<h3>Lastare<\/h3>\n<p>Skopscylindrar hj\u00e4lper till att lyfta och tilta gods effektivt i frontlastare. <\/p>\n<h2>Design\u00f6verv\u00e4ganden och urvalskriterier<\/h2>\n<ul>\n<li>B\u00e4rf\u00f6rm\u00e5ga: Cylindern m\u00e5ste kunna b\u00e4ra maximal belastning utan att g\u00e5 s\u00f6nder eller deformeras.<\/li>\n<li>T\u00e4tning: Olika t\u00e4tningar anv\u00e4nds, s\u00e5som kolvt\u00e4tningar och kolvst\u00e5ngst\u00e4tningar, tillverkade av slitstarka material som polyuretan och nitrilgummi. Cylinderhuset och g\u00e4ng\u00e4nden \u00e4r fint bearbetade f\u00f6r att f\u00f6rb\u00e4ttra slitstyrkan. <\/li>\n<li>H\u00e5llbarhet: Cylindern m\u00e5ste kunna motst\u00e5 kontinuerlig och tung anv\u00e4ndning och anpassa sig till tuffa milj\u00f6er. <\/li>\n<li>S\u00e4kerhet: Cylindern f\u00e5r inte uppvisa n\u00e5gra pl\u00f6tsliga tryckf\u00f6rluster eller ov\u00e4ntade r\u00f6relser som kan \u00e4ventyra utrustningen eller operat\u00f6ren. <\/li>\n<li>Underh\u00e5llbarhet: Cylindern m\u00e5ste ha enkelt och regelbundet underh\u00e5ll. <\/li>\n<\/ul>\n<p><img decoding=\"async\" src=\"https:\/\/www.hydraulic-cylinders.net\/wp-content\/uploads\/2025\/01\/songte-oil-pipes-and-spare-parts.webp\" alt=\"Bild av produktdelar\"><\/p>\n<h2>T\u00e4tning och sm\u00f6rjning<\/h2>\n<p>Olika t\u00e4tningar anv\u00e4nds, s\u00e5som kolvt\u00e4tningar och kolvst\u00e5ngst\u00e4tningar, tillverkade av slitstarka material som polyuretan och nitrilgummi. Cylinderhuset och g\u00e4ng\u00e4nden \u00e4r finbearbetade f\u00f6r att f\u00f6rb\u00e4ttra slitstyrkan. Cylindern m\u00e5ste sm\u00f6rjas regelbundet med en l\u00e4mplig m\u00e4ngd hydraulolja f\u00f6r sm\u00f6rjning.<\/p>\n<h2>Underh\u00e5ll och f\u00f6rebyggande \u00e5tg\u00e4rder<\/h2>\n<ul>\n<li>Regelbunden inspektion<\/li>\n<li>Korrekt sm\u00f6rjning<\/li>\n<li>T\u00e4tningsbyte och kalibreringskontroll<\/li>\n<\/ul>\n<p>Korrekt installation, sm\u00f6rjning och justering \u00e4r avg\u00f6rande f\u00f6r cylinderns livsl\u00e4ngd. Under installationen, ge v\u00e4gledning om korrekt cylinderjustering och f\u00f6resl\u00e5 anv\u00e4ndning av l\u00e4mpliga monteringsf\u00e4sten f\u00f6r att fixera cylindern. Rekommendera inspektion, reparation, utbytesprocedurer samt utbyte och ombyggnad av delar f\u00f6r att f\u00f6rl\u00e4nga cylinderns livsl\u00e4ngd.<\/p>\n<p><img decoding=\"async\" src=\"https:\/\/www.hydraulic-cylinders.net\/wp-content\/uploads\/2025\/01\/songte-chushion-collar.webp\" alt=\"Produktens halsbandsbild\"><\/p>\n<h2>S\u00e4kerhetsaspekter och milj\u00f6faktorer<\/h2>\n<p>N\u00e4r cylindern anv\u00e4nds \u00e4r det viktigt att f\u00f6lja s\u00e4kerhets\u00e5tg\u00e4rder f\u00f6r att f\u00f6rhindra olyckor. Korrekt kassering av hydraulolja och delar \u00e4r n\u00f6dv\u00e4ndigt f\u00f6r milj\u00f6skyddet.<\/p>\n<h2>Fels\u00f6kning och vanliga problem<\/h2>\n<p>Vanliga problem med skopcylindrar inkluderar l\u00e4ckage, skador p\u00e5 kolvst\u00e5ngen eller cylinderv\u00e4ggen, eller en b\u00f6jd eller trasig st\u00e5ng. Inspektion och underh\u00e5ll kan bidra till att f\u00f6rhindra dessa problem.<\/p>\n<p>Om det finns problem inkluderar diagnostik- och reparationsmetoder reng\u00f6ring av cylindern, byte av t\u00e4tningar och korrigering av feljustering. F\u00f6rebyggande \u00e5tg\u00e4rder som regelbunden inspektion och underh\u00e5ll kan minska risken f\u00f6r potentiella problem.<\/p>\n<p><img decoding=\"async\" src=\"https:\/\/www.hydraulic-cylinders.net\/wp-content\/uploads\/2025\/01\/songte-bushings-with-all-kinds-of-excavator-models.webp\" alt=\"Bild p\u00e5 produktbussningar\"><\/p>\n<h2>Om v\u00e5rt f\u00f6retag<\/h2>\n<p>Vi \u00e4r en tillverkare av hydraulcylindrar med ett komplett produktsortiment och \u00e4r en av de ledande tillverkarna och grossistdistribut\u00f6rerna av hydraulcylindrar p\u00e5 den inhemska och internationella marknaden. V\u00e5rt f\u00f6retag f\u00f6ljer principen om utm\u00e4rkt kvalitet och f\u00f6rlitar sig p\u00e5 den industrialiserade produktionsstrategin fr\u00e5n fintillverkningsverkst\u00e4der. Vi f\u00f6rb\u00e4ttrar kontinuerligt verkstadens tillverkningsplattform genom att anv\u00e4nda tekniska talanger, digital avancerad tillverkningsutrustning och professionella testsystem. Vi har stark kreativitet och m\u00f6ter kundernas olika behov med h\u00f6g effektivitet, h\u00f6g precision och h\u00f6g kvalitet.<\/p>\n<p><img decoding=\"async\" src=\"https:\/\/hzpt.com\/wp-content\/uploads\/2024\/11\/songte-company-1.webp\" alt=\"F\u00f6retagsbild\"><\/p>\n<h3>Professionalism<\/h3>\n<p>V\u00e5rt f\u00f6retag har ett dedikerat team av experter inom tillverkning av hydraulcylindrar. <\/p>\n<h3>Internationell certifiering<\/h3>\n<p>Vi har erh\u00e5llit olika internationella certifieringar, inklusive ISO9001, CE, RoHS och SGS, vilket garanterar v\u00e5ra produkters kvalitet och s\u00e4kerhet. <\/p>\n<h3>Anpassningstj\u00e4nster<\/h3>\n<p>Vi erbjuder skr\u00e4ddarsydda tj\u00e4nster f\u00f6r att m\u00f6ta specifika kundkrav.<\/p>\n<h3>Produktionsutrustning<\/h3>\n<p>V\u00e5rt f\u00f6retag har ett komplett utbud av avancerad produktionsutrustning, inklusive svarvar, slipmaskiner, fr\u00e4smaskiner och testutrustning, vilket s\u00e4kerst\u00e4ller kvaliteten p\u00e5 v\u00e5ra produkter.<\/p>\n<h3>Eftermarknadsservice<\/h3>\n<p>Vi erbjuder utm\u00e4rkt eftermarknadsservice, inklusive teknisk support och fels\u00f6kning av produkter. <\/p>\n<p>F\u00f6rfattare: lyl.<\/p>","protected":false},"excerpt":{"rendered":"<p>Bucket Cylinder For Sumitomo Small Excavator SH130-5 Introduction A bucket cylinder is a specially designed hydraulic cylinder primarily used to control the movement of buckets in heavy machinery such as excavators, backhoes, and front loaders. Its main function is to allow the bucket to lift, lower, and tilt, making it easier to handle various material [&hellip;]<\/p>","protected":false},"featured_media":14778,"comment_status":"open","ping_status":"closed","template":"","meta":{"_et_pb_use_builder":"","_et_pb_old_content":"","_et_gb_content_width":""},"product_brand":[],"product_cat":[1494],"product_tag":[1495,1496],"class_list":{"0":"post-15169","1":"product","2":"type-product","3":"status-publish","4":"has-post-thumbnail","6":"product_cat-bucket-cylinders","7":"product_tag-bucket-cylinders","8":"product_tag-hydraulic-cylinders","10":"first","11":"instock","12":"shipping-taxable","13":"product-type-simple"},"amp_enabled":true,"_links":{"self":[{"href":"https:\/\/www.hydraulic-cylinders.net\/sv\/wp-json\/wp\/v2\/product\/15169","targetHints":{"allow":["GET"]}}],"collection":[{"href":"https:\/\/www.hydraulic-cylinders.net\/sv\/wp-json\/wp\/v2\/product"}],"about":[{"href":"https:\/\/www.hydraulic-cylinders.net\/sv\/wp-json\/wp\/v2\/types\/product"}],"replies":[{"embeddable":true,"href":"https:\/\/www.hydraulic-cylinders.net\/sv\/wp-json\/wp\/v2\/comments?post=15169"}],"wp:featuredmedia":[{"embeddable":true,"href":"https:\/\/www.hydraulic-cylinders.net\/sv\/wp-json\/wp\/v2\/media\/14778"}],"wp:attachment":[{"href":"https:\/\/www.hydraulic-cylinders.net\/sv\/wp-json\/wp\/v2\/media?parent=15169"}],"wp:term":[{"taxonomy":"product_brand","embeddable":true,"href":"https:\/\/www.hydraulic-cylinders.net\/sv\/wp-json\/wp\/v2\/product_brand?post=15169"},{"taxonomy":"product_cat","embeddable":true,"href":"https:\/\/www.hydraulic-cylinders.net\/sv\/wp-json\/wp\/v2\/product_cat?post=15169"},{"taxonomy":"product_tag","embeddable":true,"href":"https:\/\/www.hydraulic-cylinders.net\/sv\/wp-json\/wp\/v2\/product_tag?post=15169"}],"curies":[{"name":"wp","href":"https:\/\/api.w.org\/{rel}","templated":true}]}}