{"id":15170,"date":"2025-01-19T14:11:34","date_gmt":"2025-01-19T14:11:34","guid":{"rendered":"https:\/\/www.hydraulic-cylinders.net\/product\/bucket-cylinder-for-sumitomo-small-excavator-sh60a3\/"},"modified":"2025-01-19T14:11:36","modified_gmt":"2025-01-19T14:11:36","slug":"bucket-cylinder-for-sumitomo-small-excavator-sh60a3","status":"publish","type":"product","link":"https:\/\/www.hydraulic-cylinders.net\/sv\/produkt\/bucket-cylinder-for-sumitomo-small-excavator-sh60a3\/","title":{"rendered":"Skopscylinder f\u00f6r Sumitomo liten gr\u00e4vmaskin SH60A3"},"content":{"rendered":"<h1>Skopscylinder f\u00f6r Sumitomo liten gr\u00e4vmaskin SH60A3<\/h1>\n<h2>Introduktion<\/h2>\n<p>Skopcylindern till den lilla gr\u00e4vmaskinen Sumitomo SH60A3 \u00e4r en specialiserad hydraulcylinder som fr\u00e4mst anv\u00e4nds f\u00f6r att styra r\u00f6relsen hos skopor i tunga maskiner som gr\u00e4vmaskiner, gr\u00e4vmaskiner och frontlastare. Dess huvudsakliga funktion \u00e4r att l\u00e5ta skopan lyftas, s\u00e4nkas och lutas, vilket g\u00f6r det enklare att hantera en m\u00e4ngd olika material. I hydraulsystemet uppn\u00e5r skopcylindern exakt kontroll \u00f6ver skopan genom f\u00f6r\u00e4ndringar i hydrauloljetrycket, vilket g\u00f6r det m\u00f6jligt f\u00f6r f\u00f6rare att effektivt hantera tunga laster och anpassa sig till komplexa arbetsmilj\u00f6er och olika driftskrav.<\/p>\n<p><img decoding=\"async\" src=\"https:\/\/www.hydraulic-cylinders.net\/wp-content\/uploads\/2025\/01\/songte-company-2.webp\"\/><\/p>\n<h2>Drag<\/h2>\n<ul>\n<li>H\u00f6g h\u00e5llfasthet och h\u00e5llbarhet: Den \u00e4r vanligtvis tillverkad av h\u00f6gh\u00e5llfast st\u00e5l eller aluminium, t\u00e5l h\u00f6gt tryck och tunga belastningar, anpassar sig till tuffa arbetsmilj\u00f6er och \u00e4r konstruerad med slitstyrka och korrosionsbest\u00e4ndighet i \u00e5tanke, vilket f\u00f6rl\u00e4nger dess livsl\u00e4ngd.<\/li>\n<li>Effektiv hydraulisk drift: Genom att anv\u00e4nda hydrauloljetryck f\u00f6r att uppn\u00e5 en j\u00e4mn teleskopr\u00f6relse kan den snabbt reagera p\u00e5 kontrollkommandon och ge kraftfulla tryck- och dragkrafter, l\u00e4mplig f\u00f6r hantering av tunga laster och komplexa arbetsuppgifter.<\/li>\n<li>Olika typer: Enkelverkande (hydrauliska cylindrar anv\u00e4nds endast i en riktning) eller dubbelverkande (hydrauliska cylindrar anv\u00e4nds i b\u00e5da riktningarna) cylindrar kan v\u00e4ljas efter behov f\u00f6r att m\u00f6ta olika driftskrav. Vissa modeller \u00e4r teleskopiska, vilket m\u00f6jligg\u00f6r st\u00f6rre utdrag utan att \u00f6ka de yttre m\u00e5tten, l\u00e4mpliga f\u00f6r applikationer med begr\u00e4nsat utrymme.<\/li>\n<li>Perfekt ers\u00e4ttning: V\u00e5r produkt kan perfekt ers\u00e4tta dessa hydraulcylindrar.<\/li>\n<\/ul>\n<p><img decoding=\"async\" src=\"https:\/\/www.hydraulic-cylinders.net\/wp-content\/uploads\/2025\/01\/songte-cylinder-head-with-all-kinds-excavator-models.webp\"\/><\/p>\n<h2>Applikationer<\/h2>\n<p>Skopcylindern till den lilla gr\u00e4vmaskinen Sumitomo SH60A3 anv\u00e4nds flitigt inom olika branscher. N\u00e5gra av de vanligaste till\u00e4mpningarna \u00e4r:<\/p>\n<ul>\n<li>Byggmaskiner: I gr\u00e4vmaskiner \u00e4r de avg\u00f6rande f\u00f6r gr\u00e4vning, lastning och flyttning av jord eller skr\u00e4p. I gr\u00e4vlastare hj\u00e4lper skopcylindrar till med b\u00e5de gr\u00e4vning och lyftning. <\/li>\n<li>Jordbruksmaskiner: Anv\u00e4nds i frontlastare f\u00f6r att \u00f6sa, lyfta och transportera jord, h\u00f6 och andra material. <\/li>\n<li>Gr\u00e4vmaskiner: Skopscylindrar uppn\u00e5r gr\u00e4vningsverkan genom att l\u00e5ta skopan tr\u00e4nga ner i jorden. <\/li>\n<li>Lastare: Frontlastare hj\u00e4lper till med att lyfta och tilta gods effektivt. <\/li>\n<\/ul>\n<h2>Design\u00f6verv\u00e4ganden och urvalskriterier<\/h2>\n<p>Vid val av skopcylinder f\u00f6r Sumitomo liten gr\u00e4vmaskin SH60A3 b\u00f6r flera design\u00f6verv\u00e4ganden och urvalskriterier beaktas, s\u00e5som:<\/p>\n<ul>\n<li>Lastkapacitet: Cylindern ska kunna motst\u00e5 utrustningens maximala lastkapacitet.<\/li>\n<li>T\u00e4tning: En m\u00e4ngd olika t\u00e4tningskomponenter, s\u00e5som kolvt\u00e4tningar och kolvst\u00e5ngst\u00e4tningar, b\u00f6r anv\u00e4ndas f\u00f6r att s\u00e4kerst\u00e4lla minimalt l\u00e4ckage och l\u00e4ngre livsl\u00e4ngd. <\/li>\n<li>H\u00e5llbarhet: Cylindern b\u00f6r vara konstruerad f\u00f6r att motst\u00e5 tuffa arbetsf\u00f6rh\u00e5llanden, och cylinderkroppen och g\u00e4ngans \u00e4ndyta b\u00f6r vara finbearbetade f\u00f6r att f\u00f6rb\u00e4ttra slitstyrkan. <\/li>\n<li>S\u00e4kerhet: Cylindern b\u00f6r vara konstruerad med s\u00e4kerhetsfunktioner f\u00f6r att f\u00f6rhindra olyckor under drift. <\/li>\n<li>Underh\u00e5ll: Cylindern ska vara l\u00e4tt att underh\u00e5lla och reservdelar ska finnas l\u00e4ttillg\u00e4ngliga.<\/li>\n<\/ul>\n<p><img decoding=\"async\" src=\"https:\/\/www.hydraulic-cylinders.net\/wp-content\/uploads\/2025\/01\/songte-oil-pipes-and-spare-parts.webp\"\/><\/p>\n<h2>T\u00e4tning och sm\u00f6rjning<\/h2>\n<p>Skopscylindern till Sumitomo liten gr\u00e4vmaskin SH60A3 anv\u00e4nder olika t\u00e4tningskomponenter, s\u00e5som kolvt\u00e4tningar och st\u00e5ngt\u00e4tningar, tillverkade av slitstarka material som polyuretan och nitrilgummi, f\u00f6r att minimera l\u00e4ckage och \u00f6ka livsl\u00e4ngden. Cylinderhuset och g\u00e4ng\u00e4ndytan \u00e4r ocks\u00e5 bearbetade f\u00f6r att f\u00f6rb\u00e4ttra slitstyrkan. Regelbunden sm\u00f6rjning med hydraulolja kr\u00e4vs f\u00f6r att cylindern ska fungera korrekt.<\/p>\n<h2>Underh\u00e5ll och reparation<\/h2>\n<p>Regelbunden inspektion och f\u00f6rebyggande underh\u00e5ll \u00e4r avg\u00f6rande f\u00f6r att s\u00e4kerst\u00e4lla att skopcylindern till Sumitomo-gr\u00e4vmaskinen SH60A3 fungerar effektivt. N\u00e5gra vanliga underh\u00e5llsuppgifter inkluderar:<\/p>\n<ul>\n<li>Regelbunden inspektion: Kontrollera cylindern f\u00f6r slitage eller skador och reparera eller byt ut delar vid behov. <\/li>\n<li>Sm\u00f6rjning: Sm\u00f6rj cylindern regelbundet med hydraulolja f\u00f6r att bibeh\u00e5lla korrekt funktion. <\/li>\n<li>Byte av t\u00e4tningar: Byt ut t\u00e4tningar vid behov f\u00f6r att f\u00f6rhindra l\u00e4ckage. <\/li>\n<li>Kalibreringskontroll: Kontrollera cylindern f\u00f6r korrekt kalibrering f\u00f6r att s\u00e4kerst\u00e4lla effektiv drift.<\/li>\n<\/ul>\n<p><img decoding=\"async\" src=\"https:\/\/www.hydraulic-cylinders.net\/wp-content\/uploads\/2025\/01\/songte-chushion-collar.webp\"\/><\/p>\n<h2>S\u00e4kerhetsaspekter och milj\u00f6faktorer<\/h2>\n<p>N\u00e4r skopcylindern anv\u00e4nds f\u00f6r Sumitomo liten gr\u00e4vmaskin SH60A3 b\u00f6r s\u00e4kerhets\u00e5tg\u00e4rder vidtas f\u00f6r att f\u00f6rhindra olyckor under drift. Det \u00e4r ocks\u00e5 viktigt att beakta milj\u00f6p\u00e5verkan fr\u00e5n cylinderns drift och vidta l\u00e4mpliga \u00e5tg\u00e4rder f\u00f6r att minimera den.<\/p>\n<h2>Fels\u00f6kning och vanliga problem<\/h2>\n<p>N\u00e5gra vanliga problem som kan uppst\u00e5 vid anv\u00e4ndning av skopcylindern f\u00f6r Sumitomo liten gr\u00e4vmaskin SH60A3 inkluderar l\u00e4ckage, l\u00e5gt tryck och oregelbundna r\u00f6relser. Korrekt inspektion och diagnos \u00e4r avg\u00f6rande f\u00f6r att identifiera grundorsaken till problemet och vidta n\u00f6dv\u00e4ndiga korrigerande \u00e5tg\u00e4rder.<\/p>\n<h2>F\u00f6retagsinformation<\/h2>\n<p>Vi \u00e4r en tillverkare av hydraulcylindrar f\u00f6r reservdelar och erbjuder ett komplett produktsortiment. Vi \u00e4r en av de ledande tillverkarna och grossistdistribut\u00f6rerna av hydraulcylindrar p\u00e5 den inhemska och internationella marknaden. Vi f\u00f6ljer principen om utm\u00e4rkt kvalitet, f\u00f6rlitar oss p\u00e5 den industriella produktionsstrategin fr\u00e5n fintillverkningsverkst\u00e4derna och f\u00f6rb\u00e4ttrar kontinuerligt verkstadens tillverkningsplattform, f\u00f6rb\u00e4ttrar produkternas produktionskvalitet och har en stark produktionsf\u00f6rm\u00e5ga. Vi m\u00f6ter kundernas olika behov med h\u00f6g effektivitet, h\u00f6g precision och h\u00f6g kvalitet. <\/p>\n<p><img decoding=\"async\" src=\"https:\/\/hzpt.com\/wp-content\/uploads\/2024\/11\/songte-company-1.webp\"\/><\/p>\n<h3>Professionalism<\/h3>\n<p>V\u00e5rt f\u00f6retag har ett team av tekniska experter med m\u00e5nga \u00e5rs erfarenhet inom hydraulikbranschen, som erbjuder kunderna professionella och h\u00f6gkvalitativa tj\u00e4nster.<\/p>\n<h3>Internationell certifiering<\/h3>\n<p>V\u00e5ra produkter har klarat olika internationella certifieringar, s\u00e5som ISO9001, CE och SGS, vilket s\u00e4kerst\u00e4ller att v\u00e5ra produkter uppfyller internationella kvalitetsstandarder och exporteras till m\u00e5nga l\u00e4nder och regioner.<\/p>\n<h3>Anpassningstj\u00e4nster<\/h3>\n<p>Vi f\u00f6rser kunder med kundanpassade hydraulcylindrar enligt deras specifika krav och erbjuder skr\u00e4ddarsydda l\u00f6sningar som uppfyller deras behov.<\/p>\n<h3>Produktionsutrustning<\/h3>\n<p>V\u00e5rt f\u00f6retag har avancerad produktionsutrustning och teknik, inklusive CNC-bearbetningscentraler, precisionsslipmaskiner och automatiska svetsmaskiner, vilket s\u00e4kerst\u00e4ller h\u00f6g kvalitet och precision hos v\u00e5ra produkter.<\/p>\n<h3>Eftermarknadsservice<\/h3>\n<p>Vi erbjuder kunderna omfattande eftermarknadsservice, inklusive teknisk support, produktreparation och utbyte, f\u00f6r att s\u00e4kerst\u00e4lla att v\u00e5ra kunder \u00e4r n\u00f6jda med v\u00e5ra produkter och tj\u00e4nster.<\/p>\n<h4>F\u00f6rfattare: lyl<\/h4>","protected":false},"excerpt":{"rendered":"<p>Bucket Cylinder For Sumitomo Small Excavator SH60A3 Introduction The bucket cylinder for Sumitomo small excavator SH60A3 is a specialized hydraulic cylinder primarily used to control the movement of buckets in heavy machinery such as excavators, backhoes, and front loaders. Its main function is to allow the bucket to lift, lower, and tilt, making it easier [&hellip;]<\/p>","protected":false},"featured_media":14776,"comment_status":"open","ping_status":"closed","template":"","meta":{"_et_pb_use_builder":"","_et_pb_old_content":"","_et_gb_content_width":""},"product_brand":[],"product_cat":[1494],"product_tag":[1495,1496],"class_list":{"0":"post-15170","1":"product","2":"type-product","3":"status-publish","4":"has-post-thumbnail","6":"product_cat-bucket-cylinders","7":"product_tag-bucket-cylinders","8":"product_tag-hydraulic-cylinders","10":"first","11":"instock","12":"shipping-taxable","13":"product-type-simple"},"amp_enabled":true,"_links":{"self":[{"href":"https:\/\/www.hydraulic-cylinders.net\/sv\/wp-json\/wp\/v2\/product\/15170","targetHints":{"allow":["GET"]}}],"collection":[{"href":"https:\/\/www.hydraulic-cylinders.net\/sv\/wp-json\/wp\/v2\/product"}],"about":[{"href":"https:\/\/www.hydraulic-cylinders.net\/sv\/wp-json\/wp\/v2\/types\/product"}],"replies":[{"embeddable":true,"href":"https:\/\/www.hydraulic-cylinders.net\/sv\/wp-json\/wp\/v2\/comments?post=15170"}],"wp:featuredmedia":[{"embeddable":true,"href":"https:\/\/www.hydraulic-cylinders.net\/sv\/wp-json\/wp\/v2\/media\/14776"}],"wp:attachment":[{"href":"https:\/\/www.hydraulic-cylinders.net\/sv\/wp-json\/wp\/v2\/media?parent=15170"}],"wp:term":[{"taxonomy":"product_brand","embeddable":true,"href":"https:\/\/www.hydraulic-cylinders.net\/sv\/wp-json\/wp\/v2\/product_brand?post=15170"},{"taxonomy":"product_cat","embeddable":true,"href":"https:\/\/www.hydraulic-cylinders.net\/sv\/wp-json\/wp\/v2\/product_cat?post=15170"},{"taxonomy":"product_tag","embeddable":true,"href":"https:\/\/www.hydraulic-cylinders.net\/sv\/wp-json\/wp\/v2\/product_tag?post=15170"}],"curies":[{"name":"wp","href":"https:\/\/api.w.org\/{rel}","templated":true}]}}