{"id":15174,"date":"2025-01-19T14:11:57","date_gmt":"2025-01-19T14:11:57","guid":{"rendered":"https:\/\/www.hydraulic-cylinders.net\/product\/bucket-cylinder-for-sumitomo-middle-excavator-sh200a1a2a3\/"},"modified":"2025-01-19T14:11:58","modified_gmt":"2025-01-19T14:11:58","slug":"bucket-cylinder-for-sumitomo-middle-excavator-sh200a1a2a3","status":"publish","type":"product","link":"https:\/\/www.hydraulic-cylinders.net\/sv\/produkt\/bucket-cylinder-for-sumitomo-middle-excavator-sh200a1a2a3\/","title":{"rendered":"Skopscylinder f\u00f6r Sumitomo mellangr\u00e4vmaskin SH200A1A2A3"},"content":{"rendered":"<h1>Skopscylinder f\u00f6r Sumitomo mellangr\u00e4vmaskin SH200A1A2A3<\/h1>\n<h2>Introduktion<\/h2>\n<p>Skopcylindern till Sumitomo mellangr\u00e4vmaskin SH200A1A2A3 \u00e4r en specialiserad hydraulcylinder som anv\u00e4nds f\u00f6r att styra r\u00f6relsen hos spadar i tunga maskiner som gr\u00e4vmaskiner, traktorgr\u00e4vmaskiner och frontlastare. Dess huvudsakliga syfte \u00e4r att underl\u00e4tta olika materialhanteringsuppgifter genom att g\u00f6ra det m\u00f6jligt f\u00f6r skopan att lyfta, s\u00e4nka och luta exakt. I hydrauliska system m\u00f6jligg\u00f6r skopcylindern exakt styrning av skopan genom f\u00f6r\u00e4ndringar i hydrauloljetrycket, vilket g\u00f6r det m\u00f6jligt f\u00f6r operat\u00f6rer att effektivt hantera tunga laster och anpassa sig till komplexa arbetsmilj\u00f6er och olika arbetskrav.<\/p>\n<p><img decoding=\"async\" src=\"https:\/\/www.hydraulic-cylinders.net\/wp-content\/uploads\/2025\/01\/songte-company-2.webp\" alt=\"Bild av skopcylinder\"><\/p>\n<h2>Drag<\/h2>\n<ul>\n<li>\n<h3>H\u00f6g styrka och h\u00e5llbarhet<\/h3>\n<p>Skopcylindern \u00e4r vanligtvis tillverkad av h\u00f6gh\u00e5llfast st\u00e5l eller aluminium, t\u00e5l h\u00f6gt tryck och tunga belastningar, och \u00e4r konstruerad med slitstyrka och korrosionsbest\u00e4ndighet i \u00e5tanke f\u00f6r att f\u00f6rl\u00e4nga dess livsl\u00e4ngd.<\/p>\n<\/li>\n<li>\n<h3>Effektiv hydraulisk drift<\/h3>\n<p>Skopcylindern anv\u00e4nder hydrauliskt oljetryck f\u00f6r att uppn\u00e5 j\u00e4mn teleskopr\u00f6relse, snabbt reagera p\u00e5 styrkommandon, ge kraftfulla tryck- och dragkrafter och \u00e4r l\u00e4mplig f\u00f6r hantering av tunga laster och komplexa arbetsuppgifter.<\/p>\n<\/li>\n<li>\n<h3>Flera typer<\/h3>\n<p>Skopcylindern kan vara en enkelverkande hydraulcylinder (med hydraulik i endast en riktning) eller dubbelverkande hydraulcylinder (med hydraulik i tv\u00e5 riktningar) beroende p\u00e5 behov, och vissa modeller \u00e4r teleskopiska, vilket m\u00f6jligg\u00f6r st\u00f6rre utdrag utan att \u00f6ka de ytterm\u00e5tten, l\u00e4mpliga f\u00f6r applikationer med begr\u00e4nsat utrymme.<\/p>\n<\/li>\n<li>\n<h3>Utbytbar<\/h3>\n<p>V\u00e5rt f\u00f6retag kan producera denna produkt och v\u00e5r produkt kan perfekt ers\u00e4tta dessa hydraulcylindrar.<\/p>\n<\/li>\n<li>\n<h3>Applikationer<\/h3>\n<p>Skopscylindern kan anv\u00e4ndas f\u00f6r olika typer av utrustning, s\u00e5som:<\/p>\n<ul>\n<li>Byggutrustning: I gr\u00e4vmaskiner \u00e4r de viktiga f\u00f6r att gr\u00e4va, lasta och flytta jord eller skr\u00e4p. I gr\u00e4vmaskiner med gr\u00e4vaggregat hj\u00e4lper skopcylindern till med gr\u00e4vning och lyftning. <\/li>\n<li>Jordbruksmaskiner: Anv\u00e4nds f\u00f6r frontlastare, f\u00f6r att plocka upp, lyfta och transportera jord, h\u00f6 och andra material. <\/li>\n<li>Gr\u00e4vmaskiner: Skovelcylindern m\u00f6jligg\u00f6r gr\u00e4vning genom att l\u00e5ta skopan tr\u00e4nga ner i jorden. <\/li>\n<li>Lastare: I frontlastare hj\u00e4lper de till med att lyfta och tilta gods effektivt. <\/li>\n<\/ul>\n<\/li>\n<\/ul>\n<h2>Design\u00f6verv\u00e4ganden och urvalskriterier<\/h2>\n<p>Ur ett designperspektiv m\u00e5ste skopcylindern beakta f\u00f6ljande:<\/p>\n<ul>\n<li>\n<h3>B\u00e4rkraft<\/h3>\n<p>Skopcylindern m\u00e5ste ha tillr\u00e4cklig b\u00e4rf\u00f6rm\u00e5ga f\u00f6r att motst\u00e5 den erforderliga belastningen, s\u00e5 att den inte deformeras, spricker eller g\u00e5r s\u00f6nder under drift. <\/p>\n<\/li>\n<li>\n<h3>T\u00e4tning och h\u00e5llbarhet<\/h3>\n<p>Skopscylindern m\u00e5ste ha utm\u00e4rkt t\u00e4tningsprestanda, vilket f\u00f6rhindrar l\u00e4ckage av hydraulolja och intr\u00e4ngning av vatten\/slam. Cylindern m\u00e5ste vara tillverkad av h\u00f6gh\u00e5llfasta och slitstarka material, och cylinderkroppen och den g\u00e4ngade \u00e4ndytan m\u00e5ste vara finbearbetade f\u00f6r att f\u00f6rb\u00e4ttra slitstyrkan.<\/p>\n<\/li>\n<li>\n<h3>S\u00e4kerhet och underh\u00e5ll<\/h3>\n<p>Skopscylindern m\u00e5ste konstrueras med s\u00e4kerhet och underh\u00e5ll i \u00e5tanke, s\u00e5 att cylindern inte orsakar olyckor under drift och att den \u00e4r enkel att demontera, inspektera och reparera vid behov. <\/p>\n<\/li>\n<\/ul>\n<p><img decoding=\"async\" src=\"https:\/\/www.hydraulic-cylinders.net\/wp-content\/uploads\/2025\/01\/songte-oil-pipes-and-spare-parts.webp\" alt=\"Delbild\"><\/p>\n<h2>T\u00e4tning och sm\u00f6rjning<\/h2>\n<p>Skopcylindern anv\u00e4nder olika typer av t\u00e4tningar, s\u00e5som kolvt\u00e4tningar, kolvst\u00e5ngst\u00e4tningar etc. T\u00e4tningsmaterialen \u00e4r vanligtvis tillverkade av slitstarka material som polyuretan och nitrilgummi. Cylinderhuset och den g\u00e4ngade \u00e4ndytan \u00e4r fint bearbetade f\u00f6r att f\u00f6rb\u00e4ttra slitstyrkan och f\u00f6rl\u00e4nga cylinderns livsl\u00e4ngd. Regelbunden tillsats av en l\u00e4mplig m\u00e4ngd hydraulolja \u00e4r n\u00f6dv\u00e4ndig f\u00f6r att bibeh\u00e5lla skopcylinderns sm\u00f6rjning f\u00f6r smidig drift.<\/p>\n<h2>Underh\u00e5ll och reparation<\/h2>\n<p>Korrekt underh\u00e5ll och reparation \u00e4r avg\u00f6rande f\u00f6r att s\u00e4kerst\u00e4lla att skopcylindern fungerar effektivt och s\u00e4kert. Regelbundna inspektioner, l\u00e4mplig sm\u00f6rjning, byte av t\u00e4tningar och kalibrering \u00e4r vanliga underh\u00e5llsuppgifter som b\u00f6r utf\u00f6ras. Korrekt inriktning av cylindern under installationen \u00e4r avg\u00f6rande, och det rekommenderas att anv\u00e4nda l\u00e4mpliga installationsf\u00e4sten f\u00f6r att s\u00e4kra cylindern. Vi rekommenderar att anv\u00e4nda v\u00e5ra inspektions-, reparations- och utbytesprogram f\u00f6r att maximera cylinderns livsl\u00e4ngd.<\/p>\n<p><img decoding=\"async\" src=\"https:\/\/www.hydraulic-cylinders.net\/wp-content\/uploads\/2025\/01\/songte-chushion-collar.webp\" alt=\"Bild av kuddekrage\"><\/p>\n<h2>S\u00e4kerhetsaspekter och milj\u00f6faktorer<\/h2>\n<p>N\u00e4r man anv\u00e4nder skopcylindern \u00e4r det viktigt att f\u00f6lja s\u00e4kerhets\u00e5tg\u00e4rder, s\u00e5som att b\u00e4ra skyddsutrustning och utf\u00f6ra regelbundet underh\u00e5ll. Milj\u00f6faktorer som temperatur, fuktighet och damm b\u00f6r ocks\u00e5 beaktas, och l\u00e4mpligt skydd m\u00e5ste vidtas f\u00f6r att f\u00f6rhindra skador p\u00e5 cylindern.<\/p>\n<h2>Diagnostiska och vanliga problem<\/h2>\n<p>N\u00e5gra vanliga problem med skopcylindrar inkluderar oljel\u00e4ckage, l\u00e5ngsam respons, otillr\u00e4cklig effekt och onormalt ljud. V\u00e5rt f\u00f6retag kan ge tips och l\u00f6sningar f\u00f6r dessa problem, s\u00e5som att byta t\u00e4tningar, reng\u00f6ra oljan samt diagnostisera och reparera strukturella problem.<\/p>\n<p><img decoding=\"async\" src=\"https:\/\/www.hydraulic-cylinders.net\/wp-content\/uploads\/2025\/01\/songte-bushings-with-all-kinds-of-excavator-models.webp\" alt=\"Bussningar Bild\"><\/p>\n<h2>Om v\u00e5rt f\u00f6retag<\/h2>\n<p>V\u00e5rt f\u00f6retag \u00e4r en tillverkare av hydraulcylindrar f\u00f6r reservdelar. Med ett komplett produktsortiment har vi blivit en av de ledande tillverkarna och grossistdistribut\u00f6rerna av hydraulcylindrar p\u00e5 inhemska och internationella marknader. Vi f\u00f6ljer en policy om utm\u00e4rkt kvalitet, f\u00f6rlitar oss p\u00e5 den industrialiserade produktionshanteringen i den f\u00f6rfinade tillverkningsverkstaden, f\u00f6rb\u00e4ttrar kontinuerligt verkstadens tillverkningsplattform, finslipar produktens kvalitetsproduktionsv\u00e4g och har en stark kreativ f\u00f6rm\u00e5ga. Vi erbjuder effektiva, precisa och h\u00f6gkvalitativa produkter f\u00f6r att m\u00f6ta v\u00e5ra kunders olika behov.<\/p>\n<p>V\u00e5rt f\u00f6retag \u00e4r specialiserat p\u00e5 att tillhandah\u00e5lla professionella, internationellt certifierade, kundanpassade tj\u00e4nster och produktionsutrustning. V\u00e5r eftermarknadsservice inkluderar regelbundet underh\u00e5ll, sm\u00f6rjning, t\u00e4tningsbyte och kalibreringskontroller. Vi rekommenderar att anv\u00e4nda v\u00e5ra inspektions-, reparations- och utbytesprogram f\u00f6r att maximera cylinderns livsl\u00e4ngd.<\/p>\n<p><img decoding=\"async\" src=\"https:\/\/hzpt.com\/wp-content\/uploads\/2024\/11\/songte-company-1.webp\" alt=\"F\u00f6retagsbild\"><\/p>\n<p>F\u00f6rfattare: lyl<\/p>","protected":false},"excerpt":{"rendered":"<p>Bucket Cylinder For Sumitomo Middle Excavator SH200A1A2A3 Introduction The bucket cylinder for Sumitomo middle excavator SH200A1A2A3 is a specialized hydraulic cylinder used to control the movement of shovels in heavy machinery such as excavators, backhoe excavators, and front loaders. Its main purpose is to facilitate various material handling tasks by enabling the shovel to lift, [&hellip;]<\/p>","protected":false},"featured_media":14765,"comment_status":"open","ping_status":"closed","template":"","meta":{"_et_pb_use_builder":"","_et_pb_old_content":"","_et_gb_content_width":""},"product_brand":[],"product_cat":[1494],"product_tag":[1495,1496],"class_list":{"0":"post-15174","1":"product","2":"type-product","3":"status-publish","4":"has-post-thumbnail","6":"product_cat-bucket-cylinders","7":"product_tag-bucket-cylinders","8":"product_tag-hydraulic-cylinders","10":"first","11":"instock","12":"shipping-taxable","13":"product-type-simple"},"amp_enabled":true,"_links":{"self":[{"href":"https:\/\/www.hydraulic-cylinders.net\/sv\/wp-json\/wp\/v2\/product\/15174","targetHints":{"allow":["GET"]}}],"collection":[{"href":"https:\/\/www.hydraulic-cylinders.net\/sv\/wp-json\/wp\/v2\/product"}],"about":[{"href":"https:\/\/www.hydraulic-cylinders.net\/sv\/wp-json\/wp\/v2\/types\/product"}],"replies":[{"embeddable":true,"href":"https:\/\/www.hydraulic-cylinders.net\/sv\/wp-json\/wp\/v2\/comments?post=15174"}],"wp:featuredmedia":[{"embeddable":true,"href":"https:\/\/www.hydraulic-cylinders.net\/sv\/wp-json\/wp\/v2\/media\/14765"}],"wp:attachment":[{"href":"https:\/\/www.hydraulic-cylinders.net\/sv\/wp-json\/wp\/v2\/media?parent=15174"}],"wp:term":[{"taxonomy":"product_brand","embeddable":true,"href":"https:\/\/www.hydraulic-cylinders.net\/sv\/wp-json\/wp\/v2\/product_brand?post=15174"},{"taxonomy":"product_cat","embeddable":true,"href":"https:\/\/www.hydraulic-cylinders.net\/sv\/wp-json\/wp\/v2\/product_cat?post=15174"},{"taxonomy":"product_tag","embeddable":true,"href":"https:\/\/www.hydraulic-cylinders.net\/sv\/wp-json\/wp\/v2\/product_tag?post=15174"}],"curies":[{"name":"wp","href":"https:\/\/api.w.org\/{rel}","templated":true}]}}