{"id":15175,"date":"2025-01-19T14:12:01","date_gmt":"2025-01-19T14:12:01","guid":{"rendered":"https:\/\/www.hydraulic-cylinders.net\/product\/bucket-cylinder-for-sumitomo-middle-excavator-sh210-5\/"},"modified":"2025-01-19T14:12:03","modified_gmt":"2025-01-19T14:12:03","slug":"bucket-cylinder-for-sumitomo-middle-excavator-sh210-5","status":"publish","type":"product","link":"https:\/\/www.hydraulic-cylinders.net\/sv\/produkt\/bucket-cylinder-for-sumitomo-middle-excavator-sh210-5\/","title":{"rendered":"Skopscylinder f\u00f6r Sumitomo mellangr\u00e4vmaskin SH210-5"},"content":{"rendered":"<h1>Skopscylinder f\u00f6r Sumitomo mellangr\u00e4vmaskin SH210-5<\/h1>\n<h2>Introduktion<\/h2>\n<p>Skopcylindern till Sumitomo mellangr\u00e4vmaskin SH210-5 \u00e4r en specialdesignad hydraulcylinder som anv\u00e4nds f\u00f6r att styra skopans r\u00f6relse i tunga maskiner som gr\u00e4vmaskiner, traktorgr\u00e4vmaskiner och frontlastare. Dess huvudsakliga funktion \u00e4r att g\u00f6ra det m\u00f6jligt f\u00f6r skopan att lyfta, s\u00e4nka och luta, vilket g\u00f6r den l\u00e4mplig f\u00f6r olika materialhanteringsuppgifter. I hydraulsystemet anv\u00e4nder skopcylindern tryckf\u00f6r\u00e4ndringen fr\u00e5n hydrauloljan f\u00f6r att uppn\u00e5 exakt kontroll \u00f6ver skopan, vilket g\u00f6r det m\u00f6jligt f\u00f6r operat\u00f6rer att effektivt hantera tunga laster och anpassa sig till komplexa arbetsmilj\u00f6er och olika arbetskrav.<\/p>\n<p><img decoding=\"async\" src=\"https:\/\/www.hydraulic-cylinders.net\/wp-content\/uploads\/2025\/01\/songte-company-2.webp\" alt=\"Skopscylinder f\u00f6r Sumitomo mellangr\u00e4vmaskin SH210-5\"><\/p>\n<h2>Drag<\/h2>\n<ul>\n<li>\n<h3>H\u00f6g styrka och h\u00e5llbarhet<\/h3>\n<p>Skopscylindern \u00e4r vanligtvis tillverkad av h\u00f6gh\u00e5llfast st\u00e5l eller aluminium, vilket kan motst\u00e5 h\u00f6gt tryck och tunga belastningar och anpassa sig till tuffa arbetsmilj\u00f6er. Dess konstruktion tar h\u00e4nsyn till slitstyrka och korrosionsbest\u00e4ndighet, vilket f\u00f6rl\u00e4nger dess livsl\u00e4ngd.<\/p>\n<\/li>\n<li>\n<h3>Effektiv hydraulisk drift<\/h3>\n<p>Genom att anv\u00e4nda hydrauloljans tryck f\u00f6r att uppn\u00e5 j\u00e4mn ut- och sammandragning kan skopcylindern snabbt reagera p\u00e5 man\u00f6verkommandon, vilket ger stark tryck- och dragkraft, l\u00e4mplig f\u00f6r hantering av tunga laster och komplexa jobb.<\/p>\n<\/li>\n<li>\n<h3>Olika typer<\/h3>\n<p>Skopscylindern kan v\u00e4ljas som enkelverkande (med hydraulik endast i en riktning) eller dubbelverkande (med hydraulik i b\u00e5da riktningarna) beroende p\u00e5 behov, f\u00f6r att m\u00f6ta olika driftskrav. Vissa modeller \u00e4r teleskopiska, vilket m\u00f6jligg\u00f6r st\u00f6rre utdrag utan att \u00f6ka de yttersta m\u00e5tten, l\u00e4mpliga f\u00f6r applikationer med begr\u00e4nsat utrymme.<\/p>\n<\/li>\n<li>\n<h3>Utbytbar<\/h3>\n<p>V\u00e5ra produkter kan perfekt ers\u00e4tta dessa hydraulcylindrar och vi kan producera denna produkt.<\/p>\n<\/li>\n<\/ul>\n<p><img decoding=\"async\" src=\"https:\/\/www.hydraulic-cylinders.net\/wp-content\/uploads\/2025\/01\/songte-cylinder-head-with-all-kinds-excavator-models.webp\" alt=\"Skopscylinder f\u00f6r Sumitomo mellangr\u00e4vmaskin SH210-5\"><\/p>\n<h2>Ans\u00f6kan<\/h2>\n<p>Skopscylindern anv\u00e4nds ofta i olika tunga maskiner, n\u00e5gra typiska till\u00e4mpningar inkluderar:<\/p>\n<ul>\n<li>\n<h3>Byggutrustning<\/h3>\n<p>De \u00e4r avg\u00f6rande f\u00f6r att gr\u00e4va, lasta och flytta jord eller skr\u00e4p i gr\u00e4vmaskiner och gr\u00e4vmaskiner. I gr\u00e4vmaskinen hj\u00e4lper skopcylindern till med gr\u00e4vning och lyftning.<\/p>\n<\/li>\n<li>\n<h3>Jordbruksmaskiner<\/h3>\n<p>Anv\u00e4nds f\u00f6r frontlastare f\u00f6r att skopa, lyfta och transportera jord, h\u00f6 och andra material. I gr\u00e4vmaskiner m\u00f6jligg\u00f6r skopcylindern gr\u00e4vning genom att l\u00e5ta skopan tr\u00e4nga ner i jorden.<\/p>\n<\/li>\n<li>\n<h3>Lastare<\/h3>\n<p>I frontlastare hj\u00e4lper de till med att lyfta och tilta laster effektivt.<\/p>\n<\/li>\n<\/ul>\n<h2>Design- och urvalsstandarder<\/h2>\n<ul>\n<li>\n<h3>B\u00e4rf\u00f6rm\u00e5ga<\/h3>\n<p>Skopscylinderns b\u00e4rf\u00f6rm\u00e5ga \u00e4r en viktig konstruktionsfaktor. Den m\u00e5ste kunna b\u00e4ra upp tunga laster och motst\u00e5 interna och externa krafter under drift.<\/p>\n<\/li>\n<li>\n<h3>T\u00e4tning<\/h3>\n<p>Cylinderns t\u00e4tning \u00e4r avg\u00f6rande f\u00f6r att f\u00f6rhindra oljel\u00e4ckage och kontaminering av hydraulsystemet. Den anv\u00e4nder olika t\u00e4tningsringar som kolvt\u00e4tningsringar, st\u00e5ngt\u00e4tningsringar och t\u00e4tningar tillverkade av slitstarka material som polyuretan och nitrilgummi. Cylinderhuset och g\u00e4ng\u00e4nden genomg\u00e5r finbearbetning f\u00f6r att f\u00f6rb\u00e4ttra slitstyrkan. Cylindern kr\u00e4ver regelbunden p\u00e5fyllning med l\u00e4mplig m\u00e4ngd hydraulolja f\u00f6r sm\u00f6rjning.<\/p>\n<\/li>\n<li>\n<h3>H\u00e5llbarhet och s\u00e4kerhet<\/h3>\n<p>Skopscylindern m\u00e5ste vara h\u00e5llbar f\u00f6r att klara tuffa arbetsf\u00f6rh\u00e5llanden och tunga belastningar. Det kr\u00e4vs ocks\u00e5 s\u00e4kerhetsaspekter f\u00f6r att s\u00e4kerst\u00e4lla att den uppfyller s\u00e4kerhetsstandarder under drift. <\/p>\n<\/li>\n<li>\n<h3>Underh\u00e5ll<\/h3>\n<p>Cylindern kr\u00e4ver regelbunden inspektion, regelbunden sm\u00f6rjning och byte av t\u00e4tningar f\u00f6r att s\u00e4kerst\u00e4lla optimal prestanda. Det kr\u00e4vs ocks\u00e5 exakt installationsjustering med l\u00e4mpliga monteringsf\u00e4sten f\u00f6r att s\u00e4kra cylindern.<\/p>\n<\/li>\n<\/ul>\n<p><img decoding=\"async\" src=\"https:\/\/www.hydraulic-cylinders.net\/wp-content\/uploads\/2025\/01\/songte-oil-pipes-and-spare-parts.webp\" alt=\"Skopscylinder f\u00f6r Sumitomo mellangr\u00e4vmaskin SH210-5\"><\/p>\n<h2>Underh\u00e5llsguide<\/h2>\n<p>F\u00f6ljande \u00e4r vanliga underh\u00e5llsuppgifter f\u00f6r skopcylindrar:<\/p>\n<ul>\n<li>\n<h3>Regelbunden inspektion<\/h3>\n<p>Inspektera cylindern regelbundet f\u00f6r att identifiera eventuellt slitage eller l\u00e4ckor.<\/p>\n<\/li>\n<li>\n<h3>Sm\u00f6rjning<\/h3>\n<p>Sm\u00f6rj cylindern regelbundet f\u00f6r att s\u00e4kerst\u00e4lla smidig drift.<\/p>\n<\/li>\n<li>\n<h3>T\u00e4tningsbyte och kalibreringskontroll<\/h3>\n<p>Byt ut slitna t\u00e4tningar och kontrollera kalibreringen regelbundet.<\/p>\n<\/li>\n<\/ul>\n<p>Det \u00e4r viktigt att installera, sm\u00f6rja och justera cylindern korrekt under installationen f\u00f6r att s\u00e4kerst\u00e4lla optimal prestanda. Korrekt uppriktningsv\u00e4gledning b\u00f6r tillhandah\u00e5llas under installationen, och l\u00e4mpliga installationsf\u00e4sten b\u00f6r anv\u00e4ndas f\u00f6r att s\u00e4kra cylindern. Vi rekommenderar rekommenderade inspektions-, reparations- och utbytesprocedurer f\u00f6r att f\u00f6rl\u00e4nga anv\u00e4ndningen av skopcylindern.<\/p>\n<p><img decoding=\"async\" src=\"https:\/\/www.hydraulic-cylinders.net\/wp-content\/uploads\/2025\/01\/songte-chushion-collar.webp\" alt=\"Skopscylinder f\u00f6r Sumitomo mellangr\u00e4vmaskin SH210-5\"><\/p>\n<h2>S\u00e4kerhets- och milj\u00f6h\u00e4nsyn<\/h2>\n<p>L\u00e4mpliga s\u00e4kerhets\u00e5tg\u00e4rder b\u00f6r vidtas vid anv\u00e4ndning av skopcylindern f\u00f6r att f\u00f6rhindra skador. Cylindern b\u00f6r endast anv\u00e4ndas av utbildad personal med l\u00e4mplig s\u00e4kerhetsutrustning och i enlighet med s\u00e4kerhetsf\u00f6reskrifter. Milj\u00f6h\u00e4nsyn inkluderar korrekt kassering av anv\u00e4nd hydraulolja och milj\u00f6efterlevnad av f\u00f6reskrifter under produktion och drift.<\/p>\n<p><img decoding=\"async\" src=\"https:\/\/hzpt.com\/wp-content\/uploads\/2024\/11\/songte-company-1.webp\" alt=\"Skopscylinder f\u00f6r Sumitomo mellangr\u00e4vmaskin SH210-5\"><\/p>\n<h2>Feldiagnos och vanliga problem<\/h2>\n<p>Skopans cylinder kan uppleva n\u00e5gra vanliga problem, inklusive oljel\u00e4ckage, d\u00e5lig prestanda och onormalt ljud. Otillr\u00e4cklig sm\u00f6rjning och slitage p\u00e5 t\u00e4tningar \u00e4r vanliga orsaker till dessa problem. F\u00f6r att diagnostisera och l\u00f6sa problem rekommenderar vi att du konsulterar en professionell ingenj\u00f6r f\u00f6r att s\u00e4kerst\u00e4lla korrekt diagnos och effektiva l\u00f6sningar. F\u00f6r att f\u00f6rhindra potentiella problem f\u00f6resl\u00e5r vi att du vidtar f\u00f6rebyggande \u00e5tg\u00e4rder, s\u00e5som regelbunden inspektion, korrekt sm\u00f6rjning och byte av slitna t\u00e4tningar.<\/p>\n<p><img decoding=\"async\" src=\"https:\/\/www.hydraulic-cylinders.net\/wp-content\/uploads\/2025\/01\/songte-bushings-with-all-kinds-of-excavator-models.webp\" alt=\"Skopscylinder f\u00f6r Sumitomo mellangr\u00e4vmaskin SH210-5\"><\/p>\n<h2>Om v\u00e5rt f\u00f6retag<\/h2>\n<p>Vi \u00e4r en tillverkare av hydraulcylindrar f\u00f6r reservdelar med ett komplett produktsortiment och har blivit en av de ledande tillverkarna och grossistdistribut\u00f6rerna av hydraulcylindrar p\u00e5 den inhemska och internationella marknaden. Vi f\u00f6ljer utm\u00e4rkt kvalitet, f\u00f6rlitar oss p\u00e5 industrialiserade produktionsstrategier som st\u00f6ds av sofistikerade tillverkningsverkst\u00e4der, och f\u00f6rb\u00e4ttrar kontinuerligt verkstadens tillverkningsplattform, f\u00f6rb\u00e4ttrar produkternas produktionskvalitet och besitter stark kreativitet. Vi str\u00e4var efter att tillgodose olika kunders behov med h\u00f6g effektivitet, h\u00f6g precision och h\u00f6ga kvalitetsprinciper.<\/p>\n<p>V\u00e5rt f\u00f6retag \u00e4r specialiserat p\u00e5 att tillhandah\u00e5lla professionella tj\u00e4nster, kundanpassade tj\u00e4nster och internationella certifieringar. Vi anv\u00e4nder avancerad produktionsutrustning och professionella testsystem f\u00f6r att f\u00f6rb\u00e4ttra produkternas kvalitet och tillhandah\u00e5lla omfattande eftermarknadsservice. Vi forts\u00e4tter att f\u00f6rb\u00e4ttra v\u00e5r produktionskapacitet och produktkvalitet och har vunnit v\u00e5ra kunders f\u00f6rtroende och ber\u00f6m genom v\u00e5ra utm\u00e4rkta produkter och tj\u00e4nster.<\/p>\n<p><img decoding=\"async\" src=\"https:\/\/www.hydraulic-cylinders.net\/wp-content\/uploads\/2025\/01\/songte-company-3.webp\" alt=\"Skopscylinder f\u00f6r Sumitomo mellangr\u00e4vmaskin SH210-5\"><\/p>\n<p>F\u00f6rfattare: lyl.<\/p>","protected":false},"excerpt":{"rendered":"<p>Bucket Cylinder For Sumitomo Middle Excavator SH210-5 Introduction The bucket cylinder for Sumitomo middle excavator SH210-5 is a specially designed hydraulic cylinder used to control the movement of the bucket in heavy machinery such as excavators, backhoe excavators, and front-end loaders. Its main function is to enable the bucket to lift, lower, and tilt, making [&hellip;]<\/p>","protected":false},"featured_media":14762,"comment_status":"open","ping_status":"closed","template":"","meta":{"_et_pb_use_builder":"","_et_pb_old_content":"","_et_gb_content_width":""},"product_brand":[],"product_cat":[1494],"product_tag":[1495,1496],"class_list":{"0":"post-15175","1":"product","2":"type-product","3":"status-publish","4":"has-post-thumbnail","6":"product_cat-bucket-cylinders","7":"product_tag-bucket-cylinders","8":"product_tag-hydraulic-cylinders","10":"first","11":"instock","12":"shipping-taxable","13":"product-type-simple"},"amp_enabled":true,"_links":{"self":[{"href":"https:\/\/www.hydraulic-cylinders.net\/sv\/wp-json\/wp\/v2\/product\/15175","targetHints":{"allow":["GET"]}}],"collection":[{"href":"https:\/\/www.hydraulic-cylinders.net\/sv\/wp-json\/wp\/v2\/product"}],"about":[{"href":"https:\/\/www.hydraulic-cylinders.net\/sv\/wp-json\/wp\/v2\/types\/product"}],"replies":[{"embeddable":true,"href":"https:\/\/www.hydraulic-cylinders.net\/sv\/wp-json\/wp\/v2\/comments?post=15175"}],"wp:featuredmedia":[{"embeddable":true,"href":"https:\/\/www.hydraulic-cylinders.net\/sv\/wp-json\/wp\/v2\/media\/14762"}],"wp:attachment":[{"href":"https:\/\/www.hydraulic-cylinders.net\/sv\/wp-json\/wp\/v2\/media?parent=15175"}],"wp:term":[{"taxonomy":"product_brand","embeddable":true,"href":"https:\/\/www.hydraulic-cylinders.net\/sv\/wp-json\/wp\/v2\/product_brand?post=15175"},{"taxonomy":"product_cat","embeddable":true,"href":"https:\/\/www.hydraulic-cylinders.net\/sv\/wp-json\/wp\/v2\/product_cat?post=15175"},{"taxonomy":"product_tag","embeddable":true,"href":"https:\/\/www.hydraulic-cylinders.net\/sv\/wp-json\/wp\/v2\/product_tag?post=15175"}],"curies":[{"name":"wp","href":"https:\/\/api.w.org\/{rel}","templated":true}]}}