{"id":15177,"date":"2025-01-19T14:12:08","date_gmt":"2025-01-19T14:12:08","guid":{"rendered":"https:\/\/www.hydraulic-cylinders.net\/product\/bucket-cylinder-for-sumitomo-middle-excavator-sh240-5lr\/"},"modified":"2025-01-19T14:12:10","modified_gmt":"2025-01-19T14:12:10","slug":"bucket-cylinder-for-sumitomo-middle-excavator-sh240-5lr","status":"publish","type":"product","link":"https:\/\/www.hydraulic-cylinders.net\/sv\/produkt\/bucket-cylinder-for-sumitomo-middle-excavator-sh240-5lr\/","title":{"rendered":"Skopscylinder f\u00f6r Sumitomo mellangr\u00e4vmaskin SH240-5LR"},"content":{"rendered":"<h1>Skopscylinder f\u00f6r Sumitomo mellangr\u00e4vmaskin SH240-5LR<\/h1>\n<h2>Introduktion<\/h2>\n<p>En skopcylinder \u00e4r en specialdesignad hydraulcylinder som anv\u00e4nds f\u00f6r att styra skopans r\u00f6relse i tunga maskiner som gr\u00e4vmaskiner, gr\u00e4vlastare och frontlastare. Dess huvudsakliga funktion \u00e4r att m\u00f6jligg\u00f6ra lyftning, s\u00e4nkning och lutning av skopan, vilket underl\u00e4ttar olika materialhanteringsuppgifter. I hydraulsystemet uppn\u00e5r skopcylindern exakt kontroll \u00f6ver skopan genom att variera hydrauloljetrycket, vilket g\u00f6r det m\u00f6jligt f\u00f6r operat\u00f6rer att effektivt hantera tunga laster och anpassa sig till komplexa arbetsmilj\u00f6er och varierande arbetskrav.<\/p>\n<p><img decoding=\"async\" src=\"https:\/\/www.hydraulic-cylinders.net\/wp-content\/uploads\/2025\/01\/songte-company-2.webp\" alt=\"Bild av skopcylinder\"><\/p>\n<h2>Drag<\/h2>\n<ul>\n<li>\n<h3>H\u00f6g styrka och h\u00e5llbarhet<\/h3>\n<p>Skopscylindrar \u00e4r vanligtvis tillverkade av h\u00f6gh\u00e5llfast st\u00e5l eller aluminium, som t\u00e5l h\u00f6gt tryck och tunga belastningar och anpassar sig till tuffa arbetsmilj\u00f6er. Konstruktionen tar h\u00e4nsyn till slitstyrka och korrosionsbest\u00e4ndighet, vilket f\u00f6rl\u00e4nger livsl\u00e4ngden.<\/p>\n<\/li>\n<li>\n<h3>Effektiv hydraulisk drift<\/h3>\n<p>Skopscylindrar anv\u00e4nder trycket fr\u00e5n hydraulolja f\u00f6r att uppn\u00e5 smidiga utskjutnings- och sammandragningsr\u00f6relser, reagera snabbt p\u00e5 styrkommandon, ge kraftfulla tryck- och dragkrafter och \u00e4r l\u00e4mpliga f\u00f6r hantering av tunga laster och komplexa arbetsuppgifter.<\/p>\n<\/li>\n<li>\n<h3>Olika typer<\/h3>\n<p>Skopscylindrar kan vara enkelverkande (hydrauliska i en riktning) eller dubbelverkande (hydrauliska i b\u00e5da riktningarna) beroende p\u00e5 kraven. Vissa modeller \u00e4r teleskopiska, vilket m\u00f6jligg\u00f6r st\u00f6rre utdrag utan att \u00f6ka de yttersta m\u00e5tten, l\u00e4mpliga f\u00f6r applikationer d\u00e4r utrymmet \u00e4r begr\u00e4nsat.<\/p>\n<\/li>\n<li>\n<h3>Perfekt ers\u00e4ttning<\/h3>\n<p>V\u00e5ra produkter kan perfekt ers\u00e4tta dessa hydraulcylindrar. Vi kan tillverka den h\u00e4r produkten.<\/p>\n<\/li>\n<\/ul>\n<p><img decoding=\"async\" src=\"https:\/\/www.hydraulic-cylinders.net\/wp-content\/uploads\/2025\/01\/songte-cylinder-head-with-all-kinds-excavator-models.webp\" alt=\"Bild f\u00f6r utbyte av skopcylinder\"><\/p>\n<h2>Applikationer<\/h2>\n<p>Skopscylindrar kan anv\u00e4ndas inom olika industrier, inklusive:<\/p>\n<ul>\n<li>\n<h3>Byggutrustning<\/h3>\n<p>I gr\u00e4vmaskiner \u00e4r skopcylindrar viktiga f\u00f6r att gr\u00e4va, lasta och flytta jord eller skr\u00e4p. I gr\u00e4vlastare hj\u00e4lper skopcylindrar till med b\u00e5de gr\u00e4vning och lyftning. <\/p>\n<\/li>\n<li>\n<h3>Jordbruksmaskiner<\/h3>\n<p>Skopcylindrar anv\u00e4nds f\u00f6r frontlastare, f\u00f6r att plocka upp, lyfta och transportera jord, h\u00f6 och andra material. <\/p>\n<\/li>\n<li>\n<h3>Gr\u00e4vmaskiner<\/h3>\n<p>Skopcylindern g\u00f6r att skoporna kan tr\u00e4nga ner i jorden och uppn\u00e5 gr\u00e4vningsr\u00f6relse. <\/p>\n<\/li>\n<li>\n<h3>Lastare<\/h3>\n<p>Skopcylindrar i frontlastare hj\u00e4lper till att lyfta och dumpa gods effektivt. <\/p>\n<\/li>\n<\/ul>\n<h2>Design\u00f6verv\u00e4ganden och urvalsstandarder<\/h2>\n<p>Vid konstruktion och val av skopcylindrar m\u00e5ste ingenj\u00f6rer beakta f\u00f6ljande:<\/p>\n<ul>\n<li>\n<h3>B\u00e4rkraft<\/h3>\n<p>Cylindern m\u00e5ste ha tillr\u00e4cklig b\u00e4rf\u00f6rm\u00e5ga f\u00f6r att motst\u00e5 lastens vikt.<\/p>\n<\/li>\n<li>\n<h3>T\u00e4tningsprestanda<\/h3>\n<p>Olika t\u00e4tningskomponenter, s\u00e5som kolvt\u00e4tningar och st\u00e5ngt\u00e4tningar, m\u00e5ste vara tillverkade av slitstarka material som polyuretan och nitrilgummi f\u00f6r att s\u00e4kerst\u00e4lla god t\u00e4tningsprestanda och f\u00f6rhindra oljel\u00e4ckage.<\/p>\n<\/li>\n<li>\n<h3>Varaktighet<\/h3>\n<p>Cylindern m\u00e5ste vara konstruerad f\u00f6r att motst\u00e5 slitage, korrosion och andra former av skador under en l\u00e4ngre tid.<\/p>\n<\/li>\n<li>\n<h3>S\u00e4kerhet<\/h3>\n<p>Cylindern m\u00e5ste vara s\u00e4ker att anv\u00e4nda, med l\u00e4mpliga s\u00e4kerhets\u00e5tg\u00e4rder och varningssystem p\u00e5 plats. <\/p>\n<\/li>\n<li>\n<h3>Underh\u00e5llbarhet<\/h3>\n<p>Cylindern m\u00e5ste vara l\u00e4tt att underh\u00e5lla, med reservdelar, reparation och ombyggnadstj\u00e4nster l\u00e4ttillg\u00e4ngliga.<\/p>\n<\/li>\n<\/ul>\n<p><img decoding=\"async\" src=\"https:\/\/www.hydraulic-cylinders.net\/wp-content\/uploads\/2025\/01\/songte-oil-pipes-and-spare-parts.webp\" alt=\"Bild av reservdelar till skopa\"><\/p>\n<h2>T\u00e4tning och sm\u00f6rjning<\/h2>\n<p>Skopscylindrar kr\u00e4ver olika t\u00e4tningar, s\u00e5som kolvt\u00e4tningar och st\u00e5ngt\u00e4tningar, tillverkade av slitstarka material som polyuretan och nitrilgummi som ger god t\u00e4tningsprestanda och f\u00f6rhindrar oljel\u00e4ckage. Cylinderhuset, st\u00e5ng- och g\u00e4ng\u00e4ndytorna \u00e4r noggrant bearbetade f\u00f6r att f\u00f6rb\u00e4ttra slitstyrkan. Regelbunden tillsats av l\u00e4mplig m\u00e4ngd hydraulolja kr\u00e4vs f\u00f6r sm\u00f6rjning.<\/p>\n<h2>Underh\u00e5ll och reparation<\/h2>\n<p>Regelbunden inspektion och f\u00f6rebyggande underh\u00e5ll \u00e4r avg\u00f6rande f\u00f6r att s\u00e4kerst\u00e4lla optimal prestanda och livsl\u00e4ngd hos skopcylindrar. N\u00e5gra vanliga underh\u00e5llsuppgifter inkluderar korrekt sm\u00f6rjning, regelbundet byte av t\u00e4tningar och kalibreringskontroller. Korrekt installation, sm\u00f6rjning och justering \u00e4r avg\u00f6rande f\u00f6r att s\u00e4kerst\u00e4lla skopcylindrarnas livsl\u00e4ngd och h\u00e5llbarhet. F\u00f6ljande tips kan hj\u00e4lpa till att diagnostisera och l\u00f6sa problem effektivt:<\/p>\n<ul>\n<li>\n<h3>Regelbunden inspektion<\/h3>\n<p>Regelbunden inspektion kan hj\u00e4lpa till att uppt\u00e4cka potentiella problem innan de eskalerar.<\/p>\n<\/li>\n<li>\n<h3>Korrekt sm\u00f6rjning<\/h3>\n<p>Korrekt sm\u00f6rjning kan bidra till att f\u00f6rhindra slitage och f\u00f6rl\u00e4nga cylinderns livsl\u00e4ngd.<\/p>\n<\/li>\n<li>\n<h3>Byte av t\u00e4tning<\/h3>\n<p>Regelbundet byte av t\u00e4tningar \u00e4r n\u00f6dv\u00e4ndigt f\u00f6r att s\u00e4kerst\u00e4lla optimal t\u00e4tningsprestanda. <\/p>\n<\/li>\n<li>\n<h3>Korrekt installation och justering<\/h3>\n<p>Korrekt installation och justering av cylindern \u00e4r avg\u00f6rande f\u00f6r dess livsl\u00e4ngd och h\u00e5llbarhet. <\/p>\n<\/li>\n<\/ul>\n<p><img decoding=\"async\" src=\"https:\/\/www.hydraulic-cylinders.net\/wp-content\/uploads\/2025\/01\/songte-chushion-collar.webp\" alt=\"Bild f\u00f6r installation av skopcylinder\"><\/p>\n<h2>S\u00e4kerhetsaspekter och milj\u00f6faktorer<\/h2>\n<p>Vid anv\u00e4ndning av skopcylindrar m\u00e5ste s\u00e4kerhets\u00e5tg\u00e4rder iakttas f\u00f6r att f\u00f6rhindra skador p\u00e5 utrustningen. Milj\u00f6faktorer, s\u00e5som temperatur, fuktighet och damm, m\u00e5ste ocks\u00e5 beaktas och \u00e5tg\u00e4rdas f\u00f6r att bibeh\u00e5lla optimal prestanda och livsl\u00e4ngd. <\/p>\n<h2>Feldiagnos och fels\u00f6kning<\/h2>\n<p>N\u00e5gra vanliga problem med skopcylindern inkluderar oljel\u00e4ckage, otillr\u00e4ckligt tryck och d\u00e5lig t\u00e4tningsprestanda. Korrekt diagnos och fels\u00f6kning kan hj\u00e4lpa till att l\u00f6sa problem effektivt och \u00e4ndam\u00e5lsenligt. Regelbundet underh\u00e5ll och inspektion kan bidra till att f\u00f6rhindra att s\u00e5dana problem uppst\u00e5r.<\/p>\n<p><img decoding=\"async\" src=\"https:\/\/www.hydraulic-cylinders.net\/wp-content\/uploads\/2025\/01\/songte-bushings-with-all-kinds-of-excavator-models.webp\" alt=\"Problem med skopcylindern, bild\"><\/p>\n<h2>Om v\u00e5rt f\u00f6retag<\/h2>\n<p>Vi \u00e4r en tillverkare av hydraulcylindrar som kan ers\u00e4tta originalcylindrar. V\u00e5rt f\u00f6retag har ett komplett produktsortiment och \u00e4r en av de ledande tillverkarna och grossisterna av hydraulcylindrar p\u00e5 den inhemska och internationella marknaden. Vi f\u00f6ljer h\u00f6gsta kvalitet, f\u00f6rlitar oss p\u00e5 industriella produktionsledningsstrategier fr\u00e5n fintillverkningsverkst\u00e4der och f\u00f6rb\u00e4ttrar kontinuerligt tillverkningsplattformen och produktionskvaliteten i verkstaden genom att anv\u00e4nda teknisk kompetens, digital avancerad tillverkningsutrustning och professionella testsystem. Vi har stark skapandef\u00f6rm\u00e5ga och m\u00f6ter kundernas olika krav med effektivitet, precision och h\u00f6gkvalitativa principer. <\/p>\n<p><img decoding=\"async\" src=\"https:\/\/hzpt.com\/wp-content\/uploads\/2024\/11\/songte-company-1.webp\" alt=\"F\u00f6retagsbild\"><\/p>\n<h3>Specialitet<\/h3>\n<p>Vi \u00e4r specialiserade p\u00e5 att tillverka hydraulcylindrar som kan ers\u00e4tta originalcylindrar.<\/p>\n<h3>Internationell certifiering<\/h3>\n<p>V\u00e5ra produkter har klarat ISO9001, CE och andra internationella certifieringar, vilket garanterar deras kvalitet och tillf\u00f6rlitlighet. <\/p>\n<h3>Anpassningstj\u00e4nst<\/h3>\n<p>V\u00e5rt f\u00f6retag erbjuder skr\u00e4ddarsydda tj\u00e4nster f\u00f6r att m\u00f6ta kundernas specifika behov.<\/p>\n<h3>Produktionsutrustning<\/h3>\n<p>V\u00e5r verkstad \u00e4r utrustad med avancerade datorstyrda svarvar, CNC-bearbetningscentraler och annan h\u00f6gprecisionsutrustning f\u00f6r att s\u00e4kerst\u00e4lla v\u00e5ra produkters kvalitet och noggrannhet. <\/p>\n<h3>Eftermarknadsservice<\/h3>\n<p>Vi erbjuder kunderna utm\u00e4rkt eftermarknadsservice, inklusive produktunderh\u00e5ll, reparation och utbytestj\u00e4nster.<\/p>\n<h4>F\u00f6rfattare: lyl<\/h4>","protected":false},"excerpt":{"rendered":"<p>Bucket Cylinder For Sumitomo Middle Excavator SH240-5LR Introduction A bucket cylinder is a specially designed hydraulic cylinder used to control the movement of the bucket in heavy machinery such as excavators, backhoe loaders, and front-end loaders. Its main function is to enable lifting, lowering and tilting of the bucket, thus facilitating various material handling tasks. [&hellip;]<\/p>","protected":false},"featured_media":14789,"comment_status":"open","ping_status":"closed","template":"","meta":{"_et_pb_use_builder":"","_et_pb_old_content":"","_et_gb_content_width":""},"product_brand":[],"product_cat":[1494],"product_tag":[1495,1496],"class_list":{"0":"post-15177","1":"product","2":"type-product","3":"status-publish","4":"has-post-thumbnail","6":"product_cat-bucket-cylinders","7":"product_tag-bucket-cylinders","8":"product_tag-hydraulic-cylinders","10":"first","11":"instock","12":"shipping-taxable","13":"product-type-simple"},"amp_enabled":true,"_links":{"self":[{"href":"https:\/\/www.hydraulic-cylinders.net\/sv\/wp-json\/wp\/v2\/product\/15177","targetHints":{"allow":["GET"]}}],"collection":[{"href":"https:\/\/www.hydraulic-cylinders.net\/sv\/wp-json\/wp\/v2\/product"}],"about":[{"href":"https:\/\/www.hydraulic-cylinders.net\/sv\/wp-json\/wp\/v2\/types\/product"}],"replies":[{"embeddable":true,"href":"https:\/\/www.hydraulic-cylinders.net\/sv\/wp-json\/wp\/v2\/comments?post=15177"}],"wp:featuredmedia":[{"embeddable":true,"href":"https:\/\/www.hydraulic-cylinders.net\/sv\/wp-json\/wp\/v2\/media\/14789"}],"wp:attachment":[{"href":"https:\/\/www.hydraulic-cylinders.net\/sv\/wp-json\/wp\/v2\/media?parent=15177"}],"wp:term":[{"taxonomy":"product_brand","embeddable":true,"href":"https:\/\/www.hydraulic-cylinders.net\/sv\/wp-json\/wp\/v2\/product_brand?post=15177"},{"taxonomy":"product_cat","embeddable":true,"href":"https:\/\/www.hydraulic-cylinders.net\/sv\/wp-json\/wp\/v2\/product_cat?post=15177"},{"taxonomy":"product_tag","embeddable":true,"href":"https:\/\/www.hydraulic-cylinders.net\/sv\/wp-json\/wp\/v2\/product_tag?post=15177"}],"curies":[{"name":"wp","href":"https:\/\/api.w.org\/{rel}","templated":true}]}}