{"id":15178,"date":"2025-01-19T14:12:13","date_gmt":"2025-01-19T14:12:13","guid":{"rendered":"https:\/\/www.hydraulic-cylinders.net\/product\/bucket-cylinder-for-sumitomo-middle-excavator-ls430fj2\/"},"modified":"2025-01-19T14:12:15","modified_gmt":"2025-01-19T14:12:15","slug":"bucket-cylinder-for-sumitomo-middle-excavator-ls430fj2","status":"publish","type":"product","link":"https:\/\/www.hydraulic-cylinders.net\/sv\/produkt\/bucket-cylinder-for-sumitomo-middle-excavator-ls430fj2\/","title":{"rendered":"Skopscylinder f\u00f6r Sumitomo mellangr\u00e4vmaskin LS430FJ2"},"content":{"rendered":"<p><!DOCTYPE html><br \/>\n<html><br \/>\n<head><br \/>\n<title>Skopscylinder f\u00f6r Sumitomo mellangr\u00e4vmaskin LS430FJ2<\/title><br \/>\n<\/head><br \/>\n<body><\/p>\n<h1>Skopscylinder f\u00f6r Sumitomo mellangr\u00e4vmaskin LS430FJ2<\/h1>\n<h2>Introduktion<\/h2>\n<p>Skopcylindern \u00e4r en specialdesignad hydraulcylinder som anv\u00e4nds f\u00f6r att styra skopans r\u00f6relse i tunga maskiner som gr\u00e4vmaskiner, gr\u00e4vlastare och frontlastare. Dess huvudsakliga funktion \u00e4r att m\u00f6jligg\u00f6ra lyftning, s\u00e4nkning och lutning av skopan, vilket underl\u00e4ttar olika materialhanteringsuppgifter. I ett hydraulsystem uppn\u00e5r skopcylindern exakt kontroll \u00f6ver skopan genom att utnyttja tryckf\u00f6r\u00e4ndringarna i hydrauloljan, vilket g\u00f6r det m\u00f6jligt f\u00f6r operat\u00f6rer att effektivt hantera tunga laster och anpassa sig till komplexa arbetsmilj\u00f6er och olika driftskrav.<\/p>\n<p><img decoding=\"async\" src=\"https:\/\/www.hydraulic-cylinders.net\/wp-content\/uploads\/2025\/01\/songte-company-2.webp\"><\/p>\n<h2>Drag<\/h2>\n<ul>\n<li>H\u00f6g h\u00e5llfasthet och h\u00e5llbarhet: Den \u00e4r vanligtvis tillverkad av h\u00f6gh\u00e5llfast st\u00e5l eller aluminium och t\u00e5l h\u00f6gt tryck och tunga belastningar, vilket g\u00f6r den l\u00e4mplig f\u00f6r tuffa arbetsmilj\u00f6er. Designen tar h\u00e4nsyn till slitstyrka och korrosionsbest\u00e4ndighet, vilket f\u00f6rl\u00e4nger dess livsl\u00e4ngd.<\/li>\n<li>Effektiv hydraulisk drift: Genom att utnyttja hydrauloljans tryck uppn\u00e5r den smidiga ut- och indragningsr\u00f6relser, vilket m\u00f6jligg\u00f6r snabb respons p\u00e5 kontrollkommandon och ger starka tryck- och dragkrafter, l\u00e4mplig f\u00f6r hantering av tunga laster och komplexa uppgifter.<\/li>\n<li>Olika typer: Skopscylindern kan v\u00e4ljas som enkelverkande (hydraulisk endast i en riktning) eller dubbelverkande (hydraulisk i b\u00e5da riktningarna) baserat p\u00e5 behov, f\u00f6r att m\u00f6ta olika driftskrav. Vissa modeller \u00e4r teleskopiska, vilket m\u00f6jligg\u00f6r st\u00f6rre utdrag utan att \u00f6ka de yttersta m\u00e5tten, perfekt f\u00f6r applikationer med begr\u00e4nsat utrymme.<\/li>\n<li>Perfekt ers\u00e4ttning: V\u00e5ra produkter kan perfekt ers\u00e4tta dessa hydraulcylindrar. <\/li>\n<\/ul>\n<p><img decoding=\"async\" src=\"https:\/\/www.hydraulic-cylinders.net\/wp-content\/uploads\/2025\/01\/songte-cylinder-head-with-all-kinds-excavator-models.webp\"><\/p>\n<h2>Applikationer<\/h2>\n<p>Skopcylindern anv\u00e4nds ofta i olika utrustningar, inklusive:<\/p>\n<ul>\n<li>Byggutrustning: De finns i gr\u00e4vmaskiner och \u00e4r avg\u00f6rande f\u00f6r att gr\u00e4va, lasta och flytta jord eller skr\u00e4p. I gr\u00e4vlastare hj\u00e4lper skopcylindern till med b\u00e5de gr\u00e4vning och lyftning.<\/li>\n<li>Jordbruksmaskiner: Anv\u00e4nds i frontlastare f\u00f6r att \u00f6sa, lyfta och transportera jord, h\u00f6 och andra material.<\/li>\n<li>Gr\u00e4vmaskiner: Skopans cylinder m\u00f6jligg\u00f6r gr\u00e4vning genom att l\u00e5ta skopan tr\u00e4nga ner i jorden.<\/li>\n<li>Lastare: Frontlastare hj\u00e4lper till att lyfta och dumpa gods effektivt.<\/li>\n<\/ul>\n<p>Varje applikation f\u00f6rklaras ytterligare nedan:<\/p>\n<p>Byggmaskiner: I gr\u00e4vmaskiner spelar de en viktig roll vid gr\u00e4vning, lastning och flyttning av jord eller skr\u00e4p. I gr\u00e4vlastare hj\u00e4lper skopcylindern till vid b\u00e5de gr\u00e4vning och lyftning.<\/p>\n<p>Jordbruksmaskiner: Skopcylindern anv\u00e4nds i frontlastare f\u00f6r att skopa, lyfta och transportera jord, h\u00f6 och andra material.<\/p>\n<p>Gr\u00e4vmaskiner: Skopans cylinder m\u00f6jligg\u00f6r gr\u00e4vning genom att skopan kan tr\u00e4nga ner i jorden.<\/p>\n<p>Lastare: Frontlastare hj\u00e4lper till att lyfta och dumpa gods effektivt.<\/p>\n<h2>Design\u00f6verv\u00e4ganden och urvalskriterier<\/h2>\n<p>N\u00e4r det g\u00e4ller design\u00f6verv\u00e4ganden och urvalskriterier f\u00f6r skopcylindern b\u00f6r flera faktorer beaktas:<\/p>\n<ul>\n<li>B\u00e4rf\u00f6rm\u00e5ga: Skopans cylinder ska kunna motst\u00e5 den maximala belastningen den kommer att uts\u00e4ttas f\u00f6r under drift.<\/li>\n<li>T\u00e4tning: Olika t\u00e4tningskomponenter som kolvt\u00e4tningar och kolvst\u00e5ngst\u00e4tningar anv\u00e4nds f\u00f6r att f\u00f6rhindra l\u00e4ckage och s\u00e4kerst\u00e4lla att cylindern fungerar korrekt.<\/li>\n<li>H\u00e5llbarhet: Skopcylindern b\u00f6r vara konstruerad f\u00f6r att motst\u00e5 de f\u00f6rv\u00e4ntade driftsf\u00f6rh\u00e5llandena och ha en l\u00e5ng livsl\u00e4ngd.<\/li>\n<li>S\u00e4kerhet: S\u00e4kerhetsfunktioner som \u00f6vertrycksventiler b\u00f6r inf\u00f6rlivas f\u00f6r att f\u00f6rhindra \u00f6vertryckssituationer.<\/li>\n<li>Underh\u00e5llbarhet: Enkel \u00e5tkomst f\u00f6r underh\u00e5ll och reparation \u00e4r avg\u00f6rande f\u00f6r att minimera driftstopp.<\/li>\n<\/ul>\n<p><img decoding=\"async\" src=\"https:\/\/www.hydraulic-cylinders.net\/wp-content\/uploads\/2025\/01\/songte-oil-pipes-and-spare-parts.webp\"><\/p>\n<h2>T\u00e4tning och sm\u00f6rjning<\/h2>\n<p>Skopscylindern anv\u00e4nder olika t\u00e4tningskomponenter, s\u00e5som kolvt\u00e4tningar och st\u00e5ngt\u00e4tningar, vilka \u00e4r tillverkade av slitstarka material som polyuretan och nitrilgummi. Cylinderhuset och de g\u00e4ngade \u00e4ndytorna \u00e4r fint behandlade f\u00f6r att f\u00f6rb\u00e4ttra slitstyrkan. Regelbunden sm\u00f6rjning med l\u00e4mplig m\u00e4ngd hydraulolja \u00e4r n\u00f6dv\u00e4ndig f\u00f6r att s\u00e4kerst\u00e4lla smidig drift.<\/p>\n<h2>Regelbunden inspektion och f\u00f6rebyggande underh\u00e5ll<\/h2>\n<p>F\u00f6r att bibeh\u00e5lla skopcylinderns optimala prestanda rekommenderas regelbunden inspektion och f\u00f6rebyggande underh\u00e5ll. F\u00f6ljande \u00e5tg\u00e4rder b\u00f6r vidtas:<\/p>\n<ul>\n<li>Regelbunden inspektion av cylindern f\u00f6r tecken p\u00e5 slitage, skador eller l\u00e4ckage.<\/li>\n<li>Korrekt sm\u00f6rjning av alla r\u00f6rliga delar f\u00f6r att s\u00e4kerst\u00e4lla smidig drift.<\/li>\n<li>Byte av slitna eller skadade t\u00e4tningar i r\u00e4tt tid f\u00f6r att f\u00f6rhindra l\u00e4ckage och s\u00e4kerst\u00e4lla korrekt t\u00e4tning.<\/li>\n<li>Kalibreringskontroller f\u00f6r att s\u00e4kerst\u00e4lla korrekt drift.<\/li>\n<\/ul>\n<h2>Guide f\u00f6r korrekt produktinstallation<\/h2>\n<p>Korrekt installation \u00e4r avg\u00f6rande f\u00f6r optimal prestanda och livsl\u00e4ngd hos skopcylindern. F\u00f6ljande steg b\u00f6r f\u00f6ljas:<\/p>\n<ul>\n<li>S\u00e4kerst\u00e4ll korrekt inriktning av cylindern under installationen.<\/li>\n<li>Anv\u00e4nd l\u00e4mpliga monteringsf\u00e4sten f\u00f6r att f\u00e4sta cylindern p\u00e5 plats.<\/li>\n<li>F\u00f6lj rekommenderade procedurer f\u00f6r inspektion, reparation och utbyte.<\/li>\n<li>Tillhandah\u00e5ll renoveringstj\u00e4nster och reservdelar f\u00f6r att f\u00f6rl\u00e4nga skopcylinderns livsl\u00e4ngd.<\/li>\n<\/ul>\n<p><img decoding=\"async\" src=\"https:\/\/www.hydraulic-cylinders.net\/wp-content\/uploads\/2025\/01\/songte-chushion-collar.webp\"><\/p>\n<h2>S\u00e4kerhetsaspekter och milj\u00f6faktorer<\/h2>\n<p>N\u00e4r man anv\u00e4nder skopcylindern \u00e4r det viktigt att prioritera s\u00e4kerhets\u00e5tg\u00e4rder f\u00f6r att f\u00f6rhindra olyckor. Milj\u00f6faktorer, s\u00e5som temperatur och luftfuktighet, b\u00f6r ocks\u00e5 beaktas f\u00f6r att s\u00e4kerst\u00e4lla korrekt funktion och cylinderns livsl\u00e4ngd.<\/p>\n<h2>Fels\u00f6kning och vanliga problem<\/h2>\n<p>Om problem uppst\u00e5r med skopcylindern kan f\u00f6ljande fels\u00f6kningstips och l\u00f6sningar hj\u00e4lpa till att diagnostisera och l\u00f6sa problemen effektivt. F\u00f6rsiktighets\u00e5tg\u00e4rder b\u00f6r vidtas f\u00f6r att minimera potentiella problem.<\/p>\n<p><img decoding=\"async\" src=\"https:\/\/www.hydraulic-cylinders.net\/wp-content\/uploads\/2025\/01\/songte-bushings-with-all-kinds-of-excavator-models.webp\"><\/p>\n<h2>F\u00f6retags\u00f6versikt<\/h2>\n<p>Vi \u00e4r en tillverkare av hydraulcylindrar f\u00f6r reservdelar och har ett brett produktsortiment. Vi har blivit en av de ledande tillverkarna och grossistdistribut\u00f6rerna av hydraulcylindrar p\u00e5 b\u00e5de inhemska och internationella marknader. Vi f\u00f6ljer principerna om utm\u00e4rkt kvalitet och f\u00f6rlitar oss p\u00e5 strategier f\u00f6r industriell produktionsledning i v\u00e5r v\u00e4lutrustade tillverkningsverkstad. Med v\u00e5rt team av tekniska experter, toppmodern tillverkningsutrustning och professionella testsystem f\u00f6rb\u00e4ttrar vi kontinuerligt v\u00e5r tillverkningsplattform och produktkvaliteten i produktionsv\u00e4gen. Vi har starka innovativa f\u00f6rm\u00e5gor och str\u00e4var efter att m\u00f6ta v\u00e5ra kunders olika behov med h\u00f6g effektivitet, h\u00f6g precision och h\u00f6gkvalitativa produkter.<\/p>\n<p><img decoding=\"async\" src=\"https:\/\/hzpt.com\/wp-content\/uploads\/2024\/11\/songte-company-1.webp\"><\/p>\n<h2>F\u00f6retagsuppgifter<\/h2>\n<p>V\u00e5rt f\u00f6retag utm\u00e4rker sig p\u00e5 marknaden tack vare f\u00f6ljande:<\/p>\n<ul>\n<li>Professionalism: Vi har ett team av experter som s\u00e4kerst\u00e4ller h\u00f6gsta m\u00f6jliga niv\u00e5 av professionalism i all v\u00e5r verksamhet.<\/li>\n<li>Internationella certifieringar: V\u00e5ra produkter uppfyller internationella kvalitets- och s\u00e4kerhetsstandarder, vilket s\u00e4kerst\u00e4ller tillf\u00f6rlitlighet och kundn\u00f6jdhet.<\/li>\n<li>Anpassningstj\u00e4nster: Vi erbjuder anpassningstj\u00e4nster f\u00f6r att m\u00f6ta specifika kundkrav.<\/li>\n<li>Produktionsutrustning: V\u00e5r tillverkningsanl\u00e4ggning \u00e4r utrustad med avancerade maskiner f\u00f6r att s\u00e4kerst\u00e4lla exakt och effektiv produktion.<\/li>\n<li>Eftermarknadsservice: Vi erbjuder omfattande eftermarknadsservice och s\u00e4kerst\u00e4ller kundsupport och n\u00f6jdhet.<\/li>\n<\/ul>\n<p><img decoding=\"async\" src=\"https:\/\/www.hydraulic-cylinders.net\/wp-content\/uploads\/2025\/01\/songte-company-3.webp\"><\/p>\n<p>F\u00f6rfattare: lyl<\/p>\n<p><\/body><br \/>\n<\/html><\/p>","protected":false},"excerpt":{"rendered":"<p>Bucket Cylinder For Sumitomo Middle Excavator LS430FJ2 Bucket Cylinder For Sumitomo Middle Excavator LS430FJ2 Introduction The bucket cylinder is a specially designed hydraulic cylinder used to control the movement of the bucket in heavy machinery such as excavators, backhoe loaders, and front-end loaders. Its main function is to enable the lifting, lowering, and tilting of [&hellip;]<\/p>","protected":false},"featured_media":14788,"comment_status":"open","ping_status":"closed","template":"","meta":{"_et_pb_use_builder":"","_et_pb_old_content":"","_et_gb_content_width":""},"product_brand":[],"product_cat":[1494],"product_tag":[1495,1496],"class_list":{"0":"post-15178","1":"product","2":"type-product","3":"status-publish","4":"has-post-thumbnail","6":"product_cat-bucket-cylinders","7":"product_tag-bucket-cylinders","8":"product_tag-hydraulic-cylinders","10":"first","11":"instock","12":"shipping-taxable","13":"product-type-simple"},"amp_enabled":true,"_links":{"self":[{"href":"https:\/\/www.hydraulic-cylinders.net\/sv\/wp-json\/wp\/v2\/product\/15178","targetHints":{"allow":["GET"]}}],"collection":[{"href":"https:\/\/www.hydraulic-cylinders.net\/sv\/wp-json\/wp\/v2\/product"}],"about":[{"href":"https:\/\/www.hydraulic-cylinders.net\/sv\/wp-json\/wp\/v2\/types\/product"}],"replies":[{"embeddable":true,"href":"https:\/\/www.hydraulic-cylinders.net\/sv\/wp-json\/wp\/v2\/comments?post=15178"}],"wp:featuredmedia":[{"embeddable":true,"href":"https:\/\/www.hydraulic-cylinders.net\/sv\/wp-json\/wp\/v2\/media\/14788"}],"wp:attachment":[{"href":"https:\/\/www.hydraulic-cylinders.net\/sv\/wp-json\/wp\/v2\/media?parent=15178"}],"wp:term":[{"taxonomy":"product_brand","embeddable":true,"href":"https:\/\/www.hydraulic-cylinders.net\/sv\/wp-json\/wp\/v2\/product_brand?post=15178"},{"taxonomy":"product_cat","embeddable":true,"href":"https:\/\/www.hydraulic-cylinders.net\/sv\/wp-json\/wp\/v2\/product_cat?post=15178"},{"taxonomy":"product_tag","embeddable":true,"href":"https:\/\/www.hydraulic-cylinders.net\/sv\/wp-json\/wp\/v2\/product_tag?post=15178"}],"curies":[{"name":"wp","href":"https:\/\/api.w.org\/{rel}","templated":true}]}}