{"id":15179,"date":"2025-01-19T14:12:17","date_gmt":"2025-01-19T14:12:17","guid":{"rendered":"https:\/\/www.hydraulic-cylinders.net\/product\/bucket-cylinder-for-sumitomo-middle-excavator-sh200-3g\/"},"modified":"2025-01-19T14:12:19","modified_gmt":"2025-01-19T14:12:19","slug":"bucket-cylinder-for-sumitomo-middle-excavator-sh200-3g","status":"publish","type":"product","link":"https:\/\/www.hydraulic-cylinders.net\/sv\/produkt\/bucket-cylinder-for-sumitomo-middle-excavator-sh200-3g\/","title":{"rendered":"Skopscylinder f\u00f6r Sumitomo mellangr\u00e4vmaskin SH200-3G"},"content":{"rendered":"<h1>Skopscylinder f\u00f6r Sumitomo mellangr\u00e4vmaskin SH200-3G<\/h1>\n<h2>Introduktion<\/h2>\n<p>Skopcylindern till Sumitomo Middle Excavator SH200-3G \u00e4r en specialiserad hydraulcylinder som huvudsakligen anv\u00e4nds f\u00f6r att styra skopans r\u00f6relse i tunga maskiner som gr\u00e4vmaskiner, traktorgr\u00e4vmaskiner och frontlastare. Dess huvudsakliga funktion \u00e4r att l\u00e5ta skopan lyftas, s\u00e4nkas och lutas, vilket g\u00f6r det enklare att hantera olika material. I hydraulsystemet anv\u00e4nder skopcylindern f\u00f6r\u00e4ndringar i hydrauloljetrycket f\u00f6r att uppn\u00e5 exakt kontroll \u00f6ver skopan, vilket g\u00f6r det m\u00f6jligt f\u00f6r f\u00f6rare att hantera tunga laster effektivt och anpassa sig till komplexa arbetsmilj\u00f6er och olika driftskrav.<\/p>\n<p><img decoding=\"async\" src=\"https:\/\/www.hydraulic-cylinders.net\/wp-content\/uploads\/2025\/01\/songte-company-2.webp\" alt=\"Bild av skopcylinder\"><\/p>\n<h3>Drag<\/h3>\n<ul>\n<li><strong>H\u00f6g styrka och h\u00e5llbarhet:<\/strong> Vanligtvis tillverkad av h\u00f6gh\u00e5llfast st\u00e5l eller aluminium, kan den motst\u00e5 h\u00f6gt tryck och tunga belastningar, anpassa sig till tuffa arbetsmilj\u00f6er och beakta slitstyrka och korrosionsbest\u00e4ndighet i konstruktionen f\u00f6r att f\u00f6rl\u00e4nga livsl\u00e4ngden.<\/li>\n<li><strong>Effektiv hydraulisk drift:<\/strong> Genom att utnyttja hydrauloljans tryck f\u00f6r att uppn\u00e5 j\u00e4mn expansions- och kontraktionsr\u00f6relse kan den snabbt reagera p\u00e5 man\u00f6verkommandon, ge kraftfull tryck- och dragkraft och \u00e4r l\u00e4mplig f\u00f6r hantering av tunga laster och komplexa driftsuppgifter.<\/li>\n<li><strong>Flera typer:<\/strong> Cylindern kan vara en enkelverkande (hydraulik anv\u00e4nds endast i en riktning) eller dubbelverkande (hydraulik anv\u00e4nds i tv\u00e5 riktningar) cylinder beroende p\u00e5 vad som kr\u00e4vs f\u00f6r att m\u00f6ta olika driftsbehov. Vissa modeller \u00e4r teleskopiska, vilket m\u00f6jligg\u00f6r st\u00f6rre utdrag utan att \u00f6ka de yttersta m\u00e5tten, l\u00e4mpliga f\u00f6r applikationer med begr\u00e4nsat utrymme.<\/li>\n<li><strong>Produktion:<\/strong> V\u00e5rt f\u00f6retag kan producera denna produkt, och v\u00e5ra produkter kan perfekt ers\u00e4tta dessa hydraulcylindrar.<\/li>\n<\/ul>\n<p><img decoding=\"async\" src=\"https:\/\/www.hydraulic-cylinders.net\/wp-content\/uploads\/2025\/01\/songte-cylinder-head-with-all-kinds-excavator-models.webp\" alt=\"Produktbild\"><\/p>\n<h2>Applikationer<\/h2>\n<p>Skopcylindern f\u00f6r Sumitomo Middle Excavator SH200-3G kan anv\u00e4ndas i olika till\u00e4mpningar s\u00e5som:<\/p>\n<ul>\n<li><strong>Byggutrustning:<\/strong> I gr\u00e4vmaskiner \u00e4r de viktiga f\u00f6r att gr\u00e4va, lasta och flytta jord eller skr\u00e4p. I gr\u00e4vmaskiner med gr\u00e4vaggregat hj\u00e4lper skopcylindern till b\u00e5de vid gr\u00e4vning och lyftning. <\/li>\n<li><strong>Jordbruksmaskiner:<\/strong> Anv\u00e4nds i frontlastare f\u00f6r att \u00f6sa, lyfta och transportera jord, h\u00f6 och andra material. <\/li>\n<li><strong>Gr\u00e4vmaskiner:<\/strong> Skopans cylinder uppn\u00e5r gr\u00e4vningsverkan genom att l\u00e5ta skopan tr\u00e4nga ner i jorden. <\/li>\n<li><strong>Lastare:<\/strong> I frontlastare hj\u00e4lper de till med att lyfta och tilta last effektivt. <\/li>\n<\/ul>\n<h2>Design\u00f6verv\u00e4ganden och urvalskriterier<\/h2>\n<p>Konstruktions\u00f6verv\u00e4gandena f\u00f6r skopcylindern f\u00f6r Sumitomo Middle Excavator SH200-3G inkluderar f\u00f6ljande:<\/p>\n<ul>\n<li><strong>B\u00e4rkraft:<\/strong> Cylindern m\u00e5ste ha tillr\u00e4cklig styrka f\u00f6r att klara de belastningar den kommer att uts\u00e4ttas f\u00f6r i sin till\u00e4mpning.<\/li>\n<li><strong>T\u00e4tning:<\/strong> Olika t\u00e4tningar, s\u00e5som kolvt\u00e4tningar och st\u00e5ngt\u00e4tningar, anv\u00e4nds f\u00f6r att f\u00f6rhindra att hydraulv\u00e4tska l\u00e4cker ut ur cylindern.<\/li>\n<li><strong>Varaktighet:<\/strong> Cylindern b\u00f6r vara konstruerad f\u00f6r att motst\u00e5 slitage och korrosion, vilket kan uppn\u00e5s genom noggrant materialval, ytbehandlingar och andra tekniker. <\/li>\n<li><strong>S\u00e4kerhet:<\/strong> Cylindern m\u00e5ste vara konstruerad med s\u00e4kerhet i \u00e5tanke, med funktioner som tryckavlastningsventiler f\u00f6r att f\u00f6rhindra \u00f6verbelastning och s\u00e4kerhetsk\u00e5por f\u00f6r att skydda arbetare fr\u00e5n skador. <\/li>\n<li><strong>Underh\u00e5ll:<\/strong> Cylindern m\u00e5ste vara konstruerad f\u00f6r enkelt underh\u00e5ll, med funktioner som l\u00e4tt\u00e5tkomliga komponenter och standardkopplingar f\u00f6r att underl\u00e4tta byte av t\u00e4tningar och andra delar.<\/li>\n<\/ul>\n<p><img decoding=\"async\" src=\"https:\/\/www.hydraulic-cylinders.net\/wp-content\/uploads\/2025\/01\/songte-oil-pipes-and-spare-parts.webp\" alt=\"Bild av hydrauliska cylinderdelar\"><\/p>\n<h2>T\u00e4tning och sm\u00f6rjning<\/h2>\n<p>Skopcylindern till Sumitomo Middle Excavator SH200-3G anv\u00e4nder olika t\u00e4tningar, s\u00e5som kolvt\u00e4tningar och st\u00e5ngt\u00e4tningar, tillverkade av slitstarka material som polyuretan och nitrilgummi, f\u00f6r att f\u00f6rhindra att hydraulv\u00e4tska l\u00e4cker ut ur cylindern. Cylinderhuset och den g\u00e4ngade \u00e4ndytan \u00e4r noggrant bearbetade f\u00f6r att f\u00f6rb\u00e4ttra slitstyrkan. Regelbunden tillsats av en l\u00e4mplig m\u00e4ngd hydraulolja f\u00f6r sm\u00f6rjning \u00e4r n\u00f6dv\u00e4ndig f\u00f6r att cylindern ska fungera smidigt.<\/p>\n<h2>Underh\u00e5ll och reparation<\/h2>\n<p>Regelbundet underh\u00e5ll och reparationer \u00e4r avg\u00f6rande f\u00f6r skopcylinderns livsl\u00e4ngd. F\u00f6ljande \u00e4r n\u00e5gra vanliga underh\u00e5llsuppgifter:<\/p>\n<ul>\n<li>Regelbunden inspektion <\/li>\n<li>Korrekt sm\u00f6rjning <\/li>\n<li>Byte av t\u00e4tning <\/li>\n<li>Kalibreringskontroller <\/li>\n<\/ul>\n<p>Det \u00e4r viktigt att justera cylindern korrekt under installationen och anv\u00e4nda l\u00e4mpliga monteringsf\u00e4sten f\u00f6r att s\u00e4kra cylindern. Vi rekommenderar att du anv\u00e4nder v\u00e5ra rekommenderade inspektions-, reparations- och utbytesprocedurer f\u00f6r att f\u00f6rl\u00e4nga skopcylinderns livsl\u00e4ngd. Vi erbjuder \u00e4ven reservdelar och renoveringstj\u00e4nster.<\/p>\n<p><img decoding=\"async\" src=\"https:\/\/www.hydraulic-cylinders.net\/wp-content\/uploads\/2025\/01\/songte-chushion-collar.webp\" alt=\"Bild av hydrauliska cylinderdelar\"><\/p>\n<h2>S\u00e4kerhets- och milj\u00f6h\u00e4nsyn<\/h2>\n<p>N\u00e4r skopcylindern f\u00f6r Sumitomo Middle Excavator SH200-3G anv\u00e4nds \u00e4r det viktigt att f\u00f6lja l\u00e4mpliga s\u00e4kerhets\u00e5tg\u00e4rder. Att s\u00e4kerst\u00e4lla korrekt installation, regelbunden inspektion och underh\u00e5ll kan undvika potentiella driftsrisker. Korrekt hantering av hydraulv\u00e4tskor och annat farligt avfall \u00e4r n\u00f6dv\u00e4ndigt f\u00f6r att minimera negativ milj\u00f6p\u00e5verkan.<\/p>\n<h2> Fels\u00f6kning och vanliga problem<\/h2>\n<p>Vanliga problem med skopcylindern till Sumitomo Middle Excavator SH200-3G inkluderar oljel\u00e4ckage, otillr\u00e4cklig eller oj\u00e4mn kraft och onormalt ljud. Dessa problem kan ofta l\u00f6sas genom att kontrollera t\u00e4tningar, hydraulv\u00e4tskeniv\u00e5er och byta ut eventuella felaktiga delar. Vi rekommenderar regelbundet underh\u00e5ll och inspektion f\u00f6r att f\u00f6rhindra ytterligare problem. <\/p>\n<p><img decoding=\"async\" src=\"https:\/\/www.hydraulic-cylinders.net\/wp-content\/uploads\/2025\/01\/songte-bushings-with-all-kinds-of-excavator-models.webp\" alt=\"Bild av hydrauliska cylinderdelar\"><\/p>\n<h2>Om v\u00e5rt f\u00f6retag<\/h2>\n<p>Vi \u00e4r en tillverkare av hydraulcylindrar f\u00f6r reservdelar. V\u00e5rt f\u00f6retag tillverkar ett brett utbud av produkter och har blivit en av de ledande tillverkarna och grossistdistribut\u00f6rerna av hydraulcylindrar p\u00e5 inhemska och internationella marknader. Vi f\u00f6ljer en strategi f\u00f6r utm\u00e4rkt kvalitet, med fokus p\u00e5 industrialiserad produktionshantering i fintillverkningsverkst\u00e4der, kontinuerlig f\u00f6rb\u00e4ttring av v\u00e5ra verkst\u00e4der och perfekta produktionslinjer. Vi har starka kreativa f\u00f6rm\u00e5gor och anv\u00e4nder principer f\u00f6r h\u00f6g effektivitet, h\u00f6g precision och h\u00f6g kvalitet f\u00f6r att m\u00f6ta kundernas olika behov. <\/p>\n<h3>Professionalism<\/h3>\n<p>V\u00e5rt team av experter fokuserar p\u00e5 att tillhandah\u00e5lla h\u00f6gkvalitativa produkter och tj\u00e4nster till v\u00e5ra kunder, och vi str\u00e4var efter att beh\u00e5lla v\u00e5r position som en ledande tillverkare av hydraulcylindrar genom att kontinuerligt f\u00f6rb\u00e4ttra och f\u00f6rnya v\u00e5ra produkter.<\/p>\n<h3>Internationell certifiering<\/h3>\n<p>V\u00e5ra produkter har internationella certifieringar som ISO och CE, vilket s\u00e4kerst\u00e4ller att v\u00e5ra produkter uppfyller internationella kvalitetsstandarder och f\u00f6reskrifter.<\/p>\n<h3>Anpassningstj\u00e4nster<\/h3>\n<p>Vi erbjuder anpassningstj\u00e4nster f\u00f6r att m\u00f6ta v\u00e5ra kunders specifika behov och tillhandah\u00e5ller skr\u00e4ddarsydda l\u00f6sningar f\u00f6r att m\u00f6ta unika projektkrav.<\/p>\n<h3>Produktionsutrustning<\/h3>\n<p>Vi anv\u00e4nder avancerad produktionsutrustning f\u00f6r tillverkningen av v\u00e5ra produkter, vilket s\u00e4kerst\u00e4ller h\u00f6g precision, kvalitet och effektivitet. <\/p>\n<h3>Eftermarknadstj\u00e4nster<\/h3>\n<p>Vi erbjuder effektiv och omfattande eftermarknadsservice, inklusive teknisk support och reservdelar, f\u00f6r att s\u00e4kerst\u00e4lla att v\u00e5ra kunder f\u00e5r ut det mesta av v\u00e5ra produkter.<\/p>\n<p><img decoding=\"async\" src=\"https:\/\/hzpt.com\/wp-content\/uploads\/2024\/11\/songte-company-1.webp\" alt=\"Bild av skopcylinder\"><\/p>\n<p>F\u00f6rfattare: lyl<\/p>","protected":false},"excerpt":{"rendered":"<p>Bucket Cylinder For Sumitomo Middle Excavator SH200-3G Introduction The bucket cylinder for Sumitomo Middle Excavator SH200-3G is a specialized hydraulic cylinder that is mainly used to control the movement of the bucket in heavy machinery such as excavators, backhoe excavators, and front-end loaders. Its main function is to allow the bucket to be lifted, lowered, [&hellip;]<\/p>","protected":false},"featured_media":14787,"comment_status":"open","ping_status":"closed","template":"","meta":{"_et_pb_use_builder":"","_et_pb_old_content":"","_et_gb_content_width":""},"product_brand":[],"product_cat":[1494],"product_tag":[1495,1496],"class_list":{"0":"post-15179","1":"product","2":"type-product","3":"status-publish","4":"has-post-thumbnail","6":"product_cat-bucket-cylinders","7":"product_tag-bucket-cylinders","8":"product_tag-hydraulic-cylinders","10":"first","11":"instock","12":"shipping-taxable","13":"product-type-simple"},"amp_enabled":true,"_links":{"self":[{"href":"https:\/\/www.hydraulic-cylinders.net\/sv\/wp-json\/wp\/v2\/product\/15179","targetHints":{"allow":["GET"]}}],"collection":[{"href":"https:\/\/www.hydraulic-cylinders.net\/sv\/wp-json\/wp\/v2\/product"}],"about":[{"href":"https:\/\/www.hydraulic-cylinders.net\/sv\/wp-json\/wp\/v2\/types\/product"}],"replies":[{"embeddable":true,"href":"https:\/\/www.hydraulic-cylinders.net\/sv\/wp-json\/wp\/v2\/comments?post=15179"}],"wp:featuredmedia":[{"embeddable":true,"href":"https:\/\/www.hydraulic-cylinders.net\/sv\/wp-json\/wp\/v2\/media\/14787"}],"wp:attachment":[{"href":"https:\/\/www.hydraulic-cylinders.net\/sv\/wp-json\/wp\/v2\/media?parent=15179"}],"wp:term":[{"taxonomy":"product_brand","embeddable":true,"href":"https:\/\/www.hydraulic-cylinders.net\/sv\/wp-json\/wp\/v2\/product_brand?post=15179"},{"taxonomy":"product_cat","embeddable":true,"href":"https:\/\/www.hydraulic-cylinders.net\/sv\/wp-json\/wp\/v2\/product_cat?post=15179"},{"taxonomy":"product_tag","embeddable":true,"href":"https:\/\/www.hydraulic-cylinders.net\/sv\/wp-json\/wp\/v2\/product_tag?post=15179"}],"curies":[{"name":"wp","href":"https:\/\/api.w.org\/{rel}","templated":true}]}}