{"id":15180,"date":"2025-01-19T14:12:21","date_gmt":"2025-01-19T14:12:21","guid":{"rendered":"https:\/\/www.hydraulic-cylinders.net\/product\/bucket-cylinder-for-sumitomo-middle-excavator-sh210lc-5\/"},"modified":"2025-01-19T14:12:23","modified_gmt":"2025-01-19T14:12:23","slug":"bucket-cylinder-for-sumitomo-middle-excavator-sh210lc-5","status":"publish","type":"product","link":"https:\/\/www.hydraulic-cylinders.net\/sv\/produkt\/bucket-cylinder-for-sumitomo-middle-excavator-sh210lc-5\/","title":{"rendered":"Skopscylinder f\u00f6r Sumitomo mellangr\u00e4vmaskin SH210LC-5"},"content":{"rendered":"<h1>Skopscylinder f\u00f6r Sumitomo mellangr\u00e4vmaskin SH210LC-5<\/h1>\n<h2>Introduktion<\/h2>\n<p>Skopcylindern f\u00f6r Sumitomo Middle Excavator SH210LC-5 \u00e4r en hydraulcylinder som \u00e4r specifikt utformad f\u00f6r att styra skopans r\u00f6relse i tunga maskiner som gr\u00e4vmaskiner, traktorgr\u00e4vmaskiner och frontlastare. Dess huvudsakliga funktion \u00e4r att g\u00f6ra det m\u00f6jligt f\u00f6r skopan att r\u00f6ra sig upp\u00e5t, ned\u00e5t och tilta, vilket g\u00f6r det enklare att hantera olika materialhanteringsuppgifter. I hydraulsystemet styr skopcylindern exakt skopans r\u00f6relse genom f\u00f6r\u00e4ndringar i hydrauloljetrycket, vilket g\u00f6r det m\u00f6jligt f\u00f6r f\u00f6rare att effektivt hantera tunga laster och anpassa sig till komplexa arbetsmilj\u00f6er och olika driftsbehov.<\/p>\n<p><img decoding=\"async\" src=\"https:\/\/www.hydraulic-cylinders.net\/wp-content\/uploads\/2025\/01\/songte-company-2.webp\" alt=\"Skopscylinder f\u00f6r Sumitomo mellangr\u00e4vmaskin SH210LC-5\"\/><\/p>\n<h2>Drag<\/h2>\n<ul>\n<li>H\u00f6g h\u00e5llfasthet och h\u00e5llbarhet: vanligtvis tillverkad av h\u00f6gh\u00e5llfast st\u00e5l eller aluminium, t\u00e5l h\u00f6gt tryck och tunga belastningar, l\u00e4mplig f\u00f6r tuffa arbetsmilj\u00f6er, konstruerad med slitstyrka och korrosionsbest\u00e4ndighet i \u00e5tanke f\u00f6r att f\u00f6rl\u00e4nga livsl\u00e4ngden.<\/li>\n<li>Effektiv hydraulisk drift: utnyttjar hydrauloljetrycket f\u00f6r att uppn\u00e5 j\u00e4mn f\u00f6rl\u00e4ngning och sammandragning, kan reagera snabbt p\u00e5 styrkommandon, ger kraftfull tryck- och dragkraft, l\u00e4mplig f\u00f6r hantering av tunga laster och komplexa driftsuppgifter.<\/li>\n<li>Olika typer: Enkelverkande (hydrauliska cylindrar anv\u00e4nds endast i en riktning) eller dubbelverkande (hydrauliska cylindrar anv\u00e4nds i b\u00e5da riktningarna) cylindrar kan v\u00e4ljas efter behov f\u00f6r att m\u00f6ta olika driftskrav. Vissa modeller \u00e4r teleskopiska, vilket m\u00f6jligg\u00f6r st\u00f6rre utbyggnader utan att \u00f6ka de yttre m\u00e5tten, l\u00e4mpliga f\u00f6r utrymmesbegr\u00e4nsade till\u00e4mpningar.<\/li>\n<li>Utbytbara: V\u00e5ra produkter kan perfekt ers\u00e4tta dessa hydraulcylindrar.<\/li>\n<\/ul>\n<p><img decoding=\"async\" src=\"https:\/\/www.hydraulic-cylinders.net\/wp-content\/uploads\/2025\/01\/songte-cylinder-head-with-all-kinds-excavator-models.webp\" alt=\"Skopscylinder f\u00f6r Sumitomo mellangr\u00e4vmaskin SH210LC-5\"\/><\/p>\n<h2>Applikationer<\/h2>\n<p>Skopscylindrar anv\u00e4nds ofta inom olika omr\u00e5den, inklusive:<\/p>\n<ul>\n<li>Byggutrustning: Den \u00e4r viktig f\u00f6r gr\u00e4vmaskiner f\u00f6r att gr\u00e4va, lasta och flytta jord eller skr\u00e4p. I gr\u00e4vmaskiner med gr\u00e4vaggregat hj\u00e4lper skopcylindern till b\u00e5de vid gr\u00e4vning och h\u00f6jning. <\/li>\n<li>Jordbruksmaskiner: Anv\u00e4nds f\u00f6r frontlastare f\u00f6r att skopa, lyfta och transportera jord, h\u00f6 och andra material. <\/li>\n<li>Gr\u00e4vmaskiner: Skopans cylinder m\u00f6jligg\u00f6r gr\u00e4vning genom att l\u00e5ta skopan tr\u00e4nga ner i jorden.<\/li>\n<li>Lastare: Frontlastare hj\u00e4lper till att lyfta och dumpa gods effektivt.<\/li>\n<\/ul>\n<h2>Design\u00f6verv\u00e4ganden och urvalskriterier<\/h2>\n<p>Vid konstruktion och val av skopcylindrar m\u00e5ste flera faktorer beaktas:<\/p>\n<ul>\n<li>B\u00e4rf\u00f6rm\u00e5ga: Cylindern m\u00e5ste kunna hantera den belastning och det tryck som kr\u00e4vs f\u00f6r applikationen.<\/li>\n<li>T\u00e4tning: Olika t\u00e4tningar, s\u00e5som kolvt\u00e4tningar och kolvst\u00e5ngst\u00e4tningar, anv\u00e4nds f\u00f6r att f\u00f6rhindra l\u00e4ckage och kontaminering av hydraulv\u00e4tskor.<\/li>\n<li>H\u00e5llbarhet: Cylindern m\u00e5ste kunna motst\u00e5 tuffa arbetsf\u00f6rh\u00e5llanden och motst\u00e5 slitage och korrosion f\u00f6r att f\u00f6rl\u00e4nga livsl\u00e4ngden.<\/li>\n<li>S\u00e4kerhet: Korrekt installation, anv\u00e4ndning och underh\u00e5ll av cylindern \u00e4r avg\u00f6rande f\u00f6r att s\u00e4kerst\u00e4lla s\u00e4ker drift.<\/li>\n<li>Underh\u00e5ll: Regelbunden inspektion och underh\u00e5ll hj\u00e4lper till att f\u00f6rebygga problem och f\u00f6rl\u00e4nga cylinderns livsl\u00e4ngd.<\/li>\n<\/ul>\n<p><img decoding=\"async\" src=\"https:\/\/www.hydraulic-cylinders.net\/wp-content\/uploads\/2025\/01\/songte-oil-pipes-and-spare-parts.webp\" alt=\"Skopscylinder f\u00f6r Sumitomo mellangr\u00e4vmaskin SH210LC-5\"\/><\/p>\n<h2>T\u00e4tning och sm\u00f6rjning<\/h2>\n<p>Skopscylindrar kr\u00e4ver olika t\u00e4tningar, s\u00e5som kolvt\u00e4tningar och kolvst\u00e5ngst\u00e4tningar, tillverkade av slitstarka material som polyuretan och nitrilgummi. Cylinderhuset och den g\u00e4ngade \u00e4ndytan \u00e4r fint bearbetade f\u00f6r att \u00f6ka slitstyrkan. Korrekt sm\u00f6rjning med hydraulolja \u00e4r ocks\u00e5 n\u00f6dv\u00e4ndig f\u00f6r att s\u00e4kerst\u00e4lla smidig drift.<\/p>\n<h2>Underh\u00e5ll och reparation<\/h2>\n<p>Korrekt underh\u00e5ll och reparation av skopcylindrar \u00e4r avg\u00f6rande f\u00f6r att f\u00f6rl\u00e4nga livsl\u00e4ngden och f\u00f6rhindra problem. N\u00e5gra underh\u00e5llsuppgifter inkluderar:<\/p>\n<ul>\n<li>Regelbunden inspektion f\u00f6r att uppt\u00e4cka och \u00e5tg\u00e4rda problem tidigt.<\/li>\n<li>Korrekt sm\u00f6rjning f\u00f6r att s\u00e4kerst\u00e4lla smidig drift.<\/li>\n<li>Byte av t\u00e4tningar vid behov f\u00f6r att f\u00f6rhindra l\u00e4ckage och kontaminering.<\/li>\n<\/ul>\n<p><img decoding=\"async\" src=\"https:\/\/www.hydraulic-cylinders.net\/wp-content\/uploads\/2025\/01\/songte-chushion-collar.webp\" alt=\"Skopscylinder f\u00f6r Sumitomo mellangr\u00e4vmaskin SH210LC-5\"\/><\/p>\n<h2>S\u00e4kerhets- och milj\u00f6h\u00e4nsyn<\/h2>\n<p>Skopscylindrar m\u00e5ste installeras, anv\u00e4ndas och underh\u00e5llas korrekt f\u00f6r att s\u00e4kerst\u00e4lla s\u00e4ker drift. Korrekt kassering av anv\u00e4nda hydraulv\u00e4tskor och cylinderkomponenter bidrar ocks\u00e5 till att skydda milj\u00f6n.<\/p>\n<h2>Fels\u00f6kning och vanliga problem<\/h2>\n<p>N\u00e5gra vanliga problem med skopcylindrar inkluderar l\u00e4ckage, skador p\u00e5 cylinderhuset och felaktig drift. Fels\u00f6kningstips och l\u00f6sningar f\u00f6r dessa problem inkluderar:<\/p>\n<ul>\n<li>Kontrollerar om det finns skadade t\u00e4tningar och byter ut dem vid behov.<\/li>\n<li>Inspektera cylinderhuset f\u00f6r skador och byt ut det vid behov.<\/li>\n<li>S\u00e4kerst\u00e4ller korrekt sm\u00f6rjning och drift.<\/li>\n<\/ul>\n<p><img decoding=\"async\" src=\"https:\/\/www.hydraulic-cylinders.net\/wp-content\/uploads\/2025\/01\/songte-bushings-with-all-kinds-of-excavator-models.webp\" alt=\"Skopscylinder f\u00f6r Sumitomo mellangr\u00e4vmaskin SH210LC-5\"\/><\/p>\n<h2>Om v\u00e5rt f\u00f6retag<\/h2>\n<p>Vi \u00e4r en tillverkare av hydraulcylindrar f\u00f6r reservdelar. V\u00e5rt f\u00f6retag har ett komplett produktsortiment och har blivit en av de ledande tillverkarna och grossistdistribut\u00f6rerna av hydraulcylindrar p\u00e5 inhemska och internationella marknader. Vi f\u00f6ljer principen om utm\u00e4rkt kvalitet och f\u00f6rlitar oss p\u00e5 den industrialiserade produktionsstrategin fr\u00e5n fintillverkningsverkst\u00e4der f\u00f6r att kontinuerligt f\u00f6rb\u00e4ttra tillverkningsplattformen och f\u00f6rb\u00e4ttra produktkvaliteten i produktionslinjen. Vi har en stark skapande f\u00f6rm\u00e5ga och m\u00f6ter kundernas olika behov med h\u00f6g effektivitet, h\u00f6g precision och h\u00f6ga kvalitetsprinciper.<\/p>\n<p><img decoding=\"async\" src=\"https:\/\/hzpt.com\/wp-content\/uploads\/2024\/11\/songte-company-1.webp\" alt=\"Skopscylinder f\u00f6r Sumitomo mellangr\u00e4vmaskin SH210LC-5\"\/><\/p>\n<h2>Om v\u00e5ra tj\u00e4nster<\/h2>\n<p>Vi erbjuder professionella tj\u00e4nster, internationella certifieringar, kundanpassade tj\u00e4nster, produktionsutrustning och eftermarknadsservice f\u00f6r att s\u00e4kerst\u00e4lla kundn\u00f6jdhet.<\/p>\n<ul>\n<li>Professionalism: Vi har ett team av experter som kan erbjuda kunderna skr\u00e4ddarsydda l\u00f6sningar.<\/li>\n<li>Internationell certifiering: V\u00e5ra produkter har klarat olika internationella certifieringar, s\u00e5som ISO9001 och CE.<\/li>\n<li>Anpassade tj\u00e4nster: Vi erbjuder anpassade tj\u00e4nster f\u00f6r att m\u00f6ta kundernas olika behov.<\/li>\n<li>Produktionsutrustning: Vi har avancerad produktionsutrustning f\u00f6r att s\u00e4kerst\u00e4lla produktkvalitet och effektivitet.<\/li>\n<li>Eftermarknadsservice: Vi erbjuder eftermarknadsservice f\u00f6r att s\u00e4kerst\u00e4lla kundn\u00f6jdhet.<\/li>\n<\/ul>\n<h3>F\u00f6rfattare: lyl.<\/h3>","protected":false},"excerpt":{"rendered":"<p>Bucket Cylinder For Sumitomo Middle Excavator SH210LC-5 Introduction The Bucket Cylinder for Sumitomo Middle Excavator SH210LC-5 is a hydraulic cylinder designed specifically to control the movement of the bucket in heavy machinery such as excavators, backhoe excavators, and front-end loaders. Its main function is to enable the bucket to move up, down, and tilt, making [&hellip;]<\/p>","protected":false},"featured_media":14785,"comment_status":"open","ping_status":"closed","template":"","meta":{"_et_pb_use_builder":"","_et_pb_old_content":"","_et_gb_content_width":""},"product_brand":[],"product_cat":[1494],"product_tag":[1495,1496],"class_list":{"0":"post-15180","1":"product","2":"type-product","3":"status-publish","4":"has-post-thumbnail","6":"product_cat-bucket-cylinders","7":"product_tag-bucket-cylinders","8":"product_tag-hydraulic-cylinders","10":"first","11":"instock","12":"shipping-taxable","13":"product-type-simple"},"amp_enabled":true,"_links":{"self":[{"href":"https:\/\/www.hydraulic-cylinders.net\/sv\/wp-json\/wp\/v2\/product\/15180","targetHints":{"allow":["GET"]}}],"collection":[{"href":"https:\/\/www.hydraulic-cylinders.net\/sv\/wp-json\/wp\/v2\/product"}],"about":[{"href":"https:\/\/www.hydraulic-cylinders.net\/sv\/wp-json\/wp\/v2\/types\/product"}],"replies":[{"embeddable":true,"href":"https:\/\/www.hydraulic-cylinders.net\/sv\/wp-json\/wp\/v2\/comments?post=15180"}],"wp:featuredmedia":[{"embeddable":true,"href":"https:\/\/www.hydraulic-cylinders.net\/sv\/wp-json\/wp\/v2\/media\/14785"}],"wp:attachment":[{"href":"https:\/\/www.hydraulic-cylinders.net\/sv\/wp-json\/wp\/v2\/media?parent=15180"}],"wp:term":[{"taxonomy":"product_brand","embeddable":true,"href":"https:\/\/www.hydraulic-cylinders.net\/sv\/wp-json\/wp\/v2\/product_brand?post=15180"},{"taxonomy":"product_cat","embeddable":true,"href":"https:\/\/www.hydraulic-cylinders.net\/sv\/wp-json\/wp\/v2\/product_cat?post=15180"},{"taxonomy":"product_tag","embeddable":true,"href":"https:\/\/www.hydraulic-cylinders.net\/sv\/wp-json\/wp\/v2\/product_tag?post=15180"}],"curies":[{"name":"wp","href":"https:\/\/api.w.org\/{rel}","templated":true}]}}