{"id":15181,"date":"2025-01-19T14:12:25","date_gmt":"2025-01-19T14:12:25","guid":{"rendered":"https:\/\/www.hydraulic-cylinders.net\/product\/bucket-cylinder-for-sumitomo-middle-excavator-sh240-5\/"},"modified":"2025-01-19T14:12:27","modified_gmt":"2025-01-19T14:12:27","slug":"bucket-cylinder-for-sumitomo-middle-excavator-sh240-5","status":"publish","type":"product","link":"https:\/\/www.hydraulic-cylinders.net\/sv\/produkt\/bucket-cylinder-for-sumitomo-middle-excavator-sh240-5\/","title":{"rendered":"Skopscylinder f\u00f6r Sumitomo mellangr\u00e4vmaskin SH240-5"},"content":{"rendered":"<h1>Skopscylinder f\u00f6r Sumitomo mellangr\u00e4vmaskin SH240-5<\/h1>\n<h2>Introduktion<\/h2>\n<p>Skopcylindern till Sumitomo mellangr\u00e4vmaskin SH240-5 \u00e4r en specialiserad hydraulcylinder som \u00e4r utformad f\u00f6r att styra skopans r\u00f6relse i tunga maskiner som gr\u00e4vmaskiner, gr\u00e4vmaskiner och frontlastare. Dess prim\u00e4ra funktion \u00e4r att g\u00f6ra det m\u00f6jligt att lyfta, s\u00e4nka och luta skopan, vilket g\u00f6r det enklare att hantera olika materialhanteringsuppgifter. I hydraulsystemet styr skopcylindrarna exakt skopans r\u00f6relse genom att anv\u00e4nda f\u00f6r\u00e4ndringar i hydrauloljetrycket, vilket g\u00f6r det m\u00f6jligt f\u00f6r f\u00f6rare att effektivt hantera tunga laster och anpassa sig till komplexa arbetsmilj\u00f6er och olika arbetskrav.<\/p>\n<p><img decoding=\"async\" src=\"https:\/\/www.hydraulic-cylinders.net\/wp-content\/uploads\/2025\/01\/songte-company-2.webp\" alt=\"Bild av skopcylinder\"><\/p>\n<h2>Drag<\/h2>\n<ul>\n<li>\n<h3>H\u00f6g styrka och h\u00e5llbarhet<\/h3>\n<p>Skopscylindern \u00e4r vanligtvis tillverkad av h\u00f6gh\u00e5llfast st\u00e5l eller aluminium, t\u00e5l h\u00f6gt tryck och tunga belastningar och \u00e4r l\u00e4mplig f\u00f6r tuffa arbetsmilj\u00f6er. Konstruktionen tar h\u00e4nsyn till slitstyrka och korrosionsbest\u00e4ndighet, vilket f\u00f6rl\u00e4nger dess livsl\u00e4ngd.<\/p>\n<\/li>\n<li>\n<h3>Effektiv hydraulisk drift<\/h3>\n<p>Skopcylindern anv\u00e4nder hydrauliskt oljetryck f\u00f6r att uppn\u00e5 smidiga ut- och inf\u00e4llningsr\u00f6relser, vilket g\u00f6r att den kan reagera snabbt p\u00e5 styrkommandon, ge kraftfulla tryck- och dragkrafter och vara l\u00e4mplig f\u00f6r hantering av tunga laster och komplexa uppgifter.<\/p>\n<\/li>\n<li>\n<h3>Olika typer<\/h3>\n<p>Skopscylindern kan v\u00e4ljas som enkelverkande (hydraulik anv\u00e4nds endast i en riktning) eller dubbelverkande (hydraulik anv\u00e4nds i tv\u00e5 riktningar) baserat p\u00e5 krav f\u00f6r att m\u00f6ta olika driftsbehov. Vissa modeller \u00e4r teleskopiska, vilket m\u00f6jligg\u00f6r st\u00f6rre utdrag utan att \u00f6ka ytterm\u00e5tten, l\u00e4mpliga f\u00f6r applikationer med begr\u00e4nsat utrymme.<\/p>\n<\/li>\n<li>\n<h3>Enkelt utbyte<\/h3>\n<p>V\u00e5r produkt kan ers\u00e4tta dessa hydraulcylindrar perfekt.<\/p>\n<\/li>\n<\/ul>\n<p><img decoding=\"async\" src=\"https:\/\/www.hydraulic-cylinders.net\/wp-content\/uploads\/2025\/01\/songte-cylinder-head-with-all-kinds-excavator-models.webp\" alt=\"Bild f\u00f6r utbyte av skopcylinder\"><\/p>\n<h2>Applikationer<\/h2>\n<p>Skopscylindern anv\u00e4nds ofta i olika bygg- och jordbruksmaskiner. N\u00e5gra vanliga till\u00e4mpningar inkluderar:<\/p>\n<ul>\n<li>\n<h3>Byggutrustning<\/h3>\n<p>I gr\u00e4vmaskiner \u00e4r de viktiga f\u00f6r att gr\u00e4va, lasta och flytta jord eller skr\u00e4p. I gr\u00e4vlastare hj\u00e4lper skopcylindrar till vid b\u00e5de gr\u00e4vning och lyftning. <\/p>\n<\/li>\n<li>\n<h3>Jordbruksmaskiner <\/h3>\n<p>Anv\u00e4nds i frontlastare f\u00f6r att \u00f6sa, lyfta och transportera jord, h\u00f6 och andra material.<\/p>\n<\/li>\n<li>\n<h3>Gr\u00e4vmaskiner<\/h3>\n<p>Skopscylindrar m\u00f6jligg\u00f6r gr\u00e4vning genom att l\u00e5ta skopan tr\u00e4nga ner i jorden. <\/p>\n<\/li>\n<li>\n<h3>Frontlastare<\/h3>\n<p>I frontlastare hj\u00e4lper de till att lyfta och dumpa gods effektivt. <\/p>\n<\/li>\n<\/ul>\n<h2>Design\u00f6verv\u00e4ganden och urvalskriterier<\/h2>\n<ul>\n<li>\n<h3>B\u00e4rkraft<\/h3>\n<p>Skopscylindrar m\u00e5ste ha h\u00f6g b\u00e4rf\u00f6rm\u00e5ga f\u00f6r att hantera tunga laster och h\u00f6gtryckshydraulik.<\/p>\n<\/li>\n<li>\n<h3>T\u00e4tning<\/h3>\n<p>Skopscylindrar kr\u00e4ver h\u00f6gkvalitativ t\u00e4tning f\u00f6r att f\u00f6rhindra l\u00e4ckage av hydraulv\u00e4tska och s\u00e4kerst\u00e4lla s\u00e4ker och effektiv drift.<\/p>\n<\/li>\n<li>\n<h3>Varaktighet<\/h3>\n<p>Skopcylindern m\u00e5ste vara h\u00e5llbar och slitstark f\u00f6r att klara tuffa arbetsmilj\u00f6er och f\u00f6rl\u00e4nga dess livsl\u00e4ngd.<\/p>\n<\/li>\n<li>\n<h3>S\u00e4kerhet<\/h3>\n<p>Skopscylindrar m\u00e5ste uppfylla strikta s\u00e4kerhetsstandarder f\u00f6r att s\u00e4kerst\u00e4lla s\u00e4ker drift och f\u00f6rhindra olyckor. <\/p>\n<\/li>\n<li>\n<h3>Underh\u00e5ll<\/h3>\n<p>Skopscylindrar kr\u00e4ver regelbundet underh\u00e5ll f\u00f6r att s\u00e4kerst\u00e4lla optimal prestanda och f\u00f6rl\u00e4nga deras livsl\u00e4ngd. <\/p>\n<\/li>\n<\/ul>\n<p><img decoding=\"async\" src=\"https:\/\/www.hydraulic-cylinders.net\/wp-content\/uploads\/2025\/01\/songte-oil-pipes-and-spare-parts.webp\" alt=\"Bild av reservdelar till skopa\"><\/p>\n<h2>T\u00e4tning och sm\u00f6rjning<\/h2>\n<p>Skopscylindern anv\u00e4nder olika t\u00e4tningskomponenter s\u00e5som kolvt\u00e4tningar, kolvst\u00e5ngst\u00e4tningar och slitringar tillverkade av slitstarka material som polyuretan och nitrilgummi. Cylinderhuset och de g\u00e4ngade \u00e4ndytorna genomg\u00e5r en varsam bearbetning f\u00f6r att f\u00f6rb\u00e4ttra deras slitstyrka. Regelbunden sm\u00f6rjning med l\u00e4mplig hydraulolja \u00e4r n\u00f6dv\u00e4ndig f\u00f6r att s\u00e4kerst\u00e4lla effektiv drift.<\/p>\n<h2>Underh\u00e5ll och reparation<\/h2>\n<p>F\u00f6r att bibeh\u00e5lla skopcylinderns optimala prestanda \u00e4r regelbunden inspektion och f\u00f6rebyggande underh\u00e5ll avg\u00f6rande. Rekommenderade underh\u00e5llsuppgifter inkluderar regelbunden inspektion, l\u00e4mplig sm\u00f6rjning, byte av t\u00e4tningar och kalibrering. Korrekt installation \u00e4r avg\u00f6rande, och anv\u00e4ndning av l\u00e4mpliga monteringsf\u00e4sten rekommenderas. Korrekta inspektions-, reparations- och utbytesprocedurer kan f\u00f6rl\u00e4nga skopcylinderns livsl\u00e4ngd.<\/p>\n<p><img decoding=\"async\" src=\"https:\/\/www.hydraulic-cylinders.net\/wp-content\/uploads\/2025\/01\/songte-chushion-collar.webp\" alt=\"Bild f\u00f6r underh\u00e5ll av skopcylinder\"><\/p>\n<h2>S\u00e4kerhetsaspekter och milj\u00f6faktorer <\/h2>\n<p>N\u00e4r man anv\u00e4nder skopcylindern \u00e4r det viktigt att f\u00f6lja l\u00e4mpliga s\u00e4kerhetsprotokoll f\u00f6r att f\u00f6rhindra olyckor och skador. Att f\u00f6lja s\u00e4kerhetsriktlinjer och korrekt anv\u00e4ndning kan bidra till att minska milj\u00f6skador och fr\u00e4mja h\u00e5llbarhet.<\/p>\n<h2>Fels\u00f6kning och vanliga problem<\/h2>\n<p>Vanliga problem som kan uppst\u00e5 under skopcylinderns drift inkluderar l\u00e4ckor, d\u00e5lig prestanda och cylinderskador. Korrekt fels\u00f6kning och probleml\u00f6sning kan hj\u00e4lpa till att l\u00f6sa dessa problem snabbt och effektivt. F\u00f6rebyggande \u00e5tg\u00e4rder som regelbundet underh\u00e5ll och inspektion kan bidra till att minska sannolikheten f\u00f6r potentiella problem.<\/p>\n<p><img decoding=\"async\" src=\"https:\/\/www.hydraulic-cylinders.net\/wp-content\/uploads\/2025\/01\/songte-bushings-with-all-kinds-of-excavator-models.webp\" alt=\"Fels\u00f6kningsbild f\u00f6r skopcylinder\"><\/p>\n<h2>Om v\u00e5rt f\u00f6retag<\/h2>\n<p>Vi \u00e4r en tillverkare av hydraulcylindrar f\u00f6r reservcylindrar med ett komplett produktsortiment och \u00e4r en av de ledande tillverkarna och grossisterna av hydraulcylindrar p\u00e5 den inhemska och internationella marknaden. Vi f\u00f6ljer en policy f\u00f6r utm\u00e4rkt kvalitet och f\u00f6rlitar oss p\u00e5 strategier f\u00f6r industriell produktionsledning som st\u00f6ds av avancerade tillverkningsverkst\u00e4der, teknologier, digital avancerad tillverkningsutrustning och professionella testsystem. V\u00e5rt f\u00f6retag har f\u00f6rm\u00e5gan att skapa, tillhandah\u00e5lla effektiva och \u00e4ndam\u00e5lsenliga tj\u00e4nster och m\u00f6ta olika kundkrav. <\/p>\n<ul>\n<li>\n<h3>Expertis<\/h3>\n<p>Vi har omfattande kunskap och erfarenhet inom hydraulcylindrar, vilket g\u00f6r att vi kan erbjuda h\u00f6gkvalitativa produkter.<\/p>\n<\/li>\n<li>\n<h3>Internationell certifiering<\/h3>\n<p>Alla v\u00e5ra produkter uppfyller internationella standarder och \u00e4r certifierade enligt ISO9001, CE, etc.<\/p>\n<\/li>\n<li>\n<h3>Anpassningstj\u00e4nster<\/h3>\n<p>Vi erbjuder anpassningstj\u00e4nster f\u00f6r att m\u00f6ta specifika kundkrav.<\/p>\n<\/li>\n<li>\n<h3>Produktionsutrustning<\/h3>\n<p>V\u00e5ra verkst\u00e4der \u00e4r utrustade med toppmodern tillverkningsutrustning f\u00f6r att st\u00f6dja produktion och kvalitetskontroll.<\/p>\n<\/li>\n<li>\n<h3>Eftermarknadsservice<\/h3>\n<p>Vi erbjuder snabb och effektiv eftermarknadsservice f\u00f6r att s\u00e4kerst\u00e4lla kundn\u00f6jdhet.<\/p>\n<\/li>\n<\/ul>\n<p><img decoding=\"async\" src=\"https:\/\/hzpt.com\/wp-content\/uploads\/2024\/11\/songte-company-1.webp\" alt=\"F\u00f6retagsbild\"><\/p>\n<p>F\u00f6rfattare: lyl.<\/p>","protected":false},"excerpt":{"rendered":"<p>Bucket Cylinder For Sumitomo Middle Excavator SH240-5 Introduction The bucket cylinder for Sumitomo middle excavator SH240-5 is a specialized hydraulic cylinder designed to control the movement of the bucket in heavy machinery such as excavators, backhoes, and front-end loaders. Its primary function is to enable the bucket to lift, lower, and tilt, making it easier [&hellip;]<\/p>","protected":false},"featured_media":14784,"comment_status":"open","ping_status":"closed","template":"","meta":{"_et_pb_use_builder":"","_et_pb_old_content":"","_et_gb_content_width":""},"product_brand":[],"product_cat":[1494],"product_tag":[1495,1496],"class_list":{"0":"post-15181","1":"product","2":"type-product","3":"status-publish","4":"has-post-thumbnail","6":"product_cat-bucket-cylinders","7":"product_tag-bucket-cylinders","8":"product_tag-hydraulic-cylinders","10":"first","11":"instock","12":"shipping-taxable","13":"product-type-simple"},"amp_enabled":true,"_links":{"self":[{"href":"https:\/\/www.hydraulic-cylinders.net\/sv\/wp-json\/wp\/v2\/product\/15181","targetHints":{"allow":["GET"]}}],"collection":[{"href":"https:\/\/www.hydraulic-cylinders.net\/sv\/wp-json\/wp\/v2\/product"}],"about":[{"href":"https:\/\/www.hydraulic-cylinders.net\/sv\/wp-json\/wp\/v2\/types\/product"}],"replies":[{"embeddable":true,"href":"https:\/\/www.hydraulic-cylinders.net\/sv\/wp-json\/wp\/v2\/comments?post=15181"}],"wp:featuredmedia":[{"embeddable":true,"href":"https:\/\/www.hydraulic-cylinders.net\/sv\/wp-json\/wp\/v2\/media\/14784"}],"wp:attachment":[{"href":"https:\/\/www.hydraulic-cylinders.net\/sv\/wp-json\/wp\/v2\/media?parent=15181"}],"wp:term":[{"taxonomy":"product_brand","embeddable":true,"href":"https:\/\/www.hydraulic-cylinders.net\/sv\/wp-json\/wp\/v2\/product_brand?post=15181"},{"taxonomy":"product_cat","embeddable":true,"href":"https:\/\/www.hydraulic-cylinders.net\/sv\/wp-json\/wp\/v2\/product_cat?post=15181"},{"taxonomy":"product_tag","embeddable":true,"href":"https:\/\/www.hydraulic-cylinders.net\/sv\/wp-json\/wp\/v2\/product_tag?post=15181"}],"curies":[{"name":"wp","href":"https:\/\/api.w.org\/{rel}","templated":true}]}}