{"id":15183,"date":"2025-01-19T14:12:32","date_gmt":"2025-01-19T14:12:32","guid":{"rendered":"https:\/\/www.hydraulic-cylinders.net\/product\/bucket-cylinder-for-sumitomo-large-excavator-sh300a1a2a3\/"},"modified":"2025-01-19T14:12:34","modified_gmt":"2025-01-19T14:12:34","slug":"bucket-cylinder-for-sumitomo-large-excavator-sh300a1a2a3","status":"publish","type":"product","link":"https:\/\/www.hydraulic-cylinders.net\/sv\/produkt\/bucket-cylinder-for-sumitomo-large-excavator-sh300a1a2a3\/","title":{"rendered":"Skopscylinder f\u00f6r Sumitomo stor gr\u00e4vmaskin SH300A1A2A3"},"content":{"rendered":"<h1>Skopscylinder f\u00f6r Sumitomo stor gr\u00e4vmaskin SH300A1A2A3<\/h1>\n<h2>Introduktion<\/h2>\n<p>Skopcylindern, \u00e4ven k\u00e4nd som hydraulcylinder, \u00e4r en specialdesignad cylinder som anv\u00e4nds f\u00f6r att styra skopans r\u00f6relse i tunga maskiner som gr\u00e4vmaskiner, gr\u00e4vmaskiner och frontlastare. Dess huvudsakliga funktion \u00e4r att g\u00f6ra det m\u00f6jligt att lyfta, s\u00e4nka och luta skopan, vilket g\u00f6r det enklare att hantera olika materialhanteringsuppgifter. Inom hydraulsystemet styr skopcylindern skopans exakta r\u00f6relse med f\u00f6r\u00e4ndringar i hydrauloljetrycket, vilket g\u00f6r det m\u00f6jligt f\u00f6r f\u00f6rare att effektivt hantera tunga laster och anpassa sig till komplexa arbetsmilj\u00f6er och olika arbetskrav.<\/p>\n<p><img decoding=\"async\" src=\"https:\/\/www.hydraulic-cylinders.net\/wp-content\/uploads\/2025\/01\/songte-company-2.webp\" alt=\"Bild av skopcylinder\"><\/p>\n<h2>Drag<\/h2>\n<ul>\n<li>H\u00f6g h\u00e5llfasthet och h\u00e5llbarhet: Den \u00e4r vanligtvis tillverkad av h\u00f6gh\u00e5llfast st\u00e5l eller aluminium, t\u00e5l h\u00f6gt tryck och tunga belastningar, anpassar sig till tuffa arbetsmilj\u00f6er och \u00e4r konstruerad med h\u00e4nsyn till slitstyrka och korrosionsbest\u00e4ndighet f\u00f6r att f\u00f6rl\u00e4nga livsl\u00e4ngden.<\/li>\n<li>Effektiv hydraulisk drift: Anv\u00e4nder hydrauloljetryck f\u00f6r att uppn\u00e5 smidiga ut- och indragningsr\u00f6relser, reagerar snabbt p\u00e5 styrkommandon, ger kraftfull dragkraft och dragkraft och \u00e4r l\u00e4mplig f\u00f6r hantering av tunga laster och komplexa driftsuppgifter.<\/li>\n<li>Flera typer: Enkelverkande (hydrauliska i en riktning) eller dubbelverkande (hydrauliska i b\u00e5da riktningarna) cylindrar kan v\u00e4ljas efter behov f\u00f6r att m\u00f6ta olika driftskrav. Vissa modeller \u00e4r teleskopiska, vilket m\u00f6jligg\u00f6r st\u00f6rre utdrag utan att \u00f6ka de yttre m\u00e5tten, vilket g\u00f6r dem l\u00e4mpliga f\u00f6r applikationer med begr\u00e4nsat utrymme.<\/li>\n<li>L\u00e4tt att byta ut: V\u00e5r produkt \u00e4r en perfekt ers\u00e4ttning f\u00f6r dessa hydraulcylindrar. <\/li>\n<\/ul>\n<p><img decoding=\"async\" src=\"https:\/\/www.hydraulic-cylinders.net\/wp-content\/uploads\/2025\/01\/songte-cylinder-head-with-all-kinds-excavator-models.webp\" alt=\"Skopscylindermodeller\"><\/p>\n<h2>Applikationer<\/h2>\n<p>Skopscylindern \u00e4r en viktig komponent i tunga maskiner som anv\u00e4nds i olika till\u00e4mpningar, s\u00e5som:<\/p>\n<ul>\n<li>Byggmaskiner: I gr\u00e4vmaskiner \u00e4r de avg\u00f6rande f\u00f6r gr\u00e4vning, lastning och flyttning av jord eller skr\u00e4p. I gr\u00e4vmaskiner hj\u00e4lper skopcylindern till med b\u00e5de gr\u00e4vning och lyftning. <\/li>\n<li>Jordbruksmaskiner: Anv\u00e4nds i frontlastare f\u00f6r att skopa upp, lyfta och transportera jord, h\u00f6 och andra material. <\/li>\n<li>Gr\u00e4vmaskiner: Skopans cylinder m\u00f6jligg\u00f6r gr\u00e4vning genom att l\u00e5ta skopan tr\u00e4nga ner i jorden. <\/li>\n<li>Lastare: I frontlastare hj\u00e4lper de till att lyfta och tilta gods effektivt. <\/li>\n<\/ul>\n<p>Varje applikation diskuteras vidare nedan:<\/p>\n<h3>Byggutrustning<\/h3>\n<p>I gr\u00e4vmaskiner \u00e4r skopcylindern viktig f\u00f6r gr\u00e4vning, lastning och flyttning av jord eller skr\u00e4p. Den anv\u00e4nds ocks\u00e5 i gr\u00e4vmaskiner, d\u00e4r cylindern hj\u00e4lper till med b\u00e5de gr\u00e4vning och lyftning. Skopcylinderns f\u00f6rm\u00e5ga att kontrollera skopans r\u00f6relse \u00e4r avg\u00f6rande i dessa till\u00e4mpningar, vilket g\u00f6r att f\u00f6raren kan manipulera maskinen effektivt. <\/p>\n<p><img decoding=\"async\" src=\"https:\/\/hzpt.com\/wp-content\/uploads\/2024\/11\/songte-company-1.webp\" alt=\"Bild p\u00e5 byggutrustning\"><\/p>\n<h3>Jordbruksmaskiner<\/h3>\n<p>Skopcylindrar anv\u00e4nds i frontlastare f\u00f6r att skopa upp, lyfta och transportera jord, h\u00f6 och andra material. Skopcylinderns smidiga g\u00e5ng och kraftfulla dragkraft g\u00f6r den idealisk f\u00f6r hantering av tunga laster. <\/p>\n<h3>Gr\u00e4vmaskiner<\/h3>\n<p>Skopans cylinder spelar en viktig roll i gr\u00e4vmaskiner, d\u00e5 den g\u00f6r att skopan kan tr\u00e4nga ner i jorden och m\u00f6jligg\u00f6ra gr\u00e4vning. F\u00f6raren kan styra skopans r\u00f6relse med precision, vilket g\u00f6r det enklare att gr\u00e4va effektivt.<\/p>\n<h3>Lastare<\/h3>\n<p>I frontlastare hj\u00e4lper skopcylindrar till att lyfta och luta gods effektivt. Cylinderns kontroll \u00f6ver skopans r\u00f6relse m\u00f6jligg\u00f6r exakt positionering av gods, vilket g\u00f6r att f\u00f6rarna kan arbeta s\u00e4kert och effektivt.<\/p>\n<h2>Design\u00f6verv\u00e4ganden och urvalskriterier<\/h2>\n<p>Skopscylinderns design \u00e4r avg\u00f6rande f\u00f6r att s\u00e4kerst\u00e4lla dess effektivitet och livsl\u00e4ngd. F\u00f6ljande designaspekter m\u00e5ste beaktas:<\/p>\n<ul>\n<li>B\u00e4rkraft<\/li>\n<li>T\u00e4tningsf\u00f6rm\u00e5ga<\/li>\n<li>Varaktighet<\/li>\n<li>S\u00e4kerhet<\/li>\n<li>Underh\u00e5llbarhet<\/li>\n<\/ul>\n<p><img decoding=\"async\" src=\"https:\/\/www.hydraulic-cylinders.net\/wp-content\/uploads\/2025\/01\/songte-oil-pipes-and-spare-parts.webp\" alt=\"Oljer\u00f6r och reservdelar\"><\/p>\n<h3>B\u00e4rkraft<\/h3>\n<p>Skopscylindern m\u00e5ste vara konstruerad f\u00f6r att motst\u00e5 h\u00f6gt tryck och tunga belastningar. H\u00f6gh\u00e5llfast st\u00e5l eller aluminium anv\u00e4nds vanligtvis f\u00f6r att s\u00e4kerst\u00e4lla dess h\u00e5llbarhet, och dess konstruktion m\u00e5ste ta h\u00e4nsyn till slitstyrka och korrosionsbest\u00e4ndighet f\u00f6r att f\u00f6rl\u00e4nga dess livsl\u00e4ngd.<\/p>\n<h3>T\u00e4tningsf\u00f6rm\u00e5ga<\/h3>\n<p>Cylinderns t\u00e4tningsf\u00f6rm\u00e5ga \u00e4r avg\u00f6rande f\u00f6r att bibeh\u00e5lla dess hydrauliska tryck och f\u00f6rhindra oljel\u00e4ckage. H\u00f6gkvalitativa t\u00e4tningskomponenter, s\u00e5som kolvt\u00e4tningar och kolvst\u00e5ngst\u00e4tningar, m\u00e5ste anv\u00e4ndas f\u00f6r att bibeh\u00e5lla cylinderns driftseffektivitet.<\/p>\n<h3>Varaktighet<\/h3>\n<p>Cylinderns h\u00e5llbarhet \u00e4r avg\u00f6rande f\u00f6r att anpassa sig till tuffa arbetsmilj\u00f6er och s\u00e4kerst\u00e4lla dess l\u00e5nga livsl\u00e4ngd. Cylinderns design m\u00e5ste ta h\u00e4nsyn till slitstyrka, korrosionsbest\u00e4ndighet och andra faktorer f\u00f6r att f\u00f6rl\u00e4nga dess livsl\u00e4ngd.<\/p>\n<h3>S\u00e4kerhet<\/h3>\n<p>Skopscylindern m\u00e5ste vara konstruerad med s\u00e4kerhet i \u00e5tanke. Den m\u00e5ste kunna motst\u00e5 h\u00f6gt tryck utan att utg\u00f6ra en s\u00e4kerhetsrisk f\u00f6r operat\u00f6rerna. Korrekta monterings- och installationsprocedurer m\u00e5ste f\u00f6ljas f\u00f6r att s\u00e4kerst\u00e4lla s\u00e4ker drift.<\/p>\n<h3>Underh\u00e5llbarhet<\/h3>\n<p>Skopscylindern m\u00e5ste vara konstruerad f\u00f6r enkelt underh\u00e5ll. Regelbundet underh\u00e5ll, inklusive inspektioner, sm\u00f6rjning och t\u00e4tningsbyten, \u00e4r avg\u00f6rande f\u00f6r att f\u00f6rl\u00e4nga dess livsl\u00e4ngd.<\/p>\n<p><img decoding=\"async\" src=\"https:\/\/www.hydraulic-cylinders.net\/wp-content\/uploads\/2025\/01\/songte-chushion-collar.webp\" alt=\"Kuddekrage\"><\/p>\n<h2>T\u00e4tning och sm\u00f6rjning<\/h2>\n<p>Skopscylinderns t\u00e4tning och sm\u00f6rjning m\u00e5ste bibeh\u00e5llas f\u00f6r att s\u00e4kerst\u00e4lla att den fungerar korrekt. F\u00f6ljande steg m\u00e5ste beaktas:<\/p>\n<ul>\n<li>Olika t\u00e4tningskomponenter, s\u00e5som kolvt\u00e4tningar och kolvst\u00e5ngst\u00e4tningar, m\u00e5ste anv\u00e4ndas f\u00f6r effektiv t\u00e4tning. <\/li>\n<li>T\u00e4tningskomponenter av slitstarka material som polyuretan och nitrilgummi m\u00e5ste anv\u00e4ndas f\u00f6r att s\u00e4kerst\u00e4lla deras h\u00e5llbarhet.<\/li>\n<li>Cylinderns cylinderkropp och g\u00e4ngyta m\u00e5ste bearbetas noggrant f\u00f6r att f\u00f6rb\u00e4ttra deras slitstyrka.<\/li>\n<li>Cylindern m\u00e5ste sm\u00f6rjas regelbundet med l\u00e4mplig hydraulolja f\u00f6r att s\u00e4kerst\u00e4lla att den fungerar smidigt.<\/li>\n<\/ul>\n<h2>Underh\u00e5ll och reparation<\/h2>\n<p>F\u00f6r att s\u00e4kerst\u00e4lla skopcylinderns l\u00e5nga livsl\u00e4ngd \u00e4r regelbundet underh\u00e5ll och reparation n\u00f6dv\u00e4ndigt. F\u00f6ljande uppgifter m\u00e5ste utf\u00f6ras:<\/p>\n<ul>\n<li>Regelbundna inspektioner f\u00f6r att uppt\u00e4cka tecken p\u00e5 slitage eller skador, s\u00e5som oljel\u00e4ckage eller onormala ljud.<\/li>\n<li>Regelbunden sm\u00f6rjning f\u00f6r att s\u00e4kerst\u00e4lla problemfri drift.<\/li>\n<li>Byte av t\u00e4tningar vid behov f\u00f6r att bibeh\u00e5lla korrekt t\u00e4tning.<\/li>\n<li>Kalibreringskontroller f\u00f6r att s\u00e4kerst\u00e4lla korrekt funktion.<\/li>\n<\/ul>\n<p><img decoding=\"async\" src=\"https:\/\/www.hydraulic-cylinders.net\/wp-content\/uploads\/2025\/01\/songte-bushings-with-all-kinds-of-excavator-models.webp\" alt=\"Bussningar med gr\u00e4vmaskinsmodeller\"><\/p>\n<h2>S\u00e4kerhetsaspekter och milj\u00f6faktorer<\/h2>\n<p>Se till att du f\u00f6ljer s\u00e4kerhetsf\u00f6reskrifterna n\u00e4r du anv\u00e4nder skopcylindern. Hydraulcylindrar \u00e4r under h\u00f6gt tryck och kan vara farliga om de inte hanteras p\u00e5 r\u00e4tt s\u00e4tt. De m\u00e5ste installeras och anv\u00e4ndas enligt tillverkarens instruktioner och riktlinjer f\u00f6r att f\u00f6rhindra olyckor.<\/p>\n<h2>Feldiagnos och fels\u00f6kning<\/h2>\n<p>F\u00f6ljande vanliga problem kan uppst\u00e5 vid anv\u00e4ndning av skopcylindrar:<\/p>\n<ul>\n<li>Oljel\u00e4ckage<\/li>\n<li>Onormala ljud under drift<\/li>\n<li>D\u00e5lig cylinderfunktion eller misslyckande med att slutf\u00f6ra uppgifter<\/li>\n<\/ul>\n<p>F\u00f6r att diagnostisera och fels\u00f6ka dessa problem:<\/p>\n<ul>\n<li>Se tillverkarens manual f\u00f6r v\u00e4gledning.<\/li>\n<li>Utf\u00f6r regelbundna inspektioner och underh\u00e5ll.<\/li>\n<li>Byt ut defekta delar vid behov.<\/li>\n<\/ul>\n<h2>F\u00f6retagsintroduktion<\/h2>\n<p>Vi \u00e4r en tillverkare av hydraulcylindrar och erbjuder ett komplett sortiment av produkter. Vi \u00e4r en av de ledande tillverkarna och grossisterna av hydraulcylindrar p\u00e5 inhemska och utl\u00e4ndska marknader. Vi f\u00f6ljer principen om utm\u00e4rkt kvalitet och f\u00f6rlitar oss p\u00e5 industrialiserade produktionsledningsstrategier i en fin tillverkningsverkstad. Vi f\u00f6rb\u00e4ttrar kontinuerligt verkstadens tillverkningsplattform, f\u00f6rb\u00e4ttrar kvaliteten p\u00e5 produktproduktionsv\u00e4garna och har en stark skapande f\u00f6rm\u00e5ga, vilket m\u00f6ter kundernas olika behov med h\u00f6g effektivitet, h\u00f6g precision och h\u00f6g kvalitet. <\/p>\n<p><img decoding=\"async\" src=\"https:\/\/www.hydraulic-cylinders.net\/wp-content\/uploads\/2025\/01\/songte-company-3.webp\" alt=\"F\u00f6retagsbild\"><\/p>\n<h3>Professionalism<\/h3>\n<p>Vi har ett team av experter som \u00e4r kunniga inom design och tillverkning av hydraulcylindrar. Vi anv\u00e4nder avancerad teknik och tillverkningsutrustning f\u00f6r att s\u00e4kerst\u00e4lla att v\u00e5ra produkter h\u00e5ller h\u00f6gsta kvalitet.<\/p>\n<h3>Internationell certifiering<\/h3>\n<p>Vi har erh\u00e5llit internationella certifieringar som ISO9001, CE och SGS. Dessa certifieringar visar v\u00e5rt engagemang f\u00f6r kvalitet och v\u00e5ra kunders n\u00f6jdhet.<\/p>\n<h3>Anpassningstj\u00e4nster<\/h3>\n<p>Vi erbjuder kundanpassade tj\u00e4nster f\u00f6r att m\u00f6ta v\u00e5ra kunders specifika behov. V\u00e5rt team arbetar n\u00e4ra kunderna f\u00f6r att skapa skr\u00e4ddarsydda l\u00f6sningar som uppfyller deras unika krav.<\/p>\n<h3>Produktionsutrustning<\/h3>\n<p>Vi anv\u00e4nder avancerad produktionsutrustning och teknik f\u00f6r att s\u00e4kerst\u00e4lla v\u00e5ra hydraulcylindrars kvalitet och j\u00e4mnhet. V\u00e5r utrustning inkluderar CNC-svarvar, CNC-bearbetningscentra och automatiserade produktionslinjer f\u00f6r hydraulcylindrar.<\/p>\n<h3>Eftermarknadsservice<\/h3>\n<p>Vi har ett dedikerat kundserviceteam som erbjuder teknisk support och assistans till v\u00e5ra kunder. V\u00e5rt team finns tillg\u00e4ngligt f\u00f6r att svara p\u00e5 alla fr\u00e5gor och l\u00f6sa eventuella problem som kan uppst\u00e5.<\/p>\n<p>????: lyl.<\/p>","protected":false},"excerpt":{"rendered":"<p>Bucket Cylinder For Sumitomo Large Excavator SH300A1A2A3 Introduction The bucket cylinder, also known as a hydraulic cylinder, is a specially designed cylinder used to control the movement of the bucket in heavy machinery such as excavators, backhoes, and front-end loaders. Its main function is to enable the bucket to be lifted, lowered, and tilted, making [&hellip;]<\/p>","protected":false},"featured_media":14780,"comment_status":"open","ping_status":"closed","template":"","meta":{"_et_pb_use_builder":"","_et_pb_old_content":"","_et_gb_content_width":""},"product_brand":[],"product_cat":[1494],"product_tag":[1495,1496],"class_list":{"0":"post-15183","1":"product","2":"type-product","3":"status-publish","4":"has-post-thumbnail","6":"product_cat-bucket-cylinders","7":"product_tag-bucket-cylinders","8":"product_tag-hydraulic-cylinders","10":"first","11":"instock","12":"shipping-taxable","13":"product-type-simple"},"amp_enabled":true,"_links":{"self":[{"href":"https:\/\/www.hydraulic-cylinders.net\/sv\/wp-json\/wp\/v2\/product\/15183","targetHints":{"allow":["GET"]}}],"collection":[{"href":"https:\/\/www.hydraulic-cylinders.net\/sv\/wp-json\/wp\/v2\/product"}],"about":[{"href":"https:\/\/www.hydraulic-cylinders.net\/sv\/wp-json\/wp\/v2\/types\/product"}],"replies":[{"embeddable":true,"href":"https:\/\/www.hydraulic-cylinders.net\/sv\/wp-json\/wp\/v2\/comments?post=15183"}],"wp:featuredmedia":[{"embeddable":true,"href":"https:\/\/www.hydraulic-cylinders.net\/sv\/wp-json\/wp\/v2\/media\/14780"}],"wp:attachment":[{"href":"https:\/\/www.hydraulic-cylinders.net\/sv\/wp-json\/wp\/v2\/media?parent=15183"}],"wp:term":[{"taxonomy":"product_brand","embeddable":true,"href":"https:\/\/www.hydraulic-cylinders.net\/sv\/wp-json\/wp\/v2\/product_brand?post=15183"},{"taxonomy":"product_cat","embeddable":true,"href":"https:\/\/www.hydraulic-cylinders.net\/sv\/wp-json\/wp\/v2\/product_cat?post=15183"},{"taxonomy":"product_tag","embeddable":true,"href":"https:\/\/www.hydraulic-cylinders.net\/sv\/wp-json\/wp\/v2\/product_tag?post=15183"}],"curies":[{"name":"wp","href":"https:\/\/api.w.org\/{rel}","templated":true}]}}