{"id":15185,"date":"2025-01-19T14:12:40","date_gmt":"2025-01-19T14:12:40","guid":{"rendered":"https:\/\/www.hydraulic-cylinders.net\/product\/bucket-cylinder-for-sumitomo-large-excavator-sh350-5\/"},"modified":"2025-01-19T14:12:42","modified_gmt":"2025-01-19T14:12:42","slug":"bucket-cylinder-for-sumitomo-large-excavator-sh350-5","status":"publish","type":"product","link":"https:\/\/www.hydraulic-cylinders.net\/sv\/produkt\/bucket-cylinder-for-sumitomo-large-excavator-sh350-5\/","title":{"rendered":"Skopscylinder f\u00f6r Sumitomo stor gr\u00e4vmaskin SH350-5"},"content":{"rendered":"<h2>Skopscylinder f\u00f6r Sumitomo stor gr\u00e4vmaskin SH350-5<\/h2>\n<p><img decoding=\"async\" src=\"https:\/\/www.hydraulic-cylinders.net\/wp-content\/uploads\/2025\/01\/songte-company-2.webp\" alt=\"Bild av skopcylinder\"><\/p>\n<h3>Definition och f\u00f6rklaring<\/h3>\n<p>En skopcylinder \u00e4r en specialdesignad hydraulcylinder som anv\u00e4nds f\u00f6r att styra skopans r\u00f6relse i tunga maskiner, s\u00e5som gr\u00e4vmaskiner, gr\u00e4vlastare och frontlastare. Dess huvudsakliga funktion \u00e4r att m\u00f6jligg\u00f6ra lyftning, s\u00e4nkning och lutning av skopan, vilket g\u00f6r det enklare att hantera olika materialhanteringsuppgifter. I ett hydraulsystem uppn\u00e5r skopcylindern exakt kontroll \u00f6ver skopan genom att utnyttja f\u00f6r\u00e4ndringar i hydrauloljetrycket, vilket g\u00f6r det m\u00f6jligt f\u00f6r f\u00f6rare att effektivt hantera tunga laster och anpassa sig till komplexa arbetsmilj\u00f6er och olika arbetskrav.<\/p>\n<h3>Funktioner hos skopcylindern<\/h3>\n<ol>\n<li>H\u00f6g h\u00e5llfasthet och h\u00e5llbarhet: Skopscylindern \u00e4r vanligtvis tillverkad av h\u00f6gh\u00e5llfast st\u00e5l eller aluminium och t\u00e5l h\u00f6gt tryck och tunga belastningar, vilket g\u00f6r den l\u00e4mplig f\u00f6r tuffa arbetsmilj\u00f6er. Dess design tar h\u00e4nsyn till slitstyrka och korrosionsbest\u00e4ndighet, vilket f\u00f6rl\u00e4nger dess livsl\u00e4ngd.<\/li>\n<li>Effektiv hydraulisk drift: Genom att utnyttja hydrauloljetrycket uppn\u00e5r skopcylindern smidiga ut- och indragningsr\u00f6relser, vilket m\u00f6jligg\u00f6r snabb respons p\u00e5 styrkommandon och ger kraftfulla tryck- och dragkrafter, l\u00e4mpliga f\u00f6r hantering av tunga laster och komplexa arbetsuppgifter.<\/li>\n<li>M\u00e5ngsidiga typer: Skopscylindern kan v\u00e4ljas som antingen enkelverkande (hydrauliskt tryck anv\u00e4nds i endast en riktning) eller dubbelverkande (hydrauliskt tryck anv\u00e4nds i b\u00e5da riktningarna) cylindrar, baserat p\u00e5 specifika driftskrav. Vissa modeller \u00e4r teleskopiska, vilket m\u00f6jligg\u00f6r st\u00f6rre utdrag utan att \u00f6ka de yttersta m\u00e5tten, vilket g\u00f6r dem l\u00e4mpliga f\u00f6r applikationer med begr\u00e4nsat utrymme.<\/li>\n<li>Perfekt ers\u00e4ttning: V\u00e5r produkt kan perfekt ers\u00e4tta dessa hydraulcylindrar.<\/li>\n<\/ol>\n<p><img decoding=\"async\" src=\"https:\/\/www.hydraulic-cylinders.net\/wp-content\/uploads\/2025\/01\/songte-cylinder-head-with-all-kinds-excavator-models.webp\" alt=\"Byte av skopcylinder\"><\/p>\n<h3>Till\u00e4mpningar av hinkcylinder<\/h3>\n<p>Skopscylindrar \u00e4r viktiga i olika utrustningar och maskiner f\u00f6r olika till\u00e4mpningar:<\/p>\n<ul>\n<li>Byggutrustning: De finns i gr\u00e4vmaskiner och \u00e4r avg\u00f6rande f\u00f6r att gr\u00e4va, lasta och flytta jord eller skr\u00e4p. I gr\u00e4vlastare hj\u00e4lper skopcylindern till vid b\u00e5de gr\u00e4vning och lyftning.<\/li>\n<li>Jordbruksmaskiner: Anv\u00e4nds i frontlastare och hj\u00e4lper till att \u00f6sa, lyfta och transportera jord, h\u00f6 och andra material.<\/li>\n<li>Gr\u00e4vmaskiner: Skopans cylinder m\u00f6jligg\u00f6r gr\u00e4vning genom att l\u00e5ta skopan tr\u00e4nga ner i jorden.<\/li>\n<li>Lastare: I frontlastare hj\u00e4lper de till att lyfta och tilta gods effektivt.<\/li>\n<\/ul>\n<h3>Design\u00f6verv\u00e4ganden och urvalskriterier<\/h3>\n<p>Vid konstruktion av skopcylindrar m\u00e5ste flera faktorer och urvalskriterier beaktas:<\/p>\n<ul>\n<li>B\u00e4rf\u00f6rm\u00e5ga: Cylindern ska kunna motst\u00e5 den maximala belastning den kommer att uts\u00e4ttas f\u00f6r under drift.<\/li>\n<li>T\u00e4tning: Olika t\u00e4tningskomponenter, s\u00e5som kolvt\u00e4tningar och kolvst\u00e5ngst\u00e4tningar tillverkade av slitstarka material som polyuretan eller nitrilgummi, anv\u00e4nds f\u00f6r att s\u00e4kerst\u00e4lla effektiv t\u00e4tning.<\/li>\n<li>H\u00e5llbarhet: Cylinderhuset och de g\u00e4ngade \u00e4ndytorna \u00e4r fint bearbetade f\u00f6r att f\u00f6rb\u00e4ttra slitstyrkan.<\/li>\n<li>S\u00e4kerhet: S\u00e4kerhets\u00e5tg\u00e4rder b\u00f6r vidtas f\u00f6r att f\u00f6rhindra olyckor under drift.<\/li>\n<li>Underh\u00e5llbarhet: Enkla underh\u00e5lls- och reparationsprocedurer b\u00f6r \u00f6verv\u00e4gas, vilket m\u00f6jligg\u00f6r effektivt underh\u00e5ll av cylindern.<\/li>\n<\/ul>\n<p><img decoding=\"async\" src=\"https:\/\/www.hydraulic-cylinders.net\/wp-content\/uploads\/2025\/01\/songte-oil-pipes-and-spare-parts.webp\" alt=\"Hydrauliska cylinderdelar\"><\/p>\n<h3>T\u00e4tning och sm\u00f6rjning<\/h3>\n<p>Skopscylindrar anv\u00e4nder olika t\u00e4tningskomponenter, s\u00e5som kolvt\u00e4tningar och kolvst\u00e5ngst\u00e4tningar, vilka \u00e4r tillverkade av slitstarka material som polyuretan och nitrilgummi. Cylinderhuset och de g\u00e4ngade \u00e4ndytorna \u00e4r fint behandlade f\u00f6r att f\u00f6rb\u00e4ttra slitstyrkan. Regelbunden sm\u00f6rjning med l\u00e4mplig hydraulolja \u00e4r n\u00f6dv\u00e4ndig f\u00f6r att s\u00e4kerst\u00e4lla smidig drift.<\/p>\n<h3>Regelbunden inspektion och f\u00f6rebyggande underh\u00e5lls\u00e5tg\u00e4rder<\/h3>\n<ul>\n<li>Kontrollera regelbundet cylindern f\u00f6r tecken p\u00e5 skador, l\u00e4ckor eller onormalt slitage.<\/li>\n<li>S\u00e4kerst\u00e4ll korrekt sm\u00f6rjning enligt tillverkarens rekommendationer.<\/li>\n<li>Byt regelbundet ut slitna t\u00e4tningar f\u00f6r att bibeh\u00e5lla optimal prestanda.<\/li>\n<li>Utf\u00f6r kalibreringskontroller f\u00f6r att s\u00e4kerst\u00e4lla att cylindern fungerar inom angivna parametrar.<\/li>\n<\/ul>\n<p><img decoding=\"async\" src=\"https:\/\/www.hydraulic-cylinders.net\/wp-content\/uploads\/2025\/01\/songte-chushion-collar.webp\" alt=\"Underh\u00e5ll av hydraulcylindrar\"><\/p>\n<h3>S\u00e4kerhetsaspekter och milj\u00f6faktorer<\/h3>\n<p>Vid anv\u00e4ndning av skopcylindrar \u00e4r det viktigt att prioritera s\u00e4kerhets\u00e5tg\u00e4rder f\u00f6r att f\u00f6rhindra olyckor och s\u00e4kerst\u00e4lla operat\u00f6rernas och omgivande personals v\u00e4lbefinnande.<\/p>\n<h3>Fels\u00f6kning och vanliga problem<\/h3>\n<p>Vanliga problem som kan uppst\u00e5 med skopcylindrar inkluderar l\u00e4ckor, bristande respons och onormala ljud. F\u00f6r att \u00e5tg\u00e4rda dessa problem:<\/p>\n<ul>\n<li>Kontrollera om det finns synliga l\u00e4ckor eller skadade t\u00e4tningar.<\/li>\n<li>Kontrollera att hydraulsystemet har tillr\u00e4ckligt med olja och r\u00e4tt tryck.<\/li>\n<li>Inspektera cylindern f\u00f6r tecken p\u00e5 feljustering eller mekaniska problem.<\/li>\n<\/ul>\n<p><img decoding=\"async\" src=\"https:\/\/www.hydraulic-cylinders.net\/wp-content\/uploads\/2025\/01\/songte-bushings-with-all-kinds-of-excavator-models.webp\" alt=\"Hydrauliska cylinderbussningar\"><\/p>\n<h3>Underh\u00e5llstips<\/h3>\n<p>Regelbundet underh\u00e5ll av skopcylindrar inkluderar regelbunden inspektion, korrekt sm\u00f6rjning, byte av t\u00e4tningar och kalibreringskontroller. Korrekt installation, sm\u00f6rjning och justering \u00e4r avg\u00f6rande, och justeringsv\u00e4gledning b\u00f6r ges under installationsprocessen. Anv\u00e4ndning av l\u00e4mpliga monteringsf\u00e4sten f\u00f6r att s\u00e4kra cylindern rekommenderas. Rekommenderade inspektions-, reparations- och utbytesprocedurer b\u00f6r f\u00f6ljas, och tekniker f\u00f6r att f\u00f6rl\u00e4nga skopcylinderns livsl\u00e4ngd b\u00f6r implementeras.<\/p>\n<h3>Om v\u00e5rt f\u00f6retag<\/h3>\n<p><img decoding=\"async\" src=\"https:\/\/hzpt.com\/wp-content\/uploads\/2024\/11\/songte-company-1.webp\" alt=\"F\u00f6retagsbild\"><\/p>\n<p>Vi \u00e4r en tillverkare av hydraulcylindrar f\u00f6r reservdelar och erbjuder ett brett utbud av produkter. Vi har blivit en av de ledande tillverkarna och grossistdistribut\u00f6rerna av hydraulcylindrar p\u00e5 inhemska och internationella marknader. Vi f\u00f6ljer principerna om utm\u00e4rkt kvalitet och f\u00f6rlitar oss p\u00e5 strategier f\u00f6r industriell produktionsledning i v\u00e5r f\u00f6rfinade tillverkningsverkstad. Genom att anv\u00e4nda teknisk talang, avancerad tillverkningsutrustning och professionella testsystem f\u00f6rb\u00e4ttrar vi kontinuerligt v\u00e5r tillverkningsplattform och v\u00e5ra produktionslinjer f\u00f6r produktkvalitet. Vi har starka kreativa f\u00f6rm\u00e5gor och prioriterar effektivitet, precision och h\u00f6g kvalitet f\u00f6r att m\u00f6ta v\u00e5ra kunders olika behov.<\/p>\n<p><img decoding=\"async\" src=\"https:\/\/www.hydraulic-cylinders.net\/wp-content\/uploads\/2025\/01\/songte-company-3.webp\" alt=\"F\u00f6retagsinformation\"><\/p>\n<p>Vi \u00e4r stolta \u00f6ver v\u00e5r professionalism, internationella certifieringar, kundanpassade tj\u00e4nster, produktionsutrustning och eftermarknadsservice.<\/p>","protected":false},"excerpt":{"rendered":"<p>Bucket Cylinder For Sumitomo Large Excavator SH350-5 Definition and Explanation A bucket cylinder is a specially designed hydraulic cylinder used to control the movement of the bucket in heavy machinery, such as excavators, backhoe loaders, and front-end loaders. Its main function is to enable the lifting, lowering, and tilting of the bucket, making it easier [&hellip;]<\/p>","protected":false},"featured_media":14776,"comment_status":"open","ping_status":"closed","template":"","meta":{"_et_pb_use_builder":"","_et_pb_old_content":"","_et_gb_content_width":""},"product_brand":[],"product_cat":[1494],"product_tag":[1495,1496],"class_list":{"0":"post-15185","1":"product","2":"type-product","3":"status-publish","4":"has-post-thumbnail","6":"product_cat-bucket-cylinders","7":"product_tag-bucket-cylinders","8":"product_tag-hydraulic-cylinders","10":"first","11":"instock","12":"shipping-taxable","13":"product-type-simple"},"amp_enabled":true,"_links":{"self":[{"href":"https:\/\/www.hydraulic-cylinders.net\/sv\/wp-json\/wp\/v2\/product\/15185","targetHints":{"allow":["GET"]}}],"collection":[{"href":"https:\/\/www.hydraulic-cylinders.net\/sv\/wp-json\/wp\/v2\/product"}],"about":[{"href":"https:\/\/www.hydraulic-cylinders.net\/sv\/wp-json\/wp\/v2\/types\/product"}],"replies":[{"embeddable":true,"href":"https:\/\/www.hydraulic-cylinders.net\/sv\/wp-json\/wp\/v2\/comments?post=15185"}],"wp:featuredmedia":[{"embeddable":true,"href":"https:\/\/www.hydraulic-cylinders.net\/sv\/wp-json\/wp\/v2\/media\/14776"}],"wp:attachment":[{"href":"https:\/\/www.hydraulic-cylinders.net\/sv\/wp-json\/wp\/v2\/media?parent=15185"}],"wp:term":[{"taxonomy":"product_brand","embeddable":true,"href":"https:\/\/www.hydraulic-cylinders.net\/sv\/wp-json\/wp\/v2\/product_brand?post=15185"},{"taxonomy":"product_cat","embeddable":true,"href":"https:\/\/www.hydraulic-cylinders.net\/sv\/wp-json\/wp\/v2\/product_cat?post=15185"},{"taxonomy":"product_tag","embeddable":true,"href":"https:\/\/www.hydraulic-cylinders.net\/sv\/wp-json\/wp\/v2\/product_tag?post=15185"}],"curies":[{"name":"wp","href":"https:\/\/api.w.org\/{rel}","templated":true}]}}