{"id":15193,"date":"2025-01-19T14:13:19","date_gmt":"2025-01-19T14:13:19","guid":{"rendered":"https:\/\/www.hydraulic-cylinders.net\/product\/bucket-cylinder-for-sumitomo-large-excavator-sh480hd-5\/"},"modified":"2025-01-19T14:13:21","modified_gmt":"2025-01-19T14:13:21","slug":"bucket-cylinder-for-sumitomo-large-excavator-sh480hd-5","status":"publish","type":"product","link":"https:\/\/www.hydraulic-cylinders.net\/sv\/produkt\/bucket-cylinder-for-sumitomo-large-excavator-sh480hd-5\/","title":{"rendered":"Skopscylinder f\u00f6r Sumitomo stor gr\u00e4vmaskin SH480HD-5"},"content":{"rendered":"<h1>Skopscylinder f\u00f6r Sumitomo stor gr\u00e4vmaskin SH480HD-5<\/h1>\n<h2>Introduktion<\/h2>\n<p>En skopcylinder \u00e4r en specialdesignad hydraulcylinder som fr\u00e4mst anv\u00e4nds f\u00f6r att styra r\u00f6relsen hos skopor i tunga maskiner som gr\u00e4vmaskiner, gr\u00e4vmaskiner och frontlastare. Dess huvudsakliga funktion \u00e4r att g\u00f6ra det m\u00f6jligt f\u00f6r skopan att lyfta, s\u00e4nka och luta, vilket g\u00f6r den idealisk f\u00f6r olika materialhanteringsuppgifter. I hydraulsystemet styr skopcylindrar skopans exakta r\u00f6relse med hj\u00e4lp av f\u00f6r\u00e4ndringar i hydrauloljetrycket, vilket g\u00f6r det m\u00f6jligt f\u00f6r f\u00f6rare att effektivt hantera tunga laster och anpassa sig till komplexa arbetsmilj\u00f6er och olika arbetskrav.<\/p>\n<p><img decoding=\"async\" src=\"https:\/\/www.hydraulic-cylinders.net\/wp-content\/uploads\/2025\/01\/songte-company-2.webp\" alt=\"Skopscylinder f\u00f6r Sumitomo stor gr\u00e4vmaskin SH480HD-5\"><\/p>\n<h2>Drag<\/h2>\n<ul>\n<li>\n<h3>H\u00f6g styrka och h\u00e5llbarhet<\/h3>\n<p>Skopscylindrar \u00e4r vanligtvis tillverkade av h\u00f6gh\u00e5llfast st\u00e5l eller aluminium, t\u00e5l h\u00f6gt tryck och tunga belastningar, anpassar sig till tuffa arbetsmilj\u00f6er och \u00e4r konstruerade med h\u00e5llbarhet och korrosionsbest\u00e4ndighet i \u00e5tanke, vilket f\u00f6rl\u00e4nger deras livsl\u00e4ngd.<\/p>\n<\/li>\n<li>\n<h3>Effektiva hydrauliska funktioner<\/h3>\n<p>Skopscylindrar anv\u00e4nder hydrauliskt oljetryck f\u00f6r att uppn\u00e5 smidiga utskjutnings- och sammandragningsr\u00f6relser, reagerar snabbt p\u00e5 styrkommandon, ger kraftfulla tryck- och dragkrafter och \u00e4r l\u00e4mpliga f\u00f6r hantering av tunga laster och komplexa arbetsuppgifter.<\/p>\n<\/li>\n<li>\n<h3>Olika typer<\/h3>\n<p>Skopscylindrar kan vara enkel- eller dubbelverkande cylindrar (med hydrauliskt tryck i en eller b\u00e5da riktningarna) beroende p\u00e5 driftskrav. Vissa modeller \u00e4r teleskopiska, vilket m\u00f6jligg\u00f6r st\u00f6rre utdrag utan att \u00f6ka de yttre m\u00e5tten, l\u00e4mpliga f\u00f6r applikationer med begr\u00e4nsat utrymme.<\/p>\n<\/li>\n<li>\n<h3>Utbytbar<\/h3>\n<p>V\u00e5r produkt kan perfekt ers\u00e4tta dessa hydraulcylindrar.<\/p>\n<\/li>\n<\/ul>\n<p><img decoding=\"async\" src=\"https:\/\/www.hydraulic-cylinders.net\/wp-content\/uploads\/2025\/01\/songte-cylinder-head-with-all-kinds-excavator-models.webp\" alt=\"Skopscylinder f\u00f6r Sumitomo stor gr\u00e4vmaskin SH480HD-5\"><\/p>\n<h2>Applikationer<\/h2>\n<p>Skopscylindrar anv\u00e4nds ofta inom en m\u00e4ngd olika industrier, inklusive byggutrustning, jordbruksmaskiner, gr\u00e4vmaskiner och lastare. Nedan f\u00f6ljer n\u00e5gra av de vanligaste till\u00e4mpningarna:<\/p>\n<ul>\n<li>\n<h3>Byggutrustning<\/h3>\n<p>I gr\u00e4vmaskiner \u00e4r de viktiga f\u00f6r att gr\u00e4va, lasta och flytta jord eller skr\u00e4p. I gr\u00e4vlastare hj\u00e4lper skopcylindrar till med b\u00e5de gr\u00e4vning och lyft. I frontlastare hj\u00e4lper de till att lyfta och tippa last effektivt.<\/p>\n<\/li>\n<li>\n<h3>Jordbruksmaskiner<\/h3>\n<p>De anv\u00e4nds i frontlastare f\u00f6r att \u00f6sa, lyfta och transportera jord, h\u00f6 och andra material.<\/p>\n<\/li>\n<li>\n<h3>Gr\u00e4vmaskiner<\/h3>\n<p>Skopcylindrar m\u00f6jligg\u00f6r gr\u00e4vning genom att l\u00e5ta gr\u00e4vmaskinens skopa tr\u00e4nga ner i jorden.<\/p>\n<\/li>\n<li>\n<h3>Lastare<\/h3>\n<p>I frontlastare hj\u00e4lper de till att lyfta och dumpa last effektivt.<\/p>\n<\/li>\n<\/ul>\n<h2>Design\u00f6verv\u00e4ganden och urvalskriterier<\/h2>\n<p>Vid val av skopcylindrar m\u00e5ste flera designaspekter beaktas, inklusive:<\/p>\n<ul>\n<li>\n<h3>B\u00e4rkraft<\/h3>\n<p>Cylinderns b\u00e4rf\u00f6rm\u00e5ga m\u00e5ste vara tillr\u00e4cklig f\u00f6r att hantera belastningen, vilket s\u00e4kerst\u00e4ller en smidig drift.<\/p>\n<\/li>\n<li>\n<h3>T\u00e4tning<\/h3>\n<p>Olika t\u00e4tningskomponenter, s\u00e5som kolvt\u00e4tningar och kolvst\u00e5ngst\u00e4tningar, m\u00e5ste anv\u00e4ndas f\u00f6r att f\u00f6rhindra l\u00e4ckage och s\u00e4kerst\u00e4lla att cylindern fungerar korrekt.<\/p>\n<\/li>\n<li>\n<h3>Varaktighet<\/h3>\n<p>Cylindern m\u00e5ste vara konstruerad f\u00f6r att vara h\u00e5llbar i tuffa milj\u00f6f\u00f6rh\u00e5llanden och motst\u00e5ndskraftig mot korrosion och slitage.<\/p>\n<\/li>\n<li>\n<h3>S\u00e4kerhet<\/h3>\n<p>Skopscylindrar m\u00e5ste vara konstruerade med s\u00e4kerhetsfunktioner som tryckavlastningsventiler f\u00f6r att f\u00f6rhindra \u00f6verbelastning och s\u00e4kerst\u00e4lla s\u00e4ker drift.<\/p>\n<\/li>\n<li>\n<h3>Underh\u00e5llbarhet<\/h3>\n<p>Cylindern m\u00e5ste vara konstruerad f\u00f6r enkelt underh\u00e5ll, inklusive enkel demontering och \u00e5termontering, enkel \u00e5tkomst till komponenter och m\u00f6jligheten att snabbt byta ut delar.<\/p>\n<\/li>\n<\/ul>\n<p><img decoding=\"async\" src=\"https:\/\/www.hydraulic-cylinders.net\/wp-content\/uploads\/2025\/01\/songte-oil-pipes-and-spare-parts.webp\" alt=\"Skopscylinder f\u00f6r Sumitomo stor gr\u00e4vmaskin SH480HD-5\"><\/p>\n<h2>T\u00e4tning och sm\u00f6rjning<\/h2>\n<p>Olika t\u00e4tningskomponenter som kolvt\u00e4tningar och kolvst\u00e5ngst\u00e4tningar m\u00e5ste anv\u00e4ndas f\u00f6r att f\u00f6rhindra l\u00e4ckage och s\u00e4kerst\u00e4lla att cylindern fungerar korrekt. Cylinderhuset och de g\u00e4ngade \u00e4ndytorna \u00e4r finbearbetade f\u00f6r att f\u00f6rb\u00e4ttra slitstyrkan. Tills\u00e4tt regelbundet l\u00e4mplig hydraulolja f\u00f6r att sm\u00f6rja cylindern.<\/p>\n<h2>Underh\u00e5ll och fels\u00f6kning<\/h2>\n<p>Regelbunden inspektion, l\u00e4mplig sm\u00f6rjning, byte av t\u00e4tningar och kalibreringskontroll \u00e4r vanliga underh\u00e5llsuppgifter. Korrekt installation, sm\u00f6rjning och justering \u00e4r avg\u00f6rande f\u00f6r att s\u00e4kerst\u00e4lla en l\u00e5ng livsl\u00e4ngd f\u00f6r skopcylindern. Under installationen b\u00f6r korrekt uppriktningsanvisning tillhandah\u00e5llas och l\u00e4mpliga monteringsf\u00e4sten b\u00f6r anv\u00e4ndas f\u00f6r att s\u00e4kra cylindern.<\/p>\n<p><img decoding=\"async\" src=\"https:\/\/www.hydraulic-cylinders.net\/wp-content\/uploads\/2025\/01\/songte-chushion-collar.webp\" alt=\"Skopscylinder f\u00f6r Sumitomo stor gr\u00e4vmaskin SH480HD-5\"><\/p>\n<h2>S\u00e4kerhetsaspekter och milj\u00f6faktorer<\/h2>\n<p>S\u00e4kerhets\u00e5tg\u00e4rder \u00e4r avg\u00f6rande vid anv\u00e4ndning av skopcylindrar. S\u00e4kerhetsfunktioner som tryckavlastningsventiler b\u00f6r installeras f\u00f6r att f\u00f6rhindra \u00f6verbelastning och s\u00e4kerst\u00e4lla s\u00e4ker drift. L\u00e4mpliga milj\u00f6skydds\u00e5tg\u00e4rder m\u00e5ste vidtas f\u00f6r att undvika oljel\u00e4ckage och milj\u00f6skador.<\/p>\n<h2>F\u00f6retagsintroduktion<\/h2>\n<p>Vi \u00e4r en ledande tillverkare och distribut\u00f6r av hydraulcylindrar p\u00e5 den inhemska och internationella marknaden, specialiserade p\u00e5 hydraulcylindrar f\u00f6r ers\u00e4ttning. Vi f\u00f6ljer principerna om utm\u00e4rkt kvalitet och f\u00f6rlitar oss p\u00e5 den industrialiserade produktionsstrategin hos sofistikerade tillverkningsverkst\u00e4der. Vi f\u00f6rb\u00e4ttrar kontinuerligt tillverkningsplattformen i v\u00e5r verkstad genom att anv\u00e4nda tekniska talanger, digital avancerad tillverkningsutrustning och professionella testsystem, f\u00f6r att finslipa produktionslinjen f\u00f6r produktkvalitet och ha stark tillverkningskapacitet f\u00f6r att m\u00f6ta kundernas varierande behov med h\u00f6g effektivitet, h\u00f6g precision och h\u00f6g kvalitet.<\/p>\n<p><img decoding=\"async\" src=\"https:\/\/hzpt.com\/wp-content\/uploads\/2024\/11\/songte-company-1.webp\" alt=\"Skopscylinder f\u00f6r Sumitomo stor gr\u00e4vmaskin SH480HD-5\"><\/p>\n<h3>Professionalism<\/h3>\n<p>Vi har ett team av experter p\u00e5 hydraulcylindrar som hj\u00e4lper kunder att v\u00e4lja r\u00e4tt cylinder f\u00f6r deras specifika behov.<\/p>\n<h3>Internationell certifiering<\/h3>\n<p>V\u00e5ra produkter har klarat ISO9001:2008- och CE-certifiering.<\/p>\n<h3>Anpassningstj\u00e4nster<\/h3>\n<p>Vi erbjuder skr\u00e4ddarsydda tj\u00e4nster f\u00f6r att m\u00f6ta olika kunders behov och erbjuder skr\u00e4ddarsydda l\u00f6sningar.<\/p>\n<h3>Produktionsutrustning<\/h3>\n<p>Vi \u00e4r utrustade med avancerad utrustning som CNC-maskiner, automatiska svetsmaskiner och pl\u00e4teringsmaskiner som kan m\u00f6ta v\u00e5ra kunders varierande krav.<\/p>\n<h3>Eftermarknadsservice<\/h3>\n<p>We provide after-sales service, including repair and maintenance, to ensure the smooth operation of our customers&#8217; equipment.<\/p>\n<p>F\u00f6rfattare: lyl<\/p>","protected":false},"excerpt":{"rendered":"<p>Bucket Cylinder For Sumitomo Large Excavator SH480HD-5 Introduction A bucket cylinder is a specially designed hydraulic cylinder used primarily to control the movement of buckets in heavy machinery such as excavators, backhoes, and front-end loaders. Its main function is to enable the bucket to lift, lower, and tilt, making it ideal for various material handling [&hellip;]<\/p>","protected":false},"featured_media":14788,"comment_status":"open","ping_status":"closed","template":"","meta":{"_et_pb_use_builder":"","_et_pb_old_content":"","_et_gb_content_width":""},"product_brand":[],"product_cat":[1494],"product_tag":[1495,1496],"class_list":{"0":"post-15193","1":"product","2":"type-product","3":"status-publish","4":"has-post-thumbnail","6":"product_cat-bucket-cylinders","7":"product_tag-bucket-cylinders","8":"product_tag-hydraulic-cylinders","10":"first","11":"instock","12":"shipping-taxable","13":"product-type-simple"},"amp_enabled":true,"_links":{"self":[{"href":"https:\/\/www.hydraulic-cylinders.net\/sv\/wp-json\/wp\/v2\/product\/15193","targetHints":{"allow":["GET"]}}],"collection":[{"href":"https:\/\/www.hydraulic-cylinders.net\/sv\/wp-json\/wp\/v2\/product"}],"about":[{"href":"https:\/\/www.hydraulic-cylinders.net\/sv\/wp-json\/wp\/v2\/types\/product"}],"replies":[{"embeddable":true,"href":"https:\/\/www.hydraulic-cylinders.net\/sv\/wp-json\/wp\/v2\/comments?post=15193"}],"wp:featuredmedia":[{"embeddable":true,"href":"https:\/\/www.hydraulic-cylinders.net\/sv\/wp-json\/wp\/v2\/media\/14788"}],"wp:attachment":[{"href":"https:\/\/www.hydraulic-cylinders.net\/sv\/wp-json\/wp\/v2\/media?parent=15193"}],"wp:term":[{"taxonomy":"product_brand","embeddable":true,"href":"https:\/\/www.hydraulic-cylinders.net\/sv\/wp-json\/wp\/v2\/product_brand?post=15193"},{"taxonomy":"product_cat","embeddable":true,"href":"https:\/\/www.hydraulic-cylinders.net\/sv\/wp-json\/wp\/v2\/product_cat?post=15193"},{"taxonomy":"product_tag","embeddable":true,"href":"https:\/\/www.hydraulic-cylinders.net\/sv\/wp-json\/wp\/v2\/product_tag?post=15193"}],"curies":[{"name":"wp","href":"https:\/\/api.w.org\/{rel}","templated":true}]}}