{"id":15194,"date":"2025-01-19T14:13:23","date_gmt":"2025-01-19T14:13:23","guid":{"rendered":"https:\/\/www.hydraulic-cylinders.net\/product\/bucket-cylinder-for-jcb-small-excavator-js13lc\/"},"modified":"2025-01-19T14:13:25","modified_gmt":"2025-01-19T14:13:25","slug":"bucket-cylinder-for-jcb-small-excavator-js13lc","status":"publish","type":"product","link":"https:\/\/www.hydraulic-cylinders.net\/sv\/produkt\/bucket-cylinder-for-jcb-small-excavator-js13lc\/","title":{"rendered":"Skopcylinder f\u00f6r JCB liten gr\u00e4vmaskin JS13LC"},"content":{"rendered":"<p><!DOCTYPE html><br \/>\n<html><br \/>\n<head><br \/>\n<meta charset=\"UTF-8\"><br \/>\n<title>Skopcylinder f\u00f6r JCB liten gr\u00e4vmaskin JS13LC<\/title><br \/>\n<\/head><br \/>\n<body><\/p>\n<h1>Skopcylinder f\u00f6r JCB liten gr\u00e4vmaskin JS13LC<\/h1>\n<h2>Introduktion<\/h2>\n<p>En skopcylinder \u00e4r en specialdesignad hydraulcylinder som anv\u00e4nds f\u00f6r att styra skopans r\u00f6relse i tunga maskiner som gr\u00e4vmaskiner, gr\u00e4vlastare och frontlastare. Dess huvudsakliga funktion \u00e4r att m\u00f6jligg\u00f6ra lyftning, s\u00e4nkning och lutning av skopan, vilket underl\u00e4ttar olika materialhanteringsuppgifter. I hydraulsystemet uppn\u00e5r skopcylindern exakt kontroll \u00f6ver skopan genom att utnyttja tryckf\u00f6r\u00e4ndringarna i hydrauloljan, vilket g\u00f6r det m\u00f6jligt f\u00f6r operat\u00f6rer att effektivt hantera tunga laster och anpassa sig till komplexa arbetsmilj\u00f6er och olika arbetskrav.<\/p>\n<p><img decoding=\"async\" src=\"https:\/\/www.hydraulic-cylinders.net\/wp-content\/uploads\/2025\/01\/songte-company-2.webp\" alt=\"Bild av skopcylinder\"><\/p>\n<h2>Drag<\/h2>\n<ul>\n<li>H\u00f6g h\u00e5llfasthet och h\u00e5llbarhet: Skopscylindern \u00e4r vanligtvis tillverkad av h\u00f6gh\u00e5llfast st\u00e5l eller aluminium och t\u00e5l h\u00f6gt tryck och tunga belastningar, vilket g\u00f6r den l\u00e4mplig f\u00f6r tuffa arbetsmilj\u00f6er. Dess design tar h\u00e4nsyn till slitstyrka och korrosionsbest\u00e4ndighet, vilket f\u00f6rl\u00e4nger dess livsl\u00e4ngd.<\/li>\n<li>Effektiv hydraulisk drift: Genom att utnyttja hydrauloljans tryck uppn\u00e5r skopcylindern mjuka teleskopiska r\u00f6relser, vilket m\u00f6jligg\u00f6r snabb respons p\u00e5 styrkommandon och ger kraftfulla tryck- och dragkrafter, l\u00e4mpliga f\u00f6r hantering av tunga laster och komplexa driftsuppgifter.<\/li>\n<li>Olika typer: Skopscylindern kan v\u00e4ljas som enkelverkande (hydraulisk anv\u00e4nds endast i en riktning) eller dubbelverkande (hydraulisk anv\u00e4nds i b\u00e5da riktningarna) cylindrar beroende p\u00e5 behov, f\u00f6r att tillgodose olika driftskrav. Vissa modeller \u00e4r teleskopiska, vilket m\u00f6jligg\u00f6r st\u00f6rre utdrag utan att \u00f6ka de yttersta m\u00e5tten, l\u00e4mpliga f\u00f6r applikationer med begr\u00e4nsat utrymme.<\/li>\n<li>Produktutbyte: V\u00e5r skopcylinder kan perfekt ers\u00e4tta dessa hydraulcylindrar.<\/li>\n<\/ul>\n<p><img decoding=\"async\" src=\"https:\/\/www.hydraulic-cylinders.net\/wp-content\/uploads\/2025\/01\/songte-cylinder-head-with-all-kinds-excavator-models.webp\" alt=\"Produktbild\"><\/p>\n<h2>Applikationer<\/h2>\n<p>Skopscylindern anv\u00e4nds i olika typer av utrustning:<\/p>\n<ul>\n<li>Byggutrustning: De finns i gr\u00e4vmaskiner och \u00e4r avg\u00f6rande f\u00f6r att gr\u00e4va, lasta och flytta jord eller skr\u00e4p. I gr\u00e4vlastare hj\u00e4lper skopcylindern till med b\u00e5de gr\u00e4vning och lyftning.<\/li>\n<li>Jordbruksmaskiner: Anv\u00e4nds i frontlastare och hj\u00e4lper till att \u00f6sa, lyfta och transportera jord, h\u00f6 och andra material.<\/li>\n<li>Gr\u00e4vmaskiner: Skopans cylinder m\u00f6jligg\u00f6r gr\u00e4vning genom att l\u00e5ta skopan tr\u00e4nga ner i jorden.<\/li>\n<li>Lastare: Frontlastare hj\u00e4lper till att lyfta och tilta gods effektivt.<\/li>\n<\/ul>\n<h2>Design\u00f6verv\u00e4ganden och urvalskriterier<\/h2>\n<p>Vid konstruktion av skopcylindrar tas flera faktorer i beaktande:<\/p>\n<ul>\n<li>B\u00e4rf\u00f6rm\u00e5ga: Cylindern ska kunna motst\u00e5 den erforderliga belastningen utan att haverera.<\/li>\n<li>T\u00e4tning: Olika t\u00e4tningskomponenter, s\u00e5som kolvt\u00e4tningar och kolvst\u00e5ngst\u00e4tningar, anv\u00e4nds f\u00f6r att s\u00e4kerst\u00e4lla korrekt t\u00e4tning. Dessa t\u00e4tningar \u00e4r tillverkade av slitstarka material som polyuretan och nitrilgummi.<\/li>\n<li>H\u00e5llbarhet: Cylinderhuset och de g\u00e4ngade \u00e4ndarna genomg\u00e5r precisionsbearbetning f\u00f6r att f\u00f6rb\u00e4ttra slitstyrkan.<\/li>\n<li>S\u00e4kerhet: S\u00e4kerhets\u00e5tg\u00e4rder beaktas f\u00f6r att s\u00e4kerst\u00e4lla s\u00e4ker drift av skopcylindern.<\/li>\n<li>Underh\u00e5llbarhet: Skopscylindrar \u00e4r konstruerade f\u00f6r enkelt underh\u00e5ll och reparation.<\/li>\n<\/ul>\n<p><img decoding=\"async\" src=\"https:\/\/www.hydraulic-cylinders.net\/wp-content\/uploads\/2025\/01\/songte-oil-pipes-and-spare-parts.webp\" alt=\"Produktbild\"><\/p>\n<h2>T\u00e4tning och sm\u00f6rjning<\/h2>\n<p>Skopscylindrar anv\u00e4nder olika t\u00e4tningskomponenter, s\u00e5som kolvt\u00e4tningar och kolvst\u00e5ngst\u00e4tningar, tillverkade av slitstarka material som polyuretan och nitrilgummi. Cylinderhuset och de g\u00e4ngade \u00e4ndarna genomg\u00e5r noggrann bearbetning f\u00f6r att f\u00f6rb\u00e4ttra slitstyrkan. Regelbunden sm\u00f6rjning med l\u00e4mplig m\u00e4ngd hydraulolja \u00e4r n\u00f6dv\u00e4ndig f\u00f6r smidig drift.<\/p>\n<h2>Regelbunden inspektion och f\u00f6rebyggande underh\u00e5ll<\/h2>\n<p>Regelbunden inspektion och f\u00f6rebyggande underh\u00e5ll \u00e4r avg\u00f6rande f\u00f6r skopcylinderns livsl\u00e4ngd. N\u00e5gra rekommenderade \u00e5tg\u00e4rder inkluderar:<\/p>\n<ul>\n<li>Inspektion av eventuella l\u00e4ckor eller skador<\/li>\n<li>Korrekt sm\u00f6rjning av alla r\u00f6rliga delar<\/li>\n<li>Byte av t\u00e4tningar och packningar regelbundet<\/li>\n<li>Kalibreringskontroller f\u00f6r att s\u00e4kerst\u00e4lla korrekt drift<\/li>\n<\/ul>\n<p><img decoding=\"async\" src=\"https:\/\/www.hydraulic-cylinders.net\/wp-content\/uploads\/2025\/01\/songte-chushion-collar.webp\" alt=\"Produktbild\"><\/p>\n<h2>S\u00e4kerhetsaspekter och milj\u00f6faktorer<\/h2>\n<p>Att beakta s\u00e4kerhets\u00e5tg\u00e4rder vid anv\u00e4ndning av skopcylindrar \u00e4r av yttersta vikt. S\u00e4kerhets\u00e5tg\u00e4rder b\u00f6r f\u00f6ljas f\u00f6r att f\u00f6rhindra olyckor och s\u00e4kerst\u00e4lla f\u00f6rarnas och omgivningens v\u00e4lbefinnande.<\/p>\n<h2>Feldiagnos och vanliga problem<\/h2>\n<p>N\u00e5gra vanliga problem som kan uppst\u00e5 med skopcylindrar inkluderar:<\/p>\n<ul>\n<li>L\u00e4ckage av hydraulolja<\/li>\n<li>Minskad prestanda eller str\u00f6mf\u00f6rlust<\/li>\n<li>Onormala ljud under drift<\/li>\n<\/ul>\n<p>F\u00f6r att \u00e5tg\u00e4rda dessa problem kan f\u00f6ljande tips och l\u00f6sningar hj\u00e4lpa till att diagnostisera och l\u00f6sa problem effektivt. Dessutom kan f\u00f6rebyggande \u00e5tg\u00e4rder implementeras f\u00f6r att minimera potentiella problem.<\/p>\n<p><img decoding=\"async\" src=\"https:\/\/www.hydraulic-cylinders.net\/wp-content\/uploads\/2025\/01\/songte-bushings-with-all-kinds-of-excavator-models.webp\" alt=\"Produktbild\"><\/p>\n<h2>Underh\u00e5llsuppgifter<\/h2>\n<p>Tre vanliga underh\u00e5llsuppgifter f\u00f6r skopcylindrar inkluderar:<\/p>\n<ul>\n<li>Regelbundna inspektioner<\/li>\n<li>Korrekt sm\u00f6rjning<\/li>\n<li>Kontroller av t\u00e4tningsbyte och kalibrering<\/li>\n<\/ul>\n<p>Korrekt installation, sm\u00f6rjning och justering \u00e4r avg\u00f6rande, och korrekt uppriktningsanvisning ges under installationsprocessen. Det rekommenderas att anv\u00e4nda l\u00e4mpliga monteringsf\u00e4sten f\u00f6r att s\u00e4kra cylindern. Rekommenderade procedurer f\u00f6r inspektion, reparation och utbyte tillhandah\u00e5lls f\u00f6r att f\u00f6rb\u00e4ttra skopcylinderns livsl\u00e4ngd.<\/p>\n<h2>Om v\u00e5rt f\u00f6retag<\/h2>\n<p>Vi \u00e4r en tillverkare av hydraulcylindrar f\u00f6r reservdelar och erbjuder ett brett utbud av produkter. Vi \u00e4r en av de ledande tillverkarna och grossistdistribut\u00f6rerna av hydraulcylindrar p\u00e5 den inhemska och internationella marknaden. Med fokus p\u00e5 utm\u00e4rkt kvalitet och industrialiserade produktionsstrategier i v\u00e5ra sofistikerade tillverkningsverkst\u00e4der f\u00f6rb\u00e4ttrar vi kontinuerligt v\u00e5r tillverkningsplattform och f\u00f6rb\u00e4ttrar produktionsv\u00e4gen f\u00f6r produktkvaliteten. Vi har en stark kreativ f\u00f6rm\u00e5ga och str\u00e4var efter att m\u00f6ta olika kunders behov med h\u00f6g effektivitet, precision och kvalitet.<\/p>\n<p><img decoding=\"async\" src=\"https:\/\/www.hydraulic-cylinders.net\/wp-content\/uploads\/2025\/01\/songte-company-3.webp\" alt=\"F\u00f6retagsbild\"><\/p>\n<h2>F\u00f6retags\u00f6versikt<\/h2>\n<ul>\n<li>Professionalism: Vi besitter teknisk expertis och f\u00f6ljer internationella certifieringar.<\/li>\n<li>Anpassning: Vi erbjuder skr\u00e4ddarsydda tj\u00e4nster f\u00f6r att m\u00f6ta specifika krav.<\/li>\n<li>Produktionsutrustning: Vi anv\u00e4nder avancerad tillverkningsutrustning.<\/li>\n<li>Eftermarknadsservice: Vi erbjuder omfattande eftermarknadsservice.<\/li>\n<\/ul>\n<p>F\u00f6rfattare: lyl<\/p>\n<p><img decoding=\"async\" src=\"https:\/\/hzpt.com\/wp-content\/uploads\/2024\/11\/songte-company-1.webp\" alt=\"F\u00f6retagsbild\"><\/p>\n<p><\/body><br \/>\n<\/html><\/p>","protected":false},"excerpt":{"rendered":"<p>Bucket Cylinder For JCB Small Excavator JS13LC Bucket Cylinder For JCB Small Excavator JS13LC Introduction A bucket cylinder is a specially designed hydraulic cylinder used to control the movement of the bucket in heavy machinery such as excavators, backhoe loaders, and front loaders. Its main function is to enable the lifting, lowering, and tilting of [&hellip;]<\/p>","protected":false},"featured_media":14787,"comment_status":"open","ping_status":"closed","template":"","meta":{"_et_pb_use_builder":"","_et_pb_old_content":"","_et_gb_content_width":""},"product_brand":[],"product_cat":[1494],"product_tag":[1495,1496],"class_list":{"0":"post-15194","1":"product","2":"type-product","3":"status-publish","4":"has-post-thumbnail","6":"product_cat-bucket-cylinders","7":"product_tag-bucket-cylinders","8":"product_tag-hydraulic-cylinders","10":"first","11":"instock","12":"shipping-taxable","13":"product-type-simple"},"amp_enabled":true,"_links":{"self":[{"href":"https:\/\/www.hydraulic-cylinders.net\/sv\/wp-json\/wp\/v2\/product\/15194","targetHints":{"allow":["GET"]}}],"collection":[{"href":"https:\/\/www.hydraulic-cylinders.net\/sv\/wp-json\/wp\/v2\/product"}],"about":[{"href":"https:\/\/www.hydraulic-cylinders.net\/sv\/wp-json\/wp\/v2\/types\/product"}],"replies":[{"embeddable":true,"href":"https:\/\/www.hydraulic-cylinders.net\/sv\/wp-json\/wp\/v2\/comments?post=15194"}],"wp:featuredmedia":[{"embeddable":true,"href":"https:\/\/www.hydraulic-cylinders.net\/sv\/wp-json\/wp\/v2\/media\/14787"}],"wp:attachment":[{"href":"https:\/\/www.hydraulic-cylinders.net\/sv\/wp-json\/wp\/v2\/media?parent=15194"}],"wp:term":[{"taxonomy":"product_brand","embeddable":true,"href":"https:\/\/www.hydraulic-cylinders.net\/sv\/wp-json\/wp\/v2\/product_brand?post=15194"},{"taxonomy":"product_cat","embeddable":true,"href":"https:\/\/www.hydraulic-cylinders.net\/sv\/wp-json\/wp\/v2\/product_cat?post=15194"},{"taxonomy":"product_tag","embeddable":true,"href":"https:\/\/www.hydraulic-cylinders.net\/sv\/wp-json\/wp\/v2\/product_tag?post=15194"}],"curies":[{"name":"wp","href":"https:\/\/api.w.org\/{rel}","templated":true}]}}