{"id":15195,"date":"2025-01-19T14:13:27","date_gmt":"2025-01-19T14:13:27","guid":{"rendered":"https:\/\/www.hydraulic-cylinders.net\/product\/bucket-cylinder-for-jcb-small-excavator-js200sc\/"},"modified":"2025-01-19T14:13:29","modified_gmt":"2025-01-19T14:13:29","slug":"bucket-cylinder-for-jcb-small-excavator-js200sc","status":"publish","type":"product","link":"https:\/\/www.hydraulic-cylinders.net\/sv\/produkt\/bucket-cylinder-for-jcb-small-excavator-js200sc\/","title":{"rendered":"Skopscylinder f\u00f6r JCB liten gr\u00e4vmaskin JS200SC"},"content":{"rendered":"<h1>Skopscylinder f\u00f6r JCB liten gr\u00e4vmaskin JS200SC<\/h1>\n<h2>Introduktion<\/h2>\n<p>Skopcylindern till JCB:s lilla gr\u00e4vmaskin JS200SC \u00e4r en specialdesignad hydraulcylinder som anv\u00e4nds f\u00f6r att styra skopans r\u00f6relse i tunga maskiner som gr\u00e4vmaskiner, traktorgr\u00e4vmaskiner och frontlastare. Dess huvudsakliga funktion \u00e4r att g\u00f6ra det m\u00f6jligt att lyfta, s\u00e4nka och luta skopan, vilket g\u00f6r det enklare att hantera olika materialhanteringsuppgifter. I hydraulsystemet styr skopcylindern skopans exakta r\u00f6relser genom att variera hydrauloljetrycket, vilket g\u00f6r det m\u00f6jligt f\u00f6r f\u00f6rare att hantera tunga laster effektivt och anpassa sig till komplexa arbetsmilj\u00f6er och olika driftsbehov.<\/p>\n<p><img decoding=\"async\" src=\"https:\/\/www.hydraulic-cylinders.net\/wp-content\/uploads\/2025\/01\/songte-company-2.webp\" alt=\"Skopscylinder\"><\/p>\n<h2>Drag<\/h2>\n<ul>\n<li>H\u00f6g h\u00e5llfasthet och h\u00e5llbarhet: Vanligtvis tillverkad av h\u00f6gh\u00e5llfast st\u00e5l eller aluminium, t\u00e5l h\u00f6gt tryck och tunga belastningar, \u00e4r anpassningsbar till tuffa arbetsmilj\u00f6er, och konstruerad med slitstyrka och korrosionsbest\u00e4ndighet i \u00e5tanke f\u00f6r att f\u00f6rl\u00e4nga livsl\u00e4ngden.<\/li>\n<li>Effektiv hydraulisk drift: Utnyttjar hydrauloljans tryck f\u00f6r att uppn\u00e5 smidiga ut- och indragningsr\u00f6relser, kan reagera snabbt p\u00e5 kontrollkommandon och ge kraftfulla tryck- och dragkrafter, l\u00e4mplig f\u00f6r hantering av tunga laster och komplexa driftsuppgifter.<\/li>\n<li>Olika typer: Enkelverkande (med hydraultryck i endast en riktning) eller dubbelverkande (med hydraultryck i b\u00e5da riktningarna) cylindrar kan v\u00e4ljas efter driftsbehov, vissa modeller \u00e4r teleskopiska, vilket m\u00f6jligg\u00f6r st\u00f6rre utbyggnad utan att \u00f6ka ytterm\u00e5tten, l\u00e4mpliga f\u00f6r applikationer med begr\u00e4nsat utrymme.<\/li>\n<li>Utbytbar: V\u00e5r produkt \u00e4r den perfekta ers\u00e4ttningen f\u00f6r dessa hydraulcylindrar.<\/li>\n<\/ul>\n<p><img decoding=\"async\" src=\"https:\/\/www.hydraulic-cylinders.net\/wp-content\/uploads\/2025\/01\/songte-cylinder-head-with-all-kinds-excavator-models.webp\" alt=\"Skopscylinder\"><\/p>\n<h2>Applikationer<\/h2>\n<p>Skopcylindern f\u00f6r JCB liten gr\u00e4vmaskin JS200SC anv\u00e4nds ofta inom olika branscher som:<\/p>\n<ul>\n<li>Byggmaskiner: I gr\u00e4vmaskiner \u00e4r de viktiga f\u00f6r att gr\u00e4va, lasta och flytta jord eller skr\u00e4p. I gr\u00e4vmaskiner med gr\u00e4vaggregat hj\u00e4lper skopcylindrar till med b\u00e5de gr\u00e4vning och lyftning. <\/li>\n<li>Jordbruksmaskiner: Anv\u00e4nds f\u00f6r frontlastare, f\u00f6r att \u00f6sa, lyfta och transportera jord, h\u00f6 och andra material. <\/li>\n<li>Gr\u00e4vmaskiner: Skopcylindrar m\u00f6jligg\u00f6r gr\u00e4vning genom att skopan kan tr\u00e4nga ner i jorden. <\/li>\n<li>Lastare: Frontlastare hj\u00e4lper till med att lyfta och dumpa gods effektivt. <\/li>\n<\/ul>\n<p>Skopcylindern till JCB:s lilla gr\u00e4vmaskin JS200SC \u00e4r extremt m\u00e5ngsidig, vilket g\u00f6r den till en viktig hydraulcylinder f\u00f6r olika industrier och till\u00e4mpningar.<\/p>\n<h2>Design\u00f6verv\u00e4ganden och urvalskriterier<\/h2>\n<p>Design\u00f6verv\u00e4gandena f\u00f6r skopcylindern f\u00f6r JCB:s lilla gr\u00e4vmaskin JS200SC inkluderar:<\/p>\n<ul>\n<li>Lastkapacitet: Cylindern m\u00e5ste kunna motst\u00e5 den lastkapacitet som kr\u00e4vs f\u00f6r den specifika till\u00e4mpningen.<\/li>\n<li>T\u00e4tning: Olika t\u00e4tningar som kolvt\u00e4tningar, kolvst\u00e5ngst\u00e4tningar och andra anv\u00e4nds f\u00f6r att f\u00f6rhindra l\u00e4ckage av hydraulv\u00e4tska.<\/li>\n<li>H\u00e5llbarhet: Tillverkade av h\u00f6gh\u00e5llfasta material och ytbehandlade f\u00f6r att g\u00f6ra dem motst\u00e5ndskraftiga mot slitage och korrosion.<\/li>\n<li>S\u00e4kerhet: Utformad med s\u00e4kerhetsfunktioner som \u00f6vertrycksventiler f\u00f6r att f\u00f6rhindra \u00f6verbelastning och pl\u00f6tsliga olyckor.<\/li>\n<li>Underh\u00e5llbarhet: Utformad med underh\u00e5ll i \u00e5tanke, vilket m\u00f6jligg\u00f6r enkel \u00e5tkomst och utbyte av delar.<\/li>\n<\/ul>\n<p><img decoding=\"async\" src=\"https:\/\/www.hydraulic-cylinders.net\/wp-content\/uploads\/2025\/01\/songte-oil-pipes-and-spare-parts.webp\" alt=\"Skopscylinder\"><\/p>\n<h2>T\u00e4tning och sm\u00f6rjning<\/h2>\n<p>Skopscylindern till JCB:s lilla gr\u00e4vmaskin JS200SC anv\u00e4nder olika t\u00e4tningar, inklusive kolvt\u00e4tningar och st\u00e5ngt\u00e4tningar tillverkade av slitstarka material som polyuretan och nitrilgummi. Cylinderns hus och g\u00e4ngade \u00e4ndytor \u00e4r finbehandlade f\u00f6r att f\u00f6rb\u00e4ttra slitstyrkan. Regelbunden sm\u00f6rjning med hydraulolja \u00e4r n\u00f6dv\u00e4ndig f\u00f6r att cylindern ska fungera smidigt och effektivt.<\/p>\n<p><img decoding=\"async\" src=\"https:\/\/www.hydraulic-cylinders.net\/wp-content\/uploads\/2025\/01\/songte-chushion-collar.webp\" alt=\"Skopscylinder\"><\/p>\n<h2>Inspektion och f\u00f6rebyggande underh\u00e5ll<\/h2>\n<p>Regelbunden inspektion och f\u00f6rebyggande underh\u00e5ll \u00e4r avg\u00f6rande f\u00f6r att s\u00e4kerst\u00e4lla att skopcylindern f\u00f6r JCB:s lilla gr\u00e4vmaskin JS200SC fungerar smidigt. N\u00e5gra vanliga underh\u00e5llsuppgifter inkluderar:<\/p>\n<ul>\n<li>Regelbunden inspektion av cylindern f\u00f6r tecken p\u00e5 slitage och skador.<\/li>\n<li>Regelbunden sm\u00f6rjning av cylindern med hydraulolja.<\/li>\n<li>Byte av t\u00e4tningar och kalibreringskontroller.<\/li>\n<\/ul>\n<p>Korrekt installation, sm\u00f6rjning och justering \u00e4r avg\u00f6rande f\u00f6r att s\u00e4kerst\u00e4lla skopcylinderns livsl\u00e4ngd. Att anv\u00e4nda l\u00e4mpliga monteringsf\u00e4sten f\u00f6r att s\u00e4kra cylindern och f\u00f6lja rekommenderade inspektions-, reparations- och utbytesprocedurer kan ocks\u00e5 bidra till att f\u00f6rl\u00e4nga cylinderns livsl\u00e4ngd.<\/p>\n<h2>S\u00e4kerhetsaspekter och milj\u00f6faktorer<\/h2>\n<p>N\u00e4r man anv\u00e4nder skopcylindern till JCB:s lilla gr\u00e4vmaskin JS200SC \u00e4r det viktigt att f\u00f6lja s\u00e4kerhets\u00e5tg\u00e4rder, s\u00e5som att b\u00e4ra l\u00e4mplig personlig skyddsutrustning och f\u00f6lja rekommenderade s\u00e4kerhetsriktlinjer. Dessutom b\u00f6r milj\u00f6faktorer som temperatur och luftfuktighet beaktas under installation och drift.<\/p>\n<p><img decoding=\"async\" src=\"https:\/\/www.hydraulic-cylinders.net\/wp-content\/uploads\/2025\/01\/songte-bushings-with-all-kinds-of-excavator-models.webp\" alt=\"Skopscylinder\"><\/p>\n<h2>Fels\u00f6kning och vanliga problem<\/h2>\n<p>N\u00e4r man st\u00f6ter p\u00e5 problem med skopcylindern till en liten gr\u00e4vmaskin fr\u00e5n JCB JS200SC \u00e4r det viktigt att diagnostisera problemet och vidta l\u00e4mpliga \u00e5tg\u00e4rder. N\u00e5gra vanliga problem inkluderar:<\/p>\n<ul>\n<li>L\u00e4ckage av hydraulv\u00e4tska p\u00e5 grund av slitna t\u00e4tningar eller skadade ytor.<\/li>\n<li>Minskad prestanda p\u00e5 grund av l\u00e5gt hydraultryck eller igensatta oljefilter.<\/li>\n<li>Kraftiga vibrationer eller buller p\u00e5 grund av slitna lager eller l\u00f6sa delar.<\/li>\n<\/ul>\n<p>Regelbunden inspektion, korrekt sm\u00f6rjning och underh\u00e5ll kan bidra till att f\u00f6rhindra att s\u00e5dana problem uppst\u00e5r, vilket s\u00e4kerst\u00e4ller en smidig och effektiv drift av skopcylindern f\u00f6r JCB:s lilla gr\u00e4vmaskin JS200SC.<\/p>\n<h2>Om v\u00e5rt f\u00f6retag<\/h2>\n<p>Vi \u00e4r en ledande tillverkare och grossist av hydraulcylindrar, inklusive skopcylindern f\u00f6r JCB:s lilla gr\u00e4vmaskin JS200SC. V\u00e5rt produktsortiment \u00e4r m\u00e5ngsidigt och vi str\u00e4var efter h\u00f6gsta kvalitet och kundn\u00f6jdhet.<\/p>\n<p>V\u00e5rt f\u00f6retag har en toppmodern tillverkningsverkstad och anv\u00e4nder den senaste tekniken och professionella testsystem f\u00f6r att f\u00f6rb\u00e4ttra produktionseffektiviteten och produktkvaliteten. Vi erbjuder skr\u00e4ddarsydda tj\u00e4nster f\u00f6r att m\u00f6ta v\u00e5ra kunders olika behov. V\u00e5ra produkter \u00e4r internationellt certifierade och vi erbjuder omfattande eftermarknadsservice f\u00f6r att s\u00e4kerst\u00e4lla kundn\u00f6jdhet.<\/p>\n<p><img decoding=\"async\" src=\"https:\/\/hzpt.com\/wp-content\/uploads\/2024\/11\/songte-company-1.webp\" alt=\"F\u00f6retagsbild\"><\/p>\n<p>Tack f\u00f6r att du valde v\u00e5ra produkter. F\u00f6r mer information, v\u00e4nligen kontakta oss.<\/p>\n<p>F\u00f6rfattare: lyl<\/p>","protected":false},"excerpt":{"rendered":"<p>Bucket Cylinder For JCB Small Excavator JS200SC Introduction The bucket cylinder for JCB small excavator JS200SC is a specially designed hydraulic cylinder used for controlling the movement of the bucket in heavy machinery such as excavators, backhoe excavators, and front-end loaders. Its main function is to enable the bucket to lift, lower, and tilt, making [&hellip;]<\/p>","protected":false},"featured_media":14785,"comment_status":"open","ping_status":"closed","template":"","meta":{"_et_pb_use_builder":"","_et_pb_old_content":"","_et_gb_content_width":""},"product_brand":[],"product_cat":[1494],"product_tag":[1495,1496],"class_list":{"0":"post-15195","1":"product","2":"type-product","3":"status-publish","4":"has-post-thumbnail","6":"product_cat-bucket-cylinders","7":"product_tag-bucket-cylinders","8":"product_tag-hydraulic-cylinders","10":"first","11":"instock","12":"shipping-taxable","13":"product-type-simple"},"amp_enabled":true,"_links":{"self":[{"href":"https:\/\/www.hydraulic-cylinders.net\/sv\/wp-json\/wp\/v2\/product\/15195","targetHints":{"allow":["GET"]}}],"collection":[{"href":"https:\/\/www.hydraulic-cylinders.net\/sv\/wp-json\/wp\/v2\/product"}],"about":[{"href":"https:\/\/www.hydraulic-cylinders.net\/sv\/wp-json\/wp\/v2\/types\/product"}],"replies":[{"embeddable":true,"href":"https:\/\/www.hydraulic-cylinders.net\/sv\/wp-json\/wp\/v2\/comments?post=15195"}],"wp:featuredmedia":[{"embeddable":true,"href":"https:\/\/www.hydraulic-cylinders.net\/sv\/wp-json\/wp\/v2\/media\/14785"}],"wp:attachment":[{"href":"https:\/\/www.hydraulic-cylinders.net\/sv\/wp-json\/wp\/v2\/media?parent=15195"}],"wp:term":[{"taxonomy":"product_brand","embeddable":true,"href":"https:\/\/www.hydraulic-cylinders.net\/sv\/wp-json\/wp\/v2\/product_brand?post=15195"},{"taxonomy":"product_cat","embeddable":true,"href":"https:\/\/www.hydraulic-cylinders.net\/sv\/wp-json\/wp\/v2\/product_cat?post=15195"},{"taxonomy":"product_tag","embeddable":true,"href":"https:\/\/www.hydraulic-cylinders.net\/sv\/wp-json\/wp\/v2\/product_tag?post=15195"}],"curies":[{"name":"wp","href":"https:\/\/api.w.org\/{rel}","templated":true}]}}