{"id":15196,"date":"2025-01-19T14:13:31","date_gmt":"2025-01-19T14:13:31","guid":{"rendered":"https:\/\/www.hydraulic-cylinders.net\/product\/bucket-cylinder-for-jcb-small-excavator-js220lc\/"},"modified":"2025-01-19T14:13:33","modified_gmt":"2025-01-19T14:13:33","slug":"bucket-cylinder-for-jcb-small-excavator-js220lc","status":"publish","type":"product","link":"https:\/\/www.hydraulic-cylinders.net\/sv\/produkt\/bucket-cylinder-for-jcb-small-excavator-js220lc\/","title":{"rendered":"Skopcylinder f\u00f6r JCB liten gr\u00e4vmaskin JS220LC"},"content":{"rendered":"<h1>Skopcylinder f\u00f6r JCB liten gr\u00e4vmaskin JS220LC<\/h1>\n<h2>Introduktion<\/h2>\n<p>Skopcylindern till JCB:s lilla gr\u00e4vmaskin JS220LC \u00e4r en specialdesignad hydraulcylinder som huvudsakligen anv\u00e4nds f\u00f6r att styra skopans r\u00f6relse i tunga maskiner som gr\u00e4vmaskiner, gr\u00e4vlastare och frontlastare. Dess huvudsakliga funktion \u00e4r att g\u00f6ra det m\u00f6jligt att lyfta, s\u00e4nka och luta skopan, vilket g\u00f6r det enklare att hantera olika materialhanteringsuppgifter. I hydraulsystemet uppn\u00e5r skopcylindern exakt kontroll \u00f6ver skopans r\u00f6relse genom tryckf\u00f6r\u00e4ndringar i hydrauloljan, vilket g\u00f6r det m\u00f6jligt f\u00f6r f\u00f6rare att effektivt hantera tunga laster och anpassa sig till komplexa arbetsmilj\u00f6er och olika arbetskrav.<\/p>\n<p><img decoding=\"async\" src=\"https:\/\/www.hydraulic-cylinders.net\/wp-content\/uploads\/2025\/01\/songte-company-2.webp\"><\/p>\n<h2>Produktegenskaper<\/h2>\n<ul>\n<li>H\u00f6g h\u00e5llfasthet och h\u00e5llbarhet: Vanligtvis tillverkad av h\u00f6gh\u00e5llfast st\u00e5l eller aluminium, t\u00e5l den h\u00f6gt tryck och tunga belastningar, anpassar sig till tuffa arbetsmilj\u00f6er och tar h\u00e4nsyn till slitstyrka och korrosionsbest\u00e4ndighet i designen f\u00f6r att f\u00f6rl\u00e4nga livsl\u00e4ngden.<\/li>\n<li>Effektiv hydraulisk drift: Smidiga ut- och indragningsr\u00f6relser uppn\u00e5s genom att utnyttja hydrauloljans tryck, vilket ger kraftfulla tryck- och dragkrafter, l\u00e4mpliga f\u00f6r hantering av tunga laster och komplexa arbetsuppgifter.<\/li>\n<li>Flera typer: Enkelverkande (med hydraulik endast i en riktning) eller dubbelverkande (med hydraulik i b\u00e5da riktningarna) cylindrar kan v\u00e4ljas enligt kraven f\u00f6r att m\u00f6ta olika driftsbehov. Vissa modeller \u00e4r teleskopiska, vilket m\u00f6jligg\u00f6r st\u00f6rre utdrag utan att \u00f6ka ytterm\u00e5tten, l\u00e4mpliga f\u00f6r utrymmesbegr\u00e4nsade till\u00e4mpningar.<\/li>\n<li>Perfekt ers\u00e4ttning: V\u00e5r produkt kan perfekt ers\u00e4tta dessa hydraulcylindrar.<\/li>\n<\/ul>\n<p><img decoding=\"async\" src=\"https:\/\/www.hydraulic-cylinders.net\/wp-content\/uploads\/2025\/01\/songte-cylinder-head-with-all-kinds-excavator-models.webp\"><\/p>\n<h2>Applikationsscenarier<\/h2>\n<p>Skopcylindern f\u00f6r JCB liten gr\u00e4vmaskin JS220LC kan anv\u00e4ndas i stor utstr\u00e4ckning i olika scenarier, inklusive:<\/p>\n<ul>\n<li>Byggmaskiner: I gr\u00e4vmaskiner \u00e4r de avg\u00f6rande f\u00f6r att gr\u00e4va, lasta och flytta jord eller skr\u00e4p. I gr\u00e4vlastare hj\u00e4lper skopcylindrar till med b\u00e5de gr\u00e4vning och lyftning. <\/li>\n<li>Jordbruksmaskiner: Anv\u00e4nds i frontlastare f\u00f6r att skopa, lyfta och transportera jord, h\u00f6 och andra material. <\/li>\n<li>Gr\u00e4vmaskiner: Skopans cylinder uppn\u00e5r gr\u00e4vningsverkan genom att l\u00e5ta skopan tr\u00e4nga ner i jorden. <\/li>\n<li>Lastare: Frontlastare hj\u00e4lper till med att lyfta och tilta gods effektivt. <\/li>\n<\/ul>\n<h2>Design\u00f6verv\u00e4ganden och urvalskriterier<\/h2>\n<p>Skopcylindern f\u00f6r JCB:s lilla gr\u00e4vmaskin JS220LC \u00e4r konstruerad utifr\u00e5n \u00f6verv\u00e4ganden som b\u00e4rf\u00f6rm\u00e5ga, t\u00e4tningsprestanda, h\u00e5llbarhet, s\u00e4kerhet och underh\u00e5llbarhet. <\/p>\n<ul>\n<li>B\u00e4rf\u00f6rm\u00e5ga: Cylindern ska vara tillverkad av h\u00f6gh\u00e5llfasta material och ha en struktur som t\u00e5l h\u00f6gt tryck och tunga belastningar.<\/li>\n<li>T\u00e4tningsprestanda: Olika t\u00e4tningselement som kolvt\u00e4tningar och kolvst\u00e5ngst\u00e4tningar b\u00f6r anv\u00e4ndas, och t\u00e4tningsmaterial som polyuretan och nitrilgummi med god slitstyrka b\u00f6r v\u00e4ljas. Cylinderhuset och de g\u00e4ngade \u00e4ndytorna b\u00f6r finbearbetas f\u00f6r att f\u00f6rb\u00e4ttra slitstyrkan. <\/li>\n<li>H\u00e5llbarhet: Cylindern b\u00f6r vara konstruerad med korrosionsbest\u00e4ndiga material och bel\u00e4ggningar f\u00f6r att f\u00f6rl\u00e4nga dess livsl\u00e4ngd.<\/li>\n<li>S\u00e4kerhet: Cylindern b\u00f6r vara utrustad med s\u00e4kerhetsanordningar s\u00e5som \u00f6verstr\u00f6mningsventiler och tryckavlastningsventiler f\u00f6r att f\u00f6rhindra olyckor orsakade av f\u00f6r h\u00f6gt tryck. <\/li>\n<li>Underh\u00e5llbarhet: Cylindern b\u00f6r vara konstruerad f\u00f6r att underl\u00e4tta underh\u00e5ll, s\u00e5som enkel demontering och utbyte av t\u00e4tningselement och komponenter. <\/li>\n<\/ul>\n<p><img decoding=\"async\" src=\"https:\/\/www.hydraulic-cylinders.net\/wp-content\/uploads\/2025\/01\/songte-oil-pipes-and-spare-parts.webp\"><\/p>\n<h2>T\u00e4tning och sm\u00f6rjning<\/h2>\n<p>Skopscylindern till JCB:s lilla gr\u00e4vmaskin JS220LC anv\u00e4nder olika t\u00e4tningselement f\u00f6r att s\u00e4kerst\u00e4lla t\u00e4tningsprestanda, s\u00e5som kolvt\u00e4tningar, kolvst\u00e5ngst\u00e4tningar och avstrykart\u00e4tningar. T\u00e4tningsmaterial med god slitstyrka, s\u00e5som polyuretan och nitrilgummi, anv\u00e4nds. Cylinderhuset och de g\u00e4ngade \u00e4ndytorna \u00e4r fint bearbetade f\u00f6r att f\u00f6rb\u00e4ttra slitstyrkan. Regelbunden p\u00e5fyllning av l\u00e4mplig hydraulolja kr\u00e4vs f\u00f6r sm\u00f6rjning.<\/p>\n<h2>Inspektion och f\u00f6rebyggande underh\u00e5ll<\/h2>\n<p>Regelbunden inspektion och f\u00f6rebyggande underh\u00e5ll kan bidra till att f\u00f6rl\u00e4nga livsl\u00e4ngden p\u00e5 skopcylindern till JCB:s lilla gr\u00e4vmaskin JS220LC. <\/p>\n<ul>\n<li>Regelbunden inspektion: Kontrollera regelbundet cylindern f\u00f6r skador, slitage och l\u00e4ckage. <\/li>\n<li>Korrekt sm\u00f6rjning: Sm\u00f6rj cylindern ordentligt f\u00f6r att minimera slitage. <\/li>\n<li>Byte av t\u00e4tning och kalibreringskontroll: Byt regelbundet ut t\u00e4tningselementen och kontrollera kalibreringen f\u00f6r att s\u00e4kerst\u00e4lla t\u00e4tningens prestanda. <\/li>\n<\/ul>\n<p>Under installationen, ge korrekt justeringsv\u00e4gledning f\u00f6r att s\u00e4kerst\u00e4lla att cylindern \u00e4r korrekt installerad. Rekommendera att l\u00e4mpliga installationsf\u00e4sten anv\u00e4nds f\u00f6r att s\u00e4kra cylindern. Ge rekommenderade inspektions-, reparations- och utbytesprocedurer f\u00f6r att f\u00f6rl\u00e4nga livsl\u00e4ngden p\u00e5 skopcylindern f\u00f6r JCB:s lilla gr\u00e4vmaskin JS220LC.<\/p>\n<p><img decoding=\"async\" src=\"https:\/\/www.hydraulic-cylinders.net\/wp-content\/uploads\/2025\/01\/songte-chushion-collar.webp\"><\/p>\n<h2>S\u00e4kerhetsaspekter och milj\u00f6faktorer<\/h2>\n<p>Vid anv\u00e4ndning av skopcylindern till JCB:s lilla gr\u00e4vmaskin JS220LC b\u00f6r s\u00e4kerhets\u00e5tg\u00e4rder, s\u00e5som att undvika \u00f6verbelastning och f\u00f6r h\u00f6gt tryck, vidtas f\u00f6r att f\u00f6rhindra olyckor. Korrekt hantering av hydraulolja och annat avfall b\u00f6r f\u00f6ljas f\u00f6r att skydda milj\u00f6n.<\/p>\n<h2>Fels\u00f6kning och vanliga problem<\/h2>\n<p>Vanliga problem med skopcylindern till JCB:s lilla gr\u00e4vmaskin JS220LC inkluderar skador, slitage och l\u00e4ckage. Fels\u00f6kning kan utf\u00f6ras genom inspektion och utbyte av skadade eller slitna delar. <\/p>\n<h2>F\u00f6retagsintroduktion<\/h2>\n<p>We are a manufacturer of hydraulic cylinder replacements and have a complete range of products. We have become one of the leading manufacturers and wholesale distributors of hydraulic cylinders in domestic and foreign markets. We follow the principle of excellent quality, rely on the industrialized production management strategy of sophisticated manufacturing workshops, and continuously improve the manufacturing platform of the workshop through the use of technical talents, digital high-end manufacturing equipment, and professional testing systems, and have a strong creation ability. Our products are produced with high efficiency, high accuracy, and high quality to meet customers&#8217; diverse needs.<\/p>\n<p><img decoding=\"async\" src=\"https:\/\/hzpt.com\/wp-content\/uploads\/2024\/11\/songte-company-1.webp\"><\/p>\n<h3>Professionalism:<\/h3>\n<p>Vi har professionella tekniska talanger f\u00f6r att ge kunderna omfattande teknisk support och konsulttj\u00e4nster.<\/p>\n<h3>Internationell certifiering:<\/h3>\n<p>V\u00e5rt f\u00f6retag har klarat olika internationella certifieringar som ISO9001 och CE.<\/p>\n<h3>Anpassningstj\u00e4nster:<\/h3>\n<p>We can provide customized services according to customers&#8217; special requirements.<\/p>\n<h3>Produktionsutrustning:<\/h3>\n<p>Vi har avancerad produktionsutrustning som CNC-maskiner, robotsvetsning och m\u00e5lningslinjer f\u00f6r att s\u00e4kerst\u00e4lla produktkvalitet och enhetlighet.<\/p>\n<h3>Eftermarknadsservice:<\/h3>\n<p>Vi erbjuder snabba och effektiva eftermarknadstj\u00e4nster, s\u00e5som teknisk support, underh\u00e5ll och reparationer, f\u00f6r att s\u00e4kerst\u00e4lla kundn\u00f6jdhet.<\/p>\n<p><img decoding=\"async\" src=\"https:\/\/www.hydraulic-cylinders.net\/wp-content\/uploads\/2025\/01\/songte-company-3.webp\"><\/p>\n<p>F\u00f6rfattare: lyl<\/p>","protected":false},"excerpt":{"rendered":"<p>Bucket Cylinder For JCB Small Excavator JS220LC Introduction The bucket cylinder for JCB small excavator JS220LC is a specially designed hydraulic cylinder, mainly used to control the movement of the bucket in heavy machinery such as excavators, backhoe loaders, and front loaders. Its main function is to enable the bucket to lift, lower, and tilt, [&hellip;]<\/p>","protected":false},"featured_media":14784,"comment_status":"open","ping_status":"closed","template":"","meta":{"_et_pb_use_builder":"","_et_pb_old_content":"","_et_gb_content_width":""},"product_brand":[],"product_cat":[1494],"product_tag":[1495,1496],"class_list":{"0":"post-15196","1":"product","2":"type-product","3":"status-publish","4":"has-post-thumbnail","6":"product_cat-bucket-cylinders","7":"product_tag-bucket-cylinders","8":"product_tag-hydraulic-cylinders","10":"first","11":"instock","12":"shipping-taxable","13":"product-type-simple"},"amp_enabled":true,"_links":{"self":[{"href":"https:\/\/www.hydraulic-cylinders.net\/sv\/wp-json\/wp\/v2\/product\/15196","targetHints":{"allow":["GET"]}}],"collection":[{"href":"https:\/\/www.hydraulic-cylinders.net\/sv\/wp-json\/wp\/v2\/product"}],"about":[{"href":"https:\/\/www.hydraulic-cylinders.net\/sv\/wp-json\/wp\/v2\/types\/product"}],"replies":[{"embeddable":true,"href":"https:\/\/www.hydraulic-cylinders.net\/sv\/wp-json\/wp\/v2\/comments?post=15196"}],"wp:featuredmedia":[{"embeddable":true,"href":"https:\/\/www.hydraulic-cylinders.net\/sv\/wp-json\/wp\/v2\/media\/14784"}],"wp:attachment":[{"href":"https:\/\/www.hydraulic-cylinders.net\/sv\/wp-json\/wp\/v2\/media?parent=15196"}],"wp:term":[{"taxonomy":"product_brand","embeddable":true,"href":"https:\/\/www.hydraulic-cylinders.net\/sv\/wp-json\/wp\/v2\/product_brand?post=15196"},{"taxonomy":"product_cat","embeddable":true,"href":"https:\/\/www.hydraulic-cylinders.net\/sv\/wp-json\/wp\/v2\/product_cat?post=15196"},{"taxonomy":"product_tag","embeddable":true,"href":"https:\/\/www.hydraulic-cylinders.net\/sv\/wp-json\/wp\/v2\/product_tag?post=15196"}],"curies":[{"name":"wp","href":"https:\/\/api.w.org\/{rel}","templated":true}]}}