{"id":15197,"date":"2025-01-19T14:13:35","date_gmt":"2025-01-19T14:13:35","guid":{"rendered":"https:\/\/www.hydraulic-cylinders.net\/product\/bucket-cylinder-for-jcb-small-excavator-js240lc\/"},"modified":"2025-01-19T14:13:37","modified_gmt":"2025-01-19T14:13:37","slug":"bucket-cylinder-for-jcb-small-excavator-js240lc","status":"publish","type":"product","link":"https:\/\/www.hydraulic-cylinders.net\/sv\/produkt\/bucket-cylinder-for-jcb-small-excavator-js240lc\/","title":{"rendered":"Skopcylinder f\u00f6r JCB liten gr\u00e4vmaskin JS240LC"},"content":{"rendered":"<h1>Skopcylinder f\u00f6r JCB liten gr\u00e4vmaskin JS240LC<\/h1>\n<h2>Introduktion<\/h2>\n<p>Skopcylindern \u00e4r en specialdesignad hydraulcylinder som anv\u00e4nds f\u00f6r att styra skopans r\u00f6relse i tunga maskiner som gr\u00e4vmaskiner, gr\u00e4vlastare och frontlastare. Dess huvudsakliga funktion \u00e4r att m\u00f6jligg\u00f6ra lyftning, s\u00e4nkning och lutning av skopan, vilket g\u00f6r den l\u00e4mplig f\u00f6r olika materialhanteringsuppgifter. I hydraulsystemet uppn\u00e5r skopcylindern exakt kontroll \u00f6ver skopan genom f\u00f6r\u00e4ndringar i hydrauloljetrycket, vilket g\u00f6r det m\u00f6jligt f\u00f6r f\u00f6rare att effektivt hantera tunga laster och anpassa sig till komplexa arbetsmilj\u00f6er och olika arbetskrav.<\/p>\n<p><img decoding=\"async\" src=\"https:\/\/www.hydraulic-cylinders.net\/wp-content\/uploads\/2025\/01\/songte-company-2.webp\" alt=\"Skopcylinder f\u00f6r JCB liten gr\u00e4vmaskin JS240LC\"><\/p>\n<h2>Drag<\/h2>\n<ul>\n<li>H\u00f6g h\u00e5llfasthet och h\u00e5llbarhet: Den \u00e4r vanligtvis tillverkad av h\u00f6gh\u00e5llfast st\u00e5l eller aluminium och t\u00e5l h\u00f6gt tryck och tunga belastningar, vilket g\u00f6r den l\u00e4mplig f\u00f6r tuffa arbetsmilj\u00f6er. Designen tar h\u00e4nsyn till slitstyrka och korrosionsbest\u00e4ndighet f\u00f6r att f\u00f6rl\u00e4nga dess livsl\u00e4ngd.<\/li>\n<li>Effektiv hydraulisk drift: Den utnyttjar hydrauloljans tryck f\u00f6r att uppn\u00e5 smidiga teleskopr\u00f6relser, ger snabb respons p\u00e5 kontrollkommandon och levererar kraftfulla tryck- och dragkrafter, vilket g\u00f6r den l\u00e4mplig f\u00f6r hantering av tunga laster och komplexa arbetsuppgifter.<\/li>\n<li>Olika typer: Den kan v\u00e4ljas som antingen enkelverkande (hydraulisk anv\u00e4nds endast i en riktning) eller dubbelverkande (hydraulisk anv\u00e4nds i b\u00e5da riktningarna) cylinder enligt kraven, och vissa modeller \u00e4r teleskopiska, vilket m\u00f6jligg\u00f6r st\u00f6rre utbyggnad utan att \u00f6ka de yttersta m\u00e5tten, idealiskt f\u00f6r utrymmesbegr\u00e4nsade applikationer.<\/li>\n<li>Perfekt ers\u00e4ttning: V\u00e5ra produkter kan perfekt ers\u00e4tta dessa hydraulcylindrar.<br \/>\n  <img decoding=\"async\" src=\"https:\/\/www.hydraulic-cylinders.net\/wp-content\/uploads\/2025\/01\/songte-cylinder-head-with-all-kinds-excavator-models.webp\" alt=\"Skopcylinder f\u00f6r JCB liten gr\u00e4vmaskin JS240LC\"><\/li>\n<\/ul>\n<h2>Applikationer<\/h2>\n<ul>\n<li>Byggutrustning: De finns i gr\u00e4vmaskiner och \u00e4r avg\u00f6rande f\u00f6r att gr\u00e4va, lasta och flytta jord eller skr\u00e4p. I gr\u00e4vlastare hj\u00e4lper skopcylindern till vid b\u00e5de gr\u00e4vning och lyftning.<\/li>\n<li>Jordbruksmaskiner: Anv\u00e4nds i frontlastare f\u00f6r att skopa, lyfta och transportera jord, h\u00f6 och andra material.<\/li>\n<li>Gr\u00e4vmaskiner: Skopans cylinder m\u00f6jligg\u00f6r gr\u00e4vning genom att l\u00e5ta skopan tr\u00e4nga ner i jorden.<\/li>\n<li>Lastare: Frontlastare hj\u00e4lper till att lyfta och dumpa gods effektivt.<\/li>\n<\/ul>\n<h2>Design\u00f6verv\u00e4ganden och urvalskriterier<\/h2>\n<ul>\n<li>B\u00e4rf\u00f6rm\u00e5ga: Diskutera cylinderns f\u00f6rm\u00e5ga att motst\u00e5 belastningar och tryck.<\/li>\n<li>T\u00e4tning: F\u00f6rklara anv\u00e4ndningen av olika t\u00e4tningar, s\u00e5som kolvt\u00e4tningar och kolvst\u00e5ngst\u00e4tningar, vilka \u00e4r tillverkade av slitstarka material som polyuretan och nitrilgummi. N\u00e4mn den fina ytbehandlingen av cylinderhuset och den g\u00e4ngade \u00e4nden f\u00f6r att f\u00f6rb\u00e4ttra slitstyrkan.<\/li>\n<li>H\u00e5llbarhet: Diskutera hur cylindern \u00e4r konstruerad f\u00f6r att motst\u00e5 tuffa driftsf\u00f6rh\u00e5llanden och ge l\u00e5ng livsl\u00e4ngd.<\/li>\n<li>S\u00e4kerhet: N\u00e4mn s\u00e4kerhetsfunktioner som \u00e4r integrerade i konstruktionen och vikten av att f\u00f6lja s\u00e4kerhets\u00e5tg\u00e4rder vid anv\u00e4ndning av cylindern.<\/li>\n<li>Underh\u00e5llbarhet: Diskutera hur enkelt underh\u00e5ll och reparation \u00e4r, inklusive regelbundna inspektioner och f\u00f6rebyggande \u00e5tg\u00e4rder.<\/li>\n<\/ul>\n<p><img decoding=\"async\" src=\"https:\/\/www.hydraulic-cylinders.net\/wp-content\/uploads\/2025\/01\/songte-oil-pipes-and-spare-parts.webp\" alt=\"Skopcylinder f\u00f6r JCB liten gr\u00e4vmaskin JS240LC\"><\/p>\n<h2>T\u00e4tning och sm\u00f6rjning<\/h2>\n<p>Skopscylindern anv\u00e4nder olika t\u00e4tningar, s\u00e5som kolvt\u00e4tningar och kolvst\u00e5ngst\u00e4tningar, tillverkade av slitstarka material som polyuretan och nitrilgummi. Cylinderhuset och den g\u00e4ngade \u00e4nden genomg\u00e5r en fin ytbehandling f\u00f6r att f\u00f6rb\u00e4ttra slitstyrkan. Regelbunden sm\u00f6rjning med l\u00e4mplig m\u00e4ngd hydraulolja \u00e4r n\u00f6dv\u00e4ndig.<\/p>\n<h2>Inspektion och f\u00f6rebyggande underh\u00e5ll<\/h2>\n<ul>\n<li>Regelbundna kontroller: Betona vikten av regelbundna inspektioner f\u00f6r att uppt\u00e4cka eventuella problem tidigt.<\/li>\n<li>Korrekt sm\u00f6rjning: Betona vikten av korrekt sm\u00f6rjning f\u00f6r att s\u00e4kerst\u00e4lla optimal prestanda.<\/li>\n<li>Packningsbyte: Ge riktlinjer f\u00f6r t\u00e4tningsbyte och betona dess roll i att uppr\u00e4tth\u00e5lla cylinderns integritet.<\/li>\n<li>Kalibreringskontroll: F\u00f6rklara behovet av regelbundna kalibreringskontroller f\u00f6r att s\u00e4kerst\u00e4lla korrekt drift.<\/li>\n<\/ul>\n<p><img decoding=\"async\" src=\"https:\/\/www.hydraulic-cylinders.net\/wp-content\/uploads\/2025\/01\/songte-chushion-collar.webp\" alt=\"Skopcylinder f\u00f6r JCB liten gr\u00e4vmaskin JS240LC\"><\/p>\n<h2>S\u00e4kerhetsaspekter och milj\u00f6faktorer<\/h2>\n<p>Diskutera vikten av s\u00e4kerhets\u00e5tg\u00e4rder vid anv\u00e4ndning av skopcylindern i olika till\u00e4mpningar och lyft fram milj\u00f6aspekter relaterade till dess drift.<\/p>\n<h2>Fels\u00f6kning och vanliga problem<\/h2>\n<p>Ta upp vanliga fels\u00f6kningstips och l\u00f6sningar f\u00f6r att hj\u00e4lpa l\u00e4sarna att effektivt diagnostisera och l\u00f6sa problem. Tillhandah\u00e5ll f\u00f6rebyggande \u00e5tg\u00e4rder f\u00f6r att minimera potentiella problem.<\/p>\n<p><img decoding=\"async\" src=\"https:\/\/www.hydraulic-cylinders.net\/wp-content\/uploads\/2025\/01\/songte-bushings-with-all-kinds-of-excavator-models.webp\" alt=\"Skopcylinder f\u00f6r JCB liten gr\u00e4vmaskin JS240LC\"><\/p>\n<h2>Om v\u00e5rt f\u00f6retag<\/h2>\n<p>Vi \u00e4r en tillverkare av hydraulcylindrar f\u00f6r reservdelar och erbjuder ett brett utbud av produkter. Vi har blivit en av de ledande tillverkarna och grossistdistribut\u00f6rerna av hydraulcylindrar p\u00e5 den inhemska och internationella marknaden. Vi f\u00f6ljer principerna om excellens och f\u00f6rlitar oss p\u00e5 strategier f\u00f6r industriell produktionsledning i v\u00e5ra f\u00f6rfinade tillverkningsverkst\u00e4der. Med v\u00e5ra tekniska talanger, avancerade digitala tillverkningsutrustning och professionella testsystem f\u00f6rb\u00e4ttrar vi kontinuerligt v\u00e5r tillverkningsplattform och v\u00e5ra produktionslinjer f\u00f6r produktkvalitet. Vi har en stark kreativ f\u00f6rm\u00e5ga och str\u00e4var efter att m\u00f6ta v\u00e5ra kunders olika behov med h\u00f6g effektivitet, precision och kvalitet.<\/p>\n<p><img decoding=\"async\" src=\"https:\/\/www.hydraulic-cylinders.net\/wp-content\/uploads\/2025\/01\/songte-company-3.webp\" alt=\"Skopcylinder f\u00f6r JCB liten gr\u00e4vmaskin JS240LC\"><\/p>\n<h3>Professionalism<\/h3>\n<p>F\u00f6rklara f\u00f6retagets professionalism och expertis inom omr\u00e5det.<\/p>\n<h3>Internationella certifieringar<\/h3>\n<p>Markera alla internationella certifieringar som f\u00f6retaget har erh\u00e5llit.<\/p>\n<h3>Anpassningstj\u00e4nster<\/h3>\n<p>Diskutera f\u00f6retagets f\u00f6rm\u00e5ga att tillhandah\u00e5lla skr\u00e4ddarsydda tj\u00e4nster baserat p\u00e5 kundernas krav.<\/p>\n<h3>Produktionsutrustning<\/h3>\n<p>Beskriv den avancerade produktionsutrustning som f\u00f6retaget anv\u00e4nder.<\/p>\n<h3>Eftermarknadsservice<\/h3>\n<p>Betona f\u00f6retagets engagemang f\u00f6r att tillhandah\u00e5lla utm\u00e4rkt eftermarknadsservice till kunderna.<\/p>\n<p>F\u00f6rfattare: lyl<\/p>","protected":false},"excerpt":{"rendered":"<p>Bucket Cylinder For JCB Small Excavator JS240LC Introduction The bucket cylinder is a specially designed hydraulic cylinder used to control the movement of the bucket in heavy machinery such as excavators, backhoe loaders, and front loaders. Its main function is to enable the lifting, lowering, and tilting of the bucket, making it suitable for various [&hellip;]<\/p>","protected":false},"featured_media":14782,"comment_status":"open","ping_status":"closed","template":"","meta":{"_et_pb_use_builder":"","_et_pb_old_content":"","_et_gb_content_width":""},"product_brand":[],"product_cat":[1494],"product_tag":[1495,1496],"class_list":{"0":"post-15197","1":"product","2":"type-product","3":"status-publish","4":"has-post-thumbnail","6":"product_cat-bucket-cylinders","7":"product_tag-bucket-cylinders","8":"product_tag-hydraulic-cylinders","10":"first","11":"instock","12":"shipping-taxable","13":"product-type-simple"},"amp_enabled":true,"_links":{"self":[{"href":"https:\/\/www.hydraulic-cylinders.net\/sv\/wp-json\/wp\/v2\/product\/15197","targetHints":{"allow":["GET"]}}],"collection":[{"href":"https:\/\/www.hydraulic-cylinders.net\/sv\/wp-json\/wp\/v2\/product"}],"about":[{"href":"https:\/\/www.hydraulic-cylinders.net\/sv\/wp-json\/wp\/v2\/types\/product"}],"replies":[{"embeddable":true,"href":"https:\/\/www.hydraulic-cylinders.net\/sv\/wp-json\/wp\/v2\/comments?post=15197"}],"wp:featuredmedia":[{"embeddable":true,"href":"https:\/\/www.hydraulic-cylinders.net\/sv\/wp-json\/wp\/v2\/media\/14782"}],"wp:attachment":[{"href":"https:\/\/www.hydraulic-cylinders.net\/sv\/wp-json\/wp\/v2\/media?parent=15197"}],"wp:term":[{"taxonomy":"product_brand","embeddable":true,"href":"https:\/\/www.hydraulic-cylinders.net\/sv\/wp-json\/wp\/v2\/product_brand?post=15197"},{"taxonomy":"product_cat","embeddable":true,"href":"https:\/\/www.hydraulic-cylinders.net\/sv\/wp-json\/wp\/v2\/product_cat?post=15197"},{"taxonomy":"product_tag","embeddable":true,"href":"https:\/\/www.hydraulic-cylinders.net\/sv\/wp-json\/wp\/v2\/product_tag?post=15197"}],"curies":[{"name":"wp","href":"https:\/\/api.w.org\/{rel}","templated":true}]}}