{"id":15201,"date":"2025-01-19T14:13:56","date_gmt":"2025-01-19T14:13:56","guid":{"rendered":"https:\/\/www.hydraulic-cylinders.net\/product\/bucket-cylinder-for-caterpillar-small-excavator-e302-4d\/"},"modified":"2025-01-19T14:13:58","modified_gmt":"2025-01-19T14:13:58","slug":"bucket-cylinder-for-caterpillar-small-excavator-e302-4d","status":"publish","type":"product","link":"https:\/\/www.hydraulic-cylinders.net\/sv\/produkt\/bucket-cylinder-for-caterpillar-small-excavator-e302-4d\/","title":{"rendered":"Skopscylinder f\u00f6r Caterpillar liten gr\u00e4vmaskin E302.4D"},"content":{"rendered":"<h1>Skopscylinder f\u00f6r Caterpillar liten gr\u00e4vmaskin E302.4D<\/h1>\n<h2>Introduktion<\/h2>\n<p>En skopcylinder \u00e4r en specialdesignad hydraulcylinder som huvudsakligen anv\u00e4nds f\u00f6r att styra skopans r\u00f6relse i tunga maskiner som gr\u00e4vmaskiner, gr\u00e4vlastare och frontlastare. Dess huvudsakliga funktion \u00e4r att g\u00f6ra det m\u00f6jligt f\u00f6r skopan att lyfta, s\u00e4nka och luta f\u00f6r att underl\u00e4tta olika materialhanteringsuppgifter. I hydraulsystemet uppn\u00e5r skopcylindern exakt kontroll \u00f6ver skopans r\u00f6relse genom att \u00e4ndra hydrauloljans tryck, vilket g\u00f6r det m\u00f6jligt f\u00f6r f\u00f6rare att hantera tunga laster effektivt och anpassa sig till komplexa arbetsmilj\u00f6er och olika driftsbehov.<\/p>\n<p><img decoding=\"async\" src=\"https:\/\/www.hydraulic-cylinders.net\/wp-content\/uploads\/2025\/01\/songte-company-2.webp\" alt=\"Bild av skopcylinder\"><\/p>\n<h2>Drag<\/h2>\n<ul>\n<li>\n<h3>H\u00f6g styrka och h\u00e5llbarhet<\/h3>\n<p>Skopscylindrar \u00e4r vanligtvis tillverkade av h\u00f6gh\u00e5llfast st\u00e5l eller aluminium, vilket t\u00e5l h\u00f6gt tryck och tunga belastningar, vilket g\u00f6r dem l\u00e4mpliga f\u00f6r tuffa arbetsmilj\u00f6er. Konstruktionen tar ocks\u00e5 h\u00e4nsyn till slitstyrka och korrosionsbest\u00e4ndighet, vilket f\u00f6rl\u00e4nger deras livsl\u00e4ngd.<\/p>\n<\/li>\n<li>\n<h3>Effektiv hydraulisk drift<\/h3>\n<p>Skopscylindrar anv\u00e4nder trycket fr\u00e5n hydraulolja f\u00f6r att uppn\u00e5 smidig ut- och inf\u00e4llning, vilket m\u00f6jligg\u00f6r snabb respons p\u00e5 styrkommandon och ger stark tryck- och dragkraft, vilket g\u00f6r dem l\u00e4mpliga f\u00f6r hantering av tunga laster och komplexa driftsuppgifter.<\/p>\n<\/li>\n<li>\n<h3>Olika typer<\/h3>\n<p>Skopscylindrar kan v\u00e4ljas som enkelverkande (hydrauliska cylindrar anv\u00e4nds endast i en riktning) eller dubbelverkande (hydrauliska cylindrar anv\u00e4nds i tv\u00e5 riktningar) beroende p\u00e5 behovet, och vissa modeller \u00e4r teleskopiska, vilket m\u00f6jligg\u00f6r st\u00f6rre utdrag utan att \u00f6ka de yttersta m\u00e5tten, vilket g\u00f6r dem l\u00e4mpliga f\u00f6r applikationer med begr\u00e4nsat utrymme.<\/p>\n<\/li>\n<li>\n<h3>Produkttillg\u00e4nglighet<\/h3>\n<p>V\u00e5ra skopcylindrar kan perfekt ers\u00e4tta dessa hydraulcylindrar, vi kan erbjuda olika modeller och typer av skopcylindrar f\u00f6r kunderna att v\u00e4lja mellan.<\/p>\n<\/li>\n<\/ul>\n<p><img decoding=\"async\" src=\"https:\/\/www.hydraulic-cylinders.net\/wp-content\/uploads\/2025\/01\/songte-cylinder-head-with-all-kinds-excavator-models.webp\" alt=\"Bild f\u00f6r utbyte av skopcylinder\"><\/p>\n<h2>Applikationer<\/h2>\n<p>Skopscylindrar spelar en avg\u00f6rande roll i olika typer av tunga maskiner, s\u00e5som:<\/p>\n<ul>\n<li>\n<h3>Byggutrustning<\/h3>\n<p>De \u00e4r viktiga f\u00f6r gr\u00e4vmaskiner f\u00f6r att gr\u00e4va, lasta och flytta jord eller skr\u00e4p. I gr\u00e4vlastare hj\u00e4lper skopcylindern till med b\u00e5de gr\u00e4vning och lyftning. <\/p>\n<\/li>\n<li>\n<h3>Jordbruksmaskiner<\/h3>\n<p>De anv\u00e4nds i frontlastare f\u00f6r att skopa, lyfta och transportera jord, h\u00f6 och andra material. I gr\u00e4vmaskiner m\u00f6jligg\u00f6r skopcylindern gr\u00e4vning genom att l\u00e5ta skopan tr\u00e4nga ner i jorden. I frontlastare hj\u00e4lper de till med effektiv lyftning och lossning av gods.<\/p>\n<\/li>\n<\/ul>\n<h2>Design\u00f6verv\u00e4ganden och urvalsstandarder<\/h2>\n<p>Skopscylindrar \u00e4r konstruerade med flera viktiga faktorer i \u00e5tanke, s\u00e5som:<\/p>\n<ul>\n<li>\n<h3>B\u00e4rkraft<\/h3>\n<p>Skopscylindrar \u00e4r tillverkade av h\u00f6gh\u00e5llfasta material och \u00e4r konstruerade f\u00f6r att motst\u00e5 tunga belastningar och h\u00f6gt tryck.<\/p>\n<\/li>\n<li>\n<h3>T\u00e4tning<\/h3>\n<p>Olika t\u00e4tningskomponenter, s\u00e5som kolvt\u00e4tningar och kolvst\u00e5ngst\u00e4tningar, \u00e4r tillverkade av slitstarka material f\u00f6r att s\u00e4kerst\u00e4lla l\u00e5ng livsl\u00e4ngd. Cylinderkroppar och g\u00e4ngade \u00e4ndytor \u00e4r fint bearbetade f\u00f6r att f\u00f6rb\u00e4ttra slitstyrkan.<\/p>\n<\/li>\n<li>\n<h3>H\u00e5llbarhet och s\u00e4kerhet<\/h3>\n<p>Skopscylindrar genomg\u00e5r rigor\u00f6s kvalitetskontroll f\u00f6r att s\u00e4kerst\u00e4lla att de uppfyller branschstandarder och \u00e4r s\u00e4kra att anv\u00e4nda. De \u00e4r konstruerade f\u00f6r att vara enkla att underh\u00e5lla och reparera f\u00f6r att s\u00e4kerst\u00e4lla l\u00e5ng livsl\u00e4ngd.<\/p>\n<\/li>\n<\/ul>\n<p><img decoding=\"async\" src=\"https:\/\/www.hydraulic-cylinders.net\/wp-content\/uploads\/2025\/01\/songte-oil-pipes-and-spare-parts.webp\" alt=\"Bild av skopcylinderdelar\"><\/p>\n<h2>T\u00e4tning och sm\u00f6rjning<\/h2>\n<p>Skopscylindrar anv\u00e4nder olika typer av t\u00e4tningar, s\u00e5som kolvt\u00e4tningar och kolvst\u00e5ngst\u00e4tningar, tillverkade av slitstarka material som polyuretan och nitrilgummi. Cylinderkroppar och g\u00e4ng\u00e4ndytor \u00e4r fint bearbetade f\u00f6r att f\u00f6rb\u00e4ttra slitstyrkan. Det \u00e4r viktigt att regelbundet tills\u00e4tta l\u00e4mplig hydraulolja f\u00f6r att h\u00e5lla cylindern smord.<\/p>\n<h2>Periodiskt underh\u00e5ll och f\u00f6rebyggande \u00e5tg\u00e4rder<\/h2>\n<p>Korrekt underh\u00e5ll \u00e4r avg\u00f6rande f\u00f6r att s\u00e4kerst\u00e4lla skopcylindrarnas livsl\u00e4ngd och optimala prestanda. Vanliga underh\u00e5llsuppgifter inkluderar:<\/p>\n<ul>\n<li>\n<h3>Regelbunden inspektion<\/h3>\n<p>Regelbundna inspektioner hj\u00e4lper till att identifiera potentiella problem och f\u00f6rhindra st\u00f6rre skador innan de intr\u00e4ffar.<\/p>\n<\/li>\n<li>\n<h3>Sm\u00f6rjning<\/h3>\n<p>Regelbunden sm\u00f6rjning \u00e4r n\u00f6dv\u00e4ndig f\u00f6r att cylindern ska fungera smidigt.<\/p>\n<\/li>\n<li>\n<h3>Byte av t\u00e4tning och kalibreringskontroll<\/h3>\n<p>Regelbundet byte av slitna t\u00e4tningar och kalibreringskontroller hj\u00e4lper till att bibeh\u00e5lla optimal prestanda.<\/p>\n<\/li>\n<\/ul>\n<p><img decoding=\"async\" src=\"https:\/\/www.hydraulic-cylinders.net\/wp-content\/uploads\/2025\/01\/songte-chushion-collar.webp\" alt=\"Bild f\u00f6r underh\u00e5ll av skopcylinder\"><\/p>\n<h2>S\u00e4kerhetsaspekter och milj\u00f6faktorer<\/h2>\n<p>Skopcylindrar \u00e4r konstruerade f\u00f6r att vara s\u00e4kra att anv\u00e4nda, och l\u00e4mpliga s\u00e4kerhets\u00e5tg\u00e4rder b\u00f6r vidtas vid anv\u00e4ndning av tunga maskiner. Milj\u00f6faktorer som temperatur och fuktighet kan p\u00e5verka skopcylindrarnas prestanda, och l\u00e4mpliga \u00e5tg\u00e4rder b\u00f6r vidtas f\u00f6r att s\u00e4kerst\u00e4lla deras optimala prestanda under olika milj\u00f6f\u00f6rh\u00e5llanden.<\/p>\n<h2>Feldiagnos och vanliga problem<\/h2>\n<p>Vanliga problem med skopcylindrar inkluderar l\u00e4ckage, skador p\u00e5 t\u00e4tningar och felaktig drift. Regelbunden inspektion och underh\u00e5ll kan hj\u00e4lpa till att f\u00f6rhindra att dessa problem uppst\u00e5r. Om ett problem uppst\u00e5r \u00e4r korrekt diagnos avg\u00f6rande, och vanliga l\u00f6sningar inkluderar reparation eller utbyte av skadade komponenter.<\/p>\n<p><img decoding=\"async\" src=\"https:\/\/www.hydraulic-cylinders.net\/wp-content\/uploads\/2025\/01\/songte-bushings-with-all-kinds-of-excavator-models.webp\" alt=\"Bild av problem med skopcylindern\"><\/p>\n<h2>Om v\u00e5rt f\u00f6retag<\/h2>\n<p>Vi \u00e4r en ledande tillverkare och grossistdistribut\u00f6r av hydraulcylindrar och erbjuder ett komplett sortiment av produkter till den inhemska och internationella marknaden. V\u00e5rt f\u00f6retag f\u00f6ljer en strategi f\u00f6r industrialiserad produktionsledning baserad p\u00e5 utm\u00e4rkt kvalitet, och f\u00f6rlitar sig p\u00e5 en sofistikerad tillverkningsverkstad, teknisk talang, digital avancerad tillverkningsutrustning samt professionella testsystem f\u00f6r att kontinuerligt f\u00f6rb\u00e4ttra v\u00e5r tillverkningsplattform, finslipa v\u00e5r produktkvalitet och ha stark innovationsf\u00f6rm\u00e5ga. Vi \u00e4r engagerade i att m\u00f6ta v\u00e5ra kunders olika behov med h\u00f6g effektivitet, precision och kvalitet.<\/p>\n<p><img decoding=\"async\" src=\"https:\/\/hzpt.com\/wp-content\/uploads\/2024\/11\/songte-company-1.webp\" alt=\"F\u00f6retagsbild\"><\/p>\n<h3>Professionalism<\/h3>\n<p>Vi str\u00e4var efter att ge v\u00e5ra kunder professionell r\u00e5dgivning och l\u00f6sningar, och s\u00e4kerst\u00e4ller att de f\u00e5r r\u00e4tt produkt f\u00f6r deras specifika behov.<\/p>\n<h3>Internationell certifiering<\/h3>\n<p>V\u00e5ra produkter \u00e4r certifierade enligt internationella standarder, vilket s\u00e4kerst\u00e4ller att de uppfyller den globala marknadens behov.<\/p>\n<h3>Anpassningstj\u00e4nst<\/h3>\n<p>Vi erbjuder skr\u00e4ddarsydda tj\u00e4nster f\u00f6r att m\u00f6ta individuella kunders behov, vilket s\u00e4kerst\u00e4ller att de f\u00e5r en produkt som uppfyller deras unika krav.<\/p>\n<h3>Produktionsutrustning<\/h3>\n<p>V\u00e5ra tillverkningsverkst\u00e4der \u00e4r utrustade med toppmoderna maskiner f\u00f6r att s\u00e4kerst\u00e4lla h\u00f6gkvalitativ produktion av v\u00e5ra hydraulcylindrar.<\/p>\n<h3>Eftermarknadsservice<\/h3>\n<p>Vi erbjuder en omfattande eftermarknadsservice f\u00f6r att s\u00e4kerst\u00e4lla att v\u00e5ra kunder f\u00e5r den support de beh\u00f6ver under hela sin hydraulcylinders livsl\u00e4ngd.<\/p>\n<h4>F\u00f6rfattare: lyl<\/h4>","protected":false},"excerpt":{"rendered":"<p>Bucket Cylinder For Caterpillar Small Excavator E302.4D Introduction A bucket cylinder is a specially designed hydraulic cylinder mainly used to control the movement of the bucket in heavy machinery such as excavators, backhoe loaders, and front loaders. Its main function is to enable the bucket to lift, lower and tilt to facilitate various material handling [&hellip;]<\/p>","protected":false},"featured_media":14773,"comment_status":"open","ping_status":"closed","template":"","meta":{"_et_pb_use_builder":"","_et_pb_old_content":"","_et_gb_content_width":""},"product_brand":[],"product_cat":[1494],"product_tag":[1495,1496],"class_list":{"0":"post-15201","1":"product","2":"type-product","3":"status-publish","4":"has-post-thumbnail","6":"product_cat-bucket-cylinders","7":"product_tag-bucket-cylinders","8":"product_tag-hydraulic-cylinders","10":"first","11":"instock","12":"shipping-taxable","13":"product-type-simple"},"amp_enabled":true,"_links":{"self":[{"href":"https:\/\/www.hydraulic-cylinders.net\/sv\/wp-json\/wp\/v2\/product\/15201","targetHints":{"allow":["GET"]}}],"collection":[{"href":"https:\/\/www.hydraulic-cylinders.net\/sv\/wp-json\/wp\/v2\/product"}],"about":[{"href":"https:\/\/www.hydraulic-cylinders.net\/sv\/wp-json\/wp\/v2\/types\/product"}],"replies":[{"embeddable":true,"href":"https:\/\/www.hydraulic-cylinders.net\/sv\/wp-json\/wp\/v2\/comments?post=15201"}],"wp:featuredmedia":[{"embeddable":true,"href":"https:\/\/www.hydraulic-cylinders.net\/sv\/wp-json\/wp\/v2\/media\/14773"}],"wp:attachment":[{"href":"https:\/\/www.hydraulic-cylinders.net\/sv\/wp-json\/wp\/v2\/media?parent=15201"}],"wp:term":[{"taxonomy":"product_brand","embeddable":true,"href":"https:\/\/www.hydraulic-cylinders.net\/sv\/wp-json\/wp\/v2\/product_brand?post=15201"},{"taxonomy":"product_cat","embeddable":true,"href":"https:\/\/www.hydraulic-cylinders.net\/sv\/wp-json\/wp\/v2\/product_cat?post=15201"},{"taxonomy":"product_tag","embeddable":true,"href":"https:\/\/www.hydraulic-cylinders.net\/sv\/wp-json\/wp\/v2\/product_tag?post=15201"}],"curies":[{"name":"wp","href":"https:\/\/api.w.org\/{rel}","templated":true}]}}